{"id":33048,"date":"2025-07-06T16:32:53","date_gmt":"2025-07-06T16:32:53","guid":{"rendered":"https:\/\/chacrys.com\/kristalyok\/angel-aura-quartz-crystal-jelentese-elonyei-gyogyito-tulajdonsagai-es-felhasznalasa\/"},"modified":"2025-07-06T16:34:05","modified_gmt":"2025-07-06T16:34:05","slug":"angel-aura-quartz-crystal-jelentese-elonyei-gyogyito-tulajdonsagai-es-felhasznalasa","status":"publish","type":"page","link":"https:\/\/chacrys.com\/hu\/kristalyok\/angel-aura-quartz-crystal-jelentese-elonyei-gyogyito-tulajdonsagai-es-felhasznalasa\/","title":{"rendered":"Angel Aura Quartz Crystal &#8211; jelent\u00e9se, el\u0151nyei, gy\u00f3gy\u00edt\u00f3 tulajdons\u00e1gai \u00e9s felhaszn\u00e1l\u00e1sa"},"content":{"rendered":"<h2 style=\"font-size:28px\">Mi az Angel Aura Quartz?<\/h2>\n<div style=\"font-size:22px\">K\u00e9pzelje el a k\u00f6z\u00f6ns\u00e9ges tiszta kvarcot foly\u00e9kony holdf\u00e9nybe m\u00e1rtva \u00e9s prizm\u00e1s harmattal porozva &#8211; ez az Angel Aura Quartz. A brazil hegyikrist\u00e1ly alapja egy v\u00e1kuumkamr\u00e1ba ker\u00fcl, ahol suttog\u00f3an v\u00e9kony platina- \u00e9s ez\u00fcstmolekul\u00e1k k\u00f6t\u0151dnek a felsz\u00ednhez, egyes\u00edtve a tudom\u00e1nyt a csillog\u00f3 alk\u00edmi\u00e1val. A kezel\u00e9s nem csup\u00e1n bevonatot k\u00e9pez, hanem p\u00e1rologtat, \u00edgy a sziv\u00e1rv\u00e1ny akkor is megmarad, ha a k\u00f6vet csiszolj\u00e1k vagy f\u00farj\u00e1k. Az \u00fcgyfelek n\u00e9ha elkomorulnak a &#8222;kezelt&#8221; sz\u00f3 hallat\u00e1n, de eml\u00e9keztetem \u0151ket: minden ametiszt egykor sima kvarc volt, am\u00edg a bolyg\u00f3 be nem sug\u00e1rozta. Ennek a k\u0151nek a var\u00e1zsa f\u00e9lig geol\u00f3giai t\u00fcrelem, f\u00e9lig emberi k\u00edv\u00e1ncsis\u00e1g.    <\/div>\n<h2 style=\"font-size:28px\">Az Angel Aura Quartz el\u0151nyei<\/h2>\n<div style=\"font-size:22px\">\u00c1tadtam egy miniat\u0171r klasztert Julesnak, egy ki\u00e9gett grafikusnak. Azt mondta, hogy a pasztellsz\u00edn\u0171 villan\u00e1s olyan volt, mint a &#8222;vattacukros mennyd\u00f6rg\u00e9s&#8221;, \u00e9s napokon bel\u00fcl arr\u00f3l sz\u00e1molt be, hogy kevesebb lett a v\u00e9szj\u00f3sl\u00f3 \u00e9jszaka, \u00e9s szel\u00eddebb lett az \u00f6nbesz\u00e9de. A gyakorl\u00f3k szerint az Angel Aura feloldja a borong\u00e1st, feler\u0151s\u00edti a medit\u00e1ci\u00f3kat, \u00e9s megjav\u00edtja a bizalmi lyukakat. Az emberek azt \u00edrj\u00e1k, hogy az \u00e9rzelmek lecsillapodnak, ahogy az es\u0151 ut\u00e1n az iszap les\u00fcllyed, \u00e9s az intuit\u00edv meg\u00e9rz\u00e9sek tiszt\u00e1n emelkednek fel. Anekdotikus, igen &#8211; teh\u00e1t tartsa meg a terapeut\u00e1j\u00e1t \u00e9s a tervez\u0151j\u00e9t.    <\/div>\n<h2 style=\"font-size:28px\"><span data-sheets-root=\"1\">Hogyan kell haszn\u00e1lni az Angel Aura Quartz-ot?<\/span><\/h2>\n<div style=\"font-size:22px\">L\u00e9gz\u00e9s k\u00f6zben \u00fagy sz\u00f6gelj\u00fck a f\u00fcrt\u00f6t, hogy a napf\u00e9ny visszaver\u0151dj\u00f6n a szemh\u00e9jakon; a sz\u00ednek t\u00e1nca mozg\u00f3 drishtiv\u00e9 v\u00e1lik. Ragasszon egy kis kabokont a telefon tokj\u00e1ra: minden \u00e9rtes\u00edt\u00e9s egy apr\u00f3 spektrumot t\u00fckr\u00f6z, arra \u00f6szt\u00f6n\u00f6zve, hogy ellen\u0151rizze a sz\u00e1nd\u00e9kot, miel\u0151tt belevetn\u00e9 mag\u00e1t az alkalmaz\u00e1sokba. A p\u00e1rok p\u00e1rbesz\u00e9d\u00e9hez helyezzen egy pontot a sz\u00e9kek k\u00f6z\u00e9; iriz\u00e1l\u00f3 f\u00e9nye eloszlatja a fesz\u00fclts\u00e9get &#8211; a vit\u00e1k tomp\u00e1nak t\u0171nnek, mintha a falak elnyeln\u00e9k a visszhangot. A napl\u00f3\u00edr\u00f3k sziv\u00e1rv\u00e1nyokat rajzolhatnak a pap\u00edr marg\u00f3j\u00e1n, \u00e9s felsz\u00ednre ker\u00fcl\u0151 megl\u00e1t\u00e1sokat jegyzetelhetnek.   <\/div>\n<h2 style=\"font-size:28px\">Az Angel Aura Quartz gy\u00f3gy\u00edt\u00f3 tulajdons\u00e1gai<\/h2>\n<div style=\"font-size:22px\">Iriz\u00e1l\u00f3 pasztellsz\u00ednek, amelyek a babar\u00f3zsasz\u00ednt\u0151l a sarkvid\u00e9ki k\u00e9kig terjednek. Kem\u00e9nys\u00e9g 7; a mag k\u00e9miai \u00f6sszet\u00e9tele SiO\u2082 plusz mikronos r\u00e9teg platina-ez\u00fcst \u00f6tv\u00f6zet. F\u0151bb forr\u00e1sok: Arkansas, Minas Gerais, Madagaszk\u00e1r, amerikai vagy n\u00e9met laborat\u00f3riumokban bevont kvarc. Kulcsszavak a k\u00f6r\u00f6kben: felemelked\u00e9s, \u00e9teri r\u00e1hangol\u00f3d\u00e1s, sziv\u00e1rv\u00e1nyh\u00edd.   <\/div>\n<h2 style=\"font-size:28px\"><span data-sheets-root=\"1\">Angel Aura Quartz tiszt\u00edt\u00e1sa \u00e9s karbantart\u00e1sa<\/span><\/h2>\n<div style=\"font-size:22px\">Hagyja ki a s\u00f3t vagy a s\u00farol\u00f3szereket &#8211; a f\u00e9mf\u00f3lia megkophat. Gyorsan \u00f6bl\u00edtse le langyos v\u00edzzel, t\u00f6r\u00f6lje sz\u00e1razra, \u00e9s hagyja a f\u00fcrt\u00f6t negyed\u00f3r\u00e1n \u00e1t l\u00e9legezni a hajnali f\u00e9nyben; a t\u00fal sok nap eltomp\u00edthatja a f\u00e9nyt. A hangulat felfriss\u00edt\u00e9s\u00e9hez cs\u00f6ngessen meg egy s\u00e1rgar\u00e9z harangot a k\u00f6zelben &#8211; a f\u00e9mes felhangok gy\u00f6ny\u00f6r\u0171en harmoniz\u00e1lnak. T\u00e1rolja selyembe csomagolva, t\u00e1vol a kem\u00e9nyebb k\u00f6vekt\u0151l.   <\/div>\n","protected":false},"excerpt":{"rendered":"<p>Mi az Angel Aura Quartz? K\u00e9pzelje el a k\u00f6z\u00f6ns\u00e9ges tiszta kvarcot foly\u00e9kony holdf\u00e9nybe m\u00e1rtva \u00e9s prizm\u00e1s harmattal porozva &#8211; ez<\/p>\n","protected":false},"author":1,"featured_media":0,"parent":33019,"menu_order":0,"comment_status":"closed","ping_status":"closed","template":"","meta":{"footnotes":""},"class_list":["post-33048","page","type-page","status-publish","hentry"],"yoast_head":"<!-- This site is optimized with the Yoast SEO plugin v27.4 - https:\/\/yoast.com\/product\/yoast-seo-wordpress\/ -->\n<title>Angel Aura Quartz Crystal - jelent\u00e9se, el\u0151nyei, gy\u00f3gy\u00edt\u00f3 tulajdons\u00e1gai \u00e9s felhaszn\u00e1l\u00e1sa - Chacrys<\/title>\n<meta name=\"robots\" content=\"index, follow, max-snippet:-1, max-image-preview:large, max-video-preview:-1\" \/>\n<link rel=\"canonical\" href=\"https:\/\/chacrys.com\/hu\/kristalyok\/angel-aura-quartz-crystal-jelentese-elonyei-gyogyito-tulajdonsagai-es-felhasznalasa\/\" \/>\n<meta property=\"og:locale\" content=\"hu_HU\" \/>\n<meta property=\"og:type\" content=\"article\" \/>\n<meta property=\"og:title\" content=\"Angel Aura Quartz Crystal - jelent\u00e9se, el\u0151nyei, gy\u00f3gy\u00edt\u00f3 tulajdons\u00e1gai \u00e9s felhaszn\u00e1l\u00e1sa - Chacrys\" \/>\n<meta property=\"og:description\" content=\"Mi az Angel Aura Quartz? K\u00e9pzelje el a k\u00f6z\u00f6ns\u00e9ges tiszta kvarcot foly\u00e9kony holdf\u00e9nybe m\u00e1rtva \u00e9s prizm\u00e1s harmattal porozva &#8211; ez\" \/>\n<meta property=\"og:url\" content=\"https:\/\/chacrys.com\/hu\/kristalyok\/angel-aura-quartz-crystal-jelentese-elonyei-gyogyito-tulajdonsagai-es-felhasznalasa\/\" \/>\n<meta property=\"og:site_name\" content=\"Chacrys\" \/>\n<meta property=\"article:publisher\" content=\"https:\/\/www.facebook.com\/chacryscrystal\" \/>\n<meta property=\"article:modified_time\" content=\"2025-07-06T16:34:05+00:00\" \/>\n<meta name=\"twitter:card\" content=\"summary_large_image\" \/>\n<meta name=\"twitter:label1\" content=\"Becs\u00fclt olvas\u00e1si id\u0151\" \/>\n\t<meta name=\"twitter:data1\" content=\"3 perc\" \/>\n<script type=\"application\/ld+json\" class=\"yoast-schema-graph\">{\"@context\":\"https:\\\/\\\/schema.org\",\"@graph\":[{\"@type\":\"WebPage\",\"@id\":\"https:\\\/\\\/chacrys.com\\\/hu\\\/kristalyok\\\/angel-aura-quartz-crystal-jelentese-elonyei-gyogyito-tulajdonsagai-es-felhasznalasa\\\/\",\"url\":\"https:\\\/\\\/chacrys.com\\\/hu\\\/kristalyok\\\/angel-aura-quartz-crystal-jelentese-elonyei-gyogyito-tulajdonsagai-es-felhasznalasa\\\/\",\"name\":\"Angel Aura Quartz Crystal - jelent\u00e9se, el\u0151nyei, gy\u00f3gy\u00edt\u00f3 tulajdons\u00e1gai \u00e9s felhaszn\u00e1l\u00e1sa - Chacrys\",\"isPartOf\":{\"@id\":\"https:\\\/\\\/chacrys.com\\\/hu\\\/#website\"},\"datePublished\":\"2025-07-06T16:32:53+00:00\",\"dateModified\":\"2025-07-06T16:34:05+00:00\",\"breadcrumb\":{\"@id\":\"https:\\\/\\\/chacrys.com\\\/hu\\\/kristalyok\\\/angel-aura-quartz-crystal-jelentese-elonyei-gyogyito-tulajdonsagai-es-felhasznalasa\\\/#breadcrumb\"},\"inLanguage\":\"hu\",\"potentialAction\":[{\"@type\":\"ReadAction\",\"target\":[\"https:\\\/\\\/chacrys.com\\\/hu\\\/kristalyok\\\/angel-aura-quartz-crystal-jelentese-elonyei-gyogyito-tulajdonsagai-es-felhasznalasa\\\/\"]}]},{\"@type\":\"BreadcrumbList\",\"@id\":\"https:\\\/\\\/chacrys.com\\\/hu\\\/kristalyok\\\/angel-aura-quartz-crystal-jelentese-elonyei-gyogyito-tulajdonsagai-es-felhasznalasa\\\/#breadcrumb\",\"itemListElement\":[{\"@type\":\"ListItem\",\"position\":1,\"name\":\"Home\",\"item\":\"https:\\\/\\\/chacrys.com\\\/hu\\\/\"},{\"@type\":\"ListItem\",\"position\":2,\"name\":\"Krist\u00e1lyok\",\"item\":\"https:\\\/\\\/chacrys.com\\\/hu\\\/kristalyok\\\/\"},{\"@type\":\"ListItem\",\"position\":3,\"name\":\"Angel Aura Quartz Crystal &#8211; jelent\u00e9se, el\u0151nyei, gy\u00f3gy\u00edt\u00f3 tulajdons\u00e1gai \u00e9s felhaszn\u00e1l\u00e1sa\"}]},{\"@type\":\"WebSite\",\"@id\":\"https:\\\/\\\/chacrys.com\\\/hu\\\/#website\",\"url\":\"https:\\\/\\\/chacrys.com\\\/hu\\\/\",\"name\":\"Chacrys\",\"description\":\"Chacrys\",\"publisher\":{\"@id\":\"https:\\\/\\\/chacrys.com\\\/hu\\\/#organization\"},\"potentialAction\":[{\"@type\":\"SearchAction\",\"target\":{\"@type\":\"EntryPoint\",\"urlTemplate\":\"https:\\\/\\\/chacrys.com\\\/hu\\\/?s={search_term_string}\"},\"query-input\":{\"@type\":\"PropertyValueSpecification\",\"valueRequired\":true,\"valueName\":\"search_term_string\"}}],\"inLanguage\":\"hu\"},{\"@type\":\"Organization\",\"@id\":\"https:\\\/\\\/chacrys.com\\\/hu\\\/#organization\",\"name\":\"Chacrys\",\"url\":\"https:\\\/\\\/chacrys.com\\\/hu\\\/\",\"logo\":{\"@type\":\"ImageObject\",\"inLanguage\":\"hu\",\"@id\":\"https:\\\/\\\/chacrys.com\\\/hu\\\/#\\\/schema\\\/logo\\\/image\\\/\",\"url\":\"https:\\\/\\\/chacrys.com\\\/wp-content\\\/uploads\\\/2024\\\/11\\\/cropped-FRANJULIA-6.png\",\"contentUrl\":\"https:\\\/\\\/chacrys.com\\\/wp-content\\\/uploads\\\/2024\\\/11\\\/cropped-FRANJULIA-6.png\",\"width\":512,\"height\":512,\"caption\":\"Chacrys\"},\"image\":{\"@id\":\"https:\\\/\\\/chacrys.com\\\/hu\\\/#\\\/schema\\\/logo\\\/image\\\/\"},\"sameAs\":[\"https:\\\/\\\/www.facebook.com\\\/chacryscrystal\",\"https:\\\/\\\/www.instagram.com\\\/chacrys\\\/\",\"https:\\\/\\\/www.pinterest.com\\\/chacryscrystalbed\\\/\",\"https:\\\/\\\/www.youtube.com\\\/@chacrysofficial9667\"]}]}<\/script>\n<!-- \/ Yoast SEO plugin. -->","yoast_head_json":{"title":"Angel Aura Quartz Crystal - jelent\u00e9se, el\u0151nyei, gy\u00f3gy\u00edt\u00f3 tulajdons\u00e1gai \u00e9s felhaszn\u00e1l\u00e1sa - Chacrys","robots":{"index":"index","follow":"follow","max-snippet":"max-snippet:-1","max-image-preview":"max-image-preview:large","max-video-preview":"max-video-preview:-1"},"canonical":"https:\/\/chacrys.com\/hu\/kristalyok\/angel-aura-quartz-crystal-jelentese-elonyei-gyogyito-tulajdonsagai-es-felhasznalasa\/","og_locale":"hu_HU","og_type":"article","og_title":"Angel Aura Quartz Crystal - jelent\u00e9se, el\u0151nyei, gy\u00f3gy\u00edt\u00f3 tulajdons\u00e1gai \u00e9s felhaszn\u00e1l\u00e1sa - Chacrys","og_description":"Mi az Angel Aura Quartz? K\u00e9pzelje el a k\u00f6z\u00f6ns\u00e9ges tiszta kvarcot foly\u00e9kony holdf\u00e9nybe m\u00e1rtva \u00e9s prizm\u00e1s harmattal porozva &#8211; ez","og_url":"https:\/\/chacrys.com\/hu\/kristalyok\/angel-aura-quartz-crystal-jelentese-elonyei-gyogyito-tulajdonsagai-es-felhasznalasa\/","og_site_name":"Chacrys","article_publisher":"https:\/\/www.facebook.com\/chacryscrystal","article_modified_time":"2025-07-06T16:34:05+00:00","twitter_card":"summary_large_image","twitter_misc":{"Becs\u00fclt olvas\u00e1si id\u0151":"3 perc"},"schema":{"@context":"https:\/\/schema.org","@graph":[{"@type":"WebPage","@id":"https:\/\/chacrys.com\/hu\/kristalyok\/angel-aura-quartz-crystal-jelentese-elonyei-gyogyito-tulajdonsagai-es-felhasznalasa\/","url":"https:\/\/chacrys.com\/hu\/kristalyok\/angel-aura-quartz-crystal-jelentese-elonyei-gyogyito-tulajdonsagai-es-felhasznalasa\/","name":"Angel Aura Quartz Crystal - jelent\u00e9se, el\u0151nyei, gy\u00f3gy\u00edt\u00f3 tulajdons\u00e1gai \u00e9s felhaszn\u00e1l\u00e1sa - Chacrys","isPartOf":{"@id":"https:\/\/chacrys.com\/hu\/#website"},"datePublished":"2025-07-06T16:32:53+00:00","dateModified":"2025-07-06T16:34:05+00:00","breadcrumb":{"@id":"https:\/\/chacrys.com\/hu\/kristalyok\/angel-aura-quartz-crystal-jelentese-elonyei-gyogyito-tulajdonsagai-es-felhasznalasa\/#breadcrumb"},"inLanguage":"hu","potentialAction":[{"@type":"ReadAction","target":["https:\/\/chacrys.com\/hu\/kristalyok\/angel-aura-quartz-crystal-jelentese-elonyei-gyogyito-tulajdonsagai-es-felhasznalasa\/"]}]},{"@type":"BreadcrumbList","@id":"https:\/\/chacrys.com\/hu\/kristalyok\/angel-aura-quartz-crystal-jelentese-elonyei-gyogyito-tulajdonsagai-es-felhasznalasa\/#breadcrumb","itemListElement":[{"@type":"ListItem","position":1,"name":"Home","item":"https:\/\/chacrys.com\/hu\/"},{"@type":"ListItem","position":2,"name":"Krist\u00e1lyok","item":"https:\/\/chacrys.com\/hu\/kristalyok\/"},{"@type":"ListItem","position":3,"name":"Angel Aura Quartz Crystal &#8211; jelent\u00e9se, el\u0151nyei, gy\u00f3gy\u00edt\u00f3 tulajdons\u00e1gai \u00e9s felhaszn\u00e1l\u00e1sa"}]},{"@type":"WebSite","@id":"https:\/\/chacrys.com\/hu\/#website","url":"https:\/\/chacrys.com\/hu\/","name":"Chacrys","description":"Chacrys","publisher":{"@id":"https:\/\/chacrys.com\/hu\/#organization"},"potentialAction":[{"@type":"SearchAction","target":{"@type":"EntryPoint","urlTemplate":"https:\/\/chacrys.com\/hu\/?s={search_term_string}"},"query-input":{"@type":"PropertyValueSpecification","valueRequired":true,"valueName":"search_term_string"}}],"inLanguage":"hu"},{"@type":"Organization","@id":"https:\/\/chacrys.com\/hu\/#organization","name":"Chacrys","url":"https:\/\/chacrys.com\/hu\/","logo":{"@type":"ImageObject","inLanguage":"hu","@id":"https:\/\/chacrys.com\/hu\/#\/schema\/logo\/image\/","url":"https:\/\/chacrys.com\/wp-content\/uploads\/2024\/11\/cropped-FRANJULIA-6.png","contentUrl":"https:\/\/chacrys.com\/wp-content\/uploads\/2024\/11\/cropped-FRANJULIA-6.png","width":512,"height":512,"caption":"Chacrys"},"image":{"@id":"https:\/\/chacrys.com\/hu\/#\/schema\/logo\/image\/"},"sameAs":["https:\/\/www.facebook.com\/chacryscrystal","https:\/\/www.instagram.com\/chacrys\/","https:\/\/www.pinterest.com\/chacryscrystalbed\/","https:\/\/www.youtube.com\/@chacrysofficial9667"]}]}},"_links":{"self":[{"href":"https:\/\/chacrys.com\/hu\/wp-json\/wp\/v2\/pages\/33048","targetHints":{"allow":["GET"]}}],"collection":[{"href":"https:\/\/chacrys.com\/hu\/wp-json\/wp\/v2\/pages"}],"about":[{"href":"https:\/\/chacrys.com\/hu\/wp-json\/wp\/v2\/types\/page"}],"author":[{"embeddable":true,"href":"https:\/\/chacrys.com\/hu\/wp-json\/wp\/v2\/users\/1"}],"replies":[{"embeddable":true,"href":"https:\/\/chacrys.com\/hu\/wp-json\/wp\/v2\/comments?post=33048"}],"version-history":[{"count":1,"href":"https:\/\/chacrys.com\/hu\/wp-json\/wp\/v2\/pages\/33048\/revisions"}],"predecessor-version":[{"id":33406,"href":"https:\/\/chacrys.com\/hu\/wp-json\/wp\/v2\/pages\/33048\/revisions\/33406"}],"up":[{"embeddable":true,"href":"https:\/\/chacrys.com\/hu\/wp-json\/wp\/v2\/pages\/33019"}],"wp:attachment":[{"href":"https:\/\/chacrys.com\/hu\/wp-json\/wp\/v2\/media?parent=33048"}],"curies":[{"name":"wp","href":"https:\/\/api.w.org\/{rel}","templated":true}]}}