{"id":33047,"date":"2025-07-06T16:32:53","date_gmt":"2025-07-06T16:32:53","guid":{"rendered":"https:\/\/chacrys.com\/kristalyok\/angelite-crystal-jelentese-elonyei-gyogyito-tulajdonsagok-es-hogyan-kell-hasznalni\/"},"modified":"2025-07-06T16:33:58","modified_gmt":"2025-07-06T16:33:58","slug":"angelite-crystal-jelentese-elonyei-gyogyito-tulajdonsagok-es-hogyan-kell-hasznalni","status":"publish","type":"page","link":"https:\/\/chacrys.com\/hu\/kristalyok\/angelite-crystal-jelentese-elonyei-gyogyito-tulajdonsagok-es-hogyan-kell-hasznalni\/","title":{"rendered":"Angelite Crystal &#8211; jelent\u00e9se, el\u0151nyei, gy\u00f3gy\u00edt\u00f3 tulajdons\u00e1gok \u00e9s hogyan kell haszn\u00e1lni"},"content":{"rendered":"<h2 style=\"font-size:28px\">Mi az az Angelite?<\/h2>\n<div style=\"font-size:22px\">Emelj fel egy t\u00f6mb\u00f6t a d\u00e9li \u00e9gboltb\u00f3l, csiszold sim\u00e1ra, \u00e9s m\u00e1ris kezedben tartod az Angelitet. Geol\u00f3giailag anhidrit kalcium-szulf\u00e1t, amely akkor keletkezik, amikor a gipsz elvesz\u00edti a nedvess\u00e9get \u00e9s megkem\u00e9nyedik. Ez a sz\u00e1razs\u00e1g paradox m\u00f3don puh\u00e1v\u00e1 teszi a krist\u00e1lyt; ha lekaparjuk, m\u00e9szk\u0151port kaparunk fel bel\u0151le. Az Angelitet el\u0151sz\u00f6r Peru kop\u00e1r Andok-fenns\u00edkjain b\u00e1ny\u00e1szt\u00e1k, \u00e9s olyan, mint egy csendes, magashegyi szell\u0151, amelyet k\u0151be foglaltak.   <\/div>\n<h2 style=\"font-size:28px\">Az Angelite el\u0151nyei<\/h2>\n<div style=\"font-size:22px\">A gy\u00e1sztan\u00e1csad\u00f3i k\u00f6r\u00f6k sor\u00e1n egy Angelit p\u00e1lmak\u00f6vet adok k\u00f6rbe. H\u0171v\u00f6s, toj\u00e1sh\u00e9jszer\u0171 fel\u00fclete mintha bel\u00e9legezn\u00e9 a zokog\u00e1st \u00e9s kif\u00fajn\u00e1 a kim\u00e9rt l\u00e9legzetv\u00e9teleket. A haszn\u00e1l\u00f3k arr\u00f3l sz\u00e1molnak be, hogy enyh\u00fclt a torokszor\u00edt\u00e1s, kedvesebb bels\u0151 p\u00e1rbesz\u00e9det folytatnak, \u00e9s b\u00e1trabban tudnak seg\u00edts\u00e9get k\u00e9rni &#8211; ami sok gondoz\u00f3 sz\u00e1m\u00e1ra makacs akad\u00e1ly. Egyes energiamunk\u00e1sok szerint a finom vezet\u0151kre hangolja a tudatoss\u00e1got; a szkeptikusok egyszer\u0171en csak azt veszik \u00e9szre, hogy jobban figyelnek. Ak\u00e1rhogy is, a nyugalom n\u00f6vekszik.    <\/div>\n<h2 style=\"font-size:28px\"><span data-sheets-root=\"1\">Hogyan haszn\u00e1ljuk az Angelite-ot?<\/span><\/h2>\n<div style=\"font-size:22px\">Viselj egy lapos kavicsot a melltart\u00f3p\u00e1ntban vagy az ingzsebben &#8211; a b\u0151r melege megakad\u00e1lyozza, hogy t\u00f6r\u00e9kenny\u00e9 v\u00e1ljon. Lefekv\u00e9skor helyezze az \u00e9jjeliszekr\u00e9nyre egy k\u00e9zzel \u00edrt aggodalomra; k\u00e9pzelje el, hogy a k\u0151 elnyeli a statikus zajt, mik\u00f6zben \u00d6n alszik. Az \u00e9nekesek n\u00e9ha pr\u00f3b\u00e1k el\u0151tt a g\u00e9g\u00e9hez tartj\u00e1k, \u00e9s elk\u00e9pzelik, ahogy a fesz\u00fclts\u00e9g elolvad, mint a j\u00e9g a k\u00e1lyh\u00e1n. A v\u00edz az ellens\u00e9g; holdv\u00edz helyett p\u00e1rologtassa be a leveg\u0151t k\u00f6r\u00fcl\u00f6tte levendula-hidrospray-vel.   <\/div>\n<h2 style=\"font-size:28px\">Az Angelite gy\u00f3gy\u00edt\u00f3 tulajdons\u00e1gai<\/h2>\n<div style=\"font-size:22px\">Sz\u00edn\u00e1rnyalat: galambsz\u00fcrke felh\u0151kkel mosott b\u00edborv\u00f6r\u00f6s; a feh\u00e9r erek \u00fagy fodroz\u00f3dnak, mint a t\u00e1voli kondenzcs\u00edkok. Mohs-kem\u00e9nys\u00e9g 3-3,5 &#8211; finom. \u00d6sszet\u00e9tel: CaSO\u2084, nyomokban mang\u00e1n sz\u00ednez\u00e9kkel. F\u0151bb el\u0151fordul\u00e1si helyek: Peru, Nagy-Britannia, Egyiptom sivatagjai. Energetikai jelszavak: der\u0171s kommunik\u00e1ci\u00f3, gyeng\u00e9d hat\u00e1rok, angyali frekvencia.    <\/div>\n<h2 style=\"font-size:28px\"><span data-sheets-root=\"1\">Angelite tiszt\u00edt\u00e1s \u00e9s karbantart\u00e1s<\/span><\/h2>\n<div style=\"font-size:22px\">Soha ne mer\u00fclj\u00f6n al\u00e1; az Angelite szomjasan t\u00f6rik. Tiszt\u00edtsuk sz\u00e1raz rizzsel vagy c\u00e9drusf\u00fcsttel. Fizikai por eset\u00e9n t\u00f6r\u00f6lje \u00e1t \u00f3vatosan egy alig nedves mikrosz\u00e1las kend\u0151vel, majd azonnal sz\u00e1r\u00edtsa meg. T\u00e1rolja pamutba p\u00e1rn\u00e1zva, p\u00e1r\u00e1s f\u00fcrd\u0151szob\u00e1kt\u00f3l t\u00e1vol. Egy gyors szel\u00e9nit felt\u00f6lt\u00e9s fel\u00e9leszti a nyugodt nyugalm\u00e1t nedvess\u00e9gvesz\u00e9ly n\u00e9lk\u00fcl.    <\/div>\n","protected":false},"excerpt":{"rendered":"<p>Mi az az Angelite? Emelj fel egy t\u00f6mb\u00f6t a d\u00e9li \u00e9gboltb\u00f3l, csiszold sim\u00e1ra, \u00e9s m\u00e1ris kezedben tartod az Angelitet. Geol\u00f3giailag<\/p>\n","protected":false},"author":1,"featured_media":0,"parent":33019,"menu_order":0,"comment_status":"closed","ping_status":"closed","template":"","meta":{"footnotes":""},"class_list":["post-33047","page","type-page","status-publish","hentry"],"yoast_head":"<!-- This site is optimized with the Yoast SEO plugin v27.5 - https:\/\/yoast.com\/product\/yoast-seo-wordpress\/ -->\n<title>Angelite Crystal - jelent\u00e9se, el\u0151nyei, gy\u00f3gy\u00edt\u00f3 tulajdons\u00e1gok \u00e9s hogyan kell haszn\u00e1lni - Chacrys<\/title>\n<meta name=\"robots\" content=\"index, follow, max-snippet:-1, max-image-preview:large, max-video-preview:-1\" \/>\n<link rel=\"canonical\" href=\"https:\/\/chacrys.com\/hu\/kristalyok\/angelite-crystal-jelentese-elonyei-gyogyito-tulajdonsagok-es-hogyan-kell-hasznalni\/\" \/>\n<meta property=\"og:locale\" content=\"hu_HU\" \/>\n<meta property=\"og:type\" content=\"article\" \/>\n<meta property=\"og:title\" content=\"Angelite Crystal - jelent\u00e9se, el\u0151nyei, gy\u00f3gy\u00edt\u00f3 tulajdons\u00e1gok \u00e9s hogyan kell haszn\u00e1lni - Chacrys\" \/>\n<meta property=\"og:description\" content=\"Mi az az Angelite? Emelj fel egy t\u00f6mb\u00f6t a d\u00e9li \u00e9gboltb\u00f3l, csiszold sim\u00e1ra, \u00e9s m\u00e1ris kezedben tartod az Angelitet. Geol\u00f3giailag\" \/>\n<meta property=\"og:url\" content=\"https:\/\/chacrys.com\/hu\/kristalyok\/angelite-crystal-jelentese-elonyei-gyogyito-tulajdonsagok-es-hogyan-kell-hasznalni\/\" \/>\n<meta property=\"og:site_name\" content=\"Chacrys\" \/>\n<meta property=\"article:publisher\" content=\"https:\/\/www.facebook.com\/chacryscrystal\" \/>\n<meta property=\"article:modified_time\" content=\"2025-07-06T16:33:58+00:00\" \/>\n<meta name=\"twitter:card\" content=\"summary_large_image\" \/>\n<meta name=\"twitter:label1\" content=\"Becs\u00fclt olvas\u00e1si id\u0151\" \/>\n\t<meta name=\"twitter:data1\" content=\"2 perc\" \/>\n<script type=\"application\/ld+json\" class=\"yoast-schema-graph\">{\"@context\":\"https:\\\/\\\/schema.org\",\"@graph\":[{\"@type\":\"WebPage\",\"@id\":\"https:\\\/\\\/chacrys.com\\\/hu\\\/kristalyok\\\/angelite-crystal-jelentese-elonyei-gyogyito-tulajdonsagok-es-hogyan-kell-hasznalni\\\/\",\"url\":\"https:\\\/\\\/chacrys.com\\\/hu\\\/kristalyok\\\/angelite-crystal-jelentese-elonyei-gyogyito-tulajdonsagok-es-hogyan-kell-hasznalni\\\/\",\"name\":\"Angelite Crystal - jelent\u00e9se, el\u0151nyei, gy\u00f3gy\u00edt\u00f3 tulajdons\u00e1gok \u00e9s hogyan kell haszn\u00e1lni - Chacrys\",\"isPartOf\":{\"@id\":\"https:\\\/\\\/chacrys.com\\\/hu\\\/#website\"},\"datePublished\":\"2025-07-06T16:32:53+00:00\",\"dateModified\":\"2025-07-06T16:33:58+00:00\",\"breadcrumb\":{\"@id\":\"https:\\\/\\\/chacrys.com\\\/hu\\\/kristalyok\\\/angelite-crystal-jelentese-elonyei-gyogyito-tulajdonsagok-es-hogyan-kell-hasznalni\\\/#breadcrumb\"},\"inLanguage\":\"hu\",\"potentialAction\":[{\"@type\":\"ReadAction\",\"target\":[\"https:\\\/\\\/chacrys.com\\\/hu\\\/kristalyok\\\/angelite-crystal-jelentese-elonyei-gyogyito-tulajdonsagok-es-hogyan-kell-hasznalni\\\/\"]}]},{\"@type\":\"BreadcrumbList\",\"@id\":\"https:\\\/\\\/chacrys.com\\\/hu\\\/kristalyok\\\/angelite-crystal-jelentese-elonyei-gyogyito-tulajdonsagok-es-hogyan-kell-hasznalni\\\/#breadcrumb\",\"itemListElement\":[{\"@type\":\"ListItem\",\"position\":1,\"name\":\"Home\",\"item\":\"https:\\\/\\\/chacrys.com\\\/hu\\\/\"},{\"@type\":\"ListItem\",\"position\":2,\"name\":\"Krist\u00e1lyok\",\"item\":\"https:\\\/\\\/chacrys.com\\\/hu\\\/kristalyok\\\/\"},{\"@type\":\"ListItem\",\"position\":3,\"name\":\"Angelite Crystal &#8211; jelent\u00e9se, el\u0151nyei, gy\u00f3gy\u00edt\u00f3 tulajdons\u00e1gok \u00e9s hogyan kell haszn\u00e1lni\"}]},{\"@type\":\"WebSite\",\"@id\":\"https:\\\/\\\/chacrys.com\\\/hu\\\/#website\",\"url\":\"https:\\\/\\\/chacrys.com\\\/hu\\\/\",\"name\":\"Chacrys\",\"description\":\"Chacrys\",\"publisher\":{\"@id\":\"https:\\\/\\\/chacrys.com\\\/hu\\\/#organization\"},\"potentialAction\":[{\"@type\":\"SearchAction\",\"target\":{\"@type\":\"EntryPoint\",\"urlTemplate\":\"https:\\\/\\\/chacrys.com\\\/hu\\\/?s={search_term_string}\"},\"query-input\":{\"@type\":\"PropertyValueSpecification\",\"valueRequired\":true,\"valueName\":\"search_term_string\"}}],\"inLanguage\":\"hu\"},{\"@type\":\"Organization\",\"@id\":\"https:\\\/\\\/chacrys.com\\\/hu\\\/#organization\",\"name\":\"Chacrys\",\"url\":\"https:\\\/\\\/chacrys.com\\\/hu\\\/\",\"logo\":{\"@type\":\"ImageObject\",\"inLanguage\":\"hu\",\"@id\":\"https:\\\/\\\/chacrys.com\\\/hu\\\/#\\\/schema\\\/logo\\\/image\\\/\",\"url\":\"https:\\\/\\\/chacrys.com\\\/wp-content\\\/uploads\\\/2024\\\/11\\\/cropped-FRANJULIA-6.png\",\"contentUrl\":\"https:\\\/\\\/chacrys.com\\\/wp-content\\\/uploads\\\/2024\\\/11\\\/cropped-FRANJULIA-6.png\",\"width\":512,\"height\":512,\"caption\":\"Chacrys\"},\"image\":{\"@id\":\"https:\\\/\\\/chacrys.com\\\/hu\\\/#\\\/schema\\\/logo\\\/image\\\/\"},\"sameAs\":[\"https:\\\/\\\/www.facebook.com\\\/chacryscrystal\",\"https:\\\/\\\/www.instagram.com\\\/chacrys\\\/\",\"https:\\\/\\\/www.pinterest.com\\\/chacryscrystalbed\\\/\",\"https:\\\/\\\/www.youtube.com\\\/@chacrysofficial9667\"]}]}<\/script>\n<!-- \/ Yoast SEO plugin. -->","yoast_head_json":{"title":"Angelite Crystal - jelent\u00e9se, el\u0151nyei, gy\u00f3gy\u00edt\u00f3 tulajdons\u00e1gok \u00e9s hogyan kell haszn\u00e1lni - Chacrys","robots":{"index":"index","follow":"follow","max-snippet":"max-snippet:-1","max-image-preview":"max-image-preview:large","max-video-preview":"max-video-preview:-1"},"canonical":"https:\/\/chacrys.com\/hu\/kristalyok\/angelite-crystal-jelentese-elonyei-gyogyito-tulajdonsagok-es-hogyan-kell-hasznalni\/","og_locale":"hu_HU","og_type":"article","og_title":"Angelite Crystal - jelent\u00e9se, el\u0151nyei, gy\u00f3gy\u00edt\u00f3 tulajdons\u00e1gok \u00e9s hogyan kell haszn\u00e1lni - Chacrys","og_description":"Mi az az Angelite? Emelj fel egy t\u00f6mb\u00f6t a d\u00e9li \u00e9gboltb\u00f3l, csiszold sim\u00e1ra, \u00e9s m\u00e1ris kezedben tartod az Angelitet. Geol\u00f3giailag","og_url":"https:\/\/chacrys.com\/hu\/kristalyok\/angelite-crystal-jelentese-elonyei-gyogyito-tulajdonsagok-es-hogyan-kell-hasznalni\/","og_site_name":"Chacrys","article_publisher":"https:\/\/www.facebook.com\/chacryscrystal","article_modified_time":"2025-07-06T16:33:58+00:00","twitter_card":"summary_large_image","twitter_misc":{"Becs\u00fclt olvas\u00e1si id\u0151":"2 perc"},"schema":{"@context":"https:\/\/schema.org","@graph":[{"@type":"WebPage","@id":"https:\/\/chacrys.com\/hu\/kristalyok\/angelite-crystal-jelentese-elonyei-gyogyito-tulajdonsagok-es-hogyan-kell-hasznalni\/","url":"https:\/\/chacrys.com\/hu\/kristalyok\/angelite-crystal-jelentese-elonyei-gyogyito-tulajdonsagok-es-hogyan-kell-hasznalni\/","name":"Angelite Crystal - jelent\u00e9se, el\u0151nyei, gy\u00f3gy\u00edt\u00f3 tulajdons\u00e1gok \u00e9s hogyan kell haszn\u00e1lni - Chacrys","isPartOf":{"@id":"https:\/\/chacrys.com\/hu\/#website"},"datePublished":"2025-07-06T16:32:53+00:00","dateModified":"2025-07-06T16:33:58+00:00","breadcrumb":{"@id":"https:\/\/chacrys.com\/hu\/kristalyok\/angelite-crystal-jelentese-elonyei-gyogyito-tulajdonsagok-es-hogyan-kell-hasznalni\/#breadcrumb"},"inLanguage":"hu","potentialAction":[{"@type":"ReadAction","target":["https:\/\/chacrys.com\/hu\/kristalyok\/angelite-crystal-jelentese-elonyei-gyogyito-tulajdonsagok-es-hogyan-kell-hasznalni\/"]}]},{"@type":"BreadcrumbList","@id":"https:\/\/chacrys.com\/hu\/kristalyok\/angelite-crystal-jelentese-elonyei-gyogyito-tulajdonsagok-es-hogyan-kell-hasznalni\/#breadcrumb","itemListElement":[{"@type":"ListItem","position":1,"name":"Home","item":"https:\/\/chacrys.com\/hu\/"},{"@type":"ListItem","position":2,"name":"Krist\u00e1lyok","item":"https:\/\/chacrys.com\/hu\/kristalyok\/"},{"@type":"ListItem","position":3,"name":"Angelite Crystal &#8211; jelent\u00e9se, el\u0151nyei, gy\u00f3gy\u00edt\u00f3 tulajdons\u00e1gok \u00e9s hogyan kell haszn\u00e1lni"}]},{"@type":"WebSite","@id":"https:\/\/chacrys.com\/hu\/#website","url":"https:\/\/chacrys.com\/hu\/","name":"Chacrys","description":"Chacrys","publisher":{"@id":"https:\/\/chacrys.com\/hu\/#organization"},"potentialAction":[{"@type":"SearchAction","target":{"@type":"EntryPoint","urlTemplate":"https:\/\/chacrys.com\/hu\/?s={search_term_string}"},"query-input":{"@type":"PropertyValueSpecification","valueRequired":true,"valueName":"search_term_string"}}],"inLanguage":"hu"},{"@type":"Organization","@id":"https:\/\/chacrys.com\/hu\/#organization","name":"Chacrys","url":"https:\/\/chacrys.com\/hu\/","logo":{"@type":"ImageObject","inLanguage":"hu","@id":"https:\/\/chacrys.com\/hu\/#\/schema\/logo\/image\/","url":"https:\/\/chacrys.com\/wp-content\/uploads\/2024\/11\/cropped-FRANJULIA-6.png","contentUrl":"https:\/\/chacrys.com\/wp-content\/uploads\/2024\/11\/cropped-FRANJULIA-6.png","width":512,"height":512,"caption":"Chacrys"},"image":{"@id":"https:\/\/chacrys.com\/hu\/#\/schema\/logo\/image\/"},"sameAs":["https:\/\/www.facebook.com\/chacryscrystal","https:\/\/www.instagram.com\/chacrys\/","https:\/\/www.pinterest.com\/chacryscrystalbed\/","https:\/\/www.youtube.com\/@chacrysofficial9667"]}]}},"_links":{"self":[{"href":"https:\/\/chacrys.com\/hu\/wp-json\/wp\/v2\/pages\/33047","targetHints":{"allow":["GET"]}}],"collection":[{"href":"https:\/\/chacrys.com\/hu\/wp-json\/wp\/v2\/pages"}],"about":[{"href":"https:\/\/chacrys.com\/hu\/wp-json\/wp\/v2\/types\/page"}],"author":[{"embeddable":true,"href":"https:\/\/chacrys.com\/hu\/wp-json\/wp\/v2\/users\/1"}],"replies":[{"embeddable":true,"href":"https:\/\/chacrys.com\/hu\/wp-json\/wp\/v2\/comments?post=33047"}],"version-history":[{"count":1,"href":"https:\/\/chacrys.com\/hu\/wp-json\/wp\/v2\/pages\/33047\/revisions"}],"predecessor-version":[{"id":33399,"href":"https:\/\/chacrys.com\/hu\/wp-json\/wp\/v2\/pages\/33047\/revisions\/33399"}],"up":[{"embeddable":true,"href":"https:\/\/chacrys.com\/hu\/wp-json\/wp\/v2\/pages\/33019"}],"wp:attachment":[{"href":"https:\/\/chacrys.com\/hu\/wp-json\/wp\/v2\/media?parent=33047"}],"curies":[{"name":"wp","href":"https:\/\/api.w.org\/{rel}","templated":true}]}}