{"id":33038,"date":"2025-07-06T16:32:53","date_gmt":"2025-07-06T16:32:53","guid":{"rendered":"https:\/\/chacrys.com\/kristalyok\/apofillit-kristaly-jelentese-elonyei-gyogyito-tulajdonsagai-es-hasznalata\/"},"modified":"2025-07-06T16:34:15","modified_gmt":"2025-07-06T16:34:15","slug":"apofillit-kristaly-jelentese-elonyei-gyogyito-tulajdonsagai-es-hasznalata","status":"publish","type":"page","link":"https:\/\/chacrys.com\/hu\/kristalyok\/apofillit-kristaly-jelentese-elonyei-gyogyito-tulajdonsagai-es-hasznalata\/","title":{"rendered":"Apofillit krist\u00e1ly &#8211; jelent\u00e9se, el\u0151nyei, gy\u00f3gy\u00edt\u00f3 tulajdons\u00e1gai \u00e9s haszn\u00e1lata"},"content":{"rendered":"<h2 style=\"font-size:28px\">Mi az az apofillit?<\/h2>\n<div style=\"font-size:22px\">N\u00e9zz be egy apr\u00f3 j\u00e9gkatedr\u00e1lisba, amely az olvad\u00e1s k\u00f6zep\u00e9n megfagyott &#8211; ez tiszta apofillit. A zeolit zseolitos zsebeiben alakul ki, t\u00f6k\u00e9letes piramisokk\u00e1 n\u0151ve, amelyek kaleidoszk\u00f3pk\u00e9nt t\u00f6rik meg a f\u00e9nyt. Technikailag k\u00e1liumot, kalciumot \u00e9s fluort tartalmaz\u00f3 filoszilik\u00e1t, de az apofillit g\u00f6r\u00f6g neve azt jelenti, hogy &#8222;lev\u00e1lik&#8221;, utalva a gy\u00f6ngyh\u00e1zszer\u0171 hasad\u00e1sra &#8211; egy rossz csapol\u00e1s, \u00e9s a lemezek \u00fagy lev\u00e1lnak, mint a csill\u00e1m. M\u00e9gis, ezek a t\u00f6k\u00e9letlens\u00e9gek ablakk\u00e9nt m\u0171k\u00f6dnek, \u00e9s minden sarkot el\u00e1rasztanak a f\u00e9nnyel.   <\/div>\n<h2 style=\"font-size:28px\">Az apofillit el\u0151nyei<\/h2>\n<div style=\"font-size:22px\">A reiki szob\u00e1kban egy-egy apofillit hegyet egyens\u00falyozok mindk\u00e9t bok\u00e1n; a kliensek le\u00edrj\u00e1k, hogy a v\u00e9gtagok hirtelen s\u00falytalann\u00e1 v\u00e1lnak, mintha a gravit\u00e1ci\u00f3 meglaz\u00edtotta volna a szor\u00edt\u00e1s\u00e1t. T\u00f6rt\u00e9netek kavarognak az asztr\u00e1lis utaz\u00e1sokr\u00f3l \u00e9s az \u00e9les intuit\u00edv let\u00f6lt\u00e9sr\u0151l, de a gyakorlati eredm\u00e9ny a jelen pillanatra val\u00f3 fokozott \u00f6sszpontos\u00edt\u00e1s &#8211; a tennival\u00f3k list\u00e1ja nem megengedett. A migr\u00e9nben szenved\u0151k n\u00e9ha \u00e1tn\u00e9znek a prizm\u00e1j\u00e1n, \u00e9s hagyj\u00e1k, hogy a megt\u00f6r\u0151 sziv\u00e1rv\u00e1nyok elterelj\u00e9k a f\u00e1jdalom \u00fatvonalait. Ne feledje: keresse fel neurol\u00f3gus\u00e1t, mik\u00f6zben krist\u00e1lyokat n\u00e9z.   <\/div>\n<h2 style=\"font-size:28px\"><span data-sheets-root=\"1\">Hogyan kell haszn\u00e1lni az Apophyllite-ot?<\/span><\/h2>\n<div style=\"font-size:22px\">\u00c9p\u00edts\u00fcnk egy mini-h\u00e1l\u00f3zatot: helyezz\u00fck az Apofillitet a k\u00f6z\u00e9ppontba, vegy\u00fck k\u00f6rbe n\u00e9gy feh\u00e9r teaf\u00e9nnyel; medit\u00e1ljunk, am\u00edg a gyerty\u00e1k medenc\u00e9i \u00f6ssze nem olvadnak. A fot\u00f3sok egy kock\u00e1t helyeznek az objekt\u00edvj\u00fck k\u00f6zel\u00e9be; a sz\u00f3rt f\u00e9ny l\u00e1gy\u00edtja a portr\u00e9 vak\u00edt\u00f3 f\u00e9ny\u00e9t. Neh\u00e9z besz\u00e9lget\u00e9sek sor\u00e1n tartsa a piramis cs\u00facs\u00e1t kifel\u00e9 mutatva &#8211; k\u00e9pzelje el, hogy a fesz\u00fclts\u00e9g a cs\u00facson kereszt\u00fcl t\u00e1vozik.  <\/div>\n<h2 style=\"font-size:28px\">Az apofillit gy\u00f3gy\u00edt\u00f3 tulajdons\u00e1gai<\/h2>\n<div style=\"font-size:22px\">Sz\u00ednv\u00e1laszt\u00e9k: v\u00edztiszta, pasztell menta vagy ritka lazac-r\u00f3zsasz\u00edn. Kem\u00e9nys\u00e9g 4,5-5. Fajlagos s\u00falya meglep\u0151en k\u00f6nny\u0171. Els\u0151dleges sz\u00fcretek: Maharashtra (India), Izland, Quebec. C\u00edmk\u00e9k: lelki tisztas\u00e1g, bels\u0151 vil\u00e1g\u00edt\u00f3torony, nyitott csatorna.    <\/div>\n<h2 style=\"font-size:28px\"><span data-sheets-root=\"1\">Apophyllite Tiszt\u00edt\u00e1s \u00e9s karbantart\u00e1s<\/span><\/h2>\n<div style=\"font-size:22px\">V\u00edz\u00e1ll\u00f3, de nedves \u00e1llapotban cs\u00fasz\u00f3s; tartsa egy t\u00e1l f\u00f6l\u00f6tt. Nincs vegyi tiszt\u00edt\u00f3szer &#8211; a sav marja a fazett\u00e1kat. L\u00e9gsz\u00e1r\u00edt\u00e1ssal sz\u00e1r\u00edtsuk meg, majd a csillog\u00e1s fokoz\u00e1sa \u00e9rdek\u00e9ben pihentess\u00fck egy tiszta kvarchalmaz tetej\u00e9n. Mivel a sz\u00e9lek leperegnek, sz\u00e1ll\u00edt\u00e1skor f\u00e9szkelje be a habszivacsba. A teliholdas ragyog\u00e1s nem \u00e1rt neki, de a h\u00f3lyagos naps\u00fct\u00e9s miatt a bels\u0151 reped\u00e9sek kisz\u00e9lesedhetnek.    <\/div>\n","protected":false},"excerpt":{"rendered":"<p>Mi az az apofillit? N\u00e9zz be egy apr\u00f3 j\u00e9gkatedr\u00e1lisba, amely az olvad\u00e1s k\u00f6zep\u00e9n megfagyott &#8211; ez tiszta apofillit. A zeolit<\/p>\n","protected":false},"author":1,"featured_media":0,"parent":33019,"menu_order":0,"comment_status":"closed","ping_status":"closed","template":"","meta":{"footnotes":""},"class_list":["post-33038","page","type-page","status-publish","hentry"],"yoast_head":"<!-- This site is optimized with the Yoast SEO plugin v27.5 - https:\/\/yoast.com\/product\/yoast-seo-wordpress\/ -->\n<title>Apofillit krist\u00e1ly - jelent\u00e9se, el\u0151nyei, gy\u00f3gy\u00edt\u00f3 tulajdons\u00e1gai \u00e9s haszn\u00e1lata - Chacrys<\/title>\n<meta name=\"robots\" content=\"index, follow, max-snippet:-1, max-image-preview:large, max-video-preview:-1\" \/>\n<link rel=\"canonical\" href=\"https:\/\/chacrys.com\/hu\/kristalyok\/apofillit-kristaly-jelentese-elonyei-gyogyito-tulajdonsagai-es-hasznalata\/\" \/>\n<meta property=\"og:locale\" content=\"hu_HU\" \/>\n<meta property=\"og:type\" content=\"article\" \/>\n<meta property=\"og:title\" content=\"Apofillit krist\u00e1ly - jelent\u00e9se, el\u0151nyei, gy\u00f3gy\u00edt\u00f3 tulajdons\u00e1gai \u00e9s haszn\u00e1lata - Chacrys\" \/>\n<meta property=\"og:description\" content=\"Mi az az apofillit? N\u00e9zz be egy apr\u00f3 j\u00e9gkatedr\u00e1lisba, amely az olvad\u00e1s k\u00f6zep\u00e9n megfagyott &#8211; ez tiszta apofillit. A zeolit\" \/>\n<meta property=\"og:url\" content=\"https:\/\/chacrys.com\/hu\/kristalyok\/apofillit-kristaly-jelentese-elonyei-gyogyito-tulajdonsagai-es-hasznalata\/\" \/>\n<meta property=\"og:site_name\" content=\"Chacrys\" \/>\n<meta property=\"article:publisher\" content=\"https:\/\/www.facebook.com\/chacryscrystal\" \/>\n<meta property=\"article:modified_time\" content=\"2025-07-06T16:34:15+00:00\" \/>\n<meta name=\"twitter:card\" content=\"summary_large_image\" \/>\n<meta name=\"twitter:label1\" content=\"Becs\u00fclt olvas\u00e1si id\u0151\" \/>\n\t<meta name=\"twitter:data1\" content=\"2 perc\" \/>\n<script type=\"application\/ld+json\" class=\"yoast-schema-graph\">{\"@context\":\"https:\\\/\\\/schema.org\",\"@graph\":[{\"@type\":\"WebPage\",\"@id\":\"https:\\\/\\\/chacrys.com\\\/hu\\\/kristalyok\\\/apofillit-kristaly-jelentese-elonyei-gyogyito-tulajdonsagai-es-hasznalata\\\/\",\"url\":\"https:\\\/\\\/chacrys.com\\\/hu\\\/kristalyok\\\/apofillit-kristaly-jelentese-elonyei-gyogyito-tulajdonsagai-es-hasznalata\\\/\",\"name\":\"Apofillit krist\u00e1ly - jelent\u00e9se, el\u0151nyei, gy\u00f3gy\u00edt\u00f3 tulajdons\u00e1gai \u00e9s haszn\u00e1lata - Chacrys\",\"isPartOf\":{\"@id\":\"https:\\\/\\\/chacrys.com\\\/hu\\\/#website\"},\"datePublished\":\"2025-07-06T16:32:53+00:00\",\"dateModified\":\"2025-07-06T16:34:15+00:00\",\"breadcrumb\":{\"@id\":\"https:\\\/\\\/chacrys.com\\\/hu\\\/kristalyok\\\/apofillit-kristaly-jelentese-elonyei-gyogyito-tulajdonsagai-es-hasznalata\\\/#breadcrumb\"},\"inLanguage\":\"hu\",\"potentialAction\":[{\"@type\":\"ReadAction\",\"target\":[\"https:\\\/\\\/chacrys.com\\\/hu\\\/kristalyok\\\/apofillit-kristaly-jelentese-elonyei-gyogyito-tulajdonsagai-es-hasznalata\\\/\"]}]},{\"@type\":\"BreadcrumbList\",\"@id\":\"https:\\\/\\\/chacrys.com\\\/hu\\\/kristalyok\\\/apofillit-kristaly-jelentese-elonyei-gyogyito-tulajdonsagai-es-hasznalata\\\/#breadcrumb\",\"itemListElement\":[{\"@type\":\"ListItem\",\"position\":1,\"name\":\"Home\",\"item\":\"https:\\\/\\\/chacrys.com\\\/hu\\\/\"},{\"@type\":\"ListItem\",\"position\":2,\"name\":\"Krist\u00e1lyok\",\"item\":\"https:\\\/\\\/chacrys.com\\\/hu\\\/kristalyok\\\/\"},{\"@type\":\"ListItem\",\"position\":3,\"name\":\"Apofillit krist\u00e1ly &#8211; jelent\u00e9se, el\u0151nyei, gy\u00f3gy\u00edt\u00f3 tulajdons\u00e1gai \u00e9s haszn\u00e1lata\"}]},{\"@type\":\"WebSite\",\"@id\":\"https:\\\/\\\/chacrys.com\\\/hu\\\/#website\",\"url\":\"https:\\\/\\\/chacrys.com\\\/hu\\\/\",\"name\":\"Chacrys\",\"description\":\"Chacrys\",\"publisher\":{\"@id\":\"https:\\\/\\\/chacrys.com\\\/hu\\\/#organization\"},\"potentialAction\":[{\"@type\":\"SearchAction\",\"target\":{\"@type\":\"EntryPoint\",\"urlTemplate\":\"https:\\\/\\\/chacrys.com\\\/hu\\\/?s={search_term_string}\"},\"query-input\":{\"@type\":\"PropertyValueSpecification\",\"valueRequired\":true,\"valueName\":\"search_term_string\"}}],\"inLanguage\":\"hu\"},{\"@type\":\"Organization\",\"@id\":\"https:\\\/\\\/chacrys.com\\\/hu\\\/#organization\",\"name\":\"Chacrys\",\"url\":\"https:\\\/\\\/chacrys.com\\\/hu\\\/\",\"logo\":{\"@type\":\"ImageObject\",\"inLanguage\":\"hu\",\"@id\":\"https:\\\/\\\/chacrys.com\\\/hu\\\/#\\\/schema\\\/logo\\\/image\\\/\",\"url\":\"https:\\\/\\\/chacrys.com\\\/wp-content\\\/uploads\\\/2024\\\/11\\\/cropped-FRANJULIA-6.png\",\"contentUrl\":\"https:\\\/\\\/chacrys.com\\\/wp-content\\\/uploads\\\/2024\\\/11\\\/cropped-FRANJULIA-6.png\",\"width\":512,\"height\":512,\"caption\":\"Chacrys\"},\"image\":{\"@id\":\"https:\\\/\\\/chacrys.com\\\/hu\\\/#\\\/schema\\\/logo\\\/image\\\/\"},\"sameAs\":[\"https:\\\/\\\/www.facebook.com\\\/chacryscrystal\",\"https:\\\/\\\/www.instagram.com\\\/chacrys\\\/\",\"https:\\\/\\\/www.pinterest.com\\\/chacryscrystalbed\\\/\",\"https:\\\/\\\/www.youtube.com\\\/@chacrysofficial9667\"]}]}<\/script>\n<!-- \/ Yoast SEO plugin. -->","yoast_head_json":{"title":"Apofillit krist\u00e1ly - jelent\u00e9se, el\u0151nyei, gy\u00f3gy\u00edt\u00f3 tulajdons\u00e1gai \u00e9s haszn\u00e1lata - Chacrys","robots":{"index":"index","follow":"follow","max-snippet":"max-snippet:-1","max-image-preview":"max-image-preview:large","max-video-preview":"max-video-preview:-1"},"canonical":"https:\/\/chacrys.com\/hu\/kristalyok\/apofillit-kristaly-jelentese-elonyei-gyogyito-tulajdonsagai-es-hasznalata\/","og_locale":"hu_HU","og_type":"article","og_title":"Apofillit krist\u00e1ly - jelent\u00e9se, el\u0151nyei, gy\u00f3gy\u00edt\u00f3 tulajdons\u00e1gai \u00e9s haszn\u00e1lata - Chacrys","og_description":"Mi az az apofillit? N\u00e9zz be egy apr\u00f3 j\u00e9gkatedr\u00e1lisba, amely az olvad\u00e1s k\u00f6zep\u00e9n megfagyott &#8211; ez tiszta apofillit. A zeolit","og_url":"https:\/\/chacrys.com\/hu\/kristalyok\/apofillit-kristaly-jelentese-elonyei-gyogyito-tulajdonsagai-es-hasznalata\/","og_site_name":"Chacrys","article_publisher":"https:\/\/www.facebook.com\/chacryscrystal","article_modified_time":"2025-07-06T16:34:15+00:00","twitter_card":"summary_large_image","twitter_misc":{"Becs\u00fclt olvas\u00e1si id\u0151":"2 perc"},"schema":{"@context":"https:\/\/schema.org","@graph":[{"@type":"WebPage","@id":"https:\/\/chacrys.com\/hu\/kristalyok\/apofillit-kristaly-jelentese-elonyei-gyogyito-tulajdonsagai-es-hasznalata\/","url":"https:\/\/chacrys.com\/hu\/kristalyok\/apofillit-kristaly-jelentese-elonyei-gyogyito-tulajdonsagai-es-hasznalata\/","name":"Apofillit krist\u00e1ly - jelent\u00e9se, el\u0151nyei, gy\u00f3gy\u00edt\u00f3 tulajdons\u00e1gai \u00e9s haszn\u00e1lata - Chacrys","isPartOf":{"@id":"https:\/\/chacrys.com\/hu\/#website"},"datePublished":"2025-07-06T16:32:53+00:00","dateModified":"2025-07-06T16:34:15+00:00","breadcrumb":{"@id":"https:\/\/chacrys.com\/hu\/kristalyok\/apofillit-kristaly-jelentese-elonyei-gyogyito-tulajdonsagai-es-hasznalata\/#breadcrumb"},"inLanguage":"hu","potentialAction":[{"@type":"ReadAction","target":["https:\/\/chacrys.com\/hu\/kristalyok\/apofillit-kristaly-jelentese-elonyei-gyogyito-tulajdonsagai-es-hasznalata\/"]}]},{"@type":"BreadcrumbList","@id":"https:\/\/chacrys.com\/hu\/kristalyok\/apofillit-kristaly-jelentese-elonyei-gyogyito-tulajdonsagai-es-hasznalata\/#breadcrumb","itemListElement":[{"@type":"ListItem","position":1,"name":"Home","item":"https:\/\/chacrys.com\/hu\/"},{"@type":"ListItem","position":2,"name":"Krist\u00e1lyok","item":"https:\/\/chacrys.com\/hu\/kristalyok\/"},{"@type":"ListItem","position":3,"name":"Apofillit krist\u00e1ly &#8211; jelent\u00e9se, el\u0151nyei, gy\u00f3gy\u00edt\u00f3 tulajdons\u00e1gai \u00e9s haszn\u00e1lata"}]},{"@type":"WebSite","@id":"https:\/\/chacrys.com\/hu\/#website","url":"https:\/\/chacrys.com\/hu\/","name":"Chacrys","description":"Chacrys","publisher":{"@id":"https:\/\/chacrys.com\/hu\/#organization"},"potentialAction":[{"@type":"SearchAction","target":{"@type":"EntryPoint","urlTemplate":"https:\/\/chacrys.com\/hu\/?s={search_term_string}"},"query-input":{"@type":"PropertyValueSpecification","valueRequired":true,"valueName":"search_term_string"}}],"inLanguage":"hu"},{"@type":"Organization","@id":"https:\/\/chacrys.com\/hu\/#organization","name":"Chacrys","url":"https:\/\/chacrys.com\/hu\/","logo":{"@type":"ImageObject","inLanguage":"hu","@id":"https:\/\/chacrys.com\/hu\/#\/schema\/logo\/image\/","url":"https:\/\/chacrys.com\/wp-content\/uploads\/2024\/11\/cropped-FRANJULIA-6.png","contentUrl":"https:\/\/chacrys.com\/wp-content\/uploads\/2024\/11\/cropped-FRANJULIA-6.png","width":512,"height":512,"caption":"Chacrys"},"image":{"@id":"https:\/\/chacrys.com\/hu\/#\/schema\/logo\/image\/"},"sameAs":["https:\/\/www.facebook.com\/chacryscrystal","https:\/\/www.instagram.com\/chacrys\/","https:\/\/www.pinterest.com\/chacryscrystalbed\/","https:\/\/www.youtube.com\/@chacrysofficial9667"]}]}},"_links":{"self":[{"href":"https:\/\/chacrys.com\/hu\/wp-json\/wp\/v2\/pages\/33038","targetHints":{"allow":["GET"]}}],"collection":[{"href":"https:\/\/chacrys.com\/hu\/wp-json\/wp\/v2\/pages"}],"about":[{"href":"https:\/\/chacrys.com\/hu\/wp-json\/wp\/v2\/types\/page"}],"author":[{"embeddable":true,"href":"https:\/\/chacrys.com\/hu\/wp-json\/wp\/v2\/users\/1"}],"replies":[{"embeddable":true,"href":"https:\/\/chacrys.com\/hu\/wp-json\/wp\/v2\/comments?post=33038"}],"version-history":[{"count":1,"href":"https:\/\/chacrys.com\/hu\/wp-json\/wp\/v2\/pages\/33038\/revisions"}],"predecessor-version":[{"id":33413,"href":"https:\/\/chacrys.com\/hu\/wp-json\/wp\/v2\/pages\/33038\/revisions\/33413"}],"up":[{"embeddable":true,"href":"https:\/\/chacrys.com\/hu\/wp-json\/wp\/v2\/pages\/33019"}],"wp:attachment":[{"href":"https:\/\/chacrys.com\/hu\/wp-json\/wp\/v2\/media?parent=33038"}],"curies":[{"name":"wp","href":"https:\/\/api.w.org\/{rel}","templated":true}]}}