{"id":33037,"date":"2025-07-06T16:32:53","date_gmt":"2025-07-06T16:32:53","guid":{"rendered":"https:\/\/chacrys.com\/kristalyok\/apatit-kristaly-jelentese-elonyei-gyogyito-tulajdonsagai-es-hasznalata\/"},"modified":"2025-07-06T16:34:07","modified_gmt":"2025-07-06T16:34:07","slug":"apatit-kristaly-jelentese-elonyei-gyogyito-tulajdonsagai-es-hasznalata","status":"publish","type":"page","link":"https:\/\/chacrys.com\/hu\/kristalyok\/apatit-kristaly-jelentese-elonyei-gyogyito-tulajdonsagai-es-hasznalata\/","title":{"rendered":"Apatit krist\u00e1ly &#8211; jelent\u00e9se, el\u0151nyei, gy\u00f3gy\u00edt\u00f3 tulajdons\u00e1gai \u00e9s haszn\u00e1lata"},"content":{"rendered":"<h2 style=\"font-size:28px\">Mi az az apatit?<\/h2>\n<div style=\"font-size:22px\">Az apatit a nev\u00e9t a g\u00f6r\u00f6g apatein, azaz megt\u00e9veszteni sz\u00f3b\u00f3l kapta, mivel turmalinnak, berillnek vagy ak\u00e1r peridotnak \u00e1lc\u00e1zza mag\u00e1t. A legt\u00f6bb krist\u00e1lymunk\u00e1khoz eladott darab neonk\u00e9k karibi-k\u00e9k fluorapatit Madagaszk\u00e1rr\u00f3l sz\u00e1rmazik, b\u00e1r arany, lila vagy mohasz\u00edn\u0171 \u00e1rnyalatokban is \u00e9rkezik. K\u00e9miailag kalcium-foszf\u00e1t &#8211; ugyanaz az \u00e1sv\u00e1ny, amely a csontjainkat er\u0151s\u00edti -, \u00edgy furcsa rokons\u00e1got \u00e9rz\u00fcnk, amikor b\u00f6lcs\u0151be helyezz\u00fck. UV-f\u00e9nyben egyes p\u00e9ld\u00e1nyok \u00fagy vil\u00e1g\u00edtanak, mint a biolumineszcens planktonok, ez a tr\u00fckk mindig j\u00f3 \u00f6t percre megzavarja a workshopjaimat.   <\/div>\n<h2 style=\"font-size:28px\">Az apatit el\u0151nyei<\/h2>\n<div style=\"font-size:22px\">Egy durva rudat adtam N\u00f3r\u00e1nak, a szakdolgozati bizonytalans\u00e1gban elveszett posztgradu\u00e1lisnak. A billenty\u0171zete tetej\u00e9n tartotta; \u00e1ll\u00edt\u00e1sa szerint az \u00e9l\u00e9nk \u00e1rnyalat minden reggel beind\u00edtotta a k\u00edv\u00e1ncsis\u00e1g\u00e1t. A krist\u00e1lyfolkl\u00f3r az \u00e9tv\u00e1gy (\u00e9s az Apatit) elnyom\u00e1s\u00e1t eml\u00edti, de a gyakorlatban l\u00e1ttam, hogy a krist\u00e1ly szellemi \u00e9hs\u00e9get \u00e9breszt &#8211; kutat\u00f3k, programoz\u00f3k, nyelvtanul\u00f3k hirtelen lelkesen \u00fcld\u00f6zik a ny\u00fal\u00fcregeket. Tov\u00e1bbi anekdot\u00e1k k\u00f6z\u00e9 tartozik a torokcsakra tisztas\u00e1ga \u00e9s a s\u00falyemel\u00e9si c\u00e9lok fel\u00e9 val\u00f3 elmozdul\u00e1s; megint csak p\u00e1ros\u00edtsuk a k\u0151munk\u00e1t gyakorlati fegyelemmel.   <\/div>\n<h2 style=\"font-size:28px\"><span data-sheets-root=\"1\">Hogyan haszn\u00e1ljuk az apatitot?<\/span><\/h2>\n<div style=\"font-size:22px\">Az \u00f6tletel\u00e9s sor\u00e1n g\u00f6rgessen meg egy \u00f6sszet\u00f6rt darabot a tenyerei k\u00f6z\u00f6tt &#8211; a h\u0151 hat\u00e1s\u00e1ra a mikrot\u00f6r\u00e9sek szikr\u00e1zni kezdenek, eml\u00e9keztetve arra, hogy az \u00f6tletek t\u00f6rhetnek \u00e9s m\u00e9gis megt\u00f6rhetik a f\u00e9nyt. A sportol\u00f3k egy kavicsot egy csukl\u00f3takar\u00f3ba ragaszthatnak; amikor az izzads\u00e1g hozz\u00e1\u00e9r, a k\u0151 leh\u0171ti a b\u0151rt, \u00e9s tapinthat\u00f3 visszajelz\u00e9st ad a sorozat k\u00f6zep\u00e9n. A megnyilv\u00e1nul\u00e1si t\u00e1bl\u00e1khoz ragasszon egy-egy szeletet minden fel\u00edrt c\u00e9l mell\u00e9; a sz\u00edntudom\u00e1ny azt mondja, hogy a t\u00fcrkizk\u00e9k sz\u00edn a szellemi mozg\u00e9konys\u00e1got serkenti.  <\/div>\n<h2 style=\"font-size:28px\">Az apatit gy\u00f3gy\u00edt\u00f3 tulajdons\u00e1gai<\/h2>\n<div style=\"font-size:22px\">Sz\u00edn: az elektromos teal domin\u00e1l, de a p\u00e9ld\u00e1nyok a citroms\u00e1rg\u00e1t\u00f3l a mocs\u00e1rz\u00f6ldig ingadoznak. Mohs-kem\u00e9nys\u00e9ge 5; leejt\u00e9skor szil\u00e1nkokra t\u00f6rik. K\u00e9plet: Ca\u2085(PO\u2084)\u2083(F,Cl,OH). K\u0151b\u00e1ny\u00e1k: Madagaszk\u00e1r, Ontario, Bahia, Maine. Energetikai r\u00f6vid\u00edt\u00e9s: k\u00edv\u00e1ncsis\u00e1ggy\u00fajt\u00e1s, anyagcsere-t\u0171z, artikul\u00e1lt cselekv\u00e9s.    <\/div>\n<h2 style=\"font-size:28px\"><span data-sheets-root=\"1\">Apatit tiszt\u00edt\u00e1s \u00e9s karbantart\u00e1s<\/span><\/h2>\n<div style=\"font-size:22px\">R\u00f6vid langyos \u00f6bl\u00edt\u00e9s j\u00f3, de ker\u00fclje a kordierit-kem\u00e9ny tiszt\u00edt\u00f3szereket. A t\u00edz percn\u00e9l r\u00f6videbb ideig tart\u00f3 napoz\u00e1s \u00e9l\u00e9nk sz\u00ednt tart; enn\u00e9l hosszabb ideig tart\u00f3 napoz\u00e1s kifakulhat. \u00c9n az eny\u00e9met kaszk\u00e1dz\u00f3 sz\u00e9lcseng\u0151 mellett t\u00f6lt\u00f6m fel &#8211; a f\u00e9m rezg\u00e9se fel\u00e9breszti \u00e9l\u00e9nk szem\u00e9lyis\u00e9g\u00e9t. K\u00fcl\u00f6n csomagoljuk; az apatit karcol\u00f3dik \u00e9s k\u00f6nnyen karcol\u00f3dik.   <\/div>\n","protected":false},"excerpt":{"rendered":"<p>Mi az az apatit? Az apatit a nev\u00e9t a g\u00f6r\u00f6g apatein, azaz megt\u00e9veszteni sz\u00f3b\u00f3l kapta, mivel turmalinnak, berillnek vagy ak\u00e1r<\/p>\n","protected":false},"author":1,"featured_media":0,"parent":33019,"menu_order":0,"comment_status":"closed","ping_status":"closed","template":"","meta":{"footnotes":""},"class_list":["post-33037","page","type-page","status-publish","hentry"],"yoast_head":"<!-- This site is optimized with the Yoast SEO plugin v27.4 - https:\/\/yoast.com\/product\/yoast-seo-wordpress\/ -->\n<title>Apatit krist\u00e1ly - jelent\u00e9se, el\u0151nyei, gy\u00f3gy\u00edt\u00f3 tulajdons\u00e1gai \u00e9s haszn\u00e1lata - Chacrys<\/title>\n<meta name=\"robots\" content=\"index, follow, max-snippet:-1, max-image-preview:large, max-video-preview:-1\" \/>\n<link rel=\"canonical\" href=\"https:\/\/chacrys.com\/hu\/kristalyok\/apatit-kristaly-jelentese-elonyei-gyogyito-tulajdonsagai-es-hasznalata\/\" \/>\n<meta property=\"og:locale\" content=\"hu_HU\" \/>\n<meta property=\"og:type\" content=\"article\" \/>\n<meta property=\"og:title\" content=\"Apatit krist\u00e1ly - jelent\u00e9se, el\u0151nyei, gy\u00f3gy\u00edt\u00f3 tulajdons\u00e1gai \u00e9s haszn\u00e1lata - Chacrys\" \/>\n<meta property=\"og:description\" content=\"Mi az az apatit? Az apatit a nev\u00e9t a g\u00f6r\u00f6g apatein, azaz megt\u00e9veszteni sz\u00f3b\u00f3l kapta, mivel turmalinnak, berillnek vagy ak\u00e1r\" \/>\n<meta property=\"og:url\" content=\"https:\/\/chacrys.com\/hu\/kristalyok\/apatit-kristaly-jelentese-elonyei-gyogyito-tulajdonsagai-es-hasznalata\/\" \/>\n<meta property=\"og:site_name\" content=\"Chacrys\" \/>\n<meta property=\"article:publisher\" content=\"https:\/\/www.facebook.com\/chacryscrystal\" \/>\n<meta property=\"article:modified_time\" content=\"2025-07-06T16:34:07+00:00\" \/>\n<meta name=\"twitter:card\" content=\"summary_large_image\" \/>\n<meta name=\"twitter:label1\" content=\"Becs\u00fclt olvas\u00e1si id\u0151\" \/>\n\t<meta name=\"twitter:data1\" content=\"3 perc\" \/>\n<script type=\"application\/ld+json\" class=\"yoast-schema-graph\">{\"@context\":\"https:\\\/\\\/schema.org\",\"@graph\":[{\"@type\":\"WebPage\",\"@id\":\"https:\\\/\\\/chacrys.com\\\/hu\\\/kristalyok\\\/apatit-kristaly-jelentese-elonyei-gyogyito-tulajdonsagai-es-hasznalata\\\/\",\"url\":\"https:\\\/\\\/chacrys.com\\\/hu\\\/kristalyok\\\/apatit-kristaly-jelentese-elonyei-gyogyito-tulajdonsagai-es-hasznalata\\\/\",\"name\":\"Apatit krist\u00e1ly - jelent\u00e9se, el\u0151nyei, gy\u00f3gy\u00edt\u00f3 tulajdons\u00e1gai \u00e9s haszn\u00e1lata - Chacrys\",\"isPartOf\":{\"@id\":\"https:\\\/\\\/chacrys.com\\\/hu\\\/#website\"},\"datePublished\":\"2025-07-06T16:32:53+00:00\",\"dateModified\":\"2025-07-06T16:34:07+00:00\",\"breadcrumb\":{\"@id\":\"https:\\\/\\\/chacrys.com\\\/hu\\\/kristalyok\\\/apatit-kristaly-jelentese-elonyei-gyogyito-tulajdonsagai-es-hasznalata\\\/#breadcrumb\"},\"inLanguage\":\"hu\",\"potentialAction\":[{\"@type\":\"ReadAction\",\"target\":[\"https:\\\/\\\/chacrys.com\\\/hu\\\/kristalyok\\\/apatit-kristaly-jelentese-elonyei-gyogyito-tulajdonsagai-es-hasznalata\\\/\"]}]},{\"@type\":\"BreadcrumbList\",\"@id\":\"https:\\\/\\\/chacrys.com\\\/hu\\\/kristalyok\\\/apatit-kristaly-jelentese-elonyei-gyogyito-tulajdonsagai-es-hasznalata\\\/#breadcrumb\",\"itemListElement\":[{\"@type\":\"ListItem\",\"position\":1,\"name\":\"Home\",\"item\":\"https:\\\/\\\/chacrys.com\\\/hu\\\/\"},{\"@type\":\"ListItem\",\"position\":2,\"name\":\"Krist\u00e1lyok\",\"item\":\"https:\\\/\\\/chacrys.com\\\/hu\\\/kristalyok\\\/\"},{\"@type\":\"ListItem\",\"position\":3,\"name\":\"Apatit krist\u00e1ly &#8211; jelent\u00e9se, el\u0151nyei, gy\u00f3gy\u00edt\u00f3 tulajdons\u00e1gai \u00e9s haszn\u00e1lata\"}]},{\"@type\":\"WebSite\",\"@id\":\"https:\\\/\\\/chacrys.com\\\/hu\\\/#website\",\"url\":\"https:\\\/\\\/chacrys.com\\\/hu\\\/\",\"name\":\"Chacrys\",\"description\":\"Chacrys\",\"publisher\":{\"@id\":\"https:\\\/\\\/chacrys.com\\\/hu\\\/#organization\"},\"potentialAction\":[{\"@type\":\"SearchAction\",\"target\":{\"@type\":\"EntryPoint\",\"urlTemplate\":\"https:\\\/\\\/chacrys.com\\\/hu\\\/?s={search_term_string}\"},\"query-input\":{\"@type\":\"PropertyValueSpecification\",\"valueRequired\":true,\"valueName\":\"search_term_string\"}}],\"inLanguage\":\"hu\"},{\"@type\":\"Organization\",\"@id\":\"https:\\\/\\\/chacrys.com\\\/hu\\\/#organization\",\"name\":\"Chacrys\",\"url\":\"https:\\\/\\\/chacrys.com\\\/hu\\\/\",\"logo\":{\"@type\":\"ImageObject\",\"inLanguage\":\"hu\",\"@id\":\"https:\\\/\\\/chacrys.com\\\/hu\\\/#\\\/schema\\\/logo\\\/image\\\/\",\"url\":\"https:\\\/\\\/chacrys.com\\\/wp-content\\\/uploads\\\/2024\\\/11\\\/cropped-FRANJULIA-6.png\",\"contentUrl\":\"https:\\\/\\\/chacrys.com\\\/wp-content\\\/uploads\\\/2024\\\/11\\\/cropped-FRANJULIA-6.png\",\"width\":512,\"height\":512,\"caption\":\"Chacrys\"},\"image\":{\"@id\":\"https:\\\/\\\/chacrys.com\\\/hu\\\/#\\\/schema\\\/logo\\\/image\\\/\"},\"sameAs\":[\"https:\\\/\\\/www.facebook.com\\\/chacryscrystal\",\"https:\\\/\\\/www.instagram.com\\\/chacrys\\\/\",\"https:\\\/\\\/www.pinterest.com\\\/chacryscrystalbed\\\/\",\"https:\\\/\\\/www.youtube.com\\\/@chacrysofficial9667\"]}]}<\/script>\n<!-- \/ Yoast SEO plugin. -->","yoast_head_json":{"title":"Apatit krist\u00e1ly - jelent\u00e9se, el\u0151nyei, gy\u00f3gy\u00edt\u00f3 tulajdons\u00e1gai \u00e9s haszn\u00e1lata - Chacrys","robots":{"index":"index","follow":"follow","max-snippet":"max-snippet:-1","max-image-preview":"max-image-preview:large","max-video-preview":"max-video-preview:-1"},"canonical":"https:\/\/chacrys.com\/hu\/kristalyok\/apatit-kristaly-jelentese-elonyei-gyogyito-tulajdonsagai-es-hasznalata\/","og_locale":"hu_HU","og_type":"article","og_title":"Apatit krist\u00e1ly - jelent\u00e9se, el\u0151nyei, gy\u00f3gy\u00edt\u00f3 tulajdons\u00e1gai \u00e9s haszn\u00e1lata - Chacrys","og_description":"Mi az az apatit? Az apatit a nev\u00e9t a g\u00f6r\u00f6g apatein, azaz megt\u00e9veszteni sz\u00f3b\u00f3l kapta, mivel turmalinnak, berillnek vagy ak\u00e1r","og_url":"https:\/\/chacrys.com\/hu\/kristalyok\/apatit-kristaly-jelentese-elonyei-gyogyito-tulajdonsagai-es-hasznalata\/","og_site_name":"Chacrys","article_publisher":"https:\/\/www.facebook.com\/chacryscrystal","article_modified_time":"2025-07-06T16:34:07+00:00","twitter_card":"summary_large_image","twitter_misc":{"Becs\u00fclt olvas\u00e1si id\u0151":"3 perc"},"schema":{"@context":"https:\/\/schema.org","@graph":[{"@type":"WebPage","@id":"https:\/\/chacrys.com\/hu\/kristalyok\/apatit-kristaly-jelentese-elonyei-gyogyito-tulajdonsagai-es-hasznalata\/","url":"https:\/\/chacrys.com\/hu\/kristalyok\/apatit-kristaly-jelentese-elonyei-gyogyito-tulajdonsagai-es-hasznalata\/","name":"Apatit krist\u00e1ly - jelent\u00e9se, el\u0151nyei, gy\u00f3gy\u00edt\u00f3 tulajdons\u00e1gai \u00e9s haszn\u00e1lata - Chacrys","isPartOf":{"@id":"https:\/\/chacrys.com\/hu\/#website"},"datePublished":"2025-07-06T16:32:53+00:00","dateModified":"2025-07-06T16:34:07+00:00","breadcrumb":{"@id":"https:\/\/chacrys.com\/hu\/kristalyok\/apatit-kristaly-jelentese-elonyei-gyogyito-tulajdonsagai-es-hasznalata\/#breadcrumb"},"inLanguage":"hu","potentialAction":[{"@type":"ReadAction","target":["https:\/\/chacrys.com\/hu\/kristalyok\/apatit-kristaly-jelentese-elonyei-gyogyito-tulajdonsagai-es-hasznalata\/"]}]},{"@type":"BreadcrumbList","@id":"https:\/\/chacrys.com\/hu\/kristalyok\/apatit-kristaly-jelentese-elonyei-gyogyito-tulajdonsagai-es-hasznalata\/#breadcrumb","itemListElement":[{"@type":"ListItem","position":1,"name":"Home","item":"https:\/\/chacrys.com\/hu\/"},{"@type":"ListItem","position":2,"name":"Krist\u00e1lyok","item":"https:\/\/chacrys.com\/hu\/kristalyok\/"},{"@type":"ListItem","position":3,"name":"Apatit krist\u00e1ly &#8211; jelent\u00e9se, el\u0151nyei, gy\u00f3gy\u00edt\u00f3 tulajdons\u00e1gai \u00e9s haszn\u00e1lata"}]},{"@type":"WebSite","@id":"https:\/\/chacrys.com\/hu\/#website","url":"https:\/\/chacrys.com\/hu\/","name":"Chacrys","description":"Chacrys","publisher":{"@id":"https:\/\/chacrys.com\/hu\/#organization"},"potentialAction":[{"@type":"SearchAction","target":{"@type":"EntryPoint","urlTemplate":"https:\/\/chacrys.com\/hu\/?s={search_term_string}"},"query-input":{"@type":"PropertyValueSpecification","valueRequired":true,"valueName":"search_term_string"}}],"inLanguage":"hu"},{"@type":"Organization","@id":"https:\/\/chacrys.com\/hu\/#organization","name":"Chacrys","url":"https:\/\/chacrys.com\/hu\/","logo":{"@type":"ImageObject","inLanguage":"hu","@id":"https:\/\/chacrys.com\/hu\/#\/schema\/logo\/image\/","url":"https:\/\/chacrys.com\/wp-content\/uploads\/2024\/11\/cropped-FRANJULIA-6.png","contentUrl":"https:\/\/chacrys.com\/wp-content\/uploads\/2024\/11\/cropped-FRANJULIA-6.png","width":512,"height":512,"caption":"Chacrys"},"image":{"@id":"https:\/\/chacrys.com\/hu\/#\/schema\/logo\/image\/"},"sameAs":["https:\/\/www.facebook.com\/chacryscrystal","https:\/\/www.instagram.com\/chacrys\/","https:\/\/www.pinterest.com\/chacryscrystalbed\/","https:\/\/www.youtube.com\/@chacrysofficial9667"]}]}},"_links":{"self":[{"href":"https:\/\/chacrys.com\/hu\/wp-json\/wp\/v2\/pages\/33037","targetHints":{"allow":["GET"]}}],"collection":[{"href":"https:\/\/chacrys.com\/hu\/wp-json\/wp\/v2\/pages"}],"about":[{"href":"https:\/\/chacrys.com\/hu\/wp-json\/wp\/v2\/types\/page"}],"author":[{"embeddable":true,"href":"https:\/\/chacrys.com\/hu\/wp-json\/wp\/v2\/users\/1"}],"replies":[{"embeddable":true,"href":"https:\/\/chacrys.com\/hu\/wp-json\/wp\/v2\/comments?post=33037"}],"version-history":[{"count":1,"href":"https:\/\/chacrys.com\/hu\/wp-json\/wp\/v2\/pages\/33037\/revisions"}],"predecessor-version":[{"id":33407,"href":"https:\/\/chacrys.com\/hu\/wp-json\/wp\/v2\/pages\/33037\/revisions\/33407"}],"up":[{"embeddable":true,"href":"https:\/\/chacrys.com\/hu\/wp-json\/wp\/v2\/pages\/33019"}],"wp:attachment":[{"href":"https:\/\/chacrys.com\/hu\/wp-json\/wp\/v2\/media?parent=33037"}],"curies":[{"name":"wp","href":"https:\/\/api.w.org\/{rel}","templated":true}]}}