{"id":33019,"date":"2025-06-15T04:03:27","date_gmt":"2025-06-15T04:03:27","guid":{"rendered":"https:\/\/chacrys.com\/kristalyok\/"},"modified":"2025-06-15T04:36:45","modified_gmt":"2025-06-15T04:36:45","slug":"kristalyok","status":"publish","type":"page","link":"https:\/\/chacrys.com\/hu\/kristalyok\/","title":{"rendered":"Krist\u00e1lyok"},"content":{"rendered":"<ul class=\"wp-block-page-list\"><li class=\"wp-block-pages-list__item\"><a class=\"wp-block-pages-list__item__link\" href=\"https:\/\/chacrys.com\/hu\/kristalyok\/abalone-kristaly-jelentese-elonyei-gyogyito-tulajdonsagai-es-hasznalata\/\">Abalone krist\u00e1ly &#8211; jelent\u00e9se, el\u0151nyei, gy\u00f3gy\u00edt\u00f3 tulajdons\u00e1gai \u00e9s haszn\u00e1lata<\/a><\/li><li class=\"wp-block-pages-list__item\"><a class=\"wp-block-pages-list__item__link\" href=\"https:\/\/chacrys.com\/hu\/kristalyok\/achat-kristaly-jelentese-elonyei-gyogyito-tulajdonsagai-es-hasznalata\/\">Ach\u00e1t krist\u00e1ly &#8211; jelent\u00e9se, el\u0151nyei, gy\u00f3gy\u00edt\u00f3 tulajdons\u00e1gai \u00e9s haszn\u00e1lata<\/a><\/li><li class=\"wp-block-pages-list__item\"><a class=\"wp-block-pages-list__item__link\" href=\"https:\/\/chacrys.com\/hu\/kristalyok\/amazonit-kristaly-jelentese-elonyei-gyogyito-tulajdonsagai-es-hasznalata\/\">Amazonit krist\u00e1ly jelent\u00e9se, el\u0151nyei, gy\u00f3gy\u00edt\u00f3 tulajdons\u00e1gai \u00e9s haszn\u00e1lata<\/a><\/li><li class=\"wp-block-pages-list__item\"><a class=\"wp-block-pages-list__item__link\" href=\"https:\/\/chacrys.com\/hu\/kristalyok\/ame-ko-ametrine-kristaly-jelentese-elonyei-gyogyito-tulajdonsagai-es-hasznalata\/\">Ame k\u0151 (Ametrine) krist\u00e1ly &#8211; jelent\u00e9se, el\u0151nyei, gy\u00f3gy\u00edt\u00f3 tulajdons\u00e1gai \u00e9s haszn\u00e1lata<\/a><\/li><li class=\"wp-block-pages-list__item\"><a class=\"wp-block-pages-list__item__link\" href=\"https:\/\/chacrys.com\/hu\/kristalyok\/ametiszt-kristaly-jelentese-elonyei-gyogyito-tulajdonsagai-es-hasznalata\/\">Ametiszt krist\u00e1ly &#8211; jelent\u00e9se, el\u0151nyei, gy\u00f3gy\u00edt\u00f3 tulajdons\u00e1gai \u00e9s haszn\u00e1lata<\/a><\/li><li class=\"wp-block-pages-list__item\"><a class=\"wp-block-pages-list__item__link\" href=\"https:\/\/chacrys.com\/hu\/kristalyok\/ametrine-kristaly-jelentese-elonyei-gyogyito-tulajdonsagai-es-hasznalata\/\">Ametrine krist\u00e1ly &#8211; jelent\u00e9se, el\u0151nyei, gy\u00f3gy\u00edt\u00f3 tulajdons\u00e1gai \u00e9s haszn\u00e1lata<\/a><\/li><li class=\"wp-block-pages-list__item\"><a class=\"wp-block-pages-list__item__link\" href=\"https:\/\/chacrys.com\/hu\/kristalyok\/angel-aura-quartz-crystal-jelentese-elonyei-gyogyito-tulajdonsagai-es-felhasznalasa\/\">Angel Aura Quartz Crystal &#8211; jelent\u00e9se, el\u0151nyei, gy\u00f3gy\u00edt\u00f3 tulajdons\u00e1gai \u00e9s felhaszn\u00e1l\u00e1sa<\/a><\/li><li class=\"wp-block-pages-list__item\"><a class=\"wp-block-pages-list__item__link\" href=\"https:\/\/chacrys.com\/hu\/kristalyok\/angelite-crystal-jelentese-elonyei-gyogyito-tulajdonsagok-es-hogyan-kell-hasznalni\/\">Angelite Crystal &#8211; jelent\u00e9se, el\u0151nyei, gy\u00f3gy\u00edt\u00f3 tulajdons\u00e1gok \u00e9s hogyan kell haszn\u00e1lni<\/a><\/li><li class=\"wp-block-pages-list__item\"><a class=\"wp-block-pages-list__item__link\" href=\"https:\/\/chacrys.com\/hu\/kristalyok\/apatit-kristaly-jelentese-elonyei-gyogyito-tulajdonsagai-es-hasznalata\/\">Apatit krist\u00e1ly &#8211; jelent\u00e9se, el\u0151nyei, gy\u00f3gy\u00edt\u00f3 tulajdons\u00e1gai \u00e9s haszn\u00e1lata<\/a><\/li><li class=\"wp-block-pages-list__item\"><a class=\"wp-block-pages-list__item__link\" href=\"https:\/\/chacrys.com\/hu\/kristalyok\/apofillit-kristaly-jelentese-elonyei-gyogyito-tulajdonsagai-es-hasznalata\/\">Apofillit krist\u00e1ly &#8211; jelent\u00e9se, el\u0151nyei, gy\u00f3gy\u00edt\u00f3 tulajdons\u00e1gai \u00e9s haszn\u00e1lata<\/a><\/li><li class=\"wp-block-pages-list__item\"><a class=\"wp-block-pages-list__item__link\" href=\"https:\/\/chacrys.com\/hu\/kristalyok\/aragonit-kristaly-jelentese-elonyei-gyogyito-tulajdonsagai-es-hasznalata\/\">Aragonit krist\u00e1ly &#8211; jelent\u00e9se, el\u0151nyei, gy\u00f3gy\u00edt\u00f3 tulajdons\u00e1gai \u00e9s haszn\u00e1lata<\/a><\/li><li class=\"wp-block-pages-list__item\"><a class=\"wp-block-pages-list__item__link\" href=\"https:\/\/chacrys.com\/hu\/kristalyok\/arany-gyogyito-kristaly-jelentese-elonyei-gyogyito-tulajdonsagai-es-hasznalata\/\">Arany gy\u00f3gy\u00edt\u00f3 krist\u00e1ly &#8211; jelent\u00e9se, el\u0151nyei, gy\u00f3gy\u00edt\u00f3 tulajdons\u00e1gai \u00e9s haszn\u00e1lata<\/a><\/li><li class=\"wp-block-pages-list__item\"><a class=\"wp-block-pages-list__item__link\" href=\"https:\/\/chacrys.com\/hu\/kristalyok\/arany-kvarc-kristaly-jelentese-elonyei-gyogyito-tulajdonsagai-es-hasznalata\/\">Arany kvarc krist\u00e1ly &#8211; jelent\u00e9se, el\u0151nyei, gy\u00f3gy\u00edt\u00f3 tulajdons\u00e1gai \u00e9s haszn\u00e1lata<\/a><\/li><li class=\"wp-block-pages-list__item\"><a class=\"wp-block-pages-list__item__link\" href=\"https:\/\/chacrys.com\/hu\/kristalyok\/aranyko-kristaly-jelentese-elonyei-gyogyito-tulajdonsagai-es-hasznalata\/\">Aranyk\u0151 krist\u00e1ly &#8211; jelent\u00e9se, el\u0151nyei, gy\u00f3gy\u00edt\u00f3 tulajdons\u00e1gai \u00e9s haszn\u00e1lata<\/a><\/li><li class=\"wp-block-pages-list__item\"><a class=\"wp-block-pages-list__item__link\" href=\"https:\/\/chacrys.com\/hu\/kristalyok\/aventurin-kristaly-jelentese-elonyei-gyogyito-tulajdonsagai-es-hasznalata\/\">Aventurin krist\u00e1ly &#8211; jelent\u00e9se, el\u0151nyei, gy\u00f3gy\u00edt\u00f3 tulajdons\u00e1gai \u00e9s haszn\u00e1lata<\/a><\/li><li class=\"wp-block-pages-list__item\"><a class=\"wp-block-pages-list__item__link\" href=\"https:\/\/chacrys.com\/hu\/kristalyok\/azurit-kristaly-jelentese-elonyei-gyogyito-tulajdonsagai-es-hasznalata\/\">Azurit krist\u00e1ly &#8211; jelent\u00e9se, el\u0151nyei, gy\u00f3gy\u00edt\u00f3 tulajdons\u00e1gai \u00e9s haszn\u00e1lata<\/a><\/li><li class=\"wp-block-pages-list__item\"><a class=\"wp-block-pages-list__item__link\" href=\"https:\/\/chacrys.com\/hu\/kristalyok\/bloodstone-heliotrope-crystal-jelentese-elonyei-gyogyito-tulajdonsagok-es-hogyan-kell-hasznalni\/\">Bloodstone (Heliotrope) Crystal &#8211; jelent\u00e9se, el\u0151nyei, gy\u00f3gy\u00edt\u00f3 tulajdons\u00e1gok \u00e9s hogyan kell haszn\u00e1lni<\/a><\/li><li class=\"wp-block-pages-list__item\"><a class=\"wp-block-pages-list__item__link\" href=\"https:\/\/chacrys.com\/hu\/kristalyok\/bronzit-kristaly-jelentese-elonyei-gyogyito-tulajdonsagai-es-hasznalata\/\">Bronzit krist\u00e1ly &#8211; jelent\u00e9se, el\u0151nyei, gy\u00f3gy\u00edt\u00f3 tulajdons\u00e1gai \u00e9s haszn\u00e1lata<\/a><\/li><li class=\"wp-block-pages-list__item\"><a class=\"wp-block-pages-list__item__link\" href=\"https:\/\/chacrys.com\/hu\/kristalyok\/celestite-kristaly-kristaly-jelentese-elonyei-gyogyito-tulajdonsagai-es-hasznalata\/\">Celestite krist\u00e1ly krist\u00e1ly &#8211; jelent\u00e9se, el\u0151nyei, gy\u00f3gy\u00edt\u00f3 tulajdons\u00e1gai \u00e9s haszn\u00e1lata<\/a><\/li><li class=\"wp-block-pages-list__item\"><a class=\"wp-block-pages-list__item__link\" href=\"https:\/\/chacrys.com\/hu\/kristalyok\/chrysocolla-kristaly-jelentese-elonyei-gyogyito-tulajdonsagai-es-hasznalata\/\">Chrysocolla krist\u00e1ly &#8211; jelent\u00e9se, el\u0151nyei, gy\u00f3gy\u00edt\u00f3 tulajdons\u00e1gai \u00e9s haszn\u00e1lata<\/a><\/li><li class=\"wp-block-pages-list__item\"><a class=\"wp-block-pages-list__item__link\" href=\"https:\/\/chacrys.com\/hu\/kristalyok\/citrin-kristaly-jelentese-elonyei-gyogyito-tulajdonsagai-es-hasznalata\/\">Citrin krist\u00e1ly &#8211; jelent\u00e9se, el\u0151nyei, gy\u00f3gy\u00edt\u00f3 tulajdons\u00e1gai \u00e9s haszn\u00e1lata<\/a><\/li><li class=\"wp-block-pages-list__item\"><a class=\"wp-block-pages-list__item__link\" href=\"https:\/\/chacrys.com\/hu\/kristalyok\/epidot-kristaly-jelentese-elonyei-gyogyito-tulajdonsagai-es-hasznalata\/\">Epidot krist\u00e1ly &#8211; jelent\u00e9se, el\u0151nyei, gy\u00f3gy\u00edt\u00f3 tulajdons\u00e1gai \u00e9s haszn\u00e1lata<\/a><\/li><li class=\"wp-block-pages-list__item\"><a class=\"wp-block-pages-list__item__link\" href=\"https:\/\/chacrys.com\/hu\/kristalyok\/eye-stone-tiger-eye-kristaly-jelentese-elonyei-gyogyito-tulajdonsagai-es-hasznalata\/\">Eye Stone (Tiger Eye) krist\u00e1ly &#8211; jelent\u00e9se, el\u0151nyei, gy\u00f3gy\u00edt\u00f3 tulajdons\u00e1gai \u00e9s haszn\u00e1lata<\/a><\/li><li class=\"wp-block-pages-list__item\"><a class=\"wp-block-pages-list__item__link\" href=\"https:\/\/chacrys.com\/hu\/kristalyok\/fekete-kristaly-morion-kvarc-kristaly-jelentese-elonyei-gyogyito-tulajdonsagai-es-felhasznalasa\/\">Fekete krist\u00e1ly (Morion kvarc) krist\u00e1ly &#8211; jelent\u00e9se, el\u0151nyei, gy\u00f3gy\u00edt\u00f3 tulajdons\u00e1gai \u00e9s felhaszn\u00e1l\u00e1sa<\/a><\/li><li class=\"wp-block-pages-list__item\"><a class=\"wp-block-pages-list__item__link\" href=\"https:\/\/chacrys.com\/hu\/kristalyok\/fekete-turmalin-schorl-kristaly-jelentese-elonyei-gyogyito-tulajdonsagai-es-hasznalata\/\">Fekete turmalin (Schorl) krist\u00e1ly &#8211; jelent\u00e9se, el\u0151nyei, gy\u00f3gy\u00edt\u00f3 tulajdons\u00e1gai \u00e9s haszn\u00e1lata<\/a><\/li><li class=\"wp-block-pages-list__item\"><a class=\"wp-block-pages-list__item__link\" href=\"https:\/\/chacrys.com\/hu\/kristalyok\/fluorit-kristaly-jelentese-elonyei-gyogyito-tulajdonsagai-es-hasznalata\/\">Fluorit krist\u00e1ly &#8211; jelent\u00e9se, el\u0151nyei, gy\u00f3gy\u00edt\u00f3 tulajdons\u00e1gai \u00e9s haszn\u00e1lata<\/a><\/li><li class=\"wp-block-pages-list__item\"><a class=\"wp-block-pages-list__item__link\" href=\"https:\/\/chacrys.com\/hu\/kristalyok\/ghost-quartz-phantom-quartz-kristaly-jelentese-elonyei-gyogyito-tulajdonsagai-es-hasznalata\/\">Ghost Quartz (Phantom Quartz) krist\u00e1ly &#8211; jelent\u00e9se, el\u0151nyei, gy\u00f3gy\u00edt\u00f3 tulajdons\u00e1gai \u00e9s haszn\u00e1lata<\/a><\/li><li class=\"wp-block-pages-list__item\"><a class=\"wp-block-pages-list__item__link\" href=\"https:\/\/chacrys.com\/hu\/kristalyok\/granat-kristaly-jelentese-elonyei-gyogyito-tulajdonsagai-es-hasznalata\/\">Gr\u00e1n\u00e1t krist\u00e1ly &#8211; jelent\u00e9se, el\u0151nyei, gy\u00f3gy\u00edt\u00f3 tulajdons\u00e1gai \u00e9s haszn\u00e1lata<\/a><\/li><li class=\"wp-block-pages-list__item\"><a class=\"wp-block-pages-list__item__link\" href=\"https:\/\/chacrys.com\/hu\/kristalyok\/hematit-kristaly-jelentese-elonyei-gyogyito-tulajdonsagai-es-hasznalata\/\">Hematit krist\u00e1ly &#8211; jelent\u00e9se, el\u0151nyei, gy\u00f3gy\u00edt\u00f3 tulajdons\u00e1gai \u00e9s haszn\u00e1lata<\/a><\/li><li class=\"wp-block-pages-list__item\"><a class=\"wp-block-pages-list__item__link\" href=\"https:\/\/chacrys.com\/hu\/kristalyok\/jaspis-kristaly-kristaly-jelentese-elonyei-gyogyito-tulajdonsagai-es-hasznalata\/\">J\u00e1spis krist\u00e1ly krist\u00e1ly &#8211; jelent\u00e9se, el\u0151nyei, gy\u00f3gy\u00edt\u00f3 tulajdons\u00e1gai \u00e9s haszn\u00e1lata<\/a><\/li><li class=\"wp-block-pages-list__item\"><a class=\"wp-block-pages-list__item__link\" href=\"https:\/\/chacrys.com\/hu\/kristalyok\/k2-ko-kristaly-jelentese-elonyei-gyogyito-tulajdonsagai-es-hasznalata\/\">K2 k\u0151 krist\u00e1ly &#8211; jelent\u00e9se, el\u0151nyei, gy\u00f3gy\u00edt\u00f3 tulajdons\u00e1gai \u00e9s haszn\u00e1lata<\/a><\/li><li class=\"wp-block-pages-list__item\"><a class=\"wp-block-pages-list__item__link\" href=\"https:\/\/chacrys.com\/hu\/kristalyok\/kalcit-kristaly-kristaly-jelentese-elonyei-gyogyito-tulajdonsagai-es-hasznalata\/\">Kalcit krist\u00e1ly krist\u00e1ly &#8211; jelent\u00e9se, el\u0151nyei, gy\u00f3gy\u00edt\u00f3 tulajdons\u00e1gai \u00e9s haszn\u00e1lata<\/a><\/li><li class=\"wp-block-pages-list__item\"><a class=\"wp-block-pages-list__item__link\" href=\"https:\/\/chacrys.com\/hu\/kristalyok\/karneol-kristaly-kristaly-jelentese-elonyei-gyogyito-tulajdonsagai-es-hasznalata\/\">Karneol krist\u00e1ly krist\u00e1ly &#8211; jelent\u00e9se, el\u0151nyei, gy\u00f3gy\u00edt\u00f3 tulajdons\u00e1gai \u00e9s haszn\u00e1lata<\/a><\/li><li class=\"wp-block-pages-list__item\"><a class=\"wp-block-pages-list__item__link\" href=\"https:\/\/chacrys.com\/hu\/kristalyok\/kek-apatit-kristaly-jelentese-elonyei-gyogyito-tulajdonsagai-es-hasznalata\/\">K\u00e9k apatit krist\u00e1ly &#8211; jelent\u00e9se, el\u0151nyei, gy\u00f3gy\u00edt\u00f3 tulajdons\u00e1gai \u00e9s haszn\u00e1lata<\/a><\/li><li class=\"wp-block-pages-list__item\"><a class=\"wp-block-pages-list__item__link\" href=\"https:\/\/chacrys.com\/hu\/kristalyok\/kek-celestite-kristaly-jelentese-elonyei-gyogyito-tulajdonsagai-es-hasznalata\/\">K\u00e9k Celestite krist\u00e1ly &#8211; jelent\u00e9se, el\u0151nyei, gy\u00f3gy\u00edt\u00f3 tulajdons\u00e1gai \u00e9s haszn\u00e1lata<\/a><\/li><li class=\"wp-block-pages-list__item\"><a class=\"wp-block-pages-list__item__link\" href=\"https:\/\/chacrys.com\/hu\/kristalyok\/krizopraz-kristaly-jelentese-elonyei-gyogyito-tulajdonsagai-es-hasznalata\/\">Krizopr\u00e1z krist\u00e1ly &#8211; jelent\u00e9se, el\u0151nyei, gy\u00f3gy\u00edt\u00f3 tulajdons\u00e1gai \u00e9s haszn\u00e1lata<\/a><\/li><li class=\"wp-block-pages-list__item\"><a class=\"wp-block-pages-list__item__link\" href=\"https:\/\/chacrys.com\/hu\/kristalyok\/labradorit-kristaly-kristaly-jelentese-elonyei-gyogyito-tulajdonsagai-es-hasznalata\/\">Labradorit krist\u00e1ly krist\u00e1ly &#8211; jelent\u00e9se, el\u0151nyei, gy\u00f3gy\u00edt\u00f3 tulajdons\u00e1gai \u00e9s haszn\u00e1lata<\/a><\/li><li class=\"wp-block-pages-list__item\"><a class=\"wp-block-pages-list__item__link\" href=\"https:\/\/chacrys.com\/hu\/kristalyok\/lapis-lazuli-kristaly-jelentese-elonyei-gyogyito-tulajdonsagai-es-hasznalata\/\">Lapis Lazuli krist\u00e1ly &#8211; jelent\u00e9se, el\u0151nyei, gy\u00f3gy\u00edt\u00f3 tulajdons\u00e1gai \u00e9s haszn\u00e1lata<\/a><\/li><li class=\"wp-block-pages-list__item\"><a class=\"wp-block-pages-list__item__link\" href=\"https:\/\/chacrys.com\/hu\/kristalyok\/lemuriai-kvarckristaly-jelentese-elonyei-gyogyito-tulajdonsagai-es-hasznalata\/\">Lem\u00fariai kvarckrist\u00e1ly &#8211; jelent\u00e9se, el\u0151nyei, gy\u00f3gy\u00edt\u00f3 tulajdons\u00e1gai \u00e9s haszn\u00e1lata<\/a><\/li><li class=\"wp-block-pages-list__item\"><a class=\"wp-block-pages-list__item__link\" href=\"https:\/\/chacrys.com\/hu\/kristalyok\/lemurian-seed-crystal-crystal-crystal-jelentese-elonyei-gyogyito-tulajdonsagai-es-hasznalata\/\">Lemurian Seed Crystal Crystal Crystal &#8211; jelent\u00e9se, el\u0151nyei, gy\u00f3gy\u00edt\u00f3 tulajdons\u00e1gai \u00e9s haszn\u00e1lata<\/a><\/li><li class=\"wp-block-pages-list__item\"><a class=\"wp-block-pages-list__item__link\" href=\"https:\/\/chacrys.com\/hu\/kristalyok\/lepidolit-kristaly-kristaly-jelentese-elonyei-gyogyito-tulajdonsagai-es-hasznalata\/\">Lepidolit krist\u00e1ly krist\u00e1ly &#8211; jelent\u00e9se, el\u0151nyei, gy\u00f3gy\u00edt\u00f3 tulajdons\u00e1gai \u00e9s haszn\u00e1lata<\/a><\/li><li class=\"wp-block-pages-list__item\"><a class=\"wp-block-pages-list__item__link\" href=\"https:\/\/chacrys.com\/hu\/kristalyok\/malachit-kristaly-jelentese-elonyei-gyogyito-tulajdonsagai-es-hasznalata\/\">Malachit krist\u00e1ly &#8211; jelent\u00e9se, el\u0151nyei, gy\u00f3gy\u00edt\u00f3 tulajdons\u00e1gai \u00e9s haszn\u00e1lata<\/a><\/li><li class=\"wp-block-pages-list__item\"><a class=\"wp-block-pages-list__item__link\" href=\"https:\/\/chacrys.com\/hu\/kristalyok\/tiszta-kvarc-kristaly-jelentese-elonyei-gyogyito-tulajdonsagai-es-hasznalata\/\">Tiszta kvarc krist\u00e1ly &#8211; jelent\u00e9se, el\u0151nyei, gy\u00f3gy\u00edt\u00f3 tulajdons\u00e1gai \u00e9s haszn\u00e1lata<\/a><\/li><li class=\"wp-block-pages-list__item\"><a class=\"wp-block-pages-list__item__link\" href=\"https:\/\/chacrys.com\/hu\/kristalyok\/zold-aventurin-kristaly-jelentese-elonyei-gyogyito-tulajdonsagai-es-hasznalata\/\">Z\u00f6ld Aventurin krist\u00e1ly &#8211; jelent\u00e9se, el\u0151nyei, gy\u00f3gy\u00edt\u00f3 tulajdons\u00e1gai \u00e9s haszn\u00e1lata<\/a><\/li><li class=\"wp-block-pages-list__item\"><a class=\"wp-block-pages-list__item__link\" href=\"https:\/\/chacrys.com\/hu\/kristalyok\/zold-fluorit-kristaly-jelentese-elonyei-gyogyito-tulajdonsagai-es-hasznalata\/\">Z\u00f6ld Fluorit krist\u00e1ly &#8211; jelent\u00e9se, el\u0151nyei, gy\u00f3gy\u00edt\u00f3 tulajdons\u00e1gai \u00e9s haszn\u00e1lata<\/a><\/li><li class=\"wp-block-pages-list__item\"><a class=\"wp-block-pages-list__item__link\" href=\"https:\/\/chacrys.com\/hu\/kristalyok\/zold-malachit-kristaly-jelentese-elonyei-gyogyito-tulajdonsagai-es-hasznalata\/\">Z\u00f6ld malachit krist\u00e1ly &#8211; jelent\u00e9se, el\u0151nyei, gy\u00f3gy\u00edt\u00f3 tulajdons\u00e1gai \u00e9s haszn\u00e1lata<\/a><\/li><\/ul>\n\n\n<p><\/p>\n","protected":false},"excerpt":{"rendered":"","protected":false},"author":1,"featured_media":0,"parent":0,"menu_order":0,"comment_status":"closed","ping_status":"closed","template":"","meta":{"footnotes":""},"class_list":["post-33019","page","type-page","status-publish","hentry"],"yoast_head":"<!-- This site is optimized with the Yoast SEO plugin v27.4 - https:\/\/yoast.com\/product\/yoast-seo-wordpress\/ -->\n<title>Crystal Directory | Chacrys<\/title>\n<meta name=\"description\" content=\"N\u00e9zze meg krist\u00e1lyk\u00f6nyvt\u00e1runkat, hogy t\u00f6bbet tudjon meg a k\u00fcl\u00f6nb\u00f6z\u0151 krist\u00e1lyt\u00edpusokr\u00f3l.\" \/>\n<meta name=\"robots\" content=\"index, follow, max-snippet:-1, max-image-preview:large, max-video-preview:-1\" \/>\n<link rel=\"canonical\" href=\"https:\/\/chacrys.com\/hu\/kristalyok\/\" \/>\n<meta property=\"og:locale\" content=\"hu_HU\" \/>\n<meta property=\"og:type\" content=\"article\" \/>\n<meta property=\"og:title\" content=\"Crystal Directory | Chacrys\" \/>\n<meta property=\"og:description\" content=\"N\u00e9zze meg krist\u00e1lyk\u00f6nyvt\u00e1runkat, hogy t\u00f6bbet tudjon meg a k\u00fcl\u00f6nb\u00f6z\u0151 krist\u00e1lyt\u00edpusokr\u00f3l.\" \/>\n<meta property=\"og:url\" content=\"https:\/\/chacrys.com\/hu\/kristalyok\/\" \/>\n<meta property=\"og:site_name\" content=\"Chacrys\" \/>\n<meta property=\"article:publisher\" content=\"https:\/\/www.facebook.com\/chacryscrystal\" \/>\n<meta property=\"article:modified_time\" content=\"2025-06-15T04:36:45+00:00\" \/>\n<meta name=\"twitter:card\" content=\"summary_large_image\" \/>\n<script type=\"application\/ld+json\" class=\"yoast-schema-graph\">{\"@context\":\"https:\\\/\\\/schema.org\",\"@graph\":[{\"@type\":\"WebPage\",\"@id\":\"https:\\\/\\\/chacrys.com\\\/hu\\\/kristalyok\\\/\",\"url\":\"https:\\\/\\\/chacrys.com\\\/hu\\\/kristalyok\\\/\",\"name\":\"Crystal Directory | Chacrys\",\"isPartOf\":{\"@id\":\"https:\\\/\\\/chacrys.com\\\/hu\\\/#website\"},\"datePublished\":\"2025-06-15T04:03:27+00:00\",\"dateModified\":\"2025-06-15T04:36:45+00:00\",\"description\":\"N\u00e9zze meg krist\u00e1lyk\u00f6nyvt\u00e1runkat, hogy t\u00f6bbet tudjon meg a k\u00fcl\u00f6nb\u00f6z\u0151 krist\u00e1lyt\u00edpusokr\u00f3l.\",\"breadcrumb\":{\"@id\":\"https:\\\/\\\/chacrys.com\\\/hu\\\/kristalyok\\\/#breadcrumb\"},\"inLanguage\":\"hu\",\"potentialAction\":[{\"@type\":\"ReadAction\",\"target\":[\"https:\\\/\\\/chacrys.com\\\/hu\\\/kristalyok\\\/\"]}]},{\"@type\":\"BreadcrumbList\",\"@id\":\"https:\\\/\\\/chacrys.com\\\/hu\\\/kristalyok\\\/#breadcrumb\",\"itemListElement\":[{\"@type\":\"ListItem\",\"position\":1,\"name\":\"Home\",\"item\":\"https:\\\/\\\/chacrys.com\\\/hu\\\/\"},{\"@type\":\"ListItem\",\"position\":2,\"name\":\"Krist\u00e1lyok\"}]},{\"@type\":\"WebSite\",\"@id\":\"https:\\\/\\\/chacrys.com\\\/hu\\\/#website\",\"url\":\"https:\\\/\\\/chacrys.com\\\/hu\\\/\",\"name\":\"Chacrys\",\"description\":\"Chacrys\",\"publisher\":{\"@id\":\"https:\\\/\\\/chacrys.com\\\/hu\\\/#organization\"},\"potentialAction\":[{\"@type\":\"SearchAction\",\"target\":{\"@type\":\"EntryPoint\",\"urlTemplate\":\"https:\\\/\\\/chacrys.com\\\/hu\\\/?s={search_term_string}\"},\"query-input\":{\"@type\":\"PropertyValueSpecification\",\"valueRequired\":true,\"valueName\":\"search_term_string\"}}],\"inLanguage\":\"hu\"},{\"@type\":\"Organization\",\"@id\":\"https:\\\/\\\/chacrys.com\\\/hu\\\/#organization\",\"name\":\"Chacrys\",\"url\":\"https:\\\/\\\/chacrys.com\\\/hu\\\/\",\"logo\":{\"@type\":\"ImageObject\",\"inLanguage\":\"hu\",\"@id\":\"https:\\\/\\\/chacrys.com\\\/hu\\\/#\\\/schema\\\/logo\\\/image\\\/\",\"url\":\"https:\\\/\\\/chacrys.com\\\/wp-content\\\/uploads\\\/2024\\\/11\\\/cropped-FRANJULIA-6.png\",\"contentUrl\":\"https:\\\/\\\/chacrys.com\\\/wp-content\\\/uploads\\\/2024\\\/11\\\/cropped-FRANJULIA-6.png\",\"width\":512,\"height\":512,\"caption\":\"Chacrys\"},\"image\":{\"@id\":\"https:\\\/\\\/chacrys.com\\\/hu\\\/#\\\/schema\\\/logo\\\/image\\\/\"},\"sameAs\":[\"https:\\\/\\\/www.facebook.com\\\/chacryscrystal\",\"https:\\\/\\\/www.instagram.com\\\/chacrys\\\/\",\"https:\\\/\\\/www.pinterest.com\\\/chacryscrystalbed\\\/\",\"https:\\\/\\\/www.youtube.com\\\/@chacrysofficial9667\"]}]}<\/script>\n<!-- \/ Yoast SEO plugin. -->","yoast_head_json":{"title":"Crystal Directory | Chacrys","description":"N\u00e9zze meg krist\u00e1lyk\u00f6nyvt\u00e1runkat, hogy t\u00f6bbet tudjon meg a k\u00fcl\u00f6nb\u00f6z\u0151 krist\u00e1lyt\u00edpusokr\u00f3l.","robots":{"index":"index","follow":"follow","max-snippet":"max-snippet:-1","max-image-preview":"max-image-preview:large","max-video-preview":"max-video-preview:-1"},"canonical":"https:\/\/chacrys.com\/hu\/kristalyok\/","og_locale":"hu_HU","og_type":"article","og_title":"Crystal Directory | Chacrys","og_description":"N\u00e9zze meg krist\u00e1lyk\u00f6nyvt\u00e1runkat, hogy t\u00f6bbet tudjon meg a k\u00fcl\u00f6nb\u00f6z\u0151 krist\u00e1lyt\u00edpusokr\u00f3l.","og_url":"https:\/\/chacrys.com\/hu\/kristalyok\/","og_site_name":"Chacrys","article_publisher":"https:\/\/www.facebook.com\/chacryscrystal","article_modified_time":"2025-06-15T04:36:45+00:00","twitter_card":"summary_large_image","schema":{"@context":"https:\/\/schema.org","@graph":[{"@type":"WebPage","@id":"https:\/\/chacrys.com\/hu\/kristalyok\/","url":"https:\/\/chacrys.com\/hu\/kristalyok\/","name":"Crystal Directory | Chacrys","isPartOf":{"@id":"https:\/\/chacrys.com\/hu\/#website"},"datePublished":"2025-06-15T04:03:27+00:00","dateModified":"2025-06-15T04:36:45+00:00","description":"N\u00e9zze meg krist\u00e1lyk\u00f6nyvt\u00e1runkat, hogy t\u00f6bbet tudjon meg a k\u00fcl\u00f6nb\u00f6z\u0151 krist\u00e1lyt\u00edpusokr\u00f3l.","breadcrumb":{"@id":"https:\/\/chacrys.com\/hu\/kristalyok\/#breadcrumb"},"inLanguage":"hu","potentialAction":[{"@type":"ReadAction","target":["https:\/\/chacrys.com\/hu\/kristalyok\/"]}]},{"@type":"BreadcrumbList","@id":"https:\/\/chacrys.com\/hu\/kristalyok\/#breadcrumb","itemListElement":[{"@type":"ListItem","position":1,"name":"Home","item":"https:\/\/chacrys.com\/hu\/"},{"@type":"ListItem","position":2,"name":"Krist\u00e1lyok"}]},{"@type":"WebSite","@id":"https:\/\/chacrys.com\/hu\/#website","url":"https:\/\/chacrys.com\/hu\/","name":"Chacrys","description":"Chacrys","publisher":{"@id":"https:\/\/chacrys.com\/hu\/#organization"},"potentialAction":[{"@type":"SearchAction","target":{"@type":"EntryPoint","urlTemplate":"https:\/\/chacrys.com\/hu\/?s={search_term_string}"},"query-input":{"@type":"PropertyValueSpecification","valueRequired":true,"valueName":"search_term_string"}}],"inLanguage":"hu"},{"@type":"Organization","@id":"https:\/\/chacrys.com\/hu\/#organization","name":"Chacrys","url":"https:\/\/chacrys.com\/hu\/","logo":{"@type":"ImageObject","inLanguage":"hu","@id":"https:\/\/chacrys.com\/hu\/#\/schema\/logo\/image\/","url":"https:\/\/chacrys.com\/wp-content\/uploads\/2024\/11\/cropped-FRANJULIA-6.png","contentUrl":"https:\/\/chacrys.com\/wp-content\/uploads\/2024\/11\/cropped-FRANJULIA-6.png","width":512,"height":512,"caption":"Chacrys"},"image":{"@id":"https:\/\/chacrys.com\/hu\/#\/schema\/logo\/image\/"},"sameAs":["https:\/\/www.facebook.com\/chacryscrystal","https:\/\/www.instagram.com\/chacrys\/","https:\/\/www.pinterest.com\/chacryscrystalbed\/","https:\/\/www.youtube.com\/@chacrysofficial9667"]}]}},"_links":{"self":[{"href":"https:\/\/chacrys.com\/hu\/wp-json\/wp\/v2\/pages\/33019","targetHints":{"allow":["GET"]}}],"collection":[{"href":"https:\/\/chacrys.com\/hu\/wp-json\/wp\/v2\/pages"}],"about":[{"href":"https:\/\/chacrys.com\/hu\/wp-json\/wp\/v2\/types\/page"}],"author":[{"embeddable":true,"href":"https:\/\/chacrys.com\/hu\/wp-json\/wp\/v2\/users\/1"}],"replies":[{"embeddable":true,"href":"https:\/\/chacrys.com\/hu\/wp-json\/wp\/v2\/comments?post=33019"}],"version-history":[{"count":2,"href":"https:\/\/chacrys.com\/hu\/wp-json\/wp\/v2\/pages\/33019\/revisions"}],"predecessor-version":[{"id":33088,"href":"https:\/\/chacrys.com\/hu\/wp-json\/wp\/v2\/pages\/33019\/revisions\/33088"}],"wp:attachment":[{"href":"https:\/\/chacrys.com\/hu\/wp-json\/wp\/v2\/media?parent=33019"}],"curies":[{"name":"wp","href":"https:\/\/api.w.org\/{rel}","templated":true}]}}