{"id":31640,"date":"2021-10-12T15:51:09","date_gmt":"2021-10-12T15:51:09","guid":{"rendered":"https:\/\/chacrys.com\/rolunk\/"},"modified":"2024-12-02T12:01:10","modified_gmt":"2024-12-02T12:01:10","slug":"rolunk","status":"publish","type":"page","link":"https:\/\/chacrys.com\/hu\/rolunk\/","title":{"rendered":"R\u00f3lunk"},"content":{"rendered":"\t\t<div data-elementor-type=\"wp-page\" data-elementor-id=\"31640\" class=\"elementor elementor-31640 elementor-4400\">\n\t\t\t\t<div class=\"wd-negative-gap elementor-element elementor-element-c79d494 e-flex e-con-boxed e-con e-parent\" data-id=\"c79d494\" data-element_type=\"container\" data-e-type=\"container\">\n\t\t\t\t\t<div class=\"e-con-inner\">\n\t\t<div class=\"elementor-element elementor-element-eda97c0 e-con-full e-flex e-con e-child\" data-id=\"eda97c0\" data-element_type=\"container\" data-e-type=\"container\">\n\t\t\t\t<div class=\"elementor-element elementor-element-afb9151 elementor-widget elementor-widget-heading\" data-id=\"afb9151\" data-element_type=\"widget\" data-e-type=\"widget\" data-widget_type=\"heading.default\">\n\t\t\t\t<div class=\"elementor-widget-container\">\n\t\t\t\t\t<h2 class=\"elementor-heading-title elementor-size-default\">A Chacrys t\u00f6rt\u00e9net<\/h2>\t\t\t\t<\/div>\n\t\t\t\t<\/div>\n\t\t\t\t<div class=\"elementor-element elementor-element-84fe9c9 elementor-widget elementor-widget-wd_text_block\" data-id=\"84fe9c9\" data-element_type=\"widget\" data-e-type=\"widget\" data-widget_type=\"wd_text_block.default\">\n\t\t\t\t<div class=\"elementor-widget-container\">\n\t\t\t\t\t\t\t<div class=\"wd-text-block reset-last-child text-left\">\n\t\t\t\n\t\t\t<p>2013 tavasz\u00e1n az \u00e9letem fordul\u00f3ponthoz \u00e9rkezett. Teljesen ki\u00e9gtem, nem volt \u00e9rtelme az \u00e9letemnek. Az \u00e9leter\u0151m elt\u0171nt, \u00e9s alig tal\u00e1ltam \u00f6r\u00f6m\u00f6t az \u00e9letben. \u00dagy \u00e9reztem, hogy egy id\u0151re el kell hagynom a haz\u00e1mat, \u00e9s m\u00e1shol kell er\u0151t gy\u0171jtenem, hogy m\u00e1s szemsz\u00f6gb\u0151l n\u00e9zhessek az \u00e9letemre.   <\/p><p>\u00d6nk\u00e9ntes munk\u00e1t tal\u00e1ltam egy t\u00e1voli \u00e9szak-n\u00e9metorsz\u00e1gi falu kast\u00e9ly\u00e1ban, amely egy spiritu\u00e1lis gy\u00f3gy\u00edt\u00f3 k\u00f6zpontnak adott otthont. K\u00e9t h\u00f3napig karbantart\u00f3k\u00e9nt dolgoztam a kast\u00e9lyban. Minden nap kora reggel medit\u00e1ltam, d\u00e9lut\u00e1nonk\u00e9nt j\u00f3g\u00e1ztam, \u00e9s sok id\u0151t t\u00f6lt\u00f6ttem a term\u00e9szetben.  <\/p><p>Volt egy h\u00e1zi k\u00e9sz\u00edt\u00e9s\u0171 krist\u00e1ly\u00e1gy a kast\u00e9lyban, \u00e9s mondhatom, szerelem volt els\u0151 l\u00e1t\u00e1sra. Szem\u00e9lyesen tapasztaltam meg a krist\u00e1lyok erej\u00e9t, \u00e9s elkezdtem tanulni r\u00f3luk. <\/p><p>Amikor a k\u00e9th\u00f3napos szerz\u0151d\u00e9sem lej\u00e1rt, a sz\u00edvemben \u00e9reztem, hogy a k\u00fcldet\u00e9sem az, hogy a krist\u00e1ly\u00e1gy koncepci\u00f3j\u00e1t a vil\u00e1gon a lehet\u0151 legt\u00f6bb emberhez eljuttassam, hogy m\u00e1soknak seg\u00edtsek.<\/p><p>Akkor m\u00e9g nem tudtam, hogyan fogok hozz\u00e1fogni. Nem rendelkeztem semmilyen technikai k\u00e9pes\u00edt\u00e9ssel vagy tud\u00e1ssal, de a bels\u0151 k\u00e9sztet\u00e9sem, hogy k\u00f6vessem a k\u00fcldet\u00e9semet, sokkal er\u0151sebb volt, mint az akad\u00e1lyok, amelyekkel szembe kellett n\u00e9znem. \u00cdgy, miut\u00e1n rengeteg munk\u00e1t \u00e9s er\u0151fesz\u00edt\u00e9st fektettem a projektbe, \u00e9s m\u00e1sok seg\u00edts\u00e9g\u00e9vel, akiknek nagyon h\u00e1l\u00e1s vagyok, elk\u00e9sz\u00fclt az els\u0151 Chacrys krist\u00e1ly\u00e1gy.  <\/p><p>A Chacrys Mini krist\u00e1lyl\u00e1mp\u00e1t nem sokkal ezut\u00e1n tervezt\u00e9k. Az\u00f3ta rengetegen haszn\u00e1lj\u00e1k term\u00e9keinket szerte a vil\u00e1gon. A Chacrys-n\u00e9l minden egyes eszk\u00f6z\u00fcnk elk\u00e9sz\u00edt\u00e9s\u00e9be sok sz\u00edvet \u00e9s lelket fektet\u00fcnk, mert tudjuk, hogy azok a felhaszn\u00e1l\u00f3ik jav\u00e1ra lesznek haszn\u00e1lva.  <\/p>\n\t\t\t\t\t<\/div>\n\t\t\t\t\t\t<\/div>\n\t\t\t\t<\/div>\n\t\t\t\t<\/div>\n\t\t<div class=\"elementor-element elementor-element-1ee12c6 e-con-full e-flex e-con e-child\" data-id=\"1ee12c6\" data-element_type=\"container\" data-e-type=\"container\">\n\t\t\t\t<div class=\"elementor-element elementor-element-8a7fe86 elementor-widget elementor-widget-video\" data-id=\"8a7fe86\" data-element_type=\"widget\" data-e-type=\"widget\" data-settings=\"{&quot;youtube_url&quot;:&quot;https:\\\/\\\/www.youtube.com\\\/watch?v=e-HBSrzJWvg&quot;,&quot;video_type&quot;:&quot;youtube&quot;,&quot;controls&quot;:&quot;yes&quot;}\" data-widget_type=\"video.default\">\n\t\t\t\t<div class=\"elementor-widget-container\">\n\t\t\t\t\t\t\t<div class=\"elementor-wrapper elementor-open-inline\">\n\t\t\t<div class=\"elementor-video\"><\/div>\t\t<\/div>\n\t\t\t\t\t\t<\/div>\n\t\t\t\t<\/div>\n\t\t\t\t<div class=\"elementor-element elementor-element-6018d9e elementor-widget elementor-widget-image\" data-id=\"6018d9e\" data-element_type=\"widget\" data-e-type=\"widget\" data-widget_type=\"image.default\">\n\t\t\t\t<div class=\"elementor-widget-container\">\n\t\t\t\t\t\t\t\t\t\t\t\t\t\t\t<img decoding=\"async\" width=\"1104\" height=\"800\" src=\"https:\/\/chacrys.com\/wp-content\/uploads\/2024\/11\/bedi-laszlo-1104x800.jpg\" class=\"attachment-large size-large wp-image-30523\" alt=\"\" srcset=\"https:\/\/chacrys.com\/wp-content\/uploads\/2024\/11\/bedi-laszlo-1104x800.jpg 1104w, https:\/\/chacrys.com\/wp-content\/uploads\/2024\/11\/bedi-laszlo-430x311.jpg 430w, https:\/\/chacrys.com\/wp-content\/uploads\/2024\/11\/bedi-laszlo-150x109.jpg 150w, https:\/\/chacrys.com\/wp-content\/uploads\/2024\/11\/bedi-laszlo-700x507.jpg 700w, https:\/\/chacrys.com\/wp-content\/uploads\/2024\/11\/bedi-laszlo-400x290.jpg 400w, https:\/\/chacrys.com\/wp-content\/uploads\/2024\/11\/bedi-laszlo-768x556.jpg 768w, https:\/\/chacrys.com\/wp-content\/uploads\/2024\/11\/bedi-laszlo-1536x1113.jpg 1536w, https:\/\/chacrys.com\/wp-content\/uploads\/2024\/11\/bedi-laszlo.jpg 1600w\" sizes=\"(max-width: 1104px) 100vw, 1104px\" \/>\t\t\t\t\t\t\t\t\t\t\t\t\t\t\t<\/div>\n\t\t\t\t<\/div>\n\t\t\t\t<\/div>\n\t\t\t\t\t<\/div>\n\t\t\t\t<\/div>\n\t\t\t\t<\/div>\n\t\t","protected":false},"excerpt":{"rendered":"<p>A Chacrys t\u00f6rt\u00e9net 2013 tavasz\u00e1n az \u00e9letem fordul\u00f3ponthoz \u00e9rkezett. Teljesen ki\u00e9gtem, nem volt \u00e9rtelme az \u00e9letemnek. Az \u00e9leter\u0151m elt\u0171nt, \u00e9s<\/p>\n","protected":false},"author":1,"featured_media":0,"parent":0,"menu_order":0,"comment_status":"closed","ping_status":"closed","template":"","meta":{"footnotes":""},"class_list":["post-31640","page","type-page","status-publish","hentry"],"yoast_head":"<!-- This site is optimized with the Yoast SEO plugin v27.3 - https:\/\/yoast.com\/product\/yoast-seo-wordpress\/ -->\n<title>R\u00f3lunk - Chacrys<\/title>\n<meta name=\"robots\" content=\"index, follow, max-snippet:-1, max-image-preview:large, max-video-preview:-1\" \/>\n<link rel=\"canonical\" href=\"https:\/\/chacrys.com\/hu\/rolunk\/\" \/>\n<meta property=\"og:locale\" content=\"hu_HU\" \/>\n<meta property=\"og:type\" content=\"article\" \/>\n<meta property=\"og:title\" content=\"R\u00f3lunk - Chacrys\" \/>\n<meta property=\"og:description\" content=\"A Chacrys t\u00f6rt\u00e9net 2013 tavasz\u00e1n az \u00e9letem fordul\u00f3ponthoz \u00e9rkezett. Teljesen ki\u00e9gtem, nem volt \u00e9rtelme az \u00e9letemnek. Az \u00e9leter\u0151m elt\u0171nt, \u00e9s\" \/>\n<meta property=\"og:url\" content=\"https:\/\/chacrys.com\/hu\/rolunk\/\" \/>\n<meta property=\"og:site_name\" content=\"Chacrys\" \/>\n<meta property=\"article:publisher\" content=\"https:\/\/www.facebook.com\/chacryscrystal\" \/>\n<meta property=\"article:modified_time\" content=\"2024-12-02T12:01:10+00:00\" \/>\n<meta property=\"og:image\" content=\"https:\/\/chacrys.com\/wp-content\/uploads\/2024\/11\/bedi-laszlo-1104x800.jpg\" \/>\n<meta name=\"twitter:card\" content=\"summary_large_image\" \/>\n<meta name=\"twitter:label1\" content=\"Becs\u00fclt olvas\u00e1si id\u0151\" \/>\n\t<meta name=\"twitter:data1\" content=\"2 perc\" \/>\n<script type=\"application\/ld+json\" class=\"yoast-schema-graph\">{\"@context\":\"https:\\\/\\\/schema.org\",\"@graph\":[{\"@type\":\"WebPage\",\"@id\":\"https:\\\/\\\/chacrys.com\\\/hu\\\/rolunk\\\/\",\"url\":\"https:\\\/\\\/chacrys.com\\\/hu\\\/rolunk\\\/\",\"name\":\"R\u00f3lunk - Chacrys\",\"isPartOf\":{\"@id\":\"https:\\\/\\\/chacrys.com\\\/hu\\\/#website\"},\"primaryImageOfPage\":{\"@id\":\"https:\\\/\\\/chacrys.com\\\/hu\\\/rolunk\\\/#primaryimage\"},\"image\":{\"@id\":\"https:\\\/\\\/chacrys.com\\\/hu\\\/rolunk\\\/#primaryimage\"},\"thumbnailUrl\":\"https:\\\/\\\/chacrys.com\\\/wp-content\\\/uploads\\\/2024\\\/11\\\/bedi-laszlo-1104x800.jpg\",\"datePublished\":\"2021-10-12T15:51:09+00:00\",\"dateModified\":\"2024-12-02T12:01:10+00:00\",\"breadcrumb\":{\"@id\":\"https:\\\/\\\/chacrys.com\\\/hu\\\/rolunk\\\/#breadcrumb\"},\"inLanguage\":\"hu\",\"potentialAction\":[{\"@type\":\"ReadAction\",\"target\":[\"https:\\\/\\\/chacrys.com\\\/hu\\\/rolunk\\\/\"]}]},{\"@type\":\"ImageObject\",\"inLanguage\":\"hu\",\"@id\":\"https:\\\/\\\/chacrys.com\\\/hu\\\/rolunk\\\/#primaryimage\",\"url\":\"https:\\\/\\\/chacrys.com\\\/wp-content\\\/uploads\\\/2024\\\/11\\\/bedi-laszlo-1104x800.jpg\",\"contentUrl\":\"https:\\\/\\\/chacrys.com\\\/wp-content\\\/uploads\\\/2024\\\/11\\\/bedi-laszlo-1104x800.jpg\"},{\"@type\":\"BreadcrumbList\",\"@id\":\"https:\\\/\\\/chacrys.com\\\/hu\\\/rolunk\\\/#breadcrumb\",\"itemListElement\":[{\"@type\":\"ListItem\",\"position\":1,\"name\":\"Home\",\"item\":\"https:\\\/\\\/chacrys.com\\\/hu\\\/\"},{\"@type\":\"ListItem\",\"position\":2,\"name\":\"R\u00f3lunk\"}]},{\"@type\":\"WebSite\",\"@id\":\"https:\\\/\\\/chacrys.com\\\/hu\\\/#website\",\"url\":\"https:\\\/\\\/chacrys.com\\\/hu\\\/\",\"name\":\"Chacrys\",\"description\":\"Chacrys\",\"publisher\":{\"@id\":\"https:\\\/\\\/chacrys.com\\\/hu\\\/#organization\"},\"potentialAction\":[{\"@type\":\"SearchAction\",\"target\":{\"@type\":\"EntryPoint\",\"urlTemplate\":\"https:\\\/\\\/chacrys.com\\\/hu\\\/?s={search_term_string}\"},\"query-input\":{\"@type\":\"PropertyValueSpecification\",\"valueRequired\":true,\"valueName\":\"search_term_string\"}}],\"inLanguage\":\"hu\"},{\"@type\":\"Organization\",\"@id\":\"https:\\\/\\\/chacrys.com\\\/hu\\\/#organization\",\"name\":\"Chacrys\",\"url\":\"https:\\\/\\\/chacrys.com\\\/hu\\\/\",\"logo\":{\"@type\":\"ImageObject\",\"inLanguage\":\"hu\",\"@id\":\"https:\\\/\\\/chacrys.com\\\/hu\\\/#\\\/schema\\\/logo\\\/image\\\/\",\"url\":\"https:\\\/\\\/chacrys.com\\\/wp-content\\\/uploads\\\/2024\\\/11\\\/cropped-FRANJULIA-6.png\",\"contentUrl\":\"https:\\\/\\\/chacrys.com\\\/wp-content\\\/uploads\\\/2024\\\/11\\\/cropped-FRANJULIA-6.png\",\"width\":512,\"height\":512,\"caption\":\"Chacrys\"},\"image\":{\"@id\":\"https:\\\/\\\/chacrys.com\\\/hu\\\/#\\\/schema\\\/logo\\\/image\\\/\"},\"sameAs\":[\"https:\\\/\\\/www.facebook.com\\\/chacryscrystal\",\"https:\\\/\\\/www.instagram.com\\\/chacrys\\\/\",\"https:\\\/\\\/www.pinterest.com\\\/chacryscrystalbed\\\/\",\"https:\\\/\\\/www.youtube.com\\\/@chacrysofficial9667\"]}]}<\/script>\n<!-- \/ Yoast SEO plugin. -->","yoast_head_json":{"title":"R\u00f3lunk - Chacrys","robots":{"index":"index","follow":"follow","max-snippet":"max-snippet:-1","max-image-preview":"max-image-preview:large","max-video-preview":"max-video-preview:-1"},"canonical":"https:\/\/chacrys.com\/hu\/rolunk\/","og_locale":"hu_HU","og_type":"article","og_title":"R\u00f3lunk - Chacrys","og_description":"A Chacrys t\u00f6rt\u00e9net 2013 tavasz\u00e1n az \u00e9letem fordul\u00f3ponthoz \u00e9rkezett. Teljesen ki\u00e9gtem, nem volt \u00e9rtelme az \u00e9letemnek. Az \u00e9leter\u0151m elt\u0171nt, \u00e9s","og_url":"https:\/\/chacrys.com\/hu\/rolunk\/","og_site_name":"Chacrys","article_publisher":"https:\/\/www.facebook.com\/chacryscrystal","article_modified_time":"2024-12-02T12:01:10+00:00","og_image":[{"url":"https:\/\/chacrys.com\/wp-content\/uploads\/2024\/11\/bedi-laszlo-1104x800.jpg","type":"","width":"","height":""}],"twitter_card":"summary_large_image","twitter_misc":{"Becs\u00fclt olvas\u00e1si id\u0151":"2 perc"},"schema":{"@context":"https:\/\/schema.org","@graph":[{"@type":"WebPage","@id":"https:\/\/chacrys.com\/hu\/rolunk\/","url":"https:\/\/chacrys.com\/hu\/rolunk\/","name":"R\u00f3lunk - Chacrys","isPartOf":{"@id":"https:\/\/chacrys.com\/hu\/#website"},"primaryImageOfPage":{"@id":"https:\/\/chacrys.com\/hu\/rolunk\/#primaryimage"},"image":{"@id":"https:\/\/chacrys.com\/hu\/rolunk\/#primaryimage"},"thumbnailUrl":"https:\/\/chacrys.com\/wp-content\/uploads\/2024\/11\/bedi-laszlo-1104x800.jpg","datePublished":"2021-10-12T15:51:09+00:00","dateModified":"2024-12-02T12:01:10+00:00","breadcrumb":{"@id":"https:\/\/chacrys.com\/hu\/rolunk\/#breadcrumb"},"inLanguage":"hu","potentialAction":[{"@type":"ReadAction","target":["https:\/\/chacrys.com\/hu\/rolunk\/"]}]},{"@type":"ImageObject","inLanguage":"hu","@id":"https:\/\/chacrys.com\/hu\/rolunk\/#primaryimage","url":"https:\/\/chacrys.com\/wp-content\/uploads\/2024\/11\/bedi-laszlo-1104x800.jpg","contentUrl":"https:\/\/chacrys.com\/wp-content\/uploads\/2024\/11\/bedi-laszlo-1104x800.jpg"},{"@type":"BreadcrumbList","@id":"https:\/\/chacrys.com\/hu\/rolunk\/#breadcrumb","itemListElement":[{"@type":"ListItem","position":1,"name":"Home","item":"https:\/\/chacrys.com\/hu\/"},{"@type":"ListItem","position":2,"name":"R\u00f3lunk"}]},{"@type":"WebSite","@id":"https:\/\/chacrys.com\/hu\/#website","url":"https:\/\/chacrys.com\/hu\/","name":"Chacrys","description":"Chacrys","publisher":{"@id":"https:\/\/chacrys.com\/hu\/#organization"},"potentialAction":[{"@type":"SearchAction","target":{"@type":"EntryPoint","urlTemplate":"https:\/\/chacrys.com\/hu\/?s={search_term_string}"},"query-input":{"@type":"PropertyValueSpecification","valueRequired":true,"valueName":"search_term_string"}}],"inLanguage":"hu"},{"@type":"Organization","@id":"https:\/\/chacrys.com\/hu\/#organization","name":"Chacrys","url":"https:\/\/chacrys.com\/hu\/","logo":{"@type":"ImageObject","inLanguage":"hu","@id":"https:\/\/chacrys.com\/hu\/#\/schema\/logo\/image\/","url":"https:\/\/chacrys.com\/wp-content\/uploads\/2024\/11\/cropped-FRANJULIA-6.png","contentUrl":"https:\/\/chacrys.com\/wp-content\/uploads\/2024\/11\/cropped-FRANJULIA-6.png","width":512,"height":512,"caption":"Chacrys"},"image":{"@id":"https:\/\/chacrys.com\/hu\/#\/schema\/logo\/image\/"},"sameAs":["https:\/\/www.facebook.com\/chacryscrystal","https:\/\/www.instagram.com\/chacrys\/","https:\/\/www.pinterest.com\/chacryscrystalbed\/","https:\/\/www.youtube.com\/@chacrysofficial9667"]}]}},"_links":{"self":[{"href":"https:\/\/chacrys.com\/hu\/wp-json\/wp\/v2\/pages\/31640","targetHints":{"allow":["GET"]}}],"collection":[{"href":"https:\/\/chacrys.com\/hu\/wp-json\/wp\/v2\/pages"}],"about":[{"href":"https:\/\/chacrys.com\/hu\/wp-json\/wp\/v2\/types\/page"}],"author":[{"embeddable":true,"href":"https:\/\/chacrys.com\/hu\/wp-json\/wp\/v2\/users\/1"}],"replies":[{"embeddable":true,"href":"https:\/\/chacrys.com\/hu\/wp-json\/wp\/v2\/comments?post=31640"}],"version-history":[{"count":1,"href":"https:\/\/chacrys.com\/hu\/wp-json\/wp\/v2\/pages\/31640\/revisions"}],"predecessor-version":[{"id":31641,"href":"https:\/\/chacrys.com\/hu\/wp-json\/wp\/v2\/pages\/31640\/revisions\/31641"}],"wp:attachment":[{"href":"https:\/\/chacrys.com\/hu\/wp-json\/wp\/v2\/media?parent=31640"}],"curies":[{"name":"wp","href":"https:\/\/api.w.org\/{rel}","templated":true}]}}