{"id":31630,"date":"2024-11-20T14:11:53","date_gmt":"2024-11-20T14:11:53","guid":{"rendered":"https:\/\/chacrys.com\/adatvedelmi-iranyelvek\/"},"modified":"2024-12-02T12:00:19","modified_gmt":"2024-12-02T12:00:19","slug":"adatvedelmi-iranyelvek","status":"publish","type":"page","link":"https:\/\/chacrys.com\/hu\/adatvedelmi-iranyelvek\/","title":{"rendered":"Adatv\u00e9delmi ir\u00e1nyelvek"},"content":{"rendered":"\n<h1 class=\"wp-block-heading\">Adatv\u00e9delmi ir\u00e1nyelvek<\/h1>\n\n<p><strong>Hat\u00e1lyos d\u00e1tum<\/strong>: [26 .11.2024]<br\/><strong>Utols\u00f3 friss\u00edt\u00e9s<\/strong>:  [01 .12.2024]<\/p>\n\n<p>Ez az Adatv\u00e9delmi szab\u00e1lyzat ismerteti a Szolg\u00e1ltat\u00e1sunk haszn\u00e1lata sor\u00e1n az \u00d6n adatainak gy\u0171jt\u00e9s\u00e9re, felhaszn\u00e1l\u00e1s\u00e1ra \u00e9s k\u00f6zz\u00e9t\u00e9tel\u00e9re vonatkoz\u00f3 ir\u00e1nyelveinket \u00e9s elj\u00e1r\u00e1sainkat. Emellett elmagyar\u00e1zza az alkalmazand\u00f3 jogszab\u00e1lyok, p\u00e9ld\u00e1ul a GDPR \u00e9s a CCPA szerinti adatv\u00e9delmi jogait, valamint azt, hogy a jogszab\u00e1lyok hogyan v\u00e9dik \u00d6nt. <\/p>\n\n<p>A Szolg\u00e1ltat\u00e1s haszn\u00e1lat\u00e1val \u00d6n beleegyezik, hogy az adatokat a jelen Adatv\u00e9delmi ir\u00e1nyelveknek megfelel\u0151en gy\u0171jts\u00fck \u00e9s haszn\u00e1ljuk fel.<\/p>\n\n<hr class=\"wp-block-separator has-alpha-channel-opacity\"\/>\n\n<h2 class=\"wp-block-heading\">\u00c9rtelmez\u00e9s \u00e9s fogalommeghat\u00e1roz\u00e1sok<\/h2>\n\n<h3 class=\"wp-block-heading\">Tolm\u00e1csol\u00e1s<\/h3>\n\n<p>A nagy kezd\u0151bet\u0171vel kezd\u0151d\u0151 szavak jelent\u00e9se a k\u00f6vetkez\u0151 felt\u00e9telek szerint meghat\u00e1rozott. Ezek a meghat\u00e1roz\u00e1sok azonos jelent\u00e9ssel b\u00edrnak, f\u00fcggetlen\u00fcl att\u00f3l, hogy egyes vagy t\u00f6bbes sz\u00e1mban szerepelnek. <\/p>\n\n<h3 class=\"wp-block-heading\">Fogalommeghat\u00e1roz\u00e1sok<\/h3>\n\n<p>A jelen adatv\u00e9delmi ir\u00e1nyelv alkalmaz\u00e1s\u00e1ban:<\/p>\n\n<ul class=\"wp-block-list\">\n<li><strong>Sz\u00e1mla<\/strong>: Egyedi fi\u00f3k, amelyet a Szolg\u00e1ltat\u00e1sunkhoz vagy annak egyes r\u00e9szeihez val\u00f3 hozz\u00e1f\u00e9r\u00e9shez hoztunk l\u00e9tre az \u00d6n sz\u00e1m\u00e1ra.<\/li>\n\n\n\n<li><strong>\u00dczlet<\/strong>: A Chacrys s.r.o., a jogi szem\u00e9ly, amely a GDPR \u00e9s a CCPA szerint gy\u0171jti a szem\u00e9lyes adatokat, \u00e9s meghat\u00e1rozza azok c\u00e9lj\u00e1t \u00e9s eszk\u00f6zeit.<\/li>\n\n\n\n<li><strong>V\u00e1llalat<\/strong> (a jelen Meg\u00e1llapod\u00e1sban a &#8222;V\u00e1llalat&#8221;, &#8222;mi&#8221;, &#8222;minket&#8221; vagy &#8222;mi\u00e9nk&#8221;): A Chacrys s.r.o., Svatojanska 3060\/14, 94501 Komarno, Szlov\u00e1kia.<\/li>\n\n\n\n<li><strong>S\u00fctik<\/strong>: Egy weboldal \u00e1ltal az \u00d6n eszk\u00f6z\u00e9n elhelyezett kis f\u00e1jlok, amelyek az \u00d6n b\u00f6ng\u00e9sz\u00e9si el\u0151zm\u00e9nyeinek, preferenci\u00e1inak \u00e9s interakci\u00f3inak r\u00e9szleteit tartalmazz\u00e1k.<\/li>\n\n\n\n<li><strong>Adatkezel\u0151<\/strong>: A GDPR meghat\u00e1roz\u00e1sa szerint a szem\u00e9lyes adatok feldolgoz\u00e1s\u00e1nak c\u00e9ljainak \u00e9s eszk\u00f6zeinek meghat\u00e1roz\u00e1s\u00e1\u00e9rt felel\u0151s szervezet.<\/li>\n\n\n\n<li><strong>Eszk\u00f6z<\/strong>: B\u00e1rmilyen eszk\u00f6z, amely k\u00e9pes a Szolg\u00e1ltat\u00e1s el\u00e9r\u00e9s\u00e9re, p\u00e9ld\u00e1ul sz\u00e1m\u00edt\u00f3g\u00e9p, mobileszk\u00f6z vagy t\u00e1blag\u00e9p.<\/li>\n\n\n\n<li><strong>Szem\u00e9lyes adatok<\/strong>: B\u00e1rmilyen inform\u00e1ci\u00f3, amely egy azonos\u00edtott vagy azonos\u00edthat\u00f3 szem\u00e9lyre vonatkozik, a GDPR \u00e9s a CCPA meghat\u00e1roz\u00e1sa szerint.<\/li>\n\n\n\n<li><strong>Szolg\u00e1ltat\u00e1s<\/strong>: A Chacrys \u00e1ltal \u00fczemeltetett weboldalra vonatkozik, amely a <a href=\"http:\/\/www.chacrys.com\/\">www.chacrys.com<\/a> c\u00edmen \u00e9rhet\u0151 el <a href=\"http:\/\/www.chacrys.com\/\">.<\/a><\/li>\n\n\n\n<li><strong>Szolg\u00e1ltat\u00f3k<\/strong>: Harmadik f\u00e9l v\u00e1llalatok vagy szem\u00e9lyek, akiket a T\u00e1rsas\u00e1g a nev\u00fcnkben v\u00e9gzett feladatok ell\u00e1t\u00e1s\u00e1ra alkalmaz.<\/li>\n\n\n\n<li><strong>Felhaszn\u00e1l\u00e1si adatok<\/strong>: Automatikusan gy\u0171jt\u00f6tt adatok, amelyek vagy a Szolg\u00e1ltat\u00e1s haszn\u00e1lata sor\u00e1n keletkeznek, vagy mag\u00e1b\u00f3l a Szolg\u00e1ltat\u00e1s infrastrukt\u00far\u00e1j\u00e1b\u00f3l sz\u00e1rmaznak (pl. egy oldal l\u00e1togat\u00e1s\u00e1nak id\u0151tartama).<\/li>\n\n\n\n<li><strong>Te<\/strong>: A Szolg\u00e1ltat\u00e1shoz hozz\u00e1f\u00e9r\u0151 vagy azt haszn\u00e1l\u00f3 mag\u00e1nszem\u00e9ly vagy az a jogi szem\u00e9ly, akinek nev\u00e9ben az ilyen mag\u00e1nszem\u00e9ly a Szolg\u00e1ltat\u00e1shoz hozz\u00e1f\u00e9r vagy azt haszn\u00e1lja.<\/li>\n<\/ul>\n\n<hr class=\"wp-block-separator has-alpha-channel-opacity\"\/>\n\n<h2 class=\"wp-block-heading\">Az \u00d6n szem\u00e9lyes adatainak gy\u0171jt\u00e9se \u00e9s felhaszn\u00e1l\u00e1sa<\/h2>\n\n<h3 class=\"wp-block-heading\">Az \u00f6sszegy\u0171jt\u00f6tt adatok t\u00edpusai<\/h3>\n\n<h4 class=\"wp-block-heading\">Szem\u00e9lyes adatok<\/h4>\n\n<p>Szolg\u00e1ltat\u00e1sunk haszn\u00e1lata sor\u00e1n k\u00e9rhetj\u00fck \u00d6nt\u0151l szem\u00e9lyazonos\u00edt\u00e1sra alkalmas inform\u00e1ci\u00f3k megad\u00e1s\u00e1ra, t\u00f6bbek k\u00f6z\u00f6tt, de nem kiz\u00e1r\u00f3lagosan:<\/p>\n\n<ul class=\"wp-block-list\">\n<li>N\u00e9v<\/li>\n\n\n\n<li>E-mail c\u00edm<\/li>\n\n\n\n<li>Telefonsz\u00e1m<\/li>\n\n\n\n<li>Sz\u00e1ml\u00e1z\u00e1si \u00e9s sz\u00e1ll\u00edt\u00e1si c\u00edm<\/li>\n\n\n\n<li>Fizet\u00e9si adatok (biztons\u00e1gos feldolgoz\u00e1s harmadik f\u00e9l fizet\u00e9si szolg\u00e1ltat\u00f3kon kereszt\u00fcl)<\/li>\n<\/ul>\n\n<h4 class=\"wp-block-heading\">Felhaszn\u00e1l\u00e1si adatok<\/h4>\n\n<p>Automatikusan gy\u0171jthet\u00fcnk adatokat az \u00d6n \u00e9s a Szolg\u00e1ltat\u00e1s k\u00f6z\u00f6tti interakci\u00f3kr\u00f3l, bele\u00e9rtve:<\/p>\n\n<ul class=\"wp-block-list\">\n<li>IP-c\u00edm<\/li>\n\n\n\n<li>B\u00f6ng\u00e9sz\u0151 t\u00edpusa \u00e9s verzi\u00f3ja<\/li>\n\n\n\n<li>Eszk\u00f6z t\u00edpusa<\/li>\n\n\n\n<li>Megl\u00e1togatott oldalak, az ezeken az oldalakon elt\u00f6lt\u00f6tt id\u0151 \u00e9s egy\u00e9b diagnosztikai adatok<\/li>\n<\/ul>\n\n<hr class=\"wp-block-separator has-alpha-channel-opacity\"\/>\n\n<h2 class=\"wp-block-heading\">Az \u00d6n szem\u00e9lyes adatainak felhaszn\u00e1l\u00e1sa<\/h2>\n\n<p>A T\u00e1rsas\u00e1g az \u00d6n szem\u00e9lyes adatait a k\u00f6vetkez\u0151 c\u00e9lokra haszn\u00e1lja fel:<\/p>\n\n<ol class=\"wp-block-list\">\n<li><strong>A szolg\u00e1ltat\u00e1s ny\u00fajt\u00e1sa<\/strong>:\n<ul class=\"wp-block-list\">\n<li>A megrendel\u00e9sek teljes\u00edt\u00e9se, bele\u00e9rtve a sz\u00e1ll\u00edt\u00e1si c\u00e9gekkel val\u00f3 adatmegoszt\u00e1st a kisz\u00e1ll\u00edt\u00e1s c\u00e9lj\u00e1b\u00f3l.<\/li>\n\n\n\n<li>Kezelje sz\u00e1ml\u00e1j\u00e1t \u00e9s tranzakci\u00f3it.<\/li>\n<\/ul>\n<\/li>\n\n\n\n<li><strong>Kommunik\u00e1ci\u00f3hoz<\/strong>:\n<ul class=\"wp-block-list\">\n<li>\u00c9rtes\u00edtj\u00fck \u00d6nt a Szolg\u00e1ltat\u00e1sunkkal kapcsolatos v\u00e1ltoz\u00e1sokr\u00f3l, vagy v\u00e1laszolunk a megkeres\u00e9sekre.<\/li>\n\n\n\n<li>prom\u00f3ci\u00f3s aj\u00e1nlatok vagy friss\u00edt\u00e9sek k\u00fcld\u00e9se, felt\u00e9ve, hogy \u00d6n nem tiltotta le.<\/li>\n<\/ul>\n<\/li>\n\n\n\n<li><strong>Szolg\u00e1ltat\u00e1sunk jav\u00edt\u00e1sa<\/strong>:\n<ul class=\"wp-block-list\">\n<li>A felhaszn\u00e1l\u00f3i viselked\u00e9s elemz\u00e9se a haszn\u00e1lhat\u00f3s\u00e1g \u00e9s a funkcionalit\u00e1s jav\u00edt\u00e1sa \u00e9rdek\u00e9ben.<\/li>\n\n\n\n<li>A m\u0171szaki probl\u00e9m\u00e1k felder\u00edt\u00e9se \u00e9s megel\u0151z\u00e9se.<\/li>\n<\/ul>\n<\/li>\n\n\n\n<li><strong>A jogi megfelel\u00e9s \u00e9rdek\u00e9ben<\/strong>:\n<ul class=\"wp-block-list\">\n<li>Jogi k\u00f6telezetts\u00e9gek teljes\u00edt\u00e9se vagy jogvit\u00e1k rendez\u00e9se.<\/li>\n<\/ul>\n<\/li>\n<\/ol>\n\n<hr class=\"wp-block-separator has-alpha-channel-opacity\"\/>\n\n<h2 class=\"wp-block-heading\">Szem\u00e9lyes adatainak megoszt\u00e1sa<\/h2>\n\n<p>Szem\u00e9lyes adatait megoszthatjuk a k\u00f6vetkez\u0151kkel:<\/p>\n\n<ol class=\"wp-block-list\">\n<li><strong>Szolg\u00e1ltat\u00f3k<\/strong>:\n<ul class=\"wp-block-list\">\n<li>Fizet\u00e9sfeldolgoz\u00e1s, analitika \u00e9s sz\u00e1ll\u00edt\u00e1si logisztika.<\/li>\n<\/ul>\n<\/li>\n\n\n\n<li><strong>\u00dczleti \u00e1truh\u00e1z\u00e1sok<\/strong>:\n<ul class=\"wp-block-list\">\n<li>Ha egyes\u00fcl\u00fcnk, eladjuk vagy \u00e1truh\u00e1zzuk eszk\u00f6zeink egy r\u00e9sz\u00e9t vagy eg\u00e9sz\u00e9t.<\/li>\n<\/ul>\n<\/li>\n\n\n\n<li><strong>Jogi hat\u00f3s\u00e1gok<\/strong>:\n<ul class=\"wp-block-list\">\n<li>Az alkalmazand\u00f3 t\u00f6rv\u00e9nyeknek vagy jogi elj\u00e1r\u00e1soknak megfelel\u0151en.<\/li>\n<\/ul>\n<\/li>\n\n\n\n<li><strong>Harmadik felek<\/strong>:\n<ul class=\"wp-block-list\">\n<li>Az \u00d6n kifejezett hozz\u00e1j\u00e1rul\u00e1s\u00e1val, meghat\u00e1rozott c\u00e9lokra.<\/li>\n<\/ul>\n<\/li>\n<\/ol>\n\n<hr class=\"wp-block-separator has-alpha-channel-opacity\"\/>\n\n<h2 class=\"wp-block-heading\">Az \u00d6n jogai a GDPR \u00e9rtelm\u00e9ben<\/h2>\n\n<p>Ha \u00d6n az Eur\u00f3pai Gazdas\u00e1gi T\u00e9rs\u00e9g (EGT) lakosa, a GDPR \u00e9rtelm\u00e9ben a k\u00f6vetkez\u0151 jogokkal rendelkezik:<\/p>\n\n<h3 class=\"wp-block-heading\">1. Hozz\u00e1f\u00e9r\u00e9si jog \u00e9s adathordozhat\u00f3s\u00e1g<\/h3>\n\n<ul class=\"wp-block-list\">\n<li>M\u00e1solatot k\u00e9rhet az \u00d6nr\u0151l t\u00e1rolt szem\u00e9lyes adatokr\u00f3l.<\/li>\n\n\n\n<li>Az adatokat struktur\u00e1lt, \u00e1ltal\u00e1nosan haszn\u00e1lt \u00e9s g\u00e9ppel olvashat\u00f3 form\u00e1tumban kapja meg.<\/li>\n<\/ul>\n\n<h3 class=\"wp-block-heading\">2. A helyesb\u00edt\u00e9shez val\u00f3 jog<\/h3>\n\n<ul class=\"wp-block-list\">\n<li>k\u00e9rheti a pontatlan vagy hi\u00e1nyos Szem\u00e9lyes adatok helyesb\u00edt\u00e9s\u00e9t.<\/li>\n<\/ul>\n\n<h3 class=\"wp-block-heading\">3. T\u00f6rl\u00e9shez val\u00f3 jog (&#8222;Elfeledtet\u00e9shez val\u00f3 jog&#8221;)<\/h3>\n\n<ul class=\"wp-block-list\">\n<li>bizonyos felt\u00e9telek mellett k\u00e9rheti szem\u00e9lyes adatainak t\u00f6rl\u00e9s\u00e9t, p\u00e9ld\u00e1ul ha azokra m\u00e1r nincs sz\u00fcks\u00e9g azokhoz a c\u00e9lokhoz, amelyekhez azokat gy\u0171jt\u00f6tt\u00e9k.<\/li>\n<\/ul>\n\n<h3 class=\"wp-block-heading\">4. A feldolgoz\u00e1s korl\u00e1toz\u00e1s\u00e1hoz val\u00f3 jog<\/h3>\n\n<ul class=\"wp-block-list\">\n<li>K\u00e9rheti, hogy bizonyos k\u00f6r\u00fclm\u00e9nyek k\u00f6z\u00f6tt f\u00fcggessz\u00fck fel az \u00d6n szem\u00e9lyes adatainak feldolgoz\u00e1s\u00e1t.<\/li>\n<\/ul>\n\n<h3 class=\"wp-block-heading\">5. Tiltakoz\u00e1shoz val\u00f3 jog<\/h3>\n\n<ul class=\"wp-block-list\">\n<li>Tiltakozhat szem\u00e9lyes adatainak feldolgoz\u00e1sa ellen, amennyiben az jogos \u00e9rdekeken vagy k\u00f6zvetlen marketingtev\u00e9kenys\u00e9gen alapul.<\/li>\n<\/ul>\n\n<h3 class=\"wp-block-heading\">6. A hozz\u00e1j\u00e1rul\u00e1s visszavon\u00e1s\u00e1nak joga<\/h3>\n\n<ul class=\"wp-block-list\">\n<li>B\u00e1rmikor visszavonhatja a hozz\u00e1j\u00e1rul\u00e1s\u00e1t, amennyiben a feldolgoz\u00e1s az \u00d6n hozz\u00e1j\u00e1rul\u00e1s\u00e1n alapul.<\/li>\n<\/ul>\n\n<h3 class=\"wp-block-heading\">7. Panaszt\u00e9telhez val\u00f3 jog<\/h3>\n\n<ul class=\"wp-block-list\">\n<li>Panaszt ny\u00fajthat be egy fel\u00fcgyeleti hat\u00f3s\u00e1gn\u00e1l, ha \u00fagy v\u00e9li, hogy nem tartottuk be a GDPR-k\u00f6telezetts\u00e9geket.<\/li>\n<\/ul>\n\n<p>Ezen jogok b\u00e1rmelyik\u00e9nek gyakorl\u00e1s\u00e1hoz k\u00e9rj\u00fck, l\u00e9pjen kapcsolatba vel\u00fcnk a <a href=\"mailto:hello@chacrys.com\">hello@chacrys.com<\/a> c\u00edmen.<\/p>\n\n<hr class=\"wp-block-separator has-alpha-channel-opacity\"\/>\n\n<h2 class=\"wp-block-heading\">A CCPA szerinti jogai<\/h2>\n\n<p>Ha \u00d6n kaliforniai lakos, a CCPA \u00e9rtelm\u00e9ben a k\u00f6vetkez\u0151 jogokkal rendelkezik:<\/p>\n\n<h3 class=\"wp-block-heading\">1. Tud\u00e1shoz val\u00f3 jog<\/h3>\n\n<ul class=\"wp-block-list\">\n<li>Inform\u00e1ci\u00f3t k\u00e9rhet az \u00e1ltalunk gy\u0171jt\u00f6tt szem\u00e9lyes adatok kateg\u00f3ri\u00e1ir\u00f3l \u00e9s konkr\u00e9t darabjair\u00f3l.<\/li>\n<\/ul>\n\n<h3 class=\"wp-block-heading\">2. T\u00f6rl\u00e9s joga<\/h3>\n\n<ul class=\"wp-block-list\">\n<li>bizonyos kiv\u00e9telekt\u0151l eltekintve (pl. tranzakci\u00f3 v\u00e9grehajt\u00e1sa vagy jogi k\u00f6telezetts\u00e9geknek val\u00f3 megfelel\u00e9s) k\u00e9rheti szem\u00e9lyes adatainak t\u00f6rl\u00e9s\u00e9t.<\/li>\n<\/ul>\n\n<h3 class=\"wp-block-heading\">3. A szem\u00e9lyes adatok elad\u00e1s\u00e1b\u00f3l val\u00f3 kil\u00e9p\u00e9s joga<\/h3>\n\n<ul class=\"wp-block-list\">\n<li>Utas\u00edtson minket, hogy ne adjuk el szem\u00e9lyes adatait harmadik f\u00e9lnek.<\/li>\n<\/ul>\n\n<h3 class=\"wp-block-heading\">4. A megk\u00fcl\u00f6nb\u00f6ztet\u00e9smentess\u00e9ghez val\u00f3 jog<\/h3>\n\n<ul class=\"wp-block-list\">\n<li>Gyakorolja adatv\u00e9delmi jogait megk\u00fcl\u00f6nb\u00f6ztet\u00e9s n\u00e9lk\u00fcl, bele\u00e9rtve az egyenl\u0151 \u00e1rk\u00e9pz\u00e9st \u00e9s szolg\u00e1ltat\u00e1st.<\/li>\n<\/ul>\n\n<p>Ha k\u00e9rv\u00e9nyt szeretne beny\u00fajtani, k\u00e9rj\u00fck, vegye fel vel\u00fcnk a kapcsolatot a <a href=\"mailto:hello@chacrys.com\">hello@chacrys.com<\/a> c\u00edmen. A k\u00e9r\u00e9s feldolgoz\u00e1sa el\u0151tt ellen\u0151rizz\u00fck szem\u00e9lyazonoss\u00e1g\u00e1t. <\/p>\n\n<hr class=\"wp-block-separator has-alpha-channel-opacity\"\/>\n\n<h2 class=\"wp-block-heading\">Az \u00d6n szem\u00e9lyes adatainak meg\u0151rz\u00e9se<\/h2>\n\n<p>Szem\u00e9lyes adatait csak addig \u0151rizz\u00fck meg, ameddig az a jelen Adatv\u00e9delmi szab\u00e1lyzatban meghat\u00e1rozott c\u00e9lok teljes\u00edt\u00e9s\u00e9hez sz\u00fcks\u00e9ges, bele\u00e9rtve a jogi k\u00f6telezetts\u00e9geknek val\u00f3 megfelel\u00e9st \u00e9s a vit\u00e1k rendez\u00e9s\u00e9t.<\/p>\n\n<hr class=\"wp-block-separator has-alpha-channel-opacity\"\/>\n\n<h2 class=\"wp-block-heading\">Az \u00d6n szem\u00e9lyes adatainak biztons\u00e1ga<\/h2>\n\n<p>Kereskedelmi szempontb\u00f3l \u00e9sszer\u0171 int\u00e9zked\u00e9seket hajtunk v\u00e9gre az \u00d6n adatainak v\u00e9delme \u00e9rdek\u00e9ben. Azonban az interneten kereszt\u00fcl t\u00f6rt\u00e9n\u0151 tov\u00e1bb\u00edt\u00e1s vagy az elektronikus t\u00e1rol\u00e1s egyetlen m\u00f3dja sem teljesen biztons\u00e1gos, \u00e9s nem tudjuk garant\u00e1lni az abszol\u00fat biztons\u00e1got. <\/p>\n\n<hr class=\"wp-block-separator has-alpha-channel-opacity\"\/>\n\n<h2 class=\"wp-block-heading\">S\u00fctik \u00e9s nyomk\u00f6vet\u0151 technol\u00f3gi\u00e1k<\/h2>\n\n<p>S\u00fctiket \u00e9s hasonl\u00f3 technol\u00f3gi\u00e1kat haszn\u00e1lunk az \u00d6n tev\u00e9kenys\u00e9g\u00e9nek nyomon k\u00f6vet\u00e9s\u00e9re \u00e9s a Szolg\u00e1ltat\u00e1sunk fejleszt\u00e9s\u00e9re.<\/p>\n\n<h3 class=\"wp-block-heading\">A haszn\u00e1lt s\u00fctik t\u00edpusai<\/h3>\n\n<ol class=\"wp-block-list\">\n<li><strong>Sz\u00fcks\u00e9ges s\u00fctik<\/strong>: Alapvet\u0151 fontoss\u00e1g\u00faak az alapvet\u0151 funkci\u00f3khoz, mint p\u00e9ld\u00e1ul a fi\u00f3khoz val\u00f3 hozz\u00e1f\u00e9r\u00e9s \u00e9s a tranzakci\u00f3k.<\/li>\n\n\n\n<li><strong>Preferencia s\u00fctik<\/strong>: Az \u00d6n preferenci\u00e1it, p\u00e9ld\u00e1ul a nyelvet \u00e9s a tart\u00f3zkod\u00e1si helyet t\u00e1rolj\u00e1k.<\/li>\n\n\n\n<li><strong>Analitikai s\u00fctik<\/strong>: Seg\u00edts\u00e9g\u00fckkel elemezhetj\u00fck a haszn\u00e1lati szok\u00e1sokat, hogy jav\u00edthassuk szolg\u00e1ltat\u00e1sunkat.<\/li>\n\n\n\n<li><strong>Rekl\u00e1ms\u00fctik<\/strong>: Szem\u00e9lyre szabott hirdet\u00e9sek megjelen\u00edt\u00e9se \u00e9s a kamp\u00e1nyok teljes\u00edtm\u00e9ny\u00e9nek m\u00e9r\u00e9se.<\/li>\n<\/ol>\n\n<p>A s\u00fctiket a b\u00f6ng\u00e9sz\u0151 be\u00e1ll\u00edt\u00e1sain kereszt\u00fcl szab\u00e1lyozhatja. Tov\u00e1bbi inform\u00e1ci\u00f3k\u00e9rt l\u00e1togasson el a <a href=\"http:\/\/www.allaboutcookies.org\/\">www.allaboutcookies.org<\/a> weboldalra. <\/p>\n\n<hr class=\"wp-block-separator has-alpha-channel-opacity\"\/>\n\n<h2 class=\"wp-block-heading\">Az Adatv\u00e9delmi szab\u00e1lyzat m\u00f3dos\u00edt\u00e1sai<\/h2>\n\n<p>Ezt az Adatv\u00e9delmi szab\u00e1lyzatot rendszeresen friss\u00edthetj\u00fck. A v\u00e1ltoz\u00e1sokat itt tessz\u00fck k\u00f6zz\u00e9, \u00e9s a jelent\u0151s friss\u00edt\u00e9seket k\u00f6zvetlen\u00fcl k\u00f6z\u00f6lj\u00fck. <\/p>\n\n<hr class=\"wp-block-separator has-alpha-channel-opacity\"\/>\n\n<h2 class=\"wp-block-heading\">Kapcsolatfelv\u00e9tel<\/h2>\n\n<p>Ha k\u00e9rd\u00e9se van a jelen Adatv\u00e9delmi ir\u00e1nyelvekkel kapcsolatban, vagy \u00e9lni k\u00edv\u00e1n a jogaival, l\u00e9pjen kapcsolatba vel\u00fcnk a k\u00f6vetkez\u0151 c\u00edmen:<\/p>\n\n<ul class=\"wp-block-list\">\n<li><strong>E-mail<\/strong>: <a href=\"mailto:hello@chacrys.com\">hello@chacrys.com<\/a><\/li>\n<\/ul>\n\n<p><\/p>\n","protected":false},"excerpt":{"rendered":"<p>Adatv\u00e9delmi ir\u00e1nyelvek Hat\u00e1lyos d\u00e1tum: [26 .11.2024]Utols\u00f3 friss\u00edt\u00e9s: [01 .12.2024] Ez az Adatv\u00e9delmi szab\u00e1lyzat ismerteti a Szolg\u00e1ltat\u00e1sunk haszn\u00e1lata sor\u00e1n az \u00d6n<\/p>\n","protected":false},"author":1,"featured_media":0,"parent":0,"menu_order":0,"comment_status":"closed","ping_status":"open","template":"","meta":{"footnotes":""},"class_list":["post-31630","page","type-page","status-publish","hentry"],"yoast_head":"<!-- This site is optimized with the Yoast SEO plugin v27.3 - https:\/\/yoast.com\/product\/yoast-seo-wordpress\/ -->\n<title>Adatv\u00e9delmi ir\u00e1nyelvek - Chacrys<\/title>\n<meta name=\"robots\" content=\"index, follow, max-snippet:-1, max-image-preview:large, max-video-preview:-1\" \/>\n<link rel=\"canonical\" href=\"https:\/\/chacrys.com\/hu\/adatvedelmi-iranyelvek\/\" \/>\n<meta property=\"og:locale\" content=\"hu_HU\" \/>\n<meta property=\"og:type\" content=\"article\" \/>\n<meta property=\"og:title\" content=\"Adatv\u00e9delmi ir\u00e1nyelvek - Chacrys\" \/>\n<meta property=\"og:description\" content=\"Adatv\u00e9delmi ir\u00e1nyelvek Hat\u00e1lyos d\u00e1tum: [26 .11.2024]Utols\u00f3 friss\u00edt\u00e9s: [01 .12.2024] Ez az Adatv\u00e9delmi szab\u00e1lyzat ismerteti a Szolg\u00e1ltat\u00e1sunk haszn\u00e1lata sor\u00e1n az \u00d6n\" \/>\n<meta property=\"og:url\" content=\"https:\/\/chacrys.com\/hu\/adatvedelmi-iranyelvek\/\" \/>\n<meta property=\"og:site_name\" content=\"Chacrys\" \/>\n<meta property=\"article:publisher\" content=\"https:\/\/www.facebook.com\/chacryscrystal\" \/>\n<meta property=\"article:modified_time\" content=\"2024-12-02T12:00:19+00:00\" \/>\n<meta name=\"twitter:card\" content=\"summary_large_image\" \/>\n<meta name=\"twitter:label1\" content=\"Becs\u00fclt olvas\u00e1si id\u0151\" \/>\n\t<meta name=\"twitter:data1\" content=\"8 perc\" \/>\n<script type=\"application\/ld+json\" class=\"yoast-schema-graph\">{\"@context\":\"https:\\\/\\\/schema.org\",\"@graph\":[{\"@type\":\"WebPage\",\"@id\":\"https:\\\/\\\/chacrys.com\\\/hu\\\/adatvedelmi-iranyelvek\\\/\",\"url\":\"https:\\\/\\\/chacrys.com\\\/hu\\\/adatvedelmi-iranyelvek\\\/\",\"name\":\"Adatv\u00e9delmi ir\u00e1nyelvek - Chacrys\",\"isPartOf\":{\"@id\":\"https:\\\/\\\/chacrys.com\\\/hu\\\/#website\"},\"datePublished\":\"2024-11-20T14:11:53+00:00\",\"dateModified\":\"2024-12-02T12:00:19+00:00\",\"breadcrumb\":{\"@id\":\"https:\\\/\\\/chacrys.com\\\/hu\\\/adatvedelmi-iranyelvek\\\/#breadcrumb\"},\"inLanguage\":\"hu\",\"potentialAction\":[{\"@type\":\"ReadAction\",\"target\":[\"https:\\\/\\\/chacrys.com\\\/hu\\\/adatvedelmi-iranyelvek\\\/\"]}]},{\"@type\":\"BreadcrumbList\",\"@id\":\"https:\\\/\\\/chacrys.com\\\/hu\\\/adatvedelmi-iranyelvek\\\/#breadcrumb\",\"itemListElement\":[{\"@type\":\"ListItem\",\"position\":1,\"name\":\"Home\",\"item\":\"https:\\\/\\\/chacrys.com\\\/hu\\\/\"},{\"@type\":\"ListItem\",\"position\":2,\"name\":\"Adatv\u00e9delmi ir\u00e1nyelvek\"}]},{\"@type\":\"WebSite\",\"@id\":\"https:\\\/\\\/chacrys.com\\\/hu\\\/#website\",\"url\":\"https:\\\/\\\/chacrys.com\\\/hu\\\/\",\"name\":\"Chacrys\",\"description\":\"Chacrys\",\"publisher\":{\"@id\":\"https:\\\/\\\/chacrys.com\\\/hu\\\/#organization\"},\"potentialAction\":[{\"@type\":\"SearchAction\",\"target\":{\"@type\":\"EntryPoint\",\"urlTemplate\":\"https:\\\/\\\/chacrys.com\\\/hu\\\/?s={search_term_string}\"},\"query-input\":{\"@type\":\"PropertyValueSpecification\",\"valueRequired\":true,\"valueName\":\"search_term_string\"}}],\"inLanguage\":\"hu\"},{\"@type\":\"Organization\",\"@id\":\"https:\\\/\\\/chacrys.com\\\/hu\\\/#organization\",\"name\":\"Chacrys\",\"url\":\"https:\\\/\\\/chacrys.com\\\/hu\\\/\",\"logo\":{\"@type\":\"ImageObject\",\"inLanguage\":\"hu\",\"@id\":\"https:\\\/\\\/chacrys.com\\\/hu\\\/#\\\/schema\\\/logo\\\/image\\\/\",\"url\":\"https:\\\/\\\/chacrys.com\\\/wp-content\\\/uploads\\\/2024\\\/11\\\/cropped-FRANJULIA-6.png\",\"contentUrl\":\"https:\\\/\\\/chacrys.com\\\/wp-content\\\/uploads\\\/2024\\\/11\\\/cropped-FRANJULIA-6.png\",\"width\":512,\"height\":512,\"caption\":\"Chacrys\"},\"image\":{\"@id\":\"https:\\\/\\\/chacrys.com\\\/hu\\\/#\\\/schema\\\/logo\\\/image\\\/\"},\"sameAs\":[\"https:\\\/\\\/www.facebook.com\\\/chacryscrystal\",\"https:\\\/\\\/www.instagram.com\\\/chacrys\\\/\",\"https:\\\/\\\/www.pinterest.com\\\/chacryscrystalbed\\\/\",\"https:\\\/\\\/www.youtube.com\\\/@chacrysofficial9667\"]}]}<\/script>\n<!-- \/ Yoast SEO plugin. -->","yoast_head_json":{"title":"Adatv\u00e9delmi ir\u00e1nyelvek - Chacrys","robots":{"index":"index","follow":"follow","max-snippet":"max-snippet:-1","max-image-preview":"max-image-preview:large","max-video-preview":"max-video-preview:-1"},"canonical":"https:\/\/chacrys.com\/hu\/adatvedelmi-iranyelvek\/","og_locale":"hu_HU","og_type":"article","og_title":"Adatv\u00e9delmi ir\u00e1nyelvek - Chacrys","og_description":"Adatv\u00e9delmi ir\u00e1nyelvek Hat\u00e1lyos d\u00e1tum: [26 .11.2024]Utols\u00f3 friss\u00edt\u00e9s: [01 .12.2024] Ez az Adatv\u00e9delmi szab\u00e1lyzat ismerteti a Szolg\u00e1ltat\u00e1sunk haszn\u00e1lata sor\u00e1n az \u00d6n","og_url":"https:\/\/chacrys.com\/hu\/adatvedelmi-iranyelvek\/","og_site_name":"Chacrys","article_publisher":"https:\/\/www.facebook.com\/chacryscrystal","article_modified_time":"2024-12-02T12:00:19+00:00","twitter_card":"summary_large_image","twitter_misc":{"Becs\u00fclt olvas\u00e1si id\u0151":"8 perc"},"schema":{"@context":"https:\/\/schema.org","@graph":[{"@type":"WebPage","@id":"https:\/\/chacrys.com\/hu\/adatvedelmi-iranyelvek\/","url":"https:\/\/chacrys.com\/hu\/adatvedelmi-iranyelvek\/","name":"Adatv\u00e9delmi ir\u00e1nyelvek - Chacrys","isPartOf":{"@id":"https:\/\/chacrys.com\/hu\/#website"},"datePublished":"2024-11-20T14:11:53+00:00","dateModified":"2024-12-02T12:00:19+00:00","breadcrumb":{"@id":"https:\/\/chacrys.com\/hu\/adatvedelmi-iranyelvek\/#breadcrumb"},"inLanguage":"hu","potentialAction":[{"@type":"ReadAction","target":["https:\/\/chacrys.com\/hu\/adatvedelmi-iranyelvek\/"]}]},{"@type":"BreadcrumbList","@id":"https:\/\/chacrys.com\/hu\/adatvedelmi-iranyelvek\/#breadcrumb","itemListElement":[{"@type":"ListItem","position":1,"name":"Home","item":"https:\/\/chacrys.com\/hu\/"},{"@type":"ListItem","position":2,"name":"Adatv\u00e9delmi ir\u00e1nyelvek"}]},{"@type":"WebSite","@id":"https:\/\/chacrys.com\/hu\/#website","url":"https:\/\/chacrys.com\/hu\/","name":"Chacrys","description":"Chacrys","publisher":{"@id":"https:\/\/chacrys.com\/hu\/#organization"},"potentialAction":[{"@type":"SearchAction","target":{"@type":"EntryPoint","urlTemplate":"https:\/\/chacrys.com\/hu\/?s={search_term_string}"},"query-input":{"@type":"PropertyValueSpecification","valueRequired":true,"valueName":"search_term_string"}}],"inLanguage":"hu"},{"@type":"Organization","@id":"https:\/\/chacrys.com\/hu\/#organization","name":"Chacrys","url":"https:\/\/chacrys.com\/hu\/","logo":{"@type":"ImageObject","inLanguage":"hu","@id":"https:\/\/chacrys.com\/hu\/#\/schema\/logo\/image\/","url":"https:\/\/chacrys.com\/wp-content\/uploads\/2024\/11\/cropped-FRANJULIA-6.png","contentUrl":"https:\/\/chacrys.com\/wp-content\/uploads\/2024\/11\/cropped-FRANJULIA-6.png","width":512,"height":512,"caption":"Chacrys"},"image":{"@id":"https:\/\/chacrys.com\/hu\/#\/schema\/logo\/image\/"},"sameAs":["https:\/\/www.facebook.com\/chacryscrystal","https:\/\/www.instagram.com\/chacrys\/","https:\/\/www.pinterest.com\/chacryscrystalbed\/","https:\/\/www.youtube.com\/@chacrysofficial9667"]}]}},"_links":{"self":[{"href":"https:\/\/chacrys.com\/hu\/wp-json\/wp\/v2\/pages\/31630","targetHints":{"allow":["GET"]}}],"collection":[{"href":"https:\/\/chacrys.com\/hu\/wp-json\/wp\/v2\/pages"}],"about":[{"href":"https:\/\/chacrys.com\/hu\/wp-json\/wp\/v2\/types\/page"}],"author":[{"embeddable":true,"href":"https:\/\/chacrys.com\/hu\/wp-json\/wp\/v2\/users\/1"}],"replies":[{"embeddable":true,"href":"https:\/\/chacrys.com\/hu\/wp-json\/wp\/v2\/comments?post=31630"}],"version-history":[{"count":1,"href":"https:\/\/chacrys.com\/hu\/wp-json\/wp\/v2\/pages\/31630\/revisions"}],"predecessor-version":[{"id":31631,"href":"https:\/\/chacrys.com\/hu\/wp-json\/wp\/v2\/pages\/31630\/revisions\/31631"}],"wp:attachment":[{"href":"https:\/\/chacrys.com\/hu\/wp-json\/wp\/v2\/media?parent=31630"}],"curies":[{"name":"wp","href":"https:\/\/api.w.org\/{rel}","templated":true}]}}