{"id":31308,"date":"2024-11-26T08:26:31","date_gmt":"2024-11-26T08:26:31","guid":{"rendered":"https:\/\/chacrys.com\/disclaimer\/"},"modified":"2024-12-02T10:20:12","modified_gmt":"2024-12-02T10:20:12","slug":"disclaimer","status":"publish","type":"page","link":"https:\/\/chacrys.com\/hu\/disclaimer\/","title":{"rendered":"Felel\u0151ss\u00e9gi nyilatkozat"},"content":{"rendered":"\n<h1 class=\"wp-block-heading\">Felel\u0151ss\u00e9gi nyilatkozat<\/h1>\n\n<p>A <strong>chacrys.com<\/strong> oldalon tal\u00e1lhat\u00f3 inform\u00e1ci\u00f3k \u00e9s a kapcsol\u00f3d\u00f3 anyagok, bele\u00e9rtve, de nem kiz\u00e1r\u00f3lagosan a k\u00e9pz\u00e9si tartalmakat, \u00fatmutat\u00f3kat \u00e9s inform\u00e1ci\u00f3s forr\u00e1sokat, <strong>kiz\u00e1r\u00f3lag oktat\u00e1si \u00e9s t\u00e1j\u00e9koztat\u00e1si c\u00e9l<\/strong>okat szolg\u00e1lnak. Az ezekben az anyagokban ismertetett technik\u00e1k, gyakorlatok \u00e9s aj\u00e1nl\u00e1sok nem szolg\u00e1lnak betegs\u00e9gek vagy eg\u00e9szs\u00e9g\u00fcgyi \u00e1llapotok diagnosztiz\u00e1l\u00e1s\u00e1ra, kezel\u00e9s\u00e9re, gy\u00f3gy\u00edt\u00e1s\u00e1ra vagy megel\u0151z\u00e9s\u00e9re. <\/p>\n\n<p>Er\u0151sen javasoljuk minden felhaszn\u00e1l\u00f3nak, hogy <strong>konzult\u00e1ljon k\u00e9pzett eg\u00e9szs\u00e9g\u00fcgyi szakemberrel vagy orvossal<\/strong>, miel\u0151tt b\u00e1rmilyen, az anyagainkban le\u00edrt gyakorlatot vagy technik\u00e1t alkalmazna. A term\u00e9keinkkel kapcsolatos egy\u00e9ni tapasztalatok elt\u00e9r\u0151ek lehetnek, \u00e9s <strong>semmilyen konkr\u00e9t eredm\u00e9ny vagy eredm\u00e9ny nem garant\u00e1lhat\u00f3<\/strong>. <\/p>\n\n<h3 class=\"wp-block-heading\"><strong>Az inform\u00e1ci\u00f3 pontoss\u00e1ga<\/strong><\/h3>\n\n<p>B\u00e1r minden er\u0151fesz\u00edt\u00e9st megtett\u00fcnk a <strong>chacrys.com<\/strong> oldalon tal\u00e1lhat\u00f3 inform\u00e1ci\u00f3k pontoss\u00e1g\u00e1nak \u00e9s teljess\u00e9g\u00e9nek biztos\u00edt\u00e1sa \u00e9rdek\u00e9ben, nem v\u00e1llalunk semmilyen kifejezett vagy hallgat\u00f3lagos garanci\u00e1t vagy szavatoss\u00e1got a tartalom pontoss\u00e1g\u00e1ra, megb\u00edzhat\u00f3s\u00e1g\u00e1ra vagy teljess\u00e9g\u00e9re vonatkoz\u00f3an. A felhaszn\u00e1l\u00f3kat arra \u00f6szt\u00f6n\u00f6zz\u00fck, hogy miel\u0151tt b\u00e1rmilyen inform\u00e1ci\u00f3ra hagyatkozn\u00e1nak, ellen\u0151rizz\u00e9k azt \u00f6n\u00e1ll\u00f3an. <\/p>\n\n<h3 class=\"wp-block-heading\"><strong>A felel\u0151ss\u00e9g korl\u00e1toz\u00e1sa<\/strong><\/h3>\n\n<p>A <strong>chacrys.com<\/strong> oldalon tal\u00e1lhat\u00f3 anyagok el\u00e9r\u00e9s\u00e9vel \u00e9s haszn\u00e1lat\u00e1val a felhaszn\u00e1l\u00f3k elfogadj\u00e1k, hogy:<\/p>\n\n<ol class=\"wp-block-list\">\n<li>Felmenti, k\u00e1rtalan\u00edtja \u00e9s \u00e1rtalmatlan\u00edtja <strong>a chacrys.com-ot<\/strong>, annak tulajdonosait, alkot\u00f3it \u00e9s partnereit minden olyan k\u00f6vetel\u00e9s, k\u00e1r vagy felel\u0151ss\u00e9g al\u00f3l, amely a bemutatott inform\u00e1ci\u00f3k haszn\u00e1lat\u00e1b\u00f3l ered.<\/li>\n\n\n\n<li>Teljes felel\u0151ss\u00e9get v\u00e1llalnak a rendelkez\u00e9s\u00fckre bocs\u00e1tott technik\u00e1k, term\u00e9kek vagy aj\u00e1nl\u00e1sok haszn\u00e1lat\u00e1\u00e9rt.<\/li>\n<\/ol>\n\n<p>A <strong>Chacrys.com<\/strong> \u00e9s alkot\u00f3i nem v\u00e1llalnak felel\u0151ss\u00e9get semmilyen k\u00f6zvetlen, k\u00f6zvetett, v\u00e9letlen, k\u00f6vetkezm\u00e9nyes vagy k\u00fcl\u00f6nleges k\u00e1r\u00e9rt, amely a rendelkez\u00e9sre bocs\u00e1tott anyagok haszn\u00e1lat\u00e1b\u00f3l vagy helytelen haszn\u00e1lat\u00e1b\u00f3l ered.<\/p>\n\n<h3 class=\"wp-block-heading\"><strong>Szerz\u0151i jog \u00e9s szellemi tulajdon<\/strong><\/h3>\n\n<p>A <strong>chacrys.com<\/strong> oldalon el\u00e9rhet\u0151 anyagok, bele\u00e9rtve a k\u00e9pz\u00e9si forr\u00e1sokat \u00e9s \u00fatmutat\u00f3kat, <strong>szerz\u0151i jogi v\u00e9delem alatt<\/strong> \u00e1llnak. Ezeket az anyagokat a <strong>Chacrys s.r.o.<\/strong> el\u0151zetes \u00edr\u00e1sbeli enged\u00e9lye n\u00e9lk\u00fcl semmilyen form\u00e1ban \u00e9s semmilyen m\u00f3don nem lehet reproduk\u00e1lni, terjeszteni vagy tov\u00e1bb\u00edtani <strong>.<\/strong> <\/p>\n\n<h3 class=\"wp-block-heading\"><strong>Elismer\u00e9s \u00e9s meg\u00e1llapod\u00e1s<\/strong><\/h3>\n\n<p>A <strong>chacrys.com<\/strong> oldalon tal\u00e1lhat\u00f3 anyagok el\u00e9r\u00e9s\u00e9vel \u00e9s haszn\u00e1lat\u00e1val a felhaszn\u00e1l\u00f3k tudom\u00e1sul veszik, hogy:<\/p>\n\n<ol class=\"wp-block-list\">\n<li>Elolvast\u00e1k, meg\u00e9rtett\u00e9k \u00e9s beleegyeztek, hogy a jelen nyilatkozatban foglalt valamennyi felt\u00e9telnek megfelelnek.<\/li>\n\n\n\n<li>Elfogadj\u00e1k a <strong>chacrys.com<\/strong> weboldalon tal\u00e1lhat\u00f3 tov\u00e1bbi felhaszn\u00e1l\u00e1si felt\u00e9telek betart\u00e1s\u00e1t.<\/li>\n<\/ol>\n\n<p>Ez a kiz\u00e1r\u00f3 nyilatkozat el\u0151zetes \u00e9rtes\u00edt\u00e9s n\u00e9lk\u00fcl v\u00e1ltozhat. A felhaszn\u00e1l\u00f3kat arra \u00f6szt\u00f6n\u00f6zz\u00fck, hogy rendszeresen tekints\u00e9k \u00e1t, hogy t\u00e1j\u00e9kozottak legyenek a friss\u00edt\u00e9sekr\u0151l. <\/p>\n\n<p><\/p>\n","protected":false},"excerpt":{"rendered":"<p>Felel\u0151ss\u00e9gi nyilatkozat A chacrys.com oldalon tal\u00e1lhat\u00f3 inform\u00e1ci\u00f3k \u00e9s a kapcsol\u00f3d\u00f3 anyagok, bele\u00e9rtve, de nem kiz\u00e1r\u00f3lagosan a k\u00e9pz\u00e9si tartalmakat, \u00fatmutat\u00f3kat \u00e9s<\/p>\n","protected":false},"author":1,"featured_media":0,"parent":0,"menu_order":0,"comment_status":"closed","ping_status":"closed","template":"","meta":{"footnotes":""},"class_list":["post-31308","page","type-page","status-publish","hentry"],"yoast_head":"<!-- This site is optimized with the Yoast SEO plugin v27.3 - https:\/\/yoast.com\/product\/yoast-seo-wordpress\/ -->\n<title>Felel\u0151ss\u00e9gi nyilatkozat - Chacrys<\/title>\n<meta name=\"robots\" content=\"noindex, follow\" \/>\n<meta property=\"og:locale\" content=\"hu_HU\" \/>\n<meta property=\"og:type\" content=\"article\" \/>\n<meta property=\"og:title\" content=\"Felel\u0151ss\u00e9gi nyilatkozat - Chacrys\" \/>\n<meta property=\"og:description\" content=\"Felel\u0151ss\u00e9gi nyilatkozat A chacrys.com oldalon tal\u00e1lhat\u00f3 inform\u00e1ci\u00f3k \u00e9s a kapcsol\u00f3d\u00f3 anyagok, bele\u00e9rtve, de nem kiz\u00e1r\u00f3lagosan a k\u00e9pz\u00e9si tartalmakat, \u00fatmutat\u00f3kat \u00e9s\" \/>\n<meta property=\"og:url\" content=\"https:\/\/chacrys.com\/hu\/disclaimer\/\" \/>\n<meta property=\"og:site_name\" content=\"Chacrys\" \/>\n<meta property=\"article:publisher\" content=\"https:\/\/www.facebook.com\/chacryscrystal\" \/>\n<meta property=\"article:modified_time\" content=\"2024-12-02T10:20:12+00:00\" \/>\n<meta name=\"twitter:card\" content=\"summary_large_image\" \/>\n<meta name=\"twitter:label1\" content=\"Becs\u00fclt olvas\u00e1si id\u0151\" \/>\n\t<meta name=\"twitter:data1\" content=\"3 perc\" \/>\n<script type=\"application\/ld+json\" class=\"yoast-schema-graph\">{\"@context\":\"https:\\\/\\\/schema.org\",\"@graph\":[{\"@type\":\"WebPage\",\"@id\":\"https:\\\/\\\/chacrys.com\\\/hu\\\/disclaimer\\\/\",\"url\":\"https:\\\/\\\/chacrys.com\\\/hu\\\/disclaimer\\\/\",\"name\":\"Felel\u0151ss\u00e9gi nyilatkozat - Chacrys\",\"isPartOf\":{\"@id\":\"https:\\\/\\\/chacrys.com\\\/hu\\\/#website\"},\"datePublished\":\"2024-11-26T08:26:31+00:00\",\"dateModified\":\"2024-12-02T10:20:12+00:00\",\"breadcrumb\":{\"@id\":\"https:\\\/\\\/chacrys.com\\\/hu\\\/disclaimer\\\/#breadcrumb\"},\"inLanguage\":\"hu\",\"potentialAction\":[{\"@type\":\"ReadAction\",\"target\":[\"https:\\\/\\\/chacrys.com\\\/hu\\\/disclaimer\\\/\"]}]},{\"@type\":\"BreadcrumbList\",\"@id\":\"https:\\\/\\\/chacrys.com\\\/hu\\\/disclaimer\\\/#breadcrumb\",\"itemListElement\":[{\"@type\":\"ListItem\",\"position\":1,\"name\":\"Home\",\"item\":\"https:\\\/\\\/chacrys.com\\\/hu\\\/\"},{\"@type\":\"ListItem\",\"position\":2,\"name\":\"Felel\u0151ss\u00e9gi nyilatkozat\"}]},{\"@type\":\"WebSite\",\"@id\":\"https:\\\/\\\/chacrys.com\\\/hu\\\/#website\",\"url\":\"https:\\\/\\\/chacrys.com\\\/hu\\\/\",\"name\":\"Chacrys\",\"description\":\"Chacrys\",\"publisher\":{\"@id\":\"https:\\\/\\\/chacrys.com\\\/hu\\\/#organization\"},\"potentialAction\":[{\"@type\":\"SearchAction\",\"target\":{\"@type\":\"EntryPoint\",\"urlTemplate\":\"https:\\\/\\\/chacrys.com\\\/hu\\\/?s={search_term_string}\"},\"query-input\":{\"@type\":\"PropertyValueSpecification\",\"valueRequired\":true,\"valueName\":\"search_term_string\"}}],\"inLanguage\":\"hu\"},{\"@type\":\"Organization\",\"@id\":\"https:\\\/\\\/chacrys.com\\\/hu\\\/#organization\",\"name\":\"Chacrys\",\"url\":\"https:\\\/\\\/chacrys.com\\\/hu\\\/\",\"logo\":{\"@type\":\"ImageObject\",\"inLanguage\":\"hu\",\"@id\":\"https:\\\/\\\/chacrys.com\\\/hu\\\/#\\\/schema\\\/logo\\\/image\\\/\",\"url\":\"https:\\\/\\\/chacrys.com\\\/wp-content\\\/uploads\\\/2024\\\/11\\\/cropped-FRANJULIA-6.png\",\"contentUrl\":\"https:\\\/\\\/chacrys.com\\\/wp-content\\\/uploads\\\/2024\\\/11\\\/cropped-FRANJULIA-6.png\",\"width\":512,\"height\":512,\"caption\":\"Chacrys\"},\"image\":{\"@id\":\"https:\\\/\\\/chacrys.com\\\/hu\\\/#\\\/schema\\\/logo\\\/image\\\/\"},\"sameAs\":[\"https:\\\/\\\/www.facebook.com\\\/chacryscrystal\",\"https:\\\/\\\/www.instagram.com\\\/chacrys\\\/\",\"https:\\\/\\\/www.pinterest.com\\\/chacryscrystalbed\\\/\",\"https:\\\/\\\/www.youtube.com\\\/@chacrysofficial9667\"]}]}<\/script>\n<!-- \/ Yoast SEO plugin. -->","yoast_head_json":{"title":"Felel\u0151ss\u00e9gi nyilatkozat - Chacrys","robots":{"index":"noindex","follow":"follow"},"og_locale":"hu_HU","og_type":"article","og_title":"Felel\u0151ss\u00e9gi nyilatkozat - Chacrys","og_description":"Felel\u0151ss\u00e9gi nyilatkozat A chacrys.com oldalon tal\u00e1lhat\u00f3 inform\u00e1ci\u00f3k \u00e9s a kapcsol\u00f3d\u00f3 anyagok, bele\u00e9rtve, de nem kiz\u00e1r\u00f3lagosan a k\u00e9pz\u00e9si tartalmakat, \u00fatmutat\u00f3kat \u00e9s","og_url":"https:\/\/chacrys.com\/hu\/disclaimer\/","og_site_name":"Chacrys","article_publisher":"https:\/\/www.facebook.com\/chacryscrystal","article_modified_time":"2024-12-02T10:20:12+00:00","twitter_card":"summary_large_image","twitter_misc":{"Becs\u00fclt olvas\u00e1si id\u0151":"3 perc"},"schema":{"@context":"https:\/\/schema.org","@graph":[{"@type":"WebPage","@id":"https:\/\/chacrys.com\/hu\/disclaimer\/","url":"https:\/\/chacrys.com\/hu\/disclaimer\/","name":"Felel\u0151ss\u00e9gi nyilatkozat - Chacrys","isPartOf":{"@id":"https:\/\/chacrys.com\/hu\/#website"},"datePublished":"2024-11-26T08:26:31+00:00","dateModified":"2024-12-02T10:20:12+00:00","breadcrumb":{"@id":"https:\/\/chacrys.com\/hu\/disclaimer\/#breadcrumb"},"inLanguage":"hu","potentialAction":[{"@type":"ReadAction","target":["https:\/\/chacrys.com\/hu\/disclaimer\/"]}]},{"@type":"BreadcrumbList","@id":"https:\/\/chacrys.com\/hu\/disclaimer\/#breadcrumb","itemListElement":[{"@type":"ListItem","position":1,"name":"Home","item":"https:\/\/chacrys.com\/hu\/"},{"@type":"ListItem","position":2,"name":"Felel\u0151ss\u00e9gi nyilatkozat"}]},{"@type":"WebSite","@id":"https:\/\/chacrys.com\/hu\/#website","url":"https:\/\/chacrys.com\/hu\/","name":"Chacrys","description":"Chacrys","publisher":{"@id":"https:\/\/chacrys.com\/hu\/#organization"},"potentialAction":[{"@type":"SearchAction","target":{"@type":"EntryPoint","urlTemplate":"https:\/\/chacrys.com\/hu\/?s={search_term_string}"},"query-input":{"@type":"PropertyValueSpecification","valueRequired":true,"valueName":"search_term_string"}}],"inLanguage":"hu"},{"@type":"Organization","@id":"https:\/\/chacrys.com\/hu\/#organization","name":"Chacrys","url":"https:\/\/chacrys.com\/hu\/","logo":{"@type":"ImageObject","inLanguage":"hu","@id":"https:\/\/chacrys.com\/hu\/#\/schema\/logo\/image\/","url":"https:\/\/chacrys.com\/wp-content\/uploads\/2024\/11\/cropped-FRANJULIA-6.png","contentUrl":"https:\/\/chacrys.com\/wp-content\/uploads\/2024\/11\/cropped-FRANJULIA-6.png","width":512,"height":512,"caption":"Chacrys"},"image":{"@id":"https:\/\/chacrys.com\/hu\/#\/schema\/logo\/image\/"},"sameAs":["https:\/\/www.facebook.com\/chacryscrystal","https:\/\/www.instagram.com\/chacrys\/","https:\/\/www.pinterest.com\/chacryscrystalbed\/","https:\/\/www.youtube.com\/@chacrysofficial9667"]}]}},"_links":{"self":[{"href":"https:\/\/chacrys.com\/hu\/wp-json\/wp\/v2\/pages\/31308","targetHints":{"allow":["GET"]}}],"collection":[{"href":"https:\/\/chacrys.com\/hu\/wp-json\/wp\/v2\/pages"}],"about":[{"href":"https:\/\/chacrys.com\/hu\/wp-json\/wp\/v2\/types\/page"}],"author":[{"embeddable":true,"href":"https:\/\/chacrys.com\/hu\/wp-json\/wp\/v2\/users\/1"}],"replies":[{"embeddable":true,"href":"https:\/\/chacrys.com\/hu\/wp-json\/wp\/v2\/comments?post=31308"}],"version-history":[{"count":2,"href":"https:\/\/chacrys.com\/hu\/wp-json\/wp\/v2\/pages\/31308\/revisions"}],"predecessor-version":[{"id":31413,"href":"https:\/\/chacrys.com\/hu\/wp-json\/wp\/v2\/pages\/31308\/revisions\/31413"}],"wp:attachment":[{"href":"https:\/\/chacrys.com\/hu\/wp-json\/wp\/v2\/media?parent=31308"}],"curies":[{"name":"wp","href":"https:\/\/api.w.org\/{rel}","templated":true}]}}