{"id":31263,"date":"2024-11-26T21:48:40","date_gmt":"2024-11-26T21:48:40","guid":{"rendered":"https:\/\/chacrys.com\/refund_returns\/"},"modified":"2024-12-02T10:11:13","modified_gmt":"2024-12-02T10:11:13","slug":"refund_returns","status":"publish","type":"page","link":"https:\/\/chacrys.com\/hu\/refund_returns\/","title":{"rendered":"Visszat\u00e9r\u00edt\u00e9si \u00e9s visszat\u00e9r\u00edt\u00e9si politika"},"content":{"rendered":"\n<h1 class=\"wp-block-heading\">Visszat\u00e9r\u00edt\u00e9si politika<\/h1>\n\n<p><strong>Hat\u00e1lyos d\u00e1tum<\/strong>:  [01 .12.2024]<\/p>\n\n<hr class=\"wp-block-separator has-alpha-channel-opacity\"\/>\n\n<p>C\u00e9lunk, hogy minden v\u00e1s\u00e1rl\u00e1sn\u00e1l biztos\u00edtsuk az \u00d6n el\u00e9gedetts\u00e9g\u00e9t. Az al\u00e1bbiakban a visszat\u00e9r\u00edt\u00e9si szab\u00e1lyzatunk felt\u00e9telei tal\u00e1lhat\u00f3k, hogy seg\u00edts\u00fcnk \u00d6nnek abban az esetben, ha vissza kell k\u00fcldenie egy term\u00e9ket. <\/p>\n\n<hr class=\"wp-block-separator has-alpha-channel-opacity\"\/>\n\n<h2 class=\"wp-block-heading\"><strong>14 napos visszak\u00fcld\u00e9si politika<\/strong><\/h2>\n\n<p>A term\u00e9k k\u00e9zhezv\u00e9tel\u00e9t k\u00f6vet\u0151en 14 nap \u00e1ll rendelkez\u00e9s\u00e9re, hogy visszak\u00e9rje a term\u00e9ket.<\/p>\n\n<h3 class=\"wp-block-heading\"><strong>Visszat\u00e9r\u00edt\u00e9sre val\u00f3 jogosults\u00e1g<\/strong><\/h3>\n\n<p>Visszat\u00e9r\u00edt\u00e9sre val\u00f3 jogosults\u00e1g:<\/p>\n\n<ul class=\"wp-block-list\">\n<li>A t\u00e1rgyaknak ugyanolyan \u00e1llapotban kell lenni\u00fck, mint ahogyan \u00e1tvett\u00e9k: nem viselt, nem haszn\u00e1lt, c\u00edmk\u00e9vel ell\u00e1tott \u00e9s eredeti csomagol\u00e1sban.<\/li>\n\n\n\n<li>A v\u00e1s\u00e1rl\u00e1st igazol\u00f3 bizonylatot, p\u00e9ld\u00e1ul nyugt\u00e1t, be kell ny\u00fajtani.<\/li>\n<\/ul>\n\n<h3 class=\"wp-block-heading\"><strong>Hogyan kezdem\u00e9nyezzen visszat\u00e9r\u00e9st<\/strong><\/h3>\n\n<p>Visszat\u00e9r\u00edt\u00e9s ind\u00edt\u00e1s\u00e1hoz l\u00e9pjen kapcsolatba vel\u00fcnk a k\u00f6vetkez\u0151 c\u00edmen <strong><a href=\"mailto:hello@chacrys.com\">hello@chacrys.com<\/a><\/strong>. A term\u00e9keket a k\u00f6vetkez\u0151 c\u00edmre kell k\u00fcldeni: <br\/><strong>Chacrys s.r.o.<\/strong><br\/><strong>Svatojanska 3060\/14, 94501 Komarno, Szlov\u00e1kia<\/strong><\/p>\n\n<p>Amint a visszak\u00fcld\u00e9st elfogadtuk, elk\u00fcldj\u00fck \u00d6nnek:<\/p>\n\n<ol class=\"wp-block-list\">\n<li>Egy visszak\u00fcld\u00e9si c\u00edmke.<\/li>\n\n\n\n<li>Utas\u00edt\u00e1sok a csomag elk\u00fcld\u00e9s\u00e9nek m\u00f3dj\u00e1r\u00f3l \u00e9s hely\u00e9r\u0151l.<\/li>\n<\/ol>\n\n<p>Felh\u00edvjuk figyelm\u00e9t, hogy a visszak\u00fcld\u00f6tt t\u00e9teleket a visszak\u00fcld\u00e9si k\u00e9relem n\u00e9lk\u00fcl nem fogadjuk el.<\/p>\n\n<p>A visszak\u00fcld\u00e9ssel kapcsolatos k\u00e9rd\u00e9sekkel kapcsolatban b\u00e1rmikor forduljon hozz\u00e1nk a k\u00f6vetkez\u0151 c\u00edmen <strong><a href=\"mailto:hello@chacrys.com\">hello@chacrys.com<\/a><\/strong>.<\/p>\n\n<hr class=\"wp-block-separator has-alpha-channel-opacity\"\/>\n\n<h2 class=\"wp-block-heading\"><strong>K\u00e1rok \u00e9s k\u00e9rd\u00e9sek<\/strong><\/h2>\n\n<p>Ellen\u0151rizze megrendel\u00e9s\u00e9t annak k\u00e9zhezv\u00e9telekor. Ha a term\u00e9k hib\u00e1s, s\u00e9r\u00fclt vagy hib\u00e1s, k\u00e9rj\u00fck, azonnal l\u00e9pjen kapcsolatba vel\u00fcnk a k\u00f6vetkez\u0151 c\u00edmen <strong><a href=\"mailto:hello@chacrys.com\">hello@chacrys.com<\/a><\/strong>. \u00c9rt\u00e9kelni fogjuk a probl\u00e9m\u00e1t, \u00e9s azon fogunk dolgozni, hogy azonnal megoldjuk azt.  <\/p>\n\n<hr class=\"wp-block-separator has-alpha-channel-opacity\"\/>\n\n<h2 class=\"wp-block-heading\"><strong>Kiv\u00e9telek \/ nem visszav\u00e1lthat\u00f3 t\u00e9telek<\/strong><\/h2>\n\n<p>Bizonyos t\u00e9telek nem k\u00fcldhet\u0151k vissza, t\u00f6bbek k\u00f6z\u00f6tt:<\/p>\n\n<ul class=\"wp-block-list\">\n<li>Egyedi vagy szem\u00e9lyre szabott term\u00e9kek.<\/li>\n\n\n\n<li>Vesz\u00e9lyes anyagok, gy\u00fal\u00e9kony folyad\u00e9kok vagy g\u00e1zok.<\/li>\n\n\n\n<li>Romland\u00f3 \u00e1ruk (pl. \u00e9lelmiszerek, vir\u00e1gok, n\u00f6v\u00e9nyek).<\/li>\n\n\n\n<li>Test\u00e1pol\u00e1si cikkek (pl. sz\u00e9ps\u00e9g\u00e1pol\u00e1si term\u00e9kek).<\/li>\n\n\n\n<li>Akci\u00f3s term\u00e9kek vagy aj\u00e1nd\u00e9kk\u00e1rty\u00e1k.<\/li>\n<\/ul>\n\n<p>Ha k\u00e9rd\u00e9se vagy agg\u00e1lya van az adott term\u00e9kkel kapcsolatban, k\u00e9rj\u00fck, forduljon hozz\u00e1nk.<\/p>\n\n<hr class=\"wp-block-separator has-alpha-channel-opacity\"\/>\n\n<h2 class=\"wp-block-heading\"><strong>Cser\u00e9k<\/strong><\/h2>\n\n<p>Egy term\u00e9k cser\u00e9je:<\/p>\n\n<ul class=\"wp-block-list\">\n<li>A visszak\u00fcld\u00e9si folyamatot k\u00f6vet\u0151en k\u00fcldje vissza az eredeti term\u00e9ket.<\/li>\n\n\n\n<li>Miut\u00e1n a visszak\u00fcld\u00e9st elfogadt\u00e1k, v\u00e1s\u00e1roljon \u00faj term\u00e9ket a k\u00edv\u00e1nt term\u00e9kre.<\/li>\n<\/ul>\n\n<p>Ez biztos\u00edtja, hogy a leggyorsabban megkapja az \u00faj term\u00e9ket.<\/p>\n\n<hr class=\"wp-block-separator has-alpha-channel-opacity\"\/>\n\n<h2 class=\"wp-block-heading\"><strong>Az Eur\u00f3pai Uni\u00f3 14 napos t\u00fcrelmi id\u0151szaka<\/strong><\/h2>\n\n<p>Ha a megrendel\u00e9s\u00e9t az Eur\u00f3pai Uni\u00f3ba sz\u00e1ll\u00edtj\u00e1k, \u00d6n jogosult 14 napos indokl\u00e1s n\u00e9lk\u00fcli lemond\u00e1si vagy visszak\u00fcld\u00e9si hat\u00e1rid\u0151re, b\u00e1rmilyen okb\u00f3l.<\/p>\n\n<p><strong>Felt\u00e9telek<\/strong>:<\/p>\n\n<ul class=\"wp-block-list\">\n<li>A term\u00e9knek ugyanolyan \u00e1llapotban kell lennie, mint ahogyan megkapta: nem viselt, nem haszn\u00e1lt, c\u00edmk\u00e9vel ell\u00e1tott \u00e9s eredeti csomagol\u00e1s\u00e1ban.<\/li>\n\n\n\n<li>A v\u00e1s\u00e1rl\u00e1st igazol\u00f3 bizonylatra, p\u00e9ld\u00e1ul nyugt\u00e1ra van sz\u00fcks\u00e9g.<\/li>\n<\/ul>\n\n<hr class=\"wp-block-separator has-alpha-channel-opacity\"\/>\n\n<h2 class=\"wp-block-heading\"><strong>Visszat\u00e9r\u00edt\u00e9sek<\/strong><\/h2>\n\n<p>Amint megkapjuk \u00e9s megvizsg\u00e1ljuk a visszak\u00fcld\u00f6tt term\u00e9ket, \u00e9rtes\u00edtj\u00fck \u00d6nt, hogy a visszat\u00e9r\u00edt\u00e9st j\u00f3v\u00e1hagytuk-e. Ha j\u00f3v\u00e1hagyj\u00e1k: <\/p>\n\n<ul class=\"wp-block-list\">\n<li>A visszat\u00e9r\u00edt\u00e9s automatikusan az eredeti fizet\u00e9si m\u00f3dszeren kereszt\u00fcl t\u00f6rt\u00e9nik <strong>10 munkanapon<\/strong> bel\u00fcl.<\/li>\n\n\n\n<li>K\u00e9rj\u00fck, vegye figyelembe: A visszat\u00e9r\u00edt\u00e9s feldolgoz\u00e1sa \u00e9s k\u00f6nyvel\u00e9se tov\u00e1bbi id\u0151t vehet ig\u00e9nybe, am\u00edg bankja vagy hitelk\u00e1rtya-t\u00e1rsas\u00e1ga feldolgozza \u00e9s k\u00f6nyveli a visszat\u00e9r\u00edt\u00e9st.<\/li>\n<\/ul>\n\n<p>Ha t\u00f6bb mint <strong>15 munkanap<\/strong> telt el a visszak\u00fcld\u00e9s j\u00f3v\u00e1hagy\u00e1sa \u00f3ta, \u00e9s m\u00e9g nem kapta meg a visszat\u00e9r\u00edt\u00e9st, k\u00e9rj\u00fck, l\u00e9pjen kapcsolatba vel\u00fcnk a k\u00f6vetkez\u0151 c\u00edmen <strong><a href=\"mailto:hello@chacrys.com\">hello@chacrys.com<\/a><\/strong>.<\/p>\n\n<hr class=\"wp-block-separator has-alpha-channel-opacity\"\/>\n\n<p>Tov\u00e1bbi seg\u00edts\u00e9g\u00e9rt forduljon hozz\u00e1nk a k\u00f6vetkez\u0151 c\u00edmen <strong><a href=\"mailto:hello@chacrys.com\">hello@chacrys.com<\/a><\/strong>. Itt vagyunk, hogy seg\u00edts\u00fcnk! <\/p>\n","protected":false},"excerpt":{"rendered":"<p>Visszat\u00e9r\u00edt\u00e9si politika Hat\u00e1lyos d\u00e1tum: [01 .12.2024] C\u00e9lunk, hogy minden v\u00e1s\u00e1rl\u00e1sn\u00e1l biztos\u00edtsuk az \u00d6n el\u00e9gedetts\u00e9g\u00e9t. Az al\u00e1bbiakban a visszat\u00e9r\u00edt\u00e9si szab\u00e1lyzatunk felt\u00e9telei<\/p>\n","protected":false},"author":1,"featured_media":0,"parent":0,"menu_order":0,"comment_status":"closed","ping_status":"closed","template":"","meta":{"footnotes":""},"class_list":["post-31263","page","type-page","status-publish","hentry"],"yoast_head":"<!-- This site is optimized with the Yoast SEO plugin v27.3 - https:\/\/yoast.com\/product\/yoast-seo-wordpress\/ -->\n<title>Visszat\u00e9r\u00edt\u00e9si \u00e9s visszat\u00e9r\u00edt\u00e9si politika - Chacrys<\/title>\n<meta name=\"robots\" content=\"index, follow, max-snippet:-1, max-image-preview:large, max-video-preview:-1\" \/>\n<link rel=\"canonical\" href=\"https:\/\/chacrys.com\/hu\/refund_returns\/\" \/>\n<meta property=\"og:locale\" content=\"hu_HU\" \/>\n<meta property=\"og:type\" content=\"article\" \/>\n<meta property=\"og:title\" content=\"Visszat\u00e9r\u00edt\u00e9si \u00e9s visszat\u00e9r\u00edt\u00e9si politika - Chacrys\" \/>\n<meta property=\"og:description\" content=\"Visszat\u00e9r\u00edt\u00e9si politika Hat\u00e1lyos d\u00e1tum: [01 .12.2024] C\u00e9lunk, hogy minden v\u00e1s\u00e1rl\u00e1sn\u00e1l biztos\u00edtsuk az \u00d6n el\u00e9gedetts\u00e9g\u00e9t. Az al\u00e1bbiakban a visszat\u00e9r\u00edt\u00e9si szab\u00e1lyzatunk felt\u00e9telei\" \/>\n<meta property=\"og:url\" content=\"https:\/\/chacrys.com\/hu\/refund_returns\/\" \/>\n<meta property=\"og:site_name\" content=\"Chacrys\" \/>\n<meta property=\"article:publisher\" content=\"https:\/\/www.facebook.com\/chacryscrystal\" \/>\n<meta property=\"article:modified_time\" content=\"2024-12-02T10:11:13+00:00\" \/>\n<meta name=\"twitter:card\" content=\"summary_large_image\" \/>\n<meta name=\"twitter:label1\" content=\"Becs\u00fclt olvas\u00e1si id\u0151\" \/>\n\t<meta name=\"twitter:data1\" content=\"4 perc\" \/>\n<script type=\"application\/ld+json\" class=\"yoast-schema-graph\">{\"@context\":\"https:\\\/\\\/schema.org\",\"@graph\":[{\"@type\":\"WebPage\",\"@id\":\"https:\\\/\\\/chacrys.com\\\/hu\\\/refund_returns\\\/\",\"url\":\"https:\\\/\\\/chacrys.com\\\/hu\\\/refund_returns\\\/\",\"name\":\"Visszat\u00e9r\u00edt\u00e9si \u00e9s visszat\u00e9r\u00edt\u00e9si politika - Chacrys\",\"isPartOf\":{\"@id\":\"https:\\\/\\\/chacrys.com\\\/hu\\\/#website\"},\"datePublished\":\"2024-11-26T21:48:40+00:00\",\"dateModified\":\"2024-12-02T10:11:13+00:00\",\"breadcrumb\":{\"@id\":\"https:\\\/\\\/chacrys.com\\\/hu\\\/refund_returns\\\/#breadcrumb\"},\"inLanguage\":\"hu\",\"potentialAction\":[{\"@type\":\"ReadAction\",\"target\":[\"https:\\\/\\\/chacrys.com\\\/hu\\\/refund_returns\\\/\"]}]},{\"@type\":\"BreadcrumbList\",\"@id\":\"https:\\\/\\\/chacrys.com\\\/hu\\\/refund_returns\\\/#breadcrumb\",\"itemListElement\":[{\"@type\":\"ListItem\",\"position\":1,\"name\":\"Home\",\"item\":\"https:\\\/\\\/chacrys.com\\\/hu\\\/\"},{\"@type\":\"ListItem\",\"position\":2,\"name\":\"Visszat\u00e9r\u00edt\u00e9si \u00e9s visszat\u00e9r\u00edt\u00e9si politika\"}]},{\"@type\":\"WebSite\",\"@id\":\"https:\\\/\\\/chacrys.com\\\/hu\\\/#website\",\"url\":\"https:\\\/\\\/chacrys.com\\\/hu\\\/\",\"name\":\"Chacrys\",\"description\":\"Chacrys\",\"publisher\":{\"@id\":\"https:\\\/\\\/chacrys.com\\\/hu\\\/#organization\"},\"potentialAction\":[{\"@type\":\"SearchAction\",\"target\":{\"@type\":\"EntryPoint\",\"urlTemplate\":\"https:\\\/\\\/chacrys.com\\\/hu\\\/?s={search_term_string}\"},\"query-input\":{\"@type\":\"PropertyValueSpecification\",\"valueRequired\":true,\"valueName\":\"search_term_string\"}}],\"inLanguage\":\"hu\"},{\"@type\":\"Organization\",\"@id\":\"https:\\\/\\\/chacrys.com\\\/hu\\\/#organization\",\"name\":\"Chacrys\",\"url\":\"https:\\\/\\\/chacrys.com\\\/hu\\\/\",\"logo\":{\"@type\":\"ImageObject\",\"inLanguage\":\"hu\",\"@id\":\"https:\\\/\\\/chacrys.com\\\/hu\\\/#\\\/schema\\\/logo\\\/image\\\/\",\"url\":\"https:\\\/\\\/chacrys.com\\\/wp-content\\\/uploads\\\/2024\\\/11\\\/cropped-FRANJULIA-6.png\",\"contentUrl\":\"https:\\\/\\\/chacrys.com\\\/wp-content\\\/uploads\\\/2024\\\/11\\\/cropped-FRANJULIA-6.png\",\"width\":512,\"height\":512,\"caption\":\"Chacrys\"},\"image\":{\"@id\":\"https:\\\/\\\/chacrys.com\\\/hu\\\/#\\\/schema\\\/logo\\\/image\\\/\"},\"sameAs\":[\"https:\\\/\\\/www.facebook.com\\\/chacryscrystal\",\"https:\\\/\\\/www.instagram.com\\\/chacrys\\\/\",\"https:\\\/\\\/www.pinterest.com\\\/chacryscrystalbed\\\/\",\"https:\\\/\\\/www.youtube.com\\\/@chacrysofficial9667\"]}]}<\/script>\n<!-- \/ Yoast SEO plugin. -->","yoast_head_json":{"title":"Visszat\u00e9r\u00edt\u00e9si \u00e9s visszat\u00e9r\u00edt\u00e9si politika - Chacrys","robots":{"index":"index","follow":"follow","max-snippet":"max-snippet:-1","max-image-preview":"max-image-preview:large","max-video-preview":"max-video-preview:-1"},"canonical":"https:\/\/chacrys.com\/hu\/refund_returns\/","og_locale":"hu_HU","og_type":"article","og_title":"Visszat\u00e9r\u00edt\u00e9si \u00e9s visszat\u00e9r\u00edt\u00e9si politika - Chacrys","og_description":"Visszat\u00e9r\u00edt\u00e9si politika Hat\u00e1lyos d\u00e1tum: [01 .12.2024] C\u00e9lunk, hogy minden v\u00e1s\u00e1rl\u00e1sn\u00e1l biztos\u00edtsuk az \u00d6n el\u00e9gedetts\u00e9g\u00e9t. Az al\u00e1bbiakban a visszat\u00e9r\u00edt\u00e9si szab\u00e1lyzatunk felt\u00e9telei","og_url":"https:\/\/chacrys.com\/hu\/refund_returns\/","og_site_name":"Chacrys","article_publisher":"https:\/\/www.facebook.com\/chacryscrystal","article_modified_time":"2024-12-02T10:11:13+00:00","twitter_card":"summary_large_image","twitter_misc":{"Becs\u00fclt olvas\u00e1si id\u0151":"4 perc"},"schema":{"@context":"https:\/\/schema.org","@graph":[{"@type":"WebPage","@id":"https:\/\/chacrys.com\/hu\/refund_returns\/","url":"https:\/\/chacrys.com\/hu\/refund_returns\/","name":"Visszat\u00e9r\u00edt\u00e9si \u00e9s visszat\u00e9r\u00edt\u00e9si politika - Chacrys","isPartOf":{"@id":"https:\/\/chacrys.com\/hu\/#website"},"datePublished":"2024-11-26T21:48:40+00:00","dateModified":"2024-12-02T10:11:13+00:00","breadcrumb":{"@id":"https:\/\/chacrys.com\/hu\/refund_returns\/#breadcrumb"},"inLanguage":"hu","potentialAction":[{"@type":"ReadAction","target":["https:\/\/chacrys.com\/hu\/refund_returns\/"]}]},{"@type":"BreadcrumbList","@id":"https:\/\/chacrys.com\/hu\/refund_returns\/#breadcrumb","itemListElement":[{"@type":"ListItem","position":1,"name":"Home","item":"https:\/\/chacrys.com\/hu\/"},{"@type":"ListItem","position":2,"name":"Visszat\u00e9r\u00edt\u00e9si \u00e9s visszat\u00e9r\u00edt\u00e9si politika"}]},{"@type":"WebSite","@id":"https:\/\/chacrys.com\/hu\/#website","url":"https:\/\/chacrys.com\/hu\/","name":"Chacrys","description":"Chacrys","publisher":{"@id":"https:\/\/chacrys.com\/hu\/#organization"},"potentialAction":[{"@type":"SearchAction","target":{"@type":"EntryPoint","urlTemplate":"https:\/\/chacrys.com\/hu\/?s={search_term_string}"},"query-input":{"@type":"PropertyValueSpecification","valueRequired":true,"valueName":"search_term_string"}}],"inLanguage":"hu"},{"@type":"Organization","@id":"https:\/\/chacrys.com\/hu\/#organization","name":"Chacrys","url":"https:\/\/chacrys.com\/hu\/","logo":{"@type":"ImageObject","inLanguage":"hu","@id":"https:\/\/chacrys.com\/hu\/#\/schema\/logo\/image\/","url":"https:\/\/chacrys.com\/wp-content\/uploads\/2024\/11\/cropped-FRANJULIA-6.png","contentUrl":"https:\/\/chacrys.com\/wp-content\/uploads\/2024\/11\/cropped-FRANJULIA-6.png","width":512,"height":512,"caption":"Chacrys"},"image":{"@id":"https:\/\/chacrys.com\/hu\/#\/schema\/logo\/image\/"},"sameAs":["https:\/\/www.facebook.com\/chacryscrystal","https:\/\/www.instagram.com\/chacrys\/","https:\/\/www.pinterest.com\/chacryscrystalbed\/","https:\/\/www.youtube.com\/@chacrysofficial9667"]}]}},"_links":{"self":[{"href":"https:\/\/chacrys.com\/hu\/wp-json\/wp\/v2\/pages\/31263","targetHints":{"allow":["GET"]}}],"collection":[{"href":"https:\/\/chacrys.com\/hu\/wp-json\/wp\/v2\/pages"}],"about":[{"href":"https:\/\/chacrys.com\/hu\/wp-json\/wp\/v2\/types\/page"}],"author":[{"embeddable":true,"href":"https:\/\/chacrys.com\/hu\/wp-json\/wp\/v2\/users\/1"}],"replies":[{"embeddable":true,"href":"https:\/\/chacrys.com\/hu\/wp-json\/wp\/v2\/comments?post=31263"}],"version-history":[{"count":2,"href":"https:\/\/chacrys.com\/hu\/wp-json\/wp\/v2\/pages\/31263\/revisions"}],"predecessor-version":[{"id":31369,"href":"https:\/\/chacrys.com\/hu\/wp-json\/wp\/v2\/pages\/31263\/revisions\/31369"}],"wp:attachment":[{"href":"https:\/\/chacrys.com\/hu\/wp-json\/wp\/v2\/media?parent=31263"}],"curies":[{"name":"wp","href":"https:\/\/api.w.org\/{rel}","templated":true}]}}