{"id":31258,"date":"2024-11-26T21:51:10","date_gmt":"2024-11-26T21:51:10","guid":{"rendered":"https:\/\/chacrys.com\/shipping-policy\/"},"modified":"2024-12-02T10:11:13","modified_gmt":"2024-12-02T10:11:13","slug":"shipping-policy","status":"publish","type":"page","link":"https:\/\/chacrys.com\/hu\/shipping-policy\/","title":{"rendered":"Sz\u00e1ll\u00edt\u00e1si politika"},"content":{"rendered":"\n<p><strong>Sz\u00e1ll\u00edt\u00e1si politika<\/strong><\/p>\n\n<p><strong>Sz\u00e1ll\u00edt\u00e1si fuvaroz\u00f3k<\/strong><br\/>Megb\u00edzhat\u00f3 sz\u00e1ll\u00edtm\u00e1nyoz\u00f3kkal dolgozunk egy\u00fctt, hogy biztos\u00edtsuk megrendel\u00e9sei megb\u00edzhat\u00f3 \u00e9s hat\u00e9kony k\u00e9zbes\u00edt\u00e9s\u00e9t. Sz\u00e1ll\u00edt\u00e1si lehet\u0151s\u00e9geink k\u00f6z\u00e9 tartoznak: <\/p>\n\n<ul class=\"wp-block-list\">\n<li><strong>DHL Express<\/strong><\/li>\n\n\n\n<li><strong>FedEx<\/strong><\/li>\n\n\n\n<li><strong>UPS<\/strong><\/li>\n\n\n\n<li><strong>EMS (Nemzetk\u00f6zi postai gyorspostai szolg\u00e1ltat\u00e1s)<\/strong><\/li>\n<\/ul>\n\n<p>Az \u00d6n megrendel\u00e9s\u00e9hez haszn\u00e1lt sz\u00e1ll\u00edt\u00f3 a rendeltet\u00e9si helyt\u0151l \u00e9s a p\u00e9nzt\u00e1rn\u00e1l kiv\u00e1lasztott sz\u00e1ll\u00edt\u00e1si m\u00f3dt\u00f3l f\u00fcgg.<\/p>\n\n<p><strong>Feldolgoz\u00e1s \u00e9s sz\u00e1ll\u00edt\u00e1s id\u0151tartama<\/strong><br\/>C\u00e9lunk, hogy minden megrendel\u00e9st a v\u00e1s\u00e1rl\u00e1st\u00f3l sz\u00e1m\u00edtott <strong>5 munkanapon<\/strong> bel\u00fcl feldolgozzunk \u00e9s elk\u00fcldj\u00fcnk. F\u0151szezonban vagy el\u0151re nem l\u00e1that\u00f3 k\u00f6r\u00fclm\u00e9nyek miatt a feldolgoz\u00e1si id\u0151 v\u00e1ltozhat. Amint megrendel\u00e9s\u00e9t elk\u00fcldt\u00fck, visszaigazol\u00f3 e-mailt kap a nyomon k\u00f6vet\u00e9si adatokkal, \u00edgy nyomon k\u00f6vetheti a kisz\u00e1ll\u00edt\u00e1st.  <\/p>\n\n<p><strong>Sz\u00e1ll\u00edt\u00e1si d\u00edjak<\/strong><br\/>A megrendel\u00e9sed sz\u00e1ll\u00edt\u00e1si k\u00f6lts\u00e9g\u00e9t <strong>a p\u00e9nzt\u00e1rn\u00e1l sz\u00e1moljuk ki<\/strong> a rendeltet\u00e9si hely, a csomag s\u00falya \u00e9s a kiv\u00e1lasztott sz\u00e1ll\u00edt\u00e1si m\u00f3d alapj\u00e1n. Ez biztos\u00edtja a m\u00e9lt\u00e1nyos \u00e9s \u00e1tl\u00e1that\u00f3 \u00e1rk\u00e9pz\u00e9st minden megrendel\u00e9s eset\u00e9ben. <\/p>\n\n<p><strong>Nemzetk\u00f6zi sz\u00e1ll\u00edt\u00e1s<\/strong><br\/>Minden megrendel\u00e9st <strong>Szlov\u00e1ki\u00e1b\u00f3l<\/strong> sz\u00e1ll\u00edtunk a vil\u00e1g minden t\u00e1j\u00e1ra. Felh\u00edvjuk figyelm\u00e9t, hogy a sz\u00e1ll\u00edt\u00e1skor tov\u00e1bbi <strong>v\u00e1mok, ad\u00f3k vagy d\u00edjak<\/strong> mer\u00fclhetnek fel. Ezek a d\u00edjak a v\u00e1s\u00e1rl\u00f3 felel\u0151ss\u00e9ge, \u00e9s nem szerepelnek a v\u00e9tel\u00e1rban vagy a sz\u00e1ll\u00edt\u00e1si k\u00f6lts\u00e9gekben.  <\/p>\n\n<p><strong>A megrendel\u00e9s nyomon k\u00f6vet\u00e9se<\/strong><br\/>Miut\u00e1n a megrendel\u00e9s\u00e9t elk\u00fcldt\u00fck, kap egy e-mailt a k\u00f6vetkez\u0151vel:<\/p>\n\n<ul class=\"wp-block-list\">\n<li>A nyomon k\u00f6vet\u00e9si sz\u00e1m<\/li>\n\n\n\n<li>Egy linket, amellyel a kiv\u00e1lasztott sz\u00e1ll\u00edtm\u00e1nyoz\u00f3 weboldal\u00e1n kereszt\u00fcl val\u00f3s id\u0151ben nyomon k\u00f6vetheti a sz\u00e1ll\u00edt\u00e1s \u00e1llapot\u00e1t.<\/li>\n<\/ul>\n\n<p><strong>Sz\u00e1ll\u00edt\u00e1si c\u00edm<\/strong><br\/>K\u00e9rj\u00fck, gy\u0151z\u0151dj\u00f6n meg arr\u00f3l, hogy a fizet\u00e9s sor\u00e1n megadott sz\u00e1ll\u00edt\u00e1si c\u00edm pontos \u00e9s teljes. Nem v\u00e1llalunk felel\u0151ss\u00e9get a hib\u00e1s vagy hi\u00e1nyos c\u00edmek okozta k\u00e9s\u00e9sek\u00e9rt vagy sz\u00e1ll\u00edt\u00e1si probl\u00e9m\u00e1k\u00e9rt. <\/p>\n\n<p><strong>Sz\u00e1ll\u00edt\u00e1si hat\u00e1rid\u0151<\/strong><br\/>A sz\u00e1ll\u00edt\u00e1si id\u0151 a k\u00f6vetkez\u0151kt\u0151l f\u00fcgg\u0151en v\u00e1ltozhat:<\/p>\n\n<ul class=\"wp-block-list\">\n<li>A c\u00e9lorsz\u00e1g vagy -r\u00e9gi\u00f3<\/li>\n\n\n\n<li>V\u00e1mkezel\u00e9si folyamatok<\/li>\n\n\n\n<li>Fuvaroz\u00f3specifikus tranzitid\u0151<\/li>\n\n\n\n<li>el\u0151re nem l\u00e1that\u00f3 k\u00f6r\u00fclm\u00e9nyek (pl. id\u0151j\u00e1r\u00e1s, term\u00e9szeti katasztr\u00f3f\u00e1k)<\/li>\n<\/ul>\n\n<p>Igyeksz\u00fcnk biztos\u00edtani az id\u0151ben t\u00f6rt\u00e9n\u0151 k\u00e9zbes\u00edt\u00e9st, de k\u00f6sz\u00f6nj\u00fck meg\u00e9rt\u00e9s\u00e9t, ha k\u00e9sedelmek fordulnak el\u0151.<\/p>\n\n<p><strong>\u00dcgyf\u00e9lszolg\u00e1lat<\/strong><br\/>Ha b\u00e1rmilyen k\u00e9rd\u00e9se vagy probl\u00e9m\u00e1ja van a sz\u00e1ll\u00edt\u00e1si st\u00e1tusz\u00e1val kapcsolatban, k\u00e9rj\u00fck, l\u00e9pjen kapcsolatba \u00fcgyf\u00e9lszolg\u00e1latunkkal a k\u00f6vetkez\u0151 c\u00edmen:<br\/><strong>Email<\/strong>: <a href=\"mailto:hello@chacrys.com\">hello@chacrys.com<\/a>.<\/p>\n\n<hr class=\"wp-block-separator has-alpha-channel-opacity\"\/>\n\n<p><\/p>\n","protected":false},"excerpt":{"rendered":"<p>Sz\u00e1ll\u00edt\u00e1si politika Sz\u00e1ll\u00edt\u00e1si fuvaroz\u00f3kMegb\u00edzhat\u00f3 sz\u00e1ll\u00edtm\u00e1nyoz\u00f3kkal dolgozunk egy\u00fctt, hogy biztos\u00edtsuk megrendel\u00e9sei megb\u00edzhat\u00f3 \u00e9s hat\u00e9kony k\u00e9zbes\u00edt\u00e9s\u00e9t. Sz\u00e1ll\u00edt\u00e1si lehet\u0151s\u00e9geink k\u00f6z\u00e9 tartoznak: Az \u00d6n<\/p>\n","protected":false},"author":1,"featured_media":0,"parent":0,"menu_order":0,"comment_status":"closed","ping_status":"closed","template":"","meta":{"footnotes":""},"class_list":["post-31258","page","type-page","status-publish","hentry"],"yoast_head":"<!-- This site is optimized with the Yoast SEO plugin v27.4 - https:\/\/yoast.com\/product\/yoast-seo-wordpress\/ -->\n<title>Sz\u00e1ll\u00edt\u00e1si politika - Chacrys<\/title>\n<meta name=\"robots\" content=\"index, follow, max-snippet:-1, max-image-preview:large, max-video-preview:-1\" \/>\n<link rel=\"canonical\" href=\"https:\/\/chacrys.com\/hu\/shipping-policy\/\" \/>\n<meta property=\"og:locale\" content=\"hu_HU\" \/>\n<meta property=\"og:type\" content=\"article\" \/>\n<meta property=\"og:title\" content=\"Sz\u00e1ll\u00edt\u00e1si politika - Chacrys\" \/>\n<meta property=\"og:description\" content=\"Sz\u00e1ll\u00edt\u00e1si politika Sz\u00e1ll\u00edt\u00e1si fuvaroz\u00f3kMegb\u00edzhat\u00f3 sz\u00e1ll\u00edtm\u00e1nyoz\u00f3kkal dolgozunk egy\u00fctt, hogy biztos\u00edtsuk megrendel\u00e9sei megb\u00edzhat\u00f3 \u00e9s hat\u00e9kony k\u00e9zbes\u00edt\u00e9s\u00e9t. Sz\u00e1ll\u00edt\u00e1si lehet\u0151s\u00e9geink k\u00f6z\u00e9 tartoznak: Az \u00d6n\" \/>\n<meta property=\"og:url\" content=\"https:\/\/chacrys.com\/hu\/shipping-policy\/\" \/>\n<meta property=\"og:site_name\" content=\"Chacrys\" \/>\n<meta property=\"article:publisher\" content=\"https:\/\/www.facebook.com\/chacryscrystal\" \/>\n<meta property=\"article:modified_time\" content=\"2024-12-02T10:11:13+00:00\" \/>\n<meta name=\"twitter:card\" content=\"summary_large_image\" \/>\n<meta name=\"twitter:label1\" content=\"Becs\u00fclt olvas\u00e1si id\u0151\" \/>\n\t<meta name=\"twitter:data1\" content=\"3 perc\" \/>\n<script type=\"application\/ld+json\" class=\"yoast-schema-graph\">{\"@context\":\"https:\\\/\\\/schema.org\",\"@graph\":[{\"@type\":\"WebPage\",\"@id\":\"https:\\\/\\\/chacrys.com\\\/hu\\\/shipping-policy\\\/\",\"url\":\"https:\\\/\\\/chacrys.com\\\/hu\\\/shipping-policy\\\/\",\"name\":\"Sz\u00e1ll\u00edt\u00e1si politika - Chacrys\",\"isPartOf\":{\"@id\":\"https:\\\/\\\/chacrys.com\\\/hu\\\/#website\"},\"datePublished\":\"2024-11-26T21:51:10+00:00\",\"dateModified\":\"2024-12-02T10:11:13+00:00\",\"breadcrumb\":{\"@id\":\"https:\\\/\\\/chacrys.com\\\/hu\\\/shipping-policy\\\/#breadcrumb\"},\"inLanguage\":\"hu\",\"potentialAction\":[{\"@type\":\"ReadAction\",\"target\":[\"https:\\\/\\\/chacrys.com\\\/hu\\\/shipping-policy\\\/\"]}]},{\"@type\":\"BreadcrumbList\",\"@id\":\"https:\\\/\\\/chacrys.com\\\/hu\\\/shipping-policy\\\/#breadcrumb\",\"itemListElement\":[{\"@type\":\"ListItem\",\"position\":1,\"name\":\"Home\",\"item\":\"https:\\\/\\\/chacrys.com\\\/hu\\\/\"},{\"@type\":\"ListItem\",\"position\":2,\"name\":\"Sz\u00e1ll\u00edt\u00e1si politika\"}]},{\"@type\":\"WebSite\",\"@id\":\"https:\\\/\\\/chacrys.com\\\/hu\\\/#website\",\"url\":\"https:\\\/\\\/chacrys.com\\\/hu\\\/\",\"name\":\"Chacrys\",\"description\":\"Chacrys\",\"publisher\":{\"@id\":\"https:\\\/\\\/chacrys.com\\\/hu\\\/#organization\"},\"potentialAction\":[{\"@type\":\"SearchAction\",\"target\":{\"@type\":\"EntryPoint\",\"urlTemplate\":\"https:\\\/\\\/chacrys.com\\\/hu\\\/?s={search_term_string}\"},\"query-input\":{\"@type\":\"PropertyValueSpecification\",\"valueRequired\":true,\"valueName\":\"search_term_string\"}}],\"inLanguage\":\"hu\"},{\"@type\":\"Organization\",\"@id\":\"https:\\\/\\\/chacrys.com\\\/hu\\\/#organization\",\"name\":\"Chacrys\",\"url\":\"https:\\\/\\\/chacrys.com\\\/hu\\\/\",\"logo\":{\"@type\":\"ImageObject\",\"inLanguage\":\"hu\",\"@id\":\"https:\\\/\\\/chacrys.com\\\/hu\\\/#\\\/schema\\\/logo\\\/image\\\/\",\"url\":\"https:\\\/\\\/chacrys.com\\\/wp-content\\\/uploads\\\/2024\\\/11\\\/cropped-FRANJULIA-6.png\",\"contentUrl\":\"https:\\\/\\\/chacrys.com\\\/wp-content\\\/uploads\\\/2024\\\/11\\\/cropped-FRANJULIA-6.png\",\"width\":512,\"height\":512,\"caption\":\"Chacrys\"},\"image\":{\"@id\":\"https:\\\/\\\/chacrys.com\\\/hu\\\/#\\\/schema\\\/logo\\\/image\\\/\"},\"sameAs\":[\"https:\\\/\\\/www.facebook.com\\\/chacryscrystal\",\"https:\\\/\\\/www.instagram.com\\\/chacrys\\\/\",\"https:\\\/\\\/www.pinterest.com\\\/chacryscrystalbed\\\/\",\"https:\\\/\\\/www.youtube.com\\\/@chacrysofficial9667\"]}]}<\/script>\n<!-- \/ Yoast SEO plugin. -->","yoast_head_json":{"title":"Sz\u00e1ll\u00edt\u00e1si politika - Chacrys","robots":{"index":"index","follow":"follow","max-snippet":"max-snippet:-1","max-image-preview":"max-image-preview:large","max-video-preview":"max-video-preview:-1"},"canonical":"https:\/\/chacrys.com\/hu\/shipping-policy\/","og_locale":"hu_HU","og_type":"article","og_title":"Sz\u00e1ll\u00edt\u00e1si politika - Chacrys","og_description":"Sz\u00e1ll\u00edt\u00e1si politika Sz\u00e1ll\u00edt\u00e1si fuvaroz\u00f3kMegb\u00edzhat\u00f3 sz\u00e1ll\u00edtm\u00e1nyoz\u00f3kkal dolgozunk egy\u00fctt, hogy biztos\u00edtsuk megrendel\u00e9sei megb\u00edzhat\u00f3 \u00e9s hat\u00e9kony k\u00e9zbes\u00edt\u00e9s\u00e9t. Sz\u00e1ll\u00edt\u00e1si lehet\u0151s\u00e9geink k\u00f6z\u00e9 tartoznak: Az \u00d6n","og_url":"https:\/\/chacrys.com\/hu\/shipping-policy\/","og_site_name":"Chacrys","article_publisher":"https:\/\/www.facebook.com\/chacryscrystal","article_modified_time":"2024-12-02T10:11:13+00:00","twitter_card":"summary_large_image","twitter_misc":{"Becs\u00fclt olvas\u00e1si id\u0151":"3 perc"},"schema":{"@context":"https:\/\/schema.org","@graph":[{"@type":"WebPage","@id":"https:\/\/chacrys.com\/hu\/shipping-policy\/","url":"https:\/\/chacrys.com\/hu\/shipping-policy\/","name":"Sz\u00e1ll\u00edt\u00e1si politika - Chacrys","isPartOf":{"@id":"https:\/\/chacrys.com\/hu\/#website"},"datePublished":"2024-11-26T21:51:10+00:00","dateModified":"2024-12-02T10:11:13+00:00","breadcrumb":{"@id":"https:\/\/chacrys.com\/hu\/shipping-policy\/#breadcrumb"},"inLanguage":"hu","potentialAction":[{"@type":"ReadAction","target":["https:\/\/chacrys.com\/hu\/shipping-policy\/"]}]},{"@type":"BreadcrumbList","@id":"https:\/\/chacrys.com\/hu\/shipping-policy\/#breadcrumb","itemListElement":[{"@type":"ListItem","position":1,"name":"Home","item":"https:\/\/chacrys.com\/hu\/"},{"@type":"ListItem","position":2,"name":"Sz\u00e1ll\u00edt\u00e1si politika"}]},{"@type":"WebSite","@id":"https:\/\/chacrys.com\/hu\/#website","url":"https:\/\/chacrys.com\/hu\/","name":"Chacrys","description":"Chacrys","publisher":{"@id":"https:\/\/chacrys.com\/hu\/#organization"},"potentialAction":[{"@type":"SearchAction","target":{"@type":"EntryPoint","urlTemplate":"https:\/\/chacrys.com\/hu\/?s={search_term_string}"},"query-input":{"@type":"PropertyValueSpecification","valueRequired":true,"valueName":"search_term_string"}}],"inLanguage":"hu"},{"@type":"Organization","@id":"https:\/\/chacrys.com\/hu\/#organization","name":"Chacrys","url":"https:\/\/chacrys.com\/hu\/","logo":{"@type":"ImageObject","inLanguage":"hu","@id":"https:\/\/chacrys.com\/hu\/#\/schema\/logo\/image\/","url":"https:\/\/chacrys.com\/wp-content\/uploads\/2024\/11\/cropped-FRANJULIA-6.png","contentUrl":"https:\/\/chacrys.com\/wp-content\/uploads\/2024\/11\/cropped-FRANJULIA-6.png","width":512,"height":512,"caption":"Chacrys"},"image":{"@id":"https:\/\/chacrys.com\/hu\/#\/schema\/logo\/image\/"},"sameAs":["https:\/\/www.facebook.com\/chacryscrystal","https:\/\/www.instagram.com\/chacrys\/","https:\/\/www.pinterest.com\/chacryscrystalbed\/","https:\/\/www.youtube.com\/@chacrysofficial9667"]}]}},"_links":{"self":[{"href":"https:\/\/chacrys.com\/hu\/wp-json\/wp\/v2\/pages\/31258","targetHints":{"allow":["GET"]}}],"collection":[{"href":"https:\/\/chacrys.com\/hu\/wp-json\/wp\/v2\/pages"}],"about":[{"href":"https:\/\/chacrys.com\/hu\/wp-json\/wp\/v2\/types\/page"}],"author":[{"embeddable":true,"href":"https:\/\/chacrys.com\/hu\/wp-json\/wp\/v2\/users\/1"}],"replies":[{"embeddable":true,"href":"https:\/\/chacrys.com\/hu\/wp-json\/wp\/v2\/comments?post=31258"}],"version-history":[{"count":2,"href":"https:\/\/chacrys.com\/hu\/wp-json\/wp\/v2\/pages\/31258\/revisions"}],"predecessor-version":[{"id":31368,"href":"https:\/\/chacrys.com\/hu\/wp-json\/wp\/v2\/pages\/31258\/revisions\/31368"}],"wp:attachment":[{"href":"https:\/\/chacrys.com\/hu\/wp-json\/wp\/v2\/media?parent=31258"}],"curies":[{"name":"wp","href":"https:\/\/api.w.org\/{rel}","templated":true}]}}