{"id":31253,"date":"2024-11-27T14:44:16","date_gmt":"2024-11-27T14:44:16","guid":{"rendered":"https:\/\/chacrys.com\/terms-conditions\/"},"modified":"2024-12-02T10:11:35","modified_gmt":"2024-12-02T10:11:35","slug":"terms-conditions","status":"publish","type":"page","link":"https:\/\/chacrys.com\/hu\/terms-conditions\/","title":{"rendered":"Felt\u00e9telek \u00e9s felt\u00e9telek"},"content":{"rendered":"\n<h1 class=\"wp-block-heading\">Felt\u00e9telek \u00e9s felt\u00e9telek<\/h1>\n\n<p><strong>Hat\u00e1lyos d\u00e1tum<\/strong>: [16 .6.2020]<br\/><strong>Utols\u00f3 friss\u00edt\u00e9s<\/strong>:  [01 .12.2024]<\/p>\n\n<p>K\u00e9rj\u00fck, figyelmesen olvassa el ezeket a felt\u00e9teleket, miel\u0151tt ig\u00e9nybe venn\u00e9 szolg\u00e1ltat\u00e1sunkat.<\/p>\n\n<hr class=\"wp-block-separator has-alpha-channel-opacity\"\/>\n\n<h2 class=\"wp-block-heading\"><strong>\u00c9rtelmez\u00e9s \u00e9s fogalommeghat\u00e1roz\u00e1sok<\/strong><\/h2>\n\n<h3 class=\"wp-block-heading\"><strong>Tolm\u00e1csol\u00e1s<\/strong><\/h3>\n\n<p>A nagybet\u0171vel kezd\u0151d\u0151 szavak jelent\u00e9se a k\u00f6vetkez\u0151 felt\u00e9telek szerint meghat\u00e1rozott. Az al\u00e1bbi fogalommeghat\u00e1roz\u00e1sok jelent\u00e9se azonos, f\u00fcggetlen\u00fcl att\u00f3l, hogy egyes vagy t\u00f6bbes sz\u00e1mban szerepelnek. <\/p>\n\n<h3 class=\"wp-block-heading\"><strong>Fogalommeghat\u00e1roz\u00e1sok<\/strong><\/h3>\n\n<p>A jelen \u00c1ltal\u00e1nos Szerz\u0151d\u00e9si Felt\u00e9telek alkalmaz\u00e1s\u00e1ban:<\/p>\n\n<ul class=\"wp-block-list\">\n<li>A <strong>kapcsolt v\u00e1llalkoz\u00e1s<\/strong> olyan szervezetet jelent, amely egy felet ir\u00e1ny\u00edt, amelyet egy f\u00e9l ir\u00e1ny\u00edt, vagy amely egy f\u00e9llel k\u00f6z\u00f6s ir\u00e1ny\u00edt\u00e1s alatt \u00e1ll, ahol az &#8222;ir\u00e1ny\u00edt\u00e1s&#8221; a r\u00e9szv\u00e9nyek, r\u00e9szesed\u00e9sek vagy egy\u00e9b, az igazgat\u00f3v\u00e1laszt\u00e1sra vagy m\u00e1s ir\u00e1ny\u00edt\u00f3 hat\u00f3s\u00e1g megv\u00e1laszt\u00e1s\u00e1ra szavaz\u00e1sra jogos\u00edt\u00f3 \u00e9rt\u00e9kpap\u00edrok legal\u00e1bb 50%-\u00e1nak tulajdonjog\u00e1t jelenti.<\/li>\n\n\n\n<li><strong>Fi\u00f3k<\/strong>: az \u00d6n sz\u00e1m\u00e1ra l\u00e9trehozott egyedi fi\u00f3k, amellyel hozz\u00e1f\u00e9rhet a Szolg\u00e1ltat\u00e1sunkhoz vagy annak egyes r\u00e9szeihez.<\/li>\n\n\n\n<li><strong>A V\u00e1llalat<\/strong> (a jelen Meg\u00e1llapod\u00e1sban &#8222;a V\u00e1llalat&#8221;, &#8222;mi&#8221;, &#8222;minket&#8221; vagy &#8222;mi\u00e9nk&#8221;) a <strong>Chacrys s.r.o.<\/strong>, Svatojanska 3060\/14, 94501 Komarno, Szlov\u00e1kia.<\/li>\n\n\n\n<li><strong>A Tartalom<\/strong> olyan sz\u00f6vegre, k\u00e9pekre vagy egy\u00e9b inform\u00e1ci\u00f3kra vonatkozik, amelyeket \u00d6n k\u00f6zz\u00e9tehet, felt\u00f6lthet, linkelhet vagy m\u00e1s m\u00f3don el\u00e9rhet\u0151v\u00e9 tehet.<\/li>\n\n\n\n<li><strong>Az orsz\u00e1g<\/strong> Szlov\u00e1ki\u00e1ra vonatkozik.<\/li>\n\n\n\n<li><strong>Eszk\u00f6z<\/strong>: b\u00e1rmilyen eszk\u00f6z, amely k\u00e9pes a Szolg\u00e1ltat\u00e1shoz hozz\u00e1f\u00e9rni, p\u00e9ld\u00e1ul sz\u00e1m\u00edt\u00f3g\u00e9p, mobiltelefon vagy t\u00e1blag\u00e9p.<\/li>\n\n\n\n<li><strong>A visszajelz\u00e9s<\/strong> az \u00d6n \u00e1ltal a Szolg\u00e1ltat\u00e1sunk tulajdons\u00e1gaival, teljes\u00edtm\u00e9ny\u00e9vel vagy funkci\u00f3ival kapcsolatban beny\u00fajtott visszajelz\u00e9s, javaslat vagy \u00f6tlet.<\/li>\n\n\n\n<li>A <strong>term\u00e9kek<\/strong> a Szolg\u00e1ltat\u00e1sban elad\u00e1sra k\u00edn\u00e1lt \u00e1rukra vonatkoznak.<\/li>\n\n\n\n<li><strong>A megrendel\u00e9s<\/strong> az \u00d6n k\u00e9r\u00e9se, hogy Term\u00e9keket v\u00e1s\u00e1roljon t\u0151l\u00fcnk.<\/li>\n\n\n\n<li>A <strong>prom\u00f3ci\u00f3k<\/strong> a Szolg\u00e1ltat\u00e1son kereszt\u00fcl k\u00edn\u00e1lt versenyekre, nyerem\u00e9nyj\u00e1t\u00e9kokra vagy egy\u00e9b prom\u00f3ci\u00f3kra vonatkoznak.<\/li>\n\n\n\n<li><strong>A szolg\u00e1ltat\u00e1s<\/strong> a Weboldalra vonatkozik.<\/li>\n\n\n\n<li><strong>Felt\u00e9telek<\/strong> (m\u00e1s n\u00e9ven &#8222;Felt\u00e9telek&#8221;): a jelen Felt\u00e9telek, amelyek az \u00d6n \u00e9s a V\u00e1llalat k\u00f6z\u00f6tti teljes meg\u00e1llapod\u00e1st k\u00e9pezik a Szolg\u00e1ltat\u00e1s haszn\u00e1lat\u00e1ra vonatkoz\u00f3an.<\/li>\n\n\n\n<li><strong>A honlap<\/strong> <strong>Chacrysra<\/strong> utal, el\u00e9rhet\u0151 a <a href=\"http:\/\/www.chacrys.com\/\">www.chacrys.com<\/a> oldalr\u00f3l.<\/li>\n\n\n\n<li><strong>\u00d6n<\/strong> a Szolg\u00e1ltat\u00e1shoz hozz\u00e1f\u00e9r\u0151 vagy azt haszn\u00e1l\u00f3 mag\u00e1nszem\u00e9lyt, illetve azt a v\u00e1llalatot vagy jogi szem\u00e9lyt jelenti, amelynek nev\u00e9ben az ilyen mag\u00e1nszem\u00e9ly a Szolg\u00e1ltat\u00e1shoz hozz\u00e1f\u00e9r vagy azt haszn\u00e1lja.<\/li>\n<\/ul>\n\n<hr class=\"wp-block-separator has-alpha-channel-opacity\"\/>\n\n<h2 class=\"wp-block-heading\"><strong>Visszaigazol\u00e1s<\/strong><\/h2>\n\n<p>Ezek az \u00c1ltal\u00e1nos Szerz\u0151d\u00e9si Felt\u00e9telek szab\u00e1lyozz\u00e1k a Szolg\u00e1ltat\u00e1s haszn\u00e1lat\u00e1t, valamint az \u00d6n \u00e9s a T\u00e1rsas\u00e1g k\u00f6z\u00f6tt l\u00e9trej\u00f6tt meg\u00e1llapod\u00e1st. A jelen \u00c1ltal\u00e1nos Szerz\u0151d\u00e9si Felt\u00e9telek meghat\u00e1rozz\u00e1k valamennyi felhaszn\u00e1l\u00f3 jogait \u00e9s k\u00f6telezetts\u00e9geit a Szolg\u00e1ltat\u00e1s haszn\u00e1lat\u00e1val kapcsolatban. <\/p>\n\n<p>A Szolg\u00e1ltat\u00e1shoz val\u00f3 hozz\u00e1f\u00e9r\u00e9s \u00e9s annak haszn\u00e1lata a jelen \u00c1ltal\u00e1nos Szerz\u0151d\u00e9si Felt\u00e9telek elfogad\u00e1s\u00e1hoz \u00e9s betart\u00e1s\u00e1hoz k\u00f6t\u00f6tt. A jelen Felt\u00e9telek minden l\u00e1togat\u00f3ra, felhaszn\u00e1l\u00f3ra \u00e9s m\u00e1s szem\u00e9lyre vonatkoznak, aki a Szolg\u00e1ltat\u00e1shoz hozz\u00e1f\u00e9r vagy azt haszn\u00e1lja. <\/p>\n\n<p>A Szolg\u00e1ltat\u00e1shoz val\u00f3 hozz\u00e1f\u00e9r\u00e9ssel vagy annak haszn\u00e1lat\u00e1val \u00d6n elfogadja, hogy a jelen Felt\u00e9telek k\u00f6telez\u0151 \u00e9rv\u00e9ny\u0171ek. Ha \u00d6n nem \u00e9rt egyet a jelen Felt\u00e9telek b\u00e1rmely r\u00e9sz\u00e9vel, nem f\u00e9rhet hozz\u00e1 a Szolg\u00e1ltat\u00e1shoz. <\/p>\n\n<p>\u00d6n kijelenti, hogy legal\u00e1bb 18 \u00e9ves. A T\u00e1rsas\u00e1g nem enged\u00e9lyezi 18 \u00e9v alattiak sz\u00e1m\u00e1ra a Szolg\u00e1ltat\u00e1s haszn\u00e1lat\u00e1t. <\/p>\n\n<hr class=\"wp-block-separator has-alpha-channel-opacity\"\/>\n\n<h2 class=\"wp-block-heading\"><strong>Felhaszn\u00e1l\u00f3i fi\u00f3kok<\/strong><\/h2>\n\n<ul class=\"wp-block-list\">\n<li>Amikor Fi\u00f3kot hoz l\u00e9tre n\u00e1lunk, \u00d6nnek mindenkor pontos, teljes \u00e9s aktu\u00e1lis adatokat kell megadnia. Ennek elmulaszt\u00e1sa a Felt\u00e9telek megszeg\u00e9s\u00e9nek min\u0151s\u00fcl, ami a Fi\u00f3k azonnali megsz\u00fcntet\u00e9s\u00e9t eredm\u00e9nyezheti. <\/li>\n\n\n\n<li>\u00d6n felel\u0151s a Szolg\u00e1ltat\u00e1shoz val\u00f3 hozz\u00e1f\u00e9r\u00e9shez haszn\u00e1lt jelsz\u00f3 \u00e9s a jelszava alatt v\u00e9gzett tev\u00e9kenys\u00e9gek v\u00e9delm\u00e9\u00e9rt.<\/li>\n\n\n\n<li>\u00d6n beleegyezik, hogy jelszav\u00e1t nem adja \u00e1t harmadik f\u00e9lnek. Ha b\u00e1rmilyen jogosulatlan hozz\u00e1f\u00e9r\u00e9sr\u0151l szerez tudom\u00e1st, azonnal \u00e9rtes\u00edtsen minket. <\/li>\n<\/ul>\n\n<hr class=\"wp-block-separator has-alpha-channel-opacity\"\/>\n\n<h2 class=\"wp-block-heading\"><strong>Term\u00e9kek megrendel\u00e9se<\/strong><\/h2>\n\n<p>A Szolg\u00e1ltat\u00e1son kereszt\u00fcl t\u00f6rt\u00e9n\u0151 term\u00e9krendel\u00e9ssel \u00d6n garant\u00e1lja, hogy:<\/p>\n\n<ol class=\"wp-block-list\">\n<li>\u00d6n jogk\u00e9pes arra, hogy k\u00f6telez\u0151 erej\u0171 szerz\u0151d\u00e9seket k\u00f6ss\u00f6n.<\/li>\n\n\n\n<li>Az \u00d6n \u00e1ltal megadott inform\u00e1ci\u00f3k pontosak \u00e9s teljesek.<\/li>\n<\/ol>\n\n<hr class=\"wp-block-separator has-alpha-channel-opacity\"\/>\n\n<h2 class=\"wp-block-heading\"><strong>Prom\u00f3ci\u00f3k<\/strong><\/h2>\n\n<p>A Szolg\u00e1ltat\u00e1son kereszt\u00fcl k\u00edn\u00e1lt prom\u00f3ci\u00f3knak tov\u00e1bbi szab\u00e1lyai lehetnek. Ha r\u00e9szt vesz valamelyik Prom\u00f3ci\u00f3ban, k\u00e9rj\u00fck, olvassa el a vonatkoz\u00f3 szab\u00e1lyokat, valamint az Adatv\u00e9delmi szab\u00e1lyzatunkat. Ha egy Prom\u00f3ci\u00f3 szab\u00e1lyai ellentmondanak a jelen Felt\u00e9teleknek, akkor a Prom\u00f3ci\u00f3 szab\u00e1lyai lesznek \u00e9rv\u00e9nyesek.  <\/p>\n\n<hr class=\"wp-block-separator has-alpha-channel-opacity\"\/>\n\n<h2 class=\"wp-block-heading\"><strong>Visszajelz\u00e9s<\/strong><\/h2>\n\n<p>A Visszajelz\u00e9sek elk\u00fcld\u00e9s\u00e9vel \u00d6n az ilyen Visszajelz\u00e9sekkel kapcsolatos minden jogot, jogc\u00edmet \u00e9s \u00e9rdekelts\u00e9get \u00e1truh\u00e1zza r\u00e1nk. Ha az ilyen \u00e1truh\u00e1z\u00e1s b\u00e1rmilyen okb\u00f3l \u00e9rv\u00e9nytelen, \u00d6n beleegyezik, hogy nem kiz\u00e1r\u00f3lagos, \u00f6r\u00f6k\u00f6s, visszavonhatatlan, jogd\u00edjmentes, vil\u00e1gm\u00e9ret\u0171 enged\u00e9lyt ad nek\u00fcnk az ilyen Visszajelz\u00e9sek felhaszn\u00e1l\u00e1s\u00e1ra, sokszoros\u00edt\u00e1s\u00e1ra, nyilv\u00e1noss\u00e1gra hozatal\u00e1ra \u00e9s terjeszt\u00e9s\u00e9re korl\u00e1toz\u00e1s \u00e9s ellent\u00e9telez\u00e9s n\u00e9lk\u00fcl. <\/p>\n\n<hr class=\"wp-block-separator has-alpha-channel-opacity\"\/>\n\n<h2 class=\"wp-block-heading\"><strong>Szellemi tulajdon<\/strong><\/h2>\n\n<p>A Szolg\u00e1ltat\u00e1s \u00e9s annak eredeti tartalma, jellemz\u0151i \u00e9s funkci\u00f3i a V\u00e1llalat kiz\u00e1r\u00f3lagos tulajdon\u00e1t k\u00e9pezik \u00e9s k\u00e9pezik, \u00e9s a tov\u00e1bbiakban is a V\u00e1llalat kiz\u00e1r\u00f3lagos tulajdon\u00e1t k\u00e9pezik. \u00d6n nem haszn\u00e1lhatja szellemi tulajdonunkat el\u0151zetes \u00edr\u00e1sbeli hozz\u00e1j\u00e1rul\u00e1s n\u00e9lk\u00fcl. <\/p>\n\n<hr class=\"wp-block-separator has-alpha-channel-opacity\"\/>\n\n<h2 class=\"wp-block-heading\"><strong>A felel\u0151ss\u00e9g korl\u00e1toz\u00e1sa<\/strong><\/h2>\n\n<p>Az alkalmazand\u00f3 jogszab\u00e1lyok \u00e1ltal megengedett legnagyobb m\u00e9rt\u00e9kben a T\u00e1rsas\u00e1g nem v\u00e1llal felel\u0151ss\u00e9get a Szolg\u00e1ltat\u00e1s \u00d6n \u00e1ltali haszn\u00e1lat\u00e1b\u00f3l ered\u0151 k\u00f6zvetett, v\u00e9letlen vagy k\u00f6vetkezm\u00e9nyes k\u00e1rok\u00e9rt.<\/p>\n\n<hr class=\"wp-block-separator has-alpha-channel-opacity\"\/>\n\n<h2 class=\"wp-block-heading\"><strong>Megsz\u00fcntet\u00e9s<\/strong><\/h2>\n\n<p>B\u00e1rmilyen okb\u00f3l, bele\u00e9rtve a jelen Felt\u00e9telek megszeg\u00e9s\u00e9t is, azonnal, el\u0151zetes \u00e9rtes\u00edt\u00e9s vagy felel\u0151ss\u00e9gv\u00e1llal\u00e1s n\u00e9lk\u00fcl megsz\u00fcntethetj\u00fck vagy felf\u00fcggeszthetj\u00fck az \u00d6n Fi\u00f3kj\u00e1t vagy a Szolg\u00e1ltat\u00e1shoz val\u00f3 hozz\u00e1f\u00e9r\u00e9s\u00e9t.<\/p>\n\n<hr class=\"wp-block-separator has-alpha-channel-opacity\"\/>\n\n<h2 class=\"wp-block-heading\"><strong>A jelen felt\u00e9telek m\u00f3dos\u00edt\u00e1sa<\/strong><\/h2>\n\n<p>Fenntartjuk a jogot, hogy a jelen Felt\u00e9teleket saj\u00e1t bel\u00e1t\u00e1sunk szerint m\u00f3dos\u00edtsuk vagy helyettes\u00edts\u00fck. Ha a m\u00f3dos\u00edt\u00e1s l\u00e9nyeges, az \u00faj felt\u00e9telek hat\u00e1lyba l\u00e9p\u00e9se el\u0151tt legal\u00e1bb 30 nappal \u00e9rtes\u00edt\u00e9st k\u00fcld\u00fcnk. Ha a friss\u00edt\u00e9seket k\u00f6vet\u0151en tov\u00e1bbra is haszn\u00e1lja a Szolg\u00e1ltat\u00e1st, \u00d6n elfogadja a m\u00f3dos\u00edtott Felt\u00e9teleket.  <\/p>\n\n<hr class=\"wp-block-separator has-alpha-channel-opacity\"\/>\n\n<h2 class=\"wp-block-heading\"><strong>Kapcsolatfelv\u00e9tel<\/strong><\/h2>\n\n<p>Ha b\u00e1rmilyen k\u00e9rd\u00e9se van a jelen \u00c1ltal\u00e1nos Szerz\u0151d\u00e9si Felt\u00e9telekkel kapcsolatban, forduljon hozz\u00e1nk:<\/p>\n\n<ul class=\"wp-block-list\">\n<li>E-mailben: <a href=\"mailto:hello@chacrys.com\">hello@chacrys.com<\/a><\/li>\n<\/ul>\n\n<p><\/p>\n","protected":false},"excerpt":{"rendered":"<p>Felt\u00e9telek \u00e9s felt\u00e9telek Hat\u00e1lyos d\u00e1tum: [16 .6.2020]Utols\u00f3 friss\u00edt\u00e9s: [01 .12.2024] K\u00e9rj\u00fck, figyelmesen olvassa el ezeket a felt\u00e9teleket, miel\u0151tt ig\u00e9nybe venn\u00e9<\/p>\n","protected":false},"author":1,"featured_media":0,"parent":0,"menu_order":0,"comment_status":"closed","ping_status":"closed","template":"","meta":{"footnotes":""},"class_list":["post-31253","page","type-page","status-publish","hentry"],"yoast_head":"<!-- This site is optimized with the Yoast SEO plugin v27.3 - https:\/\/yoast.com\/product\/yoast-seo-wordpress\/ -->\n<title>Felt\u00e9telek \u00e9s felt\u00e9telek - Chacrys<\/title>\n<meta name=\"robots\" content=\"noindex, follow\" \/>\n<meta property=\"og:locale\" content=\"hu_HU\" \/>\n<meta property=\"og:type\" content=\"article\" \/>\n<meta property=\"og:title\" content=\"Felt\u00e9telek \u00e9s felt\u00e9telek - Chacrys\" \/>\n<meta property=\"og:description\" content=\"Felt\u00e9telek \u00e9s felt\u00e9telek Hat\u00e1lyos d\u00e1tum: [16 .6.2020]Utols\u00f3 friss\u00edt\u00e9s: [01 .12.2024] K\u00e9rj\u00fck, figyelmesen olvassa el ezeket a felt\u00e9teleket, miel\u0151tt ig\u00e9nybe venn\u00e9\" \/>\n<meta property=\"og:url\" content=\"https:\/\/chacrys.com\/hu\/terms-conditions\/\" \/>\n<meta property=\"og:site_name\" content=\"Chacrys\" \/>\n<meta property=\"article:publisher\" content=\"https:\/\/www.facebook.com\/chacryscrystal\" \/>\n<meta property=\"article:modified_time\" content=\"2024-12-02T10:11:35+00:00\" \/>\n<meta name=\"twitter:card\" content=\"summary_large_image\" \/>\n<meta name=\"twitter:label1\" content=\"Becs\u00fclt olvas\u00e1si id\u0151\" \/>\n\t<meta name=\"twitter:data1\" content=\"6 perc\" \/>\n<script type=\"application\/ld+json\" class=\"yoast-schema-graph\">{\"@context\":\"https:\\\/\\\/schema.org\",\"@graph\":[{\"@type\":\"WebPage\",\"@id\":\"https:\\\/\\\/chacrys.com\\\/hu\\\/terms-conditions\\\/\",\"url\":\"https:\\\/\\\/chacrys.com\\\/hu\\\/terms-conditions\\\/\",\"name\":\"Felt\u00e9telek \u00e9s felt\u00e9telek - Chacrys\",\"isPartOf\":{\"@id\":\"https:\\\/\\\/chacrys.com\\\/hu\\\/#website\"},\"datePublished\":\"2024-11-27T14:44:16+00:00\",\"dateModified\":\"2024-12-02T10:11:35+00:00\",\"breadcrumb\":{\"@id\":\"https:\\\/\\\/chacrys.com\\\/hu\\\/terms-conditions\\\/#breadcrumb\"},\"inLanguage\":\"hu\",\"potentialAction\":[{\"@type\":\"ReadAction\",\"target\":[\"https:\\\/\\\/chacrys.com\\\/hu\\\/terms-conditions\\\/\"]}]},{\"@type\":\"BreadcrumbList\",\"@id\":\"https:\\\/\\\/chacrys.com\\\/hu\\\/terms-conditions\\\/#breadcrumb\",\"itemListElement\":[{\"@type\":\"ListItem\",\"position\":1,\"name\":\"Home\",\"item\":\"https:\\\/\\\/chacrys.com\\\/hu\\\/\"},{\"@type\":\"ListItem\",\"position\":2,\"name\":\"Felt\u00e9telek \u00e9s felt\u00e9telek\"}]},{\"@type\":\"WebSite\",\"@id\":\"https:\\\/\\\/chacrys.com\\\/hu\\\/#website\",\"url\":\"https:\\\/\\\/chacrys.com\\\/hu\\\/\",\"name\":\"Chacrys\",\"description\":\"Chacrys\",\"publisher\":{\"@id\":\"https:\\\/\\\/chacrys.com\\\/hu\\\/#organization\"},\"potentialAction\":[{\"@type\":\"SearchAction\",\"target\":{\"@type\":\"EntryPoint\",\"urlTemplate\":\"https:\\\/\\\/chacrys.com\\\/hu\\\/?s={search_term_string}\"},\"query-input\":{\"@type\":\"PropertyValueSpecification\",\"valueRequired\":true,\"valueName\":\"search_term_string\"}}],\"inLanguage\":\"hu\"},{\"@type\":\"Organization\",\"@id\":\"https:\\\/\\\/chacrys.com\\\/hu\\\/#organization\",\"name\":\"Chacrys\",\"url\":\"https:\\\/\\\/chacrys.com\\\/hu\\\/\",\"logo\":{\"@type\":\"ImageObject\",\"inLanguage\":\"hu\",\"@id\":\"https:\\\/\\\/chacrys.com\\\/hu\\\/#\\\/schema\\\/logo\\\/image\\\/\",\"url\":\"https:\\\/\\\/chacrys.com\\\/wp-content\\\/uploads\\\/2024\\\/11\\\/cropped-FRANJULIA-6.png\",\"contentUrl\":\"https:\\\/\\\/chacrys.com\\\/wp-content\\\/uploads\\\/2024\\\/11\\\/cropped-FRANJULIA-6.png\",\"width\":512,\"height\":512,\"caption\":\"Chacrys\"},\"image\":{\"@id\":\"https:\\\/\\\/chacrys.com\\\/hu\\\/#\\\/schema\\\/logo\\\/image\\\/\"},\"sameAs\":[\"https:\\\/\\\/www.facebook.com\\\/chacryscrystal\",\"https:\\\/\\\/www.instagram.com\\\/chacrys\\\/\",\"https:\\\/\\\/www.pinterest.com\\\/chacryscrystalbed\\\/\",\"https:\\\/\\\/www.youtube.com\\\/@chacrysofficial9667\"]}]}<\/script>\n<!-- \/ Yoast SEO plugin. -->","yoast_head_json":{"title":"Felt\u00e9telek \u00e9s felt\u00e9telek - Chacrys","robots":{"index":"noindex","follow":"follow"},"og_locale":"hu_HU","og_type":"article","og_title":"Felt\u00e9telek \u00e9s felt\u00e9telek - Chacrys","og_description":"Felt\u00e9telek \u00e9s felt\u00e9telek Hat\u00e1lyos d\u00e1tum: [16 .6.2020]Utols\u00f3 friss\u00edt\u00e9s: [01 .12.2024] K\u00e9rj\u00fck, figyelmesen olvassa el ezeket a felt\u00e9teleket, miel\u0151tt ig\u00e9nybe venn\u00e9","og_url":"https:\/\/chacrys.com\/hu\/terms-conditions\/","og_site_name":"Chacrys","article_publisher":"https:\/\/www.facebook.com\/chacryscrystal","article_modified_time":"2024-12-02T10:11:35+00:00","twitter_card":"summary_large_image","twitter_misc":{"Becs\u00fclt olvas\u00e1si id\u0151":"6 perc"},"schema":{"@context":"https:\/\/schema.org","@graph":[{"@type":"WebPage","@id":"https:\/\/chacrys.com\/hu\/terms-conditions\/","url":"https:\/\/chacrys.com\/hu\/terms-conditions\/","name":"Felt\u00e9telek \u00e9s felt\u00e9telek - Chacrys","isPartOf":{"@id":"https:\/\/chacrys.com\/hu\/#website"},"datePublished":"2024-11-27T14:44:16+00:00","dateModified":"2024-12-02T10:11:35+00:00","breadcrumb":{"@id":"https:\/\/chacrys.com\/hu\/terms-conditions\/#breadcrumb"},"inLanguage":"hu","potentialAction":[{"@type":"ReadAction","target":["https:\/\/chacrys.com\/hu\/terms-conditions\/"]}]},{"@type":"BreadcrumbList","@id":"https:\/\/chacrys.com\/hu\/terms-conditions\/#breadcrumb","itemListElement":[{"@type":"ListItem","position":1,"name":"Home","item":"https:\/\/chacrys.com\/hu\/"},{"@type":"ListItem","position":2,"name":"Felt\u00e9telek \u00e9s felt\u00e9telek"}]},{"@type":"WebSite","@id":"https:\/\/chacrys.com\/hu\/#website","url":"https:\/\/chacrys.com\/hu\/","name":"Chacrys","description":"Chacrys","publisher":{"@id":"https:\/\/chacrys.com\/hu\/#organization"},"potentialAction":[{"@type":"SearchAction","target":{"@type":"EntryPoint","urlTemplate":"https:\/\/chacrys.com\/hu\/?s={search_term_string}"},"query-input":{"@type":"PropertyValueSpecification","valueRequired":true,"valueName":"search_term_string"}}],"inLanguage":"hu"},{"@type":"Organization","@id":"https:\/\/chacrys.com\/hu\/#organization","name":"Chacrys","url":"https:\/\/chacrys.com\/hu\/","logo":{"@type":"ImageObject","inLanguage":"hu","@id":"https:\/\/chacrys.com\/hu\/#\/schema\/logo\/image\/","url":"https:\/\/chacrys.com\/wp-content\/uploads\/2024\/11\/cropped-FRANJULIA-6.png","contentUrl":"https:\/\/chacrys.com\/wp-content\/uploads\/2024\/11\/cropped-FRANJULIA-6.png","width":512,"height":512,"caption":"Chacrys"},"image":{"@id":"https:\/\/chacrys.com\/hu\/#\/schema\/logo\/image\/"},"sameAs":["https:\/\/www.facebook.com\/chacryscrystal","https:\/\/www.instagram.com\/chacrys\/","https:\/\/www.pinterest.com\/chacryscrystalbed\/","https:\/\/www.youtube.com\/@chacrysofficial9667"]}]}},"_links":{"self":[{"href":"https:\/\/chacrys.com\/hu\/wp-json\/wp\/v2\/pages\/31253","targetHints":{"allow":["GET"]}}],"collection":[{"href":"https:\/\/chacrys.com\/hu\/wp-json\/wp\/v2\/pages"}],"about":[{"href":"https:\/\/chacrys.com\/hu\/wp-json\/wp\/v2\/types\/page"}],"author":[{"embeddable":true,"href":"https:\/\/chacrys.com\/hu\/wp-json\/wp\/v2\/users\/1"}],"replies":[{"embeddable":true,"href":"https:\/\/chacrys.com\/hu\/wp-json\/wp\/v2\/comments?post=31253"}],"version-history":[{"count":2,"href":"https:\/\/chacrys.com\/hu\/wp-json\/wp\/v2\/pages\/31253\/revisions"}],"predecessor-version":[{"id":31388,"href":"https:\/\/chacrys.com\/hu\/wp-json\/wp\/v2\/pages\/31253\/revisions\/31388"}],"wp:attachment":[{"href":"https:\/\/chacrys.com\/hu\/wp-json\/wp\/v2\/media?parent=31253"}],"curies":[{"name":"wp","href":"https:\/\/api.w.org\/{rel}","templated":true}]}}