{"id":32344,"date":"2025-01-29T10:36:01","date_gmt":"2025-01-29T09:36:01","guid":{"rendered":"https:\/\/chacrys.com\/product\/quartz-rose-cristal-de-vogel\/"},"modified":"2026-02-10T11:15:02","modified_gmt":"2026-02-10T10:15:02","slug":"quartz-rose-cristal-de-vogel","status":"publish","type":"product","link":"https:\/\/chacrys.com\/fr\/produit\/quartz-rose-cristal-de-vogel\/","title":{"rendered":"Quartz rose Cristal de Vogel"},"content":{"rendered":"\t\t<div data-elementor-type=\"wp-post\" data-elementor-id=\"32344\" class=\"elementor elementor-32344 elementor-32130\">\n\t\t\t\t<div class=\"wd-negative-gap elementor-element elementor-element-b465bf6 e-flex e-con-boxed e-con e-parent\" data-id=\"b465bf6\" data-element_type=\"container\" data-e-type=\"container\">\n\t\t\t\t\t<div class=\"e-con-inner\">\n\t\t\t\t<div class=\"elementor-element elementor-element-987ba3d elementor-widget elementor-widget-wd_text_block\" data-id=\"987ba3d\" data-element_type=\"widget\" data-e-type=\"widget\" data-widget_type=\"wd_text_block.default\">\n\t\t\t\t<div class=\"elementor-widget-container\">\n\t\t\t\t\t\t\t<div class=\"wd-text-block reset-last-child text-left\">\n\t\t\t\n\t\t\t<h2><b>Conseils pratiques d'utilisation<\/b><\/h2><p><span style=\"font-weight: 400;\">Lorsque vous ajoutez le cristal de quartz rose de Vogel \u00e0 votre espace, tenez compte des approches suivantes :<\/span><\/p><ul><li style=\"font-weight: 400;\" aria-level=\"1\"><span style=\"font-weight: 400;\"><strong>Nettoyez le cristal avant de l'utiliser :<\/strong> Essuyez ou nettoyez d\u00e9licatement le cristal d'une mani\u00e8re qui vous convient, par exemple en le pla\u00e7ant pr\u00e8s de la lumi\u00e8re naturelle ou avec une intention consciente.<\/span><span style=\"font-weight: 400;\"><br><br><\/span><\/li><li style=\"font-weight: 400;\" aria-level=\"1\"><span style=\"font-weight: 400;\"><strong>Fixez une intention :<\/strong> Avant chaque s\u00e9ance, prenez le temps de vous installer dans un espace calme et fixez une intention personnelle claire pour votre r\u00e9flexion ou votre m\u00e9ditation.<\/span><span style=\"font-weight: 400;\"><br><br><\/span><\/li><li style=\"font-weight: 400;\" aria-level=\"1\"><span style=\"font-weight: 400;\"><strong>Associez-le \u00e0 d'autres outils :<\/strong> Associez-les \u00e0 d'autres cristaux, \u00e0 des pratiques de m\u00e9ditation ou \u00e0 des \u00e9l\u00e9ments paisibles tels que des bougies ou de la musique douce pour am\u00e9liorer l'environnement.<\/span><span style=\"font-weight: 400;\"><br><br><\/span><\/li><\/ul><h2><b>Rose Vogel Crystal FAQs<\/b><\/h2><p><b>Qu'est-ce qu'un cristal Vogel de quartz rose ?<\/b><\/p><p><span style=\"font-weight: 400;\">Un cristal de Vogel en quartz rose est un cristal taill\u00e9 selon la m\u00e9thode de Vogel, pr\u00e9sentant un design sym\u00e9trique \u00e0 double terminaison. Il est fabriqu\u00e9 \u00e0 partir de quartz rose et est couramment utilis\u00e9 dans la m\u00e9ditation, la pleine conscience et les pratiques cristallines intentionnelles. <\/span><\/p><p><b>Comment le cristal de quartz rose de Vogel est-il g\u00e9n\u00e9ralement utilis\u00e9 ?<\/b><\/p><p><span style=\"font-weight: 400;\">Ce cristal est souvent utilis\u00e9 en le tenant pendant la m\u00e9ditation, en le pla\u00e7ant dans un espace de pratique personnel, ou en l'incorporant dans des agencements de cristaux. De nombreux utilisateurs le consid\u00e8rent comme un point focal visuel et symbolique lors de s\u00e9ances de r\u00e9flexion ou de m\u00e9ditation. <\/span><\/p><p><b>\u00c0 quoi le quartz rose est-il traditionnellement associ\u00e9 ?<\/b><\/p><p><span style=\"font-weight: 400;\">Dans les pratiques cristallines et spirituelles traditionnelles, le quartz rose est g\u00e9n\u00e9ralement associ\u00e9 \u00e0 des th\u00e8mes tels que la compassion, la conscience \u00e9motionnelle et la r\u00e9flexion centr\u00e9e sur le c\u0153ur. Ces associations sont symboliques et varient selon les traditions. <\/span><\/p><p><b>Le cristal de quartz rose de Vogel est-il un appareil m\u00e9dical ou de gu\u00e9rison ?<\/b><\/p><p><span style=\"font-weight: 400;\">Le cristal de quartz rose de Vogel n'est pas un appareil m\u00e9dical et n'est pas destin\u00e9 \u00e0 diagnostiquer, traiter, gu\u00e9rir ou pr\u00e9venir un \u00e9tat pathologique. Il est propos\u00e9 pour la r\u00e9flexion personnelle, la pleine conscience et les pratiques ax\u00e9es sur le bien-\u00eatre.  <\/span><\/p><p><b>Les d\u00e9butants peuvent-ils utiliser un cristal Vogel de quartz rose ?<\/b><\/p><p><span style=\"font-weight: 400;\">Oui, le cristal de quartz rose de Vogel convient aussi bien aux d\u00e9butants qu'aux praticiens exp\u00e9riment\u00e9s. Aucune connaissance pr\u00e9alable ou formation technique n'est requise pour l'utiliser dans le cadre de la m\u00e9ditation ou de la pratique personnelle.  <\/span><\/p><p><b>Ce cristal peut-il \u00eatre combin\u00e9 avec d'autres outils ?<\/b><\/p><p><span style=\"font-weight: 400;\">Oui. De nombreux utilisateurs combinent les cristaux Vogel avec d'autres cristaux, des techniques de m\u00e9ditation ou des outils ax\u00e9s sur la lumi\u00e8re pour cr\u00e9er un environnement de pratique personnalis\u00e9. Ils peuvent \u00e9galement compl\u00e9ter des lits de cristaux ou des syst\u00e8mes de cristaux structur\u00e9s.  <\/span><\/p><p><b>Comment dois-je entretenir mon cristal de quartz rose Vogel ?<\/b><\/p><p><span style=\"font-weight: 400;\">Pour prendre soin de votre cristal, gardez-le propre et rangez-le dans un endroit s\u00fbr lorsque vous ne l'utilisez pas. Certains utilisateurs pr\u00e9f\u00e8rent le nettoyer p\u00e9riodiquement \u00e0 l'aide de m\u00e9thodes douces telles que l'intention consciente, l'exposition \u00e0 la lumi\u00e8re naturelle ou le placement dans un environnement calme. <\/span><\/p>\n\t\t\t\t\t<\/div>\n\t\t\t\t\t\t<\/div>\n\t\t\t\t<\/div>\n\t\t\t\t\t<\/div>\n\t\t\t\t<\/div>\n\t\t\t\t<\/div>\n\t\t","protected":false},"excerpt":{"rendered":"<p>Le quartz rose aide \u00e0 lib\u00e9rer les vieilles blessures \u00e9motionnelles et apporte du r\u00e9confort au c\u0153ur. La coupe Vogel concentre l&rsquo;\u00e9nergie, aidant \u00e0 \u00e9liminer les blocages \u00e9motionnels et \u00e0 r\u00e9tablir l&rsquo;\u00e9quilibre. <\/p>\n","protected":false},"featured_media":32132,"comment_status":"open","ping_status":"closed","template":"","meta":[],"product_brand":[],"product_cat":[224],"product_tag":[],"class_list":{"0":"post-32344","1":"product","2":"type-product","3":"status-publish","4":"has-post-thumbnail","6":"product_cat-non-classe","8":"first","9":"instock","10":"shipping-taxable","11":"purchasable","12":"product-type-simple"},"yoast_head":"<!-- This site is optimized with the Yoast SEO plugin v27.4 - https:\/\/yoast.com\/product\/yoast-seo-wordpress\/ -->\n<title>Cristal Rose Vogel, Acheter Chacrys Rose Quartz Vogel en ligne<\/title>\n<meta name=\"description\" content=\"Les cristaux de quartz rose de Vogel sont une forme unique et puissante de quartz rose qui sont m\u00e9ticuleusement taill\u00e9s dans une forme sp\u00e9cifique connue sous le nom de taille de Vogel. Achetez des cristaux Rose Vogel de haute qualit\u00e9 chez Chacrys !\" \/>\n<meta name=\"robots\" content=\"index, follow, max-snippet:-1, max-image-preview:large, max-video-preview:-1\" \/>\n<link rel=\"canonical\" href=\"https:\/\/chacrys.com\/fr\/produit\/quartz-rose-cristal-de-vogel\/\" \/>\n<meta property=\"og:locale\" content=\"fr_FR\" \/>\n<meta property=\"og:type\" content=\"article\" \/>\n<meta property=\"og:title\" content=\"Cristal Rose Vogel, Acheter Chacrys Rose Quartz Vogel en ligne\" \/>\n<meta property=\"og:description\" content=\"Les cristaux de quartz rose de Vogel sont une forme unique et puissante de quartz rose qui sont m\u00e9ticuleusement taill\u00e9s dans une forme sp\u00e9cifique connue sous le nom de taille de Vogel. Achetez des cristaux Rose Vogel de haute qualit\u00e9 chez Chacrys !\" \/>\n<meta property=\"og:url\" content=\"https:\/\/chacrys.com\/fr\/produit\/quartz-rose-cristal-de-vogel\/\" \/>\n<meta property=\"og:site_name\" content=\"Chacrys\" \/>\n<meta property=\"article:publisher\" content=\"https:\/\/www.facebook.com\/chacryscrystal\" \/>\n<meta property=\"article:modified_time\" content=\"2026-02-10T10:15:02+00:00\" \/>\n<meta property=\"og:image\" content=\"https:\/\/chacrys.com\/wp-content\/uploads\/2025\/01\/web2.png\" \/>\n\t<meta property=\"og:image:width\" content=\"768\" \/>\n\t<meta property=\"og:image:height\" content=\"768\" \/>\n\t<meta property=\"og:image:type\" content=\"image\/png\" \/>\n<meta name=\"twitter:card\" content=\"summary_large_image\" \/>\n<meta name=\"twitter:label1\" content=\"Prix\" \/>\n\t<meta name=\"twitter:data1\" content=\"129,00&nbsp;&euro;\" \/>\n\t<meta name=\"twitter:label2\" content=\"Disponibilit\u00e9\" \/>\n\t<meta name=\"twitter:data2\" content=\"En stock\" \/>\n<script type=\"application\/ld+json\" class=\"yoast-schema-graph\">{\"@context\":\"https:\\\/\\\/schema.org\",\"@graph\":[{\"@type\":\"WebPage\",\"@id\":\"https:\\\/\\\/chacrys.com\\\/fr\\\/produit\\\/quartz-rose-cristal-de-vogel\\\/\",\"url\":\"https:\\\/\\\/chacrys.com\\\/fr\\\/produit\\\/quartz-rose-cristal-de-vogel\\\/\",\"name\":\"Cristal Rose Vogel, Acheter Chacrys Rose Quartz Vogel en ligne\",\"isPartOf\":{\"@id\":\"https:\\\/\\\/chacrys.com\\\/fr\\\/#website\"},\"primaryImageOfPage\":{\"@id\":\"https:\\\/\\\/chacrys.com\\\/fr\\\/produit\\\/quartz-rose-cristal-de-vogel\\\/#primaryimage\"},\"image\":{\"@id\":\"https:\\\/\\\/chacrys.com\\\/fr\\\/produit\\\/quartz-rose-cristal-de-vogel\\\/#primaryimage\"},\"thumbnailUrl\":\"https:\\\/\\\/chacrys.com\\\/wp-content\\\/uploads\\\/2025\\\/01\\\/web2.png\",\"datePublished\":\"2025-01-29T09:36:01+00:00\",\"dateModified\":\"2026-02-10T10:15:02+00:00\",\"description\":\"Les cristaux de quartz rose de Vogel sont une forme unique et puissante de quartz rose qui sont m\u00e9ticuleusement taill\u00e9s dans une forme sp\u00e9cifique connue sous le nom de taille de Vogel. Achetez des cristaux Rose Vogel de haute qualit\u00e9 chez Chacrys !\",\"breadcrumb\":{\"@id\":\"https:\\\/\\\/chacrys.com\\\/fr\\\/produit\\\/quartz-rose-cristal-de-vogel\\\/#breadcrumb\"},\"inLanguage\":\"fr-FR\",\"potentialAction\":[{\"@type\":\"ReadAction\",\"target\":[\"https:\\\/\\\/chacrys.com\\\/fr\\\/produit\\\/quartz-rose-cristal-de-vogel\\\/\"]}]},{\"@type\":\"ImageObject\",\"inLanguage\":\"fr-FR\",\"@id\":\"https:\\\/\\\/chacrys.com\\\/fr\\\/produit\\\/quartz-rose-cristal-de-vogel\\\/#primaryimage\",\"url\":\"https:\\\/\\\/chacrys.com\\\/wp-content\\\/uploads\\\/2025\\\/01\\\/web2.png\",\"contentUrl\":\"https:\\\/\\\/chacrys.com\\\/wp-content\\\/uploads\\\/2025\\\/01\\\/web2.png\",\"width\":768,\"height\":768,\"caption\":\"quartz rose cristal vogel\"},{\"@type\":\"BreadcrumbList\",\"@id\":\"https:\\\/\\\/chacrys.com\\\/fr\\\/produit\\\/quartz-rose-cristal-de-vogel\\\/#breadcrumb\",\"itemListElement\":[{\"@type\":\"ListItem\",\"position\":1,\"name\":\"Home\",\"item\":\"https:\\\/\\\/chacrys.com\\\/fr\\\/\"},{\"@type\":\"ListItem\",\"position\":2,\"name\":\"L&rsquo;atelier de gu\u00e9rison par les cristaux\",\"item\":\"https:\\\/\\\/chacrys.com\\\/fr\\\/boutique\\\/\"},{\"@type\":\"ListItem\",\"position\":3,\"name\":\"Quartz rose Cristal de Vogel\"}]},{\"@type\":\"WebSite\",\"@id\":\"https:\\\/\\\/chacrys.com\\\/fr\\\/#website\",\"url\":\"https:\\\/\\\/chacrys.com\\\/fr\\\/\",\"name\":\"Chacrys\",\"description\":\"Chacrys\",\"publisher\":{\"@id\":\"https:\\\/\\\/chacrys.com\\\/fr\\\/#organization\"},\"potentialAction\":[{\"@type\":\"SearchAction\",\"target\":{\"@type\":\"EntryPoint\",\"urlTemplate\":\"https:\\\/\\\/chacrys.com\\\/fr\\\/?s={search_term_string}\"},\"query-input\":{\"@type\":\"PropertyValueSpecification\",\"valueRequired\":true,\"valueName\":\"search_term_string\"}}],\"inLanguage\":\"fr-FR\"},{\"@type\":\"Organization\",\"@id\":\"https:\\\/\\\/chacrys.com\\\/fr\\\/#organization\",\"name\":\"Chacrys\",\"url\":\"https:\\\/\\\/chacrys.com\\\/fr\\\/\",\"logo\":{\"@type\":\"ImageObject\",\"inLanguage\":\"fr-FR\",\"@id\":\"https:\\\/\\\/chacrys.com\\\/fr\\\/#\\\/schema\\\/logo\\\/image\\\/\",\"url\":\"https:\\\/\\\/chacrys.com\\\/wp-content\\\/uploads\\\/2024\\\/11\\\/cropped-FRANJULIA-6.png\",\"contentUrl\":\"https:\\\/\\\/chacrys.com\\\/wp-content\\\/uploads\\\/2024\\\/11\\\/cropped-FRANJULIA-6.png\",\"width\":512,\"height\":512,\"caption\":\"Chacrys\"},\"image\":{\"@id\":\"https:\\\/\\\/chacrys.com\\\/fr\\\/#\\\/schema\\\/logo\\\/image\\\/\"},\"sameAs\":[\"https:\\\/\\\/www.facebook.com\\\/chacryscrystal\",\"https:\\\/\\\/www.instagram.com\\\/chacrys\\\/\",\"https:\\\/\\\/www.pinterest.com\\\/chacryscrystalbed\\\/\",\"https:\\\/\\\/www.youtube.com\\\/@chacrysofficial9667\"]}]}<\/script>\n<meta property=\"product:price:amount\" content=\"129.00\" \/>\n<meta property=\"product:price:currency\" content=\"EUR\" \/>\n<meta property=\"og:availability\" content=\"instock\" \/>\n<meta property=\"product:availability\" content=\"instock\" \/>\n<meta property=\"product:condition\" content=\"new\" \/>\n<!-- \/ Yoast SEO plugin. -->","yoast_head_json":{"title":"Cristal Rose Vogel, Acheter Chacrys Rose Quartz Vogel en ligne","description":"Les cristaux de quartz rose de Vogel sont une forme unique et puissante de quartz rose qui sont m\u00e9ticuleusement taill\u00e9s dans une forme sp\u00e9cifique connue sous le nom de taille de Vogel. Achetez des cristaux Rose Vogel de haute qualit\u00e9 chez Chacrys !","robots":{"index":"index","follow":"follow","max-snippet":"max-snippet:-1","max-image-preview":"max-image-preview:large","max-video-preview":"max-video-preview:-1"},"canonical":"https:\/\/chacrys.com\/fr\/produit\/quartz-rose-cristal-de-vogel\/","og_locale":"fr_FR","og_type":"article","og_title":"Cristal Rose Vogel, Acheter Chacrys Rose Quartz Vogel en ligne","og_description":"Les cristaux de quartz rose de Vogel sont une forme unique et puissante de quartz rose qui sont m\u00e9ticuleusement taill\u00e9s dans une forme sp\u00e9cifique connue sous le nom de taille de Vogel. Achetez des cristaux Rose Vogel de haute qualit\u00e9 chez Chacrys !","og_url":"https:\/\/chacrys.com\/fr\/produit\/quartz-rose-cristal-de-vogel\/","og_site_name":"Chacrys","article_publisher":"https:\/\/www.facebook.com\/chacryscrystal","article_modified_time":"2026-02-10T10:15:02+00:00","og_image":[{"width":768,"height":768,"url":"https:\/\/chacrys.com\/wp-content\/uploads\/2025\/01\/web2.png","type":"image\/png"}],"twitter_card":"summary_large_image","twitter_misc":{"Prix":"129,00&nbsp;&euro;","Disponibilit\u00e9":"En stock"},"schema":{"@context":"https:\/\/schema.org","@graph":[{"@type":"WebPage","@id":"https:\/\/chacrys.com\/fr\/produit\/quartz-rose-cristal-de-vogel\/","url":"https:\/\/chacrys.com\/fr\/produit\/quartz-rose-cristal-de-vogel\/","name":"Cristal Rose Vogel, Acheter Chacrys Rose Quartz Vogel en ligne","isPartOf":{"@id":"https:\/\/chacrys.com\/fr\/#website"},"primaryImageOfPage":{"@id":"https:\/\/chacrys.com\/fr\/produit\/quartz-rose-cristal-de-vogel\/#primaryimage"},"image":{"@id":"https:\/\/chacrys.com\/fr\/produit\/quartz-rose-cristal-de-vogel\/#primaryimage"},"thumbnailUrl":"https:\/\/chacrys.com\/wp-content\/uploads\/2025\/01\/web2.png","datePublished":"2025-01-29T09:36:01+00:00","dateModified":"2026-02-10T10:15:02+00:00","description":"Les cristaux de quartz rose de Vogel sont une forme unique et puissante de quartz rose qui sont m\u00e9ticuleusement taill\u00e9s dans une forme sp\u00e9cifique connue sous le nom de taille de Vogel. Achetez des cristaux Rose Vogel de haute qualit\u00e9 chez Chacrys !","breadcrumb":{"@id":"https:\/\/chacrys.com\/fr\/produit\/quartz-rose-cristal-de-vogel\/#breadcrumb"},"inLanguage":"fr-FR","potentialAction":[{"@type":"ReadAction","target":["https:\/\/chacrys.com\/fr\/produit\/quartz-rose-cristal-de-vogel\/"]}]},{"@type":"ImageObject","inLanguage":"fr-FR","@id":"https:\/\/chacrys.com\/fr\/produit\/quartz-rose-cristal-de-vogel\/#primaryimage","url":"https:\/\/chacrys.com\/wp-content\/uploads\/2025\/01\/web2.png","contentUrl":"https:\/\/chacrys.com\/wp-content\/uploads\/2025\/01\/web2.png","width":768,"height":768,"caption":"quartz rose cristal vogel"},{"@type":"BreadcrumbList","@id":"https:\/\/chacrys.com\/fr\/produit\/quartz-rose-cristal-de-vogel\/#breadcrumb","itemListElement":[{"@type":"ListItem","position":1,"name":"Home","item":"https:\/\/chacrys.com\/fr\/"},{"@type":"ListItem","position":2,"name":"L&rsquo;atelier de gu\u00e9rison par les cristaux","item":"https:\/\/chacrys.com\/fr\/boutique\/"},{"@type":"ListItem","position":3,"name":"Quartz rose Cristal de Vogel"}]},{"@type":"WebSite","@id":"https:\/\/chacrys.com\/fr\/#website","url":"https:\/\/chacrys.com\/fr\/","name":"Chacrys","description":"Chacrys","publisher":{"@id":"https:\/\/chacrys.com\/fr\/#organization"},"potentialAction":[{"@type":"SearchAction","target":{"@type":"EntryPoint","urlTemplate":"https:\/\/chacrys.com\/fr\/?s={search_term_string}"},"query-input":{"@type":"PropertyValueSpecification","valueRequired":true,"valueName":"search_term_string"}}],"inLanguage":"fr-FR"},{"@type":"Organization","@id":"https:\/\/chacrys.com\/fr\/#organization","name":"Chacrys","url":"https:\/\/chacrys.com\/fr\/","logo":{"@type":"ImageObject","inLanguage":"fr-FR","@id":"https:\/\/chacrys.com\/fr\/#\/schema\/logo\/image\/","url":"https:\/\/chacrys.com\/wp-content\/uploads\/2024\/11\/cropped-FRANJULIA-6.png","contentUrl":"https:\/\/chacrys.com\/wp-content\/uploads\/2024\/11\/cropped-FRANJULIA-6.png","width":512,"height":512,"caption":"Chacrys"},"image":{"@id":"https:\/\/chacrys.com\/fr\/#\/schema\/logo\/image\/"},"sameAs":["https:\/\/www.facebook.com\/chacryscrystal","https:\/\/www.instagram.com\/chacrys\/","https:\/\/www.pinterest.com\/chacryscrystalbed\/","https:\/\/www.youtube.com\/@chacrysofficial9667"]}]},"product_price_amount":"129.00","product_price_currency":"EUR","og_availability":"instock","product_availability":"instock","product_condition":"new"},"_links":{"self":[{"href":"https:\/\/chacrys.com\/fr\/wp-json\/wp\/v2\/product\/32344","targetHints":{"allow":["GET"]}}],"collection":[{"href":"https:\/\/chacrys.com\/fr\/wp-json\/wp\/v2\/product"}],"about":[{"href":"https:\/\/chacrys.com\/fr\/wp-json\/wp\/v2\/types\/product"}],"replies":[{"embeddable":true,"href":"https:\/\/chacrys.com\/fr\/wp-json\/wp\/v2\/comments?post=32344"}],"version-history":[{"count":2,"href":"https:\/\/chacrys.com\/fr\/wp-json\/wp\/v2\/product\/32344\/revisions"}],"predecessor-version":[{"id":34651,"href":"https:\/\/chacrys.com\/fr\/wp-json\/wp\/v2\/product\/32344\/revisions\/34651"}],"wp:featuredmedia":[{"embeddable":true,"href":"https:\/\/chacrys.com\/fr\/wp-json\/wp\/v2\/media\/32132"}],"wp:attachment":[{"href":"https:\/\/chacrys.com\/fr\/wp-json\/wp\/v2\/media?parent=32344"}],"wp:term":[{"taxonomy":"product_brand","embeddable":true,"href":"https:\/\/chacrys.com\/fr\/wp-json\/wp\/v2\/product_brand?post=32344"},{"taxonomy":"product_cat","embeddable":true,"href":"https:\/\/chacrys.com\/fr\/wp-json\/wp\/v2\/product_cat?post=32344"},{"taxonomy":"product_tag","embeddable":true,"href":"https:\/\/chacrys.com\/fr\/wp-json\/wp\/v2\/product_tag?post=32344"}],"curies":[{"name":"wp","href":"https:\/\/api.w.org\/{rel}","templated":true}]}}