{"id":31540,"date":"2024-11-25T17:41:03","date_gmt":"2024-11-25T17:41:03","guid":{"rendered":"https:\/\/chacrys.com\/product\/cristal-vogel-a-24-faces\/"},"modified":"2026-04-09T21:40:10","modified_gmt":"2026-04-09T19:40:10","slug":"cristal-vogel-a-24-faces","status":"publish","type":"product","link":"https:\/\/chacrys.com\/fr\/produit\/cristal-vogel-a-24-faces\/","title":{"rendered":"Cristal vogel \u00e0 24 faces"},"content":{"rendered":"","protected":false},"excerpt":{"rendered":"<p>Commandez d\u00e8s maintenant votre propre cristal de Vogel \u00e0 24 faces et apprenez \u00e0 l&rsquo;utiliser depuis le confort de votre maison.<\/p>\n<ul class=\"help-box-ul\">\n<li>formation en ligne + cahier d&rsquo;exercices<\/li>\n<li>certification<\/li>\n<li>\u00e9tui en cuir de premi\u00e8re qualit\u00e9<\/li>\n<li>exp\u00e9dition dans le monde entier<\/li>\n<\/ul>\n","protected":false},"featured_media":30736,"comment_status":"open","ping_status":"closed","template":"","meta":[],"product_brand":[],"product_cat":[224],"product_tag":[],"class_list":{"0":"post-31540","1":"product","2":"type-product","3":"status-publish","4":"has-post-thumbnail","6":"product_cat-non-classe","8":"first","9":"instock","10":"shipping-taxable","11":"purchasable","12":"product-type-simple"},"yoast_head":"<!-- This site is optimized with the Yoast SEO plugin v27.4 - https:\/\/yoast.com\/product\/yoast-seo-wordpress\/ -->\n<title>Cristal de Vogel \u00e0 24 faces, cristal de quartz clair \u00e0 24 faces pour la gu\u00e9rison | Chacrys<\/title>\n<meta name=\"description\" content=\"Obtenez votre cristal de Vogel \u00e0 24 faces avec les conseils d&#039;un expert gr\u00e2ce \u00e0 une formation en ligne, un manuel, une certification et un \u00e9tui en cuir de premi\u00e8re qualit\u00e9. B\u00e9n\u00e9ficiez d&#039;une livraison dans le monde entier.\" \/>\n<meta name=\"robots\" content=\"index, follow, max-snippet:-1, max-image-preview:large, max-video-preview:-1\" \/>\n<link rel=\"canonical\" href=\"https:\/\/chacrys.com\/fr\/produit\/cristal-vogel-a-24-faces\/\" \/>\n<meta property=\"og:locale\" content=\"fr_FR\" \/>\n<meta property=\"og:type\" content=\"article\" \/>\n<meta property=\"og:title\" content=\"Cristal de Vogel \u00e0 24 faces, cristal de quartz clair \u00e0 24 faces pour la gu\u00e9rison | Chacrys\" \/>\n<meta property=\"og:description\" content=\"Obtenez votre cristal de Vogel \u00e0 24 faces avec les conseils d&#039;un expert gr\u00e2ce \u00e0 une formation en ligne, un manuel, une certification et un \u00e9tui en cuir de premi\u00e8re qualit\u00e9. B\u00e9n\u00e9ficiez d&#039;une livraison dans le monde entier.\" \/>\n<meta property=\"og:url\" content=\"https:\/\/chacrys.com\/fr\/produit\/cristal-vogel-a-24-faces\/\" \/>\n<meta property=\"og:site_name\" content=\"Chacrys\" \/>\n<meta property=\"article:publisher\" content=\"https:\/\/www.facebook.com\/chacryscrystal\" \/>\n<meta property=\"article:modified_time\" content=\"2026-04-09T19:40:10+00:00\" \/>\n<meta property=\"og:image\" content=\"https:\/\/chacrys.com\/wp-content\/uploads\/2024\/11\/v-v-520x520-2.jpg\" \/>\n\t<meta property=\"og:image:width\" content=\"520\" \/>\n\t<meta property=\"og:image:height\" content=\"520\" \/>\n\t<meta property=\"og:image:type\" content=\"image\/jpeg\" \/>\n<meta name=\"twitter:card\" content=\"summary_large_image\" \/>\n<meta name=\"twitter:label1\" content=\"Prix\" \/>\n\t<meta name=\"twitter:data1\" content=\"490,00&nbsp;&euro;\" \/>\n\t<meta name=\"twitter:label2\" content=\"Disponibilit\u00e9\" \/>\n\t<meta name=\"twitter:data2\" content=\"En stock\" \/>\n<script type=\"application\/ld+json\" class=\"yoast-schema-graph\">{\"@context\":\"https:\\\/\\\/schema.org\",\"@graph\":[{\"@type\":\"WebPage\",\"@id\":\"https:\\\/\\\/chacrys.com\\\/fr\\\/produit\\\/cristal-vogel-a-24-faces\\\/\",\"url\":\"https:\\\/\\\/chacrys.com\\\/fr\\\/produit\\\/cristal-vogel-a-24-faces\\\/\",\"name\":\"Cristal de Vogel \u00e0 24 faces, cristal de quartz clair \u00e0 24 faces pour la gu\u00e9rison | Chacrys\",\"isPartOf\":{\"@id\":\"https:\\\/\\\/chacrys.com\\\/fr\\\/#website\"},\"primaryImageOfPage\":{\"@id\":\"https:\\\/\\\/chacrys.com\\\/fr\\\/produit\\\/cristal-vogel-a-24-faces\\\/#primaryimage\"},\"image\":{\"@id\":\"https:\\\/\\\/chacrys.com\\\/fr\\\/produit\\\/cristal-vogel-a-24-faces\\\/#primaryimage\"},\"thumbnailUrl\":\"https:\\\/\\\/chacrys.com\\\/wp-content\\\/uploads\\\/2024\\\/11\\\/v-v-520x520-2.jpg\",\"datePublished\":\"2024-11-25T17:41:03+00:00\",\"dateModified\":\"2026-04-09T19:40:10+00:00\",\"description\":\"Obtenez votre cristal de Vogel \u00e0 24 faces avec les conseils d'un expert gr\u00e2ce \u00e0 une formation en ligne, un manuel, une certification et un \u00e9tui en cuir de premi\u00e8re qualit\u00e9. B\u00e9n\u00e9ficiez d'une livraison dans le monde entier.\",\"breadcrumb\":{\"@id\":\"https:\\\/\\\/chacrys.com\\\/fr\\\/produit\\\/cristal-vogel-a-24-faces\\\/#breadcrumb\"},\"inLanguage\":\"fr-FR\",\"potentialAction\":[{\"@type\":\"ReadAction\",\"target\":[\"https:\\\/\\\/chacrys.com\\\/fr\\\/produit\\\/cristal-vogel-a-24-faces\\\/\"]}]},{\"@type\":\"ImageObject\",\"inLanguage\":\"fr-FR\",\"@id\":\"https:\\\/\\\/chacrys.com\\\/fr\\\/produit\\\/cristal-vogel-a-24-faces\\\/#primaryimage\",\"url\":\"https:\\\/\\\/chacrys.com\\\/wp-content\\\/uploads\\\/2024\\\/11\\\/v-v-520x520-2.jpg\",\"contentUrl\":\"https:\\\/\\\/chacrys.com\\\/wp-content\\\/uploads\\\/2024\\\/11\\\/v-v-520x520-2.jpg\",\"width\":520,\"height\":520,\"caption\":\"Cristal vogel \u00e0 24 faces\"},{\"@type\":\"BreadcrumbList\",\"@id\":\"https:\\\/\\\/chacrys.com\\\/fr\\\/produit\\\/cristal-vogel-a-24-faces\\\/#breadcrumb\",\"itemListElement\":[{\"@type\":\"ListItem\",\"position\":1,\"name\":\"Home\",\"item\":\"https:\\\/\\\/chacrys.com\\\/fr\\\/\"},{\"@type\":\"ListItem\",\"position\":2,\"name\":\"L&rsquo;atelier de gu\u00e9rison par les cristaux\",\"item\":\"https:\\\/\\\/chacrys.com\\\/fr\\\/boutique\\\/\"},{\"@type\":\"ListItem\",\"position\":3,\"name\":\"Cristal vogel \u00e0 24 faces\"}]},{\"@type\":\"WebSite\",\"@id\":\"https:\\\/\\\/chacrys.com\\\/fr\\\/#website\",\"url\":\"https:\\\/\\\/chacrys.com\\\/fr\\\/\",\"name\":\"Chacrys\",\"description\":\"Chacrys\",\"publisher\":{\"@id\":\"https:\\\/\\\/chacrys.com\\\/fr\\\/#organization\"},\"potentialAction\":[{\"@type\":\"SearchAction\",\"target\":{\"@type\":\"EntryPoint\",\"urlTemplate\":\"https:\\\/\\\/chacrys.com\\\/fr\\\/?s={search_term_string}\"},\"query-input\":{\"@type\":\"PropertyValueSpecification\",\"valueRequired\":true,\"valueName\":\"search_term_string\"}}],\"inLanguage\":\"fr-FR\"},{\"@type\":\"Organization\",\"@id\":\"https:\\\/\\\/chacrys.com\\\/fr\\\/#organization\",\"name\":\"Chacrys\",\"url\":\"https:\\\/\\\/chacrys.com\\\/fr\\\/\",\"logo\":{\"@type\":\"ImageObject\",\"inLanguage\":\"fr-FR\",\"@id\":\"https:\\\/\\\/chacrys.com\\\/fr\\\/#\\\/schema\\\/logo\\\/image\\\/\",\"url\":\"https:\\\/\\\/chacrys.com\\\/wp-content\\\/uploads\\\/2024\\\/11\\\/cropped-FRANJULIA-6.png\",\"contentUrl\":\"https:\\\/\\\/chacrys.com\\\/wp-content\\\/uploads\\\/2024\\\/11\\\/cropped-FRANJULIA-6.png\",\"width\":512,\"height\":512,\"caption\":\"Chacrys\"},\"image\":{\"@id\":\"https:\\\/\\\/chacrys.com\\\/fr\\\/#\\\/schema\\\/logo\\\/image\\\/\"},\"sameAs\":[\"https:\\\/\\\/www.facebook.com\\\/chacryscrystal\",\"https:\\\/\\\/www.instagram.com\\\/chacrys\\\/\",\"https:\\\/\\\/www.pinterest.com\\\/chacryscrystalbed\\\/\",\"https:\\\/\\\/www.youtube.com\\\/@chacrysofficial9667\"]}]}<\/script>\n<meta property=\"product:price:amount\" content=\"490.00\" \/>\n<meta property=\"product:price:currency\" content=\"EUR\" \/>\n<meta property=\"og:availability\" content=\"instock\" \/>\n<meta property=\"product:availability\" content=\"instock\" \/>\n<meta property=\"product:condition\" content=\"new\" \/>\n<!-- \/ Yoast SEO plugin. -->","yoast_head_json":{"title":"Cristal de Vogel \u00e0 24 faces, cristal de quartz clair \u00e0 24 faces pour la gu\u00e9rison | Chacrys","description":"Obtenez votre cristal de Vogel \u00e0 24 faces avec les conseils d'un expert gr\u00e2ce \u00e0 une formation en ligne, un manuel, une certification et un \u00e9tui en cuir de premi\u00e8re qualit\u00e9. B\u00e9n\u00e9ficiez d'une livraison dans le monde entier.","robots":{"index":"index","follow":"follow","max-snippet":"max-snippet:-1","max-image-preview":"max-image-preview:large","max-video-preview":"max-video-preview:-1"},"canonical":"https:\/\/chacrys.com\/fr\/produit\/cristal-vogel-a-24-faces\/","og_locale":"fr_FR","og_type":"article","og_title":"Cristal de Vogel \u00e0 24 faces, cristal de quartz clair \u00e0 24 faces pour la gu\u00e9rison | Chacrys","og_description":"Obtenez votre cristal de Vogel \u00e0 24 faces avec les conseils d'un expert gr\u00e2ce \u00e0 une formation en ligne, un manuel, une certification et un \u00e9tui en cuir de premi\u00e8re qualit\u00e9. B\u00e9n\u00e9ficiez d'une livraison dans le monde entier.","og_url":"https:\/\/chacrys.com\/fr\/produit\/cristal-vogel-a-24-faces\/","og_site_name":"Chacrys","article_publisher":"https:\/\/www.facebook.com\/chacryscrystal","article_modified_time":"2026-04-09T19:40:10+00:00","og_image":[{"width":520,"height":520,"url":"https:\/\/chacrys.com\/wp-content\/uploads\/2024\/11\/v-v-520x520-2.jpg","type":"image\/jpeg"}],"twitter_card":"summary_large_image","twitter_misc":{"Prix":"490,00&nbsp;&euro;","Disponibilit\u00e9":"En stock"},"schema":{"@context":"https:\/\/schema.org","@graph":[{"@type":"WebPage","@id":"https:\/\/chacrys.com\/fr\/produit\/cristal-vogel-a-24-faces\/","url":"https:\/\/chacrys.com\/fr\/produit\/cristal-vogel-a-24-faces\/","name":"Cristal de Vogel \u00e0 24 faces, cristal de quartz clair \u00e0 24 faces pour la gu\u00e9rison | Chacrys","isPartOf":{"@id":"https:\/\/chacrys.com\/fr\/#website"},"primaryImageOfPage":{"@id":"https:\/\/chacrys.com\/fr\/produit\/cristal-vogel-a-24-faces\/#primaryimage"},"image":{"@id":"https:\/\/chacrys.com\/fr\/produit\/cristal-vogel-a-24-faces\/#primaryimage"},"thumbnailUrl":"https:\/\/chacrys.com\/wp-content\/uploads\/2024\/11\/v-v-520x520-2.jpg","datePublished":"2024-11-25T17:41:03+00:00","dateModified":"2026-04-09T19:40:10+00:00","description":"Obtenez votre cristal de Vogel \u00e0 24 faces avec les conseils d'un expert gr\u00e2ce \u00e0 une formation en ligne, un manuel, une certification et un \u00e9tui en cuir de premi\u00e8re qualit\u00e9. B\u00e9n\u00e9ficiez d'une livraison dans le monde entier.","breadcrumb":{"@id":"https:\/\/chacrys.com\/fr\/produit\/cristal-vogel-a-24-faces\/#breadcrumb"},"inLanguage":"fr-FR","potentialAction":[{"@type":"ReadAction","target":["https:\/\/chacrys.com\/fr\/produit\/cristal-vogel-a-24-faces\/"]}]},{"@type":"ImageObject","inLanguage":"fr-FR","@id":"https:\/\/chacrys.com\/fr\/produit\/cristal-vogel-a-24-faces\/#primaryimage","url":"https:\/\/chacrys.com\/wp-content\/uploads\/2024\/11\/v-v-520x520-2.jpg","contentUrl":"https:\/\/chacrys.com\/wp-content\/uploads\/2024\/11\/v-v-520x520-2.jpg","width":520,"height":520,"caption":"Cristal vogel \u00e0 24 faces"},{"@type":"BreadcrumbList","@id":"https:\/\/chacrys.com\/fr\/produit\/cristal-vogel-a-24-faces\/#breadcrumb","itemListElement":[{"@type":"ListItem","position":1,"name":"Home","item":"https:\/\/chacrys.com\/fr\/"},{"@type":"ListItem","position":2,"name":"L&rsquo;atelier de gu\u00e9rison par les cristaux","item":"https:\/\/chacrys.com\/fr\/boutique\/"},{"@type":"ListItem","position":3,"name":"Cristal vogel \u00e0 24 faces"}]},{"@type":"WebSite","@id":"https:\/\/chacrys.com\/fr\/#website","url":"https:\/\/chacrys.com\/fr\/","name":"Chacrys","description":"Chacrys","publisher":{"@id":"https:\/\/chacrys.com\/fr\/#organization"},"potentialAction":[{"@type":"SearchAction","target":{"@type":"EntryPoint","urlTemplate":"https:\/\/chacrys.com\/fr\/?s={search_term_string}"},"query-input":{"@type":"PropertyValueSpecification","valueRequired":true,"valueName":"search_term_string"}}],"inLanguage":"fr-FR"},{"@type":"Organization","@id":"https:\/\/chacrys.com\/fr\/#organization","name":"Chacrys","url":"https:\/\/chacrys.com\/fr\/","logo":{"@type":"ImageObject","inLanguage":"fr-FR","@id":"https:\/\/chacrys.com\/fr\/#\/schema\/logo\/image\/","url":"https:\/\/chacrys.com\/wp-content\/uploads\/2024\/11\/cropped-FRANJULIA-6.png","contentUrl":"https:\/\/chacrys.com\/wp-content\/uploads\/2024\/11\/cropped-FRANJULIA-6.png","width":512,"height":512,"caption":"Chacrys"},"image":{"@id":"https:\/\/chacrys.com\/fr\/#\/schema\/logo\/image\/"},"sameAs":["https:\/\/www.facebook.com\/chacryscrystal","https:\/\/www.instagram.com\/chacrys\/","https:\/\/www.pinterest.com\/chacryscrystalbed\/","https:\/\/www.youtube.com\/@chacrysofficial9667"]}]},"product_price_amount":"490.00","product_price_currency":"EUR","og_availability":"instock","product_availability":"instock","product_condition":"new"},"_links":{"self":[{"href":"https:\/\/chacrys.com\/fr\/wp-json\/wp\/v2\/product\/31540","targetHints":{"allow":["GET"]}}],"collection":[{"href":"https:\/\/chacrys.com\/fr\/wp-json\/wp\/v2\/product"}],"about":[{"href":"https:\/\/chacrys.com\/fr\/wp-json\/wp\/v2\/types\/product"}],"replies":[{"embeddable":true,"href":"https:\/\/chacrys.com\/fr\/wp-json\/wp\/v2\/comments?post=31540"}],"version-history":[{"count":1,"href":"https:\/\/chacrys.com\/fr\/wp-json\/wp\/v2\/product\/31540\/revisions"}],"predecessor-version":[{"id":32639,"href":"https:\/\/chacrys.com\/fr\/wp-json\/wp\/v2\/product\/31540\/revisions\/32639"}],"wp:featuredmedia":[{"embeddable":true,"href":"https:\/\/chacrys.com\/fr\/wp-json\/wp\/v2\/media\/30736"}],"wp:attachment":[{"href":"https:\/\/chacrys.com\/fr\/wp-json\/wp\/v2\/media?parent=31540"}],"wp:term":[{"taxonomy":"product_brand","embeddable":true,"href":"https:\/\/chacrys.com\/fr\/wp-json\/wp\/v2\/product_brand?post=31540"},{"taxonomy":"product_cat","embeddable":true,"href":"https:\/\/chacrys.com\/fr\/wp-json\/wp\/v2\/product_cat?post=31540"},{"taxonomy":"product_tag","embeddable":true,"href":"https:\/\/chacrys.com\/fr\/wp-json\/wp\/v2\/product_tag?post=31540"}],"curies":[{"name":"wp","href":"https:\/\/api.w.org\/{rel}","templated":true}]}}