{"id":31535,"date":"2024-11-25T16:51:52","date_gmt":"2024-11-25T15:51:52","guid":{"rendered":"https:\/\/chacrys.com\/product\/cristal-de-vogel\/"},"modified":"2026-01-21T20:08:36","modified_gmt":"2026-01-21T19:08:36","slug":"cristal-de-vogel","status":"publish","type":"product","link":"https:\/\/chacrys.com\/fr\/produit\/cristal-de-vogel\/","title":{"rendered":"Cristal de Vogel"},"content":{"rendered":"","protected":false},"excerpt":{"rendered":"<p>Procurez-vous d\u00e8s maintenant votre propre cristal de Vogel et apprenez \u00e0 l&rsquo;utiliser dans le confort de votre maison.<\/p>\n<ul class=\"help-box-ul\">\n<li>formation en ligne + cahier d&rsquo;exercices<\/li>\n<li>certification<\/li>\n<li>dossier PLA durable<\/li>\n<li>exp\u00e9dition dans le monde entier<\/li>\n<\/ul>\n","protected":false},"featured_media":32071,"comment_status":"open","ping_status":"closed","template":"","meta":[],"product_brand":[],"product_cat":[268,224],"product_tag":[],"class_list":{"0":"post-31535","1":"product","2":"type-product","3":"status-publish","4":"has-post-thumbnail","6":"product_cat-bestseller-fr","7":"product_cat-non-classe","9":"first","10":"instock","11":"shipping-taxable","12":"purchasable","13":"product-type-simple"},"yoast_head":"<!-- This site is optimized with the Yoast SEO plugin v27.3 - https:\/\/yoast.com\/product\/yoast-seo-wordpress\/ -->\n<title>Cristal de Vogel, Acheter Cristal de Vogel taill\u00e9 pour baguettes de gu\u00e9rison | Chacrys<\/title>\n<meta name=\"description\" content=\"Poss\u00e9dez votre cristal taill\u00e9 Vogel avec une formation en ligne et un manuel certifi\u00e9. Il est livr\u00e9 dans un \u00e9tui en PLA durable et peut \u00eatre exp\u00e9di\u00e9 dans le monde entier.\" \/>\n<meta name=\"robots\" content=\"index, follow, max-snippet:-1, max-image-preview:large, max-video-preview:-1\" \/>\n<link rel=\"canonical\" href=\"https:\/\/chacrys.com\/fr\/produit\/cristal-de-vogel\/\" \/>\n<meta property=\"og:locale\" content=\"fr_FR\" \/>\n<meta property=\"og:type\" content=\"article\" \/>\n<meta property=\"og:title\" content=\"Cristal de Vogel, Acheter Cristal de Vogel taill\u00e9 pour baguettes de gu\u00e9rison | Chacrys\" \/>\n<meta property=\"og:description\" content=\"Poss\u00e9dez votre cristal taill\u00e9 Vogel avec une formation en ligne et un manuel certifi\u00e9. Il est livr\u00e9 dans un \u00e9tui en PLA durable et peut \u00eatre exp\u00e9di\u00e9 dans le monde entier.\" \/>\n<meta property=\"og:url\" content=\"https:\/\/chacrys.com\/fr\/produit\/cristal-de-vogel\/\" \/>\n<meta property=\"og:site_name\" content=\"Chacrys\" \/>\n<meta property=\"article:publisher\" content=\"https:\/\/www.facebook.com\/chacryscrystal\" \/>\n<meta property=\"article:modified_time\" content=\"2026-01-21T19:08:36+00:00\" \/>\n<meta property=\"og:image\" content=\"https:\/\/chacrys.com\/wp-content\/uploads\/2024\/11\/web3.png\" \/>\n\t<meta property=\"og:image:width\" content=\"768\" \/>\n\t<meta property=\"og:image:height\" content=\"768\" \/>\n\t<meta property=\"og:image:type\" content=\"image\/png\" \/>\n<meta name=\"twitter:card\" content=\"summary_large_image\" \/>\n<meta name=\"twitter:label1\" content=\"Prix\" \/>\n\t<meta name=\"twitter:data1\" content=\"129,00&nbsp;&euro;\" \/>\n\t<meta name=\"twitter:label2\" content=\"Disponibilit\u00e9\" \/>\n\t<meta name=\"twitter:data2\" content=\"En stock\" \/>\n<script type=\"application\/ld+json\" class=\"yoast-schema-graph\">{\"@context\":\"https:\\\/\\\/schema.org\",\"@graph\":[{\"@type\":\"WebPage\",\"@id\":\"https:\\\/\\\/chacrys.com\\\/fr\\\/produit\\\/cristal-de-vogel\\\/\",\"url\":\"https:\\\/\\\/chacrys.com\\\/fr\\\/produit\\\/cristal-de-vogel\\\/\",\"name\":\"Cristal de Vogel, Acheter Cristal de Vogel taill\u00e9 pour baguettes de gu\u00e9rison | Chacrys\",\"isPartOf\":{\"@id\":\"https:\\\/\\\/chacrys.com\\\/fr\\\/#website\"},\"primaryImageOfPage\":{\"@id\":\"https:\\\/\\\/chacrys.com\\\/fr\\\/produit\\\/cristal-de-vogel\\\/#primaryimage\"},\"image\":{\"@id\":\"https:\\\/\\\/chacrys.com\\\/fr\\\/produit\\\/cristal-de-vogel\\\/#primaryimage\"},\"thumbnailUrl\":\"https:\\\/\\\/chacrys.com\\\/wp-content\\\/uploads\\\/2024\\\/11\\\/web3.png\",\"datePublished\":\"2024-11-25T15:51:52+00:00\",\"dateModified\":\"2026-01-21T19:08:36+00:00\",\"description\":\"Poss\u00e9dez votre cristal taill\u00e9 Vogel avec une formation en ligne et un manuel certifi\u00e9. Il est livr\u00e9 dans un \u00e9tui en PLA durable et peut \u00eatre exp\u00e9di\u00e9 dans le monde entier.\",\"breadcrumb\":{\"@id\":\"https:\\\/\\\/chacrys.com\\\/fr\\\/produit\\\/cristal-de-vogel\\\/#breadcrumb\"},\"inLanguage\":\"fr-FR\",\"potentialAction\":[{\"@type\":\"ReadAction\",\"target\":[\"https:\\\/\\\/chacrys.com\\\/fr\\\/produit\\\/cristal-de-vogel\\\/\"]}]},{\"@type\":\"ImageObject\",\"inLanguage\":\"fr-FR\",\"@id\":\"https:\\\/\\\/chacrys.com\\\/fr\\\/produit\\\/cristal-de-vogel\\\/#primaryimage\",\"url\":\"https:\\\/\\\/chacrys.com\\\/wp-content\\\/uploads\\\/2024\\\/11\\\/web3.png\",\"contentUrl\":\"https:\\\/\\\/chacrys.com\\\/wp-content\\\/uploads\\\/2024\\\/11\\\/web3.png\",\"width\":768,\"height\":768,\"caption\":\"cristal vogel\"},{\"@type\":\"BreadcrumbList\",\"@id\":\"https:\\\/\\\/chacrys.com\\\/fr\\\/produit\\\/cristal-de-vogel\\\/#breadcrumb\",\"itemListElement\":[{\"@type\":\"ListItem\",\"position\":1,\"name\":\"Home\",\"item\":\"https:\\\/\\\/chacrys.com\\\/fr\\\/\"},{\"@type\":\"ListItem\",\"position\":2,\"name\":\"L&rsquo;atelier de gu\u00e9rison par les cristaux\",\"item\":\"https:\\\/\\\/chacrys.com\\\/fr\\\/boutique\\\/\"},{\"@type\":\"ListItem\",\"position\":3,\"name\":\"Cristal de Vogel\"}]},{\"@type\":\"WebSite\",\"@id\":\"https:\\\/\\\/chacrys.com\\\/fr\\\/#website\",\"url\":\"https:\\\/\\\/chacrys.com\\\/fr\\\/\",\"name\":\"Chacrys\",\"description\":\"Chacrys\",\"publisher\":{\"@id\":\"https:\\\/\\\/chacrys.com\\\/fr\\\/#organization\"},\"potentialAction\":[{\"@type\":\"SearchAction\",\"target\":{\"@type\":\"EntryPoint\",\"urlTemplate\":\"https:\\\/\\\/chacrys.com\\\/fr\\\/?s={search_term_string}\"},\"query-input\":{\"@type\":\"PropertyValueSpecification\",\"valueRequired\":true,\"valueName\":\"search_term_string\"}}],\"inLanguage\":\"fr-FR\"},{\"@type\":\"Organization\",\"@id\":\"https:\\\/\\\/chacrys.com\\\/fr\\\/#organization\",\"name\":\"Chacrys\",\"url\":\"https:\\\/\\\/chacrys.com\\\/fr\\\/\",\"logo\":{\"@type\":\"ImageObject\",\"inLanguage\":\"fr-FR\",\"@id\":\"https:\\\/\\\/chacrys.com\\\/fr\\\/#\\\/schema\\\/logo\\\/image\\\/\",\"url\":\"https:\\\/\\\/chacrys.com\\\/wp-content\\\/uploads\\\/2024\\\/11\\\/cropped-FRANJULIA-6.png\",\"contentUrl\":\"https:\\\/\\\/chacrys.com\\\/wp-content\\\/uploads\\\/2024\\\/11\\\/cropped-FRANJULIA-6.png\",\"width\":512,\"height\":512,\"caption\":\"Chacrys\"},\"image\":{\"@id\":\"https:\\\/\\\/chacrys.com\\\/fr\\\/#\\\/schema\\\/logo\\\/image\\\/\"},\"sameAs\":[\"https:\\\/\\\/www.facebook.com\\\/chacryscrystal\",\"https:\\\/\\\/www.instagram.com\\\/chacrys\\\/\",\"https:\\\/\\\/www.pinterest.com\\\/chacryscrystalbed\\\/\",\"https:\\\/\\\/www.youtube.com\\\/@chacrysofficial9667\"]}]}<\/script>\n<meta property=\"product:price:amount\" content=\"129.00\" \/>\n<meta property=\"product:price:currency\" content=\"EUR\" \/>\n<meta property=\"og:availability\" content=\"instock\" \/>\n<meta property=\"product:availability\" content=\"instock\" \/>\n<meta property=\"product:condition\" content=\"new\" \/>\n<!-- \/ Yoast SEO plugin. -->","yoast_head_json":{"title":"Cristal de Vogel, Acheter Cristal de Vogel taill\u00e9 pour baguettes de gu\u00e9rison | Chacrys","description":"Poss\u00e9dez votre cristal taill\u00e9 Vogel avec une formation en ligne et un manuel certifi\u00e9. Il est livr\u00e9 dans un \u00e9tui en PLA durable et peut \u00eatre exp\u00e9di\u00e9 dans le monde entier.","robots":{"index":"index","follow":"follow","max-snippet":"max-snippet:-1","max-image-preview":"max-image-preview:large","max-video-preview":"max-video-preview:-1"},"canonical":"https:\/\/chacrys.com\/fr\/produit\/cristal-de-vogel\/","og_locale":"fr_FR","og_type":"article","og_title":"Cristal de Vogel, Acheter Cristal de Vogel taill\u00e9 pour baguettes de gu\u00e9rison | Chacrys","og_description":"Poss\u00e9dez votre cristal taill\u00e9 Vogel avec une formation en ligne et un manuel certifi\u00e9. Il est livr\u00e9 dans un \u00e9tui en PLA durable et peut \u00eatre exp\u00e9di\u00e9 dans le monde entier.","og_url":"https:\/\/chacrys.com\/fr\/produit\/cristal-de-vogel\/","og_site_name":"Chacrys","article_publisher":"https:\/\/www.facebook.com\/chacryscrystal","article_modified_time":"2026-01-21T19:08:36+00:00","og_image":[{"width":768,"height":768,"url":"https:\/\/chacrys.com\/wp-content\/uploads\/2024\/11\/web3.png","type":"image\/png"}],"twitter_card":"summary_large_image","twitter_misc":{"Prix":"129,00&nbsp;&euro;","Disponibilit\u00e9":"En stock"},"schema":{"@context":"https:\/\/schema.org","@graph":[{"@type":"WebPage","@id":"https:\/\/chacrys.com\/fr\/produit\/cristal-de-vogel\/","url":"https:\/\/chacrys.com\/fr\/produit\/cristal-de-vogel\/","name":"Cristal de Vogel, Acheter Cristal de Vogel taill\u00e9 pour baguettes de gu\u00e9rison | Chacrys","isPartOf":{"@id":"https:\/\/chacrys.com\/fr\/#website"},"primaryImageOfPage":{"@id":"https:\/\/chacrys.com\/fr\/produit\/cristal-de-vogel\/#primaryimage"},"image":{"@id":"https:\/\/chacrys.com\/fr\/produit\/cristal-de-vogel\/#primaryimage"},"thumbnailUrl":"https:\/\/chacrys.com\/wp-content\/uploads\/2024\/11\/web3.png","datePublished":"2024-11-25T15:51:52+00:00","dateModified":"2026-01-21T19:08:36+00:00","description":"Poss\u00e9dez votre cristal taill\u00e9 Vogel avec une formation en ligne et un manuel certifi\u00e9. Il est livr\u00e9 dans un \u00e9tui en PLA durable et peut \u00eatre exp\u00e9di\u00e9 dans le monde entier.","breadcrumb":{"@id":"https:\/\/chacrys.com\/fr\/produit\/cristal-de-vogel\/#breadcrumb"},"inLanguage":"fr-FR","potentialAction":[{"@type":"ReadAction","target":["https:\/\/chacrys.com\/fr\/produit\/cristal-de-vogel\/"]}]},{"@type":"ImageObject","inLanguage":"fr-FR","@id":"https:\/\/chacrys.com\/fr\/produit\/cristal-de-vogel\/#primaryimage","url":"https:\/\/chacrys.com\/wp-content\/uploads\/2024\/11\/web3.png","contentUrl":"https:\/\/chacrys.com\/wp-content\/uploads\/2024\/11\/web3.png","width":768,"height":768,"caption":"cristal vogel"},{"@type":"BreadcrumbList","@id":"https:\/\/chacrys.com\/fr\/produit\/cristal-de-vogel\/#breadcrumb","itemListElement":[{"@type":"ListItem","position":1,"name":"Home","item":"https:\/\/chacrys.com\/fr\/"},{"@type":"ListItem","position":2,"name":"L&rsquo;atelier de gu\u00e9rison par les cristaux","item":"https:\/\/chacrys.com\/fr\/boutique\/"},{"@type":"ListItem","position":3,"name":"Cristal de Vogel"}]},{"@type":"WebSite","@id":"https:\/\/chacrys.com\/fr\/#website","url":"https:\/\/chacrys.com\/fr\/","name":"Chacrys","description":"Chacrys","publisher":{"@id":"https:\/\/chacrys.com\/fr\/#organization"},"potentialAction":[{"@type":"SearchAction","target":{"@type":"EntryPoint","urlTemplate":"https:\/\/chacrys.com\/fr\/?s={search_term_string}"},"query-input":{"@type":"PropertyValueSpecification","valueRequired":true,"valueName":"search_term_string"}}],"inLanguage":"fr-FR"},{"@type":"Organization","@id":"https:\/\/chacrys.com\/fr\/#organization","name":"Chacrys","url":"https:\/\/chacrys.com\/fr\/","logo":{"@type":"ImageObject","inLanguage":"fr-FR","@id":"https:\/\/chacrys.com\/fr\/#\/schema\/logo\/image\/","url":"https:\/\/chacrys.com\/wp-content\/uploads\/2024\/11\/cropped-FRANJULIA-6.png","contentUrl":"https:\/\/chacrys.com\/wp-content\/uploads\/2024\/11\/cropped-FRANJULIA-6.png","width":512,"height":512,"caption":"Chacrys"},"image":{"@id":"https:\/\/chacrys.com\/fr\/#\/schema\/logo\/image\/"},"sameAs":["https:\/\/www.facebook.com\/chacryscrystal","https:\/\/www.instagram.com\/chacrys\/","https:\/\/www.pinterest.com\/chacryscrystalbed\/","https:\/\/www.youtube.com\/@chacrysofficial9667"]}]},"product_price_amount":"129.00","product_price_currency":"EUR","og_availability":"instock","product_availability":"instock","product_condition":"new"},"_links":{"self":[{"href":"https:\/\/chacrys.com\/fr\/wp-json\/wp\/v2\/product\/31535","targetHints":{"allow":["GET"]}}],"collection":[{"href":"https:\/\/chacrys.com\/fr\/wp-json\/wp\/v2\/product"}],"about":[{"href":"https:\/\/chacrys.com\/fr\/wp-json\/wp\/v2\/types\/product"}],"replies":[{"embeddable":true,"href":"https:\/\/chacrys.com\/fr\/wp-json\/wp\/v2\/comments?post=31535"}],"version-history":[{"count":1,"href":"https:\/\/chacrys.com\/fr\/wp-json\/wp\/v2\/product\/31535\/revisions"}],"predecessor-version":[{"id":32636,"href":"https:\/\/chacrys.com\/fr\/wp-json\/wp\/v2\/product\/31535\/revisions\/32636"}],"wp:featuredmedia":[{"embeddable":true,"href":"https:\/\/chacrys.com\/fr\/wp-json\/wp\/v2\/media\/32071"}],"wp:attachment":[{"href":"https:\/\/chacrys.com\/fr\/wp-json\/wp\/v2\/media?parent=31535"}],"wp:term":[{"taxonomy":"product_brand","embeddable":true,"href":"https:\/\/chacrys.com\/fr\/wp-json\/wp\/v2\/product_brand?post=31535"},{"taxonomy":"product_cat","embeddable":true,"href":"https:\/\/chacrys.com\/fr\/wp-json\/wp\/v2\/product_cat?post=31535"},{"taxonomy":"product_tag","embeddable":true,"href":"https:\/\/chacrys.com\/fr\/wp-json\/wp\/v2\/product_tag?post=31535"}],"curies":[{"name":"wp","href":"https:\/\/api.w.org\/{rel}","templated":true}]}}