{"id":31341,"date":"2024-11-25T17:47:31","date_gmt":"2024-11-25T17:47:31","guid":{"rendered":"https:\/\/chacrys.com\/product\/crystal-pendulum\/"},"modified":"2026-04-03T18:14:28","modified_gmt":"2026-04-03T16:14:28","slug":"crystal-pendulum","status":"publish","type":"product","link":"https:\/\/chacrys.com\/fr\/produit\/crystal-pendulum\/","title":{"rendered":"Collier de cristal Vogel\/pendule\/2 en 1"},"content":{"rendered":"","protected":false},"excerpt":{"rendered":"<p>Les parties m\u00e9talliques du cristal sont en laiton massif de haute qualit\u00e9, qui conduit parfaitement l&rsquo;\u00e9nergie du cristal.<\/p>\n<ul class=\"help-box-ul\">\n<li>cahier d&rsquo;exercices<\/li>\n<li>exp\u00e9dition dans le monde entier<\/li>\n<li>\u00e9tui haut de gamme<\/li>\n<\/ul>\n","protected":false},"featured_media":30761,"comment_status":"open","ping_status":"closed","template":"","meta":[],"product_brand":[],"product_cat":[268,224],"product_tag":[],"class_list":{"0":"post-31341","1":"product","2":"type-product","3":"status-publish","4":"has-post-thumbnail","6":"product_cat-bestseller-fr","7":"product_cat-non-classe","9":"first","10":"instock","11":"shipping-taxable","12":"purchasable","13":"product-type-simple"},"yoast_head":"<!-- This site is optimized with the Yoast SEO plugin v27.4 - https:\/\/yoast.com\/product\/yoast-seo-wordpress\/ -->\n<title>Vogel Crystal Necklace &amp; Pendulum, 2 in 1 Crystal Pendulum\/Necklace<\/title>\n<meta name=\"description\" content=\"Shop Chacrys Crystal Necklace &amp; Pendulum : 2 in 1 Vogel crystal necklace\/pendulum made with authentic 12 side polished crystal and high quality solid brass. Livraison dans le monde entier avec manuel et \u00e9tui de premi\u00e8re qualit\u00e9 !\" \/>\n<meta name=\"robots\" content=\"index, follow, max-snippet:-1, max-image-preview:large, max-video-preview:-1\" \/>\n<link rel=\"canonical\" href=\"https:\/\/chacrys.com\/fr\/produit\/crystal-pendulum\/\" \/>\n<meta property=\"og:locale\" content=\"fr_FR\" \/>\n<meta property=\"og:type\" content=\"article\" \/>\n<meta property=\"og:title\" content=\"Vogel Crystal Necklace &amp; Pendulum, 2 in 1 Crystal Pendulum\/Necklace\" \/>\n<meta property=\"og:description\" content=\"Shop Chacrys Crystal Necklace &amp; Pendulum : 2 in 1 Vogel crystal necklace\/pendulum made with authentic 12 side polished crystal and high quality solid brass. Livraison dans le monde entier avec manuel et \u00e9tui de premi\u00e8re qualit\u00e9 !\" \/>\n<meta property=\"og:url\" content=\"https:\/\/chacrys.com\/fr\/produit\/crystal-pendulum\/\" \/>\n<meta property=\"og:site_name\" content=\"Chacrys\" \/>\n<meta property=\"article:publisher\" content=\"https:\/\/www.facebook.com\/chacryscrystal\" \/>\n<meta property=\"article:modified_time\" content=\"2026-04-03T16:14:28+00:00\" \/>\n<meta property=\"og:image\" content=\"https:\/\/chacrys.com\/wp-content\/uploads\/2024\/11\/vogel-pendulum-necklace-520x520-2.jpg\" \/>\n\t<meta property=\"og:image:width\" content=\"520\" \/>\n\t<meta property=\"og:image:height\" content=\"520\" \/>\n\t<meta property=\"og:image:type\" content=\"image\/jpeg\" \/>\n<meta name=\"twitter:card\" content=\"summary_large_image\" \/>\n<meta name=\"twitter:label1\" content=\"Prix\" \/>\n\t<meta name=\"twitter:data1\" content=\"169,00&nbsp;&euro;\" \/>\n\t<meta name=\"twitter:label2\" content=\"Disponibilit\u00e9\" \/>\n\t<meta name=\"twitter:data2\" content=\"En stock\" \/>\n<script type=\"application\/ld+json\" class=\"yoast-schema-graph\">{\"@context\":\"https:\\\/\\\/schema.org\",\"@graph\":[{\"@type\":\"WebPage\",\"@id\":\"https:\\\/\\\/chacrys.com\\\/fr\\\/produit\\\/crystal-pendulum\\\/\",\"url\":\"https:\\\/\\\/chacrys.com\\\/fr\\\/produit\\\/crystal-pendulum\\\/\",\"name\":\"Vogel Crystal Necklace & Pendulum, 2 in 1 Crystal Pendulum\\\/Necklace\",\"isPartOf\":{\"@id\":\"https:\\\/\\\/chacrys.com\\\/fr\\\/#website\"},\"primaryImageOfPage\":{\"@id\":\"https:\\\/\\\/chacrys.com\\\/fr\\\/produit\\\/crystal-pendulum\\\/#primaryimage\"},\"image\":{\"@id\":\"https:\\\/\\\/chacrys.com\\\/fr\\\/produit\\\/crystal-pendulum\\\/#primaryimage\"},\"thumbnailUrl\":\"https:\\\/\\\/chacrys.com\\\/wp-content\\\/uploads\\\/2024\\\/11\\\/vogel-pendulum-necklace-520x520-2.jpg\",\"datePublished\":\"2024-11-25T17:47:31+00:00\",\"dateModified\":\"2026-04-03T16:14:28+00:00\",\"description\":\"Shop Chacrys Crystal Necklace & Pendulum : 2 in 1 Vogel crystal necklace\\\/pendulum made with authentic 12 side polished crystal and high quality solid brass. Livraison dans le monde entier avec manuel et \u00e9tui de premi\u00e8re qualit\u00e9 !\",\"breadcrumb\":{\"@id\":\"https:\\\/\\\/chacrys.com\\\/fr\\\/produit\\\/crystal-pendulum\\\/#breadcrumb\"},\"inLanguage\":\"fr-FR\",\"potentialAction\":[{\"@type\":\"ReadAction\",\"target\":[\"https:\\\/\\\/chacrys.com\\\/fr\\\/produit\\\/crystal-pendulum\\\/\"]}]},{\"@type\":\"ImageObject\",\"inLanguage\":\"fr-FR\",\"@id\":\"https:\\\/\\\/chacrys.com\\\/fr\\\/produit\\\/crystal-pendulum\\\/#primaryimage\",\"url\":\"https:\\\/\\\/chacrys.com\\\/wp-content\\\/uploads\\\/2024\\\/11\\\/vogel-pendulum-necklace-520x520-2.jpg\",\"contentUrl\":\"https:\\\/\\\/chacrys.com\\\/wp-content\\\/uploads\\\/2024\\\/11\\\/vogel-pendulum-necklace-520x520-2.jpg\",\"width\":520,\"height\":520,\"caption\":\"pendule de vogel\"},{\"@type\":\"BreadcrumbList\",\"@id\":\"https:\\\/\\\/chacrys.com\\\/fr\\\/produit\\\/crystal-pendulum\\\/#breadcrumb\",\"itemListElement\":[{\"@type\":\"ListItem\",\"position\":1,\"name\":\"Home\",\"item\":\"https:\\\/\\\/chacrys.com\\\/fr\\\/\"},{\"@type\":\"ListItem\",\"position\":2,\"name\":\"L&rsquo;atelier de gu\u00e9rison par les cristaux\",\"item\":\"https:\\\/\\\/chacrys.com\\\/fr\\\/boutique\\\/\"},{\"@type\":\"ListItem\",\"position\":3,\"name\":\"Collier de cristal Vogel\\\/pendule\\\/2 en 1\"}]},{\"@type\":\"WebSite\",\"@id\":\"https:\\\/\\\/chacrys.com\\\/fr\\\/#website\",\"url\":\"https:\\\/\\\/chacrys.com\\\/fr\\\/\",\"name\":\"Chacrys\",\"description\":\"Chacrys\",\"publisher\":{\"@id\":\"https:\\\/\\\/chacrys.com\\\/fr\\\/#organization\"},\"potentialAction\":[{\"@type\":\"SearchAction\",\"target\":{\"@type\":\"EntryPoint\",\"urlTemplate\":\"https:\\\/\\\/chacrys.com\\\/fr\\\/?s={search_term_string}\"},\"query-input\":{\"@type\":\"PropertyValueSpecification\",\"valueRequired\":true,\"valueName\":\"search_term_string\"}}],\"inLanguage\":\"fr-FR\"},{\"@type\":\"Organization\",\"@id\":\"https:\\\/\\\/chacrys.com\\\/fr\\\/#organization\",\"name\":\"Chacrys\",\"url\":\"https:\\\/\\\/chacrys.com\\\/fr\\\/\",\"logo\":{\"@type\":\"ImageObject\",\"inLanguage\":\"fr-FR\",\"@id\":\"https:\\\/\\\/chacrys.com\\\/fr\\\/#\\\/schema\\\/logo\\\/image\\\/\",\"url\":\"https:\\\/\\\/chacrys.com\\\/wp-content\\\/uploads\\\/2024\\\/11\\\/cropped-FRANJULIA-6.png\",\"contentUrl\":\"https:\\\/\\\/chacrys.com\\\/wp-content\\\/uploads\\\/2024\\\/11\\\/cropped-FRANJULIA-6.png\",\"width\":512,\"height\":512,\"caption\":\"Chacrys\"},\"image\":{\"@id\":\"https:\\\/\\\/chacrys.com\\\/fr\\\/#\\\/schema\\\/logo\\\/image\\\/\"},\"sameAs\":[\"https:\\\/\\\/www.facebook.com\\\/chacryscrystal\",\"https:\\\/\\\/www.instagram.com\\\/chacrys\\\/\",\"https:\\\/\\\/www.pinterest.com\\\/chacryscrystalbed\\\/\",\"https:\\\/\\\/www.youtube.com\\\/@chacrysofficial9667\"]}]}<\/script>\n<meta property=\"product:price:amount\" content=\"169.00\" \/>\n<meta property=\"product:price:currency\" content=\"EUR\" \/>\n<meta property=\"og:availability\" content=\"instock\" \/>\n<meta property=\"product:availability\" content=\"instock\" \/>\n<meta property=\"product:condition\" content=\"new\" \/>\n<!-- \/ Yoast SEO plugin. -->","yoast_head_json":{"title":"Vogel Crystal Necklace & Pendulum, 2 in 1 Crystal Pendulum\/Necklace","description":"Shop Chacrys Crystal Necklace & Pendulum : 2 in 1 Vogel crystal necklace\/pendulum made with authentic 12 side polished crystal and high quality solid brass. Livraison dans le monde entier avec manuel et \u00e9tui de premi\u00e8re qualit\u00e9 !","robots":{"index":"index","follow":"follow","max-snippet":"max-snippet:-1","max-image-preview":"max-image-preview:large","max-video-preview":"max-video-preview:-1"},"canonical":"https:\/\/chacrys.com\/fr\/produit\/crystal-pendulum\/","og_locale":"fr_FR","og_type":"article","og_title":"Vogel Crystal Necklace & Pendulum, 2 in 1 Crystal Pendulum\/Necklace","og_description":"Shop Chacrys Crystal Necklace & Pendulum : 2 in 1 Vogel crystal necklace\/pendulum made with authentic 12 side polished crystal and high quality solid brass. Livraison dans le monde entier avec manuel et \u00e9tui de premi\u00e8re qualit\u00e9 !","og_url":"https:\/\/chacrys.com\/fr\/produit\/crystal-pendulum\/","og_site_name":"Chacrys","article_publisher":"https:\/\/www.facebook.com\/chacryscrystal","article_modified_time":"2026-04-03T16:14:28+00:00","og_image":[{"width":520,"height":520,"url":"https:\/\/chacrys.com\/wp-content\/uploads\/2024\/11\/vogel-pendulum-necklace-520x520-2.jpg","type":"image\/jpeg"}],"twitter_card":"summary_large_image","twitter_misc":{"Prix":"169,00&nbsp;&euro;","Disponibilit\u00e9":"En stock"},"schema":{"@context":"https:\/\/schema.org","@graph":[{"@type":"WebPage","@id":"https:\/\/chacrys.com\/fr\/produit\/crystal-pendulum\/","url":"https:\/\/chacrys.com\/fr\/produit\/crystal-pendulum\/","name":"Vogel Crystal Necklace & Pendulum, 2 in 1 Crystal Pendulum\/Necklace","isPartOf":{"@id":"https:\/\/chacrys.com\/fr\/#website"},"primaryImageOfPage":{"@id":"https:\/\/chacrys.com\/fr\/produit\/crystal-pendulum\/#primaryimage"},"image":{"@id":"https:\/\/chacrys.com\/fr\/produit\/crystal-pendulum\/#primaryimage"},"thumbnailUrl":"https:\/\/chacrys.com\/wp-content\/uploads\/2024\/11\/vogel-pendulum-necklace-520x520-2.jpg","datePublished":"2024-11-25T17:47:31+00:00","dateModified":"2026-04-03T16:14:28+00:00","description":"Shop Chacrys Crystal Necklace & Pendulum : 2 in 1 Vogel crystal necklace\/pendulum made with authentic 12 side polished crystal and high quality solid brass. Livraison dans le monde entier avec manuel et \u00e9tui de premi\u00e8re qualit\u00e9 !","breadcrumb":{"@id":"https:\/\/chacrys.com\/fr\/produit\/crystal-pendulum\/#breadcrumb"},"inLanguage":"fr-FR","potentialAction":[{"@type":"ReadAction","target":["https:\/\/chacrys.com\/fr\/produit\/crystal-pendulum\/"]}]},{"@type":"ImageObject","inLanguage":"fr-FR","@id":"https:\/\/chacrys.com\/fr\/produit\/crystal-pendulum\/#primaryimage","url":"https:\/\/chacrys.com\/wp-content\/uploads\/2024\/11\/vogel-pendulum-necklace-520x520-2.jpg","contentUrl":"https:\/\/chacrys.com\/wp-content\/uploads\/2024\/11\/vogel-pendulum-necklace-520x520-2.jpg","width":520,"height":520,"caption":"pendule de vogel"},{"@type":"BreadcrumbList","@id":"https:\/\/chacrys.com\/fr\/produit\/crystal-pendulum\/#breadcrumb","itemListElement":[{"@type":"ListItem","position":1,"name":"Home","item":"https:\/\/chacrys.com\/fr\/"},{"@type":"ListItem","position":2,"name":"L&rsquo;atelier de gu\u00e9rison par les cristaux","item":"https:\/\/chacrys.com\/fr\/boutique\/"},{"@type":"ListItem","position":3,"name":"Collier de cristal Vogel\/pendule\/2 en 1"}]},{"@type":"WebSite","@id":"https:\/\/chacrys.com\/fr\/#website","url":"https:\/\/chacrys.com\/fr\/","name":"Chacrys","description":"Chacrys","publisher":{"@id":"https:\/\/chacrys.com\/fr\/#organization"},"potentialAction":[{"@type":"SearchAction","target":{"@type":"EntryPoint","urlTemplate":"https:\/\/chacrys.com\/fr\/?s={search_term_string}"},"query-input":{"@type":"PropertyValueSpecification","valueRequired":true,"valueName":"search_term_string"}}],"inLanguage":"fr-FR"},{"@type":"Organization","@id":"https:\/\/chacrys.com\/fr\/#organization","name":"Chacrys","url":"https:\/\/chacrys.com\/fr\/","logo":{"@type":"ImageObject","inLanguage":"fr-FR","@id":"https:\/\/chacrys.com\/fr\/#\/schema\/logo\/image\/","url":"https:\/\/chacrys.com\/wp-content\/uploads\/2024\/11\/cropped-FRANJULIA-6.png","contentUrl":"https:\/\/chacrys.com\/wp-content\/uploads\/2024\/11\/cropped-FRANJULIA-6.png","width":512,"height":512,"caption":"Chacrys"},"image":{"@id":"https:\/\/chacrys.com\/fr\/#\/schema\/logo\/image\/"},"sameAs":["https:\/\/www.facebook.com\/chacryscrystal","https:\/\/www.instagram.com\/chacrys\/","https:\/\/www.pinterest.com\/chacryscrystalbed\/","https:\/\/www.youtube.com\/@chacrysofficial9667"]}]},"product_price_amount":"169.00","product_price_currency":"EUR","og_availability":"instock","product_availability":"instock","product_condition":"new"},"_links":{"self":[{"href":"https:\/\/chacrys.com\/fr\/wp-json\/wp\/v2\/product\/31341","targetHints":{"allow":["GET"]}}],"collection":[{"href":"https:\/\/chacrys.com\/fr\/wp-json\/wp\/v2\/product"}],"about":[{"href":"https:\/\/chacrys.com\/fr\/wp-json\/wp\/v2\/types\/product"}],"replies":[{"embeddable":true,"href":"https:\/\/chacrys.com\/fr\/wp-json\/wp\/v2\/comments?post=31341"}],"version-history":[{"count":1,"href":"https:\/\/chacrys.com\/fr\/wp-json\/wp\/v2\/product\/31341\/revisions"}],"predecessor-version":[{"id":31482,"href":"https:\/\/chacrys.com\/fr\/wp-json\/wp\/v2\/product\/31341\/revisions\/31482"}],"wp:featuredmedia":[{"embeddable":true,"href":"https:\/\/chacrys.com\/fr\/wp-json\/wp\/v2\/media\/30761"}],"wp:attachment":[{"href":"https:\/\/chacrys.com\/fr\/wp-json\/wp\/v2\/media?parent=31341"}],"wp:term":[{"taxonomy":"product_brand","embeddable":true,"href":"https:\/\/chacrys.com\/fr\/wp-json\/wp\/v2\/product_brand?post=31341"},{"taxonomy":"product_cat","embeddable":true,"href":"https:\/\/chacrys.com\/fr\/wp-json\/wp\/v2\/product_cat?post=31341"},{"taxonomy":"product_tag","embeddable":true,"href":"https:\/\/chacrys.com\/fr\/wp-json\/wp\/v2\/product_tag?post=31341"}],"curies":[{"name":"wp","href":"https:\/\/api.w.org\/{rel}","templated":true}]}}