{"id":33060,"date":"2025-06-15T04:38:10","date_gmt":"2025-06-15T04:38:10","guid":{"rendered":"https:\/\/chacrys.com\/cristaux\/pierre-dame-ametrine-signification-avantages-proprietes-curatives-et-mode-demploi\/"},"modified":"2025-06-15T04:34:36","modified_gmt":"2025-06-15T04:34:36","slug":"pierre-dame-ametrine-signification-avantages-proprietes-curatives-et-mode-demploi","status":"publish","type":"page","link":"https:\/\/chacrys.com\/fr\/cristaux\/pierre-dame-ametrine-signification-avantages-proprietes-curatives-et-mode-demploi\/","title":{"rendered":"Pierre d&rsquo;Ame (Am\u00e9trine) &#8211; Signification, avantages, propri\u00e9t\u00e9s curatives et mode d&#8217;emploi"},"content":{"rendered":"<h2 style=\"font-size:28px\">Qu&rsquo;est-ce que l&rsquo;Ame Stone (Am\u00e9trine) ?<\/h2>\n<div style=\"font-size:22px\">L&rsquo;am\u00e9trine est une combinaison d&rsquo;am\u00e9thyste et de citrine dans un seul cristal, ce qui donne des teintes violettes et dor\u00e9es.<\/div>\n<h2 style=\"font-size:28px\">Les bienfaits de la pierre d&rsquo;Ame (Am\u00e9trine)<\/h2>\n<div style=\"font-size:22px\">L&rsquo;am\u00e9trine allie l \u00ab \u00e9nergie calmante de l&rsquo;am\u00e9thyste aux propri\u00e9t\u00e9s \u00e9nergisantes de la citrine. Elle aide \u00e0 la clart\u00e9 mentale, \u00e0 la prise de d\u00e9cision et \u00e0 l \u00bb \u00e9quilibre entre la pens\u00e9e cr\u00e9ative et la pens\u00e9e analytique. <\/div>\n<h2 style=\"font-size:28px\"><span data-sheets-root=\"1\">Comment utiliser Ame Stone (Am\u00e9trine) ?<\/span><\/h2>\n<div style=\"font-size:22px\">Placez-la sur votre bureau pour vous aider \u00e0 vous concentrer, ou m\u00e9ditez avec elle pour avoir une vision claire des choses et une pens\u00e9e \u00e9quilibr\u00e9e.<\/div>\n<h2 style=\"font-size:28px\">Propri\u00e9t\u00e9s curatives de la pierre d&rsquo;Ame (Am\u00e9trine)<\/h2>\n<div style=\"font-size:22px\">La coloration unique de l&rsquo;am\u00e9trine provient des diff\u00e9rents \u00e9tats d&rsquo;oxydation du fer dans le cristal.<\/div>\n<h2 style=\"font-size:28px\"><span data-sheets-root=\"1\">Nettoyage et entretien de la pierre d&rsquo;Ame (am\u00e9trine)<\/span><\/h2>\n<div style=\"font-size:22px\">Nettoyez avec de l&rsquo;eau ti\u00e8de et un chiffon doux. \u00c9vitez une exposition prolong\u00e9e au soleil. <\/div>\n","protected":false},"excerpt":{"rendered":"<p>Qu&rsquo;est-ce que l&rsquo;Ame Stone (Am\u00e9trine) ? L&rsquo;am\u00e9trine est une combinaison d&rsquo;am\u00e9thyste et de citrine dans un seul cristal, ce qui<\/p>\n","protected":false},"author":1,"featured_media":0,"parent":33018,"menu_order":0,"comment_status":"closed","ping_status":"closed","template":"","meta":{"footnotes":""},"class_list":["post-33060","page","type-page","status-publish","hentry"],"yoast_head":"<!-- This site is optimized with the Yoast SEO plugin v27.4 - https:\/\/yoast.com\/product\/yoast-seo-wordpress\/ -->\n<title>Pierre d&#039;Ame (Am\u00e9trine) - Signification, avantages, propri\u00e9t\u00e9s curatives et mode d&#039;emploi - Chacrys<\/title>\n<meta name=\"robots\" content=\"index, follow, max-snippet:-1, max-image-preview:large, max-video-preview:-1\" \/>\n<link rel=\"canonical\" href=\"https:\/\/chacrys.com\/fr\/cristaux\/pierre-dame-ametrine-signification-avantages-proprietes-curatives-et-mode-demploi\/\" \/>\n<meta property=\"og:locale\" content=\"fr_FR\" \/>\n<meta property=\"og:type\" content=\"article\" \/>\n<meta property=\"og:title\" content=\"Pierre d&#039;Ame (Am\u00e9trine) - Signification, avantages, propri\u00e9t\u00e9s curatives et mode d&#039;emploi - Chacrys\" \/>\n<meta property=\"og:description\" content=\"Qu&rsquo;est-ce que l&rsquo;Ame Stone (Am\u00e9trine) ? L&rsquo;am\u00e9trine est une combinaison d&rsquo;am\u00e9thyste et de citrine dans un seul cristal, ce qui\" \/>\n<meta property=\"og:url\" content=\"https:\/\/chacrys.com\/fr\/cristaux\/pierre-dame-ametrine-signification-avantages-proprietes-curatives-et-mode-demploi\/\" \/>\n<meta property=\"og:site_name\" content=\"Chacrys\" \/>\n<meta property=\"article:publisher\" content=\"https:\/\/www.facebook.com\/chacryscrystal\" \/>\n<meta name=\"twitter:card\" content=\"summary_large_image\" \/>\n<meta name=\"twitter:label1\" content=\"Dur\u00e9e de lecture estim\u00e9e\" \/>\n\t<meta name=\"twitter:data1\" content=\"1 minute\" \/>\n<script type=\"application\/ld+json\" class=\"yoast-schema-graph\">{\"@context\":\"https:\\\/\\\/schema.org\",\"@graph\":[{\"@type\":\"WebPage\",\"@id\":\"https:\\\/\\\/chacrys.com\\\/fr\\\/cristaux\\\/pierre-dame-ametrine-signification-avantages-proprietes-curatives-et-mode-demploi\\\/\",\"url\":\"https:\\\/\\\/chacrys.com\\\/fr\\\/cristaux\\\/pierre-dame-ametrine-signification-avantages-proprietes-curatives-et-mode-demploi\\\/\",\"name\":\"Pierre d'Ame (Am\u00e9trine) - Signification, avantages, propri\u00e9t\u00e9s curatives et mode d'emploi - Chacrys\",\"isPartOf\":{\"@id\":\"https:\\\/\\\/chacrys.com\\\/fr\\\/#website\"},\"datePublished\":\"2025-06-15T04:38:10+00:00\",\"breadcrumb\":{\"@id\":\"https:\\\/\\\/chacrys.com\\\/fr\\\/cristaux\\\/pierre-dame-ametrine-signification-avantages-proprietes-curatives-et-mode-demploi\\\/#breadcrumb\"},\"inLanguage\":\"fr-FR\",\"potentialAction\":[{\"@type\":\"ReadAction\",\"target\":[\"https:\\\/\\\/chacrys.com\\\/fr\\\/cristaux\\\/pierre-dame-ametrine-signification-avantages-proprietes-curatives-et-mode-demploi\\\/\"]}]},{\"@type\":\"BreadcrumbList\",\"@id\":\"https:\\\/\\\/chacrys.com\\\/fr\\\/cristaux\\\/pierre-dame-ametrine-signification-avantages-proprietes-curatives-et-mode-demploi\\\/#breadcrumb\",\"itemListElement\":[{\"@type\":\"ListItem\",\"position\":1,\"name\":\"Home\",\"item\":\"https:\\\/\\\/chacrys.com\\\/fr\\\/\"},{\"@type\":\"ListItem\",\"position\":2,\"name\":\"Cristaux\",\"item\":\"https:\\\/\\\/chacrys.com\\\/fr\\\/cristaux\\\/\"},{\"@type\":\"ListItem\",\"position\":3,\"name\":\"Pierre d&rsquo;Ame (Am\u00e9trine) &#8211; Signification, avantages, propri\u00e9t\u00e9s curatives et mode d&#8217;emploi\"}]},{\"@type\":\"WebSite\",\"@id\":\"https:\\\/\\\/chacrys.com\\\/fr\\\/#website\",\"url\":\"https:\\\/\\\/chacrys.com\\\/fr\\\/\",\"name\":\"Chacrys\",\"description\":\"Chacrys\",\"publisher\":{\"@id\":\"https:\\\/\\\/chacrys.com\\\/fr\\\/#organization\"},\"potentialAction\":[{\"@type\":\"SearchAction\",\"target\":{\"@type\":\"EntryPoint\",\"urlTemplate\":\"https:\\\/\\\/chacrys.com\\\/fr\\\/?s={search_term_string}\"},\"query-input\":{\"@type\":\"PropertyValueSpecification\",\"valueRequired\":true,\"valueName\":\"search_term_string\"}}],\"inLanguage\":\"fr-FR\"},{\"@type\":\"Organization\",\"@id\":\"https:\\\/\\\/chacrys.com\\\/fr\\\/#organization\",\"name\":\"Chacrys\",\"url\":\"https:\\\/\\\/chacrys.com\\\/fr\\\/\",\"logo\":{\"@type\":\"ImageObject\",\"inLanguage\":\"fr-FR\",\"@id\":\"https:\\\/\\\/chacrys.com\\\/fr\\\/#\\\/schema\\\/logo\\\/image\\\/\",\"url\":\"https:\\\/\\\/chacrys.com\\\/wp-content\\\/uploads\\\/2024\\\/11\\\/cropped-FRANJULIA-6.png\",\"contentUrl\":\"https:\\\/\\\/chacrys.com\\\/wp-content\\\/uploads\\\/2024\\\/11\\\/cropped-FRANJULIA-6.png\",\"width\":512,\"height\":512,\"caption\":\"Chacrys\"},\"image\":{\"@id\":\"https:\\\/\\\/chacrys.com\\\/fr\\\/#\\\/schema\\\/logo\\\/image\\\/\"},\"sameAs\":[\"https:\\\/\\\/www.facebook.com\\\/chacryscrystal\",\"https:\\\/\\\/www.instagram.com\\\/chacrys\\\/\",\"https:\\\/\\\/www.pinterest.com\\\/chacryscrystalbed\\\/\",\"https:\\\/\\\/www.youtube.com\\\/@chacrysofficial9667\"]}]}<\/script>\n<!-- \/ Yoast SEO plugin. -->","yoast_head_json":{"title":"Pierre d'Ame (Am\u00e9trine) - Signification, avantages, propri\u00e9t\u00e9s curatives et mode d'emploi - Chacrys","robots":{"index":"index","follow":"follow","max-snippet":"max-snippet:-1","max-image-preview":"max-image-preview:large","max-video-preview":"max-video-preview:-1"},"canonical":"https:\/\/chacrys.com\/fr\/cristaux\/pierre-dame-ametrine-signification-avantages-proprietes-curatives-et-mode-demploi\/","og_locale":"fr_FR","og_type":"article","og_title":"Pierre d'Ame (Am\u00e9trine) - Signification, avantages, propri\u00e9t\u00e9s curatives et mode d'emploi - Chacrys","og_description":"Qu&rsquo;est-ce que l&rsquo;Ame Stone (Am\u00e9trine) ? L&rsquo;am\u00e9trine est une combinaison d&rsquo;am\u00e9thyste et de citrine dans un seul cristal, ce qui","og_url":"https:\/\/chacrys.com\/fr\/cristaux\/pierre-dame-ametrine-signification-avantages-proprietes-curatives-et-mode-demploi\/","og_site_name":"Chacrys","article_publisher":"https:\/\/www.facebook.com\/chacryscrystal","twitter_card":"summary_large_image","twitter_misc":{"Dur\u00e9e de lecture estim\u00e9e":"1 minute"},"schema":{"@context":"https:\/\/schema.org","@graph":[{"@type":"WebPage","@id":"https:\/\/chacrys.com\/fr\/cristaux\/pierre-dame-ametrine-signification-avantages-proprietes-curatives-et-mode-demploi\/","url":"https:\/\/chacrys.com\/fr\/cristaux\/pierre-dame-ametrine-signification-avantages-proprietes-curatives-et-mode-demploi\/","name":"Pierre d'Ame (Am\u00e9trine) - Signification, avantages, propri\u00e9t\u00e9s curatives et mode d'emploi - Chacrys","isPartOf":{"@id":"https:\/\/chacrys.com\/fr\/#website"},"datePublished":"2025-06-15T04:38:10+00:00","breadcrumb":{"@id":"https:\/\/chacrys.com\/fr\/cristaux\/pierre-dame-ametrine-signification-avantages-proprietes-curatives-et-mode-demploi\/#breadcrumb"},"inLanguage":"fr-FR","potentialAction":[{"@type":"ReadAction","target":["https:\/\/chacrys.com\/fr\/cristaux\/pierre-dame-ametrine-signification-avantages-proprietes-curatives-et-mode-demploi\/"]}]},{"@type":"BreadcrumbList","@id":"https:\/\/chacrys.com\/fr\/cristaux\/pierre-dame-ametrine-signification-avantages-proprietes-curatives-et-mode-demploi\/#breadcrumb","itemListElement":[{"@type":"ListItem","position":1,"name":"Home","item":"https:\/\/chacrys.com\/fr\/"},{"@type":"ListItem","position":2,"name":"Cristaux","item":"https:\/\/chacrys.com\/fr\/cristaux\/"},{"@type":"ListItem","position":3,"name":"Pierre d&rsquo;Ame (Am\u00e9trine) &#8211; Signification, avantages, propri\u00e9t\u00e9s curatives et mode d&#8217;emploi"}]},{"@type":"WebSite","@id":"https:\/\/chacrys.com\/fr\/#website","url":"https:\/\/chacrys.com\/fr\/","name":"Chacrys","description":"Chacrys","publisher":{"@id":"https:\/\/chacrys.com\/fr\/#organization"},"potentialAction":[{"@type":"SearchAction","target":{"@type":"EntryPoint","urlTemplate":"https:\/\/chacrys.com\/fr\/?s={search_term_string}"},"query-input":{"@type":"PropertyValueSpecification","valueRequired":true,"valueName":"search_term_string"}}],"inLanguage":"fr-FR"},{"@type":"Organization","@id":"https:\/\/chacrys.com\/fr\/#organization","name":"Chacrys","url":"https:\/\/chacrys.com\/fr\/","logo":{"@type":"ImageObject","inLanguage":"fr-FR","@id":"https:\/\/chacrys.com\/fr\/#\/schema\/logo\/image\/","url":"https:\/\/chacrys.com\/wp-content\/uploads\/2024\/11\/cropped-FRANJULIA-6.png","contentUrl":"https:\/\/chacrys.com\/wp-content\/uploads\/2024\/11\/cropped-FRANJULIA-6.png","width":512,"height":512,"caption":"Chacrys"},"image":{"@id":"https:\/\/chacrys.com\/fr\/#\/schema\/logo\/image\/"},"sameAs":["https:\/\/www.facebook.com\/chacryscrystal","https:\/\/www.instagram.com\/chacrys\/","https:\/\/www.pinterest.com\/chacryscrystalbed\/","https:\/\/www.youtube.com\/@chacrysofficial9667"]}]}},"_links":{"self":[{"href":"https:\/\/chacrys.com\/fr\/wp-json\/wp\/v2\/pages\/33060","targetHints":{"allow":["GET"]}}],"collection":[{"href":"https:\/\/chacrys.com\/fr\/wp-json\/wp\/v2\/pages"}],"about":[{"href":"https:\/\/chacrys.com\/fr\/wp-json\/wp\/v2\/types\/page"}],"author":[{"embeddable":true,"href":"https:\/\/chacrys.com\/fr\/wp-json\/wp\/v2\/users\/1"}],"replies":[{"embeddable":true,"href":"https:\/\/chacrys.com\/fr\/wp-json\/wp\/v2\/comments?post=33060"}],"version-history":[{"count":0,"href":"https:\/\/chacrys.com\/fr\/wp-json\/wp\/v2\/pages\/33060\/revisions"}],"up":[{"embeddable":true,"href":"https:\/\/chacrys.com\/fr\/wp-json\/wp\/v2\/pages\/33018"}],"wp:attachment":[{"href":"https:\/\/chacrys.com\/fr\/wp-json\/wp\/v2\/media?parent=33060"}],"curies":[{"name":"wp","href":"https:\/\/api.w.org\/{rel}","templated":true}]}}