{"id":33059,"date":"2025-07-06T16:32:53","date_gmt":"2025-07-06T16:32:53","guid":{"rendered":"https:\/\/chacrys.com\/cristaux\/cristal-damethyste-signification-avantages-proprietes-curatives-et-mode-demploi\/"},"modified":"2026-02-10T11:13:28","modified_gmt":"2026-02-10T10:13:28","slug":"cristal-damethyste-signification-avantages-proprietes-curatives-et-mode-demploi","status":"publish","type":"page","link":"https:\/\/chacrys.com\/fr\/cristaux\/cristal-damethyste-signification-avantages-proprietes-curatives-et-mode-demploi\/","title":{"rendered":"Cristal d&rsquo;am\u00e9thyste &#8211; Signification, avantages, propri\u00e9t\u00e9s curatives et mode d&#8217;emploi"},"content":{"rendered":"<h2 style=\"font-size:28px\">Qu&rsquo;est-ce que l&rsquo;am\u00e9thyste ?<\/h2>\n<div style=\"font-size:22px\">Si le cr\u00e9puscule pouvait se cristalliser, il ressemblerait \u00e0 l&rsquo;am\u00e9thyste : des violets majestueux se fondant dans l&rsquo;indigo de minuit. Form\u00e9 dans des g\u00e9odes o\u00f9 des fluides riches en silice se sont refroidis lentement, ce quartz doit sa teinte \u00e0 des impuret\u00e9s de fer et \u00e0 d&rsquo;anciens rayonnements gamma. Les moines m\u00e9di\u00e9vaux sculptaient des coupes dans ce quartz pour \u00ab\u00a0chasser l&rsquo;ivresse\u00a0\u00bb, bien qu&rsquo;en pratique ils buvaient probablement plus lentement, car ces lourdes coupes \u00e9taient difficiles \u00e0 boire. Depuis des ann\u00e9es, je garde une g\u00e9ode de style cath\u00e9drale pr\u00e8s de mon fauteuil th\u00e9rapeutique ; sa profondeur caverneuse invite au silence, comme le font les biblioth\u00e8ques.   <\/div>\n<h2 style=\"font-size:28px\">Les bienfaits de l&rsquo;am\u00e9thyste<\/h2>\n<div style=\"font-size:22px\">Insomnies, pens\u00e9es en boucle, maux de t\u00eate dus \u00e0 la tension : autant de plaintes courantes lorsque les clients entrent pour la premi\u00e8re fois dans le cabinet. Un petit amas d&rsquo;am\u00e9thyste pos\u00e9 sur la table de nuit agit comme une berceuse visuelle ; de douces \u00e9tincelles de lavande incitent le corps \u00e0 se reposer. Lors d&rsquo;un atelier sur le SSPT, un v\u00e9t\u00e9ran m&rsquo;a dit qu&rsquo;il avait l&rsquo;impression de tenir la pierre de son pouce comme s&rsquo;il tenait le c\u00f4t\u00e9 frais de l&rsquo;oreiller \u00e0 la lumi\u00e8re du jour. Les gens font \u00e9galement \u00e9tat d&rsquo;une intuition plus aiguis\u00e9e et d&rsquo;un discours plus doux \u00e0 l&rsquo;\u00e9gard d&rsquo;eux-m\u00eames. Rappelez-vous : les cristaux peuvent favoriser les rituels, les rituels cr\u00e9ent des habitudes, mais ce sont les professionnels de la sant\u00e9 mentale qui bouclent la boucle.    <\/div>\n<h2 style=\"font-size:28px\"><span data-sheets-root=\"1\">Comment utiliser l&rsquo;am\u00e9thyste ?<\/span><\/h2>\n<div style=\"font-size:22px\">Placez une g\u00e9ode \u00e0 c\u00f4t\u00e9 de votre routeur ; le treillis organique de la pierre contraste avec le bourdonnement des appareils \u00e9lectroniques, vous rappelant de d\u00e9brancher une heure avant d&rsquo;aller au lit. Pendant la m\u00e9ditation, fixez un point entre vos sourcils ; laissez votre regard se brouiller et les halos violets adoucir les pens\u00e9es intrusives. Cr\u00e9ez une infusion d&rsquo;eau de lune en suspendant &#8211; et non en immergeant &#8211; la pierre au-dessus d&rsquo;un bol d&rsquo;eau filtr\u00e9e \u00e0 l&rsquo;ext\u00e9rieur ; buvez l&rsquo;eau le lendemain matin si vous vous sentez soutenu. (Les \u00e9lixirs directs sont risqu\u00e9s car de minuscules \u00e9clats peuvent se d\u00e9tacher).   <\/div>\n<h2 style=\"font-size:28px\">Propri\u00e9t\u00e9s curatives de l&rsquo;am\u00e9thyste<\/h2>\n<div style=\"font-size:22px\">Le spectre des couleurs s&rsquo;\u00e9tend du lilas brumeux au prune profond, parfois avec des bandes \u00e0 chevrons. Sa duret\u00e9 est de 7, ce qui le rend tr\u00e8s r\u00e9sistant pour la bijouterie. Les points chauds g\u00e9ologiques comprennent le Minas Gerais br\u00e9silien, l&rsquo;Uruguay et les pentes enneig\u00e9es de la Sib\u00e9rie. Les th\u00e8mes \u00e9nerg\u00e9tiques tournent autour de la s\u00e9r\u00e9nit\u00e9, de l&rsquo;accord spirituel et du rappel des r\u00eaves.   <\/div>\n<h2 style=\"font-size:28px\"><span data-sheets-root=\"1\">Nettoyage et entretien d&rsquo;Amethyst<\/span><\/h2>\n<div style=\"font-size:22px\">L&rsquo;am\u00e9thyste se d\u00e9colore comme de l&rsquo;encre ancienne sous l&rsquo;effet de la lumi\u00e8re du soleil ; ne vous exposez pas trop longtemps \u00e0 la lumi\u00e8re du jour. Rincez-la sous l&rsquo;eau froide du robinet une fois par semaine, en \u00e9liminant la poussi\u00e8re du bout des doigts. Pour un nettoyage en profondeur, faites circuler de la fum\u00e9e de palo santo autour de ses pointes &#8211; l&rsquo;am\u00e9thyste lie la m\u00e9moire au rituel. \u00c9vitez les nettoyants abrasifs qui rayent les pointes vitreuses. Conservez-les debout afin que les terminaisons d\u00e9licates ne se brisent pas sous le poids de pierres plus lourdes.    <\/div>\n\n<h2 class=\"wp-block-heading\" id=\"h-you-might-also-be-interested-in\">Vous pourriez \u00e9galement \u00eatre int\u00e9ress\u00e9 par<\/h2>\n\n<ul class=\"wp-block-list\">\n<li><a href=\"https:\/\/chacrys.com\/fr\/cristaux\/cristal-goldstone-signification-avantages-proprietes-curatives-et-mode-demploi\/\">Cristal de roche<\/a><\/li>\n\n\n\n<li><a href=\"https:\/\/chacrys.com\/fr\/cristaux\/cristal-epidote-signification-avantages-proprietes-curatives-et-mode-demploi\/\">Cristal d&rsquo;\u00e9pidote<\/a><\/li>\n\n\n\n<li><a href=\"https:\/\/chacrys.com\/fr\/cristaux\/cristal-daventurine-verte-signification-avantages-proprietes-curatives-et-mode-demploi\/\">Cristal d&rsquo;aventurine verte<\/a><\/li>\n\n\n\n<li><a href=\"https:\/\/chacrys.com\/fr\/cristaux\/cristal-de-quartz-fantome-signification-avantages-proprietes-curatives-et-mode-demploi\/\">Cristal de quartz fant\u00f4me<\/a><\/li>\n\n\n\n<li><a href=\"https:\/\/chacrys.com\/fr\/cristaux\/pierre-de-loeil-oeil-de-tigre-signification-avantages-proprietes-curatives-et-mode-demploi\/\">Pierre de l&rsquo;\u0153il en cristal<\/a><\/li>\n<\/ul>\n","protected":false},"excerpt":{"rendered":"<p>Qu&rsquo;est-ce que l&rsquo;am\u00e9thyste ? Si le cr\u00e9puscule pouvait se cristalliser, il ressemblerait \u00e0 l&rsquo;am\u00e9thyste : des violets majestueux se fondant<\/p>\n","protected":false},"author":1,"featured_media":0,"parent":33018,"menu_order":0,"comment_status":"closed","ping_status":"closed","template":"","meta":{"footnotes":""},"class_list":["post-33059","page","type-page","status-publish","hentry"],"yoast_head":"<!-- This site is optimized with the Yoast SEO plugin v27.4 - https:\/\/yoast.com\/product\/yoast-seo-wordpress\/ -->\n<title>Cristal d&#039;am\u00e9thyste - Signification, avantages, propri\u00e9t\u00e9s curatives et mode d&#039;emploi - Chacrys<\/title>\n<meta name=\"robots\" content=\"index, follow, max-snippet:-1, max-image-preview:large, max-video-preview:-1\" \/>\n<link rel=\"canonical\" href=\"https:\/\/chacrys.com\/fr\/cristaux\/cristal-damethyste-signification-avantages-proprietes-curatives-et-mode-demploi\/\" \/>\n<meta property=\"og:locale\" content=\"fr_FR\" \/>\n<meta property=\"og:type\" content=\"article\" \/>\n<meta property=\"og:title\" content=\"Cristal d&#039;am\u00e9thyste - Signification, avantages, propri\u00e9t\u00e9s curatives et mode d&#039;emploi - Chacrys\" \/>\n<meta property=\"og:description\" content=\"Qu&rsquo;est-ce que l&rsquo;am\u00e9thyste ? Si le cr\u00e9puscule pouvait se cristalliser, il ressemblerait \u00e0 l&rsquo;am\u00e9thyste : des violets majestueux se fondant\" \/>\n<meta property=\"og:url\" content=\"https:\/\/chacrys.com\/fr\/cristaux\/cristal-damethyste-signification-avantages-proprietes-curatives-et-mode-demploi\/\" \/>\n<meta property=\"og:site_name\" content=\"Chacrys\" \/>\n<meta property=\"article:publisher\" content=\"https:\/\/www.facebook.com\/chacryscrystal\" \/>\n<meta property=\"article:modified_time\" content=\"2026-02-10T10:13:28+00:00\" \/>\n<meta name=\"twitter:card\" content=\"summary_large_image\" \/>\n<meta name=\"twitter:label1\" content=\"Dur\u00e9e de lecture estim\u00e9e\" \/>\n\t<meta name=\"twitter:data1\" content=\"3 minutes\" \/>\n<script type=\"application\/ld+json\" class=\"yoast-schema-graph\">{\"@context\":\"https:\\\/\\\/schema.org\",\"@graph\":[{\"@type\":\"WebPage\",\"@id\":\"https:\\\/\\\/chacrys.com\\\/fr\\\/cristaux\\\/cristal-damethyste-signification-avantages-proprietes-curatives-et-mode-demploi\\\/\",\"url\":\"https:\\\/\\\/chacrys.com\\\/fr\\\/cristaux\\\/cristal-damethyste-signification-avantages-proprietes-curatives-et-mode-demploi\\\/\",\"name\":\"Cristal d'am\u00e9thyste - Signification, avantages, propri\u00e9t\u00e9s curatives et mode d'emploi - Chacrys\",\"isPartOf\":{\"@id\":\"https:\\\/\\\/chacrys.com\\\/fr\\\/#website\"},\"datePublished\":\"2025-07-06T16:32:53+00:00\",\"dateModified\":\"2026-02-10T10:13:28+00:00\",\"breadcrumb\":{\"@id\":\"https:\\\/\\\/chacrys.com\\\/fr\\\/cristaux\\\/cristal-damethyste-signification-avantages-proprietes-curatives-et-mode-demploi\\\/#breadcrumb\"},\"inLanguage\":\"fr-FR\",\"potentialAction\":[{\"@type\":\"ReadAction\",\"target\":[\"https:\\\/\\\/chacrys.com\\\/fr\\\/cristaux\\\/cristal-damethyste-signification-avantages-proprietes-curatives-et-mode-demploi\\\/\"]}]},{\"@type\":\"BreadcrumbList\",\"@id\":\"https:\\\/\\\/chacrys.com\\\/fr\\\/cristaux\\\/cristal-damethyste-signification-avantages-proprietes-curatives-et-mode-demploi\\\/#breadcrumb\",\"itemListElement\":[{\"@type\":\"ListItem\",\"position\":1,\"name\":\"Home\",\"item\":\"https:\\\/\\\/chacrys.com\\\/fr\\\/\"},{\"@type\":\"ListItem\",\"position\":2,\"name\":\"Cristaux\",\"item\":\"https:\\\/\\\/chacrys.com\\\/fr\\\/cristaux\\\/\"},{\"@type\":\"ListItem\",\"position\":3,\"name\":\"Cristal d&rsquo;am\u00e9thyste &#8211; Signification, avantages, propri\u00e9t\u00e9s curatives et mode d&#8217;emploi\"}]},{\"@type\":\"WebSite\",\"@id\":\"https:\\\/\\\/chacrys.com\\\/fr\\\/#website\",\"url\":\"https:\\\/\\\/chacrys.com\\\/fr\\\/\",\"name\":\"Chacrys\",\"description\":\"Chacrys\",\"publisher\":{\"@id\":\"https:\\\/\\\/chacrys.com\\\/fr\\\/#organization\"},\"potentialAction\":[{\"@type\":\"SearchAction\",\"target\":{\"@type\":\"EntryPoint\",\"urlTemplate\":\"https:\\\/\\\/chacrys.com\\\/fr\\\/?s={search_term_string}\"},\"query-input\":{\"@type\":\"PropertyValueSpecification\",\"valueRequired\":true,\"valueName\":\"search_term_string\"}}],\"inLanguage\":\"fr-FR\"},{\"@type\":\"Organization\",\"@id\":\"https:\\\/\\\/chacrys.com\\\/fr\\\/#organization\",\"name\":\"Chacrys\",\"url\":\"https:\\\/\\\/chacrys.com\\\/fr\\\/\",\"logo\":{\"@type\":\"ImageObject\",\"inLanguage\":\"fr-FR\",\"@id\":\"https:\\\/\\\/chacrys.com\\\/fr\\\/#\\\/schema\\\/logo\\\/image\\\/\",\"url\":\"https:\\\/\\\/chacrys.com\\\/wp-content\\\/uploads\\\/2024\\\/11\\\/cropped-FRANJULIA-6.png\",\"contentUrl\":\"https:\\\/\\\/chacrys.com\\\/wp-content\\\/uploads\\\/2024\\\/11\\\/cropped-FRANJULIA-6.png\",\"width\":512,\"height\":512,\"caption\":\"Chacrys\"},\"image\":{\"@id\":\"https:\\\/\\\/chacrys.com\\\/fr\\\/#\\\/schema\\\/logo\\\/image\\\/\"},\"sameAs\":[\"https:\\\/\\\/www.facebook.com\\\/chacryscrystal\",\"https:\\\/\\\/www.instagram.com\\\/chacrys\\\/\",\"https:\\\/\\\/www.pinterest.com\\\/chacryscrystalbed\\\/\",\"https:\\\/\\\/www.youtube.com\\\/@chacrysofficial9667\"]}]}<\/script>\n<!-- \/ Yoast SEO plugin. -->","yoast_head_json":{"title":"Cristal d'am\u00e9thyste - Signification, avantages, propri\u00e9t\u00e9s curatives et mode d'emploi - Chacrys","robots":{"index":"index","follow":"follow","max-snippet":"max-snippet:-1","max-image-preview":"max-image-preview:large","max-video-preview":"max-video-preview:-1"},"canonical":"https:\/\/chacrys.com\/fr\/cristaux\/cristal-damethyste-signification-avantages-proprietes-curatives-et-mode-demploi\/","og_locale":"fr_FR","og_type":"article","og_title":"Cristal d'am\u00e9thyste - Signification, avantages, propri\u00e9t\u00e9s curatives et mode d'emploi - Chacrys","og_description":"Qu&rsquo;est-ce que l&rsquo;am\u00e9thyste ? Si le cr\u00e9puscule pouvait se cristalliser, il ressemblerait \u00e0 l&rsquo;am\u00e9thyste : des violets majestueux se fondant","og_url":"https:\/\/chacrys.com\/fr\/cristaux\/cristal-damethyste-signification-avantages-proprietes-curatives-et-mode-demploi\/","og_site_name":"Chacrys","article_publisher":"https:\/\/www.facebook.com\/chacryscrystal","article_modified_time":"2026-02-10T10:13:28+00:00","twitter_card":"summary_large_image","twitter_misc":{"Dur\u00e9e de lecture estim\u00e9e":"3 minutes"},"schema":{"@context":"https:\/\/schema.org","@graph":[{"@type":"WebPage","@id":"https:\/\/chacrys.com\/fr\/cristaux\/cristal-damethyste-signification-avantages-proprietes-curatives-et-mode-demploi\/","url":"https:\/\/chacrys.com\/fr\/cristaux\/cristal-damethyste-signification-avantages-proprietes-curatives-et-mode-demploi\/","name":"Cristal d'am\u00e9thyste - Signification, avantages, propri\u00e9t\u00e9s curatives et mode d'emploi - Chacrys","isPartOf":{"@id":"https:\/\/chacrys.com\/fr\/#website"},"datePublished":"2025-07-06T16:32:53+00:00","dateModified":"2026-02-10T10:13:28+00:00","breadcrumb":{"@id":"https:\/\/chacrys.com\/fr\/cristaux\/cristal-damethyste-signification-avantages-proprietes-curatives-et-mode-demploi\/#breadcrumb"},"inLanguage":"fr-FR","potentialAction":[{"@type":"ReadAction","target":["https:\/\/chacrys.com\/fr\/cristaux\/cristal-damethyste-signification-avantages-proprietes-curatives-et-mode-demploi\/"]}]},{"@type":"BreadcrumbList","@id":"https:\/\/chacrys.com\/fr\/cristaux\/cristal-damethyste-signification-avantages-proprietes-curatives-et-mode-demploi\/#breadcrumb","itemListElement":[{"@type":"ListItem","position":1,"name":"Home","item":"https:\/\/chacrys.com\/fr\/"},{"@type":"ListItem","position":2,"name":"Cristaux","item":"https:\/\/chacrys.com\/fr\/cristaux\/"},{"@type":"ListItem","position":3,"name":"Cristal d&rsquo;am\u00e9thyste &#8211; Signification, avantages, propri\u00e9t\u00e9s curatives et mode d&#8217;emploi"}]},{"@type":"WebSite","@id":"https:\/\/chacrys.com\/fr\/#website","url":"https:\/\/chacrys.com\/fr\/","name":"Chacrys","description":"Chacrys","publisher":{"@id":"https:\/\/chacrys.com\/fr\/#organization"},"potentialAction":[{"@type":"SearchAction","target":{"@type":"EntryPoint","urlTemplate":"https:\/\/chacrys.com\/fr\/?s={search_term_string}"},"query-input":{"@type":"PropertyValueSpecification","valueRequired":true,"valueName":"search_term_string"}}],"inLanguage":"fr-FR"},{"@type":"Organization","@id":"https:\/\/chacrys.com\/fr\/#organization","name":"Chacrys","url":"https:\/\/chacrys.com\/fr\/","logo":{"@type":"ImageObject","inLanguage":"fr-FR","@id":"https:\/\/chacrys.com\/fr\/#\/schema\/logo\/image\/","url":"https:\/\/chacrys.com\/wp-content\/uploads\/2024\/11\/cropped-FRANJULIA-6.png","contentUrl":"https:\/\/chacrys.com\/wp-content\/uploads\/2024\/11\/cropped-FRANJULIA-6.png","width":512,"height":512,"caption":"Chacrys"},"image":{"@id":"https:\/\/chacrys.com\/fr\/#\/schema\/logo\/image\/"},"sameAs":["https:\/\/www.facebook.com\/chacryscrystal","https:\/\/www.instagram.com\/chacrys\/","https:\/\/www.pinterest.com\/chacryscrystalbed\/","https:\/\/www.youtube.com\/@chacrysofficial9667"]}]}},"_links":{"self":[{"href":"https:\/\/chacrys.com\/fr\/wp-json\/wp\/v2\/pages\/33059","targetHints":{"allow":["GET"]}}],"collection":[{"href":"https:\/\/chacrys.com\/fr\/wp-json\/wp\/v2\/pages"}],"about":[{"href":"https:\/\/chacrys.com\/fr\/wp-json\/wp\/v2\/types\/page"}],"author":[{"embeddable":true,"href":"https:\/\/chacrys.com\/fr\/wp-json\/wp\/v2\/users\/1"}],"replies":[{"embeddable":true,"href":"https:\/\/chacrys.com\/fr\/wp-json\/wp\/v2\/comments?post=33059"}],"version-history":[{"count":2,"href":"https:\/\/chacrys.com\/fr\/wp-json\/wp\/v2\/pages\/33059\/revisions"}],"predecessor-version":[{"id":34491,"href":"https:\/\/chacrys.com\/fr\/wp-json\/wp\/v2\/pages\/33059\/revisions\/34491"}],"up":[{"embeddable":true,"href":"https:\/\/chacrys.com\/fr\/wp-json\/wp\/v2\/pages\/33018"}],"wp:attachment":[{"href":"https:\/\/chacrys.com\/fr\/wp-json\/wp\/v2\/media?parent=33059"}],"curies":[{"name":"wp","href":"https:\/\/api.w.org\/{rel}","templated":true}]}}