{"id":31644,"date":"2021-10-12T15:51:09","date_gmt":"2021-10-12T15:51:09","guid":{"rendered":"https:\/\/chacrys.com\/a-propos-de-nous\/"},"modified":"2024-12-02T12:01:10","modified_gmt":"2024-12-02T12:01:10","slug":"a-propos-de-nous","status":"publish","type":"page","link":"https:\/\/chacrys.com\/fr\/a-propos-de-nous\/","title":{"rendered":"A propos de nous"},"content":{"rendered":"\t\t<div data-elementor-type=\"wp-page\" data-elementor-id=\"31644\" class=\"elementor elementor-31644 elementor-4400\">\n\t\t\t\t<div class=\"wd-negative-gap elementor-element elementor-element-c79d494 e-flex e-con-boxed e-con e-parent\" data-id=\"c79d494\" data-element_type=\"container\" data-e-type=\"container\">\n\t\t\t\t\t<div class=\"e-con-inner\">\n\t\t<div class=\"elementor-element elementor-element-eda97c0 e-con-full e-flex e-con e-child\" data-id=\"eda97c0\" data-element_type=\"container\" data-e-type=\"container\">\n\t\t\t\t<div class=\"elementor-element elementor-element-afb9151 elementor-widget elementor-widget-heading\" data-id=\"afb9151\" data-element_type=\"widget\" data-e-type=\"widget\" data-widget_type=\"heading.default\">\n\t\t\t\t<div class=\"elementor-widget-container\">\n\t\t\t\t\t<h2 class=\"elementor-heading-title elementor-size-default\">L'histoire de Chacrys<\/h2>\t\t\t\t<\/div>\n\t\t\t\t<\/div>\n\t\t\t\t<div class=\"elementor-element elementor-element-84fe9c9 elementor-widget elementor-widget-wd_text_block\" data-id=\"84fe9c9\" data-element_type=\"widget\" data-e-type=\"widget\" data-widget_type=\"wd_text_block.default\">\n\t\t\t\t<div class=\"elementor-widget-container\">\n\t\t\t\t\t\t\t<div class=\"wd-text-block reset-last-child text-left\">\n\t\t\t\n\t\t\t<p>Au printemps 2013, ma vie a pris un tournant. J'\u00e9tais compl\u00e8tement \u00e9puis\u00e9e, ma vie n'avait plus de sens. Je n'avais plus de vitalit\u00e9 et j'avais du mal \u00e0 trouver la joie de vivre. J'ai eu le sentiment qu'il fallait que je quitte mon pays pendant un certain temps et que je reprenne des forces ailleurs, afin de pouvoir envisager ma vie sous un angle diff\u00e9rent.   <\/p><p>J'ai trouv\u00e9 un emploi b\u00e9n\u00e9vole dans un ch\u00e2teau situ\u00e9 dans un village isol\u00e9 du nord de l'Allemagne, qui abritait un centre de gu\u00e9rison spirituelle. J'ai travaill\u00e9 comme personnel d'entretien dans le ch\u00e2teau pendant deux mois. J'ai m\u00e9dit\u00e9 tous les jours t\u00f4t le matin, j'ai fait du yoga l'apr\u00e8s-midi et j'ai pass\u00e9 beaucoup de temps dans la nature.  <\/p><p>Il y avait un lit de cristal fait maison dans le ch\u00e2teau et, je peux vous le dire, ce fut le coup de foudre. J'ai personnellement fait l'exp\u00e9rience du pouvoir des cristaux et j'ai commenc\u00e9 \u00e0 me renseigner \u00e0 leur sujet. <\/p><p>\u00c0 la fin de mon contrat de deux mois, j'ai eu le sentiment que ma mission \u00e9tait de transmettre le concept du lit de cristal au plus grand nombre possible de personnes dans le monde afin d'aider les autres.<\/p><p>\u00c0 l'\u00e9poque, je ne savais pas encore comment j'allais m'y prendre. Je n'avais aucune qualification ou connaissance technique, mais mon \u00e9lan int\u00e9rieur pour poursuivre ma mission \u00e9tait bien plus fort que les obstacles auxquels je devais faire face. Ainsi, apr\u00e8s avoir investi beaucoup de travail et d'efforts dans le projet et avec l'aide d'autres personnes, auxquelles je suis tr\u00e8s reconnaissante, le premier lit de cristal Chacrys a \u00e9t\u00e9 fabriqu\u00e9.  <\/p><p>La lampe en cristal Chacrys Mini a \u00e9t\u00e9 con\u00e7ue peu de temps apr\u00e8s. Depuis, de nombreuses personnes utilisent nos produits dans le monde entier. Chez Chacrys, nous mettons beaucoup de c\u0153ur et d'\u00e2me dans la fabrication de chaque appareil, sachant qu'ils seront utilis\u00e9s au b\u00e9n\u00e9fice de leurs utilisateurs.  <\/p>\n\t\t\t\t\t<\/div>\n\t\t\t\t\t\t<\/div>\n\t\t\t\t<\/div>\n\t\t\t\t<\/div>\n\t\t<div class=\"elementor-element elementor-element-1ee12c6 e-con-full e-flex e-con e-child\" data-id=\"1ee12c6\" data-element_type=\"container\" data-e-type=\"container\">\n\t\t\t\t<div class=\"elementor-element elementor-element-8a7fe86 elementor-widget elementor-widget-video\" data-id=\"8a7fe86\" data-element_type=\"widget\" data-e-type=\"widget\" data-settings=\"{&quot;youtube_url&quot;:&quot;https:\\\/\\\/www.youtube.com\\\/watch?v=e-HBSrzJWvg&quot;,&quot;video_type&quot;:&quot;youtube&quot;,&quot;controls&quot;:&quot;yes&quot;}\" data-widget_type=\"video.default\">\n\t\t\t\t<div class=\"elementor-widget-container\">\n\t\t\t\t\t\t\t<div class=\"elementor-wrapper elementor-open-inline\">\n\t\t\t<div class=\"elementor-video\"><\/div>\t\t<\/div>\n\t\t\t\t\t\t<\/div>\n\t\t\t\t<\/div>\n\t\t\t\t<div class=\"elementor-element elementor-element-6018d9e elementor-widget elementor-widget-image\" data-id=\"6018d9e\" data-element_type=\"widget\" data-e-type=\"widget\" data-widget_type=\"image.default\">\n\t\t\t\t<div class=\"elementor-widget-container\">\n\t\t\t\t\t\t\t\t\t\t\t\t\t\t\t<img decoding=\"async\" width=\"1104\" height=\"800\" src=\"https:\/\/chacrys.com\/wp-content\/uploads\/2024\/11\/bedi-laszlo-1104x800.jpg\" class=\"attachment-large size-large wp-image-30521\" alt=\"\" srcset=\"https:\/\/chacrys.com\/wp-content\/uploads\/2024\/11\/bedi-laszlo-1104x800.jpg 1104w, https:\/\/chacrys.com\/wp-content\/uploads\/2024\/11\/bedi-laszlo-430x311.jpg 430w, https:\/\/chacrys.com\/wp-content\/uploads\/2024\/11\/bedi-laszlo-150x109.jpg 150w, https:\/\/chacrys.com\/wp-content\/uploads\/2024\/11\/bedi-laszlo-700x507.jpg 700w, https:\/\/chacrys.com\/wp-content\/uploads\/2024\/11\/bedi-laszlo-400x290.jpg 400w, https:\/\/chacrys.com\/wp-content\/uploads\/2024\/11\/bedi-laszlo-768x556.jpg 768w, https:\/\/chacrys.com\/wp-content\/uploads\/2024\/11\/bedi-laszlo-1536x1113.jpg 1536w, https:\/\/chacrys.com\/wp-content\/uploads\/2024\/11\/bedi-laszlo.jpg 1600w\" sizes=\"(max-width: 1104px) 100vw, 1104px\" \/>\t\t\t\t\t\t\t\t\t\t\t\t\t\t\t<\/div>\n\t\t\t\t<\/div>\n\t\t\t\t<\/div>\n\t\t\t\t\t<\/div>\n\t\t\t\t<\/div>\n\t\t\t\t<\/div>\n\t\t","protected":false},"excerpt":{"rendered":"<p>L&rsquo;histoire de Chacrys Au printemps 2013, ma vie a pris un tournant. J&rsquo;\u00e9tais compl\u00e8tement \u00e9puis\u00e9e, ma vie n&rsquo;avait plus de<\/p>\n","protected":false},"author":1,"featured_media":0,"parent":0,"menu_order":0,"comment_status":"closed","ping_status":"closed","template":"","meta":{"footnotes":""},"class_list":["post-31644","page","type-page","status-publish","hentry"],"yoast_head":"<!-- This site is optimized with the Yoast SEO plugin v27.4 - https:\/\/yoast.com\/product\/yoast-seo-wordpress\/ -->\n<title>A propos de nous - Chacrys<\/title>\n<meta name=\"robots\" content=\"index, follow, max-snippet:-1, max-image-preview:large, max-video-preview:-1\" \/>\n<link rel=\"canonical\" href=\"https:\/\/chacrys.com\/fr\/a-propos-de-nous\/\" \/>\n<meta property=\"og:locale\" content=\"fr_FR\" \/>\n<meta property=\"og:type\" content=\"article\" \/>\n<meta property=\"og:title\" content=\"A propos de nous - Chacrys\" \/>\n<meta property=\"og:description\" content=\"L&rsquo;histoire de Chacrys Au printemps 2013, ma vie a pris un tournant. J&rsquo;\u00e9tais compl\u00e8tement \u00e9puis\u00e9e, ma vie n&rsquo;avait plus de\" \/>\n<meta property=\"og:url\" content=\"https:\/\/chacrys.com\/fr\/a-propos-de-nous\/\" \/>\n<meta property=\"og:site_name\" content=\"Chacrys\" \/>\n<meta property=\"article:publisher\" content=\"https:\/\/www.facebook.com\/chacryscrystal\" \/>\n<meta property=\"article:modified_time\" content=\"2024-12-02T12:01:10+00:00\" \/>\n<meta property=\"og:image\" content=\"https:\/\/chacrys.com\/wp-content\/uploads\/2024\/11\/bedi-laszlo-1104x800.jpg\" \/>\n<meta name=\"twitter:card\" content=\"summary_large_image\" \/>\n<meta name=\"twitter:label1\" content=\"Dur\u00e9e de lecture estim\u00e9e\" \/>\n\t<meta name=\"twitter:data1\" content=\"2 minutes\" \/>\n<script type=\"application\/ld+json\" class=\"yoast-schema-graph\">{\"@context\":\"https:\\\/\\\/schema.org\",\"@graph\":[{\"@type\":\"WebPage\",\"@id\":\"https:\\\/\\\/chacrys.com\\\/fr\\\/a-propos-de-nous\\\/\",\"url\":\"https:\\\/\\\/chacrys.com\\\/fr\\\/a-propos-de-nous\\\/\",\"name\":\"A propos de nous - Chacrys\",\"isPartOf\":{\"@id\":\"https:\\\/\\\/chacrys.com\\\/fr\\\/#website\"},\"primaryImageOfPage\":{\"@id\":\"https:\\\/\\\/chacrys.com\\\/fr\\\/a-propos-de-nous\\\/#primaryimage\"},\"image\":{\"@id\":\"https:\\\/\\\/chacrys.com\\\/fr\\\/a-propos-de-nous\\\/#primaryimage\"},\"thumbnailUrl\":\"https:\\\/\\\/chacrys.com\\\/wp-content\\\/uploads\\\/2024\\\/11\\\/bedi-laszlo-1104x800.jpg\",\"datePublished\":\"2021-10-12T15:51:09+00:00\",\"dateModified\":\"2024-12-02T12:01:10+00:00\",\"breadcrumb\":{\"@id\":\"https:\\\/\\\/chacrys.com\\\/fr\\\/a-propos-de-nous\\\/#breadcrumb\"},\"inLanguage\":\"fr-FR\",\"potentialAction\":[{\"@type\":\"ReadAction\",\"target\":[\"https:\\\/\\\/chacrys.com\\\/fr\\\/a-propos-de-nous\\\/\"]}]},{\"@type\":\"ImageObject\",\"inLanguage\":\"fr-FR\",\"@id\":\"https:\\\/\\\/chacrys.com\\\/fr\\\/a-propos-de-nous\\\/#primaryimage\",\"url\":\"https:\\\/\\\/chacrys.com\\\/wp-content\\\/uploads\\\/2024\\\/11\\\/bedi-laszlo-1104x800.jpg\",\"contentUrl\":\"https:\\\/\\\/chacrys.com\\\/wp-content\\\/uploads\\\/2024\\\/11\\\/bedi-laszlo-1104x800.jpg\"},{\"@type\":\"BreadcrumbList\",\"@id\":\"https:\\\/\\\/chacrys.com\\\/fr\\\/a-propos-de-nous\\\/#breadcrumb\",\"itemListElement\":[{\"@type\":\"ListItem\",\"position\":1,\"name\":\"Home\",\"item\":\"https:\\\/\\\/chacrys.com\\\/fr\\\/\"},{\"@type\":\"ListItem\",\"position\":2,\"name\":\"A propos de nous\"}]},{\"@type\":\"WebSite\",\"@id\":\"https:\\\/\\\/chacrys.com\\\/fr\\\/#website\",\"url\":\"https:\\\/\\\/chacrys.com\\\/fr\\\/\",\"name\":\"Chacrys\",\"description\":\"Chacrys\",\"publisher\":{\"@id\":\"https:\\\/\\\/chacrys.com\\\/fr\\\/#organization\"},\"potentialAction\":[{\"@type\":\"SearchAction\",\"target\":{\"@type\":\"EntryPoint\",\"urlTemplate\":\"https:\\\/\\\/chacrys.com\\\/fr\\\/?s={search_term_string}\"},\"query-input\":{\"@type\":\"PropertyValueSpecification\",\"valueRequired\":true,\"valueName\":\"search_term_string\"}}],\"inLanguage\":\"fr-FR\"},{\"@type\":\"Organization\",\"@id\":\"https:\\\/\\\/chacrys.com\\\/fr\\\/#organization\",\"name\":\"Chacrys\",\"url\":\"https:\\\/\\\/chacrys.com\\\/fr\\\/\",\"logo\":{\"@type\":\"ImageObject\",\"inLanguage\":\"fr-FR\",\"@id\":\"https:\\\/\\\/chacrys.com\\\/fr\\\/#\\\/schema\\\/logo\\\/image\\\/\",\"url\":\"https:\\\/\\\/chacrys.com\\\/wp-content\\\/uploads\\\/2024\\\/11\\\/cropped-FRANJULIA-6.png\",\"contentUrl\":\"https:\\\/\\\/chacrys.com\\\/wp-content\\\/uploads\\\/2024\\\/11\\\/cropped-FRANJULIA-6.png\",\"width\":512,\"height\":512,\"caption\":\"Chacrys\"},\"image\":{\"@id\":\"https:\\\/\\\/chacrys.com\\\/fr\\\/#\\\/schema\\\/logo\\\/image\\\/\"},\"sameAs\":[\"https:\\\/\\\/www.facebook.com\\\/chacryscrystal\",\"https:\\\/\\\/www.instagram.com\\\/chacrys\\\/\",\"https:\\\/\\\/www.pinterest.com\\\/chacryscrystalbed\\\/\",\"https:\\\/\\\/www.youtube.com\\\/@chacrysofficial9667\"]}]}<\/script>\n<!-- \/ Yoast SEO plugin. -->","yoast_head_json":{"title":"A propos de nous - Chacrys","robots":{"index":"index","follow":"follow","max-snippet":"max-snippet:-1","max-image-preview":"max-image-preview:large","max-video-preview":"max-video-preview:-1"},"canonical":"https:\/\/chacrys.com\/fr\/a-propos-de-nous\/","og_locale":"fr_FR","og_type":"article","og_title":"A propos de nous - Chacrys","og_description":"L&rsquo;histoire de Chacrys Au printemps 2013, ma vie a pris un tournant. J&rsquo;\u00e9tais compl\u00e8tement \u00e9puis\u00e9e, ma vie n&rsquo;avait plus de","og_url":"https:\/\/chacrys.com\/fr\/a-propos-de-nous\/","og_site_name":"Chacrys","article_publisher":"https:\/\/www.facebook.com\/chacryscrystal","article_modified_time":"2024-12-02T12:01:10+00:00","og_image":[{"url":"https:\/\/chacrys.com\/wp-content\/uploads\/2024\/11\/bedi-laszlo-1104x800.jpg","type":"","width":"","height":""}],"twitter_card":"summary_large_image","twitter_misc":{"Dur\u00e9e de lecture estim\u00e9e":"2 minutes"},"schema":{"@context":"https:\/\/schema.org","@graph":[{"@type":"WebPage","@id":"https:\/\/chacrys.com\/fr\/a-propos-de-nous\/","url":"https:\/\/chacrys.com\/fr\/a-propos-de-nous\/","name":"A propos de nous - Chacrys","isPartOf":{"@id":"https:\/\/chacrys.com\/fr\/#website"},"primaryImageOfPage":{"@id":"https:\/\/chacrys.com\/fr\/a-propos-de-nous\/#primaryimage"},"image":{"@id":"https:\/\/chacrys.com\/fr\/a-propos-de-nous\/#primaryimage"},"thumbnailUrl":"https:\/\/chacrys.com\/wp-content\/uploads\/2024\/11\/bedi-laszlo-1104x800.jpg","datePublished":"2021-10-12T15:51:09+00:00","dateModified":"2024-12-02T12:01:10+00:00","breadcrumb":{"@id":"https:\/\/chacrys.com\/fr\/a-propos-de-nous\/#breadcrumb"},"inLanguage":"fr-FR","potentialAction":[{"@type":"ReadAction","target":["https:\/\/chacrys.com\/fr\/a-propos-de-nous\/"]}]},{"@type":"ImageObject","inLanguage":"fr-FR","@id":"https:\/\/chacrys.com\/fr\/a-propos-de-nous\/#primaryimage","url":"https:\/\/chacrys.com\/wp-content\/uploads\/2024\/11\/bedi-laszlo-1104x800.jpg","contentUrl":"https:\/\/chacrys.com\/wp-content\/uploads\/2024\/11\/bedi-laszlo-1104x800.jpg"},{"@type":"BreadcrumbList","@id":"https:\/\/chacrys.com\/fr\/a-propos-de-nous\/#breadcrumb","itemListElement":[{"@type":"ListItem","position":1,"name":"Home","item":"https:\/\/chacrys.com\/fr\/"},{"@type":"ListItem","position":2,"name":"A propos de nous"}]},{"@type":"WebSite","@id":"https:\/\/chacrys.com\/fr\/#website","url":"https:\/\/chacrys.com\/fr\/","name":"Chacrys","description":"Chacrys","publisher":{"@id":"https:\/\/chacrys.com\/fr\/#organization"},"potentialAction":[{"@type":"SearchAction","target":{"@type":"EntryPoint","urlTemplate":"https:\/\/chacrys.com\/fr\/?s={search_term_string}"},"query-input":{"@type":"PropertyValueSpecification","valueRequired":true,"valueName":"search_term_string"}}],"inLanguage":"fr-FR"},{"@type":"Organization","@id":"https:\/\/chacrys.com\/fr\/#organization","name":"Chacrys","url":"https:\/\/chacrys.com\/fr\/","logo":{"@type":"ImageObject","inLanguage":"fr-FR","@id":"https:\/\/chacrys.com\/fr\/#\/schema\/logo\/image\/","url":"https:\/\/chacrys.com\/wp-content\/uploads\/2024\/11\/cropped-FRANJULIA-6.png","contentUrl":"https:\/\/chacrys.com\/wp-content\/uploads\/2024\/11\/cropped-FRANJULIA-6.png","width":512,"height":512,"caption":"Chacrys"},"image":{"@id":"https:\/\/chacrys.com\/fr\/#\/schema\/logo\/image\/"},"sameAs":["https:\/\/www.facebook.com\/chacryscrystal","https:\/\/www.instagram.com\/chacrys\/","https:\/\/www.pinterest.com\/chacryscrystalbed\/","https:\/\/www.youtube.com\/@chacrysofficial9667"]}]}},"_links":{"self":[{"href":"https:\/\/chacrys.com\/fr\/wp-json\/wp\/v2\/pages\/31644","targetHints":{"allow":["GET"]}}],"collection":[{"href":"https:\/\/chacrys.com\/fr\/wp-json\/wp\/v2\/pages"}],"about":[{"href":"https:\/\/chacrys.com\/fr\/wp-json\/wp\/v2\/types\/page"}],"author":[{"embeddable":true,"href":"https:\/\/chacrys.com\/fr\/wp-json\/wp\/v2\/users\/1"}],"replies":[{"embeddable":true,"href":"https:\/\/chacrys.com\/fr\/wp-json\/wp\/v2\/comments?post=31644"}],"version-history":[{"count":1,"href":"https:\/\/chacrys.com\/fr\/wp-json\/wp\/v2\/pages\/31644\/revisions"}],"predecessor-version":[{"id":31645,"href":"https:\/\/chacrys.com\/fr\/wp-json\/wp\/v2\/pages\/31644\/revisions\/31645"}],"wp:attachment":[{"href":"https:\/\/chacrys.com\/fr\/wp-json\/wp\/v2\/media?parent=31644"}],"curies":[{"name":"wp","href":"https:\/\/api.w.org\/{rel}","templated":true}]}}