{"id":31634,"date":"2024-11-20T14:11:53","date_gmt":"2024-11-20T14:11:53","guid":{"rendered":"https:\/\/chacrys.com\/politique-de-confidentialite\/"},"modified":"2024-12-02T12:00:19","modified_gmt":"2024-12-02T12:00:19","slug":"politique-de-confidentialite","status":"publish","type":"page","link":"https:\/\/chacrys.com\/fr\/politique-de-confidentialite\/","title":{"rendered":"Politique de confidentialit\u00e9"},"content":{"rendered":"\n<h1 class=\"wp-block-heading\">Politique de confidentialit\u00e9<\/h1>\n\n<p><strong>Date d&rsquo;entr\u00e9e en vigueur<\/strong>: [26 .11.2024]<br\/><strong>Derni\u00e8re mise \u00e0 jour<\/strong>:  [01 .12.2024]<\/p>\n\n<p>La pr\u00e9sente politique de confidentialit\u00e9 d\u00e9crit nos politiques et proc\u00e9dures en mati\u00e8re de collecte, d&rsquo;utilisation et de divulgation de vos informations lorsque vous utilisez notre service. Elle explique \u00e9galement vos droits en mati\u00e8re de confidentialit\u00e9 en vertu des lois applicables, telles que le GDPR et le CCPA, et la mani\u00e8re dont la loi vous prot\u00e8ge. <\/p>\n\n<p>En utilisant le service, vous acceptez la collecte et l&rsquo;utilisation d&rsquo;informations conform\u00e9ment \u00e0 la pr\u00e9sente politique de confidentialit\u00e9.<\/p>\n\n<hr class=\"wp-block-separator has-alpha-channel-opacity\"\/>\n\n<h2 class=\"wp-block-heading\">Interpr\u00e9tation et d\u00e9finitions<\/h2>\n\n<h3 class=\"wp-block-heading\">Interpr\u00e9tation<\/h3>\n\n<p>Les mots dont la premi\u00e8re lettre est en majuscule ont des significations d\u00e9finies dans les conditions suivantes. Ces d\u00e9finitions ont la m\u00eame signification, qu&rsquo;elles apparaissent au singulier ou au pluriel. <\/p>\n\n<h3 class=\"wp-block-heading\">D\u00e9finitions<\/h3>\n\n<p>Aux fins de la pr\u00e9sente politique de confidentialit\u00e9 :<\/p>\n\n<ul class=\"wp-block-list\">\n<li><strong>Compte<\/strong>: Un compte unique cr\u00e9\u00e9 pour vous afin d&rsquo;acc\u00e9der \u00e0 notre service ou \u00e0 des parties de notre service.<\/li>\n\n\n\n<li><strong>Entreprise<\/strong>: D\u00e9signe Chacrys s.r.o., l&rsquo;entit\u00e9 juridique qui collecte les donn\u00e9es personnelles et en d\u00e9termine les finalit\u00e9s et les moyens, conform\u00e9ment au GDPR et au CCPA.<\/li>\n\n\n\n<li><strong>Entreprise<\/strong> (d\u00e9sign\u00e9e par \u00ab\u00a0l&rsquo;entreprise\u00a0\u00bb, \u00ab\u00a0nous\u00a0\u00bb, \u00ab\u00a0notre\u00a0\u00bb ou \u00ab\u00a0nos\u00a0\u00bb dans le pr\u00e9sent accord) : Chacrys s.r.o., Svatojanska 3060\/14, 94501 Komarno, Slovaquie.<\/li>\n\n\n\n<li><strong>Cookies<\/strong>: Petits fichiers plac\u00e9s sur votre appareil par un site web, contenant des d\u00e9tails sur votre historique de navigation, vos pr\u00e9f\u00e9rences et vos interactions.<\/li>\n\n\n\n<li><strong>Contr\u00f4leur de donn\u00e9es<\/strong>: L&rsquo;entit\u00e9 responsable de la d\u00e9termination des finalit\u00e9s et des moyens du traitement des donn\u00e9es \u00e0 caract\u00e8re personnel, tel que d\u00e9fini par le GDPR.<\/li>\n\n\n\n<li><strong>Appareil<\/strong>: Tout appareil capable d&rsquo;acc\u00e9der au Service, tel qu&rsquo;un ordinateur, un appareil mobile ou une tablette.<\/li>\n\n\n\n<li><strong>Donn\u00e9es personnelles<\/strong>: Toute information se rapportant \u00e0 une personne identifi\u00e9e ou identifiable, telle que d\u00e9finie par le GDPR et le CCPA.<\/li>\n\n\n\n<li><strong>Service<\/strong>: D\u00e9signe le site Internet exploit\u00e9 par Chacrys, accessible \u00e0 l&rsquo;adresse <a href=\"http:\/\/www.chacrys.com\/\">www.chacrys.com<\/a>.<\/li>\n\n\n\n<li><strong>Prestataires de services<\/strong>: Soci\u00e9t\u00e9s tierces ou personnes employ\u00e9es par l&rsquo;entreprise pour ex\u00e9cuter des fonctions en notre nom.<\/li>\n\n\n\n<li><strong>Donn\u00e9es d&rsquo;utilisation<\/strong>: Donn\u00e9es collect\u00e9es automatiquement, g\u00e9n\u00e9r\u00e9es par l&rsquo;utilisation du service ou par l&rsquo;infrastructure du service elle-m\u00eame (par exemple, la dur\u00e9e de la visite d&rsquo;une page).<\/li>\n\n\n\n<li><strong>Vous<\/strong>: D\u00e9signe la personne physique qui acc\u00e8de au service ou l&rsquo;utilise, ou l&rsquo;entit\u00e9 juridique au nom de laquelle cette personne acc\u00e8de au service ou l&rsquo;utilise.<\/li>\n<\/ul>\n\n<hr class=\"wp-block-separator has-alpha-channel-opacity\"\/>\n\n<h2 class=\"wp-block-heading\">Collecte et utilisation de vos donn\u00e9es personnelles<\/h2>\n\n<h3 class=\"wp-block-heading\">Types de donn\u00e9es collect\u00e9es<\/h3>\n\n<h4 class=\"wp-block-heading\">Donn\u00e9es personnelles<\/h4>\n\n<p>Lors de l&rsquo;utilisation de notre service, nous pouvons vous demander de fournir des informations personnellement identifiables, y compris, mais sans s&rsquo;y limiter :<\/p>\n\n<ul class=\"wp-block-list\">\n<li>Nom<\/li>\n\n\n\n<li>Adresse \u00e9lectronique<\/li>\n\n\n\n<li>Num\u00e9ro de t\u00e9l\u00e9phone<\/li>\n\n\n\n<li>Adresse de facturation et de livraison<\/li>\n\n\n\n<li>Donn\u00e9es de paiement (trait\u00e9es de mani\u00e8re s\u00e9curis\u00e9e par des fournisseurs de paiement tiers)<\/li>\n<\/ul>\n\n<h4 class=\"wp-block-heading\">Donn\u00e9es d&rsquo;utilisation<\/h4>\n\n<p>Nous pouvons collecter automatiquement des donn\u00e9es sur vos interactions avec le service, y compris :<\/p>\n\n<ul class=\"wp-block-list\">\n<li>Adresse IP<\/li>\n\n\n\n<li>Type et version du navigateur<\/li>\n\n\n\n<li>Type d&rsquo;appareil<\/li>\n\n\n\n<li>Pages visit\u00e9es, temps pass\u00e9 sur ces pages et autres donn\u00e9es de diagnostic<\/li>\n<\/ul>\n\n<hr class=\"wp-block-separator has-alpha-channel-opacity\"\/>\n\n<h2 class=\"wp-block-heading\">Utilisation de vos donn\u00e9es personnelles<\/h2>\n\n<p>La soci\u00e9t\u00e9 utilise vos donn\u00e9es personnelles aux fins suivantes :<\/p>\n\n<ol class=\"wp-block-list\">\n<li><strong>Fournir le service<\/strong>:\n<ul class=\"wp-block-list\">\n<li>Ex\u00e9cuter les commandes, y compris partager les donn\u00e9es avec les soci\u00e9t\u00e9s d&rsquo;exp\u00e9dition \u00e0 des fins de livraison.<\/li>\n\n\n\n<li>G\u00e9rer votre compte et vos transactions.<\/li>\n<\/ul>\n<\/li>\n\n\n\n<li><strong>Pour la communication<\/strong>:\n<ul class=\"wp-block-list\">\n<li>vous informer des modifications apport\u00e9es \u00e0 notre service ou r\u00e9pondre \u00e0 des demandes de renseignements.<\/li>\n\n\n\n<li>Envoyer des offres promotionnelles ou des mises \u00e0 jour, \u00e0 condition que vous n&rsquo;ayez pas choisi de ne pas le faire.<\/li>\n<\/ul>\n<\/li>\n\n\n\n<li><strong>Am\u00e9liorer notre service<\/strong>:\n<ul class=\"wp-block-list\">\n<li>Analyser le comportement des utilisateurs afin d&rsquo;am\u00e9liorer la convivialit\u00e9 et la fonctionnalit\u00e9.<\/li>\n\n\n\n<li>D\u00e9tecter et pr\u00e9venir les probl\u00e8mes techniques.<\/li>\n<\/ul>\n<\/li>\n\n\n\n<li><strong>Pour le respect de la loi<\/strong>:\n<ul class=\"wp-block-list\">\n<li>r\u00e9pondre \u00e0 des obligations l\u00e9gales ou r\u00e9soudre des litiges.<\/li>\n<\/ul>\n<\/li>\n<\/ol>\n\n<hr class=\"wp-block-separator has-alpha-channel-opacity\"\/>\n\n<h2 class=\"wp-block-heading\">Partage de vos donn\u00e9es personnelles<\/h2>\n\n<p>Nous pouvons partager vos donn\u00e9es personnelles avec<\/p>\n\n<ol class=\"wp-block-list\">\n<li><strong>Fournisseurs de services<\/strong>:\n<ul class=\"wp-block-list\">\n<li>Pour le traitement des paiements, l&rsquo;analyse et la logistique de livraison.<\/li>\n<\/ul>\n<\/li>\n\n\n\n<li><strong>Transferts d&rsquo;entreprise<\/strong>:\n<ul class=\"wp-block-list\">\n<li>Si nous fusionnons, vendons ou transf\u00e9rons tout ou partie de nos actifs.<\/li>\n<\/ul>\n<\/li>\n\n\n\n<li><strong>Autorit\u00e9s l\u00e9gales<\/strong>:\n<ul class=\"wp-block-list\">\n<li>en conformit\u00e9 avec les lois applicables ou les proc\u00e9dures l\u00e9gales.<\/li>\n<\/ul>\n<\/li>\n\n\n\n<li><strong>Tiers<\/strong>:\n<ul class=\"wp-block-list\">\n<li>Avec votre consentement explicite \u00e0 des fins sp\u00e9cifiques.<\/li>\n<\/ul>\n<\/li>\n<\/ol>\n\n<hr class=\"wp-block-separator has-alpha-channel-opacity\"\/>\n\n<h2 class=\"wp-block-heading\">Vos droits dans le cadre du GDPR<\/h2>\n\n<p>Si vous r\u00e9sidez dans l&rsquo;Espace \u00e9conomique europ\u00e9en (EEE), vous disposez des droits suivants en vertu du GDPR :<\/p>\n\n<h3 class=\"wp-block-heading\">1. Droit d&rsquo;acc\u00e8s et portabilit\u00e9 des donn\u00e9es<\/h3>\n\n<ul class=\"wp-block-list\">\n<li>Demander une copie des donn\u00e9es personnelles que nous d\u00e9tenons \u00e0 votre sujet.<\/li>\n\n\n\n<li>Recevez vos donn\u00e9es dans un format structur\u00e9, couramment utilis\u00e9 et lisible par une machine.<\/li>\n<\/ul>\n\n<h3 class=\"wp-block-heading\">2. Droit de rectification<\/h3>\n\n<ul class=\"wp-block-list\">\n<li>Demander la correction de toute donn\u00e9e personnelle inexacte ou incompl\u00e8te.<\/li>\n<\/ul>\n\n<h3 class=\"wp-block-heading\">3. Droit \u00e0 l&rsquo;effacement (\u00ab\u00a0Droit \u00e0 l&rsquo;oubli\u00a0\u00bb)<\/h3>\n\n<ul class=\"wp-block-list\">\n<li>Demander la suppression de vos donn\u00e9es personnelles sous certaines conditions, par exemple lorsqu&rsquo;elles ne sont plus n\u00e9cessaires aux fins pour lesquelles elles ont \u00e9t\u00e9 collect\u00e9es.<\/li>\n<\/ul>\n\n<h3 class=\"wp-block-heading\">4. Droit de restreindre le traitement<\/h3>\n\n<ul class=\"wp-block-list\">\n<li>demander que nous suspendions le traitement de vos donn\u00e9es personnelles dans des circonstances sp\u00e9cifiques.<\/li>\n<\/ul>\n\n<h3 class=\"wp-block-heading\">5. Droit d&rsquo;opposition<\/h3>\n\n<ul class=\"wp-block-list\">\n<li>S&rsquo;opposer au traitement de vos donn\u00e9es personnelles lorsqu&rsquo;il est fond\u00e9 sur des int\u00e9r\u00eats l\u00e9gitimes ou sur le marketing direct.<\/li>\n<\/ul>\n\n<h3 class=\"wp-block-heading\">6. Droit de retirer son consentement<\/h3>\n\n<ul class=\"wp-block-list\">\n<li>Retirer votre consentement \u00e0 tout moment lorsque le traitement est fond\u00e9 sur votre consentement.<\/li>\n<\/ul>\n\n<h3 class=\"wp-block-heading\">7. Droit de d\u00e9poser une plainte<\/h3>\n\n<ul class=\"wp-block-list\">\n<li>D\u00e9poser une plainte aupr\u00e8s d&rsquo;une autorit\u00e9 de surveillance si vous estimez que nous n&rsquo;avons pas respect\u00e9 les obligations du GDPR.<\/li>\n<\/ul>\n\n<p>Pour exercer l&rsquo;un de ces droits, veuillez nous contacter \u00e0 l&rsquo;adresse suivante <a href=\"mailto:hello@chacrys.com\">: hello@chacrys.com<\/a>.<\/p>\n\n<hr class=\"wp-block-separator has-alpha-channel-opacity\"\/>\n\n<h2 class=\"wp-block-heading\">Vos droits en vertu de la CCPA<\/h2>\n\n<p>Si vous r\u00e9sidez en Californie, vous disposez des droits suivants en vertu de la CCPA :<\/p>\n\n<h3 class=\"wp-block-heading\">1. Le droit de savoir<\/h3>\n\n<ul class=\"wp-block-list\">\n<li>Demander des informations sur les cat\u00e9gories et les \u00e9l\u00e9ments sp\u00e9cifiques des donn\u00e9es personnelles que nous avons collect\u00e9es.<\/li>\n<\/ul>\n\n<h3 class=\"wp-block-heading\">2. Droite pour supprimer<\/h3>\n\n<ul class=\"wp-block-list\">\n<li>demander la suppression de vos donn\u00e9es \u00e0 caract\u00e8re personnel, sous r\u00e9serve de certaines exceptions (par exemple, la r\u00e9alisation d&rsquo;une transaction ou le respect d&rsquo;obligations l\u00e9gales).<\/li>\n<\/ul>\n\n<h3 class=\"wp-block-heading\">3. Droit de refuser la vente de donn\u00e9es \u00e0 caract\u00e8re personnel<\/h3>\n\n<ul class=\"wp-block-list\">\n<li>Nous demander de ne pas vendre vos donn\u00e9es personnelles \u00e0 des tiers.<\/li>\n<\/ul>\n\n<h3 class=\"wp-block-heading\">4. Droit \u00e0 la non-discrimination<\/h3>\n\n<ul class=\"wp-block-list\">\n<li>Exercer vos droits en mati\u00e8re de protection de la vie priv\u00e9e sans discrimination, y compris l&rsquo;\u00e9galit\u00e9 des prix et des services.<\/li>\n<\/ul>\n\n<p>Pour soumettre une demande, veuillez nous contacter \u00e0 l&rsquo;adresse <a href=\"mailto:hello@chacrys.com\">hello@chacrys.com<\/a>. Nous v\u00e9rifierons votre identit\u00e9 avant de traiter votre demande. <\/p>\n\n<hr class=\"wp-block-separator has-alpha-channel-opacity\"\/>\n\n<h2 class=\"wp-block-heading\">Conservation de vos donn\u00e9es personnelles<\/h2>\n\n<p>Nous ne conservons vos donn\u00e9es personnelles que le temps n\u00e9cessaire \u00e0 la r\u00e9alisation des objectifs d\u00e9crits dans la pr\u00e9sente politique de confidentialit\u00e9, y compris le respect des obligations l\u00e9gales et la r\u00e9solution des litiges.<\/p>\n\n<hr class=\"wp-block-separator has-alpha-channel-opacity\"\/>\n\n<h2 class=\"wp-block-heading\">S\u00e9curit\u00e9 de vos donn\u00e9es personnelles<\/h2>\n\n<p>Nous mettons en \u0153uvre des mesures commercialement raisonnables pour prot\u00e9ger vos donn\u00e9es.\nCependant, aucune m\u00e9thode de transmission sur Internet ou de stockage \u00e9lectronique n&rsquo;est totalement s\u00fbre et nous ne pouvons pas garantir une s\u00e9curit\u00e9 absolue. <\/p>\n\n<hr class=\"wp-block-separator has-alpha-channel-opacity\"\/>\n\n<h2 class=\"wp-block-heading\">Cookies et technologies de suivi<\/h2>\n\n<p>Nous utilisons des cookies et des technologies similaires pour suivre votre activit\u00e9 et am\u00e9liorer notre service.<\/p>\n\n<h3 class=\"wp-block-heading\">Types de cookies utilis\u00e9s<\/h3>\n\n<ol class=\"wp-block-list\">\n<li><strong>Cookies n\u00e9cessaires<\/strong>: Essentiels pour les fonctionnalit\u00e9s de base, telles que l&rsquo;acc\u00e8s au compte et les transactions.<\/li>\n\n\n\n<li><strong>Cookies de pr\u00e9f\u00e9rence<\/strong>: Stockent vos pr\u00e9f\u00e9rences, telles que la langue et la localisation.<\/li>\n\n\n\n<li><strong>Cookies d&rsquo;analyse<\/strong>: Ils nous aident \u00e0 analyser les habitudes d&rsquo;utilisation afin d&rsquo;am\u00e9liorer notre service.<\/li>\n\n\n\n<li><strong>Cookies publicitaires<\/strong>: Ils permettent de diffuser des publicit\u00e9s personnalis\u00e9es et de mesurer les performances des campagnes.<\/li>\n<\/ol>\n\n<p>Vous pouvez contr\u00f4ler les cookies par le biais des param\u00e8tres de votre navigateur.\nPour plus d&rsquo;informations, visitez le site <a href=\"http:\/\/www.allaboutcookies.org\/\">www.allaboutcookies.org<\/a>. <\/p>\n\n<hr class=\"wp-block-separator has-alpha-channel-opacity\"\/>\n\n<h2 class=\"wp-block-heading\">Modifications de la pr\u00e9sente politique de confidentialit\u00e9<\/h2>\n\n<p>Nous pouvons mettre \u00e0 jour la pr\u00e9sente politique de confidentialit\u00e9 p\u00e9riodiquement.\nLes changements seront affich\u00e9s ici et les mises \u00e0 jour importantes seront communiqu\u00e9es directement. <\/p>\n\n<hr class=\"wp-block-separator has-alpha-channel-opacity\"\/>\n\n<h2 class=\"wp-block-heading\">Contactez nous<\/h2>\n\n<p>Si vous avez des questions sur la pr\u00e9sente politique de confidentialit\u00e9 ou si vous souhaitez exercer vos droits, contactez-nous \u00e0 l&rsquo;adresse suivante<\/p>\n\n<ul class=\"wp-block-list\">\n<li><strong>Courriel<\/strong>: <a href=\"mailto:hello@chacrys.com\">hello@chacrys.com<\/a><\/li>\n<\/ul>\n\n<p><\/p>\n","protected":false},"excerpt":{"rendered":"<p>Politique de confidentialit\u00e9 Date d&rsquo;entr\u00e9e en vigueur: [26 .11.2024]Derni\u00e8re mise \u00e0 jour: [01 .12.2024] La pr\u00e9sente politique de confidentialit\u00e9 d\u00e9crit<\/p>\n","protected":false},"author":1,"featured_media":0,"parent":0,"menu_order":0,"comment_status":"closed","ping_status":"open","template":"","meta":{"footnotes":""},"class_list":["post-31634","page","type-page","status-publish","hentry"],"yoast_head":"<!-- This site is optimized with the Yoast SEO plugin v27.3 - https:\/\/yoast.com\/product\/yoast-seo-wordpress\/ -->\n<title>Politique de confidentialit\u00e9 - Chacrys<\/title>\n<meta name=\"robots\" content=\"index, follow, max-snippet:-1, max-image-preview:large, max-video-preview:-1\" \/>\n<link rel=\"canonical\" href=\"https:\/\/chacrys.com\/fr\/politique-de-confidentialite\/\" \/>\n<meta property=\"og:locale\" content=\"fr_FR\" \/>\n<meta property=\"og:type\" content=\"article\" \/>\n<meta property=\"og:title\" content=\"Politique de confidentialit\u00e9 - Chacrys\" \/>\n<meta property=\"og:description\" content=\"Politique de confidentialit\u00e9 Date d&rsquo;entr\u00e9e en vigueur: [26 .11.2024]Derni\u00e8re mise \u00e0 jour: [01 .12.2024] La pr\u00e9sente politique de confidentialit\u00e9 d\u00e9crit\" \/>\n<meta property=\"og:url\" content=\"https:\/\/chacrys.com\/fr\/politique-de-confidentialite\/\" \/>\n<meta property=\"og:site_name\" content=\"Chacrys\" \/>\n<meta property=\"article:publisher\" content=\"https:\/\/www.facebook.com\/chacryscrystal\" \/>\n<meta property=\"article:modified_time\" content=\"2024-12-02T12:00:19+00:00\" \/>\n<meta name=\"twitter:card\" content=\"summary_large_image\" \/>\n<meta name=\"twitter:label1\" content=\"Dur\u00e9e de lecture estim\u00e9e\" \/>\n\t<meta name=\"twitter:data1\" content=\"7 minutes\" \/>\n<script type=\"application\/ld+json\" class=\"yoast-schema-graph\">{\"@context\":\"https:\\\/\\\/schema.org\",\"@graph\":[{\"@type\":\"WebPage\",\"@id\":\"https:\\\/\\\/chacrys.com\\\/fr\\\/politique-de-confidentialite\\\/\",\"url\":\"https:\\\/\\\/chacrys.com\\\/fr\\\/politique-de-confidentialite\\\/\",\"name\":\"Politique de confidentialit\u00e9 - Chacrys\",\"isPartOf\":{\"@id\":\"https:\\\/\\\/chacrys.com\\\/fr\\\/#website\"},\"datePublished\":\"2024-11-20T14:11:53+00:00\",\"dateModified\":\"2024-12-02T12:00:19+00:00\",\"breadcrumb\":{\"@id\":\"https:\\\/\\\/chacrys.com\\\/fr\\\/politique-de-confidentialite\\\/#breadcrumb\"},\"inLanguage\":\"fr-FR\",\"potentialAction\":[{\"@type\":\"ReadAction\",\"target\":[\"https:\\\/\\\/chacrys.com\\\/fr\\\/politique-de-confidentialite\\\/\"]}]},{\"@type\":\"BreadcrumbList\",\"@id\":\"https:\\\/\\\/chacrys.com\\\/fr\\\/politique-de-confidentialite\\\/#breadcrumb\",\"itemListElement\":[{\"@type\":\"ListItem\",\"position\":1,\"name\":\"Home\",\"item\":\"https:\\\/\\\/chacrys.com\\\/fr\\\/\"},{\"@type\":\"ListItem\",\"position\":2,\"name\":\"Politique de confidentialit\u00e9\"}]},{\"@type\":\"WebSite\",\"@id\":\"https:\\\/\\\/chacrys.com\\\/fr\\\/#website\",\"url\":\"https:\\\/\\\/chacrys.com\\\/fr\\\/\",\"name\":\"Chacrys\",\"description\":\"Chacrys\",\"publisher\":{\"@id\":\"https:\\\/\\\/chacrys.com\\\/fr\\\/#organization\"},\"potentialAction\":[{\"@type\":\"SearchAction\",\"target\":{\"@type\":\"EntryPoint\",\"urlTemplate\":\"https:\\\/\\\/chacrys.com\\\/fr\\\/?s={search_term_string}\"},\"query-input\":{\"@type\":\"PropertyValueSpecification\",\"valueRequired\":true,\"valueName\":\"search_term_string\"}}],\"inLanguage\":\"fr-FR\"},{\"@type\":\"Organization\",\"@id\":\"https:\\\/\\\/chacrys.com\\\/fr\\\/#organization\",\"name\":\"Chacrys\",\"url\":\"https:\\\/\\\/chacrys.com\\\/fr\\\/\",\"logo\":{\"@type\":\"ImageObject\",\"inLanguage\":\"fr-FR\",\"@id\":\"https:\\\/\\\/chacrys.com\\\/fr\\\/#\\\/schema\\\/logo\\\/image\\\/\",\"url\":\"https:\\\/\\\/chacrys.com\\\/wp-content\\\/uploads\\\/2024\\\/11\\\/cropped-FRANJULIA-6.png\",\"contentUrl\":\"https:\\\/\\\/chacrys.com\\\/wp-content\\\/uploads\\\/2024\\\/11\\\/cropped-FRANJULIA-6.png\",\"width\":512,\"height\":512,\"caption\":\"Chacrys\"},\"image\":{\"@id\":\"https:\\\/\\\/chacrys.com\\\/fr\\\/#\\\/schema\\\/logo\\\/image\\\/\"},\"sameAs\":[\"https:\\\/\\\/www.facebook.com\\\/chacryscrystal\",\"https:\\\/\\\/www.instagram.com\\\/chacrys\\\/\",\"https:\\\/\\\/www.pinterest.com\\\/chacryscrystalbed\\\/\",\"https:\\\/\\\/www.youtube.com\\\/@chacrysofficial9667\"]}]}<\/script>\n<!-- \/ Yoast SEO plugin. -->","yoast_head_json":{"title":"Politique de confidentialit\u00e9 - Chacrys","robots":{"index":"index","follow":"follow","max-snippet":"max-snippet:-1","max-image-preview":"max-image-preview:large","max-video-preview":"max-video-preview:-1"},"canonical":"https:\/\/chacrys.com\/fr\/politique-de-confidentialite\/","og_locale":"fr_FR","og_type":"article","og_title":"Politique de confidentialit\u00e9 - Chacrys","og_description":"Politique de confidentialit\u00e9 Date d&rsquo;entr\u00e9e en vigueur: [26 .11.2024]Derni\u00e8re mise \u00e0 jour: [01 .12.2024] La pr\u00e9sente politique de confidentialit\u00e9 d\u00e9crit","og_url":"https:\/\/chacrys.com\/fr\/politique-de-confidentialite\/","og_site_name":"Chacrys","article_publisher":"https:\/\/www.facebook.com\/chacryscrystal","article_modified_time":"2024-12-02T12:00:19+00:00","twitter_card":"summary_large_image","twitter_misc":{"Dur\u00e9e de lecture estim\u00e9e":"7 minutes"},"schema":{"@context":"https:\/\/schema.org","@graph":[{"@type":"WebPage","@id":"https:\/\/chacrys.com\/fr\/politique-de-confidentialite\/","url":"https:\/\/chacrys.com\/fr\/politique-de-confidentialite\/","name":"Politique de confidentialit\u00e9 - Chacrys","isPartOf":{"@id":"https:\/\/chacrys.com\/fr\/#website"},"datePublished":"2024-11-20T14:11:53+00:00","dateModified":"2024-12-02T12:00:19+00:00","breadcrumb":{"@id":"https:\/\/chacrys.com\/fr\/politique-de-confidentialite\/#breadcrumb"},"inLanguage":"fr-FR","potentialAction":[{"@type":"ReadAction","target":["https:\/\/chacrys.com\/fr\/politique-de-confidentialite\/"]}]},{"@type":"BreadcrumbList","@id":"https:\/\/chacrys.com\/fr\/politique-de-confidentialite\/#breadcrumb","itemListElement":[{"@type":"ListItem","position":1,"name":"Home","item":"https:\/\/chacrys.com\/fr\/"},{"@type":"ListItem","position":2,"name":"Politique de confidentialit\u00e9"}]},{"@type":"WebSite","@id":"https:\/\/chacrys.com\/fr\/#website","url":"https:\/\/chacrys.com\/fr\/","name":"Chacrys","description":"Chacrys","publisher":{"@id":"https:\/\/chacrys.com\/fr\/#organization"},"potentialAction":[{"@type":"SearchAction","target":{"@type":"EntryPoint","urlTemplate":"https:\/\/chacrys.com\/fr\/?s={search_term_string}"},"query-input":{"@type":"PropertyValueSpecification","valueRequired":true,"valueName":"search_term_string"}}],"inLanguage":"fr-FR"},{"@type":"Organization","@id":"https:\/\/chacrys.com\/fr\/#organization","name":"Chacrys","url":"https:\/\/chacrys.com\/fr\/","logo":{"@type":"ImageObject","inLanguage":"fr-FR","@id":"https:\/\/chacrys.com\/fr\/#\/schema\/logo\/image\/","url":"https:\/\/chacrys.com\/wp-content\/uploads\/2024\/11\/cropped-FRANJULIA-6.png","contentUrl":"https:\/\/chacrys.com\/wp-content\/uploads\/2024\/11\/cropped-FRANJULIA-6.png","width":512,"height":512,"caption":"Chacrys"},"image":{"@id":"https:\/\/chacrys.com\/fr\/#\/schema\/logo\/image\/"},"sameAs":["https:\/\/www.facebook.com\/chacryscrystal","https:\/\/www.instagram.com\/chacrys\/","https:\/\/www.pinterest.com\/chacryscrystalbed\/","https:\/\/www.youtube.com\/@chacrysofficial9667"]}]}},"_links":{"self":[{"href":"https:\/\/chacrys.com\/fr\/wp-json\/wp\/v2\/pages\/31634","targetHints":{"allow":["GET"]}}],"collection":[{"href":"https:\/\/chacrys.com\/fr\/wp-json\/wp\/v2\/pages"}],"about":[{"href":"https:\/\/chacrys.com\/fr\/wp-json\/wp\/v2\/types\/page"}],"author":[{"embeddable":true,"href":"https:\/\/chacrys.com\/fr\/wp-json\/wp\/v2\/users\/1"}],"replies":[{"embeddable":true,"href":"https:\/\/chacrys.com\/fr\/wp-json\/wp\/v2\/comments?post=31634"}],"version-history":[{"count":1,"href":"https:\/\/chacrys.com\/fr\/wp-json\/wp\/v2\/pages\/31634\/revisions"}],"predecessor-version":[{"id":31635,"href":"https:\/\/chacrys.com\/fr\/wp-json\/wp\/v2\/pages\/31634\/revisions\/31635"}],"wp:attachment":[{"href":"https:\/\/chacrys.com\/fr\/wp-json\/wp\/v2\/media?parent=31634"}],"curies":[{"name":"wp","href":"https:\/\/api.w.org\/{rel}","templated":true}]}}