{"id":31306,"date":"2024-11-26T08:26:31","date_gmt":"2024-11-26T08:26:31","guid":{"rendered":"https:\/\/chacrys.com\/disclaimer\/"},"modified":"2024-12-02T10:21:28","modified_gmt":"2024-12-02T10:21:28","slug":"disclaimer","status":"publish","type":"page","link":"https:\/\/chacrys.com\/fr\/disclaimer\/","title":{"rendered":"Clause de non-responsabilit\u00e9"},"content":{"rendered":"\n<h1 class=\"wp-block-heading\">Clause de non-responsabilit\u00e9<\/h1>\n\n<p>Les informations fournies sur <strong>chacrys.com<\/strong> et tout mat\u00e9riel associ\u00e9, y compris, mais sans s&rsquo;y limiter, le contenu de la formation, les guides et les ressources d&rsquo;information, sont destin\u00e9s \u00e0 des <strong>fins \u00e9ducatives et informatives uniquement<\/strong>. Les techniques, pratiques et recommandations d\u00e9crites dans ces documents ne sont pas destin\u00e9es \u00e0 diagnostiquer, traiter, gu\u00e9rir ou pr\u00e9venir une maladie ou un \u00e9tat pathologique. <\/p>\n\n<p>Nous encourageons vivement tous les utilisateurs \u00e0 <strong>consulter un professionnel de la sant\u00e9 qualifi\u00e9 ou un m\u00e9decin<\/strong> avant de s&rsquo;engager dans toute pratique ou technique d\u00e9crite dans nos documents. Les exp\u00e9riences individuelles avec nos produits peuvent varier et <strong>aucun r\u00e9sultat sp\u00e9cifique ne peut \u00eatre garanti.<\/strong> <\/p>\n\n<h3 class=\"wp-block-heading\"><strong>Exactitude des informations<\/strong><\/h3>\n\n<p>Bien que tout ait \u00e9t\u00e9 mis en \u0153uvre pour assurer l&rsquo;exactitude et l&rsquo;exhaustivit\u00e9 des informations fournies sur <strong>chacrys.com<\/strong>, nous ne donnons aucune garantie, explicite ou implicite, quant \u00e0 l&rsquo;exactitude, la fiabilit\u00e9 ou l&rsquo;exhaustivit\u00e9 du contenu. Les utilisateurs sont encourag\u00e9s \u00e0 v\u00e9rifier toute information de mani\u00e8re ind\u00e9pendante avant de s&rsquo;y fier. <\/p>\n\n<h3 class=\"wp-block-heading\"><strong>Limitation de la responsabilit\u00e9<\/strong><\/h3>\n\n<p>En acc\u00e9dant et en utilisant le mat\u00e9riel fourni sur <strong>chacrys.com<\/strong>, les utilisateurs acceptent de :<\/p>\n\n<ol class=\"wp-block-list\">\n<li>D\u00e9charger, indemniser et d\u00e9gager de toute responsabilit\u00e9 <strong>chacrys.com<\/strong>, ses propri\u00e9taires, cr\u00e9ateurs et affili\u00e9s de toute r\u00e9clamation, de tout dommage ou de toute responsabilit\u00e9 d\u00e9coulant de l&rsquo;utilisation des informations pr\u00e9sent\u00e9es.<\/li>\n\n\n\n<li>Assumer l&rsquo;enti\u00e8re responsabilit\u00e9 de l&rsquo;utilisation qu&rsquo;ils font des techniques, produits ou recommandations fournis.<\/li>\n<\/ol>\n\n<p><strong>Chacrys.com<\/strong> et ses cr\u00e9ateurs ne peuvent \u00eatre tenus responsables des dommages directs, indirects, accessoires, cons\u00e9cutifs ou sp\u00e9ciaux r\u00e9sultant de l&rsquo;utilisation ou de la mauvaise utilisation du mat\u00e9riel fourni.<\/p>\n\n<h3 class=\"wp-block-heading\"><strong>Droits d&rsquo;auteur et propri\u00e9t\u00e9 intellectuelle<\/strong><\/h3>\n\n<p>Le mat\u00e9riel, y compris les ressources de formation et les guides disponibles sur <strong>chacrys.com<\/strong>, est <strong>prot\u00e9g\u00e9 par la loi sur les droits d&rsquo;auteur<\/strong>. Ils ne peuvent \u00eatre reproduits, distribu\u00e9s ou transmis sous quelque forme ou par quelque moyen que ce soit sans l&rsquo;autorisation \u00e9crite pr\u00e9alable de <strong>Chacrys s.r.o.<\/strong> <\/p>\n\n<h3 class=\"wp-block-heading\"><strong>Reconnaissance et accord<\/strong><\/h3>\n\n<p>En acc\u00e9dant et en utilisant le mat\u00e9riel fourni sur <strong>chacrys.com<\/strong>, les utilisateurs reconnaissent que :<\/p>\n\n<ol class=\"wp-block-list\">\n<li>Ils ont lu, compris et accept\u00e9 de se conformer \u00e0 toutes les conditions \u00e9nonc\u00e9es dans la pr\u00e9sente clause de non-responsabilit\u00e9.<\/li>\n\n\n\n<li>Ils acceptent de se conformer \u00e0 toutes les conditions d&rsquo;utilisation suppl\u00e9mentaires fournies sur <strong>chacrys.com.<\/strong><\/li>\n<\/ol>\n\n<p>La pr\u00e9sente clause de non-responsabilit\u00e9 peut \u00eatre modifi\u00e9e sans pr\u00e9avis. Les utilisateurs sont invit\u00e9s \u00e0 la consulter r\u00e9guli\u00e8rement pour se tenir inform\u00e9s des \u00e9ventuelles mises \u00e0 jour. <\/p>\n\n<p><\/p>\n","protected":false},"excerpt":{"rendered":"<p>Clause de non-responsabilit\u00e9 Les informations fournies sur chacrys.com et tout mat\u00e9riel associ\u00e9, y compris, mais sans s&rsquo;y limiter, le contenu<\/p>\n","protected":false},"author":1,"featured_media":0,"parent":0,"menu_order":0,"comment_status":"closed","ping_status":"closed","template":"","meta":{"footnotes":""},"class_list":["post-31306","page","type-page","status-publish","hentry"],"yoast_head":"<!-- This site is optimized with the Yoast SEO plugin v27.3 - https:\/\/yoast.com\/product\/yoast-seo-wordpress\/ -->\n<title>Clause de non-responsabilit\u00e9 - Chacrys<\/title>\n<meta name=\"robots\" content=\"noindex, follow\" \/>\n<meta property=\"og:locale\" content=\"fr_FR\" \/>\n<meta property=\"og:type\" content=\"article\" \/>\n<meta property=\"og:title\" content=\"Clause de non-responsabilit\u00e9 - Chacrys\" \/>\n<meta property=\"og:description\" content=\"Clause de non-responsabilit\u00e9 Les informations fournies sur chacrys.com et tout mat\u00e9riel associ\u00e9, y compris, mais sans s&rsquo;y limiter, le contenu\" \/>\n<meta property=\"og:url\" content=\"https:\/\/chacrys.com\/fr\/disclaimer\/\" \/>\n<meta property=\"og:site_name\" content=\"Chacrys\" \/>\n<meta property=\"article:publisher\" content=\"https:\/\/www.facebook.com\/chacryscrystal\" \/>\n<meta property=\"article:modified_time\" content=\"2024-12-02T10:21:28+00:00\" \/>\n<meta name=\"twitter:card\" content=\"summary_large_image\" \/>\n<meta name=\"twitter:label1\" content=\"Dur\u00e9e de lecture estim\u00e9e\" \/>\n\t<meta name=\"twitter:data1\" content=\"2 minutes\" \/>\n<script type=\"application\/ld+json\" class=\"yoast-schema-graph\">{\"@context\":\"https:\\\/\\\/schema.org\",\"@graph\":[{\"@type\":\"WebPage\",\"@id\":\"https:\\\/\\\/chacrys.com\\\/fr\\\/disclaimer\\\/\",\"url\":\"https:\\\/\\\/chacrys.com\\\/fr\\\/disclaimer\\\/\",\"name\":\"Clause de non-responsabilit\u00e9 - Chacrys\",\"isPartOf\":{\"@id\":\"https:\\\/\\\/chacrys.com\\\/fr\\\/#website\"},\"datePublished\":\"2024-11-26T08:26:31+00:00\",\"dateModified\":\"2024-12-02T10:21:28+00:00\",\"breadcrumb\":{\"@id\":\"https:\\\/\\\/chacrys.com\\\/fr\\\/disclaimer\\\/#breadcrumb\"},\"inLanguage\":\"fr-FR\",\"potentialAction\":[{\"@type\":\"ReadAction\",\"target\":[\"https:\\\/\\\/chacrys.com\\\/fr\\\/disclaimer\\\/\"]}]},{\"@type\":\"BreadcrumbList\",\"@id\":\"https:\\\/\\\/chacrys.com\\\/fr\\\/disclaimer\\\/#breadcrumb\",\"itemListElement\":[{\"@type\":\"ListItem\",\"position\":1,\"name\":\"Home\",\"item\":\"https:\\\/\\\/chacrys.com\\\/fr\\\/\"},{\"@type\":\"ListItem\",\"position\":2,\"name\":\"Clause de non-responsabilit\u00e9\"}]},{\"@type\":\"WebSite\",\"@id\":\"https:\\\/\\\/chacrys.com\\\/fr\\\/#website\",\"url\":\"https:\\\/\\\/chacrys.com\\\/fr\\\/\",\"name\":\"Chacrys\",\"description\":\"Chacrys\",\"publisher\":{\"@id\":\"https:\\\/\\\/chacrys.com\\\/fr\\\/#organization\"},\"potentialAction\":[{\"@type\":\"SearchAction\",\"target\":{\"@type\":\"EntryPoint\",\"urlTemplate\":\"https:\\\/\\\/chacrys.com\\\/fr\\\/?s={search_term_string}\"},\"query-input\":{\"@type\":\"PropertyValueSpecification\",\"valueRequired\":true,\"valueName\":\"search_term_string\"}}],\"inLanguage\":\"fr-FR\"},{\"@type\":\"Organization\",\"@id\":\"https:\\\/\\\/chacrys.com\\\/fr\\\/#organization\",\"name\":\"Chacrys\",\"url\":\"https:\\\/\\\/chacrys.com\\\/fr\\\/\",\"logo\":{\"@type\":\"ImageObject\",\"inLanguage\":\"fr-FR\",\"@id\":\"https:\\\/\\\/chacrys.com\\\/fr\\\/#\\\/schema\\\/logo\\\/image\\\/\",\"url\":\"https:\\\/\\\/chacrys.com\\\/wp-content\\\/uploads\\\/2024\\\/11\\\/cropped-FRANJULIA-6.png\",\"contentUrl\":\"https:\\\/\\\/chacrys.com\\\/wp-content\\\/uploads\\\/2024\\\/11\\\/cropped-FRANJULIA-6.png\",\"width\":512,\"height\":512,\"caption\":\"Chacrys\"},\"image\":{\"@id\":\"https:\\\/\\\/chacrys.com\\\/fr\\\/#\\\/schema\\\/logo\\\/image\\\/\"},\"sameAs\":[\"https:\\\/\\\/www.facebook.com\\\/chacryscrystal\",\"https:\\\/\\\/www.instagram.com\\\/chacrys\\\/\",\"https:\\\/\\\/www.pinterest.com\\\/chacryscrystalbed\\\/\",\"https:\\\/\\\/www.youtube.com\\\/@chacrysofficial9667\"]}]}<\/script>\n<!-- \/ Yoast SEO plugin. -->","yoast_head_json":{"title":"Clause de non-responsabilit\u00e9 - Chacrys","robots":{"index":"noindex","follow":"follow"},"og_locale":"fr_FR","og_type":"article","og_title":"Clause de non-responsabilit\u00e9 - Chacrys","og_description":"Clause de non-responsabilit\u00e9 Les informations fournies sur chacrys.com et tout mat\u00e9riel associ\u00e9, y compris, mais sans s&rsquo;y limiter, le contenu","og_url":"https:\/\/chacrys.com\/fr\/disclaimer\/","og_site_name":"Chacrys","article_publisher":"https:\/\/www.facebook.com\/chacryscrystal","article_modified_time":"2024-12-02T10:21:28+00:00","twitter_card":"summary_large_image","twitter_misc":{"Dur\u00e9e de lecture estim\u00e9e":"2 minutes"},"schema":{"@context":"https:\/\/schema.org","@graph":[{"@type":"WebPage","@id":"https:\/\/chacrys.com\/fr\/disclaimer\/","url":"https:\/\/chacrys.com\/fr\/disclaimer\/","name":"Clause de non-responsabilit\u00e9 - Chacrys","isPartOf":{"@id":"https:\/\/chacrys.com\/fr\/#website"},"datePublished":"2024-11-26T08:26:31+00:00","dateModified":"2024-12-02T10:21:28+00:00","breadcrumb":{"@id":"https:\/\/chacrys.com\/fr\/disclaimer\/#breadcrumb"},"inLanguage":"fr-FR","potentialAction":[{"@type":"ReadAction","target":["https:\/\/chacrys.com\/fr\/disclaimer\/"]}]},{"@type":"BreadcrumbList","@id":"https:\/\/chacrys.com\/fr\/disclaimer\/#breadcrumb","itemListElement":[{"@type":"ListItem","position":1,"name":"Home","item":"https:\/\/chacrys.com\/fr\/"},{"@type":"ListItem","position":2,"name":"Clause de non-responsabilit\u00e9"}]},{"@type":"WebSite","@id":"https:\/\/chacrys.com\/fr\/#website","url":"https:\/\/chacrys.com\/fr\/","name":"Chacrys","description":"Chacrys","publisher":{"@id":"https:\/\/chacrys.com\/fr\/#organization"},"potentialAction":[{"@type":"SearchAction","target":{"@type":"EntryPoint","urlTemplate":"https:\/\/chacrys.com\/fr\/?s={search_term_string}"},"query-input":{"@type":"PropertyValueSpecification","valueRequired":true,"valueName":"search_term_string"}}],"inLanguage":"fr-FR"},{"@type":"Organization","@id":"https:\/\/chacrys.com\/fr\/#organization","name":"Chacrys","url":"https:\/\/chacrys.com\/fr\/","logo":{"@type":"ImageObject","inLanguage":"fr-FR","@id":"https:\/\/chacrys.com\/fr\/#\/schema\/logo\/image\/","url":"https:\/\/chacrys.com\/wp-content\/uploads\/2024\/11\/cropped-FRANJULIA-6.png","contentUrl":"https:\/\/chacrys.com\/wp-content\/uploads\/2024\/11\/cropped-FRANJULIA-6.png","width":512,"height":512,"caption":"Chacrys"},"image":{"@id":"https:\/\/chacrys.com\/fr\/#\/schema\/logo\/image\/"},"sameAs":["https:\/\/www.facebook.com\/chacryscrystal","https:\/\/www.instagram.com\/chacrys\/","https:\/\/www.pinterest.com\/chacryscrystalbed\/","https:\/\/www.youtube.com\/@chacrysofficial9667"]}]}},"_links":{"self":[{"href":"https:\/\/chacrys.com\/fr\/wp-json\/wp\/v2\/pages\/31306","targetHints":{"allow":["GET"]}}],"collection":[{"href":"https:\/\/chacrys.com\/fr\/wp-json\/wp\/v2\/pages"}],"about":[{"href":"https:\/\/chacrys.com\/fr\/wp-json\/wp\/v2\/types\/page"}],"author":[{"embeddable":true,"href":"https:\/\/chacrys.com\/fr\/wp-json\/wp\/v2\/users\/1"}],"replies":[{"embeddable":true,"href":"https:\/\/chacrys.com\/fr\/wp-json\/wp\/v2\/comments?post=31306"}],"version-history":[{"count":2,"href":"https:\/\/chacrys.com\/fr\/wp-json\/wp\/v2\/pages\/31306\/revisions"}],"predecessor-version":[{"id":31511,"href":"https:\/\/chacrys.com\/fr\/wp-json\/wp\/v2\/pages\/31306\/revisions\/31511"}],"wp:attachment":[{"href":"https:\/\/chacrys.com\/fr\/wp-json\/wp\/v2\/media?parent=31306"}],"curies":[{"name":"wp","href":"https:\/\/api.w.org\/{rel}","templated":true}]}}