{"id":31251,"date":"2024-11-27T14:44:16","date_gmt":"2024-11-27T14:44:16","guid":{"rendered":"https:\/\/chacrys.com\/terms-conditions\/"},"modified":"2024-12-02T10:11:35","modified_gmt":"2024-12-02T10:11:35","slug":"terms-conditions","status":"publish","type":"page","link":"https:\/\/chacrys.com\/fr\/terms-conditions\/","title":{"rendered":"Conditions g\u00e9n\u00e9rales d&rsquo;utilisation"},"content":{"rendered":"\n<h1 class=\"wp-block-heading\">Conditions g\u00e9n\u00e9rales d&rsquo;utilisation<\/h1>\n\n<p><strong>Date d&rsquo;entr\u00e9e en vigueur<\/strong>: [16 .6.2020]<br\/><strong>Derni\u00e8re mise \u00e0 jour<\/strong>:  [01 .12.2024]<\/p>\n\n<p>Veuillez lire attentivement ces conditions avant d&rsquo;utiliser notre service.<\/p>\n\n<hr class=\"wp-block-separator has-alpha-channel-opacity\"\/>\n\n<h2 class=\"wp-block-heading\"><strong>Interpr\u00e9tation et d\u00e9finitions<\/strong><\/h2>\n\n<h3 class=\"wp-block-heading\"><strong>Interpr\u00e9tation<\/strong><\/h3>\n\n<p>Les mots dont la premi\u00e8re lettre est en majuscule ont une signification d\u00e9finie dans les conditions suivantes. Les d\u00e9finitions suivantes ont la m\u00eame signification, qu&rsquo;elles apparaissent au singulier ou au pluriel. <\/p>\n\n<h3 class=\"wp-block-heading\"><strong>D\u00e9finitions<\/strong><\/h3>\n\n<p>Aux fins des pr\u00e9sentes conditions g\u00e9n\u00e9rales :<\/p>\n\n<ul class=\"wp-block-list\">\n<li><strong>Affili\u00e9<\/strong>: une entit\u00e9 qui contr\u00f4le, est contr\u00f4l\u00e9e par ou est sous contr\u00f4le commun avec une partie, le terme \u00ab\u00a0contr\u00f4le\u00a0\u00bb d\u00e9signant la propri\u00e9t\u00e9 de 50 % ou plus des actions, participations ou autres titres donnant droit \u00e0 un vote pour l&rsquo;\u00e9lection des administrateurs ou de toute autre autorit\u00e9 de gestion.<\/li>\n\n\n\n<li><strong>Compte<\/strong> d\u00e9signe un compte unique cr\u00e9\u00e9 pour vous afin d&rsquo;acc\u00e9der \u00e0 notre service ou \u00e0 des parties de notre service.<\/li>\n\n\n\n<li>L&rsquo;<strong>entreprise<\/strong> (d\u00e9sign\u00e9e par les termes \u00ab\u00a0l&rsquo;entreprise\u00a0\u00bb, \u00ab\u00a0nous\u00a0\u00bb, \u00ab\u00a0notre\u00a0\u00bb ou \u00ab\u00a0nos\u00a0\u00bb dans le pr\u00e9sent accord) est <strong>Chacrys s.r.o.<\/strong>, Svatojanska 3060\/14, 94501 Komarno, Slovaquie.<\/li>\n\n\n\n<li>Le <strong>contenu<\/strong> fait r\u00e9f\u00e9rence au texte, aux images ou \u00e0 d&rsquo;autres informations qui peuvent \u00eatre affich\u00e9es, t\u00e9l\u00e9charg\u00e9es, li\u00e9es ou rendues disponibles de toute autre mani\u00e8re par vous.<\/li>\n\n\n\n<li>Le <strong>pays<\/strong> fait r\u00e9f\u00e9rence \u00e0 la Slovaquie.<\/li>\n\n\n\n<li><strong>Appareil<\/strong>: tout appareil pouvant acc\u00e9der au service, tel qu&rsquo;un ordinateur, un t\u00e9l\u00e9phone portable ou une tablette.<\/li>\n\n\n\n<li>On entend par \u00ab\u00a0retour d&rsquo;<strong>information<\/strong> \u00a0\u00bb le retour d&rsquo;information, les suggestions ou les id\u00e9es que vous soumettez concernant les attributs, les performances ou les caract\u00e9ristiques de notre service.<\/li>\n\n\n\n<li>Les <strong>produits<\/strong> d\u00e9signent les biens propos\u00e9s \u00e0 la vente sur le service.<\/li>\n\n\n\n<li><strong>Par commande<\/strong>, on entend une demande de votre part d&rsquo;acheter des produits aupr\u00e8s de nous.<\/li>\n\n\n\n<li>Les <strong>promotions<\/strong> d\u00e9signent les concours, les tirages au sort ou d&rsquo;autres promotions propos\u00e9es par le biais du service.<\/li>\n\n\n\n<li>Le <strong>service<\/strong> fait r\u00e9f\u00e9rence au site web.<\/li>\n\n\n\n<li><strong>Conditions<\/strong> g\u00e9n\u00e9rales (\u00e9galement appel\u00e9es \u00ab\u00a0conditions\u00a0\u00bb) : les pr\u00e9sentes conditions g\u00e9n\u00e9rales qui constituent l&rsquo;int\u00e9gralit\u00e9 de l&rsquo;accord entre vous et la soci\u00e9t\u00e9 concernant l&rsquo;utilisation du service.<\/li>\n\n\n\n<li>Le <strong>site Internet<\/strong> fait r\u00e9f\u00e9rence \u00e0 <strong>Chacrys<\/strong>, accessible \u00e0 partir de <a href=\"http:\/\/www.chacrys.com\/\">www.chacrys.com<\/a>.<\/li>\n\n\n\n<li><strong>Vous \u00eates<\/strong> la personne physique qui acc\u00e8de au service ou qui l&rsquo;utilise, ou la soci\u00e9t\u00e9 ou l&rsquo;entit\u00e9 juridique au nom de laquelle cette personne acc\u00e8de au service ou l&rsquo;utilise, selon le cas.<\/li>\n<\/ul>\n\n<hr class=\"wp-block-separator has-alpha-channel-opacity\"\/>\n\n<h2 class=\"wp-block-heading\"><strong>Remerciements<\/strong><\/h2>\n\n<p>Les pr\u00e9sentes conditions g\u00e9n\u00e9rales r\u00e9gissent l&rsquo;utilisation de ce service et constituent l&rsquo;accord entre vous et la soci\u00e9t\u00e9. Ces conditions d\u00e9finissent les droits et obligations de tous les utilisateurs en ce qui concerne l&rsquo;utilisation du service. <\/p>\n\n<p>Votre acc\u00e8s au service et son utilisation sont subordonn\u00e9s \u00e0 votre acceptation et au respect des pr\u00e9sentes conditions. Ces conditions s&rsquo;appliquent \u00e0 tous les visiteurs, utilisateurs et autres personnes qui acc\u00e8dent au service ou l&rsquo;utilisent. <\/p>\n\n<p>En acc\u00e9dant au service ou en l&rsquo;utilisant, vous acceptez d&rsquo;\u00eatre li\u00e9 par les pr\u00e9sentes conditions. Si vous n&rsquo;\u00eates pas d&rsquo;accord avec une partie de ces conditions, vous ne pouvez pas acc\u00e9der au service. <\/p>\n\n<p>Vous d\u00e9clarez \u00eatre \u00e2g\u00e9 d&rsquo;au moins 18 ans. La soci\u00e9t\u00e9 n&rsquo;autorise pas les personnes de moins de 18 ans \u00e0 utiliser le service. <\/p>\n\n<hr class=\"wp-block-separator has-alpha-channel-opacity\"\/>\n\n<h2 class=\"wp-block-heading\"><strong>Comptes d&rsquo;utilisateurs<\/strong><\/h2>\n\n<ul class=\"wp-block-list\">\n<li>Lorsque vous cr\u00e9ez un compte chez nous, vous devez fournir des informations exactes, compl\u00e8tes et \u00e0 jour \u00e0 tout moment. Le non-respect de cette obligation constitue une violation des Conditions, qui peut entra\u00eener la r\u00e9siliation imm\u00e9diate de votre compte. <\/li>\n\n\n\n<li>Vous \u00eates responsable de la protection du mot de passe que vous utilisez pour acc\u00e9der au service et de toutes les activit\u00e9s effectu\u00e9es avec votre mot de passe.<\/li>\n\n\n\n<li>Vous acceptez de ne pas divulguer votre mot de passe \u00e0 un tiers. Si vous avez connaissance d&rsquo;un acc\u00e8s non autoris\u00e9, vous devez nous en informer imm\u00e9diatement. <\/li>\n<\/ul>\n\n<hr class=\"wp-block-separator has-alpha-channel-opacity\"\/>\n\n<h2 class=\"wp-block-heading\"><strong>Passer des commandes de produits<\/strong><\/h2>\n\n<p>En passant une commande de produits par l&rsquo;interm\u00e9diaire du service, vous garantissez ce qui suit :<\/p>\n\n<ol class=\"wp-block-list\">\n<li>Vous avez la capacit\u00e9 juridique de conclure des contrats contraignants.<\/li>\n\n\n\n<li>Les informations que vous fournissez sont exactes et compl\u00e8tes.<\/li>\n<\/ol>\n\n<hr class=\"wp-block-separator has-alpha-channel-opacity\"\/>\n\n<h2 class=\"wp-block-heading\"><strong>Promotions<\/strong><\/h2>\n\n<p>Les promotions propos\u00e9es par l&rsquo;interm\u00e9diaire du Service peuvent \u00eatre soumises \u00e0 des r\u00e8gles suppl\u00e9mentaires. Si vous participez \u00e0 une promotion, veuillez consulter les r\u00e8gles applicables ainsi que notre politique de confidentialit\u00e9. Si les r\u00e8gles d&rsquo;une promotion sont en contradiction avec les pr\u00e9sentes conditions, ce sont les r\u00e8gles de la promotion qui s&rsquo;appliqueront.  <\/p>\n\n<hr class=\"wp-block-separator has-alpha-channel-opacity\"\/>\n\n<h2 class=\"wp-block-heading\"><strong>Retour d&rsquo;information<\/strong><\/h2>\n\n<p>En soumettant un retour d&rsquo;information, vous nous c\u00e9dez tous les droits, titres et int\u00e9r\u00eats relatifs \u00e0 ce retour d&rsquo;information. Si, pour quelque raison que ce soit, cette cession est sans effet, vous acceptez de nous accorder une licence non exclusive, perp\u00e9tuelle, irr\u00e9vocable, libre de redevances et mondiale pour utiliser, reproduire, divulguer et distribuer ce retour d&rsquo;information sans restriction ni compensation. <\/p>\n\n<hr class=\"wp-block-separator has-alpha-channel-opacity\"\/>\n\n<h2 class=\"wp-block-heading\"><strong>Propri\u00e9t\u00e9 intellectuelle<\/strong><\/h2>\n\n<p>Le Service et son contenu original, ses caract\u00e9ristiques et ses fonctionnalit\u00e9s sont et resteront la propri\u00e9t\u00e9 exclusive de la Soci\u00e9t\u00e9. Vous ne pouvez pas utiliser notre propri\u00e9t\u00e9 intellectuelle sans notre accord \u00e9crit pr\u00e9alable. <\/p>\n\n<hr class=\"wp-block-separator has-alpha-channel-opacity\"\/>\n\n<h2 class=\"wp-block-heading\"><strong>Limitation de la responsabilit\u00e9<\/strong><\/h2>\n\n<p>Dans toute la mesure permise par la loi applicable, la Soci\u00e9t\u00e9 ne sera pas responsable des dommages indirects, accessoires ou cons\u00e9cutifs r\u00e9sultant de votre utilisation du Service.<\/p>\n\n<hr class=\"wp-block-separator has-alpha-channel-opacity\"\/>\n\n<h2 class=\"wp-block-heading\"><strong>Cessation d&rsquo;activit\u00e9<\/strong><\/h2>\n\n<p>Nous pouvons r\u00e9silier ou suspendre votre compte ou votre acc\u00e8s au service imm\u00e9diatement, sans pr\u00e9avis ni responsabilit\u00e9, pour quelque raison que ce soit, y compris en cas de violation des pr\u00e9sentes conditions.<\/p>\n\n<hr class=\"wp-block-separator has-alpha-channel-opacity\"\/>\n\n<h2 class=\"wp-block-heading\"><strong>Modifications des pr\u00e9sentes conditions<\/strong><\/h2>\n\n<p>Nous nous r\u00e9servons le droit de modifier ou de remplacer les pr\u00e9sentes conditions \u00e0 notre seule discr\u00e9tion. Si une r\u00e9vision est importante, nous vous en informerons au moins 30 jours \u00e0 l&rsquo;avance avant que les nouvelles conditions n&rsquo;entrent en vigueur. En continuant \u00e0 utiliser le service apr\u00e8s les mises \u00e0 jour, vous acceptez les conditions r\u00e9vis\u00e9es.  <\/p>\n\n<hr class=\"wp-block-separator has-alpha-channel-opacity\"\/>\n\n<h2 class=\"wp-block-heading\"><strong>Contactez nous<\/strong><\/h2>\n\n<p>Si vous avez des questions concernant les pr\u00e9sentes conditions g\u00e9n\u00e9rales, vous pouvez nous contacter :<\/p>\n\n<ul class=\"wp-block-list\">\n<li>Par courrier \u00e9lectronique : <a href=\"mailto:hello@chacrys.com\">hello@chacrys.com<\/a><\/li>\n<\/ul>\n\n<p><\/p>\n","protected":false},"excerpt":{"rendered":"<p>Conditions g\u00e9n\u00e9rales d&rsquo;utilisation Date d&rsquo;entr\u00e9e en vigueur: [16 .6.2020]Derni\u00e8re mise \u00e0 jour: [01 .12.2024] Veuillez lire attentivement ces conditions avant<\/p>\n","protected":false},"author":1,"featured_media":0,"parent":0,"menu_order":0,"comment_status":"closed","ping_status":"closed","template":"","meta":{"footnotes":""},"class_list":["post-31251","page","type-page","status-publish","hentry"],"yoast_head":"<!-- This site is optimized with the Yoast SEO plugin v27.3 - https:\/\/yoast.com\/product\/yoast-seo-wordpress\/ -->\n<title>Conditions g\u00e9n\u00e9rales d&#039;utilisation - Chacrys<\/title>\n<meta name=\"robots\" content=\"noindex, follow\" \/>\n<meta property=\"og:locale\" content=\"fr_FR\" \/>\n<meta property=\"og:type\" content=\"article\" \/>\n<meta property=\"og:title\" content=\"Conditions g\u00e9n\u00e9rales d&#039;utilisation - Chacrys\" \/>\n<meta property=\"og:description\" content=\"Conditions g\u00e9n\u00e9rales d&rsquo;utilisation Date d&rsquo;entr\u00e9e en vigueur: [16 .6.2020]Derni\u00e8re mise \u00e0 jour: [01 .12.2024] Veuillez lire attentivement ces conditions avant\" \/>\n<meta property=\"og:url\" content=\"https:\/\/chacrys.com\/fr\/terms-conditions\/\" \/>\n<meta property=\"og:site_name\" content=\"Chacrys\" \/>\n<meta property=\"article:publisher\" content=\"https:\/\/www.facebook.com\/chacryscrystal\" \/>\n<meta property=\"article:modified_time\" content=\"2024-12-02T10:11:35+00:00\" \/>\n<meta name=\"twitter:card\" content=\"summary_large_image\" \/>\n<meta name=\"twitter:label1\" content=\"Dur\u00e9e de lecture estim\u00e9e\" \/>\n\t<meta name=\"twitter:data1\" content=\"5 minutes\" \/>\n<script type=\"application\/ld+json\" class=\"yoast-schema-graph\">{\"@context\":\"https:\\\/\\\/schema.org\",\"@graph\":[{\"@type\":\"WebPage\",\"@id\":\"https:\\\/\\\/chacrys.com\\\/fr\\\/terms-conditions\\\/\",\"url\":\"https:\\\/\\\/chacrys.com\\\/fr\\\/terms-conditions\\\/\",\"name\":\"Conditions g\u00e9n\u00e9rales d'utilisation - Chacrys\",\"isPartOf\":{\"@id\":\"https:\\\/\\\/chacrys.com\\\/fr\\\/#website\"},\"datePublished\":\"2024-11-27T14:44:16+00:00\",\"dateModified\":\"2024-12-02T10:11:35+00:00\",\"breadcrumb\":{\"@id\":\"https:\\\/\\\/chacrys.com\\\/fr\\\/terms-conditions\\\/#breadcrumb\"},\"inLanguage\":\"fr-FR\",\"potentialAction\":[{\"@type\":\"ReadAction\",\"target\":[\"https:\\\/\\\/chacrys.com\\\/fr\\\/terms-conditions\\\/\"]}]},{\"@type\":\"BreadcrumbList\",\"@id\":\"https:\\\/\\\/chacrys.com\\\/fr\\\/terms-conditions\\\/#breadcrumb\",\"itemListElement\":[{\"@type\":\"ListItem\",\"position\":1,\"name\":\"Home\",\"item\":\"https:\\\/\\\/chacrys.com\\\/fr\\\/\"},{\"@type\":\"ListItem\",\"position\":2,\"name\":\"Conditions g\u00e9n\u00e9rales d&rsquo;utilisation\"}]},{\"@type\":\"WebSite\",\"@id\":\"https:\\\/\\\/chacrys.com\\\/fr\\\/#website\",\"url\":\"https:\\\/\\\/chacrys.com\\\/fr\\\/\",\"name\":\"Chacrys\",\"description\":\"Chacrys\",\"publisher\":{\"@id\":\"https:\\\/\\\/chacrys.com\\\/fr\\\/#organization\"},\"potentialAction\":[{\"@type\":\"SearchAction\",\"target\":{\"@type\":\"EntryPoint\",\"urlTemplate\":\"https:\\\/\\\/chacrys.com\\\/fr\\\/?s={search_term_string}\"},\"query-input\":{\"@type\":\"PropertyValueSpecification\",\"valueRequired\":true,\"valueName\":\"search_term_string\"}}],\"inLanguage\":\"fr-FR\"},{\"@type\":\"Organization\",\"@id\":\"https:\\\/\\\/chacrys.com\\\/fr\\\/#organization\",\"name\":\"Chacrys\",\"url\":\"https:\\\/\\\/chacrys.com\\\/fr\\\/\",\"logo\":{\"@type\":\"ImageObject\",\"inLanguage\":\"fr-FR\",\"@id\":\"https:\\\/\\\/chacrys.com\\\/fr\\\/#\\\/schema\\\/logo\\\/image\\\/\",\"url\":\"https:\\\/\\\/chacrys.com\\\/wp-content\\\/uploads\\\/2024\\\/11\\\/cropped-FRANJULIA-6.png\",\"contentUrl\":\"https:\\\/\\\/chacrys.com\\\/wp-content\\\/uploads\\\/2024\\\/11\\\/cropped-FRANJULIA-6.png\",\"width\":512,\"height\":512,\"caption\":\"Chacrys\"},\"image\":{\"@id\":\"https:\\\/\\\/chacrys.com\\\/fr\\\/#\\\/schema\\\/logo\\\/image\\\/\"},\"sameAs\":[\"https:\\\/\\\/www.facebook.com\\\/chacryscrystal\",\"https:\\\/\\\/www.instagram.com\\\/chacrys\\\/\",\"https:\\\/\\\/www.pinterest.com\\\/chacryscrystalbed\\\/\",\"https:\\\/\\\/www.youtube.com\\\/@chacrysofficial9667\"]}]}<\/script>\n<!-- \/ Yoast SEO plugin. -->","yoast_head_json":{"title":"Conditions g\u00e9n\u00e9rales d'utilisation - Chacrys","robots":{"index":"noindex","follow":"follow"},"og_locale":"fr_FR","og_type":"article","og_title":"Conditions g\u00e9n\u00e9rales d'utilisation - Chacrys","og_description":"Conditions g\u00e9n\u00e9rales d&rsquo;utilisation Date d&rsquo;entr\u00e9e en vigueur: [16 .6.2020]Derni\u00e8re mise \u00e0 jour: [01 .12.2024] Veuillez lire attentivement ces conditions avant","og_url":"https:\/\/chacrys.com\/fr\/terms-conditions\/","og_site_name":"Chacrys","article_publisher":"https:\/\/www.facebook.com\/chacryscrystal","article_modified_time":"2024-12-02T10:11:35+00:00","twitter_card":"summary_large_image","twitter_misc":{"Dur\u00e9e de lecture estim\u00e9e":"5 minutes"},"schema":{"@context":"https:\/\/schema.org","@graph":[{"@type":"WebPage","@id":"https:\/\/chacrys.com\/fr\/terms-conditions\/","url":"https:\/\/chacrys.com\/fr\/terms-conditions\/","name":"Conditions g\u00e9n\u00e9rales d'utilisation - Chacrys","isPartOf":{"@id":"https:\/\/chacrys.com\/fr\/#website"},"datePublished":"2024-11-27T14:44:16+00:00","dateModified":"2024-12-02T10:11:35+00:00","breadcrumb":{"@id":"https:\/\/chacrys.com\/fr\/terms-conditions\/#breadcrumb"},"inLanguage":"fr-FR","potentialAction":[{"@type":"ReadAction","target":["https:\/\/chacrys.com\/fr\/terms-conditions\/"]}]},{"@type":"BreadcrumbList","@id":"https:\/\/chacrys.com\/fr\/terms-conditions\/#breadcrumb","itemListElement":[{"@type":"ListItem","position":1,"name":"Home","item":"https:\/\/chacrys.com\/fr\/"},{"@type":"ListItem","position":2,"name":"Conditions g\u00e9n\u00e9rales d&rsquo;utilisation"}]},{"@type":"WebSite","@id":"https:\/\/chacrys.com\/fr\/#website","url":"https:\/\/chacrys.com\/fr\/","name":"Chacrys","description":"Chacrys","publisher":{"@id":"https:\/\/chacrys.com\/fr\/#organization"},"potentialAction":[{"@type":"SearchAction","target":{"@type":"EntryPoint","urlTemplate":"https:\/\/chacrys.com\/fr\/?s={search_term_string}"},"query-input":{"@type":"PropertyValueSpecification","valueRequired":true,"valueName":"search_term_string"}}],"inLanguage":"fr-FR"},{"@type":"Organization","@id":"https:\/\/chacrys.com\/fr\/#organization","name":"Chacrys","url":"https:\/\/chacrys.com\/fr\/","logo":{"@type":"ImageObject","inLanguage":"fr-FR","@id":"https:\/\/chacrys.com\/fr\/#\/schema\/logo\/image\/","url":"https:\/\/chacrys.com\/wp-content\/uploads\/2024\/11\/cropped-FRANJULIA-6.png","contentUrl":"https:\/\/chacrys.com\/wp-content\/uploads\/2024\/11\/cropped-FRANJULIA-6.png","width":512,"height":512,"caption":"Chacrys"},"image":{"@id":"https:\/\/chacrys.com\/fr\/#\/schema\/logo\/image\/"},"sameAs":["https:\/\/www.facebook.com\/chacryscrystal","https:\/\/www.instagram.com\/chacrys\/","https:\/\/www.pinterest.com\/chacryscrystalbed\/","https:\/\/www.youtube.com\/@chacrysofficial9667"]}]}},"_links":{"self":[{"href":"https:\/\/chacrys.com\/fr\/wp-json\/wp\/v2\/pages\/31251","targetHints":{"allow":["GET"]}}],"collection":[{"href":"https:\/\/chacrys.com\/fr\/wp-json\/wp\/v2\/pages"}],"about":[{"href":"https:\/\/chacrys.com\/fr\/wp-json\/wp\/v2\/types\/page"}],"author":[{"embeddable":true,"href":"https:\/\/chacrys.com\/fr\/wp-json\/wp\/v2\/users\/1"}],"replies":[{"embeddable":true,"href":"https:\/\/chacrys.com\/fr\/wp-json\/wp\/v2\/comments?post=31251"}],"version-history":[{"count":2,"href":"https:\/\/chacrys.com\/fr\/wp-json\/wp\/v2\/pages\/31251\/revisions"}],"predecessor-version":[{"id":31394,"href":"https:\/\/chacrys.com\/fr\/wp-json\/wp\/v2\/pages\/31251\/revisions\/31394"}],"wp:attachment":[{"href":"https:\/\/chacrys.com\/fr\/wp-json\/wp\/v2\/media?parent=31251"}],"curies":[{"name":"wp","href":"https:\/\/api.w.org\/{rel}","templated":true}]}}