{"id":32354,"date":"2025-01-29T10:04:47","date_gmt":"2025-01-29T10:04:47","guid":{"rendered":"https:\/\/chacrys.com\/product\/cristal-de-amatista-vogel\/"},"modified":"2025-05-12T13:04:29","modified_gmt":"2025-05-12T13:04:29","slug":"cristal-de-amatista-vogel","status":"publish","type":"product","link":"https:\/\/chacrys.com\/es\/producto\/cristal-de-amatista-vogel\/","title":{"rendered":"Cristal de amatista Vogel"},"content":{"rendered":"","protected":false},"excerpt":{"rendered":"<p><strong>El Cristal de Amatista Vogel<\/strong> no s\u00f3lo es una impresionante pieza de belleza natural, sino tambi\u00e9n una poderosa herramienta energ\u00e9tica para la curaci\u00f3n, el crecimiento espiritual y el trabajo energ\u00e9tico.<\/p>\n","protected":false},"featured_media":32069,"comment_status":"open","ping_status":"closed","template":"","meta":[],"product_brand":[],"product_cat":[227],"product_tag":[],"class_list":{"0":"post-32354","1":"product","2":"type-product","3":"status-publish","4":"has-post-thumbnail","6":"product_cat-sin-categoria","8":"first","9":"instock","10":"shipping-taxable","11":"purchasable","12":"product-type-simple"},"yoast_head":"<!-- This site is optimized with the Yoast SEO plugin v27.3 - https:\/\/yoast.com\/product\/yoast-seo-wordpress\/ -->\n<title>Cristal Amatista Vogel, Aut\u00e9ntico Cristal Amatista Vogel de 12 Caras en Venta | Chacrys<\/title>\n<meta name=\"description\" content=\"\u00a1Compra Cristal Vogel Amatista de 12 caras de Chacrys! Util\u00edzalo en sesiones de sanaci\u00f3n energ\u00e9tica, en las que el extremo puntiagudo puede dirigir la energ\u00eda hacia zonas espec\u00edficas del cuerpo o del aura que necesiten sanaci\u00f3n.\" \/>\n<meta name=\"robots\" content=\"index, follow, max-snippet:-1, max-image-preview:large, max-video-preview:-1\" \/>\n<link rel=\"canonical\" href=\"https:\/\/chacrys.com\/es\/producto\/cristal-de-amatista-vogel\/\" \/>\n<meta property=\"og:locale\" content=\"es_ES\" \/>\n<meta property=\"og:type\" content=\"article\" \/>\n<meta property=\"og:title\" content=\"Cristal Amatista Vogel, Aut\u00e9ntico Cristal Amatista Vogel de 12 Caras en Venta | Chacrys\" \/>\n<meta property=\"og:description\" content=\"\u00a1Compra Cristal Vogel Amatista de 12 caras de Chacrys! Util\u00edzalo en sesiones de sanaci\u00f3n energ\u00e9tica, en las que el extremo puntiagudo puede dirigir la energ\u00eda hacia zonas espec\u00edficas del cuerpo o del aura que necesiten sanaci\u00f3n.\" \/>\n<meta property=\"og:url\" content=\"https:\/\/chacrys.com\/es\/producto\/cristal-de-amatista-vogel\/\" \/>\n<meta property=\"og:site_name\" content=\"Chacrys\" \/>\n<meta property=\"article:publisher\" content=\"https:\/\/www.facebook.com\/chacryscrystal\" \/>\n<meta property=\"article:modified_time\" content=\"2025-05-12T13:04:29+00:00\" \/>\n<meta property=\"og:image\" content=\"https:\/\/chacrys.com\/wp-content\/uploads\/2025\/01\/web1.png\" \/>\n\t<meta property=\"og:image:width\" content=\"768\" \/>\n\t<meta property=\"og:image:height\" content=\"768\" \/>\n\t<meta property=\"og:image:type\" content=\"image\/png\" \/>\n<meta name=\"twitter:card\" content=\"summary_large_image\" \/>\n<meta name=\"twitter:label1\" content=\"Precio\" \/>\n\t<meta name=\"twitter:data1\" content=\"129,00&nbsp;&euro;\" \/>\n\t<meta name=\"twitter:label2\" content=\"Disponibilidad\" \/>\n\t<meta name=\"twitter:data2\" content=\"Disponible\" \/>\n<script type=\"application\/ld+json\" class=\"yoast-schema-graph\">{\"@context\":\"https:\\\/\\\/schema.org\",\"@graph\":[{\"@type\":\"WebPage\",\"@id\":\"https:\\\/\\\/chacrys.com\\\/es\\\/producto\\\/cristal-de-amatista-vogel\\\/\",\"url\":\"https:\\\/\\\/chacrys.com\\\/es\\\/producto\\\/cristal-de-amatista-vogel\\\/\",\"name\":\"Cristal Amatista Vogel, Aut\u00e9ntico Cristal Amatista Vogel de 12 Caras en Venta | Chacrys\",\"isPartOf\":{\"@id\":\"https:\\\/\\\/chacrys.com\\\/es\\\/#website\"},\"primaryImageOfPage\":{\"@id\":\"https:\\\/\\\/chacrys.com\\\/es\\\/producto\\\/cristal-de-amatista-vogel\\\/#primaryimage\"},\"image\":{\"@id\":\"https:\\\/\\\/chacrys.com\\\/es\\\/producto\\\/cristal-de-amatista-vogel\\\/#primaryimage\"},\"thumbnailUrl\":\"https:\\\/\\\/chacrys.com\\\/wp-content\\\/uploads\\\/2025\\\/01\\\/web1.png\",\"datePublished\":\"2025-01-29T10:04:47+00:00\",\"dateModified\":\"2025-05-12T13:04:29+00:00\",\"description\":\"\u00a1Compra Cristal Vogel Amatista de 12 caras de Chacrys! Util\u00edzalo en sesiones de sanaci\u00f3n energ\u00e9tica, en las que el extremo puntiagudo puede dirigir la energ\u00eda hacia zonas espec\u00edficas del cuerpo o del aura que necesiten sanaci\u00f3n.\",\"breadcrumb\":{\"@id\":\"https:\\\/\\\/chacrys.com\\\/es\\\/producto\\\/cristal-de-amatista-vogel\\\/#breadcrumb\"},\"inLanguage\":\"es\",\"potentialAction\":[{\"@type\":\"ReadAction\",\"target\":[\"https:\\\/\\\/chacrys.com\\\/es\\\/producto\\\/cristal-de-amatista-vogel\\\/\"]}]},{\"@type\":\"ImageObject\",\"inLanguage\":\"es\",\"@id\":\"https:\\\/\\\/chacrys.com\\\/es\\\/producto\\\/cristal-de-amatista-vogel\\\/#primaryimage\",\"url\":\"https:\\\/\\\/chacrys.com\\\/wp-content\\\/uploads\\\/2025\\\/01\\\/web1.png\",\"contentUrl\":\"https:\\\/\\\/chacrys.com\\\/wp-content\\\/uploads\\\/2025\\\/01\\\/web1.png\",\"width\":768,\"height\":768,\"caption\":\"cristal de amatista vogel\"},{\"@type\":\"BreadcrumbList\",\"@id\":\"https:\\\/\\\/chacrys.com\\\/es\\\/producto\\\/cristal-de-amatista-vogel\\\/#breadcrumb\",\"itemListElement\":[{\"@type\":\"ListItem\",\"position\":1,\"name\":\"Home\",\"item\":\"https:\\\/\\\/chacrys.com\\\/es\\\/\"},{\"@type\":\"ListItem\",\"position\":2,\"name\":\"La tienda de sanaci\u00f3n con cristales\",\"item\":\"https:\\\/\\\/chacrys.com\\\/es\\\/tienda\\\/\"},{\"@type\":\"ListItem\",\"position\":3,\"name\":\"Cristal de amatista Vogel\"}]},{\"@type\":\"WebSite\",\"@id\":\"https:\\\/\\\/chacrys.com\\\/es\\\/#website\",\"url\":\"https:\\\/\\\/chacrys.com\\\/es\\\/\",\"name\":\"Chacrys\",\"description\":\"Chacrys\",\"publisher\":{\"@id\":\"https:\\\/\\\/chacrys.com\\\/es\\\/#organization\"},\"potentialAction\":[{\"@type\":\"SearchAction\",\"target\":{\"@type\":\"EntryPoint\",\"urlTemplate\":\"https:\\\/\\\/chacrys.com\\\/es\\\/?s={search_term_string}\"},\"query-input\":{\"@type\":\"PropertyValueSpecification\",\"valueRequired\":true,\"valueName\":\"search_term_string\"}}],\"inLanguage\":\"es\"},{\"@type\":\"Organization\",\"@id\":\"https:\\\/\\\/chacrys.com\\\/es\\\/#organization\",\"name\":\"Chacrys\",\"url\":\"https:\\\/\\\/chacrys.com\\\/es\\\/\",\"logo\":{\"@type\":\"ImageObject\",\"inLanguage\":\"es\",\"@id\":\"https:\\\/\\\/chacrys.com\\\/es\\\/#\\\/schema\\\/logo\\\/image\\\/\",\"url\":\"https:\\\/\\\/chacrys.com\\\/wp-content\\\/uploads\\\/2024\\\/11\\\/cropped-FRANJULIA-6.png\",\"contentUrl\":\"https:\\\/\\\/chacrys.com\\\/wp-content\\\/uploads\\\/2024\\\/11\\\/cropped-FRANJULIA-6.png\",\"width\":512,\"height\":512,\"caption\":\"Chacrys\"},\"image\":{\"@id\":\"https:\\\/\\\/chacrys.com\\\/es\\\/#\\\/schema\\\/logo\\\/image\\\/\"},\"sameAs\":[\"https:\\\/\\\/www.facebook.com\\\/chacryscrystal\",\"https:\\\/\\\/www.instagram.com\\\/chacrys\\\/\",\"https:\\\/\\\/www.pinterest.com\\\/chacryscrystalbed\\\/\",\"https:\\\/\\\/www.youtube.com\\\/@chacrysofficial9667\"]}]}<\/script>\n<meta property=\"product:price:amount\" content=\"129.00\" \/>\n<meta property=\"product:price:currency\" content=\"EUR\" \/>\n<meta property=\"og:availability\" content=\"instock\" \/>\n<meta property=\"product:availability\" content=\"instock\" \/>\n<meta property=\"product:condition\" content=\"new\" \/>\n<!-- \/ Yoast SEO plugin. -->","yoast_head_json":{"title":"Cristal Amatista Vogel, Aut\u00e9ntico Cristal Amatista Vogel de 12 Caras en Venta | Chacrys","description":"\u00a1Compra Cristal Vogel Amatista de 12 caras de Chacrys! Util\u00edzalo en sesiones de sanaci\u00f3n energ\u00e9tica, en las que el extremo puntiagudo puede dirigir la energ\u00eda hacia zonas espec\u00edficas del cuerpo o del aura que necesiten sanaci\u00f3n.","robots":{"index":"index","follow":"follow","max-snippet":"max-snippet:-1","max-image-preview":"max-image-preview:large","max-video-preview":"max-video-preview:-1"},"canonical":"https:\/\/chacrys.com\/es\/producto\/cristal-de-amatista-vogel\/","og_locale":"es_ES","og_type":"article","og_title":"Cristal Amatista Vogel, Aut\u00e9ntico Cristal Amatista Vogel de 12 Caras en Venta | Chacrys","og_description":"\u00a1Compra Cristal Vogel Amatista de 12 caras de Chacrys! Util\u00edzalo en sesiones de sanaci\u00f3n energ\u00e9tica, en las que el extremo puntiagudo puede dirigir la energ\u00eda hacia zonas espec\u00edficas del cuerpo o del aura que necesiten sanaci\u00f3n.","og_url":"https:\/\/chacrys.com\/es\/producto\/cristal-de-amatista-vogel\/","og_site_name":"Chacrys","article_publisher":"https:\/\/www.facebook.com\/chacryscrystal","article_modified_time":"2025-05-12T13:04:29+00:00","og_image":[{"width":768,"height":768,"url":"https:\/\/chacrys.com\/wp-content\/uploads\/2025\/01\/web1.png","type":"image\/png"}],"twitter_card":"summary_large_image","twitter_misc":{"Precio":"129,00&nbsp;&euro;","Disponibilidad":"Disponible"},"schema":{"@context":"https:\/\/schema.org","@graph":[{"@type":"WebPage","@id":"https:\/\/chacrys.com\/es\/producto\/cristal-de-amatista-vogel\/","url":"https:\/\/chacrys.com\/es\/producto\/cristal-de-amatista-vogel\/","name":"Cristal Amatista Vogel, Aut\u00e9ntico Cristal Amatista Vogel de 12 Caras en Venta | Chacrys","isPartOf":{"@id":"https:\/\/chacrys.com\/es\/#website"},"primaryImageOfPage":{"@id":"https:\/\/chacrys.com\/es\/producto\/cristal-de-amatista-vogel\/#primaryimage"},"image":{"@id":"https:\/\/chacrys.com\/es\/producto\/cristal-de-amatista-vogel\/#primaryimage"},"thumbnailUrl":"https:\/\/chacrys.com\/wp-content\/uploads\/2025\/01\/web1.png","datePublished":"2025-01-29T10:04:47+00:00","dateModified":"2025-05-12T13:04:29+00:00","description":"\u00a1Compra Cristal Vogel Amatista de 12 caras de Chacrys! Util\u00edzalo en sesiones de sanaci\u00f3n energ\u00e9tica, en las que el extremo puntiagudo puede dirigir la energ\u00eda hacia zonas espec\u00edficas del cuerpo o del aura que necesiten sanaci\u00f3n.","breadcrumb":{"@id":"https:\/\/chacrys.com\/es\/producto\/cristal-de-amatista-vogel\/#breadcrumb"},"inLanguage":"es","potentialAction":[{"@type":"ReadAction","target":["https:\/\/chacrys.com\/es\/producto\/cristal-de-amatista-vogel\/"]}]},{"@type":"ImageObject","inLanguage":"es","@id":"https:\/\/chacrys.com\/es\/producto\/cristal-de-amatista-vogel\/#primaryimage","url":"https:\/\/chacrys.com\/wp-content\/uploads\/2025\/01\/web1.png","contentUrl":"https:\/\/chacrys.com\/wp-content\/uploads\/2025\/01\/web1.png","width":768,"height":768,"caption":"cristal de amatista vogel"},{"@type":"BreadcrumbList","@id":"https:\/\/chacrys.com\/es\/producto\/cristal-de-amatista-vogel\/#breadcrumb","itemListElement":[{"@type":"ListItem","position":1,"name":"Home","item":"https:\/\/chacrys.com\/es\/"},{"@type":"ListItem","position":2,"name":"La tienda de sanaci\u00f3n con cristales","item":"https:\/\/chacrys.com\/es\/tienda\/"},{"@type":"ListItem","position":3,"name":"Cristal de amatista Vogel"}]},{"@type":"WebSite","@id":"https:\/\/chacrys.com\/es\/#website","url":"https:\/\/chacrys.com\/es\/","name":"Chacrys","description":"Chacrys","publisher":{"@id":"https:\/\/chacrys.com\/es\/#organization"},"potentialAction":[{"@type":"SearchAction","target":{"@type":"EntryPoint","urlTemplate":"https:\/\/chacrys.com\/es\/?s={search_term_string}"},"query-input":{"@type":"PropertyValueSpecification","valueRequired":true,"valueName":"search_term_string"}}],"inLanguage":"es"},{"@type":"Organization","@id":"https:\/\/chacrys.com\/es\/#organization","name":"Chacrys","url":"https:\/\/chacrys.com\/es\/","logo":{"@type":"ImageObject","inLanguage":"es","@id":"https:\/\/chacrys.com\/es\/#\/schema\/logo\/image\/","url":"https:\/\/chacrys.com\/wp-content\/uploads\/2024\/11\/cropped-FRANJULIA-6.png","contentUrl":"https:\/\/chacrys.com\/wp-content\/uploads\/2024\/11\/cropped-FRANJULIA-6.png","width":512,"height":512,"caption":"Chacrys"},"image":{"@id":"https:\/\/chacrys.com\/es\/#\/schema\/logo\/image\/"},"sameAs":["https:\/\/www.facebook.com\/chacryscrystal","https:\/\/www.instagram.com\/chacrys\/","https:\/\/www.pinterest.com\/chacryscrystalbed\/","https:\/\/www.youtube.com\/@chacrysofficial9667"]}]},"product_price_amount":"129.00","product_price_currency":"EUR","og_availability":"instock","product_availability":"instock","product_condition":"new"},"_links":{"self":[{"href":"https:\/\/chacrys.com\/es\/wp-json\/wp\/v2\/product\/32354","targetHints":{"allow":["GET"]}}],"collection":[{"href":"https:\/\/chacrys.com\/es\/wp-json\/wp\/v2\/product"}],"about":[{"href":"https:\/\/chacrys.com\/es\/wp-json\/wp\/v2\/types\/product"}],"replies":[{"embeddable":true,"href":"https:\/\/chacrys.com\/es\/wp-json\/wp\/v2\/comments?post=32354"}],"version-history":[{"count":1,"href":"https:\/\/chacrys.com\/es\/wp-json\/wp\/v2\/product\/32354\/revisions"}],"predecessor-version":[{"id":32761,"href":"https:\/\/chacrys.com\/es\/wp-json\/wp\/v2\/product\/32354\/revisions\/32761"}],"wp:featuredmedia":[{"embeddable":true,"href":"https:\/\/chacrys.com\/es\/wp-json\/wp\/v2\/media\/32069"}],"wp:attachment":[{"href":"https:\/\/chacrys.com\/es\/wp-json\/wp\/v2\/media?parent=32354"}],"wp:term":[{"taxonomy":"product_brand","embeddable":true,"href":"https:\/\/chacrys.com\/es\/wp-json\/wp\/v2\/product_brand?post=32354"},{"taxonomy":"product_cat","embeddable":true,"href":"https:\/\/chacrys.com\/es\/wp-json\/wp\/v2\/product_cat?post=32354"},{"taxonomy":"product_tag","embeddable":true,"href":"https:\/\/chacrys.com\/es\/wp-json\/wp\/v2\/product_tag?post=32354"}],"curies":[{"name":"wp","href":"https:\/\/api.w.org\/{rel}","templated":true}]}}