{"id":32347,"date":"2025-01-29T10:36:01","date_gmt":"2025-01-29T09:36:01","guid":{"rendered":"https:\/\/chacrys.com\/product\/cuarzo-rosa-cristal-vogel\/"},"modified":"2026-04-04T06:46:14","modified_gmt":"2026-04-04T04:46:14","slug":"cuarzo-rosa-cristal-vogel","status":"publish","type":"product","link":"https:\/\/chacrys.com\/es\/producto\/cuarzo-rosa-cristal-vogel\/","title":{"rendered":"Cuarzo rosa Cristal Vogel"},"content":{"rendered":"\t\t<div data-elementor-type=\"wp-post\" data-elementor-id=\"32347\" class=\"elementor elementor-32347 elementor-32130\">\n\t\t\t\t<div class=\"wd-negative-gap elementor-element elementor-element-b465bf6 e-flex e-con-boxed e-con e-parent\" data-id=\"b465bf6\" data-element_type=\"container\" data-e-type=\"container\">\n\t\t\t\t\t<div class=\"e-con-inner\">\n\t\t\t\t<div class=\"elementor-element elementor-element-987ba3d elementor-widget elementor-widget-wd_text_block\" data-id=\"987ba3d\" data-element_type=\"widget\" data-e-type=\"widget\" data-widget_type=\"wd_text_block.default\">\n\t\t\t\t<div class=\"elementor-widget-container\">\n\t\t\t\t\t\t\t<div class=\"wd-text-block reset-last-child text-left\">\n\t\t\t\n\t\t\t<h2><b>Consejos pr\u00e1cticos de uso<\/b><\/h2><p><span style=\"font-weight: 400;\">Cuando a\u00f1adas el Cristal Vogel de Cuarzo Rosa a tu espacio, ten en cuenta los siguientes planteamientos:<\/span><\/p><ul><li style=\"font-weight: 400;\" aria-level=\"1\"><span style=\"font-weight: 400;\"><strong>Limpiar antes de usar:<\/strong> Limpia o limpia suavemente el cristal de un modo que te resulte adecuado, como coloc\u00e1ndolo cerca de la luz natural o con una intenci\u00f3n consciente.<\/span><span style=\"font-weight: 400;\"><br><br><\/span><\/li><li style=\"font-weight: 400;\" aria-level=\"1\"><span style=\"font-weight: 400;\"><strong>Establece una intenci\u00f3n:<\/strong> Antes de cada sesi\u00f3n, t\u00f3mate un momento para instalarte en un espacio tranquilo y establecer una intenci\u00f3n personal clara para tu reflexi\u00f3n o meditaci\u00f3n.<\/span><span style=\"font-weight: 400;\"><br><br><\/span><\/li><li style=\"font-weight: 400;\" aria-level=\"1\"><span style=\"font-weight: 400;\"><strong>Comb\u00ednalo con otras herramientas:<\/strong> Comb\u00ednalo con otros cristales, pr\u00e1cticas de meditaci\u00f3n o elementos pac\u00edficos como velas o m\u00fasica suave para mejorar el ambiente.<\/span><span style=\"font-weight: 400;\"><br><br><\/span><\/li><\/ul><h2><b>Preguntas frecuentes sobre el cristal Rose Vogel<\/b><\/h2><p><b>\u00bfQu\u00e9 es un Cristal Vogel de Cuarzo Rosa?<\/b><\/p><p><span style=\"font-weight: 400;\">Un cristal Vogel de cuarzo rosa es un cristal tallado seg\u00fan el m\u00e9todo Vogel, con un dise\u00f1o sim\u00e9trico de doble terminaci\u00f3n. Est\u00e1 hecho de cuarzo rosa y se utiliza habitualmente en pr\u00e1cticas de meditaci\u00f3n, atenci\u00f3n plena y cristal intencional. <\/span><\/p><p><b>\u00bfC\u00f3mo se utiliza normalmente el Cristal Vogel de Cuarzo Rosa?<\/b><\/p><p><span style=\"font-weight: 400;\">Este cristal se utiliza a menudo sosteni\u00e9ndolo durante la meditaci\u00f3n, coloc\u00e1ndolo en un espacio de pr\u00e1ctica personal o incorpor\u00e1ndolo a disposiciones de cristales. Muchos usuarios lo tratan como un punto focal visual y simb\u00f3lico durante las sesiones de atenci\u00f3n o reflexi\u00f3n. <\/span><\/p><p><b>\u00bfCon qu\u00e9 se asocia tradicionalmente el cuarzo rosa?<\/b><\/p><p><span style=\"font-weight: 400;\">En las pr\u00e1cticas cristalinas y espirituales tradicionales, el cuarzo rosa suele asociarse a temas como la compasi\u00f3n, la conciencia emocional y la reflexi\u00f3n centrada en el coraz\u00f3n. Estas asociaciones son simb\u00f3licas y var\u00edan seg\u00fan las tradiciones. <\/span><\/p><p><b>\u00bfEs el Cristal de Cuarzo Rosa Vogel un dispositivo m\u00e9dico o curativo?<\/b><\/p><p><span style=\"font-weight: 400;\">El Cristal de Cuarzo Rosa Vogel no es un dispositivo m\u00e9dico y no pretende diagnosticar, tratar, curar ni prevenir ninguna afecci\u00f3n m\u00e9dica. Se ofrece para la reflexi\u00f3n personal, la atenci\u00f3n plena y las pr\u00e1cticas centradas en el bienestar.  <\/span><\/p><p><b>\u00bfPueden los principiantes utilizar un Cristal Vogel de Cuarzo Rosa?<\/b><\/p><p><span style=\"font-weight: 400;\">S\u00ed. El Cristal Vogel de Cuarzo Rosa es adecuado tanto para principiantes como para practicantes de cristales experimentados. No se requieren conocimientos previos ni formaci\u00f3n t\u00e9cnica para utilizarlo en meditaci\u00f3n o en la pr\u00e1ctica personal.  <\/span><\/p><p><b>\u00bfSe puede combinar este cristal con otras herramientas?<\/b><\/p><p><span style=\"font-weight: 400;\">S\u00ed. Muchos usuarios combinan los cristales Vogel con otros cristales, t\u00e9cnicas de meditaci\u00f3n o herramientas centradas en la luz para crear un entorno de pr\u00e1ctica personalizado. Tambi\u00e9n puede complementar las camas de cristal o los sistemas de cristales estructurados.  <\/span><\/p><p><b>\u00bfC\u00f3mo debo cuidar mi cristal de cuarzo rosa Vogel?<\/b><\/p><p><span style=\"font-weight: 400;\">Para cuidar tu cristal, mantenlo limpio y gu\u00e1rdalo en un lugar seguro cuando no lo utilices. Algunos usuarios prefieren limpiarlo peri\u00f3dicamente utilizando m\u00e9todos suaves, como la intenci\u00f3n consciente, la exposici\u00f3n a la luz natural o la colocaci\u00f3n en un entorno tranquilo. <\/span><\/p>\n\t\t\t\t\t<\/div>\n\t\t\t\t\t\t<\/div>\n\t\t\t\t<\/div>\n\t\t\t\t\t<\/div>\n\t\t\t\t<\/div>\n\t\t\t\t<\/div>\n\t\t","protected":false},"excerpt":{"rendered":"<p>El cuarzo rosa ayuda a liberar viejas heridas emocionales, reconfortando el coraz\u00f3n. El corte Vogel focaliza la energ\u00eda, ayudando a despejar los bloqueos emocionales y a restablecer el equilibrio. <\/p>\n","protected":false},"featured_media":32136,"comment_status":"open","ping_status":"closed","template":"","meta":[],"product_brand":[],"product_cat":[227],"product_tag":[],"class_list":{"0":"post-32347","1":"product","2":"type-product","3":"status-publish","4":"has-post-thumbnail","6":"product_cat-sin-categoria","8":"first","9":"instock","10":"shipping-taxable","11":"purchasable","12":"product-type-simple"},"yoast_head":"<!-- This site is optimized with the Yoast SEO plugin v27.3 - https:\/\/yoast.com\/product\/yoast-seo-wordpress\/ -->\n<title>Cristal Rosa Vogel, Comprar Chacrys Cuarzo Rosa Vogel Online<\/title>\n<meta name=\"description\" content=\"Los cristales de cuarzo rosa Vogel son una forma \u00fanica y poderosa de cuarzo rosa que se tallan meticulosamente en una forma espec\u00edfica conocida como talla Vogel. \u00a1Compra cristales de rosa Vogel de alta calidad en Chacrys!\" \/>\n<meta name=\"robots\" content=\"index, follow, max-snippet:-1, max-image-preview:large, max-video-preview:-1\" \/>\n<link rel=\"canonical\" href=\"https:\/\/chacrys.com\/es\/producto\/cuarzo-rosa-cristal-vogel\/\" \/>\n<meta property=\"og:locale\" content=\"es_ES\" \/>\n<meta property=\"og:type\" content=\"article\" \/>\n<meta property=\"og:title\" content=\"Cristal Rosa Vogel, Comprar Chacrys Cuarzo Rosa Vogel Online\" \/>\n<meta property=\"og:description\" content=\"Los cristales de cuarzo rosa Vogel son una forma \u00fanica y poderosa de cuarzo rosa que se tallan meticulosamente en una forma espec\u00edfica conocida como talla Vogel. \u00a1Compra cristales de rosa Vogel de alta calidad en Chacrys!\" \/>\n<meta property=\"og:url\" content=\"https:\/\/chacrys.com\/es\/producto\/cuarzo-rosa-cristal-vogel\/\" \/>\n<meta property=\"og:site_name\" content=\"Chacrys\" \/>\n<meta property=\"article:publisher\" content=\"https:\/\/www.facebook.com\/chacryscrystal\" \/>\n<meta property=\"article:modified_time\" content=\"2026-04-04T04:46:14+00:00\" \/>\n<meta property=\"og:image\" content=\"https:\/\/chacrys.com\/wp-content\/uploads\/2025\/01\/web2.png\" \/>\n\t<meta property=\"og:image:width\" content=\"768\" \/>\n\t<meta property=\"og:image:height\" content=\"768\" \/>\n\t<meta property=\"og:image:type\" content=\"image\/png\" \/>\n<meta name=\"twitter:card\" content=\"summary_large_image\" \/>\n<meta name=\"twitter:label1\" content=\"Precio\" \/>\n\t<meta name=\"twitter:data1\" content=\"129,00&nbsp;&euro;\" \/>\n\t<meta name=\"twitter:label2\" content=\"Disponibilidad\" \/>\n\t<meta name=\"twitter:data2\" content=\"Disponible\" \/>\n<script type=\"application\/ld+json\" class=\"yoast-schema-graph\">{\"@context\":\"https:\\\/\\\/schema.org\",\"@graph\":[{\"@type\":\"WebPage\",\"@id\":\"https:\\\/\\\/chacrys.com\\\/es\\\/producto\\\/cuarzo-rosa-cristal-vogel\\\/\",\"url\":\"https:\\\/\\\/chacrys.com\\\/es\\\/producto\\\/cuarzo-rosa-cristal-vogel\\\/\",\"name\":\"Cristal Rosa Vogel, Comprar Chacrys Cuarzo Rosa Vogel Online\",\"isPartOf\":{\"@id\":\"https:\\\/\\\/chacrys.com\\\/es\\\/#website\"},\"primaryImageOfPage\":{\"@id\":\"https:\\\/\\\/chacrys.com\\\/es\\\/producto\\\/cuarzo-rosa-cristal-vogel\\\/#primaryimage\"},\"image\":{\"@id\":\"https:\\\/\\\/chacrys.com\\\/es\\\/producto\\\/cuarzo-rosa-cristal-vogel\\\/#primaryimage\"},\"thumbnailUrl\":\"https:\\\/\\\/chacrys.com\\\/wp-content\\\/uploads\\\/2025\\\/01\\\/web2.png\",\"datePublished\":\"2025-01-29T09:36:01+00:00\",\"dateModified\":\"2026-04-04T04:46:14+00:00\",\"description\":\"Los cristales de cuarzo rosa Vogel son una forma \u00fanica y poderosa de cuarzo rosa que se tallan meticulosamente en una forma espec\u00edfica conocida como talla Vogel. \u00a1Compra cristales de rosa Vogel de alta calidad en Chacrys!\",\"breadcrumb\":{\"@id\":\"https:\\\/\\\/chacrys.com\\\/es\\\/producto\\\/cuarzo-rosa-cristal-vogel\\\/#breadcrumb\"},\"inLanguage\":\"es\",\"potentialAction\":[{\"@type\":\"ReadAction\",\"target\":[\"https:\\\/\\\/chacrys.com\\\/es\\\/producto\\\/cuarzo-rosa-cristal-vogel\\\/\"]}]},{\"@type\":\"ImageObject\",\"inLanguage\":\"es\",\"@id\":\"https:\\\/\\\/chacrys.com\\\/es\\\/producto\\\/cuarzo-rosa-cristal-vogel\\\/#primaryimage\",\"url\":\"https:\\\/\\\/chacrys.com\\\/wp-content\\\/uploads\\\/2025\\\/01\\\/web2.png\",\"contentUrl\":\"https:\\\/\\\/chacrys.com\\\/wp-content\\\/uploads\\\/2025\\\/01\\\/web2.png\",\"width\":768,\"height\":768,\"caption\":\"cuarzo rosa cristal vogel\"},{\"@type\":\"BreadcrumbList\",\"@id\":\"https:\\\/\\\/chacrys.com\\\/es\\\/producto\\\/cuarzo-rosa-cristal-vogel\\\/#breadcrumb\",\"itemListElement\":[{\"@type\":\"ListItem\",\"position\":1,\"name\":\"Home\",\"item\":\"https:\\\/\\\/chacrys.com\\\/es\\\/\"},{\"@type\":\"ListItem\",\"position\":2,\"name\":\"La tienda de sanaci\u00f3n con cristales\",\"item\":\"https:\\\/\\\/chacrys.com\\\/es\\\/tienda\\\/\"},{\"@type\":\"ListItem\",\"position\":3,\"name\":\"Cuarzo rosa Cristal Vogel\"}]},{\"@type\":\"WebSite\",\"@id\":\"https:\\\/\\\/chacrys.com\\\/es\\\/#website\",\"url\":\"https:\\\/\\\/chacrys.com\\\/es\\\/\",\"name\":\"Chacrys\",\"description\":\"Chacrys\",\"publisher\":{\"@id\":\"https:\\\/\\\/chacrys.com\\\/es\\\/#organization\"},\"potentialAction\":[{\"@type\":\"SearchAction\",\"target\":{\"@type\":\"EntryPoint\",\"urlTemplate\":\"https:\\\/\\\/chacrys.com\\\/es\\\/?s={search_term_string}\"},\"query-input\":{\"@type\":\"PropertyValueSpecification\",\"valueRequired\":true,\"valueName\":\"search_term_string\"}}],\"inLanguage\":\"es\"},{\"@type\":\"Organization\",\"@id\":\"https:\\\/\\\/chacrys.com\\\/es\\\/#organization\",\"name\":\"Chacrys\",\"url\":\"https:\\\/\\\/chacrys.com\\\/es\\\/\",\"logo\":{\"@type\":\"ImageObject\",\"inLanguage\":\"es\",\"@id\":\"https:\\\/\\\/chacrys.com\\\/es\\\/#\\\/schema\\\/logo\\\/image\\\/\",\"url\":\"https:\\\/\\\/chacrys.com\\\/wp-content\\\/uploads\\\/2024\\\/11\\\/cropped-FRANJULIA-6.png\",\"contentUrl\":\"https:\\\/\\\/chacrys.com\\\/wp-content\\\/uploads\\\/2024\\\/11\\\/cropped-FRANJULIA-6.png\",\"width\":512,\"height\":512,\"caption\":\"Chacrys\"},\"image\":{\"@id\":\"https:\\\/\\\/chacrys.com\\\/es\\\/#\\\/schema\\\/logo\\\/image\\\/\"},\"sameAs\":[\"https:\\\/\\\/www.facebook.com\\\/chacryscrystal\",\"https:\\\/\\\/www.instagram.com\\\/chacrys\\\/\",\"https:\\\/\\\/www.pinterest.com\\\/chacryscrystalbed\\\/\",\"https:\\\/\\\/www.youtube.com\\\/@chacrysofficial9667\"]}]}<\/script>\n<meta property=\"product:price:amount\" content=\"129.00\" \/>\n<meta property=\"product:price:currency\" content=\"EUR\" \/>\n<meta property=\"og:availability\" content=\"instock\" \/>\n<meta property=\"product:availability\" content=\"instock\" \/>\n<meta property=\"product:condition\" content=\"new\" \/>\n<!-- \/ Yoast SEO plugin. -->","yoast_head_json":{"title":"Cristal Rosa Vogel, Comprar Chacrys Cuarzo Rosa Vogel Online","description":"Los cristales de cuarzo rosa Vogel son una forma \u00fanica y poderosa de cuarzo rosa que se tallan meticulosamente en una forma espec\u00edfica conocida como talla Vogel. \u00a1Compra cristales de rosa Vogel de alta calidad en Chacrys!","robots":{"index":"index","follow":"follow","max-snippet":"max-snippet:-1","max-image-preview":"max-image-preview:large","max-video-preview":"max-video-preview:-1"},"canonical":"https:\/\/chacrys.com\/es\/producto\/cuarzo-rosa-cristal-vogel\/","og_locale":"es_ES","og_type":"article","og_title":"Cristal Rosa Vogel, Comprar Chacrys Cuarzo Rosa Vogel Online","og_description":"Los cristales de cuarzo rosa Vogel son una forma \u00fanica y poderosa de cuarzo rosa que se tallan meticulosamente en una forma espec\u00edfica conocida como talla Vogel. \u00a1Compra cristales de rosa Vogel de alta calidad en Chacrys!","og_url":"https:\/\/chacrys.com\/es\/producto\/cuarzo-rosa-cristal-vogel\/","og_site_name":"Chacrys","article_publisher":"https:\/\/www.facebook.com\/chacryscrystal","article_modified_time":"2026-04-04T04:46:14+00:00","og_image":[{"width":768,"height":768,"url":"https:\/\/chacrys.com\/wp-content\/uploads\/2025\/01\/web2.png","type":"image\/png"}],"twitter_card":"summary_large_image","twitter_misc":{"Precio":"129,00&nbsp;&euro;","Disponibilidad":"Disponible"},"schema":{"@context":"https:\/\/schema.org","@graph":[{"@type":"WebPage","@id":"https:\/\/chacrys.com\/es\/producto\/cuarzo-rosa-cristal-vogel\/","url":"https:\/\/chacrys.com\/es\/producto\/cuarzo-rosa-cristal-vogel\/","name":"Cristal Rosa Vogel, Comprar Chacrys Cuarzo Rosa Vogel Online","isPartOf":{"@id":"https:\/\/chacrys.com\/es\/#website"},"primaryImageOfPage":{"@id":"https:\/\/chacrys.com\/es\/producto\/cuarzo-rosa-cristal-vogel\/#primaryimage"},"image":{"@id":"https:\/\/chacrys.com\/es\/producto\/cuarzo-rosa-cristal-vogel\/#primaryimage"},"thumbnailUrl":"https:\/\/chacrys.com\/wp-content\/uploads\/2025\/01\/web2.png","datePublished":"2025-01-29T09:36:01+00:00","dateModified":"2026-04-04T04:46:14+00:00","description":"Los cristales de cuarzo rosa Vogel son una forma \u00fanica y poderosa de cuarzo rosa que se tallan meticulosamente en una forma espec\u00edfica conocida como talla Vogel. \u00a1Compra cristales de rosa Vogel de alta calidad en Chacrys!","breadcrumb":{"@id":"https:\/\/chacrys.com\/es\/producto\/cuarzo-rosa-cristal-vogel\/#breadcrumb"},"inLanguage":"es","potentialAction":[{"@type":"ReadAction","target":["https:\/\/chacrys.com\/es\/producto\/cuarzo-rosa-cristal-vogel\/"]}]},{"@type":"ImageObject","inLanguage":"es","@id":"https:\/\/chacrys.com\/es\/producto\/cuarzo-rosa-cristal-vogel\/#primaryimage","url":"https:\/\/chacrys.com\/wp-content\/uploads\/2025\/01\/web2.png","contentUrl":"https:\/\/chacrys.com\/wp-content\/uploads\/2025\/01\/web2.png","width":768,"height":768,"caption":"cuarzo rosa cristal vogel"},{"@type":"BreadcrumbList","@id":"https:\/\/chacrys.com\/es\/producto\/cuarzo-rosa-cristal-vogel\/#breadcrumb","itemListElement":[{"@type":"ListItem","position":1,"name":"Home","item":"https:\/\/chacrys.com\/es\/"},{"@type":"ListItem","position":2,"name":"La tienda de sanaci\u00f3n con cristales","item":"https:\/\/chacrys.com\/es\/tienda\/"},{"@type":"ListItem","position":3,"name":"Cuarzo rosa Cristal Vogel"}]},{"@type":"WebSite","@id":"https:\/\/chacrys.com\/es\/#website","url":"https:\/\/chacrys.com\/es\/","name":"Chacrys","description":"Chacrys","publisher":{"@id":"https:\/\/chacrys.com\/es\/#organization"},"potentialAction":[{"@type":"SearchAction","target":{"@type":"EntryPoint","urlTemplate":"https:\/\/chacrys.com\/es\/?s={search_term_string}"},"query-input":{"@type":"PropertyValueSpecification","valueRequired":true,"valueName":"search_term_string"}}],"inLanguage":"es"},{"@type":"Organization","@id":"https:\/\/chacrys.com\/es\/#organization","name":"Chacrys","url":"https:\/\/chacrys.com\/es\/","logo":{"@type":"ImageObject","inLanguage":"es","@id":"https:\/\/chacrys.com\/es\/#\/schema\/logo\/image\/","url":"https:\/\/chacrys.com\/wp-content\/uploads\/2024\/11\/cropped-FRANJULIA-6.png","contentUrl":"https:\/\/chacrys.com\/wp-content\/uploads\/2024\/11\/cropped-FRANJULIA-6.png","width":512,"height":512,"caption":"Chacrys"},"image":{"@id":"https:\/\/chacrys.com\/es\/#\/schema\/logo\/image\/"},"sameAs":["https:\/\/www.facebook.com\/chacryscrystal","https:\/\/www.instagram.com\/chacrys\/","https:\/\/www.pinterest.com\/chacryscrystalbed\/","https:\/\/www.youtube.com\/@chacrysofficial9667"]}]},"product_price_amount":"129.00","product_price_currency":"EUR","og_availability":"instock","product_availability":"instock","product_condition":"new"},"_links":{"self":[{"href":"https:\/\/chacrys.com\/es\/wp-json\/wp\/v2\/product\/32347","targetHints":{"allow":["GET"]}}],"collection":[{"href":"https:\/\/chacrys.com\/es\/wp-json\/wp\/v2\/product"}],"about":[{"href":"https:\/\/chacrys.com\/es\/wp-json\/wp\/v2\/types\/product"}],"replies":[{"embeddable":true,"href":"https:\/\/chacrys.com\/es\/wp-json\/wp\/v2\/comments?post=32347"}],"version-history":[{"count":2,"href":"https:\/\/chacrys.com\/es\/wp-json\/wp\/v2\/product\/32347\/revisions"}],"predecessor-version":[{"id":34659,"href":"https:\/\/chacrys.com\/es\/wp-json\/wp\/v2\/product\/32347\/revisions\/34659"}],"wp:featuredmedia":[{"embeddable":true,"href":"https:\/\/chacrys.com\/es\/wp-json\/wp\/v2\/media\/32136"}],"wp:attachment":[{"href":"https:\/\/chacrys.com\/es\/wp-json\/wp\/v2\/media?parent=32347"}],"wp:term":[{"taxonomy":"product_brand","embeddable":true,"href":"https:\/\/chacrys.com\/es\/wp-json\/wp\/v2\/product_brand?post=32347"},{"taxonomy":"product_cat","embeddable":true,"href":"https:\/\/chacrys.com\/es\/wp-json\/wp\/v2\/product_cat?post=32347"},{"taxonomy":"product_tag","embeddable":true,"href":"https:\/\/chacrys.com\/es\/wp-json\/wp\/v2\/product_tag?post=32347"}],"curies":[{"name":"wp","href":"https:\/\/api.w.org\/{rel}","templated":true}]}}