{"id":31536,"date":"2024-11-25T17:41:03","date_gmt":"2024-11-25T17:41:03","guid":{"rendered":"https:\/\/chacrys.com\/product\/cristal-vogel-de-24-caras\/"},"modified":"2026-04-09T21:40:10","modified_gmt":"2026-04-09T19:40:10","slug":"cristal-vogel-de-24-caras","status":"publish","type":"product","link":"https:\/\/chacrys.com\/es\/producto\/cristal-vogel-de-24-caras\/","title":{"rendered":"cristal vogel de 24 caras"},"content":{"rendered":"","protected":false},"excerpt":{"rendered":"<p>Pide ahora tu propio Cristal Vogel de 24 caras y aprende a utilizarlo desde la comodidad de tu casa.<\/p>\n<ul class=\"help-box-ul\">\n<li>formaci\u00f3n online + cuaderno de ejercicios<\/li>\n<li>certificaci\u00f3n<\/li>\n<li>funda de piel premium<\/li>\n<li>env\u00edos a todo el mundo<\/li>\n<\/ul>\n","protected":false},"featured_media":30740,"comment_status":"open","ping_status":"closed","template":"","meta":[],"product_brand":[],"product_cat":[227],"product_tag":[],"class_list":{"0":"post-31536","1":"product","2":"type-product","3":"status-publish","4":"has-post-thumbnail","6":"product_cat-sin-categoria","8":"first","9":"instock","10":"shipping-taxable","11":"purchasable","12":"product-type-simple"},"yoast_head":"<!-- This site is optimized with the Yoast SEO plugin v27.3 - https:\/\/yoast.com\/product\/yoast-seo-wordpress\/ -->\n<title>Cristal Vogel de 24 caras, Cristal de Cuarzo Claro de 24 caras para Sanaci\u00f3n | Chacrys<\/title>\n<meta name=\"description\" content=\"Consigue tu Cristal Vogel de 24 caras con orientaci\u00f3n experta mediante formaci\u00f3n en l\u00ednea, un libro de ejercicios, certificaci\u00f3n y un estuche de piel de primera calidad. Disfruta de env\u00edos a todo el mundo.\" \/>\n<meta name=\"robots\" content=\"index, follow, max-snippet:-1, max-image-preview:large, max-video-preview:-1\" \/>\n<link rel=\"canonical\" href=\"https:\/\/chacrys.com\/es\/producto\/cristal-vogel-de-24-caras\/\" \/>\n<meta property=\"og:locale\" content=\"es_ES\" \/>\n<meta property=\"og:type\" content=\"article\" \/>\n<meta property=\"og:title\" content=\"Cristal Vogel de 24 caras, Cristal de Cuarzo Claro de 24 caras para Sanaci\u00f3n | Chacrys\" \/>\n<meta property=\"og:description\" content=\"Consigue tu Cristal Vogel de 24 caras con orientaci\u00f3n experta mediante formaci\u00f3n en l\u00ednea, un libro de ejercicios, certificaci\u00f3n y un estuche de piel de primera calidad. Disfruta de env\u00edos a todo el mundo.\" \/>\n<meta property=\"og:url\" content=\"https:\/\/chacrys.com\/es\/producto\/cristal-vogel-de-24-caras\/\" \/>\n<meta property=\"og:site_name\" content=\"Chacrys\" \/>\n<meta property=\"article:publisher\" content=\"https:\/\/www.facebook.com\/chacryscrystal\" \/>\n<meta property=\"article:modified_time\" content=\"2026-04-09T19:40:10+00:00\" \/>\n<meta property=\"og:image\" content=\"https:\/\/chacrys.com\/wp-content\/uploads\/2024\/11\/v-v-520x520-2.jpg\" \/>\n\t<meta property=\"og:image:width\" content=\"520\" \/>\n\t<meta property=\"og:image:height\" content=\"520\" \/>\n\t<meta property=\"og:image:type\" content=\"image\/jpeg\" \/>\n<meta name=\"twitter:card\" content=\"summary_large_image\" \/>\n<meta name=\"twitter:label1\" content=\"Precio\" \/>\n\t<meta name=\"twitter:data1\" content=\"490,00&nbsp;&euro;\" \/>\n\t<meta name=\"twitter:label2\" content=\"Disponibilidad\" \/>\n\t<meta name=\"twitter:data2\" content=\"Disponible\" \/>\n<script type=\"application\/ld+json\" class=\"yoast-schema-graph\">{\"@context\":\"https:\\\/\\\/schema.org\",\"@graph\":[{\"@type\":\"WebPage\",\"@id\":\"https:\\\/\\\/chacrys.com\\\/es\\\/producto\\\/cristal-vogel-de-24-caras\\\/\",\"url\":\"https:\\\/\\\/chacrys.com\\\/es\\\/producto\\\/cristal-vogel-de-24-caras\\\/\",\"name\":\"Cristal Vogel de 24 caras, Cristal de Cuarzo Claro de 24 caras para Sanaci\u00f3n | Chacrys\",\"isPartOf\":{\"@id\":\"https:\\\/\\\/chacrys.com\\\/es\\\/#website\"},\"primaryImageOfPage\":{\"@id\":\"https:\\\/\\\/chacrys.com\\\/es\\\/producto\\\/cristal-vogel-de-24-caras\\\/#primaryimage\"},\"image\":{\"@id\":\"https:\\\/\\\/chacrys.com\\\/es\\\/producto\\\/cristal-vogel-de-24-caras\\\/#primaryimage\"},\"thumbnailUrl\":\"https:\\\/\\\/chacrys.com\\\/wp-content\\\/uploads\\\/2024\\\/11\\\/v-v-520x520-2.jpg\",\"datePublished\":\"2024-11-25T17:41:03+00:00\",\"dateModified\":\"2026-04-09T19:40:10+00:00\",\"description\":\"Consigue tu Cristal Vogel de 24 caras con orientaci\u00f3n experta mediante formaci\u00f3n en l\u00ednea, un libro de ejercicios, certificaci\u00f3n y un estuche de piel de primera calidad. Disfruta de env\u00edos a todo el mundo.\",\"breadcrumb\":{\"@id\":\"https:\\\/\\\/chacrys.com\\\/es\\\/producto\\\/cristal-vogel-de-24-caras\\\/#breadcrumb\"},\"inLanguage\":\"es\",\"potentialAction\":[{\"@type\":\"ReadAction\",\"target\":[\"https:\\\/\\\/chacrys.com\\\/es\\\/producto\\\/cristal-vogel-de-24-caras\\\/\"]}]},{\"@type\":\"ImageObject\",\"inLanguage\":\"es\",\"@id\":\"https:\\\/\\\/chacrys.com\\\/es\\\/producto\\\/cristal-vogel-de-24-caras\\\/#primaryimage\",\"url\":\"https:\\\/\\\/chacrys.com\\\/wp-content\\\/uploads\\\/2024\\\/11\\\/v-v-520x520-2.jpg\",\"contentUrl\":\"https:\\\/\\\/chacrys.com\\\/wp-content\\\/uploads\\\/2024\\\/11\\\/v-v-520x520-2.jpg\",\"width\":520,\"height\":520,\"caption\":\"cristal vogel de 24 caras\"},{\"@type\":\"BreadcrumbList\",\"@id\":\"https:\\\/\\\/chacrys.com\\\/es\\\/producto\\\/cristal-vogel-de-24-caras\\\/#breadcrumb\",\"itemListElement\":[{\"@type\":\"ListItem\",\"position\":1,\"name\":\"Home\",\"item\":\"https:\\\/\\\/chacrys.com\\\/es\\\/\"},{\"@type\":\"ListItem\",\"position\":2,\"name\":\"La tienda de sanaci\u00f3n con cristales\",\"item\":\"https:\\\/\\\/chacrys.com\\\/es\\\/tienda\\\/\"},{\"@type\":\"ListItem\",\"position\":3,\"name\":\"cristal vogel de 24 caras\"}]},{\"@type\":\"WebSite\",\"@id\":\"https:\\\/\\\/chacrys.com\\\/es\\\/#website\",\"url\":\"https:\\\/\\\/chacrys.com\\\/es\\\/\",\"name\":\"Chacrys\",\"description\":\"Chacrys\",\"publisher\":{\"@id\":\"https:\\\/\\\/chacrys.com\\\/es\\\/#organization\"},\"potentialAction\":[{\"@type\":\"SearchAction\",\"target\":{\"@type\":\"EntryPoint\",\"urlTemplate\":\"https:\\\/\\\/chacrys.com\\\/es\\\/?s={search_term_string}\"},\"query-input\":{\"@type\":\"PropertyValueSpecification\",\"valueRequired\":true,\"valueName\":\"search_term_string\"}}],\"inLanguage\":\"es\"},{\"@type\":\"Organization\",\"@id\":\"https:\\\/\\\/chacrys.com\\\/es\\\/#organization\",\"name\":\"Chacrys\",\"url\":\"https:\\\/\\\/chacrys.com\\\/es\\\/\",\"logo\":{\"@type\":\"ImageObject\",\"inLanguage\":\"es\",\"@id\":\"https:\\\/\\\/chacrys.com\\\/es\\\/#\\\/schema\\\/logo\\\/image\\\/\",\"url\":\"https:\\\/\\\/chacrys.com\\\/wp-content\\\/uploads\\\/2024\\\/11\\\/cropped-FRANJULIA-6.png\",\"contentUrl\":\"https:\\\/\\\/chacrys.com\\\/wp-content\\\/uploads\\\/2024\\\/11\\\/cropped-FRANJULIA-6.png\",\"width\":512,\"height\":512,\"caption\":\"Chacrys\"},\"image\":{\"@id\":\"https:\\\/\\\/chacrys.com\\\/es\\\/#\\\/schema\\\/logo\\\/image\\\/\"},\"sameAs\":[\"https:\\\/\\\/www.facebook.com\\\/chacryscrystal\",\"https:\\\/\\\/www.instagram.com\\\/chacrys\\\/\",\"https:\\\/\\\/www.pinterest.com\\\/chacryscrystalbed\\\/\",\"https:\\\/\\\/www.youtube.com\\\/@chacrysofficial9667\"]}]}<\/script>\n<meta property=\"product:price:amount\" content=\"490.00\" \/>\n<meta property=\"product:price:currency\" content=\"EUR\" \/>\n<meta property=\"og:availability\" content=\"instock\" \/>\n<meta property=\"product:availability\" content=\"instock\" \/>\n<meta property=\"product:condition\" content=\"new\" \/>\n<!-- \/ Yoast SEO plugin. -->","yoast_head_json":{"title":"Cristal Vogel de 24 caras, Cristal de Cuarzo Claro de 24 caras para Sanaci\u00f3n | Chacrys","description":"Consigue tu Cristal Vogel de 24 caras con orientaci\u00f3n experta mediante formaci\u00f3n en l\u00ednea, un libro de ejercicios, certificaci\u00f3n y un estuche de piel de primera calidad. Disfruta de env\u00edos a todo el mundo.","robots":{"index":"index","follow":"follow","max-snippet":"max-snippet:-1","max-image-preview":"max-image-preview:large","max-video-preview":"max-video-preview:-1"},"canonical":"https:\/\/chacrys.com\/es\/producto\/cristal-vogel-de-24-caras\/","og_locale":"es_ES","og_type":"article","og_title":"Cristal Vogel de 24 caras, Cristal de Cuarzo Claro de 24 caras para Sanaci\u00f3n | Chacrys","og_description":"Consigue tu Cristal Vogel de 24 caras con orientaci\u00f3n experta mediante formaci\u00f3n en l\u00ednea, un libro de ejercicios, certificaci\u00f3n y un estuche de piel de primera calidad. Disfruta de env\u00edos a todo el mundo.","og_url":"https:\/\/chacrys.com\/es\/producto\/cristal-vogel-de-24-caras\/","og_site_name":"Chacrys","article_publisher":"https:\/\/www.facebook.com\/chacryscrystal","article_modified_time":"2026-04-09T19:40:10+00:00","og_image":[{"width":520,"height":520,"url":"https:\/\/chacrys.com\/wp-content\/uploads\/2024\/11\/v-v-520x520-2.jpg","type":"image\/jpeg"}],"twitter_card":"summary_large_image","twitter_misc":{"Precio":"490,00&nbsp;&euro;","Disponibilidad":"Disponible"},"schema":{"@context":"https:\/\/schema.org","@graph":[{"@type":"WebPage","@id":"https:\/\/chacrys.com\/es\/producto\/cristal-vogel-de-24-caras\/","url":"https:\/\/chacrys.com\/es\/producto\/cristal-vogel-de-24-caras\/","name":"Cristal Vogel de 24 caras, Cristal de Cuarzo Claro de 24 caras para Sanaci\u00f3n | Chacrys","isPartOf":{"@id":"https:\/\/chacrys.com\/es\/#website"},"primaryImageOfPage":{"@id":"https:\/\/chacrys.com\/es\/producto\/cristal-vogel-de-24-caras\/#primaryimage"},"image":{"@id":"https:\/\/chacrys.com\/es\/producto\/cristal-vogel-de-24-caras\/#primaryimage"},"thumbnailUrl":"https:\/\/chacrys.com\/wp-content\/uploads\/2024\/11\/v-v-520x520-2.jpg","datePublished":"2024-11-25T17:41:03+00:00","dateModified":"2026-04-09T19:40:10+00:00","description":"Consigue tu Cristal Vogel de 24 caras con orientaci\u00f3n experta mediante formaci\u00f3n en l\u00ednea, un libro de ejercicios, certificaci\u00f3n y un estuche de piel de primera calidad. Disfruta de env\u00edos a todo el mundo.","breadcrumb":{"@id":"https:\/\/chacrys.com\/es\/producto\/cristal-vogel-de-24-caras\/#breadcrumb"},"inLanguage":"es","potentialAction":[{"@type":"ReadAction","target":["https:\/\/chacrys.com\/es\/producto\/cristal-vogel-de-24-caras\/"]}]},{"@type":"ImageObject","inLanguage":"es","@id":"https:\/\/chacrys.com\/es\/producto\/cristal-vogel-de-24-caras\/#primaryimage","url":"https:\/\/chacrys.com\/wp-content\/uploads\/2024\/11\/v-v-520x520-2.jpg","contentUrl":"https:\/\/chacrys.com\/wp-content\/uploads\/2024\/11\/v-v-520x520-2.jpg","width":520,"height":520,"caption":"cristal vogel de 24 caras"},{"@type":"BreadcrumbList","@id":"https:\/\/chacrys.com\/es\/producto\/cristal-vogel-de-24-caras\/#breadcrumb","itemListElement":[{"@type":"ListItem","position":1,"name":"Home","item":"https:\/\/chacrys.com\/es\/"},{"@type":"ListItem","position":2,"name":"La tienda de sanaci\u00f3n con cristales","item":"https:\/\/chacrys.com\/es\/tienda\/"},{"@type":"ListItem","position":3,"name":"cristal vogel de 24 caras"}]},{"@type":"WebSite","@id":"https:\/\/chacrys.com\/es\/#website","url":"https:\/\/chacrys.com\/es\/","name":"Chacrys","description":"Chacrys","publisher":{"@id":"https:\/\/chacrys.com\/es\/#organization"},"potentialAction":[{"@type":"SearchAction","target":{"@type":"EntryPoint","urlTemplate":"https:\/\/chacrys.com\/es\/?s={search_term_string}"},"query-input":{"@type":"PropertyValueSpecification","valueRequired":true,"valueName":"search_term_string"}}],"inLanguage":"es"},{"@type":"Organization","@id":"https:\/\/chacrys.com\/es\/#organization","name":"Chacrys","url":"https:\/\/chacrys.com\/es\/","logo":{"@type":"ImageObject","inLanguage":"es","@id":"https:\/\/chacrys.com\/es\/#\/schema\/logo\/image\/","url":"https:\/\/chacrys.com\/wp-content\/uploads\/2024\/11\/cropped-FRANJULIA-6.png","contentUrl":"https:\/\/chacrys.com\/wp-content\/uploads\/2024\/11\/cropped-FRANJULIA-6.png","width":512,"height":512,"caption":"Chacrys"},"image":{"@id":"https:\/\/chacrys.com\/es\/#\/schema\/logo\/image\/"},"sameAs":["https:\/\/www.facebook.com\/chacryscrystal","https:\/\/www.instagram.com\/chacrys\/","https:\/\/www.pinterest.com\/chacryscrystalbed\/","https:\/\/www.youtube.com\/@chacrysofficial9667"]}]},"product_price_amount":"490.00","product_price_currency":"EUR","og_availability":"instock","product_availability":"instock","product_condition":"new"},"_links":{"self":[{"href":"https:\/\/chacrys.com\/es\/wp-json\/wp\/v2\/product\/31536","targetHints":{"allow":["GET"]}}],"collection":[{"href":"https:\/\/chacrys.com\/es\/wp-json\/wp\/v2\/product"}],"about":[{"href":"https:\/\/chacrys.com\/es\/wp-json\/wp\/v2\/types\/product"}],"replies":[{"embeddable":true,"href":"https:\/\/chacrys.com\/es\/wp-json\/wp\/v2\/comments?post=31536"}],"version-history":[{"count":1,"href":"https:\/\/chacrys.com\/es\/wp-json\/wp\/v2\/product\/31536\/revisions"}],"predecessor-version":[{"id":32643,"href":"https:\/\/chacrys.com\/es\/wp-json\/wp\/v2\/product\/31536\/revisions\/32643"}],"wp:featuredmedia":[{"embeddable":true,"href":"https:\/\/chacrys.com\/es\/wp-json\/wp\/v2\/media\/30740"}],"wp:attachment":[{"href":"https:\/\/chacrys.com\/es\/wp-json\/wp\/v2\/media?parent=31536"}],"wp:term":[{"taxonomy":"product_brand","embeddable":true,"href":"https:\/\/chacrys.com\/es\/wp-json\/wp\/v2\/product_brand?post=31536"},{"taxonomy":"product_cat","embeddable":true,"href":"https:\/\/chacrys.com\/es\/wp-json\/wp\/v2\/product_cat?post=31536"},{"taxonomy":"product_tag","embeddable":true,"href":"https:\/\/chacrys.com\/es\/wp-json\/wp\/v2\/product_tag?post=31536"}],"curies":[{"name":"wp","href":"https:\/\/api.w.org\/{rel}","templated":true}]}}