{"id":31345,"date":"2024-11-25T17:47:31","date_gmt":"2024-11-25T17:47:31","guid":{"rendered":"https:\/\/chacrys.com\/product\/crystal-pendulum\/"},"modified":"2026-04-03T18:14:28","modified_gmt":"2026-04-03T16:14:28","slug":"crystal-pendulum","status":"publish","type":"product","link":"https:\/\/chacrys.com\/es\/producto\/crystal-pendulum\/","title":{"rendered":"Collar\/pendulo de cristal Vogel\/2 en 1"},"content":{"rendered":"","protected":false},"excerpt":{"rendered":"<p>Las partes met\u00e1licas que sujetan el cristal son de lat\u00f3n macizo de alta calidad, que conduce perfectamente la energ\u00eda del cristal.<\/p>\n<ul class=\"help-box-ul\">\n<li>cuaderno de trabajo<\/li>\n<li>env\u00edos a todo el mundo<\/li>\n<li>malet\u00edn premium<\/li>\n<\/ul>\n","protected":false},"featured_media":30765,"comment_status":"open","ping_status":"closed","template":"","meta":[],"product_brand":[],"product_cat":[270,227],"product_tag":[],"class_list":{"0":"post-31345","1":"product","2":"type-product","3":"status-publish","4":"has-post-thumbnail","6":"product_cat-bestseller-es","7":"product_cat-sin-categoria","9":"first","10":"instock","11":"shipping-taxable","12":"purchasable","13":"product-type-simple"},"yoast_head":"<!-- This site is optimized with the Yoast SEO plugin v27.3 - https:\/\/yoast.com\/product\/yoast-seo-wordpress\/ -->\n<title>Collar y P\u00e9ndulo de Cristal Vogel, P\u00e9ndulo\/Collar de Cristal 2 en 1<\/title>\n<meta name=\"description\" content=\"Tienda Chacrys Collar de Cristal y P\u00e9ndulo: collar\/p\u00e9ndulo de cristal Vogel 2 en 1 hecho con aut\u00e9ntico cristal pulido por 12 caras y lat\u00f3n macizo de alta calidad. \u00a1Env\u00edo a todo el mundo con libro de ejercicios y estuche premium!\" \/>\n<meta name=\"robots\" content=\"index, follow, max-snippet:-1, max-image-preview:large, max-video-preview:-1\" \/>\n<link rel=\"canonical\" href=\"https:\/\/chacrys.com\/es\/producto\/crystal-pendulum\/\" \/>\n<meta property=\"og:locale\" content=\"es_ES\" \/>\n<meta property=\"og:type\" content=\"article\" \/>\n<meta property=\"og:title\" content=\"Collar y P\u00e9ndulo de Cristal Vogel, P\u00e9ndulo\/Collar de Cristal 2 en 1\" \/>\n<meta property=\"og:description\" content=\"Tienda Chacrys Collar de Cristal y P\u00e9ndulo: collar\/p\u00e9ndulo de cristal Vogel 2 en 1 hecho con aut\u00e9ntico cristal pulido por 12 caras y lat\u00f3n macizo de alta calidad. \u00a1Env\u00edo a todo el mundo con libro de ejercicios y estuche premium!\" \/>\n<meta property=\"og:url\" content=\"https:\/\/chacrys.com\/es\/producto\/crystal-pendulum\/\" \/>\n<meta property=\"og:site_name\" content=\"Chacrys\" \/>\n<meta property=\"article:publisher\" content=\"https:\/\/www.facebook.com\/chacryscrystal\" \/>\n<meta property=\"article:modified_time\" content=\"2026-04-03T16:14:28+00:00\" \/>\n<meta property=\"og:image\" content=\"https:\/\/chacrys.com\/wp-content\/uploads\/2024\/11\/vogel-pendulum-necklace-520x520-2.jpg\" \/>\n\t<meta property=\"og:image:width\" content=\"520\" \/>\n\t<meta property=\"og:image:height\" content=\"520\" \/>\n\t<meta property=\"og:image:type\" content=\"image\/jpeg\" \/>\n<meta name=\"twitter:card\" content=\"summary_large_image\" \/>\n<meta name=\"twitter:label1\" content=\"Precio\" \/>\n\t<meta name=\"twitter:data1\" content=\"169,00&nbsp;&euro;\" \/>\n\t<meta name=\"twitter:label2\" content=\"Disponibilidad\" \/>\n\t<meta name=\"twitter:data2\" content=\"Disponible\" \/>\n<script type=\"application\/ld+json\" class=\"yoast-schema-graph\">{\"@context\":\"https:\\\/\\\/schema.org\",\"@graph\":[{\"@type\":\"WebPage\",\"@id\":\"https:\\\/\\\/chacrys.com\\\/es\\\/producto\\\/crystal-pendulum\\\/\",\"url\":\"https:\\\/\\\/chacrys.com\\\/es\\\/producto\\\/crystal-pendulum\\\/\",\"name\":\"Collar y P\u00e9ndulo de Cristal Vogel, P\u00e9ndulo\\\/Collar de Cristal 2 en 1\",\"isPartOf\":{\"@id\":\"https:\\\/\\\/chacrys.com\\\/es\\\/#website\"},\"primaryImageOfPage\":{\"@id\":\"https:\\\/\\\/chacrys.com\\\/es\\\/producto\\\/crystal-pendulum\\\/#primaryimage\"},\"image\":{\"@id\":\"https:\\\/\\\/chacrys.com\\\/es\\\/producto\\\/crystal-pendulum\\\/#primaryimage\"},\"thumbnailUrl\":\"https:\\\/\\\/chacrys.com\\\/wp-content\\\/uploads\\\/2024\\\/11\\\/vogel-pendulum-necklace-520x520-2.jpg\",\"datePublished\":\"2024-11-25T17:47:31+00:00\",\"dateModified\":\"2026-04-03T16:14:28+00:00\",\"description\":\"Tienda Chacrys Collar de Cristal y P\u00e9ndulo: collar\\\/p\u00e9ndulo de cristal Vogel 2 en 1 hecho con aut\u00e9ntico cristal pulido por 12 caras y lat\u00f3n macizo de alta calidad. \u00a1Env\u00edo a todo el mundo con libro de ejercicios y estuche premium!\",\"breadcrumb\":{\"@id\":\"https:\\\/\\\/chacrys.com\\\/es\\\/producto\\\/crystal-pendulum\\\/#breadcrumb\"},\"inLanguage\":\"es\",\"potentialAction\":[{\"@type\":\"ReadAction\",\"target\":[\"https:\\\/\\\/chacrys.com\\\/es\\\/producto\\\/crystal-pendulum\\\/\"]}]},{\"@type\":\"ImageObject\",\"inLanguage\":\"es\",\"@id\":\"https:\\\/\\\/chacrys.com\\\/es\\\/producto\\\/crystal-pendulum\\\/#primaryimage\",\"url\":\"https:\\\/\\\/chacrys.com\\\/wp-content\\\/uploads\\\/2024\\\/11\\\/vogel-pendulum-necklace-520x520-2.jpg\",\"contentUrl\":\"https:\\\/\\\/chacrys.com\\\/wp-content\\\/uploads\\\/2024\\\/11\\\/vogel-pendulum-necklace-520x520-2.jpg\",\"width\":520,\"height\":520,\"caption\":\"p\u00e9ndulo vogel\"},{\"@type\":\"BreadcrumbList\",\"@id\":\"https:\\\/\\\/chacrys.com\\\/es\\\/producto\\\/crystal-pendulum\\\/#breadcrumb\",\"itemListElement\":[{\"@type\":\"ListItem\",\"position\":1,\"name\":\"Home\",\"item\":\"https:\\\/\\\/chacrys.com\\\/es\\\/\"},{\"@type\":\"ListItem\",\"position\":2,\"name\":\"La tienda de sanaci\u00f3n con cristales\",\"item\":\"https:\\\/\\\/chacrys.com\\\/es\\\/tienda\\\/\"},{\"@type\":\"ListItem\",\"position\":3,\"name\":\"Collar\\\/pendulo de cristal Vogel\\\/2 en 1\"}]},{\"@type\":\"WebSite\",\"@id\":\"https:\\\/\\\/chacrys.com\\\/es\\\/#website\",\"url\":\"https:\\\/\\\/chacrys.com\\\/es\\\/\",\"name\":\"Chacrys\",\"description\":\"Chacrys\",\"publisher\":{\"@id\":\"https:\\\/\\\/chacrys.com\\\/es\\\/#organization\"},\"potentialAction\":[{\"@type\":\"SearchAction\",\"target\":{\"@type\":\"EntryPoint\",\"urlTemplate\":\"https:\\\/\\\/chacrys.com\\\/es\\\/?s={search_term_string}\"},\"query-input\":{\"@type\":\"PropertyValueSpecification\",\"valueRequired\":true,\"valueName\":\"search_term_string\"}}],\"inLanguage\":\"es\"},{\"@type\":\"Organization\",\"@id\":\"https:\\\/\\\/chacrys.com\\\/es\\\/#organization\",\"name\":\"Chacrys\",\"url\":\"https:\\\/\\\/chacrys.com\\\/es\\\/\",\"logo\":{\"@type\":\"ImageObject\",\"inLanguage\":\"es\",\"@id\":\"https:\\\/\\\/chacrys.com\\\/es\\\/#\\\/schema\\\/logo\\\/image\\\/\",\"url\":\"https:\\\/\\\/chacrys.com\\\/wp-content\\\/uploads\\\/2024\\\/11\\\/cropped-FRANJULIA-6.png\",\"contentUrl\":\"https:\\\/\\\/chacrys.com\\\/wp-content\\\/uploads\\\/2024\\\/11\\\/cropped-FRANJULIA-6.png\",\"width\":512,\"height\":512,\"caption\":\"Chacrys\"},\"image\":{\"@id\":\"https:\\\/\\\/chacrys.com\\\/es\\\/#\\\/schema\\\/logo\\\/image\\\/\"},\"sameAs\":[\"https:\\\/\\\/www.facebook.com\\\/chacryscrystal\",\"https:\\\/\\\/www.instagram.com\\\/chacrys\\\/\",\"https:\\\/\\\/www.pinterest.com\\\/chacryscrystalbed\\\/\",\"https:\\\/\\\/www.youtube.com\\\/@chacrysofficial9667\"]}]}<\/script>\n<meta property=\"product:price:amount\" content=\"169.00\" \/>\n<meta property=\"product:price:currency\" content=\"EUR\" \/>\n<meta property=\"og:availability\" content=\"instock\" \/>\n<meta property=\"product:availability\" content=\"instock\" \/>\n<meta property=\"product:condition\" content=\"new\" \/>\n<!-- \/ Yoast SEO plugin. -->","yoast_head_json":{"title":"Collar y P\u00e9ndulo de Cristal Vogel, P\u00e9ndulo\/Collar de Cristal 2 en 1","description":"Tienda Chacrys Collar de Cristal y P\u00e9ndulo: collar\/p\u00e9ndulo de cristal Vogel 2 en 1 hecho con aut\u00e9ntico cristal pulido por 12 caras y lat\u00f3n macizo de alta calidad. \u00a1Env\u00edo a todo el mundo con libro de ejercicios y estuche premium!","robots":{"index":"index","follow":"follow","max-snippet":"max-snippet:-1","max-image-preview":"max-image-preview:large","max-video-preview":"max-video-preview:-1"},"canonical":"https:\/\/chacrys.com\/es\/producto\/crystal-pendulum\/","og_locale":"es_ES","og_type":"article","og_title":"Collar y P\u00e9ndulo de Cristal Vogel, P\u00e9ndulo\/Collar de Cristal 2 en 1","og_description":"Tienda Chacrys Collar de Cristal y P\u00e9ndulo: collar\/p\u00e9ndulo de cristal Vogel 2 en 1 hecho con aut\u00e9ntico cristal pulido por 12 caras y lat\u00f3n macizo de alta calidad. \u00a1Env\u00edo a todo el mundo con libro de ejercicios y estuche premium!","og_url":"https:\/\/chacrys.com\/es\/producto\/crystal-pendulum\/","og_site_name":"Chacrys","article_publisher":"https:\/\/www.facebook.com\/chacryscrystal","article_modified_time":"2026-04-03T16:14:28+00:00","og_image":[{"width":520,"height":520,"url":"https:\/\/chacrys.com\/wp-content\/uploads\/2024\/11\/vogel-pendulum-necklace-520x520-2.jpg","type":"image\/jpeg"}],"twitter_card":"summary_large_image","twitter_misc":{"Precio":"169,00&nbsp;&euro;","Disponibilidad":"Disponible"},"schema":{"@context":"https:\/\/schema.org","@graph":[{"@type":"WebPage","@id":"https:\/\/chacrys.com\/es\/producto\/crystal-pendulum\/","url":"https:\/\/chacrys.com\/es\/producto\/crystal-pendulum\/","name":"Collar y P\u00e9ndulo de Cristal Vogel, P\u00e9ndulo\/Collar de Cristal 2 en 1","isPartOf":{"@id":"https:\/\/chacrys.com\/es\/#website"},"primaryImageOfPage":{"@id":"https:\/\/chacrys.com\/es\/producto\/crystal-pendulum\/#primaryimage"},"image":{"@id":"https:\/\/chacrys.com\/es\/producto\/crystal-pendulum\/#primaryimage"},"thumbnailUrl":"https:\/\/chacrys.com\/wp-content\/uploads\/2024\/11\/vogel-pendulum-necklace-520x520-2.jpg","datePublished":"2024-11-25T17:47:31+00:00","dateModified":"2026-04-03T16:14:28+00:00","description":"Tienda Chacrys Collar de Cristal y P\u00e9ndulo: collar\/p\u00e9ndulo de cristal Vogel 2 en 1 hecho con aut\u00e9ntico cristal pulido por 12 caras y lat\u00f3n macizo de alta calidad. \u00a1Env\u00edo a todo el mundo con libro de ejercicios y estuche premium!","breadcrumb":{"@id":"https:\/\/chacrys.com\/es\/producto\/crystal-pendulum\/#breadcrumb"},"inLanguage":"es","potentialAction":[{"@type":"ReadAction","target":["https:\/\/chacrys.com\/es\/producto\/crystal-pendulum\/"]}]},{"@type":"ImageObject","inLanguage":"es","@id":"https:\/\/chacrys.com\/es\/producto\/crystal-pendulum\/#primaryimage","url":"https:\/\/chacrys.com\/wp-content\/uploads\/2024\/11\/vogel-pendulum-necklace-520x520-2.jpg","contentUrl":"https:\/\/chacrys.com\/wp-content\/uploads\/2024\/11\/vogel-pendulum-necklace-520x520-2.jpg","width":520,"height":520,"caption":"p\u00e9ndulo vogel"},{"@type":"BreadcrumbList","@id":"https:\/\/chacrys.com\/es\/producto\/crystal-pendulum\/#breadcrumb","itemListElement":[{"@type":"ListItem","position":1,"name":"Home","item":"https:\/\/chacrys.com\/es\/"},{"@type":"ListItem","position":2,"name":"La tienda de sanaci\u00f3n con cristales","item":"https:\/\/chacrys.com\/es\/tienda\/"},{"@type":"ListItem","position":3,"name":"Collar\/pendulo de cristal Vogel\/2 en 1"}]},{"@type":"WebSite","@id":"https:\/\/chacrys.com\/es\/#website","url":"https:\/\/chacrys.com\/es\/","name":"Chacrys","description":"Chacrys","publisher":{"@id":"https:\/\/chacrys.com\/es\/#organization"},"potentialAction":[{"@type":"SearchAction","target":{"@type":"EntryPoint","urlTemplate":"https:\/\/chacrys.com\/es\/?s={search_term_string}"},"query-input":{"@type":"PropertyValueSpecification","valueRequired":true,"valueName":"search_term_string"}}],"inLanguage":"es"},{"@type":"Organization","@id":"https:\/\/chacrys.com\/es\/#organization","name":"Chacrys","url":"https:\/\/chacrys.com\/es\/","logo":{"@type":"ImageObject","inLanguage":"es","@id":"https:\/\/chacrys.com\/es\/#\/schema\/logo\/image\/","url":"https:\/\/chacrys.com\/wp-content\/uploads\/2024\/11\/cropped-FRANJULIA-6.png","contentUrl":"https:\/\/chacrys.com\/wp-content\/uploads\/2024\/11\/cropped-FRANJULIA-6.png","width":512,"height":512,"caption":"Chacrys"},"image":{"@id":"https:\/\/chacrys.com\/es\/#\/schema\/logo\/image\/"},"sameAs":["https:\/\/www.facebook.com\/chacryscrystal","https:\/\/www.instagram.com\/chacrys\/","https:\/\/www.pinterest.com\/chacryscrystalbed\/","https:\/\/www.youtube.com\/@chacrysofficial9667"]}]},"product_price_amount":"169.00","product_price_currency":"EUR","og_availability":"instock","product_availability":"instock","product_condition":"new"},"_links":{"self":[{"href":"https:\/\/chacrys.com\/es\/wp-json\/wp\/v2\/product\/31345","targetHints":{"allow":["GET"]}}],"collection":[{"href":"https:\/\/chacrys.com\/es\/wp-json\/wp\/v2\/product"}],"about":[{"href":"https:\/\/chacrys.com\/es\/wp-json\/wp\/v2\/types\/product"}],"replies":[{"embeddable":true,"href":"https:\/\/chacrys.com\/es\/wp-json\/wp\/v2\/comments?post=31345"}],"version-history":[{"count":1,"href":"https:\/\/chacrys.com\/es\/wp-json\/wp\/v2\/product\/31345\/revisions"}],"predecessor-version":[{"id":31474,"href":"https:\/\/chacrys.com\/es\/wp-json\/wp\/v2\/product\/31345\/revisions\/31474"}],"wp:featuredmedia":[{"embeddable":true,"href":"https:\/\/chacrys.com\/es\/wp-json\/wp\/v2\/media\/30765"}],"wp:attachment":[{"href":"https:\/\/chacrys.com\/es\/wp-json\/wp\/v2\/media?parent=31345"}],"wp:term":[{"taxonomy":"product_brand","embeddable":true,"href":"https:\/\/chacrys.com\/es\/wp-json\/wp\/v2\/product_brand?post=31345"},{"taxonomy":"product_cat","embeddable":true,"href":"https:\/\/chacrys.com\/es\/wp-json\/wp\/v2\/product_cat?post=31345"},{"taxonomy":"product_tag","embeddable":true,"href":"https:\/\/chacrys.com\/es\/wp-json\/wp\/v2\/product_tag?post=31345"}],"curies":[{"name":"wp","href":"https:\/\/api.w.org\/{rel}","templated":true}]}}