{"id":33290,"date":"2024-12-11T13:05:59","date_gmt":"2024-12-11T13:05:59","guid":{"rendered":"https:\/\/chacrys.com\/entrenamiento-con-cristales-vogel\/"},"modified":"2025-06-23T12:54:28","modified_gmt":"2025-06-23T12:54:28","slug":"entrenamiento-con-cristales-vogel","status":"publish","type":"page","link":"https:\/\/chacrys.com\/es\/entrenamiento-con-cristales-vogel\/","title":{"rendered":"Entrenamiento con cristales Vogel"},"content":{"rendered":"\t\t<div data-elementor-type=\"wp-page\" data-elementor-id=\"33290\" class=\"elementor elementor-33290 elementor-31789\">\n\t\t\t\t<div class=\"wd-negative-gap elementor-element elementor-element-bde5d14 e-flex e-con-boxed e-con e-parent\" data-id=\"bde5d14\" data-element_type=\"container\" data-e-type=\"container\">\n\t\t\t\t\t<div class=\"e-con-inner\">\n\t\t<div class=\"elementor-element elementor-element-b544fe1 e-con-full e-flex e-con e-child\" data-id=\"b544fe1\" data-element_type=\"container\" data-e-type=\"container\">\n\t\t\t\t<div class=\"elementor-element elementor-element-f80315e elementor-widget elementor-widget-wd_text_block\" data-id=\"f80315e\" data-element_type=\"widget\" data-e-type=\"widget\" data-widget_type=\"wd_text_block.default\">\n\t\t\t\t<div class=\"elementor-widget-container\">\n\t\t\t\t\t\t\t<div class=\"wd-text-block reset-last-child text-left\">\n\t\t\t\n\t\t\t<h1 class=\"sc-hOGkXu NrNIR pf-6_\" data-pf-type=\"Heading\"><span class=\"sc-gyElHZ fxaypC pf-8_\" data-pf-type=\"Text\">Formaci\u00f3n Vogel: Domina el Arte de la Amplificaci\u00f3n de la Energ\u00eda y la Sanaci\u00f3n con Cristales  <\/span><\/h1><p class=\"sc-FNXRL jGHEAN pf-9_\" data-pf-type=\"Paragraph\"><span class=\"sc-gyElHZ fxaypC pf-11_\" data-pf-type=\"Text\">Aprender sobre los cristales Vogel es un intrigante viaje al reino de la sanaci\u00f3n con cristales y la transformaci\u00f3n energ\u00e9tica. Estos exquisitos cristales de cuarzo, que deben su nombre a su creador Marcel Vogel, poseen propiedades \u00fanicas que los hacen muy apreciados en las pr\u00e1cticas espirituales y metaf\u00edsicas. Comprender el arte de trabajar con cristales Vogel implica profundizar en su facetado preciso, que amplifica y concentra la energ\u00eda con fines curativos. Aprendiendo sobre los cristales Vogel, las personas pueden explorar su potencial para mejorar la intuici\u00f3n, promover el equilibrio y facilitar el crecimiento espiritual. Mediante el estudio de su historia, propiedades y aplicaciones pr\u00e1cticas, se puede descubrir un mundo de conocimientos que permite aprovechar las energ\u00edas transformadoras de estos extraordinarios cristales.    <\/span><\/p>\n\t\t\t\t\t<\/div>\n\t\t\t\t\t\t<\/div>\n\t\t\t\t<\/div>\n\t\t\t\t<div class=\"elementor-element elementor-element-07a6b93 elementor-widget elementor-widget-button\" data-id=\"07a6b93\" data-element_type=\"widget\" data-e-type=\"widget\" data-widget_type=\"button.default\">\n\t\t\t\t<div class=\"elementor-widget-container\">\n\t\t\t\t\t\t\t\t\t<div class=\"elementor-button-wrapper\">\n\t\t\t\t\t<a class=\"elementor-button elementor-button-link elementor-size-sm\" href=\"https:\/\/drive.google.com\/file\/d\/1AhdnHCqftRhJQ4iMPiP6_vUFUsG1K7Jl\/view?usp=drive_link\">\n\t\t\t\t\t\t<span class=\"elementor-button-content-wrapper\">\n\t\t\t\t\t\t\t\t\t<span class=\"elementor-button-text\">DESCARGAR PDF<\/span>\n\t\t\t\t\t<\/span>\n\t\t\t\t\t<\/a>\n\t\t\t\t<\/div>\n\t\t\t\t\t\t\t\t<\/div>\n\t\t\t\t<\/div>\n\t\t\t\t<div class=\"elementor-element elementor-element-1d76f9d elementor-widget elementor-widget-spacer\" data-id=\"1d76f9d\" data-element_type=\"widget\" data-e-type=\"widget\" data-widget_type=\"spacer.default\">\n\t\t\t\t<div class=\"elementor-widget-container\">\n\t\t\t\t\t\t\t<div class=\"elementor-spacer\">\n\t\t\t<div class=\"elementor-spacer-inner\"><\/div>\n\t\t<\/div>\n\t\t\t\t\t\t<\/div>\n\t\t\t\t<\/div>\n\t\t\t\t<\/div>\n\t\t<div class=\"elementor-element elementor-element-5752915 e-con-full e-flex e-con e-child\" data-id=\"5752915\" data-element_type=\"container\" data-e-type=\"container\">\n\t\t\t\t<div class=\"elementor-element elementor-element-51af0d3 elementor-widget elementor-widget-image\" data-id=\"51af0d3\" data-element_type=\"widget\" data-e-type=\"widget\" data-widget_type=\"image.default\">\n\t\t\t\t<div class=\"elementor-widget-container\">\n\t\t\t\t\t\t\t\t\t\t\t\t\t\t\t<img decoding=\"async\" width=\"211\" height=\"300\" src=\"https:\/\/chacrys.com\/wp-content\/uploads\/2024\/12\/screenshot_349-1684678688875.png-211x300.webp\" class=\"attachment-medium size-medium wp-image-31797\" alt=\"cuaderno de cristal vogel\" srcset=\"https:\/\/chacrys.com\/wp-content\/uploads\/2024\/12\/screenshot_349-1684678688875.png-211x300.webp 211w, https:\/\/chacrys.com\/wp-content\/uploads\/2024\/12\/screenshot_349-1684678688875.png-430x612.webp 430w, https:\/\/chacrys.com\/wp-content\/uploads\/2024\/12\/screenshot_349-1684678688875.png-150x214.webp 150w, https:\/\/chacrys.com\/wp-content\/uploads\/2024\/12\/screenshot_349-1684678688875.png.webp 550w\" sizes=\"(max-width: 211px) 100vw, 211px\" \/>\t\t\t\t\t\t\t\t\t\t\t\t\t\t\t<\/div>\n\t\t\t\t<\/div>\n\t\t\t\t<\/div>\n\t\t\t\t\t<\/div>\n\t\t\t\t<\/div>\n\t\t<div class=\"wd-negative-gap elementor-element elementor-element-3989e73 e-grid e-con-boxed e-con e-parent\" data-id=\"3989e73\" data-element_type=\"container\" data-e-type=\"container\">\n\t\t\t\t\t<div class=\"e-con-inner\">\n\t\t\t\t<div class=\"elementor-element elementor-element-60c624a elementor-widget elementor-widget-video\" data-id=\"60c624a\" data-element_type=\"widget\" data-e-type=\"widget\" data-settings=\"{&quot;youtube_url&quot;:&quot;https:\\\/\\\/youtu.be\\\/EoyqIrsahJw&quot;,&quot;video_type&quot;:&quot;youtube&quot;,&quot;controls&quot;:&quot;yes&quot;}\" data-widget_type=\"video.default\">\n\t\t\t\t<div class=\"elementor-widget-container\">\n\t\t\t\t\t\t\t<div class=\"elementor-wrapper elementor-open-inline\">\n\t\t\t<div class=\"elementor-video\"><\/div>\t\t<\/div>\n\t\t\t\t\t\t<\/div>\n\t\t\t\t<\/div>\n\t\t\t\t<div class=\"elementor-element elementor-element-5686fde elementor-widget elementor-widget-video\" data-id=\"5686fde\" data-element_type=\"widget\" data-e-type=\"widget\" data-settings=\"{&quot;youtube_url&quot;:&quot;https:\\\/\\\/youtu.be\\\/w-jxBCCEyvc&quot;,&quot;video_type&quot;:&quot;youtube&quot;,&quot;controls&quot;:&quot;yes&quot;}\" data-widget_type=\"video.default\">\n\t\t\t\t<div class=\"elementor-widget-container\">\n\t\t\t\t\t\t\t<div class=\"elementor-wrapper elementor-open-inline\">\n\t\t\t<div class=\"elementor-video\"><\/div>\t\t<\/div>\n\t\t\t\t\t\t<\/div>\n\t\t\t\t<\/div>\n\t\t\t\t<div class=\"elementor-element elementor-element-5abb20d elementor-widget elementor-widget-video\" data-id=\"5abb20d\" data-element_type=\"widget\" data-e-type=\"widget\" data-settings=\"{&quot;youtube_url&quot;:&quot;https:\\\/\\\/youtu.be\\\/iKKhn36CQKI&quot;,&quot;video_type&quot;:&quot;youtube&quot;,&quot;controls&quot;:&quot;yes&quot;}\" data-widget_type=\"video.default\">\n\t\t\t\t<div class=\"elementor-widget-container\">\n\t\t\t\t\t\t\t<div class=\"elementor-wrapper elementor-open-inline\">\n\t\t\t<div class=\"elementor-video\"><\/div>\t\t<\/div>\n\t\t\t\t\t\t<\/div>\n\t\t\t\t<\/div>\n\t\t\t\t\t<\/div>\n\t\t\t\t<\/div>\n\t\t<div class=\"wd-negative-gap elementor-element elementor-element-270338c e-grid e-con-boxed e-con e-parent\" data-id=\"270338c\" data-element_type=\"container\" data-e-type=\"container\">\n\t\t\t\t\t<div class=\"e-con-inner\">\n\t\t\t\t<div class=\"elementor-element elementor-element-8c1b232 elementor-widget elementor-widget-video\" data-id=\"8c1b232\" data-element_type=\"widget\" data-e-type=\"widget\" data-settings=\"{&quot;youtube_url&quot;:&quot;https:\\\/\\\/youtu.be\\\/ASjTfGY92Ys&quot;,&quot;video_type&quot;:&quot;youtube&quot;,&quot;controls&quot;:&quot;yes&quot;}\" data-widget_type=\"video.default\">\n\t\t\t\t<div class=\"elementor-widget-container\">\n\t\t\t\t\t\t\t<div class=\"elementor-wrapper elementor-open-inline\">\n\t\t\t<div class=\"elementor-video\"><\/div>\t\t<\/div>\n\t\t\t\t\t\t<\/div>\n\t\t\t\t<\/div>\n\t\t\t\t<div class=\"elementor-element elementor-element-9dd7a14 elementor-widget elementor-widget-video\" data-id=\"9dd7a14\" data-element_type=\"widget\" data-e-type=\"widget\" data-settings=\"{&quot;youtube_url&quot;:&quot;https:\\\/\\\/youtu.be\\\/btYiS_xWycM&quot;,&quot;video_type&quot;:&quot;youtube&quot;,&quot;controls&quot;:&quot;yes&quot;}\" data-widget_type=\"video.default\">\n\t\t\t\t<div class=\"elementor-widget-container\">\n\t\t\t\t\t\t\t<div class=\"elementor-wrapper elementor-open-inline\">\n\t\t\t<div class=\"elementor-video\"><\/div>\t\t<\/div>\n\t\t\t\t\t\t<\/div>\n\t\t\t\t<\/div>\n\t\t\t\t<div class=\"elementor-element elementor-element-b1e3768 elementor-widget elementor-widget-video\" data-id=\"b1e3768\" data-element_type=\"widget\" data-e-type=\"widget\" data-settings=\"{&quot;youtube_url&quot;:&quot;https:\\\/\\\/youtu.be\\\/hsBb1IcMqSc&quot;,&quot;video_type&quot;:&quot;youtube&quot;,&quot;controls&quot;:&quot;yes&quot;}\" data-widget_type=\"video.default\">\n\t\t\t\t<div class=\"elementor-widget-container\">\n\t\t\t\t\t\t\t<div class=\"elementor-wrapper elementor-open-inline\">\n\t\t\t<div class=\"elementor-video\"><\/div>\t\t<\/div>\n\t\t\t\t\t\t<\/div>\n\t\t\t\t<\/div>\n\t\t\t\t\t<\/div>\n\t\t\t\t<\/div>\n\t\t<div class=\"wd-negative-gap elementor-element elementor-element-2f422de e-grid e-con-boxed e-con e-parent\" data-id=\"2f422de\" data-element_type=\"container\" data-e-type=\"container\">\n\t\t\t\t\t<div class=\"e-con-inner\">\n\t\t\t\t<div class=\"elementor-element elementor-element-78bc2d5 elementor-widget elementor-widget-video\" data-id=\"78bc2d5\" data-element_type=\"widget\" data-e-type=\"widget\" data-settings=\"{&quot;youtube_url&quot;:&quot;https:\\\/\\\/youtu.be\\\/W9QsrcqdzuU&quot;,&quot;video_type&quot;:&quot;youtube&quot;,&quot;controls&quot;:&quot;yes&quot;}\" data-widget_type=\"video.default\">\n\t\t\t\t<div class=\"elementor-widget-container\">\n\t\t\t\t\t\t\t<div class=\"elementor-wrapper elementor-open-inline\">\n\t\t\t<div class=\"elementor-video\"><\/div>\t\t<\/div>\n\t\t\t\t\t\t<\/div>\n\t\t\t\t<\/div>\n\t\t\t\t<div class=\"elementor-element elementor-element-a3e0d61 elementor-widget elementor-widget-video\" data-id=\"a3e0d61\" data-element_type=\"widget\" data-e-type=\"widget\" data-settings=\"{&quot;youtube_url&quot;:&quot;https:\\\/\\\/youtu.be\\\/qryIzIY3uWI&quot;,&quot;video_type&quot;:&quot;youtube&quot;,&quot;controls&quot;:&quot;yes&quot;}\" data-widget_type=\"video.default\">\n\t\t\t\t<div class=\"elementor-widget-container\">\n\t\t\t\t\t\t\t<div class=\"elementor-wrapper elementor-open-inline\">\n\t\t\t<div class=\"elementor-video\"><\/div>\t\t<\/div>\n\t\t\t\t\t\t<\/div>\n\t\t\t\t<\/div>\n\t\t\t\t<div class=\"elementor-element elementor-element-f0989fd elementor-widget elementor-widget-video\" data-id=\"f0989fd\" data-element_type=\"widget\" data-e-type=\"widget\" data-settings=\"{&quot;youtube_url&quot;:&quot;https:\\\/\\\/youtu.be\\\/X6SexwBH9G0&quot;,&quot;video_type&quot;:&quot;youtube&quot;,&quot;controls&quot;:&quot;yes&quot;}\" data-widget_type=\"video.default\">\n\t\t\t\t<div class=\"elementor-widget-container\">\n\t\t\t\t\t\t\t<div class=\"elementor-wrapper elementor-open-inline\">\n\t\t\t<div class=\"elementor-video\"><\/div>\t\t<\/div>\n\t\t\t\t\t\t<\/div>\n\t\t\t\t<\/div>\n\t\t\t\t\t<\/div>\n\t\t\t\t<\/div>\n\t\t<div class=\"wd-negative-gap elementor-element elementor-element-9450b4e e-grid e-con-boxed e-con e-parent\" data-id=\"9450b4e\" data-element_type=\"container\" data-e-type=\"container\">\n\t\t\t\t\t<div class=\"e-con-inner\">\n\t\t\t\t<div class=\"elementor-element elementor-element-bc295cd elementor-widget elementor-widget-video\" data-id=\"bc295cd\" data-element_type=\"widget\" data-e-type=\"widget\" data-settings=\"{&quot;youtube_url&quot;:&quot;https:\\\/\\\/youtu.be\\\/x_GpHfwccmE&quot;,&quot;video_type&quot;:&quot;youtube&quot;,&quot;controls&quot;:&quot;yes&quot;}\" data-widget_type=\"video.default\">\n\t\t\t\t<div class=\"elementor-widget-container\">\n\t\t\t\t\t\t\t<div class=\"elementor-wrapper elementor-open-inline\">\n\t\t\t<div class=\"elementor-video\"><\/div>\t\t<\/div>\n\t\t\t\t\t\t<\/div>\n\t\t\t\t<\/div>\n\t\t\t\t<div class=\"elementor-element elementor-element-b78800d elementor-widget elementor-widget-video\" data-id=\"b78800d\" data-element_type=\"widget\" data-e-type=\"widget\" data-settings=\"{&quot;youtube_url&quot;:&quot;https:\\\/\\\/youtu.be\\\/a0dFmFjpGBg&quot;,&quot;video_type&quot;:&quot;youtube&quot;,&quot;controls&quot;:&quot;yes&quot;}\" data-widget_type=\"video.default\">\n\t\t\t\t<div class=\"elementor-widget-container\">\n\t\t\t\t\t\t\t<div class=\"elementor-wrapper elementor-open-inline\">\n\t\t\t<div class=\"elementor-video\"><\/div>\t\t<\/div>\n\t\t\t\t\t\t<\/div>\n\t\t\t\t<\/div>\n\t\t\t\t<div class=\"elementor-element elementor-element-66099fc elementor-widget elementor-widget-video\" data-id=\"66099fc\" data-element_type=\"widget\" data-e-type=\"widget\" data-settings=\"{&quot;youtube_url&quot;:&quot;https:\\\/\\\/youtu.be\\\/rgNww4KLD4Y&quot;,&quot;video_type&quot;:&quot;youtube&quot;,&quot;controls&quot;:&quot;yes&quot;}\" data-widget_type=\"video.default\">\n\t\t\t\t<div class=\"elementor-widget-container\">\n\t\t\t\t\t\t\t<div class=\"elementor-wrapper elementor-open-inline\">\n\t\t\t<div class=\"elementor-video\"><\/div>\t\t<\/div>\n\t\t\t\t\t\t<\/div>\n\t\t\t\t<\/div>\n\t\t\t\t\t<\/div>\n\t\t\t\t<\/div>\n\t\t\t\t<\/div>\n\t\t","protected":false},"excerpt":{"rendered":"<p>Formaci\u00f3n Vogel: Domina el Arte de la Amplificaci\u00f3n de la Energ\u00eda y la Sanaci\u00f3n con Cristales Aprender sobre los cristales<\/p>\n","protected":false},"author":1,"featured_media":0,"parent":0,"menu_order":0,"comment_status":"closed","ping_status":"closed","template":"","meta":{"footnotes":""},"class_list":["post-33290","page","type-page","status-publish","hentry"],"yoast_head":"<!-- This site is optimized with the Yoast SEO plugin v27.3 - https:\/\/yoast.com\/product\/yoast-seo-wordpress\/ -->\n<title>Formaci\u00f3n Vogel | Aprende a utilizar los cristales Vogel para sanar<\/title>\n<meta name=\"description\" content=\"\u00danete a la Formaci\u00f3n Vogel de Chacrys para dominar el uso de los cristales Vogel para la amplificaci\u00f3n de la energ\u00eda y la sanaci\u00f3n. Aprende t\u00e9cnicas expertas para el bienestar espiritual.\" \/>\n<meta name=\"robots\" content=\"index, follow, max-snippet:-1, max-image-preview:large, max-video-preview:-1\" \/>\n<link rel=\"canonical\" href=\"https:\/\/chacrys.com\/es\/entrenamiento-con-cristales-vogel\/\" \/>\n<meta property=\"og:locale\" content=\"es_ES\" \/>\n<meta property=\"og:type\" content=\"article\" \/>\n<meta property=\"og:title\" content=\"Formaci\u00f3n Vogel | Aprende a utilizar los cristales Vogel para sanar\" \/>\n<meta property=\"og:description\" content=\"\u00danete a la Formaci\u00f3n Vogel de Chacrys para dominar el uso de los cristales Vogel para la amplificaci\u00f3n de la energ\u00eda y la sanaci\u00f3n. Aprende t\u00e9cnicas expertas para el bienestar espiritual.\" \/>\n<meta property=\"og:url\" content=\"https:\/\/chacrys.com\/es\/entrenamiento-con-cristales-vogel\/\" \/>\n<meta property=\"og:site_name\" content=\"Chacrys\" \/>\n<meta property=\"article:publisher\" content=\"https:\/\/www.facebook.com\/chacryscrystal\" \/>\n<meta property=\"article:modified_time\" content=\"2025-06-23T12:54:28+00:00\" \/>\n<meta property=\"og:image\" content=\"https:\/\/chacrys.com\/wp-content\/uploads\/2024\/12\/screenshot_349-1684678688875.png-211x300.webp\" \/>\n<meta name=\"twitter:card\" content=\"summary_large_image\" \/>\n<meta name=\"twitter:label1\" content=\"Tiempo de lectura\" \/>\n\t<meta name=\"twitter:data1\" content=\"1 minuto\" \/>\n<script type=\"application\/ld+json\" class=\"yoast-schema-graph\">{\"@context\":\"https:\\\/\\\/schema.org\",\"@graph\":[{\"@type\":\"WebPage\",\"@id\":\"https:\\\/\\\/chacrys.com\\\/es\\\/entrenamiento-con-cristales-vogel\\\/\",\"url\":\"https:\\\/\\\/chacrys.com\\\/es\\\/entrenamiento-con-cristales-vogel\\\/\",\"name\":\"Formaci\u00f3n Vogel | Aprende a utilizar los cristales Vogel para sanar\",\"isPartOf\":{\"@id\":\"https:\\\/\\\/chacrys.com\\\/es\\\/#website\"},\"primaryImageOfPage\":{\"@id\":\"https:\\\/\\\/chacrys.com\\\/es\\\/entrenamiento-con-cristales-vogel\\\/#primaryimage\"},\"image\":{\"@id\":\"https:\\\/\\\/chacrys.com\\\/es\\\/entrenamiento-con-cristales-vogel\\\/#primaryimage\"},\"thumbnailUrl\":\"https:\\\/\\\/chacrys.com\\\/wp-content\\\/uploads\\\/2024\\\/12\\\/screenshot_349-1684678688875.png-211x300.webp\",\"datePublished\":\"2024-12-11T13:05:59+00:00\",\"dateModified\":\"2025-06-23T12:54:28+00:00\",\"description\":\"\u00danete a la Formaci\u00f3n Vogel de Chacrys para dominar el uso de los cristales Vogel para la amplificaci\u00f3n de la energ\u00eda y la sanaci\u00f3n. Aprende t\u00e9cnicas expertas para el bienestar espiritual.\",\"breadcrumb\":{\"@id\":\"https:\\\/\\\/chacrys.com\\\/es\\\/entrenamiento-con-cristales-vogel\\\/#breadcrumb\"},\"inLanguage\":\"es\",\"potentialAction\":[{\"@type\":\"ReadAction\",\"target\":[\"https:\\\/\\\/chacrys.com\\\/es\\\/entrenamiento-con-cristales-vogel\\\/\"]}]},{\"@type\":\"ImageObject\",\"inLanguage\":\"es\",\"@id\":\"https:\\\/\\\/chacrys.com\\\/es\\\/entrenamiento-con-cristales-vogel\\\/#primaryimage\",\"url\":\"https:\\\/\\\/chacrys.com\\\/wp-content\\\/uploads\\\/2024\\\/12\\\/screenshot_349-1684678688875.png-211x300.webp\",\"contentUrl\":\"https:\\\/\\\/chacrys.com\\\/wp-content\\\/uploads\\\/2024\\\/12\\\/screenshot_349-1684678688875.png-211x300.webp\"},{\"@type\":\"BreadcrumbList\",\"@id\":\"https:\\\/\\\/chacrys.com\\\/es\\\/entrenamiento-con-cristales-vogel\\\/#breadcrumb\",\"itemListElement\":[{\"@type\":\"ListItem\",\"position\":1,\"name\":\"Home\",\"item\":\"https:\\\/\\\/chacrys.com\\\/es\\\/\"},{\"@type\":\"ListItem\",\"position\":2,\"name\":\"Entrenamiento con cristales Vogel\"}]},{\"@type\":\"WebSite\",\"@id\":\"https:\\\/\\\/chacrys.com\\\/es\\\/#website\",\"url\":\"https:\\\/\\\/chacrys.com\\\/es\\\/\",\"name\":\"Chacrys\",\"description\":\"Chacrys\",\"publisher\":{\"@id\":\"https:\\\/\\\/chacrys.com\\\/es\\\/#organization\"},\"potentialAction\":[{\"@type\":\"SearchAction\",\"target\":{\"@type\":\"EntryPoint\",\"urlTemplate\":\"https:\\\/\\\/chacrys.com\\\/es\\\/?s={search_term_string}\"},\"query-input\":{\"@type\":\"PropertyValueSpecification\",\"valueRequired\":true,\"valueName\":\"search_term_string\"}}],\"inLanguage\":\"es\"},{\"@type\":\"Organization\",\"@id\":\"https:\\\/\\\/chacrys.com\\\/es\\\/#organization\",\"name\":\"Chacrys\",\"url\":\"https:\\\/\\\/chacrys.com\\\/es\\\/\",\"logo\":{\"@type\":\"ImageObject\",\"inLanguage\":\"es\",\"@id\":\"https:\\\/\\\/chacrys.com\\\/es\\\/#\\\/schema\\\/logo\\\/image\\\/\",\"url\":\"https:\\\/\\\/chacrys.com\\\/wp-content\\\/uploads\\\/2024\\\/11\\\/cropped-FRANJULIA-6.png\",\"contentUrl\":\"https:\\\/\\\/chacrys.com\\\/wp-content\\\/uploads\\\/2024\\\/11\\\/cropped-FRANJULIA-6.png\",\"width\":512,\"height\":512,\"caption\":\"Chacrys\"},\"image\":{\"@id\":\"https:\\\/\\\/chacrys.com\\\/es\\\/#\\\/schema\\\/logo\\\/image\\\/\"},\"sameAs\":[\"https:\\\/\\\/www.facebook.com\\\/chacryscrystal\",\"https:\\\/\\\/www.instagram.com\\\/chacrys\\\/\",\"https:\\\/\\\/www.pinterest.com\\\/chacryscrystalbed\\\/\",\"https:\\\/\\\/www.youtube.com\\\/@chacrysofficial9667\"]}]}<\/script>\n<!-- \/ Yoast SEO plugin. -->","yoast_head_json":{"title":"Formaci\u00f3n Vogel | Aprende a utilizar los cristales Vogel para sanar","description":"\u00danete a la Formaci\u00f3n Vogel de Chacrys para dominar el uso de los cristales Vogel para la amplificaci\u00f3n de la energ\u00eda y la sanaci\u00f3n. Aprende t\u00e9cnicas expertas para el bienestar espiritual.","robots":{"index":"index","follow":"follow","max-snippet":"max-snippet:-1","max-image-preview":"max-image-preview:large","max-video-preview":"max-video-preview:-1"},"canonical":"https:\/\/chacrys.com\/es\/entrenamiento-con-cristales-vogel\/","og_locale":"es_ES","og_type":"article","og_title":"Formaci\u00f3n Vogel | Aprende a utilizar los cristales Vogel para sanar","og_description":"\u00danete a la Formaci\u00f3n Vogel de Chacrys para dominar el uso de los cristales Vogel para la amplificaci\u00f3n de la energ\u00eda y la sanaci\u00f3n. Aprende t\u00e9cnicas expertas para el bienestar espiritual.","og_url":"https:\/\/chacrys.com\/es\/entrenamiento-con-cristales-vogel\/","og_site_name":"Chacrys","article_publisher":"https:\/\/www.facebook.com\/chacryscrystal","article_modified_time":"2025-06-23T12:54:28+00:00","og_image":[{"url":"https:\/\/chacrys.com\/wp-content\/uploads\/2024\/12\/screenshot_349-1684678688875.png-211x300.webp","type":"","width":"","height":""}],"twitter_card":"summary_large_image","twitter_misc":{"Tiempo de lectura":"1 minuto"},"schema":{"@context":"https:\/\/schema.org","@graph":[{"@type":"WebPage","@id":"https:\/\/chacrys.com\/es\/entrenamiento-con-cristales-vogel\/","url":"https:\/\/chacrys.com\/es\/entrenamiento-con-cristales-vogel\/","name":"Formaci\u00f3n Vogel | Aprende a utilizar los cristales Vogel para sanar","isPartOf":{"@id":"https:\/\/chacrys.com\/es\/#website"},"primaryImageOfPage":{"@id":"https:\/\/chacrys.com\/es\/entrenamiento-con-cristales-vogel\/#primaryimage"},"image":{"@id":"https:\/\/chacrys.com\/es\/entrenamiento-con-cristales-vogel\/#primaryimage"},"thumbnailUrl":"https:\/\/chacrys.com\/wp-content\/uploads\/2024\/12\/screenshot_349-1684678688875.png-211x300.webp","datePublished":"2024-12-11T13:05:59+00:00","dateModified":"2025-06-23T12:54:28+00:00","description":"\u00danete a la Formaci\u00f3n Vogel de Chacrys para dominar el uso de los cristales Vogel para la amplificaci\u00f3n de la energ\u00eda y la sanaci\u00f3n. Aprende t\u00e9cnicas expertas para el bienestar espiritual.","breadcrumb":{"@id":"https:\/\/chacrys.com\/es\/entrenamiento-con-cristales-vogel\/#breadcrumb"},"inLanguage":"es","potentialAction":[{"@type":"ReadAction","target":["https:\/\/chacrys.com\/es\/entrenamiento-con-cristales-vogel\/"]}]},{"@type":"ImageObject","inLanguage":"es","@id":"https:\/\/chacrys.com\/es\/entrenamiento-con-cristales-vogel\/#primaryimage","url":"https:\/\/chacrys.com\/wp-content\/uploads\/2024\/12\/screenshot_349-1684678688875.png-211x300.webp","contentUrl":"https:\/\/chacrys.com\/wp-content\/uploads\/2024\/12\/screenshot_349-1684678688875.png-211x300.webp"},{"@type":"BreadcrumbList","@id":"https:\/\/chacrys.com\/es\/entrenamiento-con-cristales-vogel\/#breadcrumb","itemListElement":[{"@type":"ListItem","position":1,"name":"Home","item":"https:\/\/chacrys.com\/es\/"},{"@type":"ListItem","position":2,"name":"Entrenamiento con cristales Vogel"}]},{"@type":"WebSite","@id":"https:\/\/chacrys.com\/es\/#website","url":"https:\/\/chacrys.com\/es\/","name":"Chacrys","description":"Chacrys","publisher":{"@id":"https:\/\/chacrys.com\/es\/#organization"},"potentialAction":[{"@type":"SearchAction","target":{"@type":"EntryPoint","urlTemplate":"https:\/\/chacrys.com\/es\/?s={search_term_string}"},"query-input":{"@type":"PropertyValueSpecification","valueRequired":true,"valueName":"search_term_string"}}],"inLanguage":"es"},{"@type":"Organization","@id":"https:\/\/chacrys.com\/es\/#organization","name":"Chacrys","url":"https:\/\/chacrys.com\/es\/","logo":{"@type":"ImageObject","inLanguage":"es","@id":"https:\/\/chacrys.com\/es\/#\/schema\/logo\/image\/","url":"https:\/\/chacrys.com\/wp-content\/uploads\/2024\/11\/cropped-FRANJULIA-6.png","contentUrl":"https:\/\/chacrys.com\/wp-content\/uploads\/2024\/11\/cropped-FRANJULIA-6.png","width":512,"height":512,"caption":"Chacrys"},"image":{"@id":"https:\/\/chacrys.com\/es\/#\/schema\/logo\/image\/"},"sameAs":["https:\/\/www.facebook.com\/chacryscrystal","https:\/\/www.instagram.com\/chacrys\/","https:\/\/www.pinterest.com\/chacryscrystalbed\/","https:\/\/www.youtube.com\/@chacrysofficial9667"]}]}},"_links":{"self":[{"href":"https:\/\/chacrys.com\/es\/wp-json\/wp\/v2\/pages\/33290","targetHints":{"allow":["GET"]}}],"collection":[{"href":"https:\/\/chacrys.com\/es\/wp-json\/wp\/v2\/pages"}],"about":[{"href":"https:\/\/chacrys.com\/es\/wp-json\/wp\/v2\/types\/page"}],"author":[{"embeddable":true,"href":"https:\/\/chacrys.com\/es\/wp-json\/wp\/v2\/users\/1"}],"replies":[{"embeddable":true,"href":"https:\/\/chacrys.com\/es\/wp-json\/wp\/v2\/comments?post=33290"}],"version-history":[{"count":1,"href":"https:\/\/chacrys.com\/es\/wp-json\/wp\/v2\/pages\/33290\/revisions"}],"predecessor-version":[{"id":33293,"href":"https:\/\/chacrys.com\/es\/wp-json\/wp\/v2\/pages\/33290\/revisions\/33293"}],"wp:attachment":[{"href":"https:\/\/chacrys.com\/es\/wp-json\/wp\/v2\/media?parent=33290"}],"curies":[{"name":"wp","href":"https:\/\/api.w.org\/{rel}","templated":true}]}}