{"id":33061,"date":"2025-06-15T04:38:10","date_gmt":"2025-06-15T04:38:10","guid":{"rendered":"https:\/\/chacrys.com\/cristales\/piedra-ame-ametrina-cristal-significado-beneficios-propiedades-curativas-y-modo-de-empleo\/"},"modified":"2025-06-15T04:34:36","modified_gmt":"2025-06-15T04:34:36","slug":"piedra-ame-ametrina-cristal-significado-beneficios-propiedades-curativas-y-modo-de-empleo","status":"publish","type":"page","link":"https:\/\/chacrys.com\/es\/cristales\/piedra-ame-ametrina-cristal-significado-beneficios-propiedades-curativas-y-modo-de-empleo\/","title":{"rendered":"Piedra Ame (Ametrina) Cristal &#8211; Significado, beneficios, propiedades curativas y modo de empleo"},"content":{"rendered":"<h2 style=\"font-size:28px\">\u00bfQu\u00e9 es la Piedra Ame (Ametrina)?<\/h2>\n<div style=\"font-size:22px\">El ametrino es una combinaci\u00f3n de amatista y citrino en un solo cristal, lo que da lugar a tonalidades p\u00farpuras y doradas.<\/div>\n<h2 style=\"font-size:28px\">Beneficios de la Piedra Ame (Ametrina)<\/h2>\n<div style=\"font-size:22px\">El ametrino combina la energ\u00eda calmante de la amatista con las propiedades energizantes del citrino. Ayuda a la claridad mental, a la toma de decisiones y proporciona equilibrio entre el pensamiento creativo y el anal\u00edtico. <\/div>\n<h2 style=\"font-size:28px\"><span data-sheets-root=\"1\">\u00bfC\u00f3mo utilizar la Piedra Ame (Ametrina)?<\/span><\/h2>\n<div style=\"font-size:22px\">Col\u00f3calo en tu escritorio para aumentar la concentraci\u00f3n, o medita con \u00e9l para tener una visi\u00f3n y un pensamiento equilibrados.<\/div>\n<h2 style=\"font-size:28px\">Propiedades curativas de la Piedra Ame (Ametrina)<\/h2>\n<div style=\"font-size:22px\">La coloraci\u00f3n \u00fanica de la ametrina procede de los distintos estados de oxidaci\u00f3n del hierro en el interior del cristal.<\/div>\n<h2 style=\"font-size:28px\"><span data-sheets-root=\"1\">Limpieza y Mantenimiento de la Piedra Ame (Ametrina)<\/span><\/h2>\n<div style=\"font-size:22px\">L\u00edmpialo con agua tibia y un pa\u00f1o suave. Evita la exposici\u00f3n prolongada a la luz solar. <\/div>\n","protected":false},"excerpt":{"rendered":"<p>\u00bfQu\u00e9 es la Piedra Ame (Ametrina)? El ametrino es una combinaci\u00f3n de amatista y citrino en un solo cristal, lo<\/p>\n","protected":false},"author":1,"featured_media":0,"parent":33022,"menu_order":0,"comment_status":"closed","ping_status":"closed","template":"","meta":{"footnotes":""},"class_list":["post-33061","page","type-page","status-publish","hentry"],"yoast_head":"<!-- This site is optimized with the Yoast SEO plugin v27.5 - https:\/\/yoast.com\/product\/yoast-seo-wordpress\/ -->\n<title>Piedra Ame (Ametrina) Cristal - Significado, beneficios, propiedades curativas y modo de empleo - Chacrys<\/title>\n<meta name=\"robots\" content=\"index, follow, max-snippet:-1, max-image-preview:large, max-video-preview:-1\" \/>\n<link rel=\"canonical\" href=\"https:\/\/chacrys.com\/es\/cristales\/piedra-ame-ametrina-cristal-significado-beneficios-propiedades-curativas-y-modo-de-empleo\/\" \/>\n<meta property=\"og:locale\" content=\"es_ES\" \/>\n<meta property=\"og:type\" content=\"article\" \/>\n<meta property=\"og:title\" content=\"Piedra Ame (Ametrina) Cristal - Significado, beneficios, propiedades curativas y modo de empleo - Chacrys\" \/>\n<meta property=\"og:description\" content=\"\u00bfQu\u00e9 es la Piedra Ame (Ametrina)? El ametrino es una combinaci\u00f3n de amatista y citrino en un solo cristal, lo\" \/>\n<meta property=\"og:url\" content=\"https:\/\/chacrys.com\/es\/cristales\/piedra-ame-ametrina-cristal-significado-beneficios-propiedades-curativas-y-modo-de-empleo\/\" \/>\n<meta property=\"og:site_name\" content=\"Chacrys\" \/>\n<meta property=\"article:publisher\" content=\"https:\/\/www.facebook.com\/chacryscrystal\" \/>\n<meta name=\"twitter:card\" content=\"summary_large_image\" \/>\n<meta name=\"twitter:label1\" content=\"Tiempo de lectura\" \/>\n\t<meta name=\"twitter:data1\" content=\"1 minuto\" \/>\n<script type=\"application\/ld+json\" class=\"yoast-schema-graph\">{\"@context\":\"https:\\\/\\\/schema.org\",\"@graph\":[{\"@type\":\"WebPage\",\"@id\":\"https:\\\/\\\/chacrys.com\\\/es\\\/cristales\\\/piedra-ame-ametrina-cristal-significado-beneficios-propiedades-curativas-y-modo-de-empleo\\\/\",\"url\":\"https:\\\/\\\/chacrys.com\\\/es\\\/cristales\\\/piedra-ame-ametrina-cristal-significado-beneficios-propiedades-curativas-y-modo-de-empleo\\\/\",\"name\":\"Piedra Ame (Ametrina) Cristal - Significado, beneficios, propiedades curativas y modo de empleo - Chacrys\",\"isPartOf\":{\"@id\":\"https:\\\/\\\/chacrys.com\\\/es\\\/#website\"},\"datePublished\":\"2025-06-15T04:38:10+00:00\",\"breadcrumb\":{\"@id\":\"https:\\\/\\\/chacrys.com\\\/es\\\/cristales\\\/piedra-ame-ametrina-cristal-significado-beneficios-propiedades-curativas-y-modo-de-empleo\\\/#breadcrumb\"},\"inLanguage\":\"es\",\"potentialAction\":[{\"@type\":\"ReadAction\",\"target\":[\"https:\\\/\\\/chacrys.com\\\/es\\\/cristales\\\/piedra-ame-ametrina-cristal-significado-beneficios-propiedades-curativas-y-modo-de-empleo\\\/\"]}]},{\"@type\":\"BreadcrumbList\",\"@id\":\"https:\\\/\\\/chacrys.com\\\/es\\\/cristales\\\/piedra-ame-ametrina-cristal-significado-beneficios-propiedades-curativas-y-modo-de-empleo\\\/#breadcrumb\",\"itemListElement\":[{\"@type\":\"ListItem\",\"position\":1,\"name\":\"Home\",\"item\":\"https:\\\/\\\/chacrys.com\\\/es\\\/\"},{\"@type\":\"ListItem\",\"position\":2,\"name\":\"Cristales\",\"item\":\"https:\\\/\\\/chacrys.com\\\/es\\\/cristales\\\/\"},{\"@type\":\"ListItem\",\"position\":3,\"name\":\"Piedra Ame (Ametrina) Cristal &#8211; Significado, beneficios, propiedades curativas y modo de empleo\"}]},{\"@type\":\"WebSite\",\"@id\":\"https:\\\/\\\/chacrys.com\\\/es\\\/#website\",\"url\":\"https:\\\/\\\/chacrys.com\\\/es\\\/\",\"name\":\"Chacrys\",\"description\":\"Chacrys\",\"publisher\":{\"@id\":\"https:\\\/\\\/chacrys.com\\\/es\\\/#organization\"},\"potentialAction\":[{\"@type\":\"SearchAction\",\"target\":{\"@type\":\"EntryPoint\",\"urlTemplate\":\"https:\\\/\\\/chacrys.com\\\/es\\\/?s={search_term_string}\"},\"query-input\":{\"@type\":\"PropertyValueSpecification\",\"valueRequired\":true,\"valueName\":\"search_term_string\"}}],\"inLanguage\":\"es\"},{\"@type\":\"Organization\",\"@id\":\"https:\\\/\\\/chacrys.com\\\/es\\\/#organization\",\"name\":\"Chacrys\",\"url\":\"https:\\\/\\\/chacrys.com\\\/es\\\/\",\"logo\":{\"@type\":\"ImageObject\",\"inLanguage\":\"es\",\"@id\":\"https:\\\/\\\/chacrys.com\\\/es\\\/#\\\/schema\\\/logo\\\/image\\\/\",\"url\":\"https:\\\/\\\/chacrys.com\\\/wp-content\\\/uploads\\\/2024\\\/11\\\/cropped-FRANJULIA-6.png\",\"contentUrl\":\"https:\\\/\\\/chacrys.com\\\/wp-content\\\/uploads\\\/2024\\\/11\\\/cropped-FRANJULIA-6.png\",\"width\":512,\"height\":512,\"caption\":\"Chacrys\"},\"image\":{\"@id\":\"https:\\\/\\\/chacrys.com\\\/es\\\/#\\\/schema\\\/logo\\\/image\\\/\"},\"sameAs\":[\"https:\\\/\\\/www.facebook.com\\\/chacryscrystal\",\"https:\\\/\\\/www.instagram.com\\\/chacrys\\\/\",\"https:\\\/\\\/www.pinterest.com\\\/chacryscrystalbed\\\/\",\"https:\\\/\\\/www.youtube.com\\\/@chacrysofficial9667\"]}]}<\/script>\n<!-- \/ Yoast SEO plugin. -->","yoast_head_json":{"title":"Piedra Ame (Ametrina) Cristal - Significado, beneficios, propiedades curativas y modo de empleo - Chacrys","robots":{"index":"index","follow":"follow","max-snippet":"max-snippet:-1","max-image-preview":"max-image-preview:large","max-video-preview":"max-video-preview:-1"},"canonical":"https:\/\/chacrys.com\/es\/cristales\/piedra-ame-ametrina-cristal-significado-beneficios-propiedades-curativas-y-modo-de-empleo\/","og_locale":"es_ES","og_type":"article","og_title":"Piedra Ame (Ametrina) Cristal - Significado, beneficios, propiedades curativas y modo de empleo - Chacrys","og_description":"\u00bfQu\u00e9 es la Piedra Ame (Ametrina)? El ametrino es una combinaci\u00f3n de amatista y citrino en un solo cristal, lo","og_url":"https:\/\/chacrys.com\/es\/cristales\/piedra-ame-ametrina-cristal-significado-beneficios-propiedades-curativas-y-modo-de-empleo\/","og_site_name":"Chacrys","article_publisher":"https:\/\/www.facebook.com\/chacryscrystal","twitter_card":"summary_large_image","twitter_misc":{"Tiempo de lectura":"1 minuto"},"schema":{"@context":"https:\/\/schema.org","@graph":[{"@type":"WebPage","@id":"https:\/\/chacrys.com\/es\/cristales\/piedra-ame-ametrina-cristal-significado-beneficios-propiedades-curativas-y-modo-de-empleo\/","url":"https:\/\/chacrys.com\/es\/cristales\/piedra-ame-ametrina-cristal-significado-beneficios-propiedades-curativas-y-modo-de-empleo\/","name":"Piedra Ame (Ametrina) Cristal - Significado, beneficios, propiedades curativas y modo de empleo - Chacrys","isPartOf":{"@id":"https:\/\/chacrys.com\/es\/#website"},"datePublished":"2025-06-15T04:38:10+00:00","breadcrumb":{"@id":"https:\/\/chacrys.com\/es\/cristales\/piedra-ame-ametrina-cristal-significado-beneficios-propiedades-curativas-y-modo-de-empleo\/#breadcrumb"},"inLanguage":"es","potentialAction":[{"@type":"ReadAction","target":["https:\/\/chacrys.com\/es\/cristales\/piedra-ame-ametrina-cristal-significado-beneficios-propiedades-curativas-y-modo-de-empleo\/"]}]},{"@type":"BreadcrumbList","@id":"https:\/\/chacrys.com\/es\/cristales\/piedra-ame-ametrina-cristal-significado-beneficios-propiedades-curativas-y-modo-de-empleo\/#breadcrumb","itemListElement":[{"@type":"ListItem","position":1,"name":"Home","item":"https:\/\/chacrys.com\/es\/"},{"@type":"ListItem","position":2,"name":"Cristales","item":"https:\/\/chacrys.com\/es\/cristales\/"},{"@type":"ListItem","position":3,"name":"Piedra Ame (Ametrina) Cristal &#8211; Significado, beneficios, propiedades curativas y modo de empleo"}]},{"@type":"WebSite","@id":"https:\/\/chacrys.com\/es\/#website","url":"https:\/\/chacrys.com\/es\/","name":"Chacrys","description":"Chacrys","publisher":{"@id":"https:\/\/chacrys.com\/es\/#organization"},"potentialAction":[{"@type":"SearchAction","target":{"@type":"EntryPoint","urlTemplate":"https:\/\/chacrys.com\/es\/?s={search_term_string}"},"query-input":{"@type":"PropertyValueSpecification","valueRequired":true,"valueName":"search_term_string"}}],"inLanguage":"es"},{"@type":"Organization","@id":"https:\/\/chacrys.com\/es\/#organization","name":"Chacrys","url":"https:\/\/chacrys.com\/es\/","logo":{"@type":"ImageObject","inLanguage":"es","@id":"https:\/\/chacrys.com\/es\/#\/schema\/logo\/image\/","url":"https:\/\/chacrys.com\/wp-content\/uploads\/2024\/11\/cropped-FRANJULIA-6.png","contentUrl":"https:\/\/chacrys.com\/wp-content\/uploads\/2024\/11\/cropped-FRANJULIA-6.png","width":512,"height":512,"caption":"Chacrys"},"image":{"@id":"https:\/\/chacrys.com\/es\/#\/schema\/logo\/image\/"},"sameAs":["https:\/\/www.facebook.com\/chacryscrystal","https:\/\/www.instagram.com\/chacrys\/","https:\/\/www.pinterest.com\/chacryscrystalbed\/","https:\/\/www.youtube.com\/@chacrysofficial9667"]}]}},"_links":{"self":[{"href":"https:\/\/chacrys.com\/es\/wp-json\/wp\/v2\/pages\/33061","targetHints":{"allow":["GET"]}}],"collection":[{"href":"https:\/\/chacrys.com\/es\/wp-json\/wp\/v2\/pages"}],"about":[{"href":"https:\/\/chacrys.com\/es\/wp-json\/wp\/v2\/types\/page"}],"author":[{"embeddable":true,"href":"https:\/\/chacrys.com\/es\/wp-json\/wp\/v2\/users\/1"}],"replies":[{"embeddable":true,"href":"https:\/\/chacrys.com\/es\/wp-json\/wp\/v2\/comments?post=33061"}],"version-history":[{"count":0,"href":"https:\/\/chacrys.com\/es\/wp-json\/wp\/v2\/pages\/33061\/revisions"}],"up":[{"embeddable":true,"href":"https:\/\/chacrys.com\/es\/wp-json\/wp\/v2\/pages\/33022"}],"wp:attachment":[{"href":"https:\/\/chacrys.com\/es\/wp-json\/wp\/v2\/media?parent=33061"}],"curies":[{"name":"wp","href":"https:\/\/api.w.org\/{rel}","templated":true}]}}