{"id":31636,"date":"2021-10-12T15:51:09","date_gmt":"2021-10-12T15:51:09","guid":{"rendered":"https:\/\/chacrys.com\/sobre-nosotros\/"},"modified":"2024-12-02T12:01:10","modified_gmt":"2024-12-02T12:01:10","slug":"sobre-nosotros","status":"publish","type":"page","link":"https:\/\/chacrys.com\/es\/sobre-nosotros\/","title":{"rendered":"Sobre nosotros"},"content":{"rendered":"\t\t<div data-elementor-type=\"wp-page\" data-elementor-id=\"31636\" class=\"elementor elementor-31636 elementor-4400\">\n\t\t\t\t<div class=\"wd-negative-gap elementor-element elementor-element-c79d494 e-flex e-con-boxed e-con e-parent\" data-id=\"c79d494\" data-element_type=\"container\" data-e-type=\"container\">\n\t\t\t\t\t<div class=\"e-con-inner\">\n\t\t<div class=\"elementor-element elementor-element-eda97c0 e-con-full e-flex e-con e-child\" data-id=\"eda97c0\" data-element_type=\"container\" data-e-type=\"container\">\n\t\t\t\t<div class=\"elementor-element elementor-element-afb9151 elementor-widget elementor-widget-heading\" data-id=\"afb9151\" data-element_type=\"widget\" data-e-type=\"widget\" data-widget_type=\"heading.default\">\n\t\t\t\t<div class=\"elementor-widget-container\">\n\t\t\t\t\t<h2 class=\"elementor-heading-title elementor-size-default\">La historia de Chacrys<\/h2>\t\t\t\t<\/div>\n\t\t\t\t<\/div>\n\t\t\t\t<div class=\"elementor-element elementor-element-84fe9c9 elementor-widget elementor-widget-wd_text_block\" data-id=\"84fe9c9\" data-element_type=\"widget\" data-e-type=\"widget\" data-widget_type=\"wd_text_block.default\">\n\t\t\t\t<div class=\"elementor-widget-container\">\n\t\t\t\t\t\t\t<div class=\"wd-text-block reset-last-child text-left\">\n\t\t\t\n\t\t\t<p>En la primavera de 2013 mi vida lleg\u00f3 a un punto de inflexi\u00f3n. Me hab\u00eda quemado por completo; mi vida no ten\u00eda sentido. Mi vitalidad hab\u00eda desaparecido y apenas encontraba alegr\u00eda de vivir. Tuve la sensaci\u00f3n de que deb\u00eda abandonar mi pa\u00eds durante un tiempo y reunir fuerzas en otro lugar para poder contemplar mi vida desde una perspectiva diferente.   <\/p><p>Encontr\u00e9 un trabajo voluntario en un castillo de un pueblo remoto del norte de Alemania, que albergaba un centro de curaci\u00f3n espiritual. Trabaj\u00e9 como personal de mantenimiento en el castillo durante dos meses. Meditaba todos los d\u00edas por la ma\u00f1ana temprano, hac\u00eda yoga por las tardes y pasaba mucho tiempo en la naturaleza.  <\/p><p>Hab\u00eda una cama de cristal casera en el castillo y, puedo decirte, que fue amor a primera vista. Experiment\u00e9 personalmente el poder de los cristales y empec\u00e9 a aprender sobre ellos. <\/p><p>Cuando termin\u00f3 mi contrato de dos meses, ten\u00eda la sensaci\u00f3n en el coraz\u00f3n de que mi misi\u00f3n era hacer llegar el concepto de la cama de cristal al mayor n\u00famero posible de personas en el mundo para ayudar a los dem\u00e1s.<\/p><p>En aquel momento a\u00fan no sab\u00eda c\u00f3mo iba a hacerlo. No ten\u00eda ninguna cualificaci\u00f3n ni conocimientos t\u00e9cnicos, pero mi \u00edmpetu interior por seguir mi misi\u00f3n era mucho m\u00e1s fuerte que las barreras a las que ten\u00eda que enfrentarme. As\u00ed, tras dedicar mucho trabajo y esfuerzo al proyecto y con la ayuda de otras personas, a las que estoy muy agradecida, se fabric\u00f3 la primera cama de cristal Chacrys.  <\/p><p>Poco despu\u00e9s se dise\u00f1\u00f3 la l\u00e1mpara de cristal Chacrys Mini. Desde entonces, mucha gente utiliza nuestros productos en todo el mundo. En Chacrys ponemos mucho coraz\u00f3n y alma en la fabricaci\u00f3n de cada uno de nuestros dispositivos, sabiendo que se utilizar\u00e1n en beneficio de sus usuarios.  <\/p>\n\t\t\t\t\t<\/div>\n\t\t\t\t\t\t<\/div>\n\t\t\t\t<\/div>\n\t\t\t\t<\/div>\n\t\t<div class=\"elementor-element elementor-element-1ee12c6 e-con-full e-flex e-con e-child\" data-id=\"1ee12c6\" data-element_type=\"container\" data-e-type=\"container\">\n\t\t\t\t<div class=\"elementor-element elementor-element-8a7fe86 elementor-widget elementor-widget-video\" data-id=\"8a7fe86\" data-element_type=\"widget\" data-e-type=\"widget\" data-settings=\"{&quot;youtube_url&quot;:&quot;https:\\\/\\\/www.youtube.com\\\/watch?v=e-HBSrzJWvg&quot;,&quot;video_type&quot;:&quot;youtube&quot;,&quot;controls&quot;:&quot;yes&quot;}\" data-widget_type=\"video.default\">\n\t\t\t\t<div class=\"elementor-widget-container\">\n\t\t\t\t\t\t\t<div class=\"elementor-wrapper elementor-open-inline\">\n\t\t\t<div class=\"elementor-video\"><\/div>\t\t<\/div>\n\t\t\t\t\t\t<\/div>\n\t\t\t\t<\/div>\n\t\t\t\t<div class=\"elementor-element elementor-element-6018d9e elementor-widget elementor-widget-image\" data-id=\"6018d9e\" data-element_type=\"widget\" data-e-type=\"widget\" data-widget_type=\"image.default\">\n\t\t\t\t<div class=\"elementor-widget-container\">\n\t\t\t\t\t\t\t\t\t\t\t\t\t\t\t<img decoding=\"async\" width=\"1104\" height=\"800\" src=\"https:\/\/chacrys.com\/wp-content\/uploads\/2024\/11\/bedi-laszlo-1104x800.jpg\" class=\"attachment-large size-large wp-image-30525\" alt=\"\" srcset=\"https:\/\/chacrys.com\/wp-content\/uploads\/2024\/11\/bedi-laszlo-1104x800.jpg 1104w, https:\/\/chacrys.com\/wp-content\/uploads\/2024\/11\/bedi-laszlo-430x311.jpg 430w, https:\/\/chacrys.com\/wp-content\/uploads\/2024\/11\/bedi-laszlo-150x109.jpg 150w, https:\/\/chacrys.com\/wp-content\/uploads\/2024\/11\/bedi-laszlo-700x507.jpg 700w, https:\/\/chacrys.com\/wp-content\/uploads\/2024\/11\/bedi-laszlo-400x290.jpg 400w, https:\/\/chacrys.com\/wp-content\/uploads\/2024\/11\/bedi-laszlo-768x556.jpg 768w, https:\/\/chacrys.com\/wp-content\/uploads\/2024\/11\/bedi-laszlo-1536x1113.jpg 1536w, https:\/\/chacrys.com\/wp-content\/uploads\/2024\/11\/bedi-laszlo.jpg 1600w\" sizes=\"(max-width: 1104px) 100vw, 1104px\" \/>\t\t\t\t\t\t\t\t\t\t\t\t\t\t\t<\/div>\n\t\t\t\t<\/div>\n\t\t\t\t<\/div>\n\t\t\t\t\t<\/div>\n\t\t\t\t<\/div>\n\t\t\t\t<\/div>\n\t\t","protected":false},"excerpt":{"rendered":"<p>La historia de Chacrys En la primavera de 2013 mi vida lleg\u00f3 a un punto de inflexi\u00f3n. Me hab\u00eda quemado<\/p>\n","protected":false},"author":1,"featured_media":0,"parent":0,"menu_order":0,"comment_status":"closed","ping_status":"closed","template":"","meta":{"footnotes":""},"class_list":["post-31636","page","type-page","status-publish","hentry"],"yoast_head":"<!-- This site is optimized with the Yoast SEO plugin v27.3 - https:\/\/yoast.com\/product\/yoast-seo-wordpress\/ -->\n<title>Sobre nosotros - Chacrys<\/title>\n<meta name=\"robots\" content=\"index, follow, max-snippet:-1, max-image-preview:large, max-video-preview:-1\" \/>\n<link rel=\"canonical\" href=\"https:\/\/chacrys.com\/es\/sobre-nosotros\/\" \/>\n<meta property=\"og:locale\" content=\"es_ES\" \/>\n<meta property=\"og:type\" content=\"article\" \/>\n<meta property=\"og:title\" content=\"Sobre nosotros - Chacrys\" \/>\n<meta property=\"og:description\" content=\"La historia de Chacrys En la primavera de 2013 mi vida lleg\u00f3 a un punto de inflexi\u00f3n. Me hab\u00eda quemado\" \/>\n<meta property=\"og:url\" content=\"https:\/\/chacrys.com\/es\/sobre-nosotros\/\" \/>\n<meta property=\"og:site_name\" content=\"Chacrys\" \/>\n<meta property=\"article:publisher\" content=\"https:\/\/www.facebook.com\/chacryscrystal\" \/>\n<meta property=\"article:modified_time\" content=\"2024-12-02T12:01:10+00:00\" \/>\n<meta property=\"og:image\" content=\"https:\/\/chacrys.com\/wp-content\/uploads\/2024\/11\/bedi-laszlo-1104x800.jpg\" \/>\n<meta name=\"twitter:card\" content=\"summary_large_image\" \/>\n<meta name=\"twitter:label1\" content=\"Tiempo de lectura\" \/>\n\t<meta name=\"twitter:data1\" content=\"2 minutos\" \/>\n<script type=\"application\/ld+json\" class=\"yoast-schema-graph\">{\"@context\":\"https:\\\/\\\/schema.org\",\"@graph\":[{\"@type\":\"WebPage\",\"@id\":\"https:\\\/\\\/chacrys.com\\\/es\\\/sobre-nosotros\\\/\",\"url\":\"https:\\\/\\\/chacrys.com\\\/es\\\/sobre-nosotros\\\/\",\"name\":\"Sobre nosotros - Chacrys\",\"isPartOf\":{\"@id\":\"https:\\\/\\\/chacrys.com\\\/es\\\/#website\"},\"primaryImageOfPage\":{\"@id\":\"https:\\\/\\\/chacrys.com\\\/es\\\/sobre-nosotros\\\/#primaryimage\"},\"image\":{\"@id\":\"https:\\\/\\\/chacrys.com\\\/es\\\/sobre-nosotros\\\/#primaryimage\"},\"thumbnailUrl\":\"https:\\\/\\\/chacrys.com\\\/wp-content\\\/uploads\\\/2024\\\/11\\\/bedi-laszlo-1104x800.jpg\",\"datePublished\":\"2021-10-12T15:51:09+00:00\",\"dateModified\":\"2024-12-02T12:01:10+00:00\",\"breadcrumb\":{\"@id\":\"https:\\\/\\\/chacrys.com\\\/es\\\/sobre-nosotros\\\/#breadcrumb\"},\"inLanguage\":\"es\",\"potentialAction\":[{\"@type\":\"ReadAction\",\"target\":[\"https:\\\/\\\/chacrys.com\\\/es\\\/sobre-nosotros\\\/\"]}]},{\"@type\":\"ImageObject\",\"inLanguage\":\"es\",\"@id\":\"https:\\\/\\\/chacrys.com\\\/es\\\/sobre-nosotros\\\/#primaryimage\",\"url\":\"https:\\\/\\\/chacrys.com\\\/wp-content\\\/uploads\\\/2024\\\/11\\\/bedi-laszlo-1104x800.jpg\",\"contentUrl\":\"https:\\\/\\\/chacrys.com\\\/wp-content\\\/uploads\\\/2024\\\/11\\\/bedi-laszlo-1104x800.jpg\"},{\"@type\":\"BreadcrumbList\",\"@id\":\"https:\\\/\\\/chacrys.com\\\/es\\\/sobre-nosotros\\\/#breadcrumb\",\"itemListElement\":[{\"@type\":\"ListItem\",\"position\":1,\"name\":\"Home\",\"item\":\"https:\\\/\\\/chacrys.com\\\/es\\\/\"},{\"@type\":\"ListItem\",\"position\":2,\"name\":\"Sobre nosotros\"}]},{\"@type\":\"WebSite\",\"@id\":\"https:\\\/\\\/chacrys.com\\\/es\\\/#website\",\"url\":\"https:\\\/\\\/chacrys.com\\\/es\\\/\",\"name\":\"Chacrys\",\"description\":\"Chacrys\",\"publisher\":{\"@id\":\"https:\\\/\\\/chacrys.com\\\/es\\\/#organization\"},\"potentialAction\":[{\"@type\":\"SearchAction\",\"target\":{\"@type\":\"EntryPoint\",\"urlTemplate\":\"https:\\\/\\\/chacrys.com\\\/es\\\/?s={search_term_string}\"},\"query-input\":{\"@type\":\"PropertyValueSpecification\",\"valueRequired\":true,\"valueName\":\"search_term_string\"}}],\"inLanguage\":\"es\"},{\"@type\":\"Organization\",\"@id\":\"https:\\\/\\\/chacrys.com\\\/es\\\/#organization\",\"name\":\"Chacrys\",\"url\":\"https:\\\/\\\/chacrys.com\\\/es\\\/\",\"logo\":{\"@type\":\"ImageObject\",\"inLanguage\":\"es\",\"@id\":\"https:\\\/\\\/chacrys.com\\\/es\\\/#\\\/schema\\\/logo\\\/image\\\/\",\"url\":\"https:\\\/\\\/chacrys.com\\\/wp-content\\\/uploads\\\/2024\\\/11\\\/cropped-FRANJULIA-6.png\",\"contentUrl\":\"https:\\\/\\\/chacrys.com\\\/wp-content\\\/uploads\\\/2024\\\/11\\\/cropped-FRANJULIA-6.png\",\"width\":512,\"height\":512,\"caption\":\"Chacrys\"},\"image\":{\"@id\":\"https:\\\/\\\/chacrys.com\\\/es\\\/#\\\/schema\\\/logo\\\/image\\\/\"},\"sameAs\":[\"https:\\\/\\\/www.facebook.com\\\/chacryscrystal\",\"https:\\\/\\\/www.instagram.com\\\/chacrys\\\/\",\"https:\\\/\\\/www.pinterest.com\\\/chacryscrystalbed\\\/\",\"https:\\\/\\\/www.youtube.com\\\/@chacrysofficial9667\"]}]}<\/script>\n<!-- \/ Yoast SEO plugin. -->","yoast_head_json":{"title":"Sobre nosotros - Chacrys","robots":{"index":"index","follow":"follow","max-snippet":"max-snippet:-1","max-image-preview":"max-image-preview:large","max-video-preview":"max-video-preview:-1"},"canonical":"https:\/\/chacrys.com\/es\/sobre-nosotros\/","og_locale":"es_ES","og_type":"article","og_title":"Sobre nosotros - Chacrys","og_description":"La historia de Chacrys En la primavera de 2013 mi vida lleg\u00f3 a un punto de inflexi\u00f3n. Me hab\u00eda quemado","og_url":"https:\/\/chacrys.com\/es\/sobre-nosotros\/","og_site_name":"Chacrys","article_publisher":"https:\/\/www.facebook.com\/chacryscrystal","article_modified_time":"2024-12-02T12:01:10+00:00","og_image":[{"url":"https:\/\/chacrys.com\/wp-content\/uploads\/2024\/11\/bedi-laszlo-1104x800.jpg","type":"","width":"","height":""}],"twitter_card":"summary_large_image","twitter_misc":{"Tiempo de lectura":"2 minutos"},"schema":{"@context":"https:\/\/schema.org","@graph":[{"@type":"WebPage","@id":"https:\/\/chacrys.com\/es\/sobre-nosotros\/","url":"https:\/\/chacrys.com\/es\/sobre-nosotros\/","name":"Sobre nosotros - Chacrys","isPartOf":{"@id":"https:\/\/chacrys.com\/es\/#website"},"primaryImageOfPage":{"@id":"https:\/\/chacrys.com\/es\/sobre-nosotros\/#primaryimage"},"image":{"@id":"https:\/\/chacrys.com\/es\/sobre-nosotros\/#primaryimage"},"thumbnailUrl":"https:\/\/chacrys.com\/wp-content\/uploads\/2024\/11\/bedi-laszlo-1104x800.jpg","datePublished":"2021-10-12T15:51:09+00:00","dateModified":"2024-12-02T12:01:10+00:00","breadcrumb":{"@id":"https:\/\/chacrys.com\/es\/sobre-nosotros\/#breadcrumb"},"inLanguage":"es","potentialAction":[{"@type":"ReadAction","target":["https:\/\/chacrys.com\/es\/sobre-nosotros\/"]}]},{"@type":"ImageObject","inLanguage":"es","@id":"https:\/\/chacrys.com\/es\/sobre-nosotros\/#primaryimage","url":"https:\/\/chacrys.com\/wp-content\/uploads\/2024\/11\/bedi-laszlo-1104x800.jpg","contentUrl":"https:\/\/chacrys.com\/wp-content\/uploads\/2024\/11\/bedi-laszlo-1104x800.jpg"},{"@type":"BreadcrumbList","@id":"https:\/\/chacrys.com\/es\/sobre-nosotros\/#breadcrumb","itemListElement":[{"@type":"ListItem","position":1,"name":"Home","item":"https:\/\/chacrys.com\/es\/"},{"@type":"ListItem","position":2,"name":"Sobre nosotros"}]},{"@type":"WebSite","@id":"https:\/\/chacrys.com\/es\/#website","url":"https:\/\/chacrys.com\/es\/","name":"Chacrys","description":"Chacrys","publisher":{"@id":"https:\/\/chacrys.com\/es\/#organization"},"potentialAction":[{"@type":"SearchAction","target":{"@type":"EntryPoint","urlTemplate":"https:\/\/chacrys.com\/es\/?s={search_term_string}"},"query-input":{"@type":"PropertyValueSpecification","valueRequired":true,"valueName":"search_term_string"}}],"inLanguage":"es"},{"@type":"Organization","@id":"https:\/\/chacrys.com\/es\/#organization","name":"Chacrys","url":"https:\/\/chacrys.com\/es\/","logo":{"@type":"ImageObject","inLanguage":"es","@id":"https:\/\/chacrys.com\/es\/#\/schema\/logo\/image\/","url":"https:\/\/chacrys.com\/wp-content\/uploads\/2024\/11\/cropped-FRANJULIA-6.png","contentUrl":"https:\/\/chacrys.com\/wp-content\/uploads\/2024\/11\/cropped-FRANJULIA-6.png","width":512,"height":512,"caption":"Chacrys"},"image":{"@id":"https:\/\/chacrys.com\/es\/#\/schema\/logo\/image\/"},"sameAs":["https:\/\/www.facebook.com\/chacryscrystal","https:\/\/www.instagram.com\/chacrys\/","https:\/\/www.pinterest.com\/chacryscrystalbed\/","https:\/\/www.youtube.com\/@chacrysofficial9667"]}]}},"_links":{"self":[{"href":"https:\/\/chacrys.com\/es\/wp-json\/wp\/v2\/pages\/31636","targetHints":{"allow":["GET"]}}],"collection":[{"href":"https:\/\/chacrys.com\/es\/wp-json\/wp\/v2\/pages"}],"about":[{"href":"https:\/\/chacrys.com\/es\/wp-json\/wp\/v2\/types\/page"}],"author":[{"embeddable":true,"href":"https:\/\/chacrys.com\/es\/wp-json\/wp\/v2\/users\/1"}],"replies":[{"embeddable":true,"href":"https:\/\/chacrys.com\/es\/wp-json\/wp\/v2\/comments?post=31636"}],"version-history":[{"count":1,"href":"https:\/\/chacrys.com\/es\/wp-json\/wp\/v2\/pages\/31636\/revisions"}],"predecessor-version":[{"id":31637,"href":"https:\/\/chacrys.com\/es\/wp-json\/wp\/v2\/pages\/31636\/revisions\/31637"}],"wp:attachment":[{"href":"https:\/\/chacrys.com\/es\/wp-json\/wp\/v2\/media?parent=31636"}],"curies":[{"name":"wp","href":"https:\/\/api.w.org\/{rel}","templated":true}]}}