{"id":31607,"date":"2024-11-20T14:11:53","date_gmt":"2024-11-20T14:11:53","guid":{"rendered":"https:\/\/chacrys.com\/politica-de-privacidad\/"},"modified":"2024-12-02T12:00:19","modified_gmt":"2024-12-02T12:00:19","slug":"politica-de-privacidad","status":"publish","type":"page","link":"https:\/\/chacrys.com\/es\/politica-de-privacidad\/","title":{"rendered":"Pol\u00edtica de privacidad"},"content":{"rendered":"\n<h1 class=\"wp-block-heading\">Pol\u00edtica de privacidad<\/h1>\n\n<p><strong>Fecha de entrada en vigor<\/strong>: [26 .11.2024]<br\/><strong>\u00daltima actualizaci\u00f3n<\/strong>:  [01 .12.2024]<\/p>\n\n<p>Esta Pol\u00edtica de Privacidad describe nuestras pol\u00edticas y procedimientos sobre la recogida, uso y divulgaci\u00f3n de tu informaci\u00f3n cuando utilizas nuestro Servicio. Tambi\u00e9n explica tus derechos de privacidad en virtud de las leyes aplicables, como el GDPR y la CCPA, y c\u00f3mo te protege la ley. <\/p>\n\n<p>Al utilizar el Servicio, aceptas la recopilaci\u00f3n y el uso de la informaci\u00f3n de acuerdo con esta Pol\u00edtica de Privacidad.<\/p>\n\n<hr class=\"wp-block-separator has-alpha-channel-opacity\"\/>\n\n<h2 class=\"wp-block-heading\">Interpretaci\u00f3n y definiciones<\/h2>\n\n<h3 class=\"wp-block-heading\">Interpretaci\u00f3n<\/h3>\n\n<p>Las palabras con letras iniciales en may\u00fascula tienen significados definidos en las siguientes condiciones. Estas definiciones tienen el mismo significado independientemente de que aparezcan en singular o en plural. <\/p>\n\n<h3 class=\"wp-block-heading\">Definiciones<\/h3>\n\n<p>A efectos de la presente Pol\u00edtica de Privacidad:<\/p>\n\n<ul class=\"wp-block-list\">\n<li><strong>Cuenta<\/strong>: Una cuenta \u00fanica creada para que accedas a nuestro Servicio o a partes de nuestro Servicio.<\/li>\n\n\n\n<li><strong>Empresa<\/strong>: Se refiere a Chacrys s.r.o., la entidad legal que recopila Datos Personales y determina sus fines y medios, seg\u00fan GDPR y CCPA.<\/li>\n\n\n\n<li><strong>Empresa<\/strong> (denominada \u00abla Empresa\u00bb, \u00abNosotros\u00bb, \u00abNos\u00bb o \u00abNuestro\u00bb en el presente Acuerdo): Se refiere a Chacrys s.r.o., Svatojanska 3060\/14, 94501 Komarno, Eslovaquia.<\/li>\n\n\n\n<li><strong>Cookies<\/strong>: Peque\u00f1os archivos colocados en tu dispositivo por un sitio web, que contienen detalles de tu historial de navegaci\u00f3n, preferencias e interacciones.<\/li>\n\n\n\n<li><strong>Responsable del Tratamiento<\/strong>: La entidad responsable de determinar los fines y medios del tratamiento de Datos Personales, tal y como se define en el GDPR.<\/li>\n\n\n\n<li><strong>Dispositivo<\/strong>: Cualquier dispositivo capaz de acceder al Servicio, como un ordenador, un dispositivo m\u00f3vil o una tableta.<\/li>\n\n\n\n<li><strong>Datos personales<\/strong>: Cualquier informaci\u00f3n relacionada con un individuo identificado o identificable, tal y como se define en el GDPR y la CCPA.<\/li>\n\n\n\n<li><strong>Servicio<\/strong>: Se refiere al sitio web operado por Chacrys, accesible en <a href=\"http:\/\/www.chacrys.com\/\">www.chacrys.com.<\/a><\/li>\n\n\n\n<li><strong>Proveedores de servicios<\/strong>: Terceras empresas o personas contratadas por la Empresa para realizar funciones en nuestro nombre.<\/li>\n\n\n\n<li><strong>Datos de Uso<\/strong>: Datos recogidos autom\u00e1ticamente, generados por el uso del Servicio o por la propia infraestructura del Servicio (por ejemplo, duraci\u00f3n de la visita a una p\u00e1gina).<\/li>\n\n\n\n<li><strong>T\u00fa<\/strong>: Se refiere a la persona f\u00edsica que accede o utiliza el Servicio o a la persona jur\u00eddica en nombre de la cual dicha persona f\u00edsica accede o utiliza el Servicio.<\/li>\n<\/ul>\n\n<hr class=\"wp-block-separator has-alpha-channel-opacity\"\/>\n\n<h2 class=\"wp-block-heading\">Recogida y uso de tus datos personales<\/h2>\n\n<h3 class=\"wp-block-heading\">Tipos de datos recogidos<\/h3>\n\n<h4 class=\"wp-block-heading\">Datos personales<\/h4>\n\n<p>Al utilizar nuestro Servicio, podemos pedirte que nos proporciones informaci\u00f3n personal identificable, incluyendo, pero sin limitarse a:<\/p>\n\n<ul class=\"wp-block-list\">\n<li>Nombre<\/li>\n\n\n\n<li>Direcci\u00f3n de correo electr\u00f3nico<\/li>\n\n\n\n<li>N\u00famero de tel\u00e9fono<\/li>\n\n\n\n<li>Direcci\u00f3n de facturaci\u00f3n y env\u00edo<\/li>\n\n\n\n<li>Datos de pago (procesados de forma segura a trav\u00e9s de proveedores de pago externos)<\/li>\n<\/ul>\n\n<h4 class=\"wp-block-heading\">Datos de uso<\/h4>\n\n<p>Podemos recopilar autom\u00e1ticamente datos sobre tus interacciones con el Servicio, incluyendo:<\/p>\n\n<ul class=\"wp-block-list\">\n<li>Direcci\u00f3n IP<\/li>\n\n\n\n<li>Tipo y versi\u00f3n de navegador<\/li>\n\n\n\n<li>Tipo de dispositivo<\/li>\n\n\n\n<li>P\u00e1ginas visitadas, tiempo pasado en esas p\u00e1ginas y otros datos de diagn\u00f3stico<\/li>\n<\/ul>\n\n<hr class=\"wp-block-separator has-alpha-channel-opacity\"\/>\n\n<h2 class=\"wp-block-heading\">Uso de tus datos personales<\/h2>\n\n<p>La Empresa utiliza tus Datos Personales para los siguientes fines:<\/p>\n\n<ol class=\"wp-block-list\">\n<li><strong>Prestar el Servicio<\/strong>:\n<ul class=\"wp-block-list\">\n<li>Cumplimentar pedidos, lo que incluye compartir datos con empresas de transporte con fines de entrega.<\/li>\n\n\n\n<li>Gestiona tu cuenta y tus transacciones.<\/li>\n<\/ul>\n<\/li>\n\n\n\n<li><strong>Para la comunicaci\u00f3n<\/strong>:\n<ul class=\"wp-block-list\">\n<li>Notificarte cambios en nuestro Servicio o responder a consultas.<\/li>\n\n\n\n<li>Enviar ofertas promocionales o actualizaciones, siempre que no te hayas dado de baja.<\/li>\n<\/ul>\n<\/li>\n\n\n\n<li><strong>Para mejorar nuestro servicio<\/strong>:\n<ul class=\"wp-block-list\">\n<li>Analiza el comportamiento del usuario para mejorar la usabilidad y la funcionalidad.<\/li>\n\n\n\n<li>Detectar y prevenir problemas t\u00e9cnicos.<\/li>\n<\/ul>\n<\/li>\n\n\n\n<li><strong>Para el cumplimiento legal<\/strong>:\n<ul class=\"wp-block-list\">\n<li>Cumplir obligaciones legales o resolver litigios.<\/li>\n<\/ul>\n<\/li>\n<\/ol>\n\n<hr class=\"wp-block-separator has-alpha-channel-opacity\"\/>\n\n<h2 class=\"wp-block-heading\">Compartir tus datos personales<\/h2>\n\n<p>Podemos compartir tus Datos Personales con:<\/p>\n\n<ol class=\"wp-block-list\">\n<li><strong>Proveedores de servicios<\/strong>:\n<ul class=\"wp-block-list\">\n<li>Para procesamiento de pagos, an\u00e1lisis y log\u00edstica de entregas.<\/li>\n<\/ul>\n<\/li>\n\n\n\n<li><strong>Traspasos de empresas<\/strong>:\n<ul class=\"wp-block-list\">\n<li>Si nos fusionamos, vendemos o transferimos parte o la totalidad de nuestros activos.<\/li>\n<\/ul>\n<\/li>\n\n\n\n<li><strong>Autoridades legales<\/strong>:\n<ul class=\"wp-block-list\">\n<li>En cumplimiento de las leyes o procesos legales aplicables.<\/li>\n<\/ul>\n<\/li>\n\n\n\n<li><strong>Terceros<\/strong>:\n<ul class=\"wp-block-list\">\n<li>Con tu consentimiento expl\u00edcito para fines espec\u00edficos.<\/li>\n<\/ul>\n<\/li>\n<\/ol>\n\n<hr class=\"wp-block-separator has-alpha-channel-opacity\"\/>\n\n<h2 class=\"wp-block-heading\">Tus derechos seg\u00fan el GDPR<\/h2>\n\n<p>Si resides en el Espacio Econ\u00f3mico Europeo (EEE), tienes los siguientes derechos en virtud del GDPR:<\/p>\n\n<h3 class=\"wp-block-heading\">1. Derecho de acceso y portabilidad de datos<\/h3>\n\n<ul class=\"wp-block-list\">\n<li>Solicitar una copia de los Datos Personales que tenemos sobre ti.<\/li>\n\n\n\n<li>Recibe tus datos en un formato estructurado, de uso com\u00fan y legible por m\u00e1quina.<\/li>\n<\/ul>\n\n<h3 class=\"wp-block-heading\">2. Derecho de rectificaci\u00f3n<\/h3>\n\n<ul class=\"wp-block-list\">\n<li>Solicitar correcciones de cualquier Dato Personal inexacto o incompleto.<\/li>\n<\/ul>\n\n<h3 class=\"wp-block-heading\">3. Derecho al borrado (\u00abDerecho al olvido\u00bb)<\/h3>\n\n<ul class=\"wp-block-list\">\n<li>Solicitar la supresi\u00f3n de tus Datos Personales en determinadas condiciones, como cuando ya no sean necesarios para los fines para los que fueron recogidos.<\/li>\n<\/ul>\n\n<h3 class=\"wp-block-heading\">4. Derecho a restringir el tratamiento<\/h3>\n\n<ul class=\"wp-block-list\">\n<li>Solicitar que suspendamos el tratamiento de tus Datos Personales en circunstancias espec\u00edficas.<\/li>\n<\/ul>\n\n<h3 class=\"wp-block-heading\">5. Derecho de oposici\u00f3n<\/h3>\n\n<ul class=\"wp-block-list\">\n<li>Oponerte al tratamiento de tus Datos Personales cuando est\u00e9 basado en intereses leg\u00edtimos o en marketing directo.<\/li>\n<\/ul>\n\n<h3 class=\"wp-block-heading\">6. Derecho a retirar el consentimiento<\/h3>\n\n<ul class=\"wp-block-list\">\n<li>Retirar el consentimiento en cualquier momento cuando el tratamiento se base en tu consentimiento.<\/li>\n<\/ul>\n\n<h3 class=\"wp-block-heading\">7. Derecho a presentar una reclamaci\u00f3n<\/h3>\n\n<ul class=\"wp-block-list\">\n<li>Presentar una reclamaci\u00f3n ante una autoridad supervisora si crees que no hemos cumplido con las obligaciones del GDPR.<\/li>\n<\/ul>\n\n<p>Para ejercer cualquiera de estos derechos, ponte en contacto con nosotros en <a href=\"mailto:hello@chacrys.com\">hello@chacrys.com.<\/a><\/p>\n\n<hr class=\"wp-block-separator has-alpha-channel-opacity\"\/>\n\n<h2 class=\"wp-block-heading\">Tus derechos seg\u00fan la CCPA<\/h2>\n\n<p>Si resides en California, tienes los siguientes derechos en virtud de la CCPA:<\/p>\n\n<h3 class=\"wp-block-heading\">1. Derecho a saber<\/h3>\n\n<ul class=\"wp-block-list\">\n<li>Solicitar informaci\u00f3n sobre las categor\u00edas y datos espec\u00edficos de Datos Personales que hemos recopilado.<\/li>\n<\/ul>\n\n<h3 class=\"wp-block-heading\">2. Derecho a eliminar<\/h3>\n\n<ul class=\"wp-block-list\">\n<li>Solicitar la eliminaci\u00f3n de tus Datos Personales, sujeto a ciertas excepciones (por ejemplo, completar una transacci\u00f3n o cumplir con obligaciones legales).<\/li>\n<\/ul>\n\n<h3 class=\"wp-block-heading\">3. Derecho a oponerse a la venta de datos personales<\/h3>\n\n<ul class=\"wp-block-list\">\n<li>Ind\u00edcanos que no vendamos tus Datos Personales a terceros.<\/li>\n<\/ul>\n\n<h3 class=\"wp-block-heading\">4. Derecho a la no discriminaci\u00f3n<\/h3>\n\n<ul class=\"wp-block-list\">\n<li>Ejercer tus derechos de privacidad sin discriminaci\u00f3n, incluida la igualdad de precios y servicios.<\/li>\n<\/ul>\n\n<p>Para presentar una solicitud, ponte en contacto con nosotros en <a href=\"mailto:hello@chacrys.com\">hello@chacrys.com.<\/a> Verificaremos tu identidad antes de procesar tu solicitud. <\/p>\n\n<hr class=\"wp-block-separator has-alpha-channel-opacity\"\/>\n\n<h2 class=\"wp-block-heading\">Conservaci\u00f3n de tus datos personales<\/h2>\n\n<p>Conservamos tus Datos Personales s\u00f3lo durante el tiempo necesario para cumplir los fines descritos en esta Pol\u00edtica de Privacidad, incluido el cumplimiento de obligaciones legales y la resoluci\u00f3n de conflictos.<\/p>\n\n<hr class=\"wp-block-separator has-alpha-channel-opacity\"\/>\n\n<h2 class=\"wp-block-heading\">Seguridad de tus datos personales<\/h2>\n\n<p>Aplicamos medidas comercialmente razonables para proteger tus datos. Sin embargo, ning\u00fan m\u00e9todo de transmisi\u00f3n por Internet o de almacenamiento electr\u00f3nico es completamente seguro, y no podemos garantizar una seguridad absoluta. <\/p>\n\n<hr class=\"wp-block-separator has-alpha-channel-opacity\"\/>\n\n<h2 class=\"wp-block-heading\">Cookies y tecnolog\u00edas de seguimiento<\/h2>\n\n<p>Utilizamos Cookies y tecnolog\u00edas similares para rastrear tu actividad y mejorar nuestro Servicio.<\/p>\n\n<h3 class=\"wp-block-heading\">Tipos de cookies utilizadas<\/h3>\n\n<ol class=\"wp-block-list\">\n<li><strong>Cookies necesarias<\/strong>: Esenciales para la funcionalidad b\u00e1sica, como el acceso a la cuenta y las transacciones.<\/li>\n\n\n\n<li><strong>Cookies de preferencias<\/strong>: Almacenan tus preferencias, como el idioma y la ubicaci\u00f3n.<\/li>\n\n\n\n<li><strong>Cookies anal\u00edticas<\/strong>: Nos ayudan a analizar patrones de uso para mejorar nuestro Servicio.<\/li>\n\n\n\n<li><strong>Cookies publicitarias<\/strong>: Proporcionan anuncios personalizados y miden el rendimiento de las campa\u00f1as.<\/li>\n<\/ol>\n\n<p>Puedes controlar las Cookies a trav\u00e9s de la configuraci\u00f3n de tu navegador. Para m\u00e1s informaci\u00f3n, visita <a href=\"http:\/\/www.allaboutcookies.org\/\">www.allaboutcookies.org.<\/a> <\/p>\n\n<hr class=\"wp-block-separator has-alpha-channel-opacity\"\/>\n\n<h2 class=\"wp-block-heading\">Cambios en esta Pol\u00edtica de Privacidad<\/h2>\n\n<p>Podemos actualizar esta Pol\u00edtica de Privacidad peri\u00f3dicamente. Los cambios se publicar\u00e1n aqu\u00ed, y las actualizaciones significativas se comunicar\u00e1n directamente. <\/p>\n\n<hr class=\"wp-block-separator has-alpha-channel-opacity\"\/>\n\n<h2 class=\"wp-block-heading\">Contacta con nosotros<\/h2>\n\n<p>Si tienes preguntas sobre esta Pol\u00edtica de Privacidad o deseas ejercer tus derechos, ponte en contacto con nosotros en<\/p>\n\n<ul class=\"wp-block-list\">\n<li><strong>Correo electr\u00f3nico<\/strong>: <a href=\"mailto:hello@chacrys.com\">hello@chacrys.com<\/a><\/li>\n<\/ul>\n\n<p><\/p>\n","protected":false},"excerpt":{"rendered":"<p>Pol\u00edtica de privacidad Fecha de entrada en vigor: [26 .11.2024]\u00daltima actualizaci\u00f3n: [01 .12.2024] Esta Pol\u00edtica de Privacidad describe nuestras pol\u00edticas<\/p>\n","protected":false},"author":1,"featured_media":0,"parent":0,"menu_order":0,"comment_status":"closed","ping_status":"open","template":"","meta":{"footnotes":""},"class_list":["post-31607","page","type-page","status-publish","hentry"],"yoast_head":"<!-- This site is optimized with the Yoast SEO plugin v27.4 - https:\/\/yoast.com\/product\/yoast-seo-wordpress\/ -->\n<title>Pol\u00edtica de privacidad - Chacrys<\/title>\n<meta name=\"robots\" content=\"index, follow, max-snippet:-1, max-image-preview:large, max-video-preview:-1\" \/>\n<link rel=\"canonical\" href=\"https:\/\/chacrys.com\/es\/politica-de-privacidad\/\" \/>\n<meta property=\"og:locale\" content=\"es_ES\" \/>\n<meta property=\"og:type\" content=\"article\" \/>\n<meta property=\"og:title\" content=\"Pol\u00edtica de privacidad - Chacrys\" \/>\n<meta property=\"og:description\" content=\"Pol\u00edtica de privacidad Fecha de entrada en vigor: [26 .11.2024]\u00daltima actualizaci\u00f3n: [01 .12.2024] Esta Pol\u00edtica de Privacidad describe nuestras pol\u00edticas\" \/>\n<meta property=\"og:url\" content=\"https:\/\/chacrys.com\/es\/politica-de-privacidad\/\" \/>\n<meta property=\"og:site_name\" content=\"Chacrys\" \/>\n<meta property=\"article:publisher\" content=\"https:\/\/www.facebook.com\/chacryscrystal\" \/>\n<meta property=\"article:modified_time\" content=\"2024-12-02T12:00:19+00:00\" \/>\n<meta name=\"twitter:card\" content=\"summary_large_image\" \/>\n<meta name=\"twitter:label1\" content=\"Tiempo de lectura\" \/>\n\t<meta name=\"twitter:data1\" content=\"6 minutos\" \/>\n<script type=\"application\/ld+json\" class=\"yoast-schema-graph\">{\"@context\":\"https:\\\/\\\/schema.org\",\"@graph\":[{\"@type\":\"WebPage\",\"@id\":\"https:\\\/\\\/chacrys.com\\\/es\\\/politica-de-privacidad\\\/\",\"url\":\"https:\\\/\\\/chacrys.com\\\/es\\\/politica-de-privacidad\\\/\",\"name\":\"Pol\u00edtica de privacidad - Chacrys\",\"isPartOf\":{\"@id\":\"https:\\\/\\\/chacrys.com\\\/es\\\/#website\"},\"datePublished\":\"2024-11-20T14:11:53+00:00\",\"dateModified\":\"2024-12-02T12:00:19+00:00\",\"breadcrumb\":{\"@id\":\"https:\\\/\\\/chacrys.com\\\/es\\\/politica-de-privacidad\\\/#breadcrumb\"},\"inLanguage\":\"es\",\"potentialAction\":[{\"@type\":\"ReadAction\",\"target\":[\"https:\\\/\\\/chacrys.com\\\/es\\\/politica-de-privacidad\\\/\"]}]},{\"@type\":\"BreadcrumbList\",\"@id\":\"https:\\\/\\\/chacrys.com\\\/es\\\/politica-de-privacidad\\\/#breadcrumb\",\"itemListElement\":[{\"@type\":\"ListItem\",\"position\":1,\"name\":\"Home\",\"item\":\"https:\\\/\\\/chacrys.com\\\/es\\\/\"},{\"@type\":\"ListItem\",\"position\":2,\"name\":\"Pol\u00edtica de privacidad\"}]},{\"@type\":\"WebSite\",\"@id\":\"https:\\\/\\\/chacrys.com\\\/es\\\/#website\",\"url\":\"https:\\\/\\\/chacrys.com\\\/es\\\/\",\"name\":\"Chacrys\",\"description\":\"Chacrys\",\"publisher\":{\"@id\":\"https:\\\/\\\/chacrys.com\\\/es\\\/#organization\"},\"potentialAction\":[{\"@type\":\"SearchAction\",\"target\":{\"@type\":\"EntryPoint\",\"urlTemplate\":\"https:\\\/\\\/chacrys.com\\\/es\\\/?s={search_term_string}\"},\"query-input\":{\"@type\":\"PropertyValueSpecification\",\"valueRequired\":true,\"valueName\":\"search_term_string\"}}],\"inLanguage\":\"es\"},{\"@type\":\"Organization\",\"@id\":\"https:\\\/\\\/chacrys.com\\\/es\\\/#organization\",\"name\":\"Chacrys\",\"url\":\"https:\\\/\\\/chacrys.com\\\/es\\\/\",\"logo\":{\"@type\":\"ImageObject\",\"inLanguage\":\"es\",\"@id\":\"https:\\\/\\\/chacrys.com\\\/es\\\/#\\\/schema\\\/logo\\\/image\\\/\",\"url\":\"https:\\\/\\\/chacrys.com\\\/wp-content\\\/uploads\\\/2024\\\/11\\\/cropped-FRANJULIA-6.png\",\"contentUrl\":\"https:\\\/\\\/chacrys.com\\\/wp-content\\\/uploads\\\/2024\\\/11\\\/cropped-FRANJULIA-6.png\",\"width\":512,\"height\":512,\"caption\":\"Chacrys\"},\"image\":{\"@id\":\"https:\\\/\\\/chacrys.com\\\/es\\\/#\\\/schema\\\/logo\\\/image\\\/\"},\"sameAs\":[\"https:\\\/\\\/www.facebook.com\\\/chacryscrystal\",\"https:\\\/\\\/www.instagram.com\\\/chacrys\\\/\",\"https:\\\/\\\/www.pinterest.com\\\/chacryscrystalbed\\\/\",\"https:\\\/\\\/www.youtube.com\\\/@chacrysofficial9667\"]}]}<\/script>\n<!-- \/ Yoast SEO plugin. -->","yoast_head_json":{"title":"Pol\u00edtica de privacidad - Chacrys","robots":{"index":"index","follow":"follow","max-snippet":"max-snippet:-1","max-image-preview":"max-image-preview:large","max-video-preview":"max-video-preview:-1"},"canonical":"https:\/\/chacrys.com\/es\/politica-de-privacidad\/","og_locale":"es_ES","og_type":"article","og_title":"Pol\u00edtica de privacidad - Chacrys","og_description":"Pol\u00edtica de privacidad Fecha de entrada en vigor: [26 .11.2024]\u00daltima actualizaci\u00f3n: [01 .12.2024] Esta Pol\u00edtica de Privacidad describe nuestras pol\u00edticas","og_url":"https:\/\/chacrys.com\/es\/politica-de-privacidad\/","og_site_name":"Chacrys","article_publisher":"https:\/\/www.facebook.com\/chacryscrystal","article_modified_time":"2024-12-02T12:00:19+00:00","twitter_card":"summary_large_image","twitter_misc":{"Tiempo de lectura":"6 minutos"},"schema":{"@context":"https:\/\/schema.org","@graph":[{"@type":"WebPage","@id":"https:\/\/chacrys.com\/es\/politica-de-privacidad\/","url":"https:\/\/chacrys.com\/es\/politica-de-privacidad\/","name":"Pol\u00edtica de privacidad - Chacrys","isPartOf":{"@id":"https:\/\/chacrys.com\/es\/#website"},"datePublished":"2024-11-20T14:11:53+00:00","dateModified":"2024-12-02T12:00:19+00:00","breadcrumb":{"@id":"https:\/\/chacrys.com\/es\/politica-de-privacidad\/#breadcrumb"},"inLanguage":"es","potentialAction":[{"@type":"ReadAction","target":["https:\/\/chacrys.com\/es\/politica-de-privacidad\/"]}]},{"@type":"BreadcrumbList","@id":"https:\/\/chacrys.com\/es\/politica-de-privacidad\/#breadcrumb","itemListElement":[{"@type":"ListItem","position":1,"name":"Home","item":"https:\/\/chacrys.com\/es\/"},{"@type":"ListItem","position":2,"name":"Pol\u00edtica de privacidad"}]},{"@type":"WebSite","@id":"https:\/\/chacrys.com\/es\/#website","url":"https:\/\/chacrys.com\/es\/","name":"Chacrys","description":"Chacrys","publisher":{"@id":"https:\/\/chacrys.com\/es\/#organization"},"potentialAction":[{"@type":"SearchAction","target":{"@type":"EntryPoint","urlTemplate":"https:\/\/chacrys.com\/es\/?s={search_term_string}"},"query-input":{"@type":"PropertyValueSpecification","valueRequired":true,"valueName":"search_term_string"}}],"inLanguage":"es"},{"@type":"Organization","@id":"https:\/\/chacrys.com\/es\/#organization","name":"Chacrys","url":"https:\/\/chacrys.com\/es\/","logo":{"@type":"ImageObject","inLanguage":"es","@id":"https:\/\/chacrys.com\/es\/#\/schema\/logo\/image\/","url":"https:\/\/chacrys.com\/wp-content\/uploads\/2024\/11\/cropped-FRANJULIA-6.png","contentUrl":"https:\/\/chacrys.com\/wp-content\/uploads\/2024\/11\/cropped-FRANJULIA-6.png","width":512,"height":512,"caption":"Chacrys"},"image":{"@id":"https:\/\/chacrys.com\/es\/#\/schema\/logo\/image\/"},"sameAs":["https:\/\/www.facebook.com\/chacryscrystal","https:\/\/www.instagram.com\/chacrys\/","https:\/\/www.pinterest.com\/chacryscrystalbed\/","https:\/\/www.youtube.com\/@chacrysofficial9667"]}]}},"_links":{"self":[{"href":"https:\/\/chacrys.com\/es\/wp-json\/wp\/v2\/pages\/31607","targetHints":{"allow":["GET"]}}],"collection":[{"href":"https:\/\/chacrys.com\/es\/wp-json\/wp\/v2\/pages"}],"about":[{"href":"https:\/\/chacrys.com\/es\/wp-json\/wp\/v2\/types\/page"}],"author":[{"embeddable":true,"href":"https:\/\/chacrys.com\/es\/wp-json\/wp\/v2\/users\/1"}],"replies":[{"embeddable":true,"href":"https:\/\/chacrys.com\/es\/wp-json\/wp\/v2\/comments?post=31607"}],"version-history":[{"count":1,"href":"https:\/\/chacrys.com\/es\/wp-json\/wp\/v2\/pages\/31607\/revisions"}],"predecessor-version":[{"id":31612,"href":"https:\/\/chacrys.com\/es\/wp-json\/wp\/v2\/pages\/31607\/revisions\/31612"}],"wp:attachment":[{"href":"https:\/\/chacrys.com\/es\/wp-json\/wp\/v2\/media?parent=31607"}],"curies":[{"name":"wp","href":"https:\/\/api.w.org\/{rel}","templated":true}]}}