{"id":31255,"date":"2024-11-27T14:44:16","date_gmt":"2024-11-27T14:44:16","guid":{"rendered":"https:\/\/chacrys.com\/terms-conditions\/"},"modified":"2024-12-02T10:11:13","modified_gmt":"2024-12-02T10:11:13","slug":"terms-conditions","status":"publish","type":"page","link":"https:\/\/chacrys.com\/es\/terms-conditions\/","title":{"rendered":"Condiciones generales"},"content":{"rendered":"\n<h1 class=\"wp-block-heading\">T\u00e9rminos y condiciones<\/h1>\n\n<p><strong>Fecha de entrada en vigor<\/strong>: [16 .6.2020]<br\/><strong>\u00daltima actualizaci\u00f3n<\/strong>:  [01 .12.2024]<\/p>\n\n<p>Lee atentamente estas condiciones antes de utilizar nuestro Servicio.<\/p>\n\n<hr class=\"wp-block-separator has-alpha-channel-opacity\"\/>\n\n<h2 class=\"wp-block-heading\"><strong>Interpretaci\u00f3n y definiciones<\/strong><\/h2>\n\n<h3 class=\"wp-block-heading\"><strong>Interpretaci\u00f3n<\/strong><\/h3>\n\n<p>Las palabras con la letra inicial en may\u00fascula tienen significados definidos en las siguientes condiciones. Las siguientes definiciones tendr\u00e1n el mismo significado independientemente de que aparezcan en singular o en plural. <\/p>\n\n<h3 class=\"wp-block-heading\"><strong>Definiciones<\/strong><\/h3>\n\n<p>A efectos de las presentes Condiciones Generales:<\/p>\n\n<ul class=\"wp-block-list\">\n<li><strong>Afiliada<\/strong> significa una entidad que controla, es controlada por, o est\u00e1 bajo control com\u00fan con una parte, donde \u00abcontrol\u00bb significa la propiedad del 50% o m\u00e1s de las acciones, participaciones u otros valores con derecho a voto para la elecci\u00f3n de directores u otra autoridad de gesti\u00f3n.<\/li>\n\n\n\n<li><strong>Cuenta<\/strong> significa una cuenta \u00fanica creada para que T\u00fa accedas a nuestro Servicio o a partes de nuestro Servicio.<\/li>\n\n\n\n<li><strong>La Empresa<\/strong> (denominada \u00abla Empresa\u00bb, \u00abNosotros\u00bb, \u00abNos\u00bb o \u00abNuestro\u00bb en el presente Contrato) se refiere a <strong>Chacrys s.r.o.<\/strong>, Svatojanska 3060\/14, 94501 Komarno, Eslovaquia.<\/li>\n\n\n\n<li><strong>Contenido<\/strong> se refiere a texto, im\u00e1genes u otra informaci\u00f3n que puedas publicar, cargar, enlazar o poner a disposici\u00f3n de otra forma.<\/li>\n\n\n\n<li>El <strong>pa\u00eds<\/strong> se refiere a Eslovaquia.<\/li>\n\n\n\n<li><strong>Dispositivo<\/strong> significa cualquier dispositivo que pueda acceder al Servicio, como un ordenador, un tel\u00e9fono m\u00f3vil o una tableta.<\/li>\n\n\n\n<li><strong>Feedback<\/strong> significa comentarios, sugerencias o ideas enviadas por Ti en relaci\u00f3n con los atributos, el rendimiento o las caracter\u00edsticas de nuestro Servicio.<\/li>\n\n\n\n<li>Los <strong>Productos<\/strong> se refieren a los bienes ofrecidos a la venta en el Servicio.<\/li>\n\n\n\n<li><strong>Pedidos<\/strong> significa una solicitud por Tu parte para comprarnos Productos.<\/li>\n\n\n\n<li><strong>Las promociones<\/strong> se refieren a concursos, sorteos u otras promociones ofrecidas a trav\u00e9s del Servicio.<\/li>\n\n\n\n<li><strong>Servicio<\/strong> se refiere al Sitio Web.<\/li>\n\n\n\n<li><strong>T\u00e9rminos<\/strong> y Condiciones (tambi\u00e9n denominados \u00abT\u00e9rminos\u00bb) significan estos T\u00e9rminos y Condiciones que forman el acuerdo completo entre T\u00fa y la Empresa en relaci\u00f3n con el uso del Servicio.<\/li>\n\n\n\n<li><strong>La p\u00e1gina web<\/strong> hace referencia a <strong>Chacrys<\/strong>, accesible desde <a href=\"http:\/\/www.chacrys.com\/\">www.chacrys.com.<\/a><\/li>\n\n\n\n<li><strong>T\u00fa<\/strong> significa la persona f\u00edsica que accede o utiliza el Servicio, o la empresa o entidad jur\u00eddica en nombre de la cual dicha persona f\u00edsica accede o utiliza el Servicio, seg\u00fan corresponda.<\/li>\n<\/ul>\n\n<hr class=\"wp-block-separator has-alpha-channel-opacity\"\/>\n\n<h2 class=\"wp-block-heading\"><strong>Acuse de recibo<\/strong><\/h2>\n\n<p>Estos son los T\u00e9rminos y Condiciones que rigen el uso de este Servicio y el acuerdo que opera entre T\u00fa y la Empresa. Estos T\u00e9rminos y Condiciones establecen los derechos y obligaciones de todos los usuarios en relaci\u00f3n con el uso del Servicio. <\/p>\n\n<p>Tu acceso y uso del Servicio est\u00e1n condicionados a Tu aceptaci\u00f3n y cumplimiento de estos T\u00e9rminos y Condiciones. Estas Condiciones se aplican a todos los visitantes, usuarios y dem\u00e1s personas que accedan o utilicen el Servicio. <\/p>\n\n<p>Al acceder o utilizar el Servicio, aceptas quedar vinculado por estas Condiciones. Si no est\u00e1s de acuerdo con alguna parte de estas Condiciones, no podr\u00e1s acceder al Servicio. <\/p>\n\n<p>Declaras que tienes al menos 18 a\u00f1os. La Empresa no permite que los menores de 18 a\u00f1os utilicen el Servicio. <\/p>\n\n<hr class=\"wp-block-separator has-alpha-channel-opacity\"\/>\n\n<h2 class=\"wp-block-heading\"><strong>Cuentas de usuario<\/strong><\/h2>\n\n<ul class=\"wp-block-list\">\n<li>Cuando creas una Cuenta con Nosotros, debes proporcionar informaci\u00f3n precisa, completa y actualizada en todo momento. No hacerlo constituye un incumplimiento de las Condiciones, que puede dar lugar a la cancelaci\u00f3n inmediata de Tu Cuenta. <\/li>\n\n\n\n<li>Eres responsable de salvaguardar la contrase\u00f1a que utilizas para acceder al Servicio y de cualquier actividad realizada con tu contrase\u00f1a.<\/li>\n\n\n\n<li>Te comprometes a no revelar Tu contrase\u00f1a a terceros. Si tienes conocimiento de cualquier acceso no autorizado, notif\u00edcanoslo inmediatamente. <\/li>\n<\/ul>\n\n<hr class=\"wp-block-separator has-alpha-channel-opacity\"\/>\n\n<h2 class=\"wp-block-heading\"><strong>Hacer pedidos de productos<\/strong><\/h2>\n\n<p>Al realizar un Pedido de Productos a trav\u00e9s del Servicio, garantizas que:<\/p>\n\n<ol class=\"wp-block-list\">\n<li>Tienes capacidad legal para celebrar contratos vinculantes.<\/li>\n\n\n\n<li>La informaci\u00f3n que facilitas es exacta y completa.<\/li>\n<\/ol>\n\n<hr class=\"wp-block-separator has-alpha-channel-opacity\"\/>\n\n<h2 class=\"wp-block-heading\"><strong>Promociones<\/strong><\/h2>\n\n<p>Cualquier Promoci\u00f3n ofrecida a trav\u00e9s del Servicio puede tener normas adicionales. Si participas en alguna Promoci\u00f3n, revisa las normas aplicables, as\u00ed como nuestra Pol\u00edtica de Privacidad. Si las normas de una Promoci\u00f3n entran en conflicto con estas Condiciones, se aplicar\u00e1n las normas de la Promoci\u00f3n.  <\/p>\n\n<hr class=\"wp-block-separator has-alpha-channel-opacity\"\/>\n\n<h2 class=\"wp-block-heading\"><strong>Comentarios<\/strong><\/h2>\n\n<p>Al enviar Comentarios, nos cedes todos los derechos, t\u00edtulos e intereses sobre dichos Comentarios. Si por cualquier motivo dicha cesi\u00f3n no fuera efectiva, aceptas concedernos una licencia no exclusiva, perpetua, irrevocable, libre de regal\u00edas y de \u00e1mbito mundial para utilizar, reproducir, revelar y distribuir dicho Feedback sin restricci\u00f3n ni compensaci\u00f3n alguna. <\/p>\n\n<hr class=\"wp-block-separator has-alpha-channel-opacity\"\/>\n\n<h2 class=\"wp-block-heading\"><strong>Propiedad intelectual<\/strong><\/h2>\n\n<p>El Servicio y su contenido original, caracter\u00edsticas y funcionalidad son y seguir\u00e1n siendo propiedad exclusiva de la Empresa. No puedes utilizar Nuestra propiedad intelectual sin consentimiento previo por escrito. <\/p>\n\n<hr class=\"wp-block-separator has-alpha-channel-opacity\"\/>\n\n<h2 class=\"wp-block-heading\"><strong>Limitaci\u00f3n de responsabilidad<\/strong><\/h2>\n\n<p>En la medida m\u00e1xima permitida por la legislaci\u00f3n aplicable, la Empresa no ser\u00e1 responsable de ning\u00fan da\u00f1o indirecto, incidental o consecuente derivado del uso que hagas del Servicio.<\/p>\n\n<hr class=\"wp-block-separator has-alpha-channel-opacity\"\/>\n\n<h2 class=\"wp-block-heading\"><strong>Terminaci\u00f3n<\/strong><\/h2>\n\n<p>Podemos cancelar o suspender Tu Cuenta o el acceso al Servicio inmediatamente, sin previo aviso ni responsabilidad, por cualquier motivo, incluido el incumplimiento de estas Condiciones.<\/p>\n\n<hr class=\"wp-block-separator has-alpha-channel-opacity\"\/>\n\n<h2 class=\"wp-block-heading\"><strong>Cambios en estas Condiciones<\/strong><\/h2>\n\n<p>Nos reservamos el derecho a modificar o sustituir estas Condiciones a Nuestra entera discreci\u00f3n. Si una revisi\u00f3n es material, te avisaremos con al menos 30 d\u00edas de antelaci\u00f3n antes de que los nuevos t\u00e9rminos entren en vigor. Al continuar utilizando el Servicio despu\u00e9s de las actualizaciones, aceptas las Condiciones revisadas.  <\/p>\n\n<hr class=\"wp-block-separator has-alpha-channel-opacity\"\/>\n\n<h2 class=\"wp-block-heading\"><strong>Contacta con nosotros<\/strong><\/h2>\n\n<p>Si tienes alguna pregunta sobre estos T\u00e9rminos y Condiciones, puedes ponerte en contacto con nosotros:<\/p>\n\n<ul class=\"wp-block-list\">\n<li>Por correo electr\u00f3nico: <a href=\"mailto:hello@chacrys.com\">hello@chacrys.com<\/a><\/li>\n<\/ul>\n\n<p><\/p>\n","protected":false},"excerpt":{"rendered":"<p>T\u00e9rminos y condiciones Fecha de entrada en vigor: [16 .6.2020]\u00daltima actualizaci\u00f3n: [01 .12.2024] Lee atentamente estas condiciones antes de utilizar<\/p>\n","protected":false},"author":1,"featured_media":0,"parent":0,"menu_order":0,"comment_status":"closed","ping_status":"closed","template":"","meta":{"footnotes":""},"class_list":["post-31255","page","type-page","status-publish","hentry"],"yoast_head":"<!-- This site is optimized with the Yoast SEO plugin v27.3 - https:\/\/yoast.com\/product\/yoast-seo-wordpress\/ -->\n<title>Condiciones generales - Chacrys<\/title>\n<meta name=\"robots\" content=\"noindex, follow\" \/>\n<meta property=\"og:locale\" content=\"es_ES\" \/>\n<meta property=\"og:type\" content=\"article\" \/>\n<meta property=\"og:title\" content=\"Condiciones generales - Chacrys\" \/>\n<meta property=\"og:description\" content=\"T\u00e9rminos y condiciones Fecha de entrada en vigor: [16 .6.2020]\u00daltima actualizaci\u00f3n: [01 .12.2024] Lee atentamente estas condiciones antes de utilizar\" \/>\n<meta property=\"og:url\" content=\"https:\/\/chacrys.com\/es\/terms-conditions\/\" \/>\n<meta property=\"og:site_name\" content=\"Chacrys\" \/>\n<meta property=\"article:publisher\" content=\"https:\/\/www.facebook.com\/chacryscrystal\" \/>\n<meta property=\"article:modified_time\" content=\"2024-12-02T10:11:13+00:00\" \/>\n<meta name=\"twitter:card\" content=\"summary_large_image\" \/>\n<meta name=\"twitter:label1\" content=\"Tiempo de lectura\" \/>\n\t<meta name=\"twitter:data1\" content=\"5 minutos\" \/>\n<script type=\"application\/ld+json\" class=\"yoast-schema-graph\">{\"@context\":\"https:\\\/\\\/schema.org\",\"@graph\":[{\"@type\":\"WebPage\",\"@id\":\"https:\\\/\\\/chacrys.com\\\/es\\\/terms-conditions\\\/\",\"url\":\"https:\\\/\\\/chacrys.com\\\/es\\\/terms-conditions\\\/\",\"name\":\"Condiciones generales - Chacrys\",\"isPartOf\":{\"@id\":\"https:\\\/\\\/chacrys.com\\\/es\\\/#website\"},\"datePublished\":\"2024-11-27T14:44:16+00:00\",\"dateModified\":\"2024-12-02T10:11:13+00:00\",\"breadcrumb\":{\"@id\":\"https:\\\/\\\/chacrys.com\\\/es\\\/terms-conditions\\\/#breadcrumb\"},\"inLanguage\":\"es\",\"potentialAction\":[{\"@type\":\"ReadAction\",\"target\":[\"https:\\\/\\\/chacrys.com\\\/es\\\/terms-conditions\\\/\"]}]},{\"@type\":\"BreadcrumbList\",\"@id\":\"https:\\\/\\\/chacrys.com\\\/es\\\/terms-conditions\\\/#breadcrumb\",\"itemListElement\":[{\"@type\":\"ListItem\",\"position\":1,\"name\":\"Home\",\"item\":\"https:\\\/\\\/chacrys.com\\\/es\\\/\"},{\"@type\":\"ListItem\",\"position\":2,\"name\":\"Condiciones generales\"}]},{\"@type\":\"WebSite\",\"@id\":\"https:\\\/\\\/chacrys.com\\\/es\\\/#website\",\"url\":\"https:\\\/\\\/chacrys.com\\\/es\\\/\",\"name\":\"Chacrys\",\"description\":\"Chacrys\",\"publisher\":{\"@id\":\"https:\\\/\\\/chacrys.com\\\/es\\\/#organization\"},\"potentialAction\":[{\"@type\":\"SearchAction\",\"target\":{\"@type\":\"EntryPoint\",\"urlTemplate\":\"https:\\\/\\\/chacrys.com\\\/es\\\/?s={search_term_string}\"},\"query-input\":{\"@type\":\"PropertyValueSpecification\",\"valueRequired\":true,\"valueName\":\"search_term_string\"}}],\"inLanguage\":\"es\"},{\"@type\":\"Organization\",\"@id\":\"https:\\\/\\\/chacrys.com\\\/es\\\/#organization\",\"name\":\"Chacrys\",\"url\":\"https:\\\/\\\/chacrys.com\\\/es\\\/\",\"logo\":{\"@type\":\"ImageObject\",\"inLanguage\":\"es\",\"@id\":\"https:\\\/\\\/chacrys.com\\\/es\\\/#\\\/schema\\\/logo\\\/image\\\/\",\"url\":\"https:\\\/\\\/chacrys.com\\\/wp-content\\\/uploads\\\/2024\\\/11\\\/cropped-FRANJULIA-6.png\",\"contentUrl\":\"https:\\\/\\\/chacrys.com\\\/wp-content\\\/uploads\\\/2024\\\/11\\\/cropped-FRANJULIA-6.png\",\"width\":512,\"height\":512,\"caption\":\"Chacrys\"},\"image\":{\"@id\":\"https:\\\/\\\/chacrys.com\\\/es\\\/#\\\/schema\\\/logo\\\/image\\\/\"},\"sameAs\":[\"https:\\\/\\\/www.facebook.com\\\/chacryscrystal\",\"https:\\\/\\\/www.instagram.com\\\/chacrys\\\/\",\"https:\\\/\\\/www.pinterest.com\\\/chacryscrystalbed\\\/\",\"https:\\\/\\\/www.youtube.com\\\/@chacrysofficial9667\"]}]}<\/script>\n<!-- \/ Yoast SEO plugin. -->","yoast_head_json":{"title":"Condiciones generales - Chacrys","robots":{"index":"noindex","follow":"follow"},"og_locale":"es_ES","og_type":"article","og_title":"Condiciones generales - Chacrys","og_description":"T\u00e9rminos y condiciones Fecha de entrada en vigor: [16 .6.2020]\u00daltima actualizaci\u00f3n: [01 .12.2024] Lee atentamente estas condiciones antes de utilizar","og_url":"https:\/\/chacrys.com\/es\/terms-conditions\/","og_site_name":"Chacrys","article_publisher":"https:\/\/www.facebook.com\/chacryscrystal","article_modified_time":"2024-12-02T10:11:13+00:00","twitter_card":"summary_large_image","twitter_misc":{"Tiempo de lectura":"5 minutos"},"schema":{"@context":"https:\/\/schema.org","@graph":[{"@type":"WebPage","@id":"https:\/\/chacrys.com\/es\/terms-conditions\/","url":"https:\/\/chacrys.com\/es\/terms-conditions\/","name":"Condiciones generales - Chacrys","isPartOf":{"@id":"https:\/\/chacrys.com\/es\/#website"},"datePublished":"2024-11-27T14:44:16+00:00","dateModified":"2024-12-02T10:11:13+00:00","breadcrumb":{"@id":"https:\/\/chacrys.com\/es\/terms-conditions\/#breadcrumb"},"inLanguage":"es","potentialAction":[{"@type":"ReadAction","target":["https:\/\/chacrys.com\/es\/terms-conditions\/"]}]},{"@type":"BreadcrumbList","@id":"https:\/\/chacrys.com\/es\/terms-conditions\/#breadcrumb","itemListElement":[{"@type":"ListItem","position":1,"name":"Home","item":"https:\/\/chacrys.com\/es\/"},{"@type":"ListItem","position":2,"name":"Condiciones generales"}]},{"@type":"WebSite","@id":"https:\/\/chacrys.com\/es\/#website","url":"https:\/\/chacrys.com\/es\/","name":"Chacrys","description":"Chacrys","publisher":{"@id":"https:\/\/chacrys.com\/es\/#organization"},"potentialAction":[{"@type":"SearchAction","target":{"@type":"EntryPoint","urlTemplate":"https:\/\/chacrys.com\/es\/?s={search_term_string}"},"query-input":{"@type":"PropertyValueSpecification","valueRequired":true,"valueName":"search_term_string"}}],"inLanguage":"es"},{"@type":"Organization","@id":"https:\/\/chacrys.com\/es\/#organization","name":"Chacrys","url":"https:\/\/chacrys.com\/es\/","logo":{"@type":"ImageObject","inLanguage":"es","@id":"https:\/\/chacrys.com\/es\/#\/schema\/logo\/image\/","url":"https:\/\/chacrys.com\/wp-content\/uploads\/2024\/11\/cropped-FRANJULIA-6.png","contentUrl":"https:\/\/chacrys.com\/wp-content\/uploads\/2024\/11\/cropped-FRANJULIA-6.png","width":512,"height":512,"caption":"Chacrys"},"image":{"@id":"https:\/\/chacrys.com\/es\/#\/schema\/logo\/image\/"},"sameAs":["https:\/\/www.facebook.com\/chacryscrystal","https:\/\/www.instagram.com\/chacrys\/","https:\/\/www.pinterest.com\/chacryscrystalbed\/","https:\/\/www.youtube.com\/@chacrysofficial9667"]}]}},"_links":{"self":[{"href":"https:\/\/chacrys.com\/es\/wp-json\/wp\/v2\/pages\/31255","targetHints":{"allow":["GET"]}}],"collection":[{"href":"https:\/\/chacrys.com\/es\/wp-json\/wp\/v2\/pages"}],"about":[{"href":"https:\/\/chacrys.com\/es\/wp-json\/wp\/v2\/types\/page"}],"author":[{"embeddable":true,"href":"https:\/\/chacrys.com\/es\/wp-json\/wp\/v2\/users\/1"}],"replies":[{"embeddable":true,"href":"https:\/\/chacrys.com\/es\/wp-json\/wp\/v2\/comments?post=31255"}],"version-history":[{"count":2,"href":"https:\/\/chacrys.com\/es\/wp-json\/wp\/v2\/pages\/31255\/revisions"}],"predecessor-version":[{"id":31379,"href":"https:\/\/chacrys.com\/es\/wp-json\/wp\/v2\/pages\/31255\/revisions\/31379"}],"wp:attachment":[{"href":"https:\/\/chacrys.com\/es\/wp-json\/wp\/v2\/media?parent=31255"}],"curies":[{"name":"wp","href":"https:\/\/api.w.org\/{rel}","templated":true}]}}