{"id":32353,"date":"2025-01-29T10:04:47","date_gmt":"2025-01-29T10:04:47","guid":{"rendered":"https:\/\/chacrys.com\/product\/amethyst-vogel-kristall\/"},"modified":"2025-05-12T13:04:15","modified_gmt":"2025-05-12T13:04:15","slug":"amethyst-vogel-kristall","status":"publish","type":"product","link":"https:\/\/chacrys.com\/de\/produkt\/amethyst-vogel-kristall\/","title":{"rendered":"Amethyst Vogel Kristall"},"content":{"rendered":"","protected":false},"excerpt":{"rendered":"<p>Der <strong>Amethyst Vogelkristall<\/strong> ist nicht nur ein atemberaubendes St\u00fcck nat\u00fcrlicher Sch\u00f6nheit, sondern auch ein kraftvolles energetisches Werkzeug f\u00fcr Heilung, spirituelles Wachstum und Energiearbeit.<\/p>\n","protected":false},"featured_media":32066,"comment_status":"open","ping_status":"closed","template":"","meta":[],"product_brand":[],"product_cat":[226],"product_tag":[],"class_list":{"0":"post-32353","1":"product","2":"type-product","3":"status-publish","4":"has-post-thumbnail","6":"product_cat-uncategorized-de","8":"first","9":"instock","10":"shipping-taxable","11":"purchasable","12":"product-type-simple"},"yoast_head":"<!-- This site is optimized with the Yoast SEO plugin v27.4 - https:\/\/yoast.com\/product\/yoast-seo-wordpress\/ -->\n<title>Amethyst Vogel Kristall, Authentischer 12-seitiger Amethyst Vogel Kristall zu verkaufen | Chacrys<\/title>\n<meta name=\"description\" content=\"Kaufen Sie 12-seitigen Amethyst Vogelkristall von Chacrys! Verwenden Sie ihn in Energieheilungssitzungen, wo das spitze Ende die Energie auf bestimmte Bereiche des K\u00f6rpers oder der Aura lenken kann, die Heilung ben\u00f6tigen.\" \/>\n<meta name=\"robots\" content=\"index, follow, max-snippet:-1, max-image-preview:large, max-video-preview:-1\" \/>\n<link rel=\"canonical\" href=\"https:\/\/chacrys.com\/de\/produkt\/amethyst-vogel-kristall\/\" \/>\n<meta property=\"og:locale\" content=\"de_DE\" \/>\n<meta property=\"og:type\" content=\"article\" \/>\n<meta property=\"og:title\" content=\"Amethyst Vogel Kristall, Authentischer 12-seitiger Amethyst Vogel Kristall zu verkaufen | Chacrys\" \/>\n<meta property=\"og:description\" content=\"Kaufen Sie 12-seitigen Amethyst Vogelkristall von Chacrys! Verwenden Sie ihn in Energieheilungssitzungen, wo das spitze Ende die Energie auf bestimmte Bereiche des K\u00f6rpers oder der Aura lenken kann, die Heilung ben\u00f6tigen.\" \/>\n<meta property=\"og:url\" content=\"https:\/\/chacrys.com\/de\/produkt\/amethyst-vogel-kristall\/\" \/>\n<meta property=\"og:site_name\" content=\"Chacrys\" \/>\n<meta property=\"article:publisher\" content=\"https:\/\/www.facebook.com\/chacryscrystal\" \/>\n<meta property=\"article:modified_time\" content=\"2025-05-12T13:04:15+00:00\" \/>\n<meta property=\"og:image\" content=\"https:\/\/chacrys.com\/wp-content\/uploads\/2025\/01\/web1.png\" \/>\n\t<meta property=\"og:image:width\" content=\"768\" \/>\n\t<meta property=\"og:image:height\" content=\"768\" \/>\n\t<meta property=\"og:image:type\" content=\"image\/png\" \/>\n<meta name=\"twitter:card\" content=\"summary_large_image\" \/>\n<meta name=\"twitter:label1\" content=\"Preis\" \/>\n\t<meta name=\"twitter:data1\" content=\"129,00&nbsp;&euro;\" \/>\n\t<meta name=\"twitter:label2\" content=\"Verf\u00fcgbarkeit\" \/>\n\t<meta name=\"twitter:data2\" content=\"Auf Lager\" \/>\n<script type=\"application\/ld+json\" class=\"yoast-schema-graph\">{\"@context\":\"https:\\\/\\\/schema.org\",\"@graph\":[{\"@type\":\"WebPage\",\"@id\":\"https:\\\/\\\/chacrys.com\\\/de\\\/produkt\\\/amethyst-vogel-kristall\\\/\",\"url\":\"https:\\\/\\\/chacrys.com\\\/de\\\/produkt\\\/amethyst-vogel-kristall\\\/\",\"name\":\"Amethyst Vogel Kristall, Authentischer 12-seitiger Amethyst Vogel Kristall zu verkaufen | Chacrys\",\"isPartOf\":{\"@id\":\"https:\\\/\\\/chacrys.com\\\/de\\\/#website\"},\"primaryImageOfPage\":{\"@id\":\"https:\\\/\\\/chacrys.com\\\/de\\\/produkt\\\/amethyst-vogel-kristall\\\/#primaryimage\"},\"image\":{\"@id\":\"https:\\\/\\\/chacrys.com\\\/de\\\/produkt\\\/amethyst-vogel-kristall\\\/#primaryimage\"},\"thumbnailUrl\":\"https:\\\/\\\/chacrys.com\\\/wp-content\\\/uploads\\\/2025\\\/01\\\/web1.png\",\"datePublished\":\"2025-01-29T10:04:47+00:00\",\"dateModified\":\"2025-05-12T13:04:15+00:00\",\"description\":\"Kaufen Sie 12-seitigen Amethyst Vogelkristall von Chacrys! Verwenden Sie ihn in Energieheilungssitzungen, wo das spitze Ende die Energie auf bestimmte Bereiche des K\u00f6rpers oder der Aura lenken kann, die Heilung ben\u00f6tigen.\",\"breadcrumb\":{\"@id\":\"https:\\\/\\\/chacrys.com\\\/de\\\/produkt\\\/amethyst-vogel-kristall\\\/#breadcrumb\"},\"inLanguage\":\"de\",\"potentialAction\":[{\"@type\":\"ReadAction\",\"target\":[\"https:\\\/\\\/chacrys.com\\\/de\\\/produkt\\\/amethyst-vogel-kristall\\\/\"]}]},{\"@type\":\"ImageObject\",\"inLanguage\":\"de\",\"@id\":\"https:\\\/\\\/chacrys.com\\\/de\\\/produkt\\\/amethyst-vogel-kristall\\\/#primaryimage\",\"url\":\"https:\\\/\\\/chacrys.com\\\/wp-content\\\/uploads\\\/2025\\\/01\\\/web1.png\",\"contentUrl\":\"https:\\\/\\\/chacrys.com\\\/wp-content\\\/uploads\\\/2025\\\/01\\\/web1.png\",\"width\":768,\"height\":768,\"caption\":\"Amethyst-Vogelkristall\"},{\"@type\":\"BreadcrumbList\",\"@id\":\"https:\\\/\\\/chacrys.com\\\/de\\\/produkt\\\/amethyst-vogel-kristall\\\/#breadcrumb\",\"itemListElement\":[{\"@type\":\"ListItem\",\"position\":1,\"name\":\"Home\",\"item\":\"https:\\\/\\\/chacrys.com\\\/de\\\/\"},{\"@type\":\"ListItem\",\"position\":2,\"name\":\"Der Kristallheilungsladen &#8211; alt\",\"item\":\"https:\\\/\\\/chacrys.com\\\/de\\\/shop\\\/\"},{\"@type\":\"ListItem\",\"position\":3,\"name\":\"Amethyst Vogel Kristall\"}]},{\"@type\":\"WebSite\",\"@id\":\"https:\\\/\\\/chacrys.com\\\/de\\\/#website\",\"url\":\"https:\\\/\\\/chacrys.com\\\/de\\\/\",\"name\":\"Chacrys\",\"description\":\"Chacrys\",\"publisher\":{\"@id\":\"https:\\\/\\\/chacrys.com\\\/de\\\/#organization\"},\"potentialAction\":[{\"@type\":\"SearchAction\",\"target\":{\"@type\":\"EntryPoint\",\"urlTemplate\":\"https:\\\/\\\/chacrys.com\\\/de\\\/?s={search_term_string}\"},\"query-input\":{\"@type\":\"PropertyValueSpecification\",\"valueRequired\":true,\"valueName\":\"search_term_string\"}}],\"inLanguage\":\"de\"},{\"@type\":\"Organization\",\"@id\":\"https:\\\/\\\/chacrys.com\\\/de\\\/#organization\",\"name\":\"Chacrys\",\"url\":\"https:\\\/\\\/chacrys.com\\\/de\\\/\",\"logo\":{\"@type\":\"ImageObject\",\"inLanguage\":\"de\",\"@id\":\"https:\\\/\\\/chacrys.com\\\/de\\\/#\\\/schema\\\/logo\\\/image\\\/\",\"url\":\"https:\\\/\\\/chacrys.com\\\/wp-content\\\/uploads\\\/2024\\\/11\\\/cropped-FRANJULIA-6.png\",\"contentUrl\":\"https:\\\/\\\/chacrys.com\\\/wp-content\\\/uploads\\\/2024\\\/11\\\/cropped-FRANJULIA-6.png\",\"width\":512,\"height\":512,\"caption\":\"Chacrys\"},\"image\":{\"@id\":\"https:\\\/\\\/chacrys.com\\\/de\\\/#\\\/schema\\\/logo\\\/image\\\/\"},\"sameAs\":[\"https:\\\/\\\/www.facebook.com\\\/chacryscrystal\",\"https:\\\/\\\/www.instagram.com\\\/chacrys\\\/\",\"https:\\\/\\\/www.pinterest.com\\\/chacryscrystalbed\\\/\",\"https:\\\/\\\/www.youtube.com\\\/@chacrysofficial9667\"]}]}<\/script>\n<meta property=\"product:price:amount\" content=\"129.00\" \/>\n<meta property=\"product:price:currency\" content=\"EUR\" \/>\n<meta property=\"og:availability\" content=\"instock\" \/>\n<meta property=\"product:availability\" content=\"instock\" \/>\n<meta property=\"product:condition\" content=\"new\" \/>\n<!-- \/ Yoast SEO plugin. -->","yoast_head_json":{"title":"Amethyst Vogel Kristall, Authentischer 12-seitiger Amethyst Vogel Kristall zu verkaufen | Chacrys","description":"Kaufen Sie 12-seitigen Amethyst Vogelkristall von Chacrys! Verwenden Sie ihn in Energieheilungssitzungen, wo das spitze Ende die Energie auf bestimmte Bereiche des K\u00f6rpers oder der Aura lenken kann, die Heilung ben\u00f6tigen.","robots":{"index":"index","follow":"follow","max-snippet":"max-snippet:-1","max-image-preview":"max-image-preview:large","max-video-preview":"max-video-preview:-1"},"canonical":"https:\/\/chacrys.com\/de\/produkt\/amethyst-vogel-kristall\/","og_locale":"de_DE","og_type":"article","og_title":"Amethyst Vogel Kristall, Authentischer 12-seitiger Amethyst Vogel Kristall zu verkaufen | Chacrys","og_description":"Kaufen Sie 12-seitigen Amethyst Vogelkristall von Chacrys! Verwenden Sie ihn in Energieheilungssitzungen, wo das spitze Ende die Energie auf bestimmte Bereiche des K\u00f6rpers oder der Aura lenken kann, die Heilung ben\u00f6tigen.","og_url":"https:\/\/chacrys.com\/de\/produkt\/amethyst-vogel-kristall\/","og_site_name":"Chacrys","article_publisher":"https:\/\/www.facebook.com\/chacryscrystal","article_modified_time":"2025-05-12T13:04:15+00:00","og_image":[{"width":768,"height":768,"url":"https:\/\/chacrys.com\/wp-content\/uploads\/2025\/01\/web1.png","type":"image\/png"}],"twitter_card":"summary_large_image","twitter_misc":{"Preis":"129,00&nbsp;&euro;","Verf\u00fcgbarkeit":"Auf Lager"},"schema":{"@context":"https:\/\/schema.org","@graph":[{"@type":"WebPage","@id":"https:\/\/chacrys.com\/de\/produkt\/amethyst-vogel-kristall\/","url":"https:\/\/chacrys.com\/de\/produkt\/amethyst-vogel-kristall\/","name":"Amethyst Vogel Kristall, Authentischer 12-seitiger Amethyst Vogel Kristall zu verkaufen | Chacrys","isPartOf":{"@id":"https:\/\/chacrys.com\/de\/#website"},"primaryImageOfPage":{"@id":"https:\/\/chacrys.com\/de\/produkt\/amethyst-vogel-kristall\/#primaryimage"},"image":{"@id":"https:\/\/chacrys.com\/de\/produkt\/amethyst-vogel-kristall\/#primaryimage"},"thumbnailUrl":"https:\/\/chacrys.com\/wp-content\/uploads\/2025\/01\/web1.png","datePublished":"2025-01-29T10:04:47+00:00","dateModified":"2025-05-12T13:04:15+00:00","description":"Kaufen Sie 12-seitigen Amethyst Vogelkristall von Chacrys! Verwenden Sie ihn in Energieheilungssitzungen, wo das spitze Ende die Energie auf bestimmte Bereiche des K\u00f6rpers oder der Aura lenken kann, die Heilung ben\u00f6tigen.","breadcrumb":{"@id":"https:\/\/chacrys.com\/de\/produkt\/amethyst-vogel-kristall\/#breadcrumb"},"inLanguage":"de","potentialAction":[{"@type":"ReadAction","target":["https:\/\/chacrys.com\/de\/produkt\/amethyst-vogel-kristall\/"]}]},{"@type":"ImageObject","inLanguage":"de","@id":"https:\/\/chacrys.com\/de\/produkt\/amethyst-vogel-kristall\/#primaryimage","url":"https:\/\/chacrys.com\/wp-content\/uploads\/2025\/01\/web1.png","contentUrl":"https:\/\/chacrys.com\/wp-content\/uploads\/2025\/01\/web1.png","width":768,"height":768,"caption":"Amethyst-Vogelkristall"},{"@type":"BreadcrumbList","@id":"https:\/\/chacrys.com\/de\/produkt\/amethyst-vogel-kristall\/#breadcrumb","itemListElement":[{"@type":"ListItem","position":1,"name":"Home","item":"https:\/\/chacrys.com\/de\/"},{"@type":"ListItem","position":2,"name":"Der Kristallheilungsladen &#8211; alt","item":"https:\/\/chacrys.com\/de\/shop\/"},{"@type":"ListItem","position":3,"name":"Amethyst Vogel Kristall"}]},{"@type":"WebSite","@id":"https:\/\/chacrys.com\/de\/#website","url":"https:\/\/chacrys.com\/de\/","name":"Chacrys","description":"Chacrys","publisher":{"@id":"https:\/\/chacrys.com\/de\/#organization"},"potentialAction":[{"@type":"SearchAction","target":{"@type":"EntryPoint","urlTemplate":"https:\/\/chacrys.com\/de\/?s={search_term_string}"},"query-input":{"@type":"PropertyValueSpecification","valueRequired":true,"valueName":"search_term_string"}}],"inLanguage":"de"},{"@type":"Organization","@id":"https:\/\/chacrys.com\/de\/#organization","name":"Chacrys","url":"https:\/\/chacrys.com\/de\/","logo":{"@type":"ImageObject","inLanguage":"de","@id":"https:\/\/chacrys.com\/de\/#\/schema\/logo\/image\/","url":"https:\/\/chacrys.com\/wp-content\/uploads\/2024\/11\/cropped-FRANJULIA-6.png","contentUrl":"https:\/\/chacrys.com\/wp-content\/uploads\/2024\/11\/cropped-FRANJULIA-6.png","width":512,"height":512,"caption":"Chacrys"},"image":{"@id":"https:\/\/chacrys.com\/de\/#\/schema\/logo\/image\/"},"sameAs":["https:\/\/www.facebook.com\/chacryscrystal","https:\/\/www.instagram.com\/chacrys\/","https:\/\/www.pinterest.com\/chacryscrystalbed\/","https:\/\/www.youtube.com\/@chacrysofficial9667"]}]},"product_price_amount":"129.00","product_price_currency":"EUR","og_availability":"instock","product_availability":"instock","product_condition":"new"},"_links":{"self":[{"href":"https:\/\/chacrys.com\/de\/wp-json\/wp\/v2\/product\/32353","targetHints":{"allow":["GET"]}}],"collection":[{"href":"https:\/\/chacrys.com\/de\/wp-json\/wp\/v2\/product"}],"about":[{"href":"https:\/\/chacrys.com\/de\/wp-json\/wp\/v2\/types\/product"}],"replies":[{"embeddable":true,"href":"https:\/\/chacrys.com\/de\/wp-json\/wp\/v2\/comments?post=32353"}],"version-history":[{"count":1,"href":"https:\/\/chacrys.com\/de\/wp-json\/wp\/v2\/product\/32353\/revisions"}],"predecessor-version":[{"id":32760,"href":"https:\/\/chacrys.com\/de\/wp-json\/wp\/v2\/product\/32353\/revisions\/32760"}],"wp:featuredmedia":[{"embeddable":true,"href":"https:\/\/chacrys.com\/de\/wp-json\/wp\/v2\/media\/32066"}],"wp:attachment":[{"href":"https:\/\/chacrys.com\/de\/wp-json\/wp\/v2\/media?parent=32353"}],"wp:term":[{"taxonomy":"product_brand","embeddable":true,"href":"https:\/\/chacrys.com\/de\/wp-json\/wp\/v2\/product_brand?post=32353"},{"taxonomy":"product_cat","embeddable":true,"href":"https:\/\/chacrys.com\/de\/wp-json\/wp\/v2\/product_cat?post=32353"},{"taxonomy":"product_tag","embeddable":true,"href":"https:\/\/chacrys.com\/de\/wp-json\/wp\/v2\/product_tag?post=32353"}],"curies":[{"name":"wp","href":"https:\/\/api.w.org\/{rel}","templated":true}]}}