{"id":32346,"date":"2025-01-29T10:36:01","date_gmt":"2025-01-29T09:36:01","guid":{"rendered":"https:\/\/chacrys.com\/product\/rosenquarz-vogelkristall\/"},"modified":"2026-02-10T11:15:02","modified_gmt":"2026-02-10T10:15:02","slug":"rosenquarz-vogelkristall","status":"publish","type":"product","link":"https:\/\/chacrys.com\/de\/produkt\/rosenquarz-vogelkristall\/","title":{"rendered":"Rosenquarz Vogelkristall"},"content":{"rendered":"\t\t<div data-elementor-type=\"wp-post\" data-elementor-id=\"32346\" class=\"elementor elementor-32346 elementor-32130\">\n\t\t\t\t<div class=\"wd-negative-gap elementor-element elementor-element-b465bf6 e-flex e-con-boxed e-con e-parent\" data-id=\"b465bf6\" data-element_type=\"container\" data-e-type=\"container\">\n\t\t\t\t\t<div class=\"e-con-inner\">\n\t\t\t\t<div class=\"elementor-element elementor-element-987ba3d elementor-widget elementor-widget-wd_text_block\" data-id=\"987ba3d\" data-element_type=\"widget\" data-e-type=\"widget\" data-widget_type=\"wd_text_block.default\">\n\t\t\t\t<div class=\"elementor-widget-container\">\n\t\t\t\t\t\t\t<div class=\"wd-text-block reset-last-child text-left\">\n\t\t\t\n\t\t\t<h2><b>Praktische Tipps f\u00fcr die Verwendung<\/b><\/h2><p><span style=\"font-weight: 400;\">Wenn Sie den Rosenquarz-Vogelkristall in Ihren Raum einbauen, sollten Sie die folgenden Punkte beachten:<\/span><\/p><ul><li style=\"font-weight: 400;\" aria-level=\"1\"><span style=\"font-weight: 400;\"><strong>Reinigen Sie ihn vor dem Gebrauch:<\/strong> Wischen Sie den Kristall ab oder reinigen Sie ihn sanft auf eine Weise, die sich f\u00fcr Sie richtig anf\u00fchlt, z.B. in der N\u00e4he von nat\u00fcrlichem Licht oder mit einer achtsamen Absicht.<\/span><span style=\"font-weight: 400;\"><br><br><\/span><\/li><li style=\"font-weight: 400;\" aria-level=\"1\"><span style=\"font-weight: 400;\"><strong>Setzen Sie sich eine Absicht:<\/strong> Nehmen Sie sich vor jeder Sitzung einen Moment Zeit, um sich an einem ruhigen Ort niederzulassen und eine klare pers\u00f6nliche Absicht f\u00fcr Ihre Reflexion oder Meditation zu formulieren.<\/span><span style=\"font-weight: 400;\"><br><br><\/span><\/li><li style=\"font-weight: 400;\" aria-level=\"1\"><span style=\"font-weight: 400;\"><strong>Kombinieren Sie mit anderen Werkzeugen:<\/strong> Kombinieren Sie mit anderen Kristallen, Meditationspraktiken oder friedlichen Elementen wie Kerzen oder sanfter Musik, um die Umgebung zu verbessern.<\/span><span style=\"font-weight: 400;\"><br><br><\/span><\/li><\/ul><h2><b>Rose Vogel Kristall FAQs<\/b><\/h2><p><b>Was ist ein Rosenquarz-Vogelkristall?<\/b><\/p><p><span style=\"font-weight: 400;\">Ein Rosenquarz-Vogelkristall ist ein Kristall, der nach der Vogel-Schliff-Methode geformt wurde und ein symmetrisches, doppelendiges Design aufweist. Er wird aus Rosenquarz hergestellt und wird h\u00e4ufig in der Meditation, Achtsamkeit und in der absichtlichen Kristallpraxis verwendet. <\/span><\/p><p><b>Wie wird der Rosenquarz-Vogelkristall normalerweise verwendet?<\/b><\/p><p><span style=\"font-weight: 400;\">Dieser Kristall wird oft verwendet, indem er w\u00e4hrend der Meditation gehalten, in einem pers\u00f6nlichen \u00dcbungsraum platziert oder in Kristall-Layouts integriert wird. Viele Anwender verwenden ihn als visuellen und symbolischen Fokuspunkt w\u00e4hrend achtsamer oder reflektierender Sitzungen. <\/span><\/p><p><b>Womit wird der Rosenquarz traditionell in Verbindung gebracht?<\/b><\/p><p><span style=\"font-weight: 400;\">In traditionellen kristallinen und spirituellen Praktiken wird der Rosenquarz h\u00e4ufig mit Themen wie Mitgef\u00fchl, emotionales Bewusstsein und herzzentrierte Reflexion in Verbindung gebracht. Diese Assoziationen sind symbolisch und variieren von Tradition zu Tradition. <\/span><\/p><p><b>Ist der Rosenquarz-Vogelkristall ein medizinisches oder heilendes Ger\u00e4t?<\/b><\/p><p><span style=\"font-weight: 400;\">Nein. Der Rosenquarz-Vogelkristall ist kein medizinisches Ger\u00e4t und dient nicht der Diagnose, Behandlung, Heilung oder Vorbeugung von Krankheiten. Er wird f\u00fcr pers\u00f6nliche Reflexion, Achtsamkeit und Wellness-Praktiken angeboten.  <\/span><\/p><p><b>K\u00f6nnen Anf\u00e4nger einen Rosenquarz-Vogelkristall verwenden?<\/b><\/p><p><span style=\"font-weight: 400;\">Ja. Der Rosenquarz-Vogelkristall ist sowohl f\u00fcr Anf\u00e4nger als auch f\u00fcr erfahrene Kristallpraktiker geeignet. Es sind keine Vorkenntnisse oder eine technische Ausbildung erforderlich, um ihn in der Meditation oder in der pers\u00f6nlichen Praxis zu verwenden.  <\/span><\/p><p><b>Kann dieser Kristall mit anderen Tools kombiniert werden?<\/b><\/p><p><span style=\"font-weight: 400;\">Ja. Viele Anwender kombinieren Vogel-Kristalle mit anderen Kristallen, Meditationstechniken oder lichtfokussierten Werkzeugen, um eine pers\u00f6nliche \u00dcbungsumgebung zu schaffen. Er kann auch Kristallbetten oder strukturierte Kristallsysteme erg\u00e4nzen.  <\/span><\/p><p><b>Wie sollte ich meinen Rosenquarz-Vogelkristall pflegen?<\/b><\/p><p><span style=\"font-weight: 400;\">Um Ihren Kristall zu pflegen, halten Sie ihn sauber und bewahren Sie ihn an einem sicheren Ort auf, wenn Sie ihn nicht benutzen. Einige Benutzer ziehen es vor, ihn regelm\u00e4\u00dfig mit sanften Methoden zu reinigen, wie z.B. durch achtsame Absicht, nat\u00fcrliche Lichteinwirkung oder das Aufstellen in einer ruhigen Umgebung. <\/span><\/p>\n\t\t\t\t\t<\/div>\n\t\t\t\t\t\t<\/div>\n\t\t\t\t<\/div>\n\t\t\t\t\t<\/div>\n\t\t\t\t<\/div>\n\t\t\t\t<\/div>\n\t\t","protected":false},"excerpt":{"rendered":"<p>Der Rosenquarz hilft, alte emotionale Wunden zu l\u00f6sen, und spendet dem Herzen Trost. Der Vogel-Schliff fokussiert die Energie und hilft dabei, emotionale Blockaden zu l\u00f6sen und das Gleichgewicht wiederherzustellen. <\/p>\n","protected":false},"featured_media":32133,"comment_status":"open","ping_status":"closed","template":"","meta":[],"product_brand":[],"product_cat":[226],"product_tag":[],"class_list":{"0":"post-32346","1":"product","2":"type-product","3":"status-publish","4":"has-post-thumbnail","6":"product_cat-uncategorized-de","8":"first","9":"instock","10":"shipping-taxable","11":"purchasable","12":"product-type-simple"},"yoast_head":"<!-- This site is optimized with the Yoast SEO plugin v27.4 - https:\/\/yoast.com\/product\/yoast-seo-wordpress\/ -->\n<title>Rosenvogel Kristall, Chacrys Rosenquarz Vogel online kaufen<\/title>\n<meta name=\"description\" content=\"Rosenquarz-Vogelkristalle sind eine einzigartige und kraftvolle Form von Rosenquarz, die sorgf\u00e4ltig in eine spezielle Form geschliffen werden, die als Vogel-Schliff bekannt ist. Kaufen Sie hochwertige Rosenvogelkristalle bei Chacrys!\" \/>\n<meta name=\"robots\" content=\"index, follow, max-snippet:-1, max-image-preview:large, max-video-preview:-1\" \/>\n<link rel=\"canonical\" href=\"https:\/\/chacrys.com\/de\/produkt\/rosenquarz-vogelkristall\/\" \/>\n<meta property=\"og:locale\" content=\"de_DE\" \/>\n<meta property=\"og:type\" content=\"article\" \/>\n<meta property=\"og:title\" content=\"Rosenvogel Kristall, Chacrys Rosenquarz Vogel online kaufen\" \/>\n<meta property=\"og:description\" content=\"Rosenquarz-Vogelkristalle sind eine einzigartige und kraftvolle Form von Rosenquarz, die sorgf\u00e4ltig in eine spezielle Form geschliffen werden, die als Vogel-Schliff bekannt ist. Kaufen Sie hochwertige Rosenvogelkristalle bei Chacrys!\" \/>\n<meta property=\"og:url\" content=\"https:\/\/chacrys.com\/de\/produkt\/rosenquarz-vogelkristall\/\" \/>\n<meta property=\"og:site_name\" content=\"Chacrys\" \/>\n<meta property=\"article:publisher\" content=\"https:\/\/www.facebook.com\/chacryscrystal\" \/>\n<meta property=\"article:modified_time\" content=\"2026-02-10T10:15:02+00:00\" \/>\n<meta property=\"og:image\" content=\"https:\/\/chacrys.com\/wp-content\/uploads\/2025\/01\/web2.png\" \/>\n\t<meta property=\"og:image:width\" content=\"768\" \/>\n\t<meta property=\"og:image:height\" content=\"768\" \/>\n\t<meta property=\"og:image:type\" content=\"image\/png\" \/>\n<meta name=\"twitter:card\" content=\"summary_large_image\" \/>\n<meta name=\"twitter:label1\" content=\"Preis\" \/>\n\t<meta name=\"twitter:data1\" content=\"129,00&nbsp;&euro;\" \/>\n\t<meta name=\"twitter:label2\" content=\"Verf\u00fcgbarkeit\" \/>\n\t<meta name=\"twitter:data2\" content=\"Auf Lager\" \/>\n<script type=\"application\/ld+json\" class=\"yoast-schema-graph\">{\"@context\":\"https:\\\/\\\/schema.org\",\"@graph\":[{\"@type\":\"WebPage\",\"@id\":\"https:\\\/\\\/chacrys.com\\\/de\\\/produkt\\\/rosenquarz-vogelkristall\\\/\",\"url\":\"https:\\\/\\\/chacrys.com\\\/de\\\/produkt\\\/rosenquarz-vogelkristall\\\/\",\"name\":\"Rosenvogel Kristall, Chacrys Rosenquarz Vogel online kaufen\",\"isPartOf\":{\"@id\":\"https:\\\/\\\/chacrys.com\\\/de\\\/#website\"},\"primaryImageOfPage\":{\"@id\":\"https:\\\/\\\/chacrys.com\\\/de\\\/produkt\\\/rosenquarz-vogelkristall\\\/#primaryimage\"},\"image\":{\"@id\":\"https:\\\/\\\/chacrys.com\\\/de\\\/produkt\\\/rosenquarz-vogelkristall\\\/#primaryimage\"},\"thumbnailUrl\":\"https:\\\/\\\/chacrys.com\\\/wp-content\\\/uploads\\\/2025\\\/01\\\/web2.png\",\"datePublished\":\"2025-01-29T09:36:01+00:00\",\"dateModified\":\"2026-02-10T10:15:02+00:00\",\"description\":\"Rosenquarz-Vogelkristalle sind eine einzigartige und kraftvolle Form von Rosenquarz, die sorgf\u00e4ltig in eine spezielle Form geschliffen werden, die als Vogel-Schliff bekannt ist. Kaufen Sie hochwertige Rosenvogelkristalle bei Chacrys!\",\"breadcrumb\":{\"@id\":\"https:\\\/\\\/chacrys.com\\\/de\\\/produkt\\\/rosenquarz-vogelkristall\\\/#breadcrumb\"},\"inLanguage\":\"de\",\"potentialAction\":[{\"@type\":\"ReadAction\",\"target\":[\"https:\\\/\\\/chacrys.com\\\/de\\\/produkt\\\/rosenquarz-vogelkristall\\\/\"]}]},{\"@type\":\"ImageObject\",\"inLanguage\":\"de\",\"@id\":\"https:\\\/\\\/chacrys.com\\\/de\\\/produkt\\\/rosenquarz-vogelkristall\\\/#primaryimage\",\"url\":\"https:\\\/\\\/chacrys.com\\\/wp-content\\\/uploads\\\/2025\\\/01\\\/web2.png\",\"contentUrl\":\"https:\\\/\\\/chacrys.com\\\/wp-content\\\/uploads\\\/2025\\\/01\\\/web2.png\",\"width\":768,\"height\":768,\"caption\":\"Rosenquarz-Vogelkristall\"},{\"@type\":\"BreadcrumbList\",\"@id\":\"https:\\\/\\\/chacrys.com\\\/de\\\/produkt\\\/rosenquarz-vogelkristall\\\/#breadcrumb\",\"itemListElement\":[{\"@type\":\"ListItem\",\"position\":1,\"name\":\"Home\",\"item\":\"https:\\\/\\\/chacrys.com\\\/de\\\/\"},{\"@type\":\"ListItem\",\"position\":2,\"name\":\"Der Kristallheilungsladen &#8211; alt\",\"item\":\"https:\\\/\\\/chacrys.com\\\/de\\\/shop\\\/\"},{\"@type\":\"ListItem\",\"position\":3,\"name\":\"Rosenquarz Vogelkristall\"}]},{\"@type\":\"WebSite\",\"@id\":\"https:\\\/\\\/chacrys.com\\\/de\\\/#website\",\"url\":\"https:\\\/\\\/chacrys.com\\\/de\\\/\",\"name\":\"Chacrys\",\"description\":\"Chacrys\",\"publisher\":{\"@id\":\"https:\\\/\\\/chacrys.com\\\/de\\\/#organization\"},\"potentialAction\":[{\"@type\":\"SearchAction\",\"target\":{\"@type\":\"EntryPoint\",\"urlTemplate\":\"https:\\\/\\\/chacrys.com\\\/de\\\/?s={search_term_string}\"},\"query-input\":{\"@type\":\"PropertyValueSpecification\",\"valueRequired\":true,\"valueName\":\"search_term_string\"}}],\"inLanguage\":\"de\"},{\"@type\":\"Organization\",\"@id\":\"https:\\\/\\\/chacrys.com\\\/de\\\/#organization\",\"name\":\"Chacrys\",\"url\":\"https:\\\/\\\/chacrys.com\\\/de\\\/\",\"logo\":{\"@type\":\"ImageObject\",\"inLanguage\":\"de\",\"@id\":\"https:\\\/\\\/chacrys.com\\\/de\\\/#\\\/schema\\\/logo\\\/image\\\/\",\"url\":\"https:\\\/\\\/chacrys.com\\\/wp-content\\\/uploads\\\/2024\\\/11\\\/cropped-FRANJULIA-6.png\",\"contentUrl\":\"https:\\\/\\\/chacrys.com\\\/wp-content\\\/uploads\\\/2024\\\/11\\\/cropped-FRANJULIA-6.png\",\"width\":512,\"height\":512,\"caption\":\"Chacrys\"},\"image\":{\"@id\":\"https:\\\/\\\/chacrys.com\\\/de\\\/#\\\/schema\\\/logo\\\/image\\\/\"},\"sameAs\":[\"https:\\\/\\\/www.facebook.com\\\/chacryscrystal\",\"https:\\\/\\\/www.instagram.com\\\/chacrys\\\/\",\"https:\\\/\\\/www.pinterest.com\\\/chacryscrystalbed\\\/\",\"https:\\\/\\\/www.youtube.com\\\/@chacrysofficial9667\"]}]}<\/script>\n<meta property=\"product:price:amount\" content=\"129.00\" \/>\n<meta property=\"product:price:currency\" content=\"EUR\" \/>\n<meta property=\"og:availability\" content=\"instock\" \/>\n<meta property=\"product:availability\" content=\"instock\" \/>\n<meta property=\"product:condition\" content=\"new\" \/>\n<!-- \/ Yoast SEO plugin. -->","yoast_head_json":{"title":"Rosenvogel Kristall, Chacrys Rosenquarz Vogel online kaufen","description":"Rosenquarz-Vogelkristalle sind eine einzigartige und kraftvolle Form von Rosenquarz, die sorgf\u00e4ltig in eine spezielle Form geschliffen werden, die als Vogel-Schliff bekannt ist. Kaufen Sie hochwertige Rosenvogelkristalle bei Chacrys!","robots":{"index":"index","follow":"follow","max-snippet":"max-snippet:-1","max-image-preview":"max-image-preview:large","max-video-preview":"max-video-preview:-1"},"canonical":"https:\/\/chacrys.com\/de\/produkt\/rosenquarz-vogelkristall\/","og_locale":"de_DE","og_type":"article","og_title":"Rosenvogel Kristall, Chacrys Rosenquarz Vogel online kaufen","og_description":"Rosenquarz-Vogelkristalle sind eine einzigartige und kraftvolle Form von Rosenquarz, die sorgf\u00e4ltig in eine spezielle Form geschliffen werden, die als Vogel-Schliff bekannt ist. Kaufen Sie hochwertige Rosenvogelkristalle bei Chacrys!","og_url":"https:\/\/chacrys.com\/de\/produkt\/rosenquarz-vogelkristall\/","og_site_name":"Chacrys","article_publisher":"https:\/\/www.facebook.com\/chacryscrystal","article_modified_time":"2026-02-10T10:15:02+00:00","og_image":[{"width":768,"height":768,"url":"https:\/\/chacrys.com\/wp-content\/uploads\/2025\/01\/web2.png","type":"image\/png"}],"twitter_card":"summary_large_image","twitter_misc":{"Preis":"129,00&nbsp;&euro;","Verf\u00fcgbarkeit":"Auf Lager"},"schema":{"@context":"https:\/\/schema.org","@graph":[{"@type":"WebPage","@id":"https:\/\/chacrys.com\/de\/produkt\/rosenquarz-vogelkristall\/","url":"https:\/\/chacrys.com\/de\/produkt\/rosenquarz-vogelkristall\/","name":"Rosenvogel Kristall, Chacrys Rosenquarz Vogel online kaufen","isPartOf":{"@id":"https:\/\/chacrys.com\/de\/#website"},"primaryImageOfPage":{"@id":"https:\/\/chacrys.com\/de\/produkt\/rosenquarz-vogelkristall\/#primaryimage"},"image":{"@id":"https:\/\/chacrys.com\/de\/produkt\/rosenquarz-vogelkristall\/#primaryimage"},"thumbnailUrl":"https:\/\/chacrys.com\/wp-content\/uploads\/2025\/01\/web2.png","datePublished":"2025-01-29T09:36:01+00:00","dateModified":"2026-02-10T10:15:02+00:00","description":"Rosenquarz-Vogelkristalle sind eine einzigartige und kraftvolle Form von Rosenquarz, die sorgf\u00e4ltig in eine spezielle Form geschliffen werden, die als Vogel-Schliff bekannt ist. Kaufen Sie hochwertige Rosenvogelkristalle bei Chacrys!","breadcrumb":{"@id":"https:\/\/chacrys.com\/de\/produkt\/rosenquarz-vogelkristall\/#breadcrumb"},"inLanguage":"de","potentialAction":[{"@type":"ReadAction","target":["https:\/\/chacrys.com\/de\/produkt\/rosenquarz-vogelkristall\/"]}]},{"@type":"ImageObject","inLanguage":"de","@id":"https:\/\/chacrys.com\/de\/produkt\/rosenquarz-vogelkristall\/#primaryimage","url":"https:\/\/chacrys.com\/wp-content\/uploads\/2025\/01\/web2.png","contentUrl":"https:\/\/chacrys.com\/wp-content\/uploads\/2025\/01\/web2.png","width":768,"height":768,"caption":"Rosenquarz-Vogelkristall"},{"@type":"BreadcrumbList","@id":"https:\/\/chacrys.com\/de\/produkt\/rosenquarz-vogelkristall\/#breadcrumb","itemListElement":[{"@type":"ListItem","position":1,"name":"Home","item":"https:\/\/chacrys.com\/de\/"},{"@type":"ListItem","position":2,"name":"Der Kristallheilungsladen &#8211; alt","item":"https:\/\/chacrys.com\/de\/shop\/"},{"@type":"ListItem","position":3,"name":"Rosenquarz Vogelkristall"}]},{"@type":"WebSite","@id":"https:\/\/chacrys.com\/de\/#website","url":"https:\/\/chacrys.com\/de\/","name":"Chacrys","description":"Chacrys","publisher":{"@id":"https:\/\/chacrys.com\/de\/#organization"},"potentialAction":[{"@type":"SearchAction","target":{"@type":"EntryPoint","urlTemplate":"https:\/\/chacrys.com\/de\/?s={search_term_string}"},"query-input":{"@type":"PropertyValueSpecification","valueRequired":true,"valueName":"search_term_string"}}],"inLanguage":"de"},{"@type":"Organization","@id":"https:\/\/chacrys.com\/de\/#organization","name":"Chacrys","url":"https:\/\/chacrys.com\/de\/","logo":{"@type":"ImageObject","inLanguage":"de","@id":"https:\/\/chacrys.com\/de\/#\/schema\/logo\/image\/","url":"https:\/\/chacrys.com\/wp-content\/uploads\/2024\/11\/cropped-FRANJULIA-6.png","contentUrl":"https:\/\/chacrys.com\/wp-content\/uploads\/2024\/11\/cropped-FRANJULIA-6.png","width":512,"height":512,"caption":"Chacrys"},"image":{"@id":"https:\/\/chacrys.com\/de\/#\/schema\/logo\/image\/"},"sameAs":["https:\/\/www.facebook.com\/chacryscrystal","https:\/\/www.instagram.com\/chacrys\/","https:\/\/www.pinterest.com\/chacryscrystalbed\/","https:\/\/www.youtube.com\/@chacrysofficial9667"]}]},"product_price_amount":"129.00","product_price_currency":"EUR","og_availability":"instock","product_availability":"instock","product_condition":"new"},"_links":{"self":[{"href":"https:\/\/chacrys.com\/de\/wp-json\/wp\/v2\/product\/32346","targetHints":{"allow":["GET"]}}],"collection":[{"href":"https:\/\/chacrys.com\/de\/wp-json\/wp\/v2\/product"}],"about":[{"href":"https:\/\/chacrys.com\/de\/wp-json\/wp\/v2\/types\/product"}],"replies":[{"embeddable":true,"href":"https:\/\/chacrys.com\/de\/wp-json\/wp\/v2\/comments?post=32346"}],"version-history":[{"count":3,"href":"https:\/\/chacrys.com\/de\/wp-json\/wp\/v2\/product\/32346\/revisions"}],"predecessor-version":[{"id":34649,"href":"https:\/\/chacrys.com\/de\/wp-json\/wp\/v2\/product\/32346\/revisions\/34649"}],"wp:featuredmedia":[{"embeddable":true,"href":"https:\/\/chacrys.com\/de\/wp-json\/wp\/v2\/media\/32133"}],"wp:attachment":[{"href":"https:\/\/chacrys.com\/de\/wp-json\/wp\/v2\/media?parent=32346"}],"wp:term":[{"taxonomy":"product_brand","embeddable":true,"href":"https:\/\/chacrys.com\/de\/wp-json\/wp\/v2\/product_brand?post=32346"},{"taxonomy":"product_cat","embeddable":true,"href":"https:\/\/chacrys.com\/de\/wp-json\/wp\/v2\/product_cat?post=32346"},{"taxonomy":"product_tag","embeddable":true,"href":"https:\/\/chacrys.com\/de\/wp-json\/wp\/v2\/product_tag?post=32346"}],"curies":[{"name":"wp","href":"https:\/\/api.w.org\/{rel}","templated":true}]}}