{"id":31522,"date":"2024-11-25T16:50:41","date_gmt":"2024-11-25T15:50:41","guid":{"rendered":"https:\/\/chacrys.com\/product\/chacrys-mini\/"},"modified":"2026-04-03T14:10:52","modified_gmt":"2026-04-03T12:10:52","slug":"chacrys-mini","status":"publish","type":"product","link":"https:\/\/chacrys.com\/de\/produkt\/chacrys-mini\/","title":{"rendered":"Chacrys MINI"},"content":{"rendered":"","protected":false},"excerpt":{"rendered":"<p>Chacrys Mini kann f\u00fcr alle Chakren, Meridiane und Reflexpunkte verwendet werden. Der Vogelkristall kann sowohl die sieben Farben der Chakren als auch Wei\u00df \u00fcbertragen. <\/p>\n<ul class=\"help-box-ul\">\n<li>2 Jahre Garantie<\/li>\n<li>Online-Schulung<\/li>\n<li>weltweiter Versand<\/li>\n<li>Hochwertige handgefertigte Qualit\u00e4t<\/li>\n<\/ul>\n","protected":false},"featured_media":30747,"comment_status":"open","ping_status":"closed","template":"","meta":[],"product_brand":[],"product_cat":[266,226],"product_tag":[],"class_list":{"0":"post-31522","1":"product","2":"type-product","3":"status-publish","4":"has-post-thumbnail","6":"product_cat-bestseller-de","7":"product_cat-uncategorized-de","9":"first","10":"instock","11":"shipping-taxable","12":"purchasable","13":"product-type-simple"},"yoast_head":"<!-- This site is optimized with the Yoast SEO plugin v27.4 - https:\/\/yoast.com\/product\/yoast-seo-wordpress\/ -->\n<title>Chacrys MINI - Chacrys<\/title>\n<meta name=\"robots\" content=\"index, follow, max-snippet:-1, max-image-preview:large, max-video-preview:-1\" \/>\n<link rel=\"canonical\" href=\"https:\/\/chacrys.com\/de\/produkt\/chacrys-mini\/\" \/>\n<meta property=\"og:locale\" content=\"de_DE\" \/>\n<meta property=\"og:type\" content=\"article\" \/>\n<meta property=\"og:title\" content=\"Chacrys MINI - Chacrys\" \/>\n<meta property=\"og:description\" content=\"Chacrys Mini kann f\u00fcr alle Chakren, Meridiane und Reflexpunkte verwendet werden. Der Vogelkristall kann sowohl die sieben Farben der Chakren als auch Wei\u00df \u00fcbertragen.   2 Jahre Garantie  Online-Schulung  weltweiter Versand  Hochwertige handgefertigte Qualit\u00e4t\" \/>\n<meta property=\"og:url\" content=\"https:\/\/chacrys.com\/de\/produkt\/chacrys-mini\/\" \/>\n<meta property=\"og:site_name\" content=\"Chacrys\" \/>\n<meta property=\"article:publisher\" content=\"https:\/\/www.facebook.com\/chacryscrystal\" \/>\n<meta property=\"article:modified_time\" content=\"2026-04-03T12:10:52+00:00\" \/>\n<meta property=\"og:image\" content=\"https:\/\/chacrys.com\/wp-content\/uploads\/2024\/11\/chacrys-mini-520x520-1.jpg\" \/>\n\t<meta property=\"og:image:width\" content=\"520\" \/>\n\t<meta property=\"og:image:height\" content=\"520\" \/>\n\t<meta property=\"og:image:type\" content=\"image\/jpeg\" \/>\n<meta name=\"twitter:card\" content=\"summary_large_image\" \/>\n<meta name=\"twitter:label1\" content=\"Preis\" \/>\n\t<meta name=\"twitter:data1\" content=\"590,00&nbsp;&euro;\" \/>\n\t<meta name=\"twitter:label2\" content=\"Verf\u00fcgbarkeit\" \/>\n\t<meta name=\"twitter:data2\" content=\"Auf Lager\" \/>\n<script type=\"application\/ld+json\" class=\"yoast-schema-graph\">{\"@context\":\"https:\\\/\\\/schema.org\",\"@graph\":[{\"@type\":\"WebPage\",\"@id\":\"https:\\\/\\\/chacrys.com\\\/de\\\/produkt\\\/chacrys-mini\\\/\",\"url\":\"https:\\\/\\\/chacrys.com\\\/de\\\/produkt\\\/chacrys-mini\\\/\",\"name\":\"Chacrys MINI - Chacrys\",\"isPartOf\":{\"@id\":\"https:\\\/\\\/chacrys.com\\\/de\\\/#website\"},\"primaryImageOfPage\":{\"@id\":\"https:\\\/\\\/chacrys.com\\\/de\\\/produkt\\\/chacrys-mini\\\/#primaryimage\"},\"image\":{\"@id\":\"https:\\\/\\\/chacrys.com\\\/de\\\/produkt\\\/chacrys-mini\\\/#primaryimage\"},\"thumbnailUrl\":\"https:\\\/\\\/chacrys.com\\\/wp-content\\\/uploads\\\/2024\\\/11\\\/chacrys-mini-520x520-1.jpg\",\"datePublished\":\"2024-11-25T15:50:41+00:00\",\"dateModified\":\"2026-04-03T12:10:52+00:00\",\"breadcrumb\":{\"@id\":\"https:\\\/\\\/chacrys.com\\\/de\\\/produkt\\\/chacrys-mini\\\/#breadcrumb\"},\"inLanguage\":\"de\",\"potentialAction\":[{\"@type\":\"ReadAction\",\"target\":[\"https:\\\/\\\/chacrys.com\\\/de\\\/produkt\\\/chacrys-mini\\\/\"]}]},{\"@type\":\"ImageObject\",\"inLanguage\":\"de\",\"@id\":\"https:\\\/\\\/chacrys.com\\\/de\\\/produkt\\\/chacrys-mini\\\/#primaryimage\",\"url\":\"https:\\\/\\\/chacrys.com\\\/wp-content\\\/uploads\\\/2024\\\/11\\\/chacrys-mini-520x520-1.jpg\",\"contentUrl\":\"https:\\\/\\\/chacrys.com\\\/wp-content\\\/uploads\\\/2024\\\/11\\\/chacrys-mini-520x520-1.jpg\",\"width\":520,\"height\":520,\"caption\":\"Kristall-Lampe\"},{\"@type\":\"BreadcrumbList\",\"@id\":\"https:\\\/\\\/chacrys.com\\\/de\\\/produkt\\\/chacrys-mini\\\/#breadcrumb\",\"itemListElement\":[{\"@type\":\"ListItem\",\"position\":1,\"name\":\"Home\",\"item\":\"https:\\\/\\\/chacrys.com\\\/de\\\/\"},{\"@type\":\"ListItem\",\"position\":2,\"name\":\"Der Kristallheilungsladen &#8211; alt\",\"item\":\"https:\\\/\\\/chacrys.com\\\/de\\\/shop\\\/\"},{\"@type\":\"ListItem\",\"position\":3,\"name\":\"Chacrys MINI\"}]},{\"@type\":\"WebSite\",\"@id\":\"https:\\\/\\\/chacrys.com\\\/de\\\/#website\",\"url\":\"https:\\\/\\\/chacrys.com\\\/de\\\/\",\"name\":\"Chacrys\",\"description\":\"Chacrys\",\"publisher\":{\"@id\":\"https:\\\/\\\/chacrys.com\\\/de\\\/#organization\"},\"potentialAction\":[{\"@type\":\"SearchAction\",\"target\":{\"@type\":\"EntryPoint\",\"urlTemplate\":\"https:\\\/\\\/chacrys.com\\\/de\\\/?s={search_term_string}\"},\"query-input\":{\"@type\":\"PropertyValueSpecification\",\"valueRequired\":true,\"valueName\":\"search_term_string\"}}],\"inLanguage\":\"de\"},{\"@type\":\"Organization\",\"@id\":\"https:\\\/\\\/chacrys.com\\\/de\\\/#organization\",\"name\":\"Chacrys\",\"url\":\"https:\\\/\\\/chacrys.com\\\/de\\\/\",\"logo\":{\"@type\":\"ImageObject\",\"inLanguage\":\"de\",\"@id\":\"https:\\\/\\\/chacrys.com\\\/de\\\/#\\\/schema\\\/logo\\\/image\\\/\",\"url\":\"https:\\\/\\\/chacrys.com\\\/wp-content\\\/uploads\\\/2024\\\/11\\\/cropped-FRANJULIA-6.png\",\"contentUrl\":\"https:\\\/\\\/chacrys.com\\\/wp-content\\\/uploads\\\/2024\\\/11\\\/cropped-FRANJULIA-6.png\",\"width\":512,\"height\":512,\"caption\":\"Chacrys\"},\"image\":{\"@id\":\"https:\\\/\\\/chacrys.com\\\/de\\\/#\\\/schema\\\/logo\\\/image\\\/\"},\"sameAs\":[\"https:\\\/\\\/www.facebook.com\\\/chacryscrystal\",\"https:\\\/\\\/www.instagram.com\\\/chacrys\\\/\",\"https:\\\/\\\/www.pinterest.com\\\/chacryscrystalbed\\\/\",\"https:\\\/\\\/www.youtube.com\\\/@chacrysofficial9667\"]}]}<\/script>\n<meta property=\"product:price:amount\" content=\"590.00\" \/>\n<meta property=\"product:price:currency\" content=\"EUR\" \/>\n<meta property=\"og:availability\" content=\"instock\" \/>\n<meta property=\"product:availability\" content=\"instock\" \/>\n<meta property=\"product:condition\" content=\"new\" \/>\n<!-- \/ Yoast SEO plugin. -->","yoast_head_json":{"title":"Chacrys MINI - Chacrys","robots":{"index":"index","follow":"follow","max-snippet":"max-snippet:-1","max-image-preview":"max-image-preview:large","max-video-preview":"max-video-preview:-1"},"canonical":"https:\/\/chacrys.com\/de\/produkt\/chacrys-mini\/","og_locale":"de_DE","og_type":"article","og_title":"Chacrys MINI - Chacrys","og_description":"Chacrys Mini kann f\u00fcr alle Chakren, Meridiane und Reflexpunkte verwendet werden. Der Vogelkristall kann sowohl die sieben Farben der Chakren als auch Wei\u00df \u00fcbertragen.   2 Jahre Garantie  Online-Schulung  weltweiter Versand  Hochwertige handgefertigte Qualit\u00e4t","og_url":"https:\/\/chacrys.com\/de\/produkt\/chacrys-mini\/","og_site_name":"Chacrys","article_publisher":"https:\/\/www.facebook.com\/chacryscrystal","article_modified_time":"2026-04-03T12:10:52+00:00","og_image":[{"width":520,"height":520,"url":"https:\/\/chacrys.com\/wp-content\/uploads\/2024\/11\/chacrys-mini-520x520-1.jpg","type":"image\/jpeg"}],"twitter_card":"summary_large_image","twitter_misc":{"Preis":"590,00&nbsp;&euro;","Verf\u00fcgbarkeit":"Auf Lager"},"schema":{"@context":"https:\/\/schema.org","@graph":[{"@type":"WebPage","@id":"https:\/\/chacrys.com\/de\/produkt\/chacrys-mini\/","url":"https:\/\/chacrys.com\/de\/produkt\/chacrys-mini\/","name":"Chacrys MINI - Chacrys","isPartOf":{"@id":"https:\/\/chacrys.com\/de\/#website"},"primaryImageOfPage":{"@id":"https:\/\/chacrys.com\/de\/produkt\/chacrys-mini\/#primaryimage"},"image":{"@id":"https:\/\/chacrys.com\/de\/produkt\/chacrys-mini\/#primaryimage"},"thumbnailUrl":"https:\/\/chacrys.com\/wp-content\/uploads\/2024\/11\/chacrys-mini-520x520-1.jpg","datePublished":"2024-11-25T15:50:41+00:00","dateModified":"2026-04-03T12:10:52+00:00","breadcrumb":{"@id":"https:\/\/chacrys.com\/de\/produkt\/chacrys-mini\/#breadcrumb"},"inLanguage":"de","potentialAction":[{"@type":"ReadAction","target":["https:\/\/chacrys.com\/de\/produkt\/chacrys-mini\/"]}]},{"@type":"ImageObject","inLanguage":"de","@id":"https:\/\/chacrys.com\/de\/produkt\/chacrys-mini\/#primaryimage","url":"https:\/\/chacrys.com\/wp-content\/uploads\/2024\/11\/chacrys-mini-520x520-1.jpg","contentUrl":"https:\/\/chacrys.com\/wp-content\/uploads\/2024\/11\/chacrys-mini-520x520-1.jpg","width":520,"height":520,"caption":"Kristall-Lampe"},{"@type":"BreadcrumbList","@id":"https:\/\/chacrys.com\/de\/produkt\/chacrys-mini\/#breadcrumb","itemListElement":[{"@type":"ListItem","position":1,"name":"Home","item":"https:\/\/chacrys.com\/de\/"},{"@type":"ListItem","position":2,"name":"Der Kristallheilungsladen &#8211; alt","item":"https:\/\/chacrys.com\/de\/shop\/"},{"@type":"ListItem","position":3,"name":"Chacrys MINI"}]},{"@type":"WebSite","@id":"https:\/\/chacrys.com\/de\/#website","url":"https:\/\/chacrys.com\/de\/","name":"Chacrys","description":"Chacrys","publisher":{"@id":"https:\/\/chacrys.com\/de\/#organization"},"potentialAction":[{"@type":"SearchAction","target":{"@type":"EntryPoint","urlTemplate":"https:\/\/chacrys.com\/de\/?s={search_term_string}"},"query-input":{"@type":"PropertyValueSpecification","valueRequired":true,"valueName":"search_term_string"}}],"inLanguage":"de"},{"@type":"Organization","@id":"https:\/\/chacrys.com\/de\/#organization","name":"Chacrys","url":"https:\/\/chacrys.com\/de\/","logo":{"@type":"ImageObject","inLanguage":"de","@id":"https:\/\/chacrys.com\/de\/#\/schema\/logo\/image\/","url":"https:\/\/chacrys.com\/wp-content\/uploads\/2024\/11\/cropped-FRANJULIA-6.png","contentUrl":"https:\/\/chacrys.com\/wp-content\/uploads\/2024\/11\/cropped-FRANJULIA-6.png","width":512,"height":512,"caption":"Chacrys"},"image":{"@id":"https:\/\/chacrys.com\/de\/#\/schema\/logo\/image\/"},"sameAs":["https:\/\/www.facebook.com\/chacryscrystal","https:\/\/www.instagram.com\/chacrys\/","https:\/\/www.pinterest.com\/chacryscrystalbed\/","https:\/\/www.youtube.com\/@chacrysofficial9667"]}]},"product_price_amount":"590.00","product_price_currency":"EUR","og_availability":"instock","product_availability":"instock","product_condition":"new"},"_links":{"self":[{"href":"https:\/\/chacrys.com\/de\/wp-json\/wp\/v2\/product\/31522","targetHints":{"allow":["GET"]}}],"collection":[{"href":"https:\/\/chacrys.com\/de\/wp-json\/wp\/v2\/product"}],"about":[{"href":"https:\/\/chacrys.com\/de\/wp-json\/wp\/v2\/types\/product"}],"replies":[{"embeddable":true,"href":"https:\/\/chacrys.com\/de\/wp-json\/wp\/v2\/comments?post=31522"}],"version-history":[{"count":1,"href":"https:\/\/chacrys.com\/de\/wp-json\/wp\/v2\/product\/31522\/revisions"}],"predecessor-version":[{"id":32799,"href":"https:\/\/chacrys.com\/de\/wp-json\/wp\/v2\/product\/31522\/revisions\/32799"}],"wp:featuredmedia":[{"embeddable":true,"href":"https:\/\/chacrys.com\/de\/wp-json\/wp\/v2\/media\/30747"}],"wp:attachment":[{"href":"https:\/\/chacrys.com\/de\/wp-json\/wp\/v2\/media?parent=31522"}],"wp:term":[{"taxonomy":"product_brand","embeddable":true,"href":"https:\/\/chacrys.com\/de\/wp-json\/wp\/v2\/product_brand?post=31522"},{"taxonomy":"product_cat","embeddable":true,"href":"https:\/\/chacrys.com\/de\/wp-json\/wp\/v2\/product_cat?post=31522"},{"taxonomy":"product_tag","embeddable":true,"href":"https:\/\/chacrys.com\/de\/wp-json\/wp\/v2\/product_tag?post=31522"}],"curies":[{"name":"wp","href":"https:\/\/api.w.org\/{rel}","templated":true}]}}