{"id":31642,"date":"2021-10-12T15:51:09","date_gmt":"2021-10-12T15:51:09","guid":{"rendered":"https:\/\/chacrys.com\/ueber-uns\/"},"modified":"2024-12-02T12:01:10","modified_gmt":"2024-12-02T12:01:10","slug":"ueber-uns","status":"publish","type":"page","link":"https:\/\/chacrys.com\/de\/ueber-uns\/","title":{"rendered":"\u00dcber uns"},"content":{"rendered":"\t\t<div data-elementor-type=\"wp-page\" data-elementor-id=\"31642\" class=\"elementor elementor-31642 elementor-4400\">\n\t\t\t\t<div class=\"wd-negative-gap elementor-element elementor-element-c79d494 e-flex e-con-boxed e-con e-parent\" data-id=\"c79d494\" data-element_type=\"container\" data-e-type=\"container\">\n\t\t\t\t\t<div class=\"e-con-inner\">\n\t\t<div class=\"elementor-element elementor-element-eda97c0 e-con-full e-flex e-con e-child\" data-id=\"eda97c0\" data-element_type=\"container\" data-e-type=\"container\">\n\t\t\t\t<div class=\"elementor-element elementor-element-afb9151 elementor-widget elementor-widget-heading\" data-id=\"afb9151\" data-element_type=\"widget\" data-e-type=\"widget\" data-widget_type=\"heading.default\">\n\t\t\t\t<div class=\"elementor-widget-container\">\n\t\t\t\t\t<h2 class=\"elementor-heading-title elementor-size-default\">Die Geschichte von Chacrys<\/h2>\t\t\t\t<\/div>\n\t\t\t\t<\/div>\n\t\t\t\t<div class=\"elementor-element elementor-element-84fe9c9 elementor-widget elementor-widget-wd_text_block\" data-id=\"84fe9c9\" data-element_type=\"widget\" data-e-type=\"widget\" data-widget_type=\"wd_text_block.default\">\n\t\t\t\t<div class=\"elementor-widget-container\">\n\t\t\t\t\t\t\t<div class=\"wd-text-block reset-last-child text-left\">\n\t\t\t\n\t\t\t<p>Im Fr\u00fchjahr 2013 war mein Leben an einem Wendepunkt angelangt. Ich war v\u00f6llig ausgebrannt, mein Leben hatte keinen Sinn mehr. Meine Vitalit\u00e4t war dahin und ich konnte kaum noch Freude am Leben finden. Ich hatte das Gef\u00fchl, dass ich mein Land f\u00fcr eine Weile verlassen und irgendwo anders Kraft sammeln musste, damit ich mein Leben aus einer anderen Perspektive betrachten konnte.   <\/p><p>Ich fand einen Freiwilligenjob in einem Schloss in einem abgelegenen Dorf in Norddeutschland, das ein spirituelles Heilzentrum beherbergte. Ich arbeitete zwei Monate lang als Wartungspersonal in dem Schloss. Ich meditierte jeden Tag am fr\u00fchen Morgen, machte nachmittags Yoga und verbrachte viel Zeit in der Natur.  <\/p><p>Im Schloss gab es ein selbstgemachtes Kristallbett und ich kann Ihnen sagen, es war Liebe auf den ersten Blick. Ich erlebte die Kraft der Kristalle am eigenen Leib und begann, mehr \u00fcber sie zu erfahren. <\/p><p>Als mein zweimonatiger Vertrag endete, hatte ich das Gef\u00fchl in meinem Herzen, dass es meine Mission war, das Konzept des Kristallbetts an so viele Menschen wie m\u00f6glich in der Welt weiterzugeben, um anderen zu helfen.<\/p><p>Zu diesem Zeitpunkt wusste ich noch nicht, wie ich es anstellen w\u00fcrde. Ich verf\u00fcgte \u00fcber keinerlei technische Qualifikationen oder Kenntnisse, aber mein innerer Antrieb, meiner Mission zu folgen, war viel st\u00e4rker als die Hindernisse, denen ich mich stellen musste. Nachdem ich also viel Arbeit und M\u00fche in das Projekt gesteckt hatte und mit der Hilfe anderer, denen ich sehr dankbar bin, wurde das erste Chacrys-Kristallbett hergestellt.  <\/p><p>Die Chacrys Mini Kristall-Lampe wurde kurz darauf entworfen. Seitdem haben viele Menschen auf der ganzen Welt unsere Produkte benutzt. Wir bei Chacrys stecken viel Herzblut in die Herstellung unserer Ger\u00e4te, denn wir wissen, dass sie ihren Nutzern zugute kommen werden.  <\/p>\n\t\t\t\t\t<\/div>\n\t\t\t\t\t\t<\/div>\n\t\t\t\t<\/div>\n\t\t\t\t<\/div>\n\t\t<div class=\"elementor-element elementor-element-1ee12c6 e-con-full e-flex e-con e-child\" data-id=\"1ee12c6\" data-element_type=\"container\" data-e-type=\"container\">\n\t\t\t\t<div class=\"elementor-element elementor-element-8a7fe86 elementor-widget elementor-widget-video\" data-id=\"8a7fe86\" data-element_type=\"widget\" data-e-type=\"widget\" data-settings=\"{&quot;youtube_url&quot;:&quot;https:\\\/\\\/www.youtube.com\\\/watch?v=e-HBSrzJWvg&quot;,&quot;video_type&quot;:&quot;youtube&quot;,&quot;controls&quot;:&quot;yes&quot;}\" data-widget_type=\"video.default\">\n\t\t\t\t<div class=\"elementor-widget-container\">\n\t\t\t\t\t\t\t<div class=\"elementor-wrapper elementor-open-inline\">\n\t\t\t<div class=\"elementor-video\"><\/div>\t\t<\/div>\n\t\t\t\t\t\t<\/div>\n\t\t\t\t<\/div>\n\t\t\t\t<div class=\"elementor-element elementor-element-6018d9e elementor-widget elementor-widget-image\" data-id=\"6018d9e\" data-element_type=\"widget\" data-e-type=\"widget\" data-widget_type=\"image.default\">\n\t\t\t\t<div class=\"elementor-widget-container\">\n\t\t\t\t\t\t\t\t\t\t\t\t\t\t\t<img decoding=\"async\" width=\"1104\" height=\"800\" src=\"https:\/\/chacrys.com\/wp-content\/uploads\/2024\/11\/bedi-laszlo-1104x800.jpg\" class=\"attachment-large size-large wp-image-30522\" alt=\"\" srcset=\"https:\/\/chacrys.com\/wp-content\/uploads\/2024\/11\/bedi-laszlo-1104x800.jpg 1104w, https:\/\/chacrys.com\/wp-content\/uploads\/2024\/11\/bedi-laszlo-430x311.jpg 430w, https:\/\/chacrys.com\/wp-content\/uploads\/2024\/11\/bedi-laszlo-150x109.jpg 150w, https:\/\/chacrys.com\/wp-content\/uploads\/2024\/11\/bedi-laszlo-700x507.jpg 700w, https:\/\/chacrys.com\/wp-content\/uploads\/2024\/11\/bedi-laszlo-400x290.jpg 400w, https:\/\/chacrys.com\/wp-content\/uploads\/2024\/11\/bedi-laszlo-768x556.jpg 768w, https:\/\/chacrys.com\/wp-content\/uploads\/2024\/11\/bedi-laszlo-1536x1113.jpg 1536w, https:\/\/chacrys.com\/wp-content\/uploads\/2024\/11\/bedi-laszlo.jpg 1600w\" sizes=\"(max-width: 1104px) 100vw, 1104px\" \/>\t\t\t\t\t\t\t\t\t\t\t\t\t\t\t<\/div>\n\t\t\t\t<\/div>\n\t\t\t\t<\/div>\n\t\t\t\t\t<\/div>\n\t\t\t\t<\/div>\n\t\t\t\t<\/div>\n\t\t","protected":false},"excerpt":{"rendered":"<p>Die Geschichte von Chacrys Im Fr\u00fchjahr 2013 war mein Leben an einem Wendepunkt angelangt. Ich war v\u00f6llig ausgebrannt, mein Leben<\/p>\n","protected":false},"author":1,"featured_media":0,"parent":0,"menu_order":0,"comment_status":"closed","ping_status":"closed","template":"","meta":{"footnotes":""},"class_list":["post-31642","page","type-page","status-publish","hentry"],"yoast_head":"<!-- This site is optimized with the Yoast SEO plugin v27.3 - https:\/\/yoast.com\/product\/yoast-seo-wordpress\/ -->\n<title>\u00dcber uns - Chacrys<\/title>\n<meta name=\"robots\" content=\"index, follow, max-snippet:-1, max-image-preview:large, max-video-preview:-1\" \/>\n<link rel=\"canonical\" href=\"https:\/\/chacrys.com\/de\/ueber-uns\/\" \/>\n<meta property=\"og:locale\" content=\"de_DE\" \/>\n<meta property=\"og:type\" content=\"article\" \/>\n<meta property=\"og:title\" content=\"\u00dcber uns - Chacrys\" \/>\n<meta property=\"og:description\" content=\"Die Geschichte von Chacrys Im Fr\u00fchjahr 2013 war mein Leben an einem Wendepunkt angelangt. Ich war v\u00f6llig ausgebrannt, mein Leben\" \/>\n<meta property=\"og:url\" content=\"https:\/\/chacrys.com\/de\/ueber-uns\/\" \/>\n<meta property=\"og:site_name\" content=\"Chacrys\" \/>\n<meta property=\"article:publisher\" content=\"https:\/\/www.facebook.com\/chacryscrystal\" \/>\n<meta property=\"article:modified_time\" content=\"2024-12-02T12:01:10+00:00\" \/>\n<meta property=\"og:image\" content=\"https:\/\/chacrys.com\/wp-content\/uploads\/2024\/11\/bedi-laszlo-1104x800.jpg\" \/>\n<meta name=\"twitter:card\" content=\"summary_large_image\" \/>\n<meta name=\"twitter:label1\" content=\"Gesch\u00e4tzte Lesezeit\" \/>\n\t<meta name=\"twitter:data1\" content=\"2\u00a0Minuten\" \/>\n<script type=\"application\/ld+json\" class=\"yoast-schema-graph\">{\"@context\":\"https:\\\/\\\/schema.org\",\"@graph\":[{\"@type\":\"WebPage\",\"@id\":\"https:\\\/\\\/chacrys.com\\\/de\\\/ueber-uns\\\/\",\"url\":\"https:\\\/\\\/chacrys.com\\\/de\\\/ueber-uns\\\/\",\"name\":\"\u00dcber uns - Chacrys\",\"isPartOf\":{\"@id\":\"https:\\\/\\\/chacrys.com\\\/de\\\/#website\"},\"primaryImageOfPage\":{\"@id\":\"https:\\\/\\\/chacrys.com\\\/de\\\/ueber-uns\\\/#primaryimage\"},\"image\":{\"@id\":\"https:\\\/\\\/chacrys.com\\\/de\\\/ueber-uns\\\/#primaryimage\"},\"thumbnailUrl\":\"https:\\\/\\\/chacrys.com\\\/wp-content\\\/uploads\\\/2024\\\/11\\\/bedi-laszlo-1104x800.jpg\",\"datePublished\":\"2021-10-12T15:51:09+00:00\",\"dateModified\":\"2024-12-02T12:01:10+00:00\",\"breadcrumb\":{\"@id\":\"https:\\\/\\\/chacrys.com\\\/de\\\/ueber-uns\\\/#breadcrumb\"},\"inLanguage\":\"de\",\"potentialAction\":[{\"@type\":\"ReadAction\",\"target\":[\"https:\\\/\\\/chacrys.com\\\/de\\\/ueber-uns\\\/\"]}]},{\"@type\":\"ImageObject\",\"inLanguage\":\"de\",\"@id\":\"https:\\\/\\\/chacrys.com\\\/de\\\/ueber-uns\\\/#primaryimage\",\"url\":\"https:\\\/\\\/chacrys.com\\\/wp-content\\\/uploads\\\/2024\\\/11\\\/bedi-laszlo-1104x800.jpg\",\"contentUrl\":\"https:\\\/\\\/chacrys.com\\\/wp-content\\\/uploads\\\/2024\\\/11\\\/bedi-laszlo-1104x800.jpg\"},{\"@type\":\"BreadcrumbList\",\"@id\":\"https:\\\/\\\/chacrys.com\\\/de\\\/ueber-uns\\\/#breadcrumb\",\"itemListElement\":[{\"@type\":\"ListItem\",\"position\":1,\"name\":\"Home\",\"item\":\"https:\\\/\\\/chacrys.com\\\/de\\\/\"},{\"@type\":\"ListItem\",\"position\":2,\"name\":\"\u00dcber uns\"}]},{\"@type\":\"WebSite\",\"@id\":\"https:\\\/\\\/chacrys.com\\\/de\\\/#website\",\"url\":\"https:\\\/\\\/chacrys.com\\\/de\\\/\",\"name\":\"Chacrys\",\"description\":\"Chacrys\",\"publisher\":{\"@id\":\"https:\\\/\\\/chacrys.com\\\/de\\\/#organization\"},\"potentialAction\":[{\"@type\":\"SearchAction\",\"target\":{\"@type\":\"EntryPoint\",\"urlTemplate\":\"https:\\\/\\\/chacrys.com\\\/de\\\/?s={search_term_string}\"},\"query-input\":{\"@type\":\"PropertyValueSpecification\",\"valueRequired\":true,\"valueName\":\"search_term_string\"}}],\"inLanguage\":\"de\"},{\"@type\":\"Organization\",\"@id\":\"https:\\\/\\\/chacrys.com\\\/de\\\/#organization\",\"name\":\"Chacrys\",\"url\":\"https:\\\/\\\/chacrys.com\\\/de\\\/\",\"logo\":{\"@type\":\"ImageObject\",\"inLanguage\":\"de\",\"@id\":\"https:\\\/\\\/chacrys.com\\\/de\\\/#\\\/schema\\\/logo\\\/image\\\/\",\"url\":\"https:\\\/\\\/chacrys.com\\\/wp-content\\\/uploads\\\/2024\\\/11\\\/cropped-FRANJULIA-6.png\",\"contentUrl\":\"https:\\\/\\\/chacrys.com\\\/wp-content\\\/uploads\\\/2024\\\/11\\\/cropped-FRANJULIA-6.png\",\"width\":512,\"height\":512,\"caption\":\"Chacrys\"},\"image\":{\"@id\":\"https:\\\/\\\/chacrys.com\\\/de\\\/#\\\/schema\\\/logo\\\/image\\\/\"},\"sameAs\":[\"https:\\\/\\\/www.facebook.com\\\/chacryscrystal\",\"https:\\\/\\\/www.instagram.com\\\/chacrys\\\/\",\"https:\\\/\\\/www.pinterest.com\\\/chacryscrystalbed\\\/\",\"https:\\\/\\\/www.youtube.com\\\/@chacrysofficial9667\"]}]}<\/script>\n<!-- \/ Yoast SEO plugin. -->","yoast_head_json":{"title":"\u00dcber uns - Chacrys","robots":{"index":"index","follow":"follow","max-snippet":"max-snippet:-1","max-image-preview":"max-image-preview:large","max-video-preview":"max-video-preview:-1"},"canonical":"https:\/\/chacrys.com\/de\/ueber-uns\/","og_locale":"de_DE","og_type":"article","og_title":"\u00dcber uns - Chacrys","og_description":"Die Geschichte von Chacrys Im Fr\u00fchjahr 2013 war mein Leben an einem Wendepunkt angelangt. Ich war v\u00f6llig ausgebrannt, mein Leben","og_url":"https:\/\/chacrys.com\/de\/ueber-uns\/","og_site_name":"Chacrys","article_publisher":"https:\/\/www.facebook.com\/chacryscrystal","article_modified_time":"2024-12-02T12:01:10+00:00","og_image":[{"url":"https:\/\/chacrys.com\/wp-content\/uploads\/2024\/11\/bedi-laszlo-1104x800.jpg","type":"","width":"","height":""}],"twitter_card":"summary_large_image","twitter_misc":{"Gesch\u00e4tzte Lesezeit":"2\u00a0Minuten"},"schema":{"@context":"https:\/\/schema.org","@graph":[{"@type":"WebPage","@id":"https:\/\/chacrys.com\/de\/ueber-uns\/","url":"https:\/\/chacrys.com\/de\/ueber-uns\/","name":"\u00dcber uns - Chacrys","isPartOf":{"@id":"https:\/\/chacrys.com\/de\/#website"},"primaryImageOfPage":{"@id":"https:\/\/chacrys.com\/de\/ueber-uns\/#primaryimage"},"image":{"@id":"https:\/\/chacrys.com\/de\/ueber-uns\/#primaryimage"},"thumbnailUrl":"https:\/\/chacrys.com\/wp-content\/uploads\/2024\/11\/bedi-laszlo-1104x800.jpg","datePublished":"2021-10-12T15:51:09+00:00","dateModified":"2024-12-02T12:01:10+00:00","breadcrumb":{"@id":"https:\/\/chacrys.com\/de\/ueber-uns\/#breadcrumb"},"inLanguage":"de","potentialAction":[{"@type":"ReadAction","target":["https:\/\/chacrys.com\/de\/ueber-uns\/"]}]},{"@type":"ImageObject","inLanguage":"de","@id":"https:\/\/chacrys.com\/de\/ueber-uns\/#primaryimage","url":"https:\/\/chacrys.com\/wp-content\/uploads\/2024\/11\/bedi-laszlo-1104x800.jpg","contentUrl":"https:\/\/chacrys.com\/wp-content\/uploads\/2024\/11\/bedi-laszlo-1104x800.jpg"},{"@type":"BreadcrumbList","@id":"https:\/\/chacrys.com\/de\/ueber-uns\/#breadcrumb","itemListElement":[{"@type":"ListItem","position":1,"name":"Home","item":"https:\/\/chacrys.com\/de\/"},{"@type":"ListItem","position":2,"name":"\u00dcber uns"}]},{"@type":"WebSite","@id":"https:\/\/chacrys.com\/de\/#website","url":"https:\/\/chacrys.com\/de\/","name":"Chacrys","description":"Chacrys","publisher":{"@id":"https:\/\/chacrys.com\/de\/#organization"},"potentialAction":[{"@type":"SearchAction","target":{"@type":"EntryPoint","urlTemplate":"https:\/\/chacrys.com\/de\/?s={search_term_string}"},"query-input":{"@type":"PropertyValueSpecification","valueRequired":true,"valueName":"search_term_string"}}],"inLanguage":"de"},{"@type":"Organization","@id":"https:\/\/chacrys.com\/de\/#organization","name":"Chacrys","url":"https:\/\/chacrys.com\/de\/","logo":{"@type":"ImageObject","inLanguage":"de","@id":"https:\/\/chacrys.com\/de\/#\/schema\/logo\/image\/","url":"https:\/\/chacrys.com\/wp-content\/uploads\/2024\/11\/cropped-FRANJULIA-6.png","contentUrl":"https:\/\/chacrys.com\/wp-content\/uploads\/2024\/11\/cropped-FRANJULIA-6.png","width":512,"height":512,"caption":"Chacrys"},"image":{"@id":"https:\/\/chacrys.com\/de\/#\/schema\/logo\/image\/"},"sameAs":["https:\/\/www.facebook.com\/chacryscrystal","https:\/\/www.instagram.com\/chacrys\/","https:\/\/www.pinterest.com\/chacryscrystalbed\/","https:\/\/www.youtube.com\/@chacrysofficial9667"]}]}},"_links":{"self":[{"href":"https:\/\/chacrys.com\/de\/wp-json\/wp\/v2\/pages\/31642","targetHints":{"allow":["GET"]}}],"collection":[{"href":"https:\/\/chacrys.com\/de\/wp-json\/wp\/v2\/pages"}],"about":[{"href":"https:\/\/chacrys.com\/de\/wp-json\/wp\/v2\/types\/page"}],"author":[{"embeddable":true,"href":"https:\/\/chacrys.com\/de\/wp-json\/wp\/v2\/users\/1"}],"replies":[{"embeddable":true,"href":"https:\/\/chacrys.com\/de\/wp-json\/wp\/v2\/comments?post=31642"}],"version-history":[{"count":1,"href":"https:\/\/chacrys.com\/de\/wp-json\/wp\/v2\/pages\/31642\/revisions"}],"predecessor-version":[{"id":31643,"href":"https:\/\/chacrys.com\/de\/wp-json\/wp\/v2\/pages\/31642\/revisions\/31643"}],"wp:attachment":[{"href":"https:\/\/chacrys.com\/de\/wp-json\/wp\/v2\/media?parent=31642"}],"curies":[{"name":"wp","href":"https:\/\/api.w.org\/{rel}","templated":true}]}}