{"id":31307,"date":"2024-11-26T08:26:31","date_gmt":"2024-11-26T08:26:31","guid":{"rendered":"https:\/\/chacrys.com\/disclaimer\/"},"modified":"2024-12-02T10:21:16","modified_gmt":"2024-12-02T10:21:16","slug":"disclaimer","status":"publish","type":"page","link":"https:\/\/chacrys.com\/de\/disclaimer\/","title":{"rendered":"Haftungsausschluss"},"content":{"rendered":"\n<h1 class=\"wp-block-heading\">Haftungsausschluss<\/h1>\n\n<p>Die auf <strong>chacrys.com<\/strong> zur Verf\u00fcgung gestellten Informationen und alle damit verbundenen Materialien, einschlie\u00dflich, aber nicht beschr\u00e4nkt auf Schulungsinhalte, Leitf\u00e4den und Informationsressourcen, sind <strong>ausschlie\u00dflich<\/strong> f\u00fcr <strong>Bildungs- und Informationszwecke<\/strong> bestimmt. Die Techniken, Praktiken und Empfehlungen, die in diesen Materialien beschrieben werden, dienen nicht der Diagnose, Behandlung, Heilung oder Vorbeugung von Krankheiten oder medizinischen Zust\u00e4nden. <\/p>\n\n<p>Wir empfehlen allen Nutzern dringend, <strong>einen qualifizierten Arzt zu konsultieren<\/strong>, bevor sie die in unseren Materialien beschriebenen Praktiken oder Techniken anwenden. Individuelle Erfahrungen mit unseren Produkten k\u00f6nnen variieren, und <strong>es kann kein bestimmtes Ergebnis garantiert werden<\/strong>. <\/p>\n\n<h3 class=\"wp-block-heading\"><strong>Genauigkeit der Informationen<\/strong><\/h3>\n\n<p>Obwohl alle Anstrengungen unternommen wurden, um die Richtigkeit und Vollst\u00e4ndigkeit der auf <strong>chacrys.com<\/strong> zur Verf\u00fcgung gestellten Informationen zu gew\u00e4hrleisten, geben wir keine Garantien oder Gew\u00e4hrleistungen, weder ausdr\u00fccklich noch stillschweigend, in Bezug auf die Richtigkeit, Zuverl\u00e4ssigkeit oder Vollst\u00e4ndigkeit des Inhalts. Die Benutzer werden aufgefordert, alle Informationen unabh\u00e4ngig zu \u00fcberpr\u00fcfen, bevor sie sich auf sie verlassen. <\/p>\n\n<h3 class=\"wp-block-heading\"><strong>Einschr\u00e4nkung der Haftung<\/strong><\/h3>\n\n<p>Durch den Zugriff auf und die Nutzung der auf <strong>chacrys.com<\/strong> bereitgestellten Materialien erkl\u00e4ren sich die Benutzer damit einverstanden:<\/p>\n\n<ol class=\"wp-block-list\">\n<li><strong>chacrys.com<\/strong>, seine Eigent\u00fcmer, Ersteller und Partner von allen Anspr\u00fcchen, Sch\u00e4den oder Haftungen freizustellen, zu entsch\u00e4digen und schadlos zu halten, die aus der Nutzung der dargestellten Informationen entstehen.<\/li>\n\n\n\n<li>Sie \u00fcbernehmen die volle Verantwortung f\u00fcr die Verwendung der angebotenen Techniken, Produkte oder Empfehlungen.<\/li>\n<\/ol>\n\n<p><strong>Chacrys.com<\/strong> und seine Sch\u00f6pfer k\u00f6nnen nicht f\u00fcr direkte, indirekte, zuf\u00e4llige oder besondere Sch\u00e4den haftbar gemacht werden, die sich aus der Nutzung oder dem Missbrauch des bereitgestellten Materials ergeben.<\/p>\n\n<h3 class=\"wp-block-heading\"><strong>Urheberrecht und geistiges Eigentum<\/strong><\/h3>\n\n<p>Die Materialien, einschlie\u00dflich der auf <strong>chacrys.com<\/strong> verf\u00fcgbaren Schulungsressourcen und Leitf\u00e4den, sind <strong>urheberrechtlich gesch\u00fctzt<\/strong>. Diese Materialien d\u00fcrfen ohne vorherige schriftliche Genehmigung von <strong>Chacrys s.r.o.<\/strong> nicht vervielf\u00e4ltigt, verteilt oder in irgendeiner Form oder mit irgendwelchen Mitteln \u00fcbertragen werden <strong>.<\/strong> <\/p>\n\n<h3 class=\"wp-block-heading\"><strong>Anerkennung und Zustimmung<\/strong><\/h3>\n\n<p>Durch den Zugriff auf und die Nutzung der auf <strong>chacrys.com<\/strong> bereitgestellten Materialien erkennen die Nutzer an, dass:<\/p>\n\n<ol class=\"wp-block-list\">\n<li>Sie haben die Bedingungen dieses Haftungsausschlusses gelesen, verstanden und sich damit einverstanden erkl\u00e4rt, diese einzuhalten.<\/li>\n\n\n\n<li>Sie verpflichten sich, alle zus\u00e4tzlichen Nutzungsbedingungen auf <strong>chacrys.com<\/strong> einzuhalten.<\/li>\n<\/ol>\n\n<p>Dieser Haftungsausschluss kann ohne vorherige Ank\u00fcndigung ge\u00e4ndert werden. Wir empfehlen Ihnen, ihn regelm\u00e4\u00dfig zu \u00fcberpr\u00fcfen, um \u00fcber eventuelle Aktualisierungen informiert zu sein. <\/p>\n\n<p><\/p>\n","protected":false},"excerpt":{"rendered":"<p>Haftungsausschluss Die auf chacrys.com zur Verf\u00fcgung gestellten Informationen und alle damit verbundenen Materialien, einschlie\u00dflich, aber nicht beschr\u00e4nkt auf Schulungsinhalte, Leitf\u00e4den<\/p>\n","protected":false},"author":1,"featured_media":0,"parent":0,"menu_order":0,"comment_status":"closed","ping_status":"closed","template":"","meta":{"footnotes":""},"class_list":["post-31307","page","type-page","status-publish","hentry"],"yoast_head":"<!-- This site is optimized with the Yoast SEO plugin v27.3 - https:\/\/yoast.com\/product\/yoast-seo-wordpress\/ -->\n<title>Haftungsausschluss - Chacrys<\/title>\n<meta name=\"robots\" content=\"noindex, follow\" \/>\n<meta property=\"og:locale\" content=\"de_DE\" \/>\n<meta property=\"og:type\" content=\"article\" \/>\n<meta property=\"og:title\" content=\"Haftungsausschluss - Chacrys\" \/>\n<meta property=\"og:description\" content=\"Haftungsausschluss Die auf chacrys.com zur Verf\u00fcgung gestellten Informationen und alle damit verbundenen Materialien, einschlie\u00dflich, aber nicht beschr\u00e4nkt auf Schulungsinhalte, Leitf\u00e4den\" \/>\n<meta property=\"og:url\" content=\"https:\/\/chacrys.com\/de\/disclaimer\/\" \/>\n<meta property=\"og:site_name\" content=\"Chacrys\" \/>\n<meta property=\"article:publisher\" content=\"https:\/\/www.facebook.com\/chacryscrystal\" \/>\n<meta property=\"article:modified_time\" content=\"2024-12-02T10:21:16+00:00\" \/>\n<meta name=\"twitter:card\" content=\"summary_large_image\" \/>\n<meta name=\"twitter:label1\" content=\"Gesch\u00e4tzte Lesezeit\" \/>\n\t<meta name=\"twitter:data1\" content=\"2\u00a0Minuten\" \/>\n<script type=\"application\/ld+json\" class=\"yoast-schema-graph\">{\"@context\":\"https:\\\/\\\/schema.org\",\"@graph\":[{\"@type\":\"WebPage\",\"@id\":\"https:\\\/\\\/chacrys.com\\\/de\\\/disclaimer\\\/\",\"url\":\"https:\\\/\\\/chacrys.com\\\/de\\\/disclaimer\\\/\",\"name\":\"Haftungsausschluss - Chacrys\",\"isPartOf\":{\"@id\":\"https:\\\/\\\/chacrys.com\\\/de\\\/#website\"},\"datePublished\":\"2024-11-26T08:26:31+00:00\",\"dateModified\":\"2024-12-02T10:21:16+00:00\",\"breadcrumb\":{\"@id\":\"https:\\\/\\\/chacrys.com\\\/de\\\/disclaimer\\\/#breadcrumb\"},\"inLanguage\":\"de\",\"potentialAction\":[{\"@type\":\"ReadAction\",\"target\":[\"https:\\\/\\\/chacrys.com\\\/de\\\/disclaimer\\\/\"]}]},{\"@type\":\"BreadcrumbList\",\"@id\":\"https:\\\/\\\/chacrys.com\\\/de\\\/disclaimer\\\/#breadcrumb\",\"itemListElement\":[{\"@type\":\"ListItem\",\"position\":1,\"name\":\"Home\",\"item\":\"https:\\\/\\\/chacrys.com\\\/de\\\/\"},{\"@type\":\"ListItem\",\"position\":2,\"name\":\"Haftungsausschluss\"}]},{\"@type\":\"WebSite\",\"@id\":\"https:\\\/\\\/chacrys.com\\\/de\\\/#website\",\"url\":\"https:\\\/\\\/chacrys.com\\\/de\\\/\",\"name\":\"Chacrys\",\"description\":\"Chacrys\",\"publisher\":{\"@id\":\"https:\\\/\\\/chacrys.com\\\/de\\\/#organization\"},\"potentialAction\":[{\"@type\":\"SearchAction\",\"target\":{\"@type\":\"EntryPoint\",\"urlTemplate\":\"https:\\\/\\\/chacrys.com\\\/de\\\/?s={search_term_string}\"},\"query-input\":{\"@type\":\"PropertyValueSpecification\",\"valueRequired\":true,\"valueName\":\"search_term_string\"}}],\"inLanguage\":\"de\"},{\"@type\":\"Organization\",\"@id\":\"https:\\\/\\\/chacrys.com\\\/de\\\/#organization\",\"name\":\"Chacrys\",\"url\":\"https:\\\/\\\/chacrys.com\\\/de\\\/\",\"logo\":{\"@type\":\"ImageObject\",\"inLanguage\":\"de\",\"@id\":\"https:\\\/\\\/chacrys.com\\\/de\\\/#\\\/schema\\\/logo\\\/image\\\/\",\"url\":\"https:\\\/\\\/chacrys.com\\\/wp-content\\\/uploads\\\/2024\\\/11\\\/cropped-FRANJULIA-6.png\",\"contentUrl\":\"https:\\\/\\\/chacrys.com\\\/wp-content\\\/uploads\\\/2024\\\/11\\\/cropped-FRANJULIA-6.png\",\"width\":512,\"height\":512,\"caption\":\"Chacrys\"},\"image\":{\"@id\":\"https:\\\/\\\/chacrys.com\\\/de\\\/#\\\/schema\\\/logo\\\/image\\\/\"},\"sameAs\":[\"https:\\\/\\\/www.facebook.com\\\/chacryscrystal\",\"https:\\\/\\\/www.instagram.com\\\/chacrys\\\/\",\"https:\\\/\\\/www.pinterest.com\\\/chacryscrystalbed\\\/\",\"https:\\\/\\\/www.youtube.com\\\/@chacrysofficial9667\"]}]}<\/script>\n<!-- \/ Yoast SEO plugin. -->","yoast_head_json":{"title":"Haftungsausschluss - Chacrys","robots":{"index":"noindex","follow":"follow"},"og_locale":"de_DE","og_type":"article","og_title":"Haftungsausschluss - Chacrys","og_description":"Haftungsausschluss Die auf chacrys.com zur Verf\u00fcgung gestellten Informationen und alle damit verbundenen Materialien, einschlie\u00dflich, aber nicht beschr\u00e4nkt auf Schulungsinhalte, Leitf\u00e4den","og_url":"https:\/\/chacrys.com\/de\/disclaimer\/","og_site_name":"Chacrys","article_publisher":"https:\/\/www.facebook.com\/chacryscrystal","article_modified_time":"2024-12-02T10:21:16+00:00","twitter_card":"summary_large_image","twitter_misc":{"Gesch\u00e4tzte Lesezeit":"2\u00a0Minuten"},"schema":{"@context":"https:\/\/schema.org","@graph":[{"@type":"WebPage","@id":"https:\/\/chacrys.com\/de\/disclaimer\/","url":"https:\/\/chacrys.com\/de\/disclaimer\/","name":"Haftungsausschluss - Chacrys","isPartOf":{"@id":"https:\/\/chacrys.com\/de\/#website"},"datePublished":"2024-11-26T08:26:31+00:00","dateModified":"2024-12-02T10:21:16+00:00","breadcrumb":{"@id":"https:\/\/chacrys.com\/de\/disclaimer\/#breadcrumb"},"inLanguage":"de","potentialAction":[{"@type":"ReadAction","target":["https:\/\/chacrys.com\/de\/disclaimer\/"]}]},{"@type":"BreadcrumbList","@id":"https:\/\/chacrys.com\/de\/disclaimer\/#breadcrumb","itemListElement":[{"@type":"ListItem","position":1,"name":"Home","item":"https:\/\/chacrys.com\/de\/"},{"@type":"ListItem","position":2,"name":"Haftungsausschluss"}]},{"@type":"WebSite","@id":"https:\/\/chacrys.com\/de\/#website","url":"https:\/\/chacrys.com\/de\/","name":"Chacrys","description":"Chacrys","publisher":{"@id":"https:\/\/chacrys.com\/de\/#organization"},"potentialAction":[{"@type":"SearchAction","target":{"@type":"EntryPoint","urlTemplate":"https:\/\/chacrys.com\/de\/?s={search_term_string}"},"query-input":{"@type":"PropertyValueSpecification","valueRequired":true,"valueName":"search_term_string"}}],"inLanguage":"de"},{"@type":"Organization","@id":"https:\/\/chacrys.com\/de\/#organization","name":"Chacrys","url":"https:\/\/chacrys.com\/de\/","logo":{"@type":"ImageObject","inLanguage":"de","@id":"https:\/\/chacrys.com\/de\/#\/schema\/logo\/image\/","url":"https:\/\/chacrys.com\/wp-content\/uploads\/2024\/11\/cropped-FRANJULIA-6.png","contentUrl":"https:\/\/chacrys.com\/wp-content\/uploads\/2024\/11\/cropped-FRANJULIA-6.png","width":512,"height":512,"caption":"Chacrys"},"image":{"@id":"https:\/\/chacrys.com\/de\/#\/schema\/logo\/image\/"},"sameAs":["https:\/\/www.facebook.com\/chacryscrystal","https:\/\/www.instagram.com\/chacrys\/","https:\/\/www.pinterest.com\/chacryscrystalbed\/","https:\/\/www.youtube.com\/@chacrysofficial9667"]}]}},"_links":{"self":[{"href":"https:\/\/chacrys.com\/de\/wp-json\/wp\/v2\/pages\/31307","targetHints":{"allow":["GET"]}}],"collection":[{"href":"https:\/\/chacrys.com\/de\/wp-json\/wp\/v2\/pages"}],"about":[{"href":"https:\/\/chacrys.com\/de\/wp-json\/wp\/v2\/types\/page"}],"author":[{"embeddable":true,"href":"https:\/\/chacrys.com\/de\/wp-json\/wp\/v2\/users\/1"}],"replies":[{"embeddable":true,"href":"https:\/\/chacrys.com\/de\/wp-json\/wp\/v2\/comments?post=31307"}],"version-history":[{"count":2,"href":"https:\/\/chacrys.com\/de\/wp-json\/wp\/v2\/pages\/31307\/revisions"}],"predecessor-version":[{"id":31502,"href":"https:\/\/chacrys.com\/de\/wp-json\/wp\/v2\/pages\/31307\/revisions\/31502"}],"wp:attachment":[{"href":"https:\/\/chacrys.com\/de\/wp-json\/wp\/v2\/media?parent=31307"}],"curies":[{"name":"wp","href":"https:\/\/api.w.org\/{rel}","templated":true}]}}