{"id":31257,"date":"2024-11-26T21:51:10","date_gmt":"2024-11-26T21:51:10","guid":{"rendered":"https:\/\/chacrys.com\/shipping-policy\/"},"modified":"2024-12-02T10:11:13","modified_gmt":"2024-12-02T10:11:13","slug":"shipping-policy","status":"publish","type":"page","link":"https:\/\/chacrys.com\/de\/shipping-policy\/","title":{"rendered":"Versandpolitik"},"content":{"rendered":"\n<p><strong>Versandpolitik<\/strong><\/p>\n\n<p><strong>Versanddienstleister<\/strong><br\/>Wir arbeiten mit vertrauensw\u00fcrdigen Versanddienstleistern zusammen, um eine zuverl\u00e4ssige und effiziente Zustellung Ihrer Bestellungen zu gew\u00e4hrleisten. Unsere Versandoptionen umfassen: <\/p>\n\n<ul class=\"wp-block-list\">\n<li><strong>DHL Express<\/strong><\/li>\n\n\n\n<li><strong>FedEx<\/strong><\/li>\n\n\n\n<li><strong>UPS<\/strong><\/li>\n\n\n\n<li><strong>EMS (Express Mail Service der Internationalen Post)<\/strong><\/li>\n<\/ul>\n\n<p>Welches Transportunternehmen f\u00fcr Ihre Bestellung verwendet wird, h\u00e4ngt vom Zielort und der gew\u00e4hlten Versandart w\u00e4hrend des Bestellvorgangs ab.<\/p>\n\n<p><strong>Bearbeitungs- und Versanddauer<\/strong><br\/>Wir bem\u00fchen uns, alle Bestellungen innerhalb von <strong>5 Werktagen<\/strong> nach dem Kauf zu bearbeiten und zu versenden. W\u00e4hrend der Hochsaison oder aufgrund unvorhergesehener Umst\u00e4nde k\u00f6nnen die Bearbeitungszeiten variieren. Sobald Ihre Bestellung versandt wurde, erhalten Sie eine Best\u00e4tigungs-E-Mail mit Angaben zur Sendungsverfolgung, damit Sie Ihre Lieferung verfolgen k\u00f6nnen.  <\/p>\n\n<p><strong>Versandkosten<\/strong><br\/>Die Versandkosten f\u00fcr Ihre Bestellung werden <strong>an der Kasse<\/strong> auf der Grundlage des Zielorts, des Paketgewichts und der gew\u00e4hlten Versandart <strong>berechnet<\/strong>. Dies gew\u00e4hrleistet eine faire und transparente Preisstruktur f\u00fcr alle Bestellungen. <\/p>\n\n<p><strong>Internationaler Versand<\/strong><br\/>Alle Bestellungen werden von der <strong>Slowakei<\/strong> aus in die ganze Welt verschickt. Bitte beachten Sie, dass bei der Lieferung zus\u00e4tzliche <strong>Z\u00f6lle, Steuern oder Geb\u00fchren<\/strong> anfallen k\u00f6nnen. Diese Geb\u00fchren liegen in der Verantwortung des Kunden und sind nicht im Kaufpreis oder den Versandkosten enthalten.  <\/p>\n\n<p><strong>Auftragsverfolgung<\/strong><br\/>Nachdem Ihre Bestellung versandt wurde, erhalten Sie eine E-Mail mit:<\/p>\n\n<ul class=\"wp-block-list\">\n<li>Eine Kontrollnummer<\/li>\n\n\n\n<li>Einen Link, \u00fcber den Sie den Status Ihrer Lieferung in Echtzeit auf der Website des ausgew\u00e4hlten Versandunternehmens verfolgen k\u00f6nnen<\/li>\n<\/ul>\n\n<p><strong>Lieferadresse<\/strong><br\/>Bitte vergewissern Sie sich, dass die beim Checkout angegebene Lieferadresse korrekt und vollst\u00e4ndig ist. Wir sind nicht verantwortlich f\u00fcr Verz\u00f6gerungen oder Lieferprobleme, die durch falsche oder unvollst\u00e4ndige Adressen verursacht werden. <\/p>\n\n<p><strong>Lieferfrist<\/strong><br\/>Die Lieferfristen k\u00f6nnen je nach Art der Lieferung variieren:<\/p>\n\n<ul class=\"wp-block-list\">\n<li>Das Zielland oder die Zielregion<\/li>\n\n\n\n<li>Prozesse der Zollabfertigung<\/li>\n\n\n\n<li>Frachtf\u00fchrerspezifische Laufzeiten<\/li>\n\n\n\n<li>Unvorhergesehene Umst\u00e4nde (z.B. Wetter, Naturkatastrophen)<\/li>\n<\/ul>\n\n<p>Wir bem\u00fchen uns um eine p\u00fcnktliche Lieferung, bitten aber um Ihr Verst\u00e4ndnis, wenn es zu Verz\u00f6gerungen kommt.<\/p>\n\n<p><strong>Kundendienst<\/strong><br\/>Wenn Sie Fragen oder Bedenken bez\u00fcglich Ihres Versandstatus haben, wenden Sie sich bitte an unser Kundendienstteam unter:<br\/><strong>E-Mail<\/strong>: <a href=\"mailto:hello@chacrys.com\">hello@chacrys.com<\/a><\/p>\n\n<hr class=\"wp-block-separator has-alpha-channel-opacity\"\/>\n\n<p><\/p>\n","protected":false},"excerpt":{"rendered":"<p>Versandpolitik VersanddienstleisterWir arbeiten mit vertrauensw\u00fcrdigen Versanddienstleistern zusammen, um eine zuverl\u00e4ssige und effiziente Zustellung Ihrer Bestellungen zu gew\u00e4hrleisten. Unsere Versandoptionen umfassen:<\/p>\n","protected":false},"author":1,"featured_media":0,"parent":0,"menu_order":0,"comment_status":"closed","ping_status":"closed","template":"","meta":{"footnotes":""},"class_list":["post-31257","page","type-page","status-publish","hentry"],"yoast_head":"<!-- This site is optimized with the Yoast SEO plugin v27.3 - https:\/\/yoast.com\/product\/yoast-seo-wordpress\/ -->\n<title>Versandpolitik - Chacrys<\/title>\n<meta name=\"robots\" content=\"index, follow, max-snippet:-1, max-image-preview:large, max-video-preview:-1\" \/>\n<link rel=\"canonical\" href=\"https:\/\/chacrys.com\/de\/shipping-policy\/\" \/>\n<meta property=\"og:locale\" content=\"de_DE\" \/>\n<meta property=\"og:type\" content=\"article\" \/>\n<meta property=\"og:title\" content=\"Versandpolitik - Chacrys\" \/>\n<meta property=\"og:description\" content=\"Versandpolitik VersanddienstleisterWir arbeiten mit vertrauensw\u00fcrdigen Versanddienstleistern zusammen, um eine zuverl\u00e4ssige und effiziente Zustellung Ihrer Bestellungen zu gew\u00e4hrleisten. Unsere Versandoptionen umfassen:\" \/>\n<meta property=\"og:url\" content=\"https:\/\/chacrys.com\/de\/shipping-policy\/\" \/>\n<meta property=\"og:site_name\" content=\"Chacrys\" \/>\n<meta property=\"article:publisher\" content=\"https:\/\/www.facebook.com\/chacryscrystal\" \/>\n<meta property=\"article:modified_time\" content=\"2024-12-02T10:11:13+00:00\" \/>\n<meta name=\"twitter:card\" content=\"summary_large_image\" \/>\n<meta name=\"twitter:label1\" content=\"Gesch\u00e4tzte Lesezeit\" \/>\n\t<meta name=\"twitter:data1\" content=\"2\u00a0Minuten\" \/>\n<script type=\"application\/ld+json\" class=\"yoast-schema-graph\">{\"@context\":\"https:\\\/\\\/schema.org\",\"@graph\":[{\"@type\":\"WebPage\",\"@id\":\"https:\\\/\\\/chacrys.com\\\/de\\\/shipping-policy\\\/\",\"url\":\"https:\\\/\\\/chacrys.com\\\/de\\\/shipping-policy\\\/\",\"name\":\"Versandpolitik - Chacrys\",\"isPartOf\":{\"@id\":\"https:\\\/\\\/chacrys.com\\\/de\\\/#website\"},\"datePublished\":\"2024-11-26T21:51:10+00:00\",\"dateModified\":\"2024-12-02T10:11:13+00:00\",\"breadcrumb\":{\"@id\":\"https:\\\/\\\/chacrys.com\\\/de\\\/shipping-policy\\\/#breadcrumb\"},\"inLanguage\":\"de\",\"potentialAction\":[{\"@type\":\"ReadAction\",\"target\":[\"https:\\\/\\\/chacrys.com\\\/de\\\/shipping-policy\\\/\"]}]},{\"@type\":\"BreadcrumbList\",\"@id\":\"https:\\\/\\\/chacrys.com\\\/de\\\/shipping-policy\\\/#breadcrumb\",\"itemListElement\":[{\"@type\":\"ListItem\",\"position\":1,\"name\":\"Home\",\"item\":\"https:\\\/\\\/chacrys.com\\\/de\\\/\"},{\"@type\":\"ListItem\",\"position\":2,\"name\":\"Versandpolitik\"}]},{\"@type\":\"WebSite\",\"@id\":\"https:\\\/\\\/chacrys.com\\\/de\\\/#website\",\"url\":\"https:\\\/\\\/chacrys.com\\\/de\\\/\",\"name\":\"Chacrys\",\"description\":\"Chacrys\",\"publisher\":{\"@id\":\"https:\\\/\\\/chacrys.com\\\/de\\\/#organization\"},\"potentialAction\":[{\"@type\":\"SearchAction\",\"target\":{\"@type\":\"EntryPoint\",\"urlTemplate\":\"https:\\\/\\\/chacrys.com\\\/de\\\/?s={search_term_string}\"},\"query-input\":{\"@type\":\"PropertyValueSpecification\",\"valueRequired\":true,\"valueName\":\"search_term_string\"}}],\"inLanguage\":\"de\"},{\"@type\":\"Organization\",\"@id\":\"https:\\\/\\\/chacrys.com\\\/de\\\/#organization\",\"name\":\"Chacrys\",\"url\":\"https:\\\/\\\/chacrys.com\\\/de\\\/\",\"logo\":{\"@type\":\"ImageObject\",\"inLanguage\":\"de\",\"@id\":\"https:\\\/\\\/chacrys.com\\\/de\\\/#\\\/schema\\\/logo\\\/image\\\/\",\"url\":\"https:\\\/\\\/chacrys.com\\\/wp-content\\\/uploads\\\/2024\\\/11\\\/cropped-FRANJULIA-6.png\",\"contentUrl\":\"https:\\\/\\\/chacrys.com\\\/wp-content\\\/uploads\\\/2024\\\/11\\\/cropped-FRANJULIA-6.png\",\"width\":512,\"height\":512,\"caption\":\"Chacrys\"},\"image\":{\"@id\":\"https:\\\/\\\/chacrys.com\\\/de\\\/#\\\/schema\\\/logo\\\/image\\\/\"},\"sameAs\":[\"https:\\\/\\\/www.facebook.com\\\/chacryscrystal\",\"https:\\\/\\\/www.instagram.com\\\/chacrys\\\/\",\"https:\\\/\\\/www.pinterest.com\\\/chacryscrystalbed\\\/\",\"https:\\\/\\\/www.youtube.com\\\/@chacrysofficial9667\"]}]}<\/script>\n<!-- \/ Yoast SEO plugin. -->","yoast_head_json":{"title":"Versandpolitik - Chacrys","robots":{"index":"index","follow":"follow","max-snippet":"max-snippet:-1","max-image-preview":"max-image-preview:large","max-video-preview":"max-video-preview:-1"},"canonical":"https:\/\/chacrys.com\/de\/shipping-policy\/","og_locale":"de_DE","og_type":"article","og_title":"Versandpolitik - Chacrys","og_description":"Versandpolitik VersanddienstleisterWir arbeiten mit vertrauensw\u00fcrdigen Versanddienstleistern zusammen, um eine zuverl\u00e4ssige und effiziente Zustellung Ihrer Bestellungen zu gew\u00e4hrleisten. Unsere Versandoptionen umfassen:","og_url":"https:\/\/chacrys.com\/de\/shipping-policy\/","og_site_name":"Chacrys","article_publisher":"https:\/\/www.facebook.com\/chacryscrystal","article_modified_time":"2024-12-02T10:11:13+00:00","twitter_card":"summary_large_image","twitter_misc":{"Gesch\u00e4tzte Lesezeit":"2\u00a0Minuten"},"schema":{"@context":"https:\/\/schema.org","@graph":[{"@type":"WebPage","@id":"https:\/\/chacrys.com\/de\/shipping-policy\/","url":"https:\/\/chacrys.com\/de\/shipping-policy\/","name":"Versandpolitik - Chacrys","isPartOf":{"@id":"https:\/\/chacrys.com\/de\/#website"},"datePublished":"2024-11-26T21:51:10+00:00","dateModified":"2024-12-02T10:11:13+00:00","breadcrumb":{"@id":"https:\/\/chacrys.com\/de\/shipping-policy\/#breadcrumb"},"inLanguage":"de","potentialAction":[{"@type":"ReadAction","target":["https:\/\/chacrys.com\/de\/shipping-policy\/"]}]},{"@type":"BreadcrumbList","@id":"https:\/\/chacrys.com\/de\/shipping-policy\/#breadcrumb","itemListElement":[{"@type":"ListItem","position":1,"name":"Home","item":"https:\/\/chacrys.com\/de\/"},{"@type":"ListItem","position":2,"name":"Versandpolitik"}]},{"@type":"WebSite","@id":"https:\/\/chacrys.com\/de\/#website","url":"https:\/\/chacrys.com\/de\/","name":"Chacrys","description":"Chacrys","publisher":{"@id":"https:\/\/chacrys.com\/de\/#organization"},"potentialAction":[{"@type":"SearchAction","target":{"@type":"EntryPoint","urlTemplate":"https:\/\/chacrys.com\/de\/?s={search_term_string}"},"query-input":{"@type":"PropertyValueSpecification","valueRequired":true,"valueName":"search_term_string"}}],"inLanguage":"de"},{"@type":"Organization","@id":"https:\/\/chacrys.com\/de\/#organization","name":"Chacrys","url":"https:\/\/chacrys.com\/de\/","logo":{"@type":"ImageObject","inLanguage":"de","@id":"https:\/\/chacrys.com\/de\/#\/schema\/logo\/image\/","url":"https:\/\/chacrys.com\/wp-content\/uploads\/2024\/11\/cropped-FRANJULIA-6.png","contentUrl":"https:\/\/chacrys.com\/wp-content\/uploads\/2024\/11\/cropped-FRANJULIA-6.png","width":512,"height":512,"caption":"Chacrys"},"image":{"@id":"https:\/\/chacrys.com\/de\/#\/schema\/logo\/image\/"},"sameAs":["https:\/\/www.facebook.com\/chacryscrystal","https:\/\/www.instagram.com\/chacrys\/","https:\/\/www.pinterest.com\/chacryscrystalbed\/","https:\/\/www.youtube.com\/@chacrysofficial9667"]}]}},"_links":{"self":[{"href":"https:\/\/chacrys.com\/de\/wp-json\/wp\/v2\/pages\/31257","targetHints":{"allow":["GET"]}}],"collection":[{"href":"https:\/\/chacrys.com\/de\/wp-json\/wp\/v2\/pages"}],"about":[{"href":"https:\/\/chacrys.com\/de\/wp-json\/wp\/v2\/types\/page"}],"author":[{"embeddable":true,"href":"https:\/\/chacrys.com\/de\/wp-json\/wp\/v2\/users\/1"}],"replies":[{"embeddable":true,"href":"https:\/\/chacrys.com\/de\/wp-json\/wp\/v2\/comments?post=31257"}],"version-history":[{"count":2,"href":"https:\/\/chacrys.com\/de\/wp-json\/wp\/v2\/pages\/31257\/revisions"}],"predecessor-version":[{"id":31371,"href":"https:\/\/chacrys.com\/de\/wp-json\/wp\/v2\/pages\/31257\/revisions\/31371"}],"wp:attachment":[{"href":"https:\/\/chacrys.com\/de\/wp-json\/wp\/v2\/media?parent=31257"}],"curies":[{"name":"wp","href":"https:\/\/api.w.org\/{rel}","templated":true}]}}