{"id":31252,"date":"2024-11-27T14:44:16","date_gmt":"2024-11-27T14:44:16","guid":{"rendered":"https:\/\/chacrys.com\/terms-conditions\/"},"modified":"2024-12-02T10:11:35","modified_gmt":"2024-12-02T10:11:35","slug":"terms-conditions","status":"publish","type":"page","link":"https:\/\/chacrys.com\/de\/terms-conditions\/","title":{"rendered":"Bedingungen &amp; Konditionen"},"content":{"rendered":"\n<h1 class=\"wp-block-heading\">Bedingungen und Konditionen<\/h1>\n\n<p><strong>Datum des Inkrafttretens<\/strong>: [16 .6.2020]<br\/><strong>Zuletzt aktualisiert<\/strong>:  [01 .12.2024]<\/p>\n\n<p>Bitte lesen Sie diese Bedingungen und Konditionen sorgf\u00e4ltig durch, bevor Sie unseren Service nutzen.<\/p>\n\n<hr class=\"wp-block-separator has-alpha-channel-opacity\"\/>\n\n<h2 class=\"wp-block-heading\"><strong>Auslegung und Definitionen<\/strong><\/h2>\n\n<h3 class=\"wp-block-heading\"><strong>Interpretation<\/strong><\/h3>\n\n<p>Die W\u00f6rter mit dem gro\u00dfen Anfangsbuchstaben haben die unter den folgenden Bedingungen definierten Bedeutungen. Die folgenden Definitionen haben dieselbe Bedeutung, unabh\u00e4ngig davon, ob sie im Singular oder im Plural stehen. <\/p>\n\n<h3 class=\"wp-block-heading\"><strong>Definitionen<\/strong><\/h3>\n\n<p>F\u00fcr die Zwecke dieser Bedingungen und Konditionen:<\/p>\n\n<ul class=\"wp-block-list\">\n<li><strong>Verbundenes Unternehmen<\/strong> bedeutet ein Unternehmen, das eine Partei kontrolliert, von ihr kontrolliert wird oder unter gemeinsamer Kontrolle mit ihr steht, wobei &#8222;Kontrolle&#8220; den Besitz von 50 % oder mehr der Aktien, Anteile oder anderer Wertpapiere bedeutet, die zur Wahl von Direktoren oder anderen F\u00fchrungsgremien berechtigt sind.<\/li>\n\n\n\n<li><strong>Konto<\/strong> bezeichnet ein einzigartiges Konto, das f\u00fcr Sie erstellt wurde, um auf unseren Service oder Teile unseres Service zuzugreifen.<\/li>\n\n\n\n<li><strong>Unternehmen<\/strong> (in diesem Vertrag entweder als &#8222;das Unternehmen&#8220;, &#8222;wir&#8220;, &#8222;uns&#8220; oder &#8222;unser&#8220; bezeichnet) bezieht sich auf <strong>Chacrys s.r.o.<\/strong>, Svatojanska 3060\/14, 94501 Komarno, Slowakei.<\/li>\n\n\n\n<li><strong>Inhalt<\/strong> bezieht sich auf Texte, Bilder oder andere Informationen, die von Ihnen gepostet, hochgeladen, verlinkt oder anderweitig verf\u00fcgbar gemacht werden k\u00f6nnen.<\/li>\n\n\n\n<li><strong>Land<\/strong> bezieht sich auf die Slowakei.<\/li>\n\n\n\n<li><strong>Ger\u00e4t<\/strong> bedeutet jedes Ger\u00e4t, das auf den Service zugreifen kann, wie z.B. ein Computer, ein Mobiltelefon oder ein Tablet.<\/li>\n\n\n\n<li><strong>Feedback<\/strong> bedeutet R\u00fcckmeldungen, Vorschl\u00e4ge oder Ideen, die von Ihnen zu den Eigenschaften, der Leistung oder den Funktionen unseres Dienstes eingereicht werden.<\/li>\n\n\n\n<li><strong>Produkte<\/strong> beziehen sich auf die Waren, die \u00fcber den Service zum Verkauf angeboten werden.<\/li>\n\n\n\n<li><strong>Bestellungen<\/strong> bedeuten eine Anfrage Ihrerseits, Produkte von uns zu kaufen.<\/li>\n\n\n\n<li><strong>Werbeaktionen<\/strong> beziehen sich auf Wettbewerbe, Gewinnspiele oder andere Aktionen, die \u00fcber den Service angeboten werden.<\/li>\n\n\n\n<li><strong>Service<\/strong> bezieht sich auf die Website.<\/li>\n\n\n\n<li><strong>Allgemeine Gesch\u00e4ftsbedingungen<\/strong> (auch als &#8222;Bedingungen&#8220; bezeichnet) bezeichnen diese Bedingungen, die die gesamte Vereinbarung zwischen Ihnen und dem Unternehmen \u00fcber die Nutzung des Dienstes bilden.<\/li>\n\n\n\n<li><strong>Die Website<\/strong> verweist auf <strong>Chacrys<\/strong>, erreichbar \u00fcber <a href=\"http:\/\/www.chacrys.com\/\">www.chacrys.com.<\/a><\/li>\n\n\n\n<li><strong>Sie<\/strong> sind die nat\u00fcrliche Person, die auf den Dienst zugreift oder ihn nutzt, bzw. das Unternehmen oder die juristische Person, in deren Namen eine solche nat\u00fcrliche Person auf den Dienst zugreift oder ihn nutzt, je nachdem.<\/li>\n<\/ul>\n\n<hr class=\"wp-block-separator has-alpha-channel-opacity\"\/>\n\n<h2 class=\"wp-block-heading\"><strong>Danksagung<\/strong><\/h2>\n\n<p>Dies sind die Allgemeinen Gesch\u00e4ftsbedingungen, die die Nutzung dieses Dienstes regeln, und die Vereinbarung, die zwischen Ihnen und dem Unternehmen besteht. Diese Allgemeinen Gesch\u00e4ftsbedingungen legen die Rechte und Pflichten aller Nutzer in Bezug auf die Nutzung des Dienstes fest. <\/p>\n\n<p>Ihr Zugang zu und Ihre Nutzung des Dienstes setzt voraus, dass Sie diese Allgemeinen Gesch\u00e4ftsbedingungen akzeptieren und einhalten. Diese Bedingungen gelten f\u00fcr alle Besucher, Nutzer und andere, die auf den Service zugreifen oder ihn nutzen. <\/p>\n\n<p>Indem Sie auf den Service zugreifen oder ihn nutzen, erkl\u00e4ren Sie sich mit diesen Bedingungen einverstanden. Wenn Sie mit einem Teil dieser Bedingungen nicht einverstanden sind, d\u00fcrfen Sie den Service nicht nutzen. <\/p>\n\n<p>Sie versichern, dass Sie mindestens 18 Jahre alt sind. Das Unternehmen erlaubt Personen unter 18 Jahren nicht, den Service zu nutzen. <\/p>\n\n<hr class=\"wp-block-separator has-alpha-channel-opacity\"\/>\n\n<h2 class=\"wp-block-heading\"><strong>Benutzerkonten<\/strong><\/h2>\n\n<ul class=\"wp-block-list\">\n<li>Wenn Sie ein Konto bei uns erstellen, m\u00fcssen Sie Informationen angeben, die jederzeit korrekt, vollst\u00e4ndig und aktuell sind. Wenn Sie dies nicht tun, stellt dies einen Versto\u00df gegen die Bedingungen dar, der zur sofortigen K\u00fcndigung Ihres Kontos f\u00fchren kann. <\/li>\n\n\n\n<li>Sie sind f\u00fcr den Schutz des Passworts, das Sie f\u00fcr den Zugriff auf den Service verwenden, und f\u00fcr alle Aktivit\u00e4ten unter Ihrem Passwort verantwortlich.<\/li>\n\n\n\n<li>Sie verpflichten sich, Ihr Passwort nicht an Dritte weiterzugeben. Wenn Sie von einem unbefugten Zugriff erfahren, benachrichtigen Sie uns sofort. <\/li>\n<\/ul>\n\n<hr class=\"wp-block-separator has-alpha-channel-opacity\"\/>\n\n<h2 class=\"wp-block-heading\"><strong>Bestellungen f\u00fcr Produkte aufgeben<\/strong><\/h2>\n\n<p>Wenn Sie eine Bestellung f\u00fcr Produkte \u00fcber den Service aufgeben, garantieren Sie, dass:<\/p>\n\n<ol class=\"wp-block-list\">\n<li>Sie sind rechtlich in der Lage, verbindliche Vertr\u00e4ge abzuschlie\u00dfen.<\/li>\n\n\n\n<li>Die von Ihnen bereitgestellten Informationen sind korrekt und vollst\u00e4ndig.<\/li>\n<\/ol>\n\n<hr class=\"wp-block-separator has-alpha-channel-opacity\"\/>\n\n<h2 class=\"wp-block-heading\"><strong>Werbeaktionen<\/strong><\/h2>\n\n<p>F\u00fcr jede \u00fcber den Service angebotene Werbeaktion k\u00f6nnen zus\u00e4tzliche Regeln gelten. Wenn Sie an einer Werbeaktion teilnehmen, lesen Sie bitte die entsprechenden Regeln sowie unsere Datenschutzrichtlinie. Wenn die Regeln f\u00fcr eine Werbeaktion im Widerspruch zu diesen Bedingungen stehen, gelten die Regeln der Werbeaktion.  <\/p>\n\n<hr class=\"wp-block-separator has-alpha-channel-opacity\"\/>\n\n<h2 class=\"wp-block-heading\"><strong>R\u00fcckmeldung<\/strong><\/h2>\n\n<p>Mit der \u00dcbermittlung von Feedback treten Sie alle Rechte, Titel und Interessen an diesem Feedback an uns ab. F\u00fcr den Fall, dass eine solche Abtretung aus irgendeinem Grund unwirksam sein sollte, erkl\u00e4ren Sie sich damit einverstanden, uns eine nicht-exklusive, unbefristete, unwiderrufliche, geb\u00fchrenfreie, weltweite Lizenz zur Nutzung, Reproduktion, Offenlegung und Verbreitung dieses Feedbacks ohne Einschr\u00e4nkung oder Entsch\u00e4digung zu gew\u00e4hren. <\/p>\n\n<hr class=\"wp-block-separator has-alpha-channel-opacity\"\/>\n\n<h2 class=\"wp-block-heading\"><strong>Geistiges Eigentum<\/strong><\/h2>\n\n<p>Der Service und seine urspr\u00fcnglichen Inhalte, Merkmale und Funktionen sind und bleiben das exklusive Eigentum des Unternehmens. Sie d\u00fcrfen unser geistiges Eigentum nicht ohne vorherige schriftliche Zustimmung verwenden. <\/p>\n\n<hr class=\"wp-block-separator has-alpha-channel-opacity\"\/>\n\n<h2 class=\"wp-block-heading\"><strong>Einschr\u00e4nkung der Haftung<\/strong><\/h2>\n\n<p>Soweit dies nach geltendem Recht zul\u00e4ssig ist, haftet das Unternehmen nicht f\u00fcr indirekte, zuf\u00e4llige oder Folgesch\u00e4den, die sich aus Ihrer Nutzung des Dienstes ergeben.<\/p>\n\n<hr class=\"wp-block-separator has-alpha-channel-opacity\"\/>\n\n<h2 class=\"wp-block-heading\"><strong>Terminierung<\/strong><\/h2>\n\n<p>Wir k\u00f6nnen Ihr Konto oder Ihren Zugang zum Dienst sofort und ohne vorherige Ank\u00fcndigung oder Haftung aus beliebigen Gr\u00fcnden, einschlie\u00dflich der Verletzung dieser Bedingungen, k\u00fcndigen oder aussetzen.<\/p>\n\n<hr class=\"wp-block-separator has-alpha-channel-opacity\"\/>\n\n<h2 class=\"wp-block-heading\"><strong>\u00c4nderungen an diesen Bedingungen<\/strong><\/h2>\n\n<p>Wir behalten uns das Recht vor, diese Bedingungen nach unserem alleinigen Ermessen zu \u00e4ndern oder zu ersetzen. Wenn eine \u00c4nderung wesentlich ist, werden wir Sie mindestens 30 Tage vor Inkrafttreten der neuen Bedingungen informieren. Indem Sie den Service nach der Aktualisierung weiter nutzen, erkl\u00e4ren Sie sich mit den \u00fcberarbeiteten Bedingungen einverstanden.  <\/p>\n\n<hr class=\"wp-block-separator has-alpha-channel-opacity\"\/>\n\n<h2 class=\"wp-block-heading\"><strong>Kontaktieren Sie uns<\/strong><\/h2>\n\n<p>Wenn Sie Fragen zu diesen Allgemeinen Gesch\u00e4ftsbedingungen haben, k\u00f6nnen Sie uns kontaktieren:<\/p>\n\n<ul class=\"wp-block-list\">\n<li>Per E-Mail: <a href=\"mailto:hello@chacrys.com\">hello@chacrys.com<\/a><\/li>\n<\/ul>\n\n<p><\/p>\n","protected":false},"excerpt":{"rendered":"<p>Bedingungen und Konditionen Datum des Inkrafttretens: [16 .6.2020]Zuletzt aktualisiert: [01 .12.2024] Bitte lesen Sie diese Bedingungen und Konditionen sorgf\u00e4ltig durch,<\/p>\n","protected":false},"author":1,"featured_media":0,"parent":0,"menu_order":0,"comment_status":"closed","ping_status":"closed","template":"","meta":{"footnotes":""},"class_list":["post-31252","page","type-page","status-publish","hentry"],"yoast_head":"<!-- This site is optimized with the Yoast SEO plugin v27.3 - https:\/\/yoast.com\/product\/yoast-seo-wordpress\/ -->\n<title>Bedingungen &amp; Konditionen - Chacrys<\/title>\n<meta name=\"robots\" content=\"noindex, follow\" \/>\n<meta property=\"og:locale\" content=\"de_DE\" \/>\n<meta property=\"og:type\" content=\"article\" \/>\n<meta property=\"og:title\" content=\"Bedingungen &amp; Konditionen - Chacrys\" \/>\n<meta property=\"og:description\" content=\"Bedingungen und Konditionen Datum des Inkrafttretens: [16 .6.2020]Zuletzt aktualisiert: [01 .12.2024] Bitte lesen Sie diese Bedingungen und Konditionen sorgf\u00e4ltig durch,\" \/>\n<meta property=\"og:url\" content=\"https:\/\/chacrys.com\/de\/terms-conditions\/\" \/>\n<meta property=\"og:site_name\" content=\"Chacrys\" \/>\n<meta property=\"article:publisher\" content=\"https:\/\/www.facebook.com\/chacryscrystal\" \/>\n<meta property=\"article:modified_time\" content=\"2024-12-02T10:11:35+00:00\" \/>\n<meta name=\"twitter:card\" content=\"summary_large_image\" \/>\n<meta name=\"twitter:label1\" content=\"Gesch\u00e4tzte Lesezeit\" \/>\n\t<meta name=\"twitter:data1\" content=\"5\u00a0Minuten\" \/>\n<script type=\"application\/ld+json\" class=\"yoast-schema-graph\">{\"@context\":\"https:\\\/\\\/schema.org\",\"@graph\":[{\"@type\":\"WebPage\",\"@id\":\"https:\\\/\\\/chacrys.com\\\/de\\\/terms-conditions\\\/\",\"url\":\"https:\\\/\\\/chacrys.com\\\/de\\\/terms-conditions\\\/\",\"name\":\"Bedingungen &amp; Konditionen - Chacrys\",\"isPartOf\":{\"@id\":\"https:\\\/\\\/chacrys.com\\\/de\\\/#website\"},\"datePublished\":\"2024-11-27T14:44:16+00:00\",\"dateModified\":\"2024-12-02T10:11:35+00:00\",\"breadcrumb\":{\"@id\":\"https:\\\/\\\/chacrys.com\\\/de\\\/terms-conditions\\\/#breadcrumb\"},\"inLanguage\":\"de\",\"potentialAction\":[{\"@type\":\"ReadAction\",\"target\":[\"https:\\\/\\\/chacrys.com\\\/de\\\/terms-conditions\\\/\"]}]},{\"@type\":\"BreadcrumbList\",\"@id\":\"https:\\\/\\\/chacrys.com\\\/de\\\/terms-conditions\\\/#breadcrumb\",\"itemListElement\":[{\"@type\":\"ListItem\",\"position\":1,\"name\":\"Home\",\"item\":\"https:\\\/\\\/chacrys.com\\\/de\\\/\"},{\"@type\":\"ListItem\",\"position\":2,\"name\":\"Bedingungen &amp; Konditionen\"}]},{\"@type\":\"WebSite\",\"@id\":\"https:\\\/\\\/chacrys.com\\\/de\\\/#website\",\"url\":\"https:\\\/\\\/chacrys.com\\\/de\\\/\",\"name\":\"Chacrys\",\"description\":\"Chacrys\",\"publisher\":{\"@id\":\"https:\\\/\\\/chacrys.com\\\/de\\\/#organization\"},\"potentialAction\":[{\"@type\":\"SearchAction\",\"target\":{\"@type\":\"EntryPoint\",\"urlTemplate\":\"https:\\\/\\\/chacrys.com\\\/de\\\/?s={search_term_string}\"},\"query-input\":{\"@type\":\"PropertyValueSpecification\",\"valueRequired\":true,\"valueName\":\"search_term_string\"}}],\"inLanguage\":\"de\"},{\"@type\":\"Organization\",\"@id\":\"https:\\\/\\\/chacrys.com\\\/de\\\/#organization\",\"name\":\"Chacrys\",\"url\":\"https:\\\/\\\/chacrys.com\\\/de\\\/\",\"logo\":{\"@type\":\"ImageObject\",\"inLanguage\":\"de\",\"@id\":\"https:\\\/\\\/chacrys.com\\\/de\\\/#\\\/schema\\\/logo\\\/image\\\/\",\"url\":\"https:\\\/\\\/chacrys.com\\\/wp-content\\\/uploads\\\/2024\\\/11\\\/cropped-FRANJULIA-6.png\",\"contentUrl\":\"https:\\\/\\\/chacrys.com\\\/wp-content\\\/uploads\\\/2024\\\/11\\\/cropped-FRANJULIA-6.png\",\"width\":512,\"height\":512,\"caption\":\"Chacrys\"},\"image\":{\"@id\":\"https:\\\/\\\/chacrys.com\\\/de\\\/#\\\/schema\\\/logo\\\/image\\\/\"},\"sameAs\":[\"https:\\\/\\\/www.facebook.com\\\/chacryscrystal\",\"https:\\\/\\\/www.instagram.com\\\/chacrys\\\/\",\"https:\\\/\\\/www.pinterest.com\\\/chacryscrystalbed\\\/\",\"https:\\\/\\\/www.youtube.com\\\/@chacrysofficial9667\"]}]}<\/script>\n<!-- \/ Yoast SEO plugin. -->","yoast_head_json":{"title":"Bedingungen &amp; Konditionen - Chacrys","robots":{"index":"noindex","follow":"follow"},"og_locale":"de_DE","og_type":"article","og_title":"Bedingungen &amp; Konditionen - Chacrys","og_description":"Bedingungen und Konditionen Datum des Inkrafttretens: [16 .6.2020]Zuletzt aktualisiert: [01 .12.2024] Bitte lesen Sie diese Bedingungen und Konditionen sorgf\u00e4ltig durch,","og_url":"https:\/\/chacrys.com\/de\/terms-conditions\/","og_site_name":"Chacrys","article_publisher":"https:\/\/www.facebook.com\/chacryscrystal","article_modified_time":"2024-12-02T10:11:35+00:00","twitter_card":"summary_large_image","twitter_misc":{"Gesch\u00e4tzte Lesezeit":"5\u00a0Minuten"},"schema":{"@context":"https:\/\/schema.org","@graph":[{"@type":"WebPage","@id":"https:\/\/chacrys.com\/de\/terms-conditions\/","url":"https:\/\/chacrys.com\/de\/terms-conditions\/","name":"Bedingungen &amp; Konditionen - Chacrys","isPartOf":{"@id":"https:\/\/chacrys.com\/de\/#website"},"datePublished":"2024-11-27T14:44:16+00:00","dateModified":"2024-12-02T10:11:35+00:00","breadcrumb":{"@id":"https:\/\/chacrys.com\/de\/terms-conditions\/#breadcrumb"},"inLanguage":"de","potentialAction":[{"@type":"ReadAction","target":["https:\/\/chacrys.com\/de\/terms-conditions\/"]}]},{"@type":"BreadcrumbList","@id":"https:\/\/chacrys.com\/de\/terms-conditions\/#breadcrumb","itemListElement":[{"@type":"ListItem","position":1,"name":"Home","item":"https:\/\/chacrys.com\/de\/"},{"@type":"ListItem","position":2,"name":"Bedingungen &amp; Konditionen"}]},{"@type":"WebSite","@id":"https:\/\/chacrys.com\/de\/#website","url":"https:\/\/chacrys.com\/de\/","name":"Chacrys","description":"Chacrys","publisher":{"@id":"https:\/\/chacrys.com\/de\/#organization"},"potentialAction":[{"@type":"SearchAction","target":{"@type":"EntryPoint","urlTemplate":"https:\/\/chacrys.com\/de\/?s={search_term_string}"},"query-input":{"@type":"PropertyValueSpecification","valueRequired":true,"valueName":"search_term_string"}}],"inLanguage":"de"},{"@type":"Organization","@id":"https:\/\/chacrys.com\/de\/#organization","name":"Chacrys","url":"https:\/\/chacrys.com\/de\/","logo":{"@type":"ImageObject","inLanguage":"de","@id":"https:\/\/chacrys.com\/de\/#\/schema\/logo\/image\/","url":"https:\/\/chacrys.com\/wp-content\/uploads\/2024\/11\/cropped-FRANJULIA-6.png","contentUrl":"https:\/\/chacrys.com\/wp-content\/uploads\/2024\/11\/cropped-FRANJULIA-6.png","width":512,"height":512,"caption":"Chacrys"},"image":{"@id":"https:\/\/chacrys.com\/de\/#\/schema\/logo\/image\/"},"sameAs":["https:\/\/www.facebook.com\/chacryscrystal","https:\/\/www.instagram.com\/chacrys\/","https:\/\/www.pinterest.com\/chacryscrystalbed\/","https:\/\/www.youtube.com\/@chacrysofficial9667"]}]}},"_links":{"self":[{"href":"https:\/\/chacrys.com\/de\/wp-json\/wp\/v2\/pages\/31252","targetHints":{"allow":["GET"]}}],"collection":[{"href":"https:\/\/chacrys.com\/de\/wp-json\/wp\/v2\/pages"}],"about":[{"href":"https:\/\/chacrys.com\/de\/wp-json\/wp\/v2\/types\/page"}],"author":[{"embeddable":true,"href":"https:\/\/chacrys.com\/de\/wp-json\/wp\/v2\/users\/1"}],"replies":[{"embeddable":true,"href":"https:\/\/chacrys.com\/de\/wp-json\/wp\/v2\/comments?post=31252"}],"version-history":[{"count":2,"href":"https:\/\/chacrys.com\/de\/wp-json\/wp\/v2\/pages\/31252\/revisions"}],"predecessor-version":[{"id":31391,"href":"https:\/\/chacrys.com\/de\/wp-json\/wp\/v2\/pages\/31252\/revisions\/31391"}],"wp:attachment":[{"href":"https:\/\/chacrys.com\/de\/wp-json\/wp\/v2\/media?parent=31252"}],"curies":[{"name":"wp","href":"https:\/\/api.w.org\/{rel}","templated":true}]}}