{"id":31247,"date":"2024-11-27T14:54:28","date_gmt":"2024-11-27T14:54:28","guid":{"rendered":"https:\/\/chacrys.com\/privacy-policy-2\/"},"modified":"2024-12-02T10:11:31","modified_gmt":"2024-12-02T10:11:31","slug":"privacy-policy-2","status":"publish","type":"page","link":"https:\/\/chacrys.com\/de\/privacy-policy-2\/","title":{"rendered":"Datenschutzbestimmungen"},"content":{"rendered":"\n<h1 class=\"wp-block-heading\"><strong>Datenschutzbestimmungen<\/strong><\/h1>\n\n<p><strong>Datum des Inkrafttretens<\/strong>: [26 .11.2024]<br\/><strong>Zuletzt aktualisiert<\/strong>:  [01 .12.2024]<\/p>\n\n<p>Diese Datenschutzrichtlinie beschreibt unsere Richtlinien und Verfahren f\u00fcr die Erfassung, Verwendung und Offenlegung Ihrer Daten, wenn Sie unseren Service nutzen. Sie erkl\u00e4rt auch Ihre Datenschutzrechte gem\u00e4\u00df den geltenden Gesetzen wie GDPR und CCPA und wie das Gesetz Sie sch\u00fctzt. <\/p>\n\n<p>Durch die Nutzung des Dienstes erkl\u00e4ren Sie sich mit der Erfassung und Nutzung von Informationen in \u00dcbereinstimmung mit dieser Datenschutzerkl\u00e4rung einverstanden.<\/p>\n\n<h2 class=\"wp-block-heading\"><strong>Auslegung und Definitionen<\/strong><\/h2>\n\n<h3 class=\"wp-block-heading\"><strong>Interpretation<\/strong><\/h3>\n\n<p>Die W\u00f6rter mit gro\u00dfen Anfangsbuchstaben haben eine Bedeutung, die unter den folgenden Bedingungen definiert ist. Diese Definitionen haben dieselbe Bedeutung, unabh\u00e4ngig davon, ob sie im Singular oder Plural stehen. <\/p>\n\n<h3 class=\"wp-block-heading\"><strong>Definitionen<\/strong><\/h3>\n\n<p>F\u00fcr die Zwecke dieser Datenschutzrichtlinie:<\/p>\n\n<ul class=\"wp-block-list\">\n<li><strong>Konto<\/strong>: Ein einzigartiges Konto, das f\u00fcr Sie erstellt wurde, um auf unseren Service oder Teile davon zuzugreifen.  <\/li>\n\n\n\n<li><strong>Unternehmen<\/strong>: Bezieht sich auf Chacrys s.r.o., die juristische Person, die pers\u00f6nliche Daten sammelt und deren Zwecke und Mittel gem\u00e4\u00df GDPR und CCPA bestimmt.  <\/li>\n\n\n\n<li><strong>Unternehmen<\/strong> (in diesem Vertrag als &#8222;das Unternehmen&#8220;, &#8222;wir&#8220;, &#8222;uns&#8220; oder &#8222;unser&#8220; bezeichnet): Bezieht sich auf Chacrys s.r.o., Svatojanska 3060\/14, 94501 Komarno, Slowakei.  <\/li>\n\n\n\n<li><strong>Cookies<\/strong>: Kleine Dateien, die von einer Website auf Ihrem Ger\u00e4t abgelegt werden und Details \u00fcber Ihren Browserverlauf, Ihre Pr\u00e4ferenzen und Ihre Interaktionen enthalten.  <\/li>\n\n\n\n<li><strong>Datenverantwortlicher<\/strong>: Die Stelle, die f\u00fcr die Festlegung der Zwecke und Mittel der Verarbeitung personenbezogener Daten verantwortlich ist, wie in der DSGVO definiert.  <\/li>\n\n\n\n<li><strong>Ger\u00e4t<\/strong>: Jedes Ger\u00e4t, das in der Lage ist, auf den Service zuzugreifen, wie z.B. ein Computer, ein mobiles Ger\u00e4t oder ein Tablet.  <\/li>\n\n\n\n<li><strong>Pers\u00f6nliche Daten<\/strong>: Alle Informationen, die sich auf eine identifizierte oder identifizierbare Person beziehen, wie unter GDPR und CCPA definiert.  <\/li>\n\n\n\n<li><strong>Service<\/strong>: Bezieht sich auf die von Chacrys betriebene Website, zug\u00e4nglich unter <a href=\"http:\/\/www.chacrys.com\/\">www.chacrys.com<\/a>.  <\/li>\n\n\n\n<li><strong>Dienstanbieter<\/strong>: Drittunternehmen oder Einzelpersonen, die vom Unternehmen beauftragt werden, Funktionen in unserem Namen auszuf\u00fchren.  <\/li>\n\n\n\n<li><strong>Nutzungsdaten<\/strong>: Automatisch erfasste Daten, die entweder durch die Nutzung des Dienstes oder durch die Infrastruktur des Dienstes selbst erzeugt werden (z. B. Dauer eines Seitenbesuchs).  <\/li>\n\n\n\n<li><strong>Sie<\/strong>: Bezieht sich auf die nat\u00fcrliche Person, die auf den Service zugreift oder ihn nutzt, oder auf die juristische Person, in deren Namen eine solche Person auf den Service zugreift oder ihn nutzt.  <\/li>\n<\/ul>\n\n<h2 class=\"wp-block-heading\"><strong>Erfassung und Verwendung Ihrer pers\u00f6nlichen Daten<\/strong><\/h2>\n\n<h3 class=\"wp-block-heading\"><strong>Arten von gesammelten Daten<\/strong><\/h3>\n\n<h4 class=\"wp-block-heading\"><strong>Pers\u00f6nliche Daten<\/strong><\/h4>\n\n<p>Wenn Sie unseren Service nutzen, bitten wir Sie m\u00f6glicherweise um die Angabe personenbezogener Daten, einschlie\u00dflich, aber nicht beschr\u00e4nkt auf:<\/p>\n\n<ul class=\"wp-block-list\">\n<li>Name  <\/li>\n\n\n\n<li>E-Mail Adresse  <\/li>\n\n\n\n<li>Rufnummer  <\/li>\n\n\n\n<li>Rechnungs- und Lieferadresse  <\/li>\n\n\n\n<li>Zahlungsdaten (sicher verarbeitet durch Drittanbieter)  <\/li>\n<\/ul>\n\n<h4 class=\"wp-block-heading\"><strong>Verwendungsdaten<\/strong><\/h4>\n\n<p>Wir k\u00f6nnen automatisch Daten \u00fcber Ihre Interaktionen mit dem Dienst sammeln, einschlie\u00dflich:<\/p>\n\n<ul class=\"wp-block-list\">\n<li>IP-Adresse  <\/li>\n\n\n\n<li>Browsertyp und -version  <\/li>\n\n\n\n<li>Ger\u00e4tetyp  <\/li>\n\n\n\n<li>Besuchte Seiten, Verweildauer auf diesen Seiten und andere Diagnosedaten  <\/li>\n<\/ul>\n\n<h2 class=\"wp-block-heading\"><strong>Verwendung Ihrer pers\u00f6nlichen Daten<\/strong><\/h2>\n\n<p>Das Unternehmen verwendet Ihre pers\u00f6nlichen Daten f\u00fcr die folgenden Zwecke:<\/p>\n\n<ol class=\"wp-block-list\">\n<li><strong>Zur Bereitstellung des Dienstes<\/strong>:\n<ul class=\"wp-block-list\">\n<li>Ausf\u00fchrung von Bestellungen, einschlie\u00dflich der Weitergabe von Daten an Versandunternehmen zu Lieferzwecken.  <\/li>\n\n\n\n<li>Verwalten Sie Ihr Konto und Ihre Transaktionen.  <\/li>\n<\/ul>\n<\/li>\n\n\n\n<li><strong>F\u00fcr die Kommunikation<\/strong>:\n<ul class=\"wp-block-list\">\n<li>Sie \u00fcber \u00c4nderungen an unserem Service zu benachrichtigen oder auf Anfragen zu antworten.  <\/li>\n\n\n\n<li>Zusendung von Werbeangeboten oder Updates, sofern Sie sich nicht abgemeldet haben.  <\/li>\n<\/ul>\n<\/li>\n\n\n\n<li><strong>Um unseren Service zu verbessern<\/strong>:\n<ul class=\"wp-block-list\">\n<li>Analysieren Sie das Benutzerverhalten, um die Benutzerfreundlichkeit und Funktionalit\u00e4t zu verbessern.  <\/li>\n\n\n\n<li>Erkennen und verhindern Sie technische Probleme.  <\/li>\n<\/ul>\n<\/li>\n\n\n\n<li><strong>F\u00fcr die Einhaltung von Gesetzen<\/strong>:\n<ul class=\"wp-block-list\">\n<li>Erf\u00fcllung rechtlicher Verpflichtungen oder Beilegung von Streitigkeiten.  <\/li>\n<\/ul>\n<\/li>\n<\/ol>\n\n<h2 class=\"wp-block-heading\"><strong>Weitergabe Ihrer pers\u00f6nlichen Daten<\/strong><\/h2>\n\n<p>Wir k\u00f6nnen Ihre pers\u00f6nlichen Daten weitergeben an:<\/p>\n\n<ol class=\"wp-block-list\">\n<li><strong>Anbieter von Dienstleistungen<\/strong>:\n<ul class=\"wp-block-list\">\n<li>F\u00fcr Zahlungsabwicklung, Analysen und Lieferlogistik.  <\/li>\n<\/ul>\n<\/li>\n\n\n\n<li><strong>Unternehmens\u00fcbertragungen<\/strong>:\n<ul class=\"wp-block-list\">\n<li>Wenn wir fusionieren, verkaufen oder einen Teil oder alle unsere Verm\u00f6genswerte \u00fcbertragen.  <\/li>\n<\/ul>\n<\/li>\n\n\n\n<li><strong>Rechtliche Autorit\u00e4ten<\/strong>:\n<ul class=\"wp-block-list\">\n<li>In \u00dcbereinstimmung mit den geltenden Gesetzen oder rechtlichen Verfahren.  <\/li>\n<\/ul>\n<\/li>\n\n\n\n<li><strong>Dritte Parteien<\/strong>:\n<ul class=\"wp-block-list\">\n<li>Mit Ihrer ausdr\u00fccklichen Zustimmung f\u00fcr bestimmte Zwecke.  <\/li>\n<\/ul>\n<\/li>\n<\/ol>\n\n<h2 class=\"wp-block-heading\"><strong>Ihre Rechte unter GDPR<\/strong><\/h2>\n\n<p>Wenn Sie im Europ\u00e4ischen Wirtschaftsraum (EWR) ans\u00e4ssig sind, haben Sie gem\u00e4\u00df der DSGVO die folgenden Rechte:<\/p>\n\n<h3 class=\"wp-block-heading\"><strong>1. Recht auf Zugang und Daten\u00fcbertragbarkeit<\/strong><\/h3>\n\n<ul class=\"wp-block-list\">\n<li>Fordern Sie eine Kopie der pers\u00f6nlichen Daten an, die wir \u00fcber Sie gespeichert haben.  <\/li>\n\n\n\n<li>Erhalten Sie Ihre Daten in einem strukturierten, allgemein verwendeten und maschinenlesbaren Format.  <\/li>\n<\/ul>\n\n<h3 class=\"wp-block-heading\"><strong>2. Recht auf Richtigstellung<\/strong><\/h3>\n\n<ul class=\"wp-block-list\">\n<li>Korrekturen von ungenauen oder unvollst\u00e4ndigen pers\u00f6nlichen Daten zu verlangen.  <\/li>\n<\/ul>\n\n<h3 class=\"wp-block-heading\"><strong>3. Recht auf L\u00f6schung (&#8222;Recht auf Vergessenwerden&#8220;)<\/strong><\/h3>\n\n<ul class=\"wp-block-list\">\n<li>unter bestimmten Bedingungen die L\u00f6schung Ihrer pers\u00f6nlichen Daten zu verlangen, z.B. wenn sie f\u00fcr die Zwecke, f\u00fcr die sie erhoben wurden, nicht mehr ben\u00f6tigt werden.  <\/li>\n<\/ul>\n\n<h3 class=\"wp-block-heading\"><strong>4. Recht auf Einschr\u00e4nkung der Verarbeitung<\/strong><\/h3>\n\n<ul class=\"wp-block-list\">\n<li>verlangen, dass wir die Verarbeitung Ihrer pers\u00f6nlichen Daten unter bestimmten Umst\u00e4nden aussetzen.  <\/li>\n<\/ul>\n\n<h3 class=\"wp-block-heading\"><strong>5. Recht auf Einspruch<\/strong><\/h3>\n\n<ul class=\"wp-block-list\">\n<li>Widerspruch gegen die Verarbeitung Ihrer pers\u00f6nlichen Daten einlegen, wenn diese auf legitimen Interessen oder Direktmarketing beruht.  <\/li>\n<\/ul>\n\n<h3 class=\"wp-block-heading\"><strong>6. Recht auf Entzug der Zustimmung<\/strong><\/h3>\n\n<ul class=\"wp-block-list\">\n<li>Ihre Einwilligung jederzeit widerrufen, wenn die Verarbeitung auf Ihrer Einwilligung beruht.  <\/li>\n<\/ul>\n\n<h3 class=\"wp-block-heading\"><strong>7. Recht auf Einreichung einer Beschwerde<\/strong><\/h3>\n\n<ul class=\"wp-block-list\">\n<li>eine Beschwerde bei einer Aufsichtsbeh\u00f6rde einreichen, wenn Sie der Meinung sind, dass wir die Verpflichtungen der DSGVO nicht eingehalten haben.  <\/li>\n<\/ul>\n\n<p>Um eines dieser Rechte auszu\u00fcben, kontaktieren Sie uns bitte unter <a href=\"mailto:hello@chacrys.com\">hello@chacrys.com.<\/a><\/p>\n\n<h2 class=\"wp-block-heading\"><strong>Ihre Rechte gem\u00e4\u00df CCPA<\/strong><\/h2>\n\n<p>Wenn Sie in Kalifornien ans\u00e4ssig sind, haben Sie nach dem CCPA die folgenden Rechte:<\/p>\n\n<h3 class=\"wp-block-heading\"><strong>1. Recht auf Wissen<\/strong><\/h3>\n\n<ul class=\"wp-block-list\">\n<li>Fordern Sie Informationen \u00fcber die Kategorien und spezifischen Teile der pers\u00f6nlichen Daten an, die wir gesammelt haben.  <\/li>\n<\/ul>\n\n<h3 class=\"wp-block-heading\"><strong>2. Recht auf L\u00f6schen<\/strong><\/h3>\n\n<ul class=\"wp-block-list\">\n<li>die L\u00f6schung Ihrer pers\u00f6nlichen Daten zu verlangen, vorbehaltlich bestimmter Ausnahmen (z.B. zur Abwicklung einer Transaktion oder zur Erf\u00fcllung rechtlicher Verpflichtungen).  <\/li>\n<\/ul>\n\n<h3 class=\"wp-block-heading\"><strong>3. Recht auf Ablehnung des Verkaufs pers\u00f6nlicher Daten<\/strong><\/h3>\n\n<ul class=\"wp-block-list\">\n<li>Weisen Sie uns an, Ihre pers\u00f6nlichen Daten nicht an Dritte zu verkaufen.  <\/li>\n<\/ul>\n\n<h3 class=\"wp-block-heading\"><strong>4. Recht auf Nicht-Diskriminierung<\/strong><\/h3>\n\n<ul class=\"wp-block-list\">\n<li>\u00dcben Sie Ihre Datenschutzrechte ohne Diskriminierung aus, einschlie\u00dflich gleicher Preise und Dienstleistungen.  <\/li>\n<\/ul>\n\n<p>Um eine Anfrage zu stellen, kontaktieren Sie uns bitte unter <a href=\"mailto:hello@chacrys.com\">hello@chacrys.com.<\/a> Wir werden Ihre Identit\u00e4t \u00fcberpr\u00fcfen, bevor wir Ihre Anfrage bearbeiten. <\/p>\n\n<h2 class=\"wp-block-heading\"><strong>Aufbewahrung Ihrer pers\u00f6nlichen Daten<\/strong><\/h2>\n\n<p>Wir bewahren Ihre pers\u00f6nlichen Daten nur so lange auf, wie es f\u00fcr die Erf\u00fcllung der in dieser Datenschutzrichtlinie genannten Zwecke erforderlich ist, einschlie\u00dflich der Erf\u00fcllung gesetzlicher Verpflichtungen und der Beilegung von Streitigkeiten.<\/p>\n\n<h2 class=\"wp-block-heading\"><strong>Sicherheit Ihrer pers\u00f6nlichen Daten<\/strong><\/h2>\n\n<p>Wir ergreifen kommerziell angemessene Ma\u00dfnahmen zum Schutz Ihrer Daten. Keine Methode der \u00dcbertragung \u00fcber das Internet oder der elektronischen Speicherung ist jedoch vollkommen sicher, und wir k\u00f6nnen keine absolute Sicherheit garantieren.<\/p>\n\n<h2 class=\"wp-block-heading\"><strong>Cookies und Tracking-Technologien<\/strong><\/h2>\n\n<p>Wir verwenden Cookies und \u00e4hnliche Technologien, um Ihre Aktivit\u00e4ten zu verfolgen und unseren Service zu verbessern.<\/p>\n\n<h3 class=\"wp-block-heading\"><strong>Verwendete Arten von Cookies<\/strong><\/h3>\n\n<ol class=\"wp-block-list\">\n<li><strong>Erforderliche Cookies<\/strong>: Unerl\u00e4sslich f\u00fcr Kernfunktionen, wie z.B. Kontozugriff und Transaktionen.  <\/li>\n\n\n\n<li><strong>Pr\u00e4ferenz-Cookies<\/strong>: Speichern Ihre Pr\u00e4ferenzen, wie Sprache und Standort.  <\/li>\n\n\n\n<li><strong>Analyse-Cookies<\/strong>: Helfen uns bei der Analyse von Nutzungsmustern, um unseren Service zu verbessern.  <\/li>\n\n\n\n<li><strong>Werbe-Cookies<\/strong>: Schalten Sie personalisierte Werbung und messen Sie die Leistung Ihrer Kampagne.  <\/li>\n<\/ol>\n\n<p>Sie k\u00f6nnen Cookies \u00fcber Ihre Browsereinstellungen steuern. Weitere Informationen finden Sie unter <a href=\"http:\/\/www.allaboutcookies.org\/\">www.allaboutcookies.org.<\/a><\/p>\n\n<h2 class=\"wp-block-heading\"><strong>\u00c4nderungen an dieser Datenschutzrichtlinie<\/strong><\/h2>\n\n<p>Wir k\u00f6nnen diese Datenschutzrichtlinie regelm\u00e4\u00dfig aktualisieren. \u00c4nderungen werden hier ver\u00f6ffentlicht und wichtige Aktualisierungen werden direkt kommuniziert.<\/p>\n\n<h2 class=\"wp-block-heading\"><strong>Kontaktieren Sie uns<\/strong><\/h2>\n\n<p>Wenn Sie Fragen zu dieser Datenschutzerkl\u00e4rung haben oder Ihre Rechte aus\u00fcben m\u00f6chten, kontaktieren Sie uns unter<strong>:E-Mail<\/strong>: <a href=\"mailto:hello@chacrys.com\">hello@chacrys.com<\/a><\/p>\n","protected":false},"excerpt":{"rendered":"<p>Datenschutzbestimmungen Datum des Inkrafttretens: [26 .11.2024]Zuletzt aktualisiert: [01 .12.2024] Diese Datenschutzrichtlinie beschreibt unsere Richtlinien und Verfahren f\u00fcr die Erfassung, Verwendung<\/p>\n","protected":false},"author":1,"featured_media":0,"parent":0,"menu_order":0,"comment_status":"closed","ping_status":"closed","template":"","meta":{"footnotes":""},"class_list":["post-31247","page","type-page","status-publish","hentry"],"yoast_head":"<!-- This site is optimized with the Yoast SEO plugin v27.3 - https:\/\/yoast.com\/product\/yoast-seo-wordpress\/ -->\n<title>Datenschutzbestimmungen - Chacrys<\/title>\n<meta name=\"robots\" content=\"noindex, follow\" \/>\n<meta property=\"og:locale\" content=\"de_DE\" \/>\n<meta property=\"og:type\" content=\"article\" \/>\n<meta property=\"og:title\" content=\"Datenschutzbestimmungen - Chacrys\" \/>\n<meta property=\"og:description\" content=\"Datenschutzbestimmungen Datum des Inkrafttretens: [26 .11.2024]Zuletzt aktualisiert: [01 .12.2024] Diese Datenschutzrichtlinie beschreibt unsere Richtlinien und Verfahren f\u00fcr die Erfassung, Verwendung\" \/>\n<meta property=\"og:url\" content=\"https:\/\/chacrys.com\/de\/privacy-policy-2\/\" \/>\n<meta property=\"og:site_name\" content=\"Chacrys\" \/>\n<meta property=\"article:publisher\" content=\"https:\/\/www.facebook.com\/chacryscrystal\" \/>\n<meta property=\"article:modified_time\" content=\"2024-12-02T10:11:31+00:00\" \/>\n<meta name=\"twitter:card\" content=\"summary_large_image\" \/>\n<meta name=\"twitter:label1\" content=\"Gesch\u00e4tzte Lesezeit\" \/>\n\t<meta name=\"twitter:data1\" content=\"6\u00a0Minuten\" \/>\n<script type=\"application\/ld+json\" class=\"yoast-schema-graph\">{\"@context\":\"https:\\\/\\\/schema.org\",\"@graph\":[{\"@type\":\"WebPage\",\"@id\":\"https:\\\/\\\/chacrys.com\\\/de\\\/privacy-policy-2\\\/\",\"url\":\"https:\\\/\\\/chacrys.com\\\/de\\\/privacy-policy-2\\\/\",\"name\":\"Datenschutzbestimmungen - Chacrys\",\"isPartOf\":{\"@id\":\"https:\\\/\\\/chacrys.com\\\/de\\\/#website\"},\"datePublished\":\"2024-11-27T14:54:28+00:00\",\"dateModified\":\"2024-12-02T10:11:31+00:00\",\"breadcrumb\":{\"@id\":\"https:\\\/\\\/chacrys.com\\\/de\\\/privacy-policy-2\\\/#breadcrumb\"},\"inLanguage\":\"de\",\"potentialAction\":[{\"@type\":\"ReadAction\",\"target\":[\"https:\\\/\\\/chacrys.com\\\/de\\\/privacy-policy-2\\\/\"]}]},{\"@type\":\"BreadcrumbList\",\"@id\":\"https:\\\/\\\/chacrys.com\\\/de\\\/privacy-policy-2\\\/#breadcrumb\",\"itemListElement\":[{\"@type\":\"ListItem\",\"position\":1,\"name\":\"Home\",\"item\":\"https:\\\/\\\/chacrys.com\\\/de\\\/\"},{\"@type\":\"ListItem\",\"position\":2,\"name\":\"Datenschutzbestimmungen\"}]},{\"@type\":\"WebSite\",\"@id\":\"https:\\\/\\\/chacrys.com\\\/de\\\/#website\",\"url\":\"https:\\\/\\\/chacrys.com\\\/de\\\/\",\"name\":\"Chacrys\",\"description\":\"Chacrys\",\"publisher\":{\"@id\":\"https:\\\/\\\/chacrys.com\\\/de\\\/#organization\"},\"potentialAction\":[{\"@type\":\"SearchAction\",\"target\":{\"@type\":\"EntryPoint\",\"urlTemplate\":\"https:\\\/\\\/chacrys.com\\\/de\\\/?s={search_term_string}\"},\"query-input\":{\"@type\":\"PropertyValueSpecification\",\"valueRequired\":true,\"valueName\":\"search_term_string\"}}],\"inLanguage\":\"de\"},{\"@type\":\"Organization\",\"@id\":\"https:\\\/\\\/chacrys.com\\\/de\\\/#organization\",\"name\":\"Chacrys\",\"url\":\"https:\\\/\\\/chacrys.com\\\/de\\\/\",\"logo\":{\"@type\":\"ImageObject\",\"inLanguage\":\"de\",\"@id\":\"https:\\\/\\\/chacrys.com\\\/de\\\/#\\\/schema\\\/logo\\\/image\\\/\",\"url\":\"https:\\\/\\\/chacrys.com\\\/wp-content\\\/uploads\\\/2024\\\/11\\\/cropped-FRANJULIA-6.png\",\"contentUrl\":\"https:\\\/\\\/chacrys.com\\\/wp-content\\\/uploads\\\/2024\\\/11\\\/cropped-FRANJULIA-6.png\",\"width\":512,\"height\":512,\"caption\":\"Chacrys\"},\"image\":{\"@id\":\"https:\\\/\\\/chacrys.com\\\/de\\\/#\\\/schema\\\/logo\\\/image\\\/\"},\"sameAs\":[\"https:\\\/\\\/www.facebook.com\\\/chacryscrystal\",\"https:\\\/\\\/www.instagram.com\\\/chacrys\\\/\",\"https:\\\/\\\/www.pinterest.com\\\/chacryscrystalbed\\\/\",\"https:\\\/\\\/www.youtube.com\\\/@chacrysofficial9667\"]}]}<\/script>\n<!-- \/ Yoast SEO plugin. -->","yoast_head_json":{"title":"Datenschutzbestimmungen - Chacrys","robots":{"index":"noindex","follow":"follow"},"og_locale":"de_DE","og_type":"article","og_title":"Datenschutzbestimmungen - Chacrys","og_description":"Datenschutzbestimmungen Datum des Inkrafttretens: [26 .11.2024]Zuletzt aktualisiert: [01 .12.2024] Diese Datenschutzrichtlinie beschreibt unsere Richtlinien und Verfahren f\u00fcr die Erfassung, Verwendung","og_url":"https:\/\/chacrys.com\/de\/privacy-policy-2\/","og_site_name":"Chacrys","article_publisher":"https:\/\/www.facebook.com\/chacryscrystal","article_modified_time":"2024-12-02T10:11:31+00:00","twitter_card":"summary_large_image","twitter_misc":{"Gesch\u00e4tzte Lesezeit":"6\u00a0Minuten"},"schema":{"@context":"https:\/\/schema.org","@graph":[{"@type":"WebPage","@id":"https:\/\/chacrys.com\/de\/privacy-policy-2\/","url":"https:\/\/chacrys.com\/de\/privacy-policy-2\/","name":"Datenschutzbestimmungen - Chacrys","isPartOf":{"@id":"https:\/\/chacrys.com\/de\/#website"},"datePublished":"2024-11-27T14:54:28+00:00","dateModified":"2024-12-02T10:11:31+00:00","breadcrumb":{"@id":"https:\/\/chacrys.com\/de\/privacy-policy-2\/#breadcrumb"},"inLanguage":"de","potentialAction":[{"@type":"ReadAction","target":["https:\/\/chacrys.com\/de\/privacy-policy-2\/"]}]},{"@type":"BreadcrumbList","@id":"https:\/\/chacrys.com\/de\/privacy-policy-2\/#breadcrumb","itemListElement":[{"@type":"ListItem","position":1,"name":"Home","item":"https:\/\/chacrys.com\/de\/"},{"@type":"ListItem","position":2,"name":"Datenschutzbestimmungen"}]},{"@type":"WebSite","@id":"https:\/\/chacrys.com\/de\/#website","url":"https:\/\/chacrys.com\/de\/","name":"Chacrys","description":"Chacrys","publisher":{"@id":"https:\/\/chacrys.com\/de\/#organization"},"potentialAction":[{"@type":"SearchAction","target":{"@type":"EntryPoint","urlTemplate":"https:\/\/chacrys.com\/de\/?s={search_term_string}"},"query-input":{"@type":"PropertyValueSpecification","valueRequired":true,"valueName":"search_term_string"}}],"inLanguage":"de"},{"@type":"Organization","@id":"https:\/\/chacrys.com\/de\/#organization","name":"Chacrys","url":"https:\/\/chacrys.com\/de\/","logo":{"@type":"ImageObject","inLanguage":"de","@id":"https:\/\/chacrys.com\/de\/#\/schema\/logo\/image\/","url":"https:\/\/chacrys.com\/wp-content\/uploads\/2024\/11\/cropped-FRANJULIA-6.png","contentUrl":"https:\/\/chacrys.com\/wp-content\/uploads\/2024\/11\/cropped-FRANJULIA-6.png","width":512,"height":512,"caption":"Chacrys"},"image":{"@id":"https:\/\/chacrys.com\/de\/#\/schema\/logo\/image\/"},"sameAs":["https:\/\/www.facebook.com\/chacryscrystal","https:\/\/www.instagram.com\/chacrys\/","https:\/\/www.pinterest.com\/chacryscrystalbed\/","https:\/\/www.youtube.com\/@chacrysofficial9667"]}]}},"_links":{"self":[{"href":"https:\/\/chacrys.com\/de\/wp-json\/wp\/v2\/pages\/31247","targetHints":{"allow":["GET"]}}],"collection":[{"href":"https:\/\/chacrys.com\/de\/wp-json\/wp\/v2\/pages"}],"about":[{"href":"https:\/\/chacrys.com\/de\/wp-json\/wp\/v2\/types\/page"}],"author":[{"embeddable":true,"href":"https:\/\/chacrys.com\/de\/wp-json\/wp\/v2\/users\/1"}],"replies":[{"embeddable":true,"href":"https:\/\/chacrys.com\/de\/wp-json\/wp\/v2\/comments?post=31247"}],"version-history":[{"count":2,"href":"https:\/\/chacrys.com\/de\/wp-json\/wp\/v2\/pages\/31247\/revisions"}],"predecessor-version":[{"id":31395,"href":"https:\/\/chacrys.com\/de\/wp-json\/wp\/v2\/pages\/31247\/revisions\/31395"}],"wp:attachment":[{"href":"https:\/\/chacrys.com\/de\/wp-json\/wp\/v2\/media?parent=31247"}],"curies":[{"name":"wp","href":"https:\/\/api.w.org\/{rel}","templated":true}]}}